{"id":299098,"date":"2025-07-21T11:06:01","date_gmt":"2025-07-21T11:06:01","guid":{"rendered":"https:\/\/fashiongold.lt\/papuosalas\/halo-disainiga-ripats-teemantidega-cushion-1-05-ct\/"},"modified":"2025-07-21T11:06:01","modified_gmt":"2025-07-21T11:06:01","slug":"halo-disainiga-ripats-teemantidega-cushion-1-05-ct","status":"publish","type":"product","link":"https:\/\/fashiongold.lt\/et\/papuosalas\/halo-disainiga-ripats-teemantidega-cushion-1-05-ct\/","title":{"rendered":"Halo-disainiga ripats teemantidega &#8211; Cushion (1.05 ct)"},"content":{"rendered":"<p>Meie ehted on valmistatud rangete juveelikvaliteedi standardite kohaselt, tagades iga detaili t\u00e4psuse. Lisatasu eest on v\u00f5imalik valida k\u00f5rgema kvaliteediga teemant, mis on kohandatud vastavalt individuaalsele tellimusele.<\/p>\n<p>&nbsp;<\/p>\n<p><span data-sheets-root=\"1\">\u2022 <a href=\"https:\/\/fashiongold.lt\/et\/patarimai-et\/kulla-proov-ripatsile-kuidas-valida-sobivat\/\" target=\"_blank\" rel=\"noopener\"><strong>V\u00e4\u00e4rismetallid<\/strong><\/a>: 14K (proov 585), 18K (proov 750), plaatina 900<br \/>\n\u2022 <a href=\"https:\/\/fashiongold.lt\/et\/patarimai-et\/ripatsid-ja-kulla-varv-kuidas-valida-valget-punast-voi-kollast-kulda\/\" target=\"_blank\" rel=\"noopener\"><strong>Kullav\u00e4rvi valikud<\/strong><\/a>: valge, punane, kollane<br \/>\n<\/span><span data-sheets-root=\"1\">\u2022 Kulla<a href=\"https:\/\/fashiongold.lt\/et\/patarimai-et\/kuldketid-kvaliteet-kaal-proov-kulla-varvus-ja-pikkus\/\" target=\"_blank\" rel=\"noopener\"><strong>&nbsp;kogukaal<\/strong><\/a>: 2.00 g &#8211; 3.00 g<br \/>\n\u2022 <a href=\"https:\/\/fashiongold.lt\/et\/patarimai-et\/taiuslik-kombinatsioon-teemandiga-ripats-ja-sobiv-keti-pikkus\/\" target=\"_blank\" rel=\"noopener\"><strong>Keti pikkus<\/strong><\/a>: 43-45 cm (reguleeritav)<br \/>\n\u2022 <a href=\"https:\/\/fashiongold.lt\/et\/patarimai-et\/teemantidega-kuldripatsid-miks-mootmed-maaravad-kvaliteedi\/\" target=\"_blank\" rel=\"noopener\"><strong>Ripatsi<\/strong><strong>&nbsp;krooni l\u00e4bim\u00f5\u00f5t<\/strong><\/a>: umbes 5.75 mm<br \/>\n\u2022 <strong><a href=\"https:\/\/fashiongold.lt\/et\/patarimai-et\/teemant-teised-teemandi-kujud\/\" target=\"_blank\" rel=\"noopener\">Teemantide kuju ja lihv<\/a><\/strong>: Padjakujuline (<em>Cushion cut<\/em>)<br \/>\n\u2022 <strong><a href=\"https:\/\/fashiongold.lt\/et\/patarimai-et\/teemant-looduslik-laboris-kasvatatud-voi-kunstlik-kuidas-teha-oige-valik\/\" target=\"_blank\" rel=\"noopener\">Teemantide p\u00e4ritolu<\/a><\/strong>: Laboris kasvatatud teemandid v\u00f5i looduslikud teemandid<br \/>\n\u2022 <a href=\"https:\/\/fashiongold.lt\/et\/patarimai-et\/teemant-mida-peab-teadma-enne-ostmist\/\" target=\"_blank\" rel=\"noopener\"><strong>Teemantide kaal ja omadused<\/strong><\/a> (v\u00f5imalik muuta):<br \/>\nLaboris kasvatatud teemant (IGI sertifikaat): 0.90 ct teemant (v\u00e4rvus D-E, puhtus VVS)<br \/>\nLooduslik teemant (GIA sertifikaat): 0.90 ct teemant (v\u00e4rvus G-I, puhtus SI)<br \/>\nHalo-p\u00e4rjas: umbes 0.15 ct teemandid (v\u00f5imalik muuta)<br \/>\n\u2022 Teemantide kogukaal: 1.05 ct<br \/>\n<strong>M\u00e4rkus<\/strong>: Halo-stiilis ripatsit ostes on v\u00f5imalik \u00fcldise karaatide kaalu h\u00e4lve: 1.03 ct &#8211; 1.07 ct<br \/>\n\u2022 Tasuta <strong><a href=\"https:\/\/fashiongold.lt\/et\/patarimai-et\/kihlasormused-kas-sormust-saab-graveerida-detailid-mis-annavad-teie-kihlasormusele-individuaalsust\/\" target=\"_blank\" rel=\"noopener\">graveerimine<\/a><\/strong><br \/>\n\u2022 <a href=\"https:\/\/fashiongold.lt\/et\/tarne-ja-tagastamine\/\" target=\"_blank\" rel=\"noopener\"><strong>Valmistamis- ja tarneaeg<\/strong><\/a>: umbes 14 t\u00f6\u00f6p\u00e4eva, kiirtellimusena 7 t\u00f6\u00f6p\u00e4eva jooksul.<br \/>\n\u2022 \u00dchekordne tasuta <a href=\"https:\/\/fashiongold.lt\/et\/patarimai-et\/kuldne-kett-tasuta-pikkuse-muutmine-ostes-fashiongold-lt-st\/\" target=\"_blank\" rel=\"noopener\"><strong>keti pikkuse muutmine<\/strong><\/a><br \/>\n<\/span><\/p>\n<p>&nbsp;<\/p>\n<p>Kas teil on oma kuld v\u00f5i v\u00e4\u00e4riskivi? Sellisel juhul on hind madalam \u2013 maksate vaid juveelit\u00f6\u00f6 eest. Kas soovite muuta teemantide v\u00e4rvi, suurust v\u00f5i puhtust? Kohandame k\u00f5ik vastavalt teie soovidele.<br data-start=\"317\" data-end=\"320\" \/><strong><a href=\"https:\/\/fashiongold.lt\/et\/kontaktid\/\" target=\"_blank\" rel=\"noopener\">V\u00f5tke meiega \u00fchendust<\/a><\/strong> \u2013 aitame luua ehte, mis peegeldab teie stiili. <em data-start=\"396\" data-end=\"409\">FashionGold<\/em> \u2013 alates peenest klassikast kuni v\u00e4ljendusrikka luksuseni.<\/p>\n","protected":false},"excerpt":{"rendered":"<div class=\"flex max-w-full flex-col grow\">\n<div class=\"min-h-8 text-message relative flex w-full flex-col items-end gap-2 text-start break-words whitespace-normal [.text-message+&amp;]:mt-5\" dir=\"auto\" data-message-author-role=\"assistant\" data-message-id=\"5c71cca1-97a8-4be4-98f8-ae3b265b8ca4\" data-message-model-slug=\"gpt-4o\">\n<div class=\"flex w-full flex-col gap-1 empty:hidden first:pt-[3px]\">\n<div class=\"markdown prose dark:prose-invert w-full break-words dark\">\n<article class=\"text-token-text-primary w-full\" dir=\"auto\" data-testid=\"conversation-turn-16\" data-scroll-anchor=\"true\">\n<div class=\"text-base my-auto mx-auto py-5 [--thread-content-margin:--spacing(4)] @[37rem]:[--thread-content-margin:--spacing(6)] @[72rem]:[--thread-content-margin:--spacing(16)] px-(--thread-content-margin)\">\n<div class=\"[--thread-content-max-width:32rem] @[34rem]:[--thread-content-max-width:40rem] @[64rem]:[--thread-content-max-width:48rem] mx-auto flex max-w-(--thread-content-max-width) flex-1 text-base gap-4 md:gap-5 lg:gap-6 group\/turn-messages focus-visible:outline-hidden\" tabindex=\"-1\">\n<div class=\"group\/conversation-turn relative flex w-full min-w-0 flex-col agent-turn\">\n<div class=\"relative flex-col gap-1 md:gap-3\">\n<div class=\"flex max-w-full flex-col grow\">\n<div class=\"min-h-8 text-message relative flex w-full flex-col items-end gap-2 text-start break-words whitespace-normal [.text-message+&amp;]:mt-5\" dir=\"auto\" data-message-author-role=\"assistant\" data-message-id=\"6b6bce92-f7da-4b83-b8a2-6a8f5061b6dd\" data-message-model-slug=\"gpt-4o\">\n<div class=\"flex w-full flex-col gap-1 empty:hidden first:pt-[3px]\">\n<div class=\"markdown prose dark:prose-invert w-full break-words dark\">\n<h2 data-start=\"3554\" data-end=\"3621\">Teemantidega Halo ripats \u2013 valguse pehmus nahal<\/h2>\n<p data-start=\"3623\" data-end=\"3899\">Padjakujuline teemant on justkui valguspiisk, mis on raamitud armastuse aureoolis. See teemantidega Halo ripats eristub oma pehme s\u00e4ra ja vormi poolest, mis lisab elegantsust ilma liigse ranguseta. Iga v\u00e4ike kivi keskosa \u00fcmber m\u00f5jub kui kerge valguse puudutus.<\/p>\n<h3 data-start=\"3901\" data-end=\"3965\"><em>Cushion<\/em>-lihviga teemant \u2013 valguse ja rahu s\u00fcmbol.<\/h3>\n<p data-start=\"3967\" data-end=\"4158\">See on ehe, mis k\u00f5neleb pehmelt, kuid v\u00e4ljendusrikkalt. Halo-disain r\u00f5hutab naiselikkust \u2013 habrast, kuid samas tugevat. See ehe kannab s\u00f5numit: t\u00f5eline ilu on vaikne, kuid seda on v\u00f5imatu mitte m\u00e4rgata.<\/p>\n<\/div>\n<\/div>\n<\/div>\n<\/div>\n<\/div>\n<\/div>\n<\/div>\n<\/div>\n<\/article>\n<\/div>\n<\/div>\n<\/div>\n<\/div>\n","protected":false},"featured_media":20129,"template":"","meta":{"site-sidebar-layout":"default","site-content-layout":"","ast-site-content-layout":"default","site-content-style":"default","site-sidebar-style":"default","ast-global-header-display":"","ast-banner-title-visibility":"","ast-main-header-display":"","ast-hfb-above-header-display":"","ast-hfb-below-header-display":"","ast-hfb-mobile-header-display":"","site-post-title":"","ast-breadcrumbs-content":"","ast-featured-img":"","footer-sml-layout":"","ast-disable-related-posts":"","theme-transparent-header-meta":"default","adv-header-id-meta":"","stick-header-meta":"","header-above-stick-meta":"","header-main-stick-meta":"","header-below-stick-meta":"","astra-migrate-meta-layouts":"default","ast-page-background-enabled":"default","ast-page-background-meta":{"desktop":{"background-color":"var(--ast-global-color-4)","background-image":"","background-repeat":"repeat","background-position":"center center","background-size":"auto","background-attachment":"scroll","background-type":"","background-media":"","overlay-type":"","overlay-color":"","overlay-opacity":"","overlay-gradient":""},"tablet":{"background-color":"","background-image":"","background-repeat":"repeat","background-position":"center center","background-size":"auto","background-attachment":"scroll","background-type":"","background-media":"","overlay-type":"","overlay-color":"","overlay-opacity":"","overlay-gradient":""},"mobile":{"background-color":"","background-image":"","background-repeat":"repeat","background-position":"center center","background-size":"auto","background-attachment":"scroll","background-type":"","background-media":"","overlay-type":"","overlay-color":"","overlay-opacity":"","overlay-gradient":""}},"ast-content-background-meta":{"desktop":{"background-color":"var(--ast-global-color-5)","background-image":"","background-repeat":"repeat","background-position":"center center","background-size":"auto","background-attachment":"scroll","background-type":"","background-media":"","overlay-type":"","overlay-color":"","overlay-opacity":"","overlay-gradient":""},"tablet":{"background-color":"var(--ast-global-color-5)","background-image":"","background-repeat":"repeat","background-position":"center center","background-size":"auto","background-attachment":"scroll","background-type":"","background-media":"","overlay-type":"","overlay-color":"","overlay-opacity":"","overlay-gradient":""},"mobile":{"background-color":"var(--ast-global-color-5)","background-image":"","background-repeat":"repeat","background-position":"center center","background-size":"auto","background-attachment":"scroll","background-type":"","background-media":"","overlay-type":"","overlay-color":"","overlay-opacity":"","overlay-gradient":""}}},"product_brand":[],"product_cat":[2984,3396],"product_tag":[],"class_list":{"0":"post-299098","1":"product","2":"type-product","3":"status-publish","4":"has-post-thumbnail","6":"product_cat-ripatsid-teemantidega","7":"product_cat-teemantitega-ketid","8":"desktop-align-center","9":"tablet-align-left","10":"mobile-align-left","11":"ast-product-gallery-layout-horizontal-slider","12":"ast-product-single-variable","13":"ast-product-tabs-layout-accordion","14":"ast-qv-on-image","16":"first","17":"instock","18":"taxable","19":"shipping-taxable","20":"purchasable","21":"product-type-variable"},"yoast_head":"<!-- This site is optimized with the Yoast SEO plugin v26.6 - https:\/\/yoast.com\/wordpress\/plugins\/seo\/ -->\n<title>Halo-disainiga teemantripats - Cushion (1,05 ct)<\/title>\n<meta name=\"description\" content=\"Halo-ripats teemantidega \u2013 padjakujuline valgusevoog, loodud naisele, kes kiirgab loomup\u00e4rast ja elegantset peenust.\" \/>\n<meta name=\"robots\" content=\"index, follow, max-snippet:-1, max-image-preview:large, max-video-preview:-1\" \/>\n<link rel=\"canonical\" href=\"https:\/\/fashiongold.lt\/et\/papuosalas\/halo-disainiga-ripats-teemantidega-cushion-1-05-ct\/\" \/>\n<meta property=\"og:locale\" content=\"et_EE\" \/>\n<meta property=\"og:type\" content=\"article\" \/>\n<meta property=\"og:title\" content=\"Halo-disainiga teemantripats - Cushion (1,05 ct)\" \/>\n<meta property=\"og:description\" content=\"Halo-ripats teemantidega \u2013 padjakujuline valgusevoog, loodud naisele, kes kiirgab loomup\u00e4rast ja elegantset peenust.\" \/>\n<meta property=\"og:url\" content=\"https:\/\/fashiongold.lt\/et\/papuosalas\/halo-disainiga-ripats-teemantidega-cushion-1-05-ct\/\" \/>\n<meta property=\"og:site_name\" content=\"FashionGold.lt\" \/>\n<meta property=\"og:image\" content=\"https:\/\/fashiongold.lt\/wp-content\/uploads\/2025\/06\/TDO-1055-Pakabukas-su-deimantu-ir-halo-CUSHION-DEIMANTAS-1.webp\" \/>\n\t<meta property=\"og:image:width\" content=\"800\" \/>\n\t<meta property=\"og:image:height\" content=\"800\" \/>\n\t<meta property=\"og:image:type\" content=\"image\/jpeg\" \/>\n<meta name=\"twitter:card\" content=\"summary_large_image\" \/>\n<meta name=\"twitter:label1\" content=\"Est. reading time\" \/>\n\t<meta name=\"twitter:data1\" content=\"1 minut\" \/>\n<script type=\"application\/ld+json\" class=\"yoast-schema-graph\">{\"@context\":\"https:\/\/schema.org\",\"@graph\":[{\"@type\":\"WebPage\",\"@id\":\"https:\/\/fashiongold.lt\/et\/papuosalas\/halo-disainiga-ripats-teemantidega-cushion-1-05-ct\/\",\"url\":\"https:\/\/fashiongold.lt\/et\/papuosalas\/halo-disainiga-ripats-teemantidega-cushion-1-05-ct\/\",\"name\":\"Halo-disainiga teemantripats - Cushion (1,05 ct)\",\"isPartOf\":{\"@id\":\"https:\/\/fashiongold.lt\/et\/#website\"},\"primaryImageOfPage\":{\"@id\":\"https:\/\/fashiongold.lt\/et\/papuosalas\/halo-disainiga-ripats-teemantidega-cushion-1-05-ct\/#primaryimage\"},\"image\":{\"@id\":\"https:\/\/fashiongold.lt\/et\/papuosalas\/halo-disainiga-ripats-teemantidega-cushion-1-05-ct\/#primaryimage\"},\"thumbnailUrl\":\"https:\/\/fashiongold.lt\/wp-content\/uploads\/2025\/06\/TDO-1055-Pakabukas-su-deimantu-ir-halo-CUSHION-DEIMANTAS-1.jpg\",\"datePublished\":\"2025-07-21T11:06:01+00:00\",\"description\":\"Halo-ripats teemantidega \u2013 padjakujuline valgusevoog, loodud naisele, kes kiirgab loomup\u00e4rast ja elegantset peenust.\",\"breadcrumb\":{\"@id\":\"https:\/\/fashiongold.lt\/et\/papuosalas\/halo-disainiga-ripats-teemantidega-cushion-1-05-ct\/#breadcrumb\"},\"inLanguage\":\"et\",\"potentialAction\":[{\"@type\":\"ReadAction\",\"target\":[\"https:\/\/fashiongold.lt\/et\/papuosalas\/halo-disainiga-ripats-teemantidega-cushion-1-05-ct\/\"]}]},{\"@type\":\"ImageObject\",\"inLanguage\":\"et\",\"@id\":\"https:\/\/fashiongold.lt\/et\/papuosalas\/halo-disainiga-ripats-teemantidega-cushion-1-05-ct\/#primaryimage\",\"url\":\"https:\/\/fashiongold.lt\/wp-content\/uploads\/2025\/06\/TDO-1055-Pakabukas-su-deimantu-ir-halo-CUSHION-DEIMANTAS-1.jpg\",\"contentUrl\":\"https:\/\/fashiongold.lt\/wp-content\/uploads\/2025\/06\/TDO-1055-Pakabukas-su-deimantu-ir-halo-CUSHION-DEIMANTAS-1.jpg\",\"width\":800,\"height\":800,\"caption\":\"Paka\"},{\"@type\":\"BreadcrumbList\",\"@id\":\"https:\/\/fashiongold.lt\/et\/papuosalas\/halo-disainiga-ripats-teemantidega-cushion-1-05-ct\/#breadcrumb\",\"itemListElement\":[{\"@type\":\"ListItem\",\"position\":1,\"name\":\"Home\",\"item\":\"https:\/\/fashiongold.lt\/et\/\"},{\"@type\":\"ListItem\",\"position\":2,\"name\":\"Teemantide pood Fashiongold.lt\",\"item\":\"https:\/\/fashiongold.lt\/shop-2\/\"},{\"@type\":\"ListItem\",\"position\":3,\"name\":\"Halo-disainiga ripats teemantidega &#8211; Cushion (1.05 ct)\"}]},{\"@type\":\"WebSite\",\"@id\":\"https:\/\/fashiongold.lt\/et\/#website\",\"url\":\"https:\/\/fashiongold.lt\/et\/\",\"name\":\"Fashion Gold\",\"description\":\"Juvelyrikos namai\",\"publisher\":{\"@id\":\"https:\/\/fashiongold.lt\/et\/#organization\"},\"potentialAction\":[{\"@type\":\"SearchAction\",\"target\":{\"@type\":\"EntryPoint\",\"urlTemplate\":\"https:\/\/fashiongold.lt\/et\/?s={search_term_string}\"},\"query-input\":{\"@type\":\"PropertyValueSpecification\",\"valueRequired\":true,\"valueName\":\"search_term_string\"}}],\"inLanguage\":\"et\"},{\"@type\":\"Organization\",\"@id\":\"https:\/\/fashiongold.lt\/et\/#organization\",\"name\":\"Topdiamonds Online\",\"url\":\"https:\/\/fashiongold.lt\/et\/\",\"logo\":{\"@type\":\"ImageObject\",\"inLanguage\":\"et\",\"@id\":\"https:\/\/fashiongold.lt\/et\/#\/schema\/logo\/image\/\",\"url\":\"https:\/\/fashiongold.lt\/wp-content\/uploads\/2025\/04\/cropped-fashion_gold_logotipas2-scaled-1.png\",\"contentUrl\":\"https:\/\/fashiongold.lt\/wp-content\/uploads\/2025\/04\/cropped-fashion_gold_logotipas2-scaled-1.png\",\"width\":2559,\"height\":421,\"caption\":\"Topdiamonds Online\"},\"image\":{\"@id\":\"https:\/\/fashiongold.lt\/et\/#\/schema\/logo\/image\/\"}}]}<\/script>\n<!-- \/ Yoast SEO plugin. -->","yoast_head_json":{"title":"Halo-disainiga teemantripats - Cushion (1,05 ct)","description":"Halo-ripats teemantidega \u2013 padjakujuline valgusevoog, loodud naisele, kes kiirgab loomup\u00e4rast ja elegantset peenust.","robots":{"index":"index","follow":"follow","max-snippet":"max-snippet:-1","max-image-preview":"max-image-preview:large","max-video-preview":"max-video-preview:-1"},"canonical":"https:\/\/fashiongold.lt\/et\/papuosalas\/halo-disainiga-ripats-teemantidega-cushion-1-05-ct\/","og_locale":"et_EE","og_type":"article","og_title":"Halo-disainiga teemantripats - Cushion (1,05 ct)","og_description":"Halo-ripats teemantidega \u2013 padjakujuline valgusevoog, loodud naisele, kes kiirgab loomup\u00e4rast ja elegantset peenust.","og_url":"https:\/\/fashiongold.lt\/et\/papuosalas\/halo-disainiga-ripats-teemantidega-cushion-1-05-ct\/","og_site_name":"FashionGold.lt","og_image":[{"width":800,"height":800,"url":"https:\/\/fashiongold.lt\/wp-content\/uploads\/2025\/06\/TDO-1055-Pakabukas-su-deimantu-ir-halo-CUSHION-DEIMANTAS-1.webp","type":"image\/jpeg"}],"twitter_card":"summary_large_image","twitter_misc":{"Est. reading time":"1 minut"},"schema":{"@context":"https:\/\/schema.org","@graph":[{"@type":"WebPage","@id":"https:\/\/fashiongold.lt\/et\/papuosalas\/halo-disainiga-ripats-teemantidega-cushion-1-05-ct\/","url":"https:\/\/fashiongold.lt\/et\/papuosalas\/halo-disainiga-ripats-teemantidega-cushion-1-05-ct\/","name":"Halo-disainiga teemantripats - Cushion (1,05 ct)","isPartOf":{"@id":"https:\/\/fashiongold.lt\/et\/#website"},"primaryImageOfPage":{"@id":"https:\/\/fashiongold.lt\/et\/papuosalas\/halo-disainiga-ripats-teemantidega-cushion-1-05-ct\/#primaryimage"},"image":{"@id":"https:\/\/fashiongold.lt\/et\/papuosalas\/halo-disainiga-ripats-teemantidega-cushion-1-05-ct\/#primaryimage"},"thumbnailUrl":"https:\/\/fashiongold.lt\/wp-content\/uploads\/2025\/06\/TDO-1055-Pakabukas-su-deimantu-ir-halo-CUSHION-DEIMANTAS-1.jpg","datePublished":"2025-07-21T11:06:01+00:00","description":"Halo-ripats teemantidega \u2013 padjakujuline valgusevoog, loodud naisele, kes kiirgab loomup\u00e4rast ja elegantset peenust.","breadcrumb":{"@id":"https:\/\/fashiongold.lt\/et\/papuosalas\/halo-disainiga-ripats-teemantidega-cushion-1-05-ct\/#breadcrumb"},"inLanguage":"et","potentialAction":[{"@type":"ReadAction","target":["https:\/\/fashiongold.lt\/et\/papuosalas\/halo-disainiga-ripats-teemantidega-cushion-1-05-ct\/"]}]},{"@type":"ImageObject","inLanguage":"et","@id":"https:\/\/fashiongold.lt\/et\/papuosalas\/halo-disainiga-ripats-teemantidega-cushion-1-05-ct\/#primaryimage","url":"https:\/\/fashiongold.lt\/wp-content\/uploads\/2025\/06\/TDO-1055-Pakabukas-su-deimantu-ir-halo-CUSHION-DEIMANTAS-1.jpg","contentUrl":"https:\/\/fashiongold.lt\/wp-content\/uploads\/2025\/06\/TDO-1055-Pakabukas-su-deimantu-ir-halo-CUSHION-DEIMANTAS-1.jpg","width":800,"height":800,"caption":"Paka"},{"@type":"BreadcrumbList","@id":"https:\/\/fashiongold.lt\/et\/papuosalas\/halo-disainiga-ripats-teemantidega-cushion-1-05-ct\/#breadcrumb","itemListElement":[{"@type":"ListItem","position":1,"name":"Home","item":"https:\/\/fashiongold.lt\/et\/"},{"@type":"ListItem","position":2,"name":"Teemantide pood Fashiongold.lt","item":"https:\/\/fashiongold.lt\/shop-2\/"},{"@type":"ListItem","position":3,"name":"Halo-disainiga ripats teemantidega &#8211; Cushion (1.05 ct)"}]},{"@type":"WebSite","@id":"https:\/\/fashiongold.lt\/et\/#website","url":"https:\/\/fashiongold.lt\/et\/","name":"Fashion Gold","description":"Juvelyrikos namai","publisher":{"@id":"https:\/\/fashiongold.lt\/et\/#organization"},"potentialAction":[{"@type":"SearchAction","target":{"@type":"EntryPoint","urlTemplate":"https:\/\/fashiongold.lt\/et\/?s={search_term_string}"},"query-input":{"@type":"PropertyValueSpecification","valueRequired":true,"valueName":"search_term_string"}}],"inLanguage":"et"},{"@type":"Organization","@id":"https:\/\/fashiongold.lt\/et\/#organization","name":"Topdiamonds Online","url":"https:\/\/fashiongold.lt\/et\/","logo":{"@type":"ImageObject","inLanguage":"et","@id":"https:\/\/fashiongold.lt\/et\/#\/schema\/logo\/image\/","url":"https:\/\/fashiongold.lt\/wp-content\/uploads\/2025\/04\/cropped-fashion_gold_logotipas2-scaled-1.png","contentUrl":"https:\/\/fashiongold.lt\/wp-content\/uploads\/2025\/04\/cropped-fashion_gold_logotipas2-scaled-1.png","width":2559,"height":421,"caption":"Topdiamonds Online"},"image":{"@id":"https:\/\/fashiongold.lt\/et\/#\/schema\/logo\/image\/"}}]}},"_links":{"self":[{"href":"https:\/\/fashiongold.lt\/et\/wp-json\/wp\/v2\/product\/299098","targetHints":{"allow":["GET"]}}],"collection":[{"href":"https:\/\/fashiongold.lt\/et\/wp-json\/wp\/v2\/product"}],"about":[{"href":"https:\/\/fashiongold.lt\/et\/wp-json\/wp\/v2\/types\/product"}],"version-history":[{"count":0,"href":"https:\/\/fashiongold.lt\/et\/wp-json\/wp\/v2\/product\/299098\/revisions"}],"wp:featuredmedia":[{"embeddable":true,"href":"https:\/\/fashiongold.lt\/et\/wp-json\/wp\/v2\/media\/20129"}],"wp:attachment":[{"href":"https:\/\/fashiongold.lt\/et\/wp-json\/wp\/v2\/media?parent=299098"}],"wp:term":[{"taxonomy":"product_brand","embeddable":true,"href":"https:\/\/fashiongold.lt\/et\/wp-json\/wp\/v2\/product_brand?post=299098"},{"taxonomy":"product_cat","embeddable":true,"href":"https:\/\/fashiongold.lt\/et\/wp-json\/wp\/v2\/product_cat?post=299098"},{"taxonomy":"product_tag","embeddable":true,"href":"https:\/\/fashiongold.lt\/et\/wp-json\/wp\/v2\/product_tag?post=299098"}],"curies":[{"name":"wp","href":"https:\/\/api.w.org\/{rel}","templated":true}]}}