{"id":299168,"date":"2025-07-15T15:05:39","date_gmt":"2025-07-15T15:05:39","guid":{"rendered":"https:\/\/fashiongold.lt\/papuosalas\/teemandiga-ripats-emerald-3-00-ct\/"},"modified":"2025-07-15T15:05:39","modified_gmt":"2025-07-15T15:05:39","slug":"teemandiga-ripats-emerald-3-00-ct","status":"publish","type":"product","link":"https:\/\/fashiongold.lt\/et\/papuosalas\/teemandiga-ripats-emerald-3-00-ct\/","title":{"rendered":"Teemandiga ripats &#8211; Emerald (3.00 ct)"},"content":{"rendered":"<p><span data-sheets-root=\"1\">Valmistatud k\u00f5rgeimate juveelitootmise standardite kohaselt. Ripatsit saab valmistada eritellimusel: lisatasu eest k\u00f5rgema kvaliteediga teemandiga.<\/span><\/p>\n<p><span data-sheets-root=\"1\"><br \/>\n\u2022 <strong><a href=\"https:\/\/fashiongold.lt\/et\/patarimai-et\/kulla-proov-ripatsile-kuidas-valida-sobivat\/\" target=\"_blank\" rel=\"noopener\">Ripatsi metall<\/a><\/strong>: 14K (proov 585), 18K (proov 750), 900 plaatina<br \/>\n\u2022 <a href=\"https:\/\/fashiongold.lt\/et\/patarimai-et\/ripatsid-ja-kulla-varv-kuidas-valida-valget-punast-voi-kollast-kulda\/\" target=\"_blank\" rel=\"noopener\"><strong>Ripatsi kulla v\u00e4rv<\/strong><\/a>: valge, punane, kollane<br \/>\n<\/span><span data-sheets-root=\"1\">\u2022 <a href=\"https:\/\/fashiongold.lt\/et\/patarimai-et\/kuldketid-kvaliteet-kaal-proov-kulla-varvus-ja-pikkus\/\" target=\"_blank\" rel=\"noopener\"><strong>Ripatsi kulla kaal<\/strong><\/a>: u 2,00 g &#8211; 3,00 g<br \/>\n\u2022 <a href=\"https:\/\/fashiongold.lt\/et\/patarimai-et\/teemantidega-kuldripatsid-miks-mootmed-maaravad-kvaliteedi\/\" target=\"_blank\" rel=\"noopener\"><strong>Ripatsi krooni laius<\/strong><\/a>: u 9,3 mm x 7,5 mm<br \/>\n\u2022 <a href=\"https:\/\/fashiongold.lt\/et\/patarimai-et\/taiuslik-kombinatsioon-teemandiga-ripats-ja-sobiv-keti-pikkus\/\" target=\"_blank\" rel=\"noopener\"><strong>Keti pikkus<\/strong><\/a>: 43-45 cm (reguleeritav)<br \/>\n\u2022 <a href=\"https:\/\/fashiongold.lt\/et\/patarimai-et\/teemant-teised-teemandi-kujud\/\" target=\"_blank\" rel=\"noopener\"><strong>Teemandi kuju<\/strong><\/a>: Ristk\u00fclikukujuline (<em>Emerald cut<\/em>)<br \/>\n<\/span><span data-sheets-root=\"1\">\u2022 <a href=\"https:\/\/fashiongold.lt\/et\/patarimai-et\/teemant-looduslik-laboris-kasvatatud-voi-kunstlik-kuidas-teha-oige-valik\/\" target=\"_blank\" rel=\"noopener\"><strong>Teemandi t\u00fc\u00fcp<\/strong><\/a>: Laboris kasvatatud teemandid v\u00f5i looduslikud teemandid<br \/>\n\u2022 <a href=\"https:\/\/fashiongold.lt\/et\/patarimai-et\/teemant-kuidas-hinnatakse-koige-vaartuslikuma-vaariskivi-luksust\/\" target=\"_blank\" rel=\"noopener\"><strong>Teemandi kaal ja omadused<\/strong><\/a> (saab muuta):<br \/>\nLaboris kasvatatud teemant: 3,00 ct teemant (v\u00e4rv D-E, puhtus VVS), IGI sertifikaat<br \/>\nLooduslik teemant: 3,00 ct teemant (v\u00e4rv G-I, puhtus SI), GIA sertifikaat<br \/>\n<\/span><span data-sheets-root=\"1\">\u2022 <strong><a href=\"https:\/\/fashiongold.lt\/et\/patarimai-et\/kihlasormused-kas-sormust-saab-graveerida-detailid-mis-annavad-teie-kihlasormusele-individuaalsust\/\" target=\"_blank\" rel=\"noopener\">Graveerimine<\/a><\/strong> tasuta<br \/>\n\u2022 <strong><a href=\"https:\/\/fashiongold.lt\/et\/tarne-ja-tagastamine\/\" target=\"_blank\" rel=\"noopener\">Valmistamis- ja tarneaeg<\/a><\/strong>: u 14 t\u00f6\u00f6p\u00e4eva, kiirtellimusena 7 t\u00f6\u00f6p\u00e4eva jooksul.<br \/>\n\u2022 \u00dchekordne tasuta <strong><a href=\"https:\/\/fashiongold.lt\/et\/patarimai-et\/kuldne-kett-tasuta-pikkuse-muutmine-ostes-fashiongold-lt-st\/\" target=\"_blank\" rel=\"noopener\">keti pikkuse muutmise garantii<\/a><\/strong><\/span><\/p>\n<p><span data-sheets-root=\"1\"><br \/>\nKas teil on oma v\u00e4\u00e4riskivi v\u00f5i kuld? Arvutame hinna \u00fcmber ja maksate ainult ripatsi valmistamise eest. V\u00f5i soovite muuta teemandi omadusi vastavalt oma soovidele? <strong><a href=\"https:\/\/fashiongold.lt\/et\/kontaktid\/\" target=\"_blank\" rel=\"noopener\">V\u00f5tke \u00fchendust<\/a><\/strong>!<br \/>\nAvastage lai valik teemantidega ehteid, mis sobivad igale maitsele ja eelarvele. Loo ja personaliseeri oma ehe koos <a href=\"https:\/\/fashiongold.lt\/et\/\" target=\"_blank\" rel=\"noopener\">FashionGold.lt<\/a>-ga.<\/span><\/p>\n","protected":false},"excerpt":{"rendered":"<div class=\"flex max-w-full flex-col grow\">\n<div class=\"min-h-8 text-message relative flex w-full flex-col items-end gap-2 text-start break-words whitespace-normal [.text-message+&amp;]:mt-5\" dir=\"auto\" data-message-author-role=\"assistant\" data-message-id=\"5c71cca1-97a8-4be4-98f8-ae3b265b8ca4\" data-message-model-slug=\"gpt-4o\">\n<div class=\"flex w-full flex-col gap-1 empty:hidden first:pt-[3px]\">\n<div class=\"markdown prose dark:prose-invert w-full break-words dark\">\n<article class=\"text-token-text-primary w-full\" dir=\"auto\" data-testid=\"conversation-turn-16\" data-scroll-anchor=\"true\">\n<div class=\"text-base my-auto mx-auto py-5 [--thread-content-margin:--spacing(4)] @[37rem]:[--thread-content-margin:--spacing(6)] @[72rem]:[--thread-content-margin:--spacing(16)] px-(--thread-content-margin)\">\n<div class=\"[--thread-content-max-width:32rem] @[34rem]:[--thread-content-max-width:40rem] @[64rem]:[--thread-content-max-width:48rem] mx-auto flex max-w-(--thread-content-max-width) flex-1 text-base gap-4 md:gap-5 lg:gap-6 group\/turn-messages focus-visible:outline-hidden\" tabindex=\"-1\">\n<div class=\"group\/conversation-turn relative flex w-full min-w-0 flex-col agent-turn\">\n<div class=\"relative flex-col gap-1 md:gap-3\">\n<div class=\"flex max-w-full flex-col grow\">\n<div class=\"min-h-8 text-message relative flex w-full flex-col items-end gap-2 text-start break-words whitespace-normal [.text-message+&amp;]:mt-5\" dir=\"auto\" data-message-author-role=\"assistant\" data-message-id=\"6b6bce92-f7da-4b83-b8a2-6a8f5061b6dd\" data-message-model-slug=\"gpt-4o\">\n<div class=\"flex w-full flex-col gap-1 empty:hidden first:pt-[3px]\">\n<div class=\"markdown prose dark:prose-invert w-full break-words dark\">\n<h2 data-start=\"3965\" data-end=\"4434\">3,00 ct teemantripats \u2013 ainulaadne puudutus ja kestev v\u00e4\u00e4rtus<\/h2>\n<p data-start=\"3965\" data-end=\"4434\">See teemantripats (3,00 ct) on midagi enamat kui lihtsalt ehe \u2013 see on v\u00e4\u00e4rtuse ja isikup\u00e4ra manifest. <em>Emeraldi<\/em> lihviga v\u00e4\u00e4riskivi s\u00e4rab nagu valguse struktuur, mis p\u00fc\u00fcab kinni rahu. Ristk\u00fclikukujuline teemant n\u00e4ib arhitektuurselt t\u00e4pne \u2013 selle ilu on m\u00f5\u00f5detud, kuid mitte k\u00fclm. See on teemantripats, mis s\u00fcmboliseerib k\u00fcpsust, tarka investeeringut ja ilu, millel on oma lugu.<\/p>\n<h3 data-start=\"4436\" data-end=\"4628\">Erakordne valguse arhitektuur<\/h3>\n<p data-start=\"4436\" data-end=\"4628\"><em>Emeraldi<\/em> lihviga teemant peegeldab vaikset s\u00e4ra, mis ei h\u00e4\u00e4bu kunagi. See on teemantripats, kus kohtuvad ilu, m\u00f5istus ja aeg.<\/p>\n<\/div>\n<\/div>\n<\/div>\n<\/div>\n<\/div>\n<\/div>\n<\/div>\n<\/div>\n<\/article>\n<\/div>\n<\/div>\n<\/div>\n<\/div>\n","protected":false},"featured_media":26507,"template":"","meta":{"site-sidebar-layout":"default","site-content-layout":"","ast-site-content-layout":"default","site-content-style":"default","site-sidebar-style":"default","ast-global-header-display":"","ast-banner-title-visibility":"","ast-main-header-display":"","ast-hfb-above-header-display":"","ast-hfb-below-header-display":"","ast-hfb-mobile-header-display":"","site-post-title":"","ast-breadcrumbs-content":"","ast-featured-img":"","footer-sml-layout":"","ast-disable-related-posts":"","theme-transparent-header-meta":"default","adv-header-id-meta":"","stick-header-meta":"","header-above-stick-meta":"","header-main-stick-meta":"","header-below-stick-meta":"","astra-migrate-meta-layouts":"default","ast-page-background-enabled":"default","ast-page-background-meta":{"desktop":{"background-color":"var(--ast-global-color-4)","background-image":"","background-repeat":"repeat","background-position":"center center","background-size":"auto","background-attachment":"scroll","background-type":"","background-media":"","overlay-type":"","overlay-color":"","overlay-opacity":"","overlay-gradient":""},"tablet":{"background-color":"","background-image":"","background-repeat":"repeat","background-position":"center center","background-size":"auto","background-attachment":"scroll","background-type":"","background-media":"","overlay-type":"","overlay-color":"","overlay-opacity":"","overlay-gradient":""},"mobile":{"background-color":"","background-image":"","background-repeat":"repeat","background-position":"center center","background-size":"auto","background-attachment":"scroll","background-type":"","background-media":"","overlay-type":"","overlay-color":"","overlay-opacity":"","overlay-gradient":""}},"ast-content-background-meta":{"desktop":{"background-color":"var(--ast-global-color-5)","background-image":"","background-repeat":"repeat","background-position":"center center","background-size":"auto","background-attachment":"scroll","background-type":"","background-media":"","overlay-type":"","overlay-color":"","overlay-opacity":"","overlay-gradient":""},"tablet":{"background-color":"var(--ast-global-color-5)","background-image":"","background-repeat":"repeat","background-position":"center center","background-size":"auto","background-attachment":"scroll","background-type":"","background-media":"","overlay-type":"","overlay-color":"","overlay-opacity":"","overlay-gradient":""},"mobile":{"background-color":"var(--ast-global-color-5)","background-image":"","background-repeat":"repeat","background-position":"center center","background-size":"auto","background-attachment":"scroll","background-type":"","background-media":"","overlay-type":"","overlay-color":"","overlay-opacity":"","overlay-gradient":""}}},"product_brand":[],"product_cat":[2984,3396],"product_tag":[],"class_list":{"0":"post-299168","1":"product","2":"type-product","3":"status-publish","4":"has-post-thumbnail","6":"product_cat-ripatsid-teemantidega","7":"product_cat-teemantitega-ketid","8":"desktop-align-center","9":"tablet-align-left","10":"mobile-align-left","11":"ast-product-gallery-layout-horizontal-slider","12":"ast-product-single-variable","13":"ast-product-tabs-layout-accordion","14":"ast-qv-on-image","16":"first","17":"instock","18":"taxable","19":"shipping-taxable","20":"purchasable","21":"product-type-variable"},"yoast_head":"<!-- This site is optimized with the Yoast SEO plugin v26.6 - https:\/\/yoast.com\/wordpress\/plugins\/seo\/ -->\n<title>Ripats teemandiga - Emerald (3.00 ct)<\/title>\n<meta name=\"description\" content=\"3.00 ct teemantripats \u2013 smaragdl\u00f5ike luksus, kestev v\u00e4\u00e4rtus ja rahulik elegants naisele, kes valib s\u00fcgavuse.\" \/>\n<meta name=\"robots\" content=\"index, follow, max-snippet:-1, max-image-preview:large, max-video-preview:-1\" \/>\n<link rel=\"canonical\" href=\"https:\/\/fashiongold.lt\/et\/papuosalas\/teemandiga-ripats-emerald-3-00-ct\/\" \/>\n<meta property=\"og:locale\" content=\"et_EE\" \/>\n<meta property=\"og:type\" content=\"article\" \/>\n<meta property=\"og:title\" content=\"Ripats teemandiga - Emerald (3.00 ct)\" \/>\n<meta property=\"og:description\" content=\"3.00 ct teemantripats \u2013 smaragdl\u00f5ike luksus, kestev v\u00e4\u00e4rtus ja rahulik elegants naisele, kes valib s\u00fcgavuse.\" \/>\n<meta property=\"og:url\" content=\"https:\/\/fashiongold.lt\/et\/papuosalas\/teemandiga-ripats-emerald-3-00-ct\/\" \/>\n<meta property=\"og:site_name\" content=\"FashionGold.lt\" \/>\n<meta property=\"og:image\" content=\"https:\/\/fashiongold.lt\/wp-content\/uploads\/2025\/07\/Klasikinis-pakabukas-su-deimantu-EMERALD-DEIMANTAS-2.webp\" \/>\n\t<meta property=\"og:image:width\" content=\"800\" \/>\n\t<meta property=\"og:image:height\" content=\"800\" \/>\n\t<meta property=\"og:image:type\" content=\"image\/jpeg\" \/>\n<meta name=\"twitter:card\" content=\"summary_large_image\" \/>\n<meta name=\"twitter:label1\" content=\"Est. reading time\" \/>\n\t<meta name=\"twitter:data1\" content=\"1 minut\" \/>\n<script type=\"application\/ld+json\" class=\"yoast-schema-graph\">{\"@context\":\"https:\/\/schema.org\",\"@graph\":[{\"@type\":\"WebPage\",\"@id\":\"https:\/\/fashiongold.lt\/et\/papuosalas\/teemandiga-ripats-emerald-3-00-ct\/\",\"url\":\"https:\/\/fashiongold.lt\/et\/papuosalas\/teemandiga-ripats-emerald-3-00-ct\/\",\"name\":\"Ripats teemandiga - Emerald (3.00 ct)\",\"isPartOf\":{\"@id\":\"https:\/\/fashiongold.lt\/et\/#website\"},\"primaryImageOfPage\":{\"@id\":\"https:\/\/fashiongold.lt\/et\/papuosalas\/teemandiga-ripats-emerald-3-00-ct\/#primaryimage\"},\"image\":{\"@id\":\"https:\/\/fashiongold.lt\/et\/papuosalas\/teemandiga-ripats-emerald-3-00-ct\/#primaryimage\"},\"thumbnailUrl\":\"https:\/\/fashiongold.lt\/wp-content\/uploads\/2025\/07\/Klasikinis-pakabukas-su-deimantu-EMERALD-DEIMANTAS-2.jpg\",\"datePublished\":\"2025-07-15T15:05:39+00:00\",\"description\":\"3.00 ct teemantripats \u2013 smaragdl\u00f5ike luksus, kestev v\u00e4\u00e4rtus ja rahulik elegants naisele, kes valib s\u00fcgavuse.\",\"breadcrumb\":{\"@id\":\"https:\/\/fashiongold.lt\/et\/papuosalas\/teemandiga-ripats-emerald-3-00-ct\/#breadcrumb\"},\"inLanguage\":\"et\",\"potentialAction\":[{\"@type\":\"ReadAction\",\"target\":[\"https:\/\/fashiongold.lt\/et\/papuosalas\/teemandiga-ripats-emerald-3-00-ct\/\"]}]},{\"@type\":\"ImageObject\",\"inLanguage\":\"et\",\"@id\":\"https:\/\/fashiongold.lt\/et\/papuosalas\/teemandiga-ripats-emerald-3-00-ct\/#primaryimage\",\"url\":\"https:\/\/fashiongold.lt\/wp-content\/uploads\/2025\/07\/Klasikinis-pakabukas-su-deimantu-EMERALD-DEIMANTAS-2.jpg\",\"contentUrl\":\"https:\/\/fashiongold.lt\/wp-content\/uploads\/2025\/07\/Klasikinis-pakabukas-su-deimantu-EMERALD-DEIMANTAS-2.jpg\",\"width\":800,\"height\":800,\"caption\":\"Klasikinis pakabukas su sta\u010diakampio formos deimantu i\u0161 balto aukso\"},{\"@type\":\"BreadcrumbList\",\"@id\":\"https:\/\/fashiongold.lt\/et\/papuosalas\/teemandiga-ripats-emerald-3-00-ct\/#breadcrumb\",\"itemListElement\":[{\"@type\":\"ListItem\",\"position\":1,\"name\":\"Home\",\"item\":\"https:\/\/fashiongold.lt\/et\/\"},{\"@type\":\"ListItem\",\"position\":2,\"name\":\"Teemantide pood Fashiongold.lt\",\"item\":\"https:\/\/fashiongold.lt\/shop-2\/\"},{\"@type\":\"ListItem\",\"position\":3,\"name\":\"Teemandiga ripats &#8211; Emerald (3.00 ct)\"}]},{\"@type\":\"WebSite\",\"@id\":\"https:\/\/fashiongold.lt\/et\/#website\",\"url\":\"https:\/\/fashiongold.lt\/et\/\",\"name\":\"Fashion Gold\",\"description\":\"Juvelyrikos namai\",\"publisher\":{\"@id\":\"https:\/\/fashiongold.lt\/et\/#organization\"},\"potentialAction\":[{\"@type\":\"SearchAction\",\"target\":{\"@type\":\"EntryPoint\",\"urlTemplate\":\"https:\/\/fashiongold.lt\/et\/?s={search_term_string}\"},\"query-input\":{\"@type\":\"PropertyValueSpecification\",\"valueRequired\":true,\"valueName\":\"search_term_string\"}}],\"inLanguage\":\"et\"},{\"@type\":\"Organization\",\"@id\":\"https:\/\/fashiongold.lt\/et\/#organization\",\"name\":\"Topdiamonds Online\",\"url\":\"https:\/\/fashiongold.lt\/et\/\",\"logo\":{\"@type\":\"ImageObject\",\"inLanguage\":\"et\",\"@id\":\"https:\/\/fashiongold.lt\/et\/#\/schema\/logo\/image\/\",\"url\":\"https:\/\/fashiongold.lt\/wp-content\/uploads\/2025\/04\/cropped-fashion_gold_logotipas2-scaled-1.png\",\"contentUrl\":\"https:\/\/fashiongold.lt\/wp-content\/uploads\/2025\/04\/cropped-fashion_gold_logotipas2-scaled-1.png\",\"width\":2559,\"height\":421,\"caption\":\"Topdiamonds Online\"},\"image\":{\"@id\":\"https:\/\/fashiongold.lt\/et\/#\/schema\/logo\/image\/\"}}]}<\/script>\n<!-- \/ Yoast SEO plugin. -->","yoast_head_json":{"title":"Ripats teemandiga - Emerald (3.00 ct)","description":"3.00 ct teemantripats \u2013 smaragdl\u00f5ike luksus, kestev v\u00e4\u00e4rtus ja rahulik elegants naisele, kes valib s\u00fcgavuse.","robots":{"index":"index","follow":"follow","max-snippet":"max-snippet:-1","max-image-preview":"max-image-preview:large","max-video-preview":"max-video-preview:-1"},"canonical":"https:\/\/fashiongold.lt\/et\/papuosalas\/teemandiga-ripats-emerald-3-00-ct\/","og_locale":"et_EE","og_type":"article","og_title":"Ripats teemandiga - Emerald (3.00 ct)","og_description":"3.00 ct teemantripats \u2013 smaragdl\u00f5ike luksus, kestev v\u00e4\u00e4rtus ja rahulik elegants naisele, kes valib s\u00fcgavuse.","og_url":"https:\/\/fashiongold.lt\/et\/papuosalas\/teemandiga-ripats-emerald-3-00-ct\/","og_site_name":"FashionGold.lt","og_image":[{"width":800,"height":800,"url":"https:\/\/fashiongold.lt\/wp-content\/uploads\/2025\/07\/Klasikinis-pakabukas-su-deimantu-EMERALD-DEIMANTAS-2.webp","type":"image\/jpeg"}],"twitter_card":"summary_large_image","twitter_misc":{"Est. reading time":"1 minut"},"schema":{"@context":"https:\/\/schema.org","@graph":[{"@type":"WebPage","@id":"https:\/\/fashiongold.lt\/et\/papuosalas\/teemandiga-ripats-emerald-3-00-ct\/","url":"https:\/\/fashiongold.lt\/et\/papuosalas\/teemandiga-ripats-emerald-3-00-ct\/","name":"Ripats teemandiga - Emerald (3.00 ct)","isPartOf":{"@id":"https:\/\/fashiongold.lt\/et\/#website"},"primaryImageOfPage":{"@id":"https:\/\/fashiongold.lt\/et\/papuosalas\/teemandiga-ripats-emerald-3-00-ct\/#primaryimage"},"image":{"@id":"https:\/\/fashiongold.lt\/et\/papuosalas\/teemandiga-ripats-emerald-3-00-ct\/#primaryimage"},"thumbnailUrl":"https:\/\/fashiongold.lt\/wp-content\/uploads\/2025\/07\/Klasikinis-pakabukas-su-deimantu-EMERALD-DEIMANTAS-2.jpg","datePublished":"2025-07-15T15:05:39+00:00","description":"3.00 ct teemantripats \u2013 smaragdl\u00f5ike luksus, kestev v\u00e4\u00e4rtus ja rahulik elegants naisele, kes valib s\u00fcgavuse.","breadcrumb":{"@id":"https:\/\/fashiongold.lt\/et\/papuosalas\/teemandiga-ripats-emerald-3-00-ct\/#breadcrumb"},"inLanguage":"et","potentialAction":[{"@type":"ReadAction","target":["https:\/\/fashiongold.lt\/et\/papuosalas\/teemandiga-ripats-emerald-3-00-ct\/"]}]},{"@type":"ImageObject","inLanguage":"et","@id":"https:\/\/fashiongold.lt\/et\/papuosalas\/teemandiga-ripats-emerald-3-00-ct\/#primaryimage","url":"https:\/\/fashiongold.lt\/wp-content\/uploads\/2025\/07\/Klasikinis-pakabukas-su-deimantu-EMERALD-DEIMANTAS-2.jpg","contentUrl":"https:\/\/fashiongold.lt\/wp-content\/uploads\/2025\/07\/Klasikinis-pakabukas-su-deimantu-EMERALD-DEIMANTAS-2.jpg","width":800,"height":800,"caption":"Klasikinis pakabukas su sta\u010diakampio formos deimantu i\u0161 balto aukso"},{"@type":"BreadcrumbList","@id":"https:\/\/fashiongold.lt\/et\/papuosalas\/teemandiga-ripats-emerald-3-00-ct\/#breadcrumb","itemListElement":[{"@type":"ListItem","position":1,"name":"Home","item":"https:\/\/fashiongold.lt\/et\/"},{"@type":"ListItem","position":2,"name":"Teemantide pood Fashiongold.lt","item":"https:\/\/fashiongold.lt\/shop-2\/"},{"@type":"ListItem","position":3,"name":"Teemandiga ripats &#8211; Emerald (3.00 ct)"}]},{"@type":"WebSite","@id":"https:\/\/fashiongold.lt\/et\/#website","url":"https:\/\/fashiongold.lt\/et\/","name":"Fashion Gold","description":"Juvelyrikos namai","publisher":{"@id":"https:\/\/fashiongold.lt\/et\/#organization"},"potentialAction":[{"@type":"SearchAction","target":{"@type":"EntryPoint","urlTemplate":"https:\/\/fashiongold.lt\/et\/?s={search_term_string}"},"query-input":{"@type":"PropertyValueSpecification","valueRequired":true,"valueName":"search_term_string"}}],"inLanguage":"et"},{"@type":"Organization","@id":"https:\/\/fashiongold.lt\/et\/#organization","name":"Topdiamonds Online","url":"https:\/\/fashiongold.lt\/et\/","logo":{"@type":"ImageObject","inLanguage":"et","@id":"https:\/\/fashiongold.lt\/et\/#\/schema\/logo\/image\/","url":"https:\/\/fashiongold.lt\/wp-content\/uploads\/2025\/04\/cropped-fashion_gold_logotipas2-scaled-1.png","contentUrl":"https:\/\/fashiongold.lt\/wp-content\/uploads\/2025\/04\/cropped-fashion_gold_logotipas2-scaled-1.png","width":2559,"height":421,"caption":"Topdiamonds Online"},"image":{"@id":"https:\/\/fashiongold.lt\/et\/#\/schema\/logo\/image\/"}}]}},"_links":{"self":[{"href":"https:\/\/fashiongold.lt\/et\/wp-json\/wp\/v2\/product\/299168","targetHints":{"allow":["GET"]}}],"collection":[{"href":"https:\/\/fashiongold.lt\/et\/wp-json\/wp\/v2\/product"}],"about":[{"href":"https:\/\/fashiongold.lt\/et\/wp-json\/wp\/v2\/types\/product"}],"version-history":[{"count":0,"href":"https:\/\/fashiongold.lt\/et\/wp-json\/wp\/v2\/product\/299168\/revisions"}],"wp:featuredmedia":[{"embeddable":true,"href":"https:\/\/fashiongold.lt\/et\/wp-json\/wp\/v2\/media\/26507"}],"wp:attachment":[{"href":"https:\/\/fashiongold.lt\/et\/wp-json\/wp\/v2\/media?parent=299168"}],"wp:term":[{"taxonomy":"product_brand","embeddable":true,"href":"https:\/\/fashiongold.lt\/et\/wp-json\/wp\/v2\/product_brand?post=299168"},{"taxonomy":"product_cat","embeddable":true,"href":"https:\/\/fashiongold.lt\/et\/wp-json\/wp\/v2\/product_cat?post=299168"},{"taxonomy":"product_tag","embeddable":true,"href":"https:\/\/fashiongold.lt\/et\/wp-json\/wp\/v2\/product_tag?post=299168"}],"curies":[{"name":"wp","href":"https:\/\/api.w.org\/{rel}","templated":true}]}}