{"id":681664,"date":"2026-03-13T09:54:19","date_gmt":"2026-03-13T09:54:19","guid":{"rendered":"https:\/\/fashiongold.lt\/?post_type=product&#038;p=681664"},"modified":"2026-03-13T09:57:52","modified_gmt":"2026-03-13T09:57:52","slug":"individualus-uzsakymas-justinas","status":"publish","type":"product","link":"https:\/\/fashiongold.lt\/et\/papuosalas\/individualus-uzsakymas-justinas\/","title":{"rendered":"Individualus u\u017esakymas Justinas"},"content":{"rendered":"<p data-start=\"0\" data-end=\"75\"><strong data-start=\"0\" data-end=\"75\">Halo dizaino su\u017ead\u0117tuvi\u0173 \u017eiedas su akvamarinu ir nat\u016braliais deimantais<\/strong><\/p>\n<p data-start=\"77\" data-end=\"340\">Eleganti\u0161kas ir \u0161iuolaiki\u0161kas dizainas, kuriame subtili prabanga susilieja su moderniu stiliumi. Halo tipo kompozicija i\u0161ry\u0161kina centrin\u012f akmen\u012f, o aplink j\u012f i\u0161d\u0117styti nat\u016bral\u016bs deimantai sukuria papildomo spindesio ir opti\u0161kai padidina pagrindinio akmens \u012fsp\u016bd\u012f.<\/p>\n<p data-start=\"342\" data-end=\"604\">\u017diedo centre \u2013 <strong data-start=\"357\" data-end=\"380\">1,06 ct akvamarinas<\/strong>, \u017eavintis savo gaivia, \u0161velniai m\u0117lyna spalva, simbolizuojan\u010dia ramyb\u0119, tyrum\u0105 ir harmonij\u0105. Aplink centrin\u012f akmen\u012f i\u0161d\u0117styta halo kompozicija i\u0161 smulki\u0173 nat\u016brali\u0173 deimant\u0173, kurie dar labiau sustiprina akvamarino \u0161vyt\u0117jim\u0105.<\/p>\n<p data-start=\"856\" data-end=\"1032\">\u0160iltos <strong data-start=\"863\" data-end=\"880\">raudono aukso<\/strong> spalvos lankelis suteikia papuo\u0161alui i\u0161skirtinio charakterio ir prabangos poj\u016bt\u012f, puikiai der\u0117damas su \u0161velnia akvamarino spalva ir deimant\u0173 spindesiu.<\/p>\n<h3 data-section-id=\"ef4l77\" data-start=\"1039\" data-end=\"1063\">Technin\u0117 informacija<\/h3>\n<p data-start=\"1065\" data-end=\"1185\">Pagaminta laikantis auk\u0161\u010diausi\u0173 juvelyrikos gamybos standart\u0173. \u017diedas gali b\u016bti pagamintas individualiai pagal u\u017esakym\u0105.<\/p>\n<p data-start=\"1187\" data-end=\"1197\"><strong data-start=\"1187\" data-end=\"1197\">\u017diedas<\/strong><\/p>\n<ul data-start=\"1199\" data-end=\"1421\">\n<li data-section-id=\"lni54v\" data-start=\"1199\" data-end=\"1245\">\n<p data-start=\"1201\" data-end=\"1245\">\u017diedo metalas: <strong data-start=\"1216\" data-end=\"1243\">14K (585 prabos) auksas<\/strong><\/p>\n<\/li>\n<li data-section-id=\"1u1s5kg\" data-start=\"1246\" data-end=\"1281\">\n<p data-start=\"1248\" data-end=\"1281\">\u017diedo aukso spalva: <strong data-start=\"1268\" data-end=\"1279\">raudona<\/strong><\/p>\n<\/li>\n<li data-section-id=\"dgiu76\" data-start=\"1282\" data-end=\"1320\">\n<p data-start=\"1284\" data-end=\"1320\">\u017diedo svoris: <strong data-start=\"1298\" data-end=\"1318\">apie 2,00\u20133,00 g<\/strong><\/p>\n<\/li>\n<li data-section-id=\"nsbarx\" data-start=\"1321\" data-end=\"1349\">\n<p data-start=\"1323\" data-end=\"1349\">\u017diedo dydis: <strong data-start=\"1336\" data-end=\"1347\">54 (17)<\/strong><\/p>\n<\/li>\n<li data-section-id=\"6wzr3n\" data-start=\"1350\" data-end=\"1421\">\n<p data-start=\"1352\" data-end=\"1421\">Dizainas: <strong data-start=\"1362\" data-end=\"1421\">Halo modelis su moderniu lankeliu<\/strong><\/p>\n<\/li>\n<\/ul>\n<p data-start=\"1423\" data-end=\"1442\"><strong data-start=\"1423\" data-end=\"1442\">Centrinis akmuo<\/strong><\/p>\n<ul data-start=\"1444\" data-end=\"1492\">\n<li data-section-id=\"1trlnd\" data-start=\"1444\" data-end=\"1470\">\n<p data-start=\"1446\" data-end=\"1470\">Akmuo: <strong data-start=\"1453\" data-end=\"1468\">akvamarinas<\/strong><\/p>\n<\/li>\n<li data-section-id=\"gkkce4\" data-start=\"1471\" data-end=\"1492\">\n<p data-start=\"1473\" data-end=\"1492\">Svoris: <strong data-start=\"1481\" data-end=\"1492\">1,06 ct<\/strong><\/p>\n<\/li>\n<\/ul>\n<p data-start=\"1494\" data-end=\"1507\"><strong data-start=\"1494\" data-end=\"1507\">Deimantai<\/strong><\/p>\n<ul data-start=\"1509\" data-end=\"1649\">\n<li data-section-id=\"12y9zb5\" data-start=\"1509\" data-end=\"1552\">\n<p data-start=\"1511\" data-end=\"1552\">Deimant\u0173 tipas: <strong data-start=\"1527\" data-end=\"1550\">nat\u016bral\u016bs deimantai<\/strong><\/p>\n<\/li>\n<li data-section-id=\"llyu0m\" data-start=\"1553\" data-end=\"1596\">\n<p data-start=\"1555\" data-end=\"1596\">Lankelyje: <strong data-start=\"1566\" data-end=\"1594\">14 vnt. \u00d7 0,015 ct (7&#215;2)<\/strong><\/p>\n<\/li>\n<li data-section-id=\"49204w\" data-start=\"1597\" data-end=\"1649\">\n<p data-start=\"1599\" data-end=\"1649\">Halo aplink centrin\u012f akmen\u012f: <strong data-start=\"1628\" data-end=\"1649\">0,01 ct deimantai<\/strong><\/p>\n<\/li>\n<\/ul>\n<h3 data-section-id=\"168s90a\" data-start=\"1656\" data-end=\"1677\">Papildoma informacija<\/h3>\n<ul data-start=\"1679\" data-end=\"1855\">\n<li data-section-id=\"fgtlos\" data-start=\"1679\" data-end=\"1709\">\n<p data-start=\"1681\" data-end=\"1709\"><strong data-start=\"1681\" data-end=\"1707\">Nemokamas graviravimas<\/strong><\/p>\n<\/li>\n<li data-section-id=\"pos1u\" data-start=\"1710\" data-end=\"1796\">\n<p data-start=\"1712\" data-end=\"1796\"><strong data-start=\"1712\" data-end=\"1767\">Vienkartin\u0117 nemokama \u017eiedo dyd\u017eio keitimo garantija<\/strong> (per 6 m\u0117n. nuo atsi\u0117mimo)<\/p>\n<\/li>\n<li data-section-id=\"1b5bs2u\" data-start=\"1797\" data-end=\"1855\">\n<p data-start=\"1799\" data-end=\"1855\"><strong data-start=\"1799\" data-end=\"1834\">Gamybos ir pristatymo terminas:<\/strong> 21\u201328 darbo dienos<\/p>\n<\/li>\n<\/ul>\n<p data-start=\"1857\" data-end=\"1883\">Nuotrauka &#8211; b\u016bsimo \u017eiedo pavyzdys.<\/p>\n","protected":false},"excerpt":{"rendered":"<p>Halo dizaino su\u017ead\u0117tuvi\u0173 \u017eiedas su akvamarinu ir nat\u016braliais deimantais Eleganti\u0161kas ir \u0161iuolaiki\u0161kas dizainas, kuriame subtili prabanga susilieja su moderniu stiliumi. [&hellip;]<\/p>\n","protected":false},"featured_media":692884,"template":"","meta":{"site-sidebar-layout":"default","site-content-layout":"","ast-site-content-layout":"default","site-content-style":"default","site-sidebar-style":"default","ast-global-header-display":"","ast-banner-title-visibility":"","ast-main-header-display":"","ast-hfb-above-header-display":"","ast-hfb-below-header-display":"","ast-hfb-mobile-header-display":"","site-post-title":"","ast-breadcrumbs-content":"","ast-featured-img":"","footer-sml-layout":"","ast-disable-related-posts":"","theme-transparent-header-meta":"default","adv-header-id-meta":"","stick-header-meta":"","header-above-stick-meta":"","header-main-stick-meta":"","header-below-stick-meta":"","astra-migrate-meta-layouts":"set","ast-page-background-enabled":"default","ast-page-background-meta":{"desktop":{"background-color":"var(--ast-global-color-4)","background-image":"","background-repeat":"repeat","background-position":"center center","background-size":"auto","background-attachment":"scroll","background-type":"","background-media":"","overlay-type":"","overlay-color":"","overlay-opacity":"","overlay-gradient":""},"tablet":{"background-color":"","background-image":"","background-repeat":"repeat","background-position":"center center","background-size":"auto","background-attachment":"scroll","background-type":"","background-media":"","overlay-type":"","overlay-color":"","overlay-opacity":"","overlay-gradient":""},"mobile":{"background-color":"","background-image":"","background-repeat":"repeat","background-position":"center center","background-size":"auto","background-attachment":"scroll","background-type":"","background-media":"","overlay-type":"","overlay-color":"","overlay-opacity":"","overlay-gradient":""}},"ast-content-background-meta":{"desktop":{"background-color":"var(--ast-global-color-5)","background-image":"","background-repeat":"repeat","background-position":"center center","background-size":"auto","background-attachment":"scroll","background-type":"","background-media":"","overlay-type":"","overlay-color":"","overlay-opacity":"","overlay-gradient":""},"tablet":{"background-color":"var(--ast-global-color-5)","background-image":"","background-repeat":"repeat","background-position":"center center","background-size":"auto","background-attachment":"scroll","background-type":"","background-media":"","overlay-type":"","overlay-color":"","overlay-opacity":"","overlay-gradient":""},"mobile":{"background-color":"var(--ast-global-color-5)","background-image":"","background-repeat":"repeat","background-position":"center center","background-size":"auto","background-attachment":"scroll","background-type":"","background-media":"","overlay-type":"","overlay-color":"","overlay-opacity":"","overlay-gradient":""}}},"product_brand":[],"product_cat":[2305],"product_tag":[],"class_list":{"0":"post-681664","1":"product","2":"type-product","3":"status-publish","4":"has-post-thumbnail","6":"product_cat-juvelyrika-su-pusbrangiais-akmenimis","7":"desktop-align-center","8":"tablet-align-left","9":"mobile-align-left","10":"ast-product-gallery-layout-horizontal-slider","11":"ast-product-tabs-layout-accordion","12":"ast-qv-on-image","14":"first","15":"instock","16":"taxable","17":"shipping-taxable","18":"purchasable","19":"product-type-simple"},"yoast_head":"<!-- This site is optimized with the Yoast SEO plugin v26.6 - https:\/\/yoast.com\/wordpress\/plugins\/seo\/ -->\n<title>Individualus u\u017esakymas Justinas - FashionGold.lt<\/title>\n<meta name=\"robots\" content=\"index, follow, max-snippet:-1, max-image-preview:large, max-video-preview:-1\" \/>\n<link rel=\"canonical\" href=\"https:\/\/fashiongold.lt\/et\/papuosalas\/individualus-uzsakymas-justinas\/\" \/>\n<meta property=\"og:locale\" content=\"et_EE\" \/>\n<meta property=\"og:type\" content=\"article\" \/>\n<meta property=\"og:title\" content=\"Individualus u\u017esakymas Justinas - FashionGold.lt\" \/>\n<meta property=\"og:description\" content=\"Halo dizaino su\u017ead\u0117tuvi\u0173 \u017eiedas su akvamarinu ir nat\u016braliais deimantais Eleganti\u0161kas ir \u0161iuolaiki\u0161kas dizainas, kuriame subtili prabanga susilieja su moderniu stiliumi. [&hellip;]\" \/>\n<meta property=\"og:url\" content=\"https:\/\/fashiongold.lt\/et\/papuosalas\/individualus-uzsakymas-justinas\/\" \/>\n<meta property=\"og:site_name\" content=\"FashionGold.lt\" \/>\n<meta property=\"article:modified_time\" content=\"2026-03-13T09:57:52+00:00\" \/>\n<meta property=\"og:image\" content=\"https:\/\/fashiongold.lt\/wp-content\/uploads\/2026\/03\/ziedas-su-akvamarinu-1024x1002.png\" \/>\n\t<meta property=\"og:image:width\" content=\"1024\" \/>\n\t<meta property=\"og:image:height\" content=\"1002\" \/>\n\t<meta property=\"og:image:type\" content=\"image\/png\" \/>\n<meta name=\"twitter:card\" content=\"summary_large_image\" \/>\n<meta name=\"twitter:label1\" content=\"Est. reading time\" \/>\n\t<meta name=\"twitter:data1\" content=\"2 minutit\" \/>\n<script type=\"application\/ld+json\" class=\"yoast-schema-graph\">{\"@context\":\"https:\/\/schema.org\",\"@graph\":[{\"@type\":\"WebPage\",\"@id\":\"https:\/\/fashiongold.lt\/et\/papuosalas\/individualus-uzsakymas-justinas\/\",\"url\":\"https:\/\/fashiongold.lt\/et\/papuosalas\/individualus-uzsakymas-justinas\/\",\"name\":\"Individualus u\u017esakymas Justinas - FashionGold.lt\",\"isPartOf\":{\"@id\":\"https:\/\/fashiongold.lt\/et\/#website\"},\"primaryImageOfPage\":{\"@id\":\"https:\/\/fashiongold.lt\/et\/papuosalas\/individualus-uzsakymas-justinas\/#primaryimage\"},\"image\":{\"@id\":\"https:\/\/fashiongold.lt\/et\/papuosalas\/individualus-uzsakymas-justinas\/#primaryimage\"},\"thumbnailUrl\":\"https:\/\/fashiongold.lt\/wp-content\/uploads\/2026\/03\/ziedas-su-akvamarinu.png\",\"datePublished\":\"2026-03-13T09:54:19+00:00\",\"dateModified\":\"2026-03-13T09:57:52+00:00\",\"breadcrumb\":{\"@id\":\"https:\/\/fashiongold.lt\/et\/papuosalas\/individualus-uzsakymas-justinas\/#breadcrumb\"},\"inLanguage\":\"et\",\"potentialAction\":[{\"@type\":\"ReadAction\",\"target\":[\"https:\/\/fashiongold.lt\/et\/papuosalas\/individualus-uzsakymas-justinas\/\"]}]},{\"@type\":\"ImageObject\",\"inLanguage\":\"et\",\"@id\":\"https:\/\/fashiongold.lt\/et\/papuosalas\/individualus-uzsakymas-justinas\/#primaryimage\",\"url\":\"https:\/\/fashiongold.lt\/wp-content\/uploads\/2026\/03\/ziedas-su-akvamarinu.png\",\"contentUrl\":\"https:\/\/fashiongold.lt\/wp-content\/uploads\/2026\/03\/ziedas-su-akvamarinu.png\",\"width\":2000,\"height\":1957,\"caption\":\"ziedas su akvamarinu\"},{\"@type\":\"BreadcrumbList\",\"@id\":\"https:\/\/fashiongold.lt\/et\/papuosalas\/individualus-uzsakymas-justinas\/#breadcrumb\",\"itemListElement\":[{\"@type\":\"ListItem\",\"position\":1,\"name\":\"Home\",\"item\":\"https:\/\/fashiongold.lt\/et\/\"},{\"@type\":\"ListItem\",\"position\":2,\"name\":\"Teemantide pood Fashiongold.lt\",\"item\":\"https:\/\/fashiongold.lt\/shop-2\/\"},{\"@type\":\"ListItem\",\"position\":3,\"name\":\"Individualus u\u017esakymas Justinas\"}]},{\"@type\":\"WebSite\",\"@id\":\"https:\/\/fashiongold.lt\/et\/#website\",\"url\":\"https:\/\/fashiongold.lt\/et\/\",\"name\":\"Fashion Gold\",\"description\":\"Juvelyrikos namai\",\"publisher\":{\"@id\":\"https:\/\/fashiongold.lt\/et\/#organization\"},\"potentialAction\":[{\"@type\":\"SearchAction\",\"target\":{\"@type\":\"EntryPoint\",\"urlTemplate\":\"https:\/\/fashiongold.lt\/et\/?s={search_term_string}\"},\"query-input\":{\"@type\":\"PropertyValueSpecification\",\"valueRequired\":true,\"valueName\":\"search_term_string\"}}],\"inLanguage\":\"et\"},{\"@type\":\"Organization\",\"@id\":\"https:\/\/fashiongold.lt\/et\/#organization\",\"name\":\"Topdiamonds Online\",\"url\":\"https:\/\/fashiongold.lt\/et\/\",\"logo\":{\"@type\":\"ImageObject\",\"inLanguage\":\"et\",\"@id\":\"https:\/\/fashiongold.lt\/et\/#\/schema\/logo\/image\/\",\"url\":\"https:\/\/fashiongold.lt\/wp-content\/uploads\/2025\/04\/cropped-fashion_gold_logotipas2-scaled-1.png\",\"contentUrl\":\"https:\/\/fashiongold.lt\/wp-content\/uploads\/2025\/04\/cropped-fashion_gold_logotipas2-scaled-1.png\",\"width\":2559,\"height\":421,\"caption\":\"Topdiamonds Online\"},\"image\":{\"@id\":\"https:\/\/fashiongold.lt\/et\/#\/schema\/logo\/image\/\"}}]}<\/script>\n<!-- \/ Yoast SEO plugin. -->","yoast_head_json":{"title":"Individualus u\u017esakymas Justinas - FashionGold.lt","robots":{"index":"index","follow":"follow","max-snippet":"max-snippet:-1","max-image-preview":"max-image-preview:large","max-video-preview":"max-video-preview:-1"},"canonical":"https:\/\/fashiongold.lt\/et\/papuosalas\/individualus-uzsakymas-justinas\/","og_locale":"et_EE","og_type":"article","og_title":"Individualus u\u017esakymas Justinas - FashionGold.lt","og_description":"Halo dizaino su\u017ead\u0117tuvi\u0173 \u017eiedas su akvamarinu ir nat\u016braliais deimantais Eleganti\u0161kas ir \u0161iuolaiki\u0161kas dizainas, kuriame subtili prabanga susilieja su moderniu stiliumi. [&hellip;]","og_url":"https:\/\/fashiongold.lt\/et\/papuosalas\/individualus-uzsakymas-justinas\/","og_site_name":"FashionGold.lt","article_modified_time":"2026-03-13T09:57:52+00:00","og_image":[{"width":1024,"height":1002,"url":"https:\/\/fashiongold.lt\/wp-content\/uploads\/2026\/03\/ziedas-su-akvamarinu-1024x1002.png","type":"image\/png"}],"twitter_card":"summary_large_image","twitter_misc":{"Est. reading time":"2 minutit"},"schema":{"@context":"https:\/\/schema.org","@graph":[{"@type":"WebPage","@id":"https:\/\/fashiongold.lt\/et\/papuosalas\/individualus-uzsakymas-justinas\/","url":"https:\/\/fashiongold.lt\/et\/papuosalas\/individualus-uzsakymas-justinas\/","name":"Individualus u\u017esakymas Justinas - FashionGold.lt","isPartOf":{"@id":"https:\/\/fashiongold.lt\/et\/#website"},"primaryImageOfPage":{"@id":"https:\/\/fashiongold.lt\/et\/papuosalas\/individualus-uzsakymas-justinas\/#primaryimage"},"image":{"@id":"https:\/\/fashiongold.lt\/et\/papuosalas\/individualus-uzsakymas-justinas\/#primaryimage"},"thumbnailUrl":"https:\/\/fashiongold.lt\/wp-content\/uploads\/2026\/03\/ziedas-su-akvamarinu.png","datePublished":"2026-03-13T09:54:19+00:00","dateModified":"2026-03-13T09:57:52+00:00","breadcrumb":{"@id":"https:\/\/fashiongold.lt\/et\/papuosalas\/individualus-uzsakymas-justinas\/#breadcrumb"},"inLanguage":"et","potentialAction":[{"@type":"ReadAction","target":["https:\/\/fashiongold.lt\/et\/papuosalas\/individualus-uzsakymas-justinas\/"]}]},{"@type":"ImageObject","inLanguage":"et","@id":"https:\/\/fashiongold.lt\/et\/papuosalas\/individualus-uzsakymas-justinas\/#primaryimage","url":"https:\/\/fashiongold.lt\/wp-content\/uploads\/2026\/03\/ziedas-su-akvamarinu.png","contentUrl":"https:\/\/fashiongold.lt\/wp-content\/uploads\/2026\/03\/ziedas-su-akvamarinu.png","width":2000,"height":1957,"caption":"ziedas su akvamarinu"},{"@type":"BreadcrumbList","@id":"https:\/\/fashiongold.lt\/et\/papuosalas\/individualus-uzsakymas-justinas\/#breadcrumb","itemListElement":[{"@type":"ListItem","position":1,"name":"Home","item":"https:\/\/fashiongold.lt\/et\/"},{"@type":"ListItem","position":2,"name":"Teemantide pood Fashiongold.lt","item":"https:\/\/fashiongold.lt\/shop-2\/"},{"@type":"ListItem","position":3,"name":"Individualus u\u017esakymas Justinas"}]},{"@type":"WebSite","@id":"https:\/\/fashiongold.lt\/et\/#website","url":"https:\/\/fashiongold.lt\/et\/","name":"Fashion Gold","description":"Juvelyrikos namai","publisher":{"@id":"https:\/\/fashiongold.lt\/et\/#organization"},"potentialAction":[{"@type":"SearchAction","target":{"@type":"EntryPoint","urlTemplate":"https:\/\/fashiongold.lt\/et\/?s={search_term_string}"},"query-input":{"@type":"PropertyValueSpecification","valueRequired":true,"valueName":"search_term_string"}}],"inLanguage":"et"},{"@type":"Organization","@id":"https:\/\/fashiongold.lt\/et\/#organization","name":"Topdiamonds Online","url":"https:\/\/fashiongold.lt\/et\/","logo":{"@type":"ImageObject","inLanguage":"et","@id":"https:\/\/fashiongold.lt\/et\/#\/schema\/logo\/image\/","url":"https:\/\/fashiongold.lt\/wp-content\/uploads\/2025\/04\/cropped-fashion_gold_logotipas2-scaled-1.png","contentUrl":"https:\/\/fashiongold.lt\/wp-content\/uploads\/2025\/04\/cropped-fashion_gold_logotipas2-scaled-1.png","width":2559,"height":421,"caption":"Topdiamonds Online"},"image":{"@id":"https:\/\/fashiongold.lt\/et\/#\/schema\/logo\/image\/"}}]}},"_links":{"self":[{"href":"https:\/\/fashiongold.lt\/et\/wp-json\/wp\/v2\/product\/681664","targetHints":{"allow":["GET"]}}],"collection":[{"href":"https:\/\/fashiongold.lt\/et\/wp-json\/wp\/v2\/product"}],"about":[{"href":"https:\/\/fashiongold.lt\/et\/wp-json\/wp\/v2\/types\/product"}],"version-history":[{"count":0,"href":"https:\/\/fashiongold.lt\/et\/wp-json\/wp\/v2\/product\/681664\/revisions"}],"wp:featuredmedia":[{"embeddable":true,"href":"https:\/\/fashiongold.lt\/et\/wp-json\/wp\/v2\/media\/692884"}],"wp:attachment":[{"href":"https:\/\/fashiongold.lt\/et\/wp-json\/wp\/v2\/media?parent=681664"}],"wp:term":[{"taxonomy":"product_brand","embeddable":true,"href":"https:\/\/fashiongold.lt\/et\/wp-json\/wp\/v2\/product_brand?post=681664"},{"taxonomy":"product_cat","embeddable":true,"href":"https:\/\/fashiongold.lt\/et\/wp-json\/wp\/v2\/product_cat?post=681664"},{"taxonomy":"product_tag","embeddable":true,"href":"https:\/\/fashiongold.lt\/et\/wp-json\/wp\/v2\/product_tag?post=681664"}],"curies":[{"name":"wp","href":"https:\/\/api.w.org\/{rel}","templated":true}]}}