{"id":268667,"date":"2025-04-27T11:27:32","date_gmt":"2025-04-27T11:27:32","guid":{"rendered":"https:\/\/fashiongold.lt\/fashiongold-lt-jaunumi\/"},"modified":"2026-02-03T05:28:08","modified_gmt":"2026-02-03T05:28:08","slug":"fashiongold-lt-jaunumi","status":"publish","type":"page","link":"https:\/\/fashiongold.lt\/lv\/fashiongold-lt-jaunumi\/","title":{"rendered":"Fashiongold.lt jaunumi"},"content":{"rendered":"<h2 data-pm-slice=\"1 1 []\">Jaunumi \u2013 juvelierizstr\u0101d\u0101jumu n\u0101kotne \u0161eit un tagad<\/h2>\n<h3>Jaun\u0101k\u0101s juvelierizstr\u0101d\u0101jumu tendences<\/h3>\n<h2><img decoding=\"async\" src=\"https:\/\/images.surferseo.art\/b36edbd2-6fbd-4934-b371-4f808ea3a83d.png\" alt=\"Juvelieris demonstr\u0113 ekr\u0101n\u0101 \u2013 saderin\u0101\u0161an\u0101s gredzenu dizaini ar apa\u013cas formas dimantu\" \/><\/h2>\n<p><a href=\"http:\/\/FashionGold.lt\" target=\"_blank\" rel=\"noopener noreferrer\"><strong>FashionGold.lt<\/strong><\/a> jaunumu sada\u013c\u0101 iepaz\u012bstin\u0101m ar to, ar ko dz\u012bvo m\u016bsdienu juvelierizstr\u0101d\u0101jumu pasaule un k\u0101di jaunin\u0101jumi iedvesmo m\u016bsu rad\u012bt\u0101jus. \u0160aj\u0101 sezon\u0101 popularit\u0101tes virsotn\u0113 ir moderni saderin\u0101\u0161an\u0101s gredzeni ar dimantiem, kuros klasisko ideju papildina dimanta elementi. K\u0101zu gredzeni k\u013c\u016bst v\u0113l elegant\u0101ki \u2013 pl\u0101ni, savstarp\u0113ji sl\u0101\u0146ojami, bie\u017ei vien vien\u0101 josl\u0101 apvienojot da\u017e\u0101du kr\u0101su zelta to\u0146us.<\/p>\n<h3>Auskaru un kulonu mode<\/h3>\n<h2><img decoding=\"async\" src=\"https:\/\/images.surferseo.art\/55059e23-f8b5-490e-84e0-2e44b4f3522c.png\" alt=\"Kolekcijas prezent\u0101cija \u2013 uz stil\u012bga galda izvietoti auskari ar dimantiem, kulons ar dimantu, aproce ar dimantiem un tr\u012bs saderin\u0101\u0161an\u0101s gredzeni, tostarp solitaire un halo dizaini\" \/><\/h2>\n<p>\u012apa\u0161i moderni ir auskari ar dimantiem, kuros apvienotas minim\u0101listiskas nagli\u0146as un smalkas k\u0101rtojamas \u0137\u0113d\u012btes. Kuloni ar dimantu ir pla\u0161a kolekcija, kur\u0101 atrad\u012bsiet da\u017e\u0101dus dizainus, kas izgatavoti no augstas kvalit\u0101tes materi\u0101liem, lieliski piem\u0113roti d\u0101van\u0101m vai kombin\u0113\u0161anai ar cit\u0101m rotasliet\u0101m, piem\u0113ram, auskariem vai aproc\u0113m. Kulons ar dimantu k\u013c\u016bst ne tikai par klasikas, bet ar\u012b par kaklarotu kombin\u0101ciju sast\u0101vda\u013cu. \u0160\u0101ds dizains pie\u0161\u0137ir unikalit\u0101ti un \u013cauj veidot individu\u0101lu stilu.<\/p>\n<h3>Inov\u0101cijas juvelierizstr\u0101d\u0101jumos \u2013 AI juvelieris<\/h3>\n<h2><img decoding=\"async\" src=\"https:\/\/images.surferseo.art\/41237ce2-f47f-484c-9908-30de040bf91d.png\" alt=\"AI juveliera demonstr\u0101cija ekr\u0101n\u0101 \u2013 tr\u012bs da\u017e\u0101di saderin\u0101\u0161an\u0101s gredzenu dizaini ar l\u0101ses formas dimantu: klasisks dizains, moderns ar s\u0101nos iestr\u0101d\u0101tiem dimantiem un halo dizains ar dimantu vainagu.\" \/><\/h2>\n<p>M\u016bsu AI juvelieris ir \u012bsta inov\u0101cija Lietuvas juvelierizstr\u0101d\u0101jumu tirg\u016b. Tas sp\u0113j \u0123ener\u0113t re\u0101llaika skices p\u0113c viena teikuma un pied\u0101v\u0101t alternat\u012bvus dizaina variantus ar da\u017e\u0101diem d\u0101rgakme\u0146iem. Ikviens klients var redz\u0113t sava topo\u0161\u0101 juvelierizstr\u0101d\u0101juma v\u012bziju v\u0113l pirms ra\u017eo\u0161anas s\u0101kuma.<\/p>\n<h3>3D dizains un virtu\u0101l\u0101 pielaiko\u0161ana<\/h3>\n<h2><img decoding=\"async\" src=\"https:\/\/images.surferseo.art\/3f999296-ffab-40e1-88ff-d9bca6c69da2.png\" alt=\"Virtu\u0101l\u0101s pielaiko\u0161anas AR demonstr\u0101cija t\u0101lrun\u012b \u2013 zelta k\u0101zu gredzens re\u0101l\u0101 m\u0113rog\u0101 redzams uz klienta pirksta\" \/><\/h2>\n<p>Tikai 48 stundu laik\u0101 m\u0113s sagatavojam 3D vizualiz\u0101ciju, kuru var pagriezt par 360\u00b0 le\u0146\u0137\u012b, main\u012bt met\u0101la kr\u0101su, dimanta kar\u0101tus vai d\u0101rgakme\u0146u izvietojumu. Integr\u0113tais \u201eTry-On\u201c filtrs \u013cauj pielaikot gredzenu t\u0101lrun\u012b uz pirksta, savuk\u0101rt AR funkcija prec\u012bzi piel\u0101go m\u0113rogu j\u016bsu pirkstam.<\/p>\n<h3>Dimantu bir\u017ea online un cena<\/h3>\n<p>Jaunaj\u0101 sada\u013c\u0101 \u201eDimantu bir\u017ea online\u201c m\u0113s sniedzam aktu\u0101lo inform\u0101ciju par dimantu cenu izmai\u0146\u0101m, tendenc\u0113m un invest\u012bciju iesp\u0113j\u0101m. Tas ir v\u0113rt\u012bgi gan kolekcion\u0101riem, gan pirc\u0113jiem.<\/p>\n<h3>Juvelierizstr\u0101d\u0101jumu p\u0101rredzam\u012bba un sertifik\u0101ti<\/h3>\n<h2><img decoding=\"async\" src=\"https:\/\/images.surferseo.art\/9863b2f5-2bf4-4588-b373-46c68807650a.png\" alt=\"Datora ekr\u0101n\u0101 atv\u0113rts GIA dimanta sertifik\u0101ts ar QR kodu, kas \u013cauj p\u0101rbaud\u012bt dimanta izcelsmi blok\u0137\u0113des sist\u0113m\u0101.\" \/><\/h2>\n<p>Katrs dab\u012bgais vai laboratorij\u0101 audz\u0113tais dimants tiek p\u0101rdots ar GIA, HRD vai IGI sertifik\u0101tu PDF form\u0101t\u0101. Visi m\u016bsu juvelierizstr\u0101d\u0101jumi ir mar\u0137\u0113ti ar Lietuvas Pielatavojuma pal\u0101tas proves un atbild\u012bbas z\u012bm\u0113m.<\/p>\n<h3>Garantijas \u2013 j\u016bsu mieram un uztic\u012bbai<\/h3>\n<p>M\u0113s saprotam, ka juvelierizstr\u0101d\u0101jumu izv\u0113le ir ne tikai skaistuma, bet ar\u012b uztic\u012bbas jaut\u0101jums. T\u0101p\u0113c FashionGold.lt pied\u0101v\u0101 garantijas, kas nodro\u0161ina, ka ikviens m\u016bsu klients j\u016btas dro\u0161i un p\u0101rliecin\u0101ti. Visi m\u016bsu juvelierizstr\u0101d\u0101jumi tiek izgatavoti no r\u016bp\u012bgi atlas\u012btiem materi\u0101liem, un kvalit\u0101te ir m\u016bsu priorit\u0101te. Neatkar\u012bgi no t\u0101, vai izv\u0113laties gredzenu, auskarus, kulonu vai citu rotaslietu, varat b\u016bt dro\u0161i, ka j\u016bsu izv\u0113le ir pamatota un dro\u0161a. M\u016bsu komanda vienm\u0113r ir gatava jums pal\u012bdz\u0113t ikvien\u0101 posm\u0101 \u2013 no pirm\u0101s konsult\u0101cijas l\u012bdz gal\u012bgajam l\u0113mumam, lai j\u016bsu pieredze b\u016btu raita un pat\u012bkama. FashionGold.lt garantijas ir j\u016bsu miers un uztic\u012bba katram pirkumam.<\/p>\n<h3>Akcijas un \u012bpa\u0161ie pied\u0101v\u0101jumi<\/h3>\n<p>Sekojiet m\u016bsu jaunumiem un ietaupiet l\u012bdz 30 % \u2013 no saderin\u0101\u0161an\u0101s gredzeniem l\u012bdz aproc\u0113m ar dimantiem. Izp\u0101rdo\u0161an\u0101s atrad\u012bsiet unik\u0101lus auskarus ar dimantiem, kulonus ar dimantiem un juvelierizstr\u0101d\u0101jumus par \u012bpa\u0161u cenu.<\/p>\n<h3>Ekskluz\u012bvi pied\u0101v\u0101jumi re\u0123istr\u0113tiem klientiem<\/h3>\n<p>Re\u0123istr\u0113tie biedri sa\u0146em iepriek\u0161\u0113jus kuponus, iel\u016bgumus uz virtu\u0101laj\u0101m prezent\u0101cij\u0101m un iesp\u0113ju rezerv\u0113t unik\u0101lus juvelierizstr\u0101d\u0101jumus v\u0113l pirms to par\u0101d\u012b\u0161an\u0101s veikal\u0101.<\/p>\n<h3>Klientu st\u0101sti<\/h3>\n<h2><img decoding=\"async\" src=\"https:\/\/images.surferseo.art\/078b73f3-c82e-4689-9d2f-5e6ca8f19449.png\" alt=\"Balt\u0101 zelta halo dizaina saderin\u0101\u0161an\u0101s gredzens ar l\u0101ses formas roz\u0101 saf\u012bru, ko ieskauj briljantu vainags, bet gredzena iek\u0161pus\u0113 iegrav\u0113ta fr\u0101ze \u201eRoz\u0101 saf\u012brs + Sirds ritms\" \/><\/h2>\n<p>Dal\u0101mies ar iedvesmojo\u0161iem st\u0101stiem \u2013 no bildin\u0101juma ar roz\u0101 saf\u012bru Barselon\u0101 l\u012bdz iespaid\u012bgai p\u0113r\u013cu un laboratorijas dimantu kombin\u0101cijai Par\u012bz\u0113. \u0160ie ir st\u0101sti, kas iedvesmo rad\u012bt unik\u0101lus juvelierizstr\u0101d\u0101jumus, jo ar m\u016bsu gredzeniem atbilde vienm\u0113r ir &#8220;J\u0101!&#8221;.<\/p>\n<h3>Ekspertu padomi<\/h3>\n<p>M\u016bsu gemologi sagatavo rakstus par \u201e4C\u201c sist\u0113mu \u2013 kr\u0101su, dzidrumu, kar\u0101tiem un sl\u012bp\u0113jumu. \u0160eit atrad\u012bsiet padomus, k\u0101 kopt rotaslietas m\u0101j\u0101s un saglab\u0101t to sp\u012bdumu.<\/p>\n<h3>Juvelierizstr\u0101d\u0101jumi internet\u0101<\/h3>\n<p>M\u016bsu juvelierizstr\u0101d\u0101jumi internet\u0101 ir \u0113rts veids, k\u0101 pas\u016bt\u012bt rotaslietas, neizejot no m\u0101j\u0101m. Augstas kvalit\u0101tes fotogr\u0101fijas un 360\u00b0 skati \u013cauj apskat\u012bt visas deta\u013cas pirms pirk\u0161anas.<\/p>\n<h3>Pirkumu ce\u013cvedis \u2013 k\u0101 izv\u0113l\u0113ties perfektu rotaslietu<\/h3>\n<p>Izv\u0113loties juvelierizstr\u0101d\u0101jumus, ir svar\u012bgi zin\u0101t, ka katrai rotaslietai ir savs st\u0101sts un m\u0113r\u0137is. Ta\u010du, ja neesat p\u0101rliecin\u0101ti, ar ko s\u0101kt, m\u016bsu pirkumu ce\u013cvedis pal\u012bdz\u0113s jums spert pirmos so\u013cus juvelierizstr\u0101d\u0101jumu pasaul\u0113. \u0160eit atrad\u012bsiet visu svar\u012bg\u0101ko inform\u0101ciju par gredzeniem, auskariem, kuloniem un citiem juvelierizstr\u0101d\u0101jumiem \u2013 no stila izv\u0113les l\u012bdz pareiz\u0101 izm\u0113ra noteik\u0161anai. M\u0113s dal\u0101mies ar padomiem, k\u0101 izv\u0113l\u0113ties rotaslietu atbilsto\u0161i gad\u012bjumam, person\u012bgajai gaumei vai bud\u017eetam, lai ikviens atrastu to, kas vi\u0146am piem\u0113rots vislab\u0101k. Ja v\u0113laties uzzin\u0101t vair\u0101k par juvelierizstr\u0101d\u0101jumu smalkumiem vai mekl\u0113jat iedvesmu, m\u016bsu ce\u013cvedis ir izveidots tie\u0161i jums \u2013 lai ikviens l\u0113mums b\u016btu p\u0101rdom\u0101ts un iepriecino\u0161s.<\/p>\n<h3>Pre\u010du kop\u0161ana \u2013 ilgm\u016b\u017e\u012bbas nosl\u0113pumi<\/h3>\n<p>Lai j\u016bsu juvelierizstr\u0101d\u0101jumi paliktu tikpat mirdzo\u0161i k\u0101 pirmaj\u0101 dien\u0101, nepiecie\u0161ama atbilsto\u0161a kop\u0161ana. M\u016bsu pre\u010du kop\u0161anas sada\u013c\u0101 atrad\u012bsiet visu inform\u0101ciju par to, k\u0101 r\u016bp\u0113ties par saviem gredzeniem, auskariem, kuloniem un cit\u0101m rotasliet\u0101m. M\u0113s dal\u0101mies ar p\u0101rbaud\u012btiem padomiem, k\u0101 t\u012br\u012bt, uzglab\u0101t un aizsarg\u0101t juvelierizstr\u0101d\u0101jumus, lai tie saglab\u0101tos nevainojam\u0101 st\u0101vokl\u012b daudzus gadus. Ja rodas jaut\u0101jumi par konkr\u0113ta izstr\u0101d\u0101juma kop\u0161anu, m\u016bsu komanda vienm\u0113r ir gatava jums pal\u012bdz\u0113t \u2013 no ikdienas padomiem l\u012bdz profesion\u0101lai konsult\u0101cijai. R\u016bp\u0113jieties par saviem juvelierizstr\u0101d\u0101jumiem kop\u0101 ar FashionGold.lt un baudiet to skaistumu ilgi.<\/p>\n<h3><a href=\"http:\/\/FashionGold.lt\" target=\"_blank\" rel=\"noopener noreferrer\">FashionGold.lt<\/a> \u2013 juvelierizstr\u0101d\u0101jumu inov\u0101ciju l\u012bderi<\/h3>\n<h2><img decoding=\"async\" src=\"https:\/\/images.surferseo.art\/d7ea72ad-8d5e-4adc-ae5e-423fdbf53fb8.png\" alt=\"Bildin\u0101juma br\u012bdis kalnos, kur puisis d\u0101v\u0101 saderin\u0101\u0161an\u0101s gredzenu meitenei, vi\u0146u sejas p\u0101r\u0146em laimes un skaistu emociju smaids\" \/><\/h2>\n<p>M\u0113s ticam, ka juvelierizstr\u0101d\u0101jumiem ar dimantiem j\u0101b\u016bt ne tikai skaistiem, bet ar\u012b j\u0101atbilst m\u016bsdienu pasaules vajadz\u012bb\u0101m \u2013 j\u0101b\u016bt ilgtsp\u0113j\u012bgiem, inovat\u012bviem un rad\u012btiem ar atbild\u012bbu. <a href=\"http:\/\/FashionGold.lt\" target=\"_blank\" rel=\"noopener noreferrer\">FashionGold.lt<\/a> apvieno tradicion\u0101lo meistardarbu ar modern\u0101kaj\u0101m tehnolo\u0123ij\u0101m, lai ikviens klients atrastu savu sap\u0146u rotaslietu.<\/p>\n<h3>Par mums \u2013 FashionGold.lt v\u0113sture un v\u0113rt\u012bbas<\/h3>\n<h2><img decoding=\"async\" src=\"https:\/\/images.surferseo.art\/5798485a-ba61-4462-a64f-2a60359f6444.png\" alt=\"Juvelieris darbn\u012bc\u0101 p\u0101rbauda d\u0101rgakmeni ar lupu, bet blakus notiek zelta kaus\u0113\u0161anas process\" \/><\/h2>\n<p>FashionGold.lt ir juvelierizstr\u0101d\u0101jumu pasaules l\u012bderis, kas jau kop\u0161 pirm\u0101s dienas tiecas, lai ikviens var\u0113tu atkl\u0101t savu unik\u0101lo gredzenu, auskarus, kulonu vai citu juvelierizstr\u0101d\u0101jumu. M\u016bsu v\u0113sture s\u0101k\u0101s ar skaidru v\u012bziju: rad\u012bt telpu, kur\u0101 kvalit\u0101te, inov\u0101cijas un klientu \u0113rt\u012bbas b\u016btu neat\u0146emama katras rotaslietas sast\u0101vda\u013ca. M\u016bsu meistaru komanda ar ilggad\u0113ju pieredzi juvelierizstr\u0101d\u0101jumu jom\u0101 past\u0101v\u012bgi mekl\u0113 jaunus risin\u0101jumus, lai m\u0113s var\u0113tu pied\u0101v\u0101t ne tikai klasisku, bet ar\u012b modernu dizainu. Tas, kas m\u016bs izce\u013c, ir atdeve katram klientam un v\u0113lme, lai ikviens atrastu to, kas atbilst vi\u0146a stilam un vajadz\u012bb\u0101m. M\u016bsu v\u0113rt\u012bbas kop\u0161 dibin\u0101\u0161anas dienas paliek nemain\u012bgas: augst\u0101k\u0101 kvalit\u0101te, nep\u0101rtrauktas inov\u0101cijas un r\u016bpes par ikvienu, kur\u0161 izv\u0113las FashionGold.lt juvelierizstr\u0101d\u0101jumus.<\/p>\n","protected":false},"excerpt":{"rendered":"<p>Jaunumi \u2013 juvelierizstr\u0101d\u0101jumu n\u0101kotne \u0161eit un tagad Jaun\u0101k\u0101s juvelierizstr\u0101d\u0101jumu tendences FashionGold.lt jaunumu sada\u013c\u0101 iepaz\u012bstin\u0101m ar to, ar ko dz\u012bvo m\u016bsdienu [&hellip;]<\/p>\n","protected":false},"author":10,"featured_media":10548,"parent":0,"menu_order":0,"comment_status":"closed","ping_status":"closed","template":"","meta":{"site-sidebar-layout":"default","site-content-layout":"","ast-site-content-layout":"default","site-content-style":"default","site-sidebar-style":"default","ast-global-header-display":"","ast-banner-title-visibility":"","ast-main-header-display":"","ast-hfb-above-header-display":"","ast-hfb-below-header-display":"","ast-hfb-mobile-header-display":"","site-post-title":"","ast-breadcrumbs-content":"","ast-featured-img":"","footer-sml-layout":"","ast-disable-related-posts":"","theme-transparent-header-meta":"default","adv-header-id-meta":"","stick-header-meta":"","header-above-stick-meta":"","header-main-stick-meta":"","header-below-stick-meta":"","astra-migrate-meta-layouts":"default","ast-page-background-enabled":"default","ast-page-background-meta":{"desktop":{"background-color":"var(--ast-global-color-4)","background-image":"","background-repeat":"repeat","background-position":"center center","background-size":"auto","background-attachment":"scroll","background-type":"","background-media":"","overlay-type":"","overlay-color":"","overlay-opacity":"","overlay-gradient":""},"tablet":{"background-color":"","background-image":"","background-repeat":"repeat","background-position":"center center","background-size":"auto","background-attachment":"scroll","background-type":"","background-media":"","overlay-type":"","overlay-color":"","overlay-opacity":"","overlay-gradient":""},"mobile":{"background-color":"","background-image":"","background-repeat":"repeat","background-position":"center center","background-size":"auto","background-attachment":"scroll","background-type":"","background-media":"","overlay-type":"","overlay-color":"","overlay-opacity":"","overlay-gradient":""}},"ast-content-background-meta":{"desktop":{"background-color":"var(--ast-global-color-5)","background-image":"","background-repeat":"repeat","background-position":"center center","background-size":"auto","background-attachment":"scroll","background-type":"","background-media":"","overlay-type":"","overlay-color":"","overlay-opacity":"","overlay-gradient":""},"tablet":{"background-color":"var(--ast-global-color-5)","background-image":"","background-repeat":"repeat","background-position":"center center","background-size":"auto","background-attachment":"scroll","background-type":"","background-media":"","overlay-type":"","overlay-color":"","overlay-opacity":"","overlay-gradient":""},"mobile":{"background-color":"var(--ast-global-color-5)","background-image":"","background-repeat":"repeat","background-position":"center center","background-size":"auto","background-attachment":"scroll","background-type":"","background-media":"","overlay-type":"","overlay-color":"","overlay-opacity":"","overlay-gradient":""}},"footnotes":""},"class_list":["post-268667","page","type-page","status-publish","has-post-thumbnail","hentry"],"yoast_head":"<!-- This site is optimized with the Yoast SEO plugin v26.6 - https:\/\/yoast.com\/wordpress\/plugins\/seo\/ -->\n<title>Fashiongold.lt jaunumi: rotaslietu un dimantu tendences<\/title>\n<meta name=\"description\" content=\"Sekojiet jaunumiem: akcijas, inov\u0101cijas juvelierizstr\u0101d\u0101jumos, GIA sertific\u0113ti dimanti, AI juvelieris, padomi un jaun\u0101k\u0101s tendences.\" \/>\n<meta name=\"robots\" content=\"index, follow, max-snippet:-1, max-image-preview:large, max-video-preview:-1\" \/>\n<link rel=\"canonical\" href=\"https:\/\/fashiongold.lt\/lv\/fashiongold-lt-jaunumi\/\" \/>\n<meta property=\"og:locale\" content=\"lv_LV\" \/>\n<meta property=\"og:type\" content=\"article\" \/>\n<meta property=\"og:title\" content=\"Fashiongold.lt jaunumi: rotaslietu un dimantu tendences\" \/>\n<meta property=\"og:description\" content=\"Sekojiet jaunumiem: akcijas, inov\u0101cijas juvelierizstr\u0101d\u0101jumos, GIA sertific\u0113ti dimanti, AI juvelieris, padomi un jaun\u0101k\u0101s tendences.\" \/>\n<meta property=\"og:url\" content=\"https:\/\/fashiongold.lt\/lv\/fashiongold-lt-jaunumi\/\" \/>\n<meta property=\"og:site_name\" content=\"FashionGold.lt\" \/>\n<meta property=\"article:modified_time\" content=\"2026-02-03T05:28:08+00:00\" \/>\n<meta property=\"og:image\" content=\"https:\/\/fashiongold.lt\/wp-content\/uploads\/2025\/05\/23.webp\" \/>\n\t<meta property=\"og:image:width\" content=\"600\" \/>\n\t<meta property=\"og:image:height\" content=\"600\" \/>\n\t<meta property=\"og:image:type\" content=\"image\/jpeg\" \/>\n<meta name=\"twitter:card\" content=\"summary_large_image\" \/>\n<meta name=\"twitter:label1\" content=\"Est. reading time\" \/>\n\t<meta name=\"twitter:data1\" content=\"7 minutes\" \/>\n<script type=\"application\/ld+json\" class=\"yoast-schema-graph\">{\"@context\":\"https:\/\/schema.org\",\"@graph\":[{\"@type\":\"WebPage\",\"@id\":\"https:\/\/fashiongold.lt\/lv\/fashiongold-lt-jaunumi\/\",\"url\":\"https:\/\/fashiongold.lt\/lv\/fashiongold-lt-jaunumi\/\",\"name\":\"Fashiongold.lt jaunumi: rotaslietu un dimantu tendences\",\"isPartOf\":{\"@id\":\"https:\/\/fashiongold.lt\/lv\/#website\"},\"primaryImageOfPage\":{\"@id\":\"https:\/\/fashiongold.lt\/lv\/fashiongold-lt-jaunumi\/#primaryimage\"},\"image\":{\"@id\":\"https:\/\/fashiongold.lt\/lv\/fashiongold-lt-jaunumi\/#primaryimage\"},\"thumbnailUrl\":\"https:\/\/fashiongold.lt\/wp-content\/uploads\/2025\/05\/23.jpg\",\"datePublished\":\"2025-04-27T11:27:32+00:00\",\"dateModified\":\"2026-02-03T05:28:08+00:00\",\"description\":\"Sekojiet jaunumiem: akcijas, inov\u0101cijas juvelierizstr\u0101d\u0101jumos, GIA sertific\u0113ti dimanti, AI juvelieris, padomi un jaun\u0101k\u0101s tendences.\",\"breadcrumb\":{\"@id\":\"https:\/\/fashiongold.lt\/lv\/fashiongold-lt-jaunumi\/#breadcrumb\"},\"inLanguage\":\"lv-LV\",\"potentialAction\":[{\"@type\":\"ReadAction\",\"target\":[\"https:\/\/fashiongold.lt\/lv\/fashiongold-lt-jaunumi\/\"]}]},{\"@type\":\"ImageObject\",\"inLanguage\":\"lv-LV\",\"@id\":\"https:\/\/fashiongold.lt\/lv\/fashiongold-lt-jaunumi\/#primaryimage\",\"url\":\"https:\/\/fashiongold.lt\/wp-content\/uploads\/2025\/05\/23.jpg\",\"contentUrl\":\"https:\/\/fashiongold.lt\/wp-content\/uploads\/2025\/05\/23.jpg\",\"width\":600,\"height\":600,\"caption\":\"Vestuviniai \u017eiedai\"},{\"@type\":\"BreadcrumbList\",\"@id\":\"https:\/\/fashiongold.lt\/lv\/fashiongold-lt-jaunumi\/#breadcrumb\",\"itemListElement\":[{\"@type\":\"ListItem\",\"position\":1,\"name\":\"Home\",\"item\":\"https:\/\/fashiongold.lt\/lv\/\"},{\"@type\":\"ListItem\",\"position\":2,\"name\":\"Fashiongold.lt jaunumi\"}]},{\"@type\":\"WebSite\",\"@id\":\"https:\/\/fashiongold.lt\/lv\/#website\",\"url\":\"https:\/\/fashiongold.lt\/lv\/\",\"name\":\"Fashion Gold\",\"description\":\"Juvelyrikos namai\",\"publisher\":{\"@id\":\"https:\/\/fashiongold.lt\/lv\/#organization\"},\"potentialAction\":[{\"@type\":\"SearchAction\",\"target\":{\"@type\":\"EntryPoint\",\"urlTemplate\":\"https:\/\/fashiongold.lt\/lv\/?s={search_term_string}\"},\"query-input\":{\"@type\":\"PropertyValueSpecification\",\"valueRequired\":true,\"valueName\":\"search_term_string\"}}],\"inLanguage\":\"lv-LV\"},{\"@type\":\"Organization\",\"@id\":\"https:\/\/fashiongold.lt\/lv\/#organization\",\"name\":\"Topdiamonds Online\",\"url\":\"https:\/\/fashiongold.lt\/lv\/\",\"logo\":{\"@type\":\"ImageObject\",\"inLanguage\":\"lv-LV\",\"@id\":\"https:\/\/fashiongold.lt\/lv\/#\/schema\/logo\/image\/\",\"url\":\"https:\/\/fashiongold.lt\/wp-content\/uploads\/2025\/04\/cropped-fashion_gold_logotipas2-scaled-1.png\",\"contentUrl\":\"https:\/\/fashiongold.lt\/wp-content\/uploads\/2025\/04\/cropped-fashion_gold_logotipas2-scaled-1.png\",\"width\":2559,\"height\":421,\"caption\":\"Topdiamonds Online\"},\"image\":{\"@id\":\"https:\/\/fashiongold.lt\/lv\/#\/schema\/logo\/image\/\"}}]}<\/script>\n<!-- \/ Yoast SEO plugin. -->","yoast_head_json":{"title":"Fashiongold.lt jaunumi: rotaslietu un dimantu tendences","description":"Sekojiet jaunumiem: akcijas, inov\u0101cijas juvelierizstr\u0101d\u0101jumos, GIA sertific\u0113ti dimanti, AI juvelieris, padomi un jaun\u0101k\u0101s tendences.","robots":{"index":"index","follow":"follow","max-snippet":"max-snippet:-1","max-image-preview":"max-image-preview:large","max-video-preview":"max-video-preview:-1"},"canonical":"https:\/\/fashiongold.lt\/lv\/fashiongold-lt-jaunumi\/","og_locale":"lv_LV","og_type":"article","og_title":"Fashiongold.lt jaunumi: rotaslietu un dimantu tendences","og_description":"Sekojiet jaunumiem: akcijas, inov\u0101cijas juvelierizstr\u0101d\u0101jumos, GIA sertific\u0113ti dimanti, AI juvelieris, padomi un jaun\u0101k\u0101s tendences.","og_url":"https:\/\/fashiongold.lt\/lv\/fashiongold-lt-jaunumi\/","og_site_name":"FashionGold.lt","article_modified_time":"2026-02-03T05:28:08+00:00","og_image":[{"width":600,"height":600,"url":"https:\/\/fashiongold.lt\/wp-content\/uploads\/2025\/05\/23.webp","type":"image\/jpeg"}],"twitter_card":"summary_large_image","twitter_misc":{"Est. reading time":"7 minutes"},"schema":{"@context":"https:\/\/schema.org","@graph":[{"@type":"WebPage","@id":"https:\/\/fashiongold.lt\/lv\/fashiongold-lt-jaunumi\/","url":"https:\/\/fashiongold.lt\/lv\/fashiongold-lt-jaunumi\/","name":"Fashiongold.lt jaunumi: rotaslietu un dimantu tendences","isPartOf":{"@id":"https:\/\/fashiongold.lt\/lv\/#website"},"primaryImageOfPage":{"@id":"https:\/\/fashiongold.lt\/lv\/fashiongold-lt-jaunumi\/#primaryimage"},"image":{"@id":"https:\/\/fashiongold.lt\/lv\/fashiongold-lt-jaunumi\/#primaryimage"},"thumbnailUrl":"https:\/\/fashiongold.lt\/wp-content\/uploads\/2025\/05\/23.jpg","datePublished":"2025-04-27T11:27:32+00:00","dateModified":"2026-02-03T05:28:08+00:00","description":"Sekojiet jaunumiem: akcijas, inov\u0101cijas juvelierizstr\u0101d\u0101jumos, GIA sertific\u0113ti dimanti, AI juvelieris, padomi un jaun\u0101k\u0101s tendences.","breadcrumb":{"@id":"https:\/\/fashiongold.lt\/lv\/fashiongold-lt-jaunumi\/#breadcrumb"},"inLanguage":"lv-LV","potentialAction":[{"@type":"ReadAction","target":["https:\/\/fashiongold.lt\/lv\/fashiongold-lt-jaunumi\/"]}]},{"@type":"ImageObject","inLanguage":"lv-LV","@id":"https:\/\/fashiongold.lt\/lv\/fashiongold-lt-jaunumi\/#primaryimage","url":"https:\/\/fashiongold.lt\/wp-content\/uploads\/2025\/05\/23.jpg","contentUrl":"https:\/\/fashiongold.lt\/wp-content\/uploads\/2025\/05\/23.jpg","width":600,"height":600,"caption":"Vestuviniai \u017eiedai"},{"@type":"BreadcrumbList","@id":"https:\/\/fashiongold.lt\/lv\/fashiongold-lt-jaunumi\/#breadcrumb","itemListElement":[{"@type":"ListItem","position":1,"name":"Home","item":"https:\/\/fashiongold.lt\/lv\/"},{"@type":"ListItem","position":2,"name":"Fashiongold.lt jaunumi"}]},{"@type":"WebSite","@id":"https:\/\/fashiongold.lt\/lv\/#website","url":"https:\/\/fashiongold.lt\/lv\/","name":"Fashion Gold","description":"Juvelyrikos namai","publisher":{"@id":"https:\/\/fashiongold.lt\/lv\/#organization"},"potentialAction":[{"@type":"SearchAction","target":{"@type":"EntryPoint","urlTemplate":"https:\/\/fashiongold.lt\/lv\/?s={search_term_string}"},"query-input":{"@type":"PropertyValueSpecification","valueRequired":true,"valueName":"search_term_string"}}],"inLanguage":"lv-LV"},{"@type":"Organization","@id":"https:\/\/fashiongold.lt\/lv\/#organization","name":"Topdiamonds Online","url":"https:\/\/fashiongold.lt\/lv\/","logo":{"@type":"ImageObject","inLanguage":"lv-LV","@id":"https:\/\/fashiongold.lt\/lv\/#\/schema\/logo\/image\/","url":"https:\/\/fashiongold.lt\/wp-content\/uploads\/2025\/04\/cropped-fashion_gold_logotipas2-scaled-1.png","contentUrl":"https:\/\/fashiongold.lt\/wp-content\/uploads\/2025\/04\/cropped-fashion_gold_logotipas2-scaled-1.png","width":2559,"height":421,"caption":"Topdiamonds Online"},"image":{"@id":"https:\/\/fashiongold.lt\/lv\/#\/schema\/logo\/image\/"}}]}},"_links":{"self":[{"href":"https:\/\/fashiongold.lt\/lv\/wp-json\/wp\/v2\/pages\/268667","targetHints":{"allow":["GET"]}}],"collection":[{"href":"https:\/\/fashiongold.lt\/lv\/wp-json\/wp\/v2\/pages"}],"about":[{"href":"https:\/\/fashiongold.lt\/lv\/wp-json\/wp\/v2\/types\/page"}],"author":[{"embeddable":true,"href":"https:\/\/fashiongold.lt\/lv\/wp-json\/wp\/v2\/users\/10"}],"replies":[{"embeddable":true,"href":"https:\/\/fashiongold.lt\/lv\/wp-json\/wp\/v2\/comments?post=268667"}],"version-history":[{"count":0,"href":"https:\/\/fashiongold.lt\/lv\/wp-json\/wp\/v2\/pages\/268667\/revisions"}],"wp:featuredmedia":[{"embeddable":true,"href":"https:\/\/fashiongold.lt\/lv\/wp-json\/wp\/v2\/media\/10548"}],"wp:attachment":[{"href":"https:\/\/fashiongold.lt\/lv\/wp-json\/wp\/v2\/media?parent=268667"}],"curies":[{"name":"wp","href":"https:\/\/api.w.org\/{rel}","templated":true}]}}