{"id":268685,"date":"2025-04-27T11:29:29","date_gmt":"2025-04-27T11:29:29","guid":{"rendered":"https:\/\/fashiongold.lt\/apmaksa\/"},"modified":"2026-02-03T05:17:47","modified_gmt":"2026-02-03T05:17:47","slug":"apmaksa","status":"publish","type":"page","link":"https:\/\/fashiongold.lt\/lv\/apmaksa\/","title":{"rendered":"Apmaksa"},"content":{"rendered":"<h2 data-pm-slice=\"1 1 []\">Apmaksa \u2013 FashionGold.lt (UAB Orknis)<\/h2>\n<p><img decoding=\"async\" src=\"https:\/\/images.surferseo.art\/b4500ccc-1c9e-4c95-ae52-317f92e09448.png\" alt=\"Stil\u012bgas sievietes kreis\u0101s rokas zeltnesis rot\u0101ts ar klasisku saderin\u0101\u0161an\u0101s gredzenu ar smaragda griezuma dimantu\" \/><\/p>\n<p><a href=\"http:\/\/FashionGold.lt\" target=\"_blank\" rel=\"noopener noreferrer\">FashionGold.lt<\/a> \u2013 tas ir juvelierizstr\u0101d\u0101jumu un dimantu veikals Vi\u013c\u0146\u0101, kur\u0101 ikviens klients var \u0113rti un dro\u0161i nor\u0113\u0137in\u0101ties par izv\u0113l\u0113taj\u0101m rotasliet\u0101m. FashionGold.lt pied\u0101v\u0101 tikai augst\u0101k\u0101s kvalit\u0101tes vai sertific\u0113tus dimantus, uzsverot unikalit\u0101ti un autentiskumu. Neatkar\u012bgi no t\u0101, vai p\u0113rkat juvelierizstr\u0101d\u0101jumus internet\u0101 vai m\u016bsu salon\u0101, m\u0113s pied\u0101v\u0101jam pla\u0161u apmaksas veidu izv\u0113li, lai process b\u016btu raits un piel\u0101gots j\u016bsu vajadz\u012bb\u0101m.<\/p>\n<h3>\u0112rta nor\u0113\u0137in\u0101\u0161an\u0101s par juvelierizstr\u0101d\u0101jumiem<\/h3>\n<p>M\u016bsu m\u0113r\u0137is \u2013 lai apmaksa b\u016btu vienk\u0101r\u0161a, dro\u0161a un skaidra. Par saderin\u0101\u0161an\u0101s gredzeniem, laul\u012bbas gredzeniem, auskariem ar dimantiem, kuloniem ar dimantu vai aproc\u0113m ar dimantiem varat nor\u0113\u0137in\u0101ties vair\u0101kos \u0113rtos veidos: ar bankas p\u0101rskait\u012bjumu, izmantojot \u201ePaysera\u201c maks\u0101jumu sist\u0113mu, ar karti, \u201eApple Pay\u201c, \u201eGoogle Pay\u201c, kriptoval\u016bt\u0101m, Esto l\u012bzingu vai skaidr\u0101 naud\u0101 m\u016bsu salon\u0101.<\/p>\n<hr \/>\n<h3>Nor\u0113\u0137ini ar bankas p\u0101rskait\u012bjumu<\/h3>\n<p>Bankas p\u0101rskait\u012bjums \u2013 viens no popul\u0101r\u0101kajiem un uzticam\u0101kajiem veidiem, k\u0101 nor\u0113\u0137in\u0101ties par juvelierizstr\u0101d\u0101jumiem. Pirms p\u0101rskait\u012bjuma veik\u0161anas iesak\u0101m vietn\u0113 izv\u0113l\u0113ties v\u0113lamo rotaslietu, ielikt to groz\u0101, nor\u0101d\u012bt pieg\u0101des datus un izv\u0113l\u0113ties nor\u0113\u0137inu ar bankas p\u0101rskait\u012bjumu.<\/p>\n<p><strong>Uz\u0146\u0113muma rekviz\u012bti:<\/strong><br \/>\nUAB \u201eOrknis\u201c<br \/>\nUz\u0146\u0113muma kods: 122019680<br \/>\nBanka: AB SEB bankas<br \/>\nKonts: LT447044060000149656<br \/>\nBankas kods: 70440<br \/>\nSWIFT: CBVILT2X<\/p>\n<p>Svar\u012bgi: maks\u0101juma uzdevum\u0101 nor\u0101diet pas\u016bt\u012bjuma numuru un, ja iesp\u0113jams, preces nosaukumu.<\/p>\n<hr \/>\n<h3>Nor\u0113\u0137ini, izmantojot \u201eMontonio\u201c maks\u0101jumu sist\u0113mu<\/h3>\n<p>\u201eMontonio\u201c sniedz iesp\u0113ju \u0113rti piesl\u0113gties savai bankai un apstiprin\u0101t maks\u0101jumu caur internetbanku.<\/p>\n<p><strong>K\u0101 tas darbojas:<\/strong><\/p>\n<ul>\n<li>Izv\u0113lieties \u201eMontonio\u201c k\u0101 apmaksas veidu<\/li>\n<li>Izv\u0113lieties savu banku<\/li>\n<li>Piesl\u0113dzieties internetbankai un veiciet maks\u0101jumu<\/li>\n<li>Atgriezieties <a href=\"http:\/\/FashionGold.lt\" target=\"_blank\" rel=\"noopener noreferrer\">FashionGold.lt<\/a> lap\u0101 un sa\u0146emiet pas\u016bt\u012bjuma apstiprin\u0101jumu.<\/li>\n<\/ul>\n<hr \/>\n<h3>Nor\u0113\u0137ini ar karti<\/h3>\n<p>Varat nor\u0113\u0137in\u0101ties ar kred\u012btkarti vai debetkarti, izmantojot \u201eMontonio\u201c sist\u0113mu. Tas ir \u0101trs un dro\u0161s veids, \u012bpa\u0161i pas\u016btot rotaslietas ar dimantiem internet\u0101.<\/p>\n<hr \/>\n<h3>Nor\u0113\u0137ini ar \u201eApple Pay\u201c un \u201eGoogle Pay\u201c<\/h3>\n<p>Tiem, kas nov\u0113rt\u0113 mobilit\u0101ti un \u0101trumu, pied\u0101v\u0101jam nor\u0113\u0137in\u0101ties ar Apple Pay vai Google Pay. \u0160ie veidi \u013cauj samaks\u0101t tikai ar da\u017eiem klik\u0161\u0137iem t\u0101lrun\u012b vai plan\u0161etdator\u0101, neizmantojot fizisku karti.<\/p>\n<hr \/>\n<h3>Nor\u0113\u0137ini ar kriptoval\u016bt\u0101m<\/h3>\n<p><a href=\"http:\/\/FashionGold.lt\" target=\"_blank\" rel=\"noopener noreferrer\">FashionGold.lt<\/a> pie\u0146em maks\u0101jumus popul\u0101r\u0101kaj\u0101s kriptoval\u016bt\u0101s \u2013 Bitcoin (BTC), Ethereum (ETH) un USDT. Tas ir moderns un dro\u0161s veids, k\u0101 nor\u0113\u0137in\u0101ties par izv\u0113l\u0113taj\u0101m rotasliet\u0101m, \u012bpa\u0161i klientiem no \u0101rvalst\u012bm.<\/p>\n<hr \/>\n<h3>Nor\u0113\u0137ini skaidr\u0101 naud\u0101 vai ar bankas karti salon\u0101<\/h3>\n<p>Ja v\u0113laties nor\u0113\u0137in\u0101ties skaidr\u0101 naud\u0101, aicin\u0101m apmekl\u0113t m\u016bsu juvelierizstr\u0101d\u0101jumu salonu Vi\u013c\u0146\u0101, adres\u0113 Pam\u0117nkalnio g. 5. T\u0101pat varat nor\u0113\u0137in\u0101ties ar kred\u012btkarti vai debetkarti.<\/p>\n<hr \/>\n<h2><strong>Nor\u0113\u0137inu ar karti dro\u0161\u012bba un apdro\u0161in\u0101\u0161ana<\/strong><\/h2>\n<p>Nor\u0113\u0137inoties par juvelierizstr\u0101d\u0101jumiem ar kred\u012btkarti vai debetkarti, da\u017eas bankas vai kar\u0161u izsniedz\u0113ji nodro\u0161ina papildu pirkumu apdro\u0161in\u0101\u0161anu. Tas noz\u012bm\u0113, ka kartes \u012bpa\u0161niekam var tikt kompens\u0113ti zaud\u0113jumi, ja rotaslieta tiek pazaud\u0113ta, saboj\u0101ta vai nozagta noteikt\u0101 laika posm\u0101 p\u0113c ieg\u0101des. Apdro\u0161in\u0101\u0161anas nosac\u012bjumi un der\u012bguma termi\u0146\u0161 ir atkar\u012bgs no konkr\u0113t\u0101s kartes un t\u0101s izsniedz\u0113jas bankas, t\u0101p\u0113c pirms pirkuma veik\u0161anas ir v\u0113rts p\u0101rbaud\u012bt savas kartes sniegto aizsardz\u012bbu. \u0160\u0101da papildu aizsardz\u012bba sniedz v\u0113l liel\u0101ku mieru, invest\u0113jot v\u0113rt\u012bg\u0101s rotasliet\u0101s ar dimantiem.<\/p>\n<h3>Da\u013c\u0113ja apmaksa atkar\u012bb\u0101 no cenas<\/h3>\n<p>Pied\u0101v\u0101jam iesp\u0113ju nor\u0113\u0137in\u0101ties pa da\u013c\u0101m \u2013 piem\u0113ram, 30 % avanss, veicot pas\u016bt\u012bjumu, bet atlikus\u012b summa tiek samaks\u0101ta pirms preces sa\u0146em\u0161anas vai pirms nos\u016bt\u012b\u0161anas.<\/p>\n<hr \/>\n<h3>Nor\u0113\u0137ini, izmantojot Esto l\u012bzingu<\/h3>\n<p>Esto l\u012bzings \u2013 \u0113rts veids, k\u0101 ieg\u0101d\u0101ties izv\u0113l\u0113t\u0101s rotaslietas ar dimantiem uz nomaksu:<\/p>\n<ul>\n<li>Bez jebk\u0101das p\u0101rmaksas \u2013 nomaksa 3 m\u0113ne\u0161u laik\u0101 vien\u0101d\u0101s da\u013c\u0101s, bez procentiem un jebk\u0101d\u0101m papildu maks\u0101m.<\/li>\n<li>Ilg\u0101ks periods \u2013 iesp\u0113ja maks\u0101t ilg\u0101k\u0101 laika posm\u0101 ar minim\u0101liem procentiem.<\/li>\n<li>L\u012bzinga nosac\u012bjumi tiek apstiprin\u0101ti da\u017eu min\u016b\u0161u laik\u0101, t\u0101p\u0113c pas\u016bt\u012b\u0161anas process joproj\u0101m ir \u0101trs un vienk\u0101r\u0161s.<\/li>\n<\/ul>\n<hr \/>\n<h3>Apmaksa par individu\u0101liem pas\u016bt\u012bjumiem<\/h3>\n<p><img decoding=\"async\" src=\"https:\/\/images.surferseo.art\/febcf227-851a-46d1-b8e6-50d572b089bc.png\" alt=\"Juveliera izveidota skice p\u0113c individu\u0101la pas\u016bt\u012bjuma\" \/><\/p>\n<p>P\u0113c pas\u016bt\u012bjuma izgatavotiem gredzeniem, auskariem, kuloniem un citiem juvelierizstr\u0101d\u0101jumiem ir nepiecie\u0161ams priek\u0161apmaksas avanss. T\u0101d\u0113j\u0101di m\u0113s nodro\u0161in\u0101m, ka j\u016bsu izv\u0113l\u0113tie dimanti vai citi d\u0101rgakme\u0146i tiek rezerv\u0113ti un darbi tiek uzs\u0101kti laic\u012bgi.<\/p>\n<hr \/>\n<h3>R\u0113\u0137ina-fakt\u016bras izrakst\u012b\u0161ana<\/h3>\n<p>Katram klientam izsniedzam r\u0113\u0137inu-fakt\u016bru \u2013 gan p\u0113rkot juvelierizstr\u0101d\u0101jumus Vi\u013c\u0146\u0101, gan pas\u016btot juvelierizstr\u0101d\u0101jumus internet\u0101.<\/p>\n<hr \/>\n<h3>M\u016bsu maks\u0101jumu dro\u0161\u012bba<\/h3>\n<p>Visi maks\u0101jumi ir aizsarg\u0101ti ar SSL sertifik\u0101tu, t\u0101p\u0113c varat b\u016bt dro\u0161i, ka j\u016bsu dati netiks nodoti tre\u0161aj\u0101m person\u0101m.<\/p>\n<hr \/>\n<h3>\u0112rt\u012bba un elast\u012bba<\/h3>\n<p><a href=\"http:\/\/FashionGold.lt\" target=\"_blank\" rel=\"noopener noreferrer\">FashionGold.lt<\/a> pied\u0101v\u0101 visus popul\u0101r\u0101kos nor\u0113\u0137inu veidus, t\u0101p\u0113c varat izv\u0113l\u0113ties sev \u0113rt\u0101ko \u2013 no tradicion\u0101la bankas p\u0101rskait\u012bjuma l\u012bdz moderniem digit\u0101lajiem maks\u0101jumiem un nomaksai bez p\u0101rmaksas.<\/p>\n<h3>Klientu apkalpo\u0161ana un pal\u012bdz\u012bba<\/h3>\n<p>M\u016bsu klientu apkalpo\u0161ana ir viena no svar\u012bg\u0101kaj\u0101m FashionGold.lt v\u0113rt\u012bb\u0101m. Ikviens, kur\u0161 mekl\u0113 unik\u0101lu rotaslietu vai interes\u0113jas par m\u016bsu izstr\u0101d\u0101jumiem, var r\u0113\u0137in\u0101ties ar profesion\u0101lu pal\u012bdz\u012bbu un individu\u0101lu uzman\u012bbu. Ja jums nepiecie\u0161ams padoms, izv\u0113loties dimantus, gredzenus, auskarus vai kulonus, m\u016bsu komanda vienm\u0113r ir gatava pal\u012bdz\u0113t. Tas noz\u012bm\u0113, ka katrs klients sa\u0146em atbildes uz visiem interes\u0113jo\u0161ajiem jaut\u0101jumiem un var pa\u013cauties uz m\u016bsu zin\u0101\u0161an\u0101m un pieredzi. Ir svar\u012bgi, lai j\u016bs b\u016btu apmierin\u0101ti ar savu izv\u0113li, t\u0101p\u0113c, ja rodas jaut\u0101jumi vai nepiecie\u0161ama papildu inform\u0101cija, nevilcinieties sazin\u0101ties \u2013 m\u016bsu m\u0113r\u0137is ir pal\u012bdz\u0113t jums atrast rotaslietu atbilsto\u0161i j\u016bsu v\u0113lm\u0113m un vajadz\u012bb\u0101m.<\/p>\n<hr \/>\n<h3>Nor\u0113\u0137ini ar zeltu \u2013 \u0113rts veids bez naudas<\/h3>\n<p><img decoding=\"async\" src=\"https:\/\/images.surferseo.art\/3853d876-dcac-48b1-9f10-eed8f38dab9e.png\" alt=\"Juveliera rokas sver un m\u0113ra zeltu, kas paredz\u0113ts nor\u0113\u0137iniem par juvelierizstr\u0101d\u0101jumiem\" \/><\/p>\n<p><a href=\"http:\/\/FashionGold.lt\" target=\"_blank\" rel=\"noopener noreferrer\">FashionGold.lt<\/a> pied\u0101v\u0101 iesp\u0113ju nor\u0113\u0137in\u0101ties par juvelierizstr\u0101d\u0101jumiem, izmantojot savu eso\u0161o zeltu. \u0160\u0101d\u0101 gad\u012bjum\u0101 zelts tiek atst\u0101ts k\u0101 avanss, t\u0101p\u0113c nav j\u0101maks\u0101 uzreiz ar naudu. P\u0113c jaunas rotaslietas izgatavo\u0161anas un izmantot\u0101 zelta daudzuma p\u0101rbaudes t\u0101 svaram pievienojam papildu 10 % (zelta iztvaiko\u0161anas, pul\u0113\u0161anas un kaus\u0113\u0161anas zudumi). Atliku\u0161o zelta daudzumu varat sa\u0146emt atpaka\u013c vai apmain\u012bt pret naudu p\u0113c attiec\u012bg\u0101s dienas zelta uzpirk\u0161anas cenas, un, ja nepiecie\u0161ams, piemaks\u0101t starp\u012bbu par izstr\u0101d\u0101jumu. Tas ir elast\u012bgs risin\u0101jums, kas \u013cauj \u0113rti atjaunot savu kolekciju un ieg\u0101d\u0101ties jaunus autorjuvelierizstr\u0101d\u0101jumus bez papildu izdevumiem.<\/p>\n","protected":false},"excerpt":{"rendered":"<p>Apmaksa \u2013 FashionGold.lt (UAB Orknis) FashionGold.lt \u2013 tas ir juvelierizstr\u0101d\u0101jumu un dimantu veikals Vi\u013c\u0146\u0101, kur\u0101 ikviens klients var \u0113rti un [&hellip;]<\/p>\n","protected":false},"author":10,"featured_media":32354,"parent":0,"menu_order":0,"comment_status":"closed","ping_status":"closed","template":"","meta":{"site-sidebar-layout":"default","site-content-layout":"","ast-site-content-layout":"default","site-content-style":"default","site-sidebar-style":"default","ast-global-header-display":"","ast-banner-title-visibility":"","ast-main-header-display":"","ast-hfb-above-header-display":"","ast-hfb-below-header-display":"","ast-hfb-mobile-header-display":"","site-post-title":"","ast-breadcrumbs-content":"","ast-featured-img":"","footer-sml-layout":"","ast-disable-related-posts":"","theme-transparent-header-meta":"default","adv-header-id-meta":"","stick-header-meta":"","header-above-stick-meta":"","header-main-stick-meta":"","header-below-stick-meta":"","astra-migrate-meta-layouts":"default","ast-page-background-enabled":"default","ast-page-background-meta":{"desktop":{"background-color":"var(--ast-global-color-4)","background-image":"","background-repeat":"repeat","background-position":"center center","background-size":"auto","background-attachment":"scroll","background-type":"","background-media":"","overlay-type":"","overlay-color":"","overlay-opacity":"","overlay-gradient":""},"tablet":{"background-color":"","background-image":"","background-repeat":"repeat","background-position":"center center","background-size":"auto","background-attachment":"scroll","background-type":"","background-media":"","overlay-type":"","overlay-color":"","overlay-opacity":"","overlay-gradient":""},"mobile":{"background-color":"","background-image":"","background-repeat":"repeat","background-position":"center center","background-size":"auto","background-attachment":"scroll","background-type":"","background-media":"","overlay-type":"","overlay-color":"","overlay-opacity":"","overlay-gradient":""}},"ast-content-background-meta":{"desktop":{"background-color":"var(--ast-global-color-5)","background-image":"","background-repeat":"repeat","background-position":"center center","background-size":"auto","background-attachment":"scroll","background-type":"","background-media":"","overlay-type":"","overlay-color":"","overlay-opacity":"","overlay-gradient":""},"tablet":{"background-color":"var(--ast-global-color-5)","background-image":"","background-repeat":"repeat","background-position":"center center","background-size":"auto","background-attachment":"scroll","background-type":"","background-media":"","overlay-type":"","overlay-color":"","overlay-opacity":"","overlay-gradient":""},"mobile":{"background-color":"var(--ast-global-color-5)","background-image":"","background-repeat":"repeat","background-position":"center center","background-size":"auto","background-attachment":"scroll","background-type":"","background-media":"","overlay-type":"","overlay-color":"","overlay-opacity":"","overlay-gradient":""}},"footnotes":""},"class_list":["post-268685","page","type-page","status-publish","has-post-thumbnail","hentry"],"yoast_head":"<!-- This site is optimized with the Yoast SEO plugin v26.6 - https:\/\/yoast.com\/wordpress\/plugins\/seo\/ -->\n<title>Apmaksa - Fashiongold.lt<\/title>\n<meta name=\"description\" content=\"Fashiongold.lt pied\u0101v\u0101 \u0113rtus nor\u0113\u0137inu veidus: bankas p\u0101rskait\u012bjums, Montonio, kartes, Google Pay un skaidra nauda Vi\u013c\u0146as salon\u0101.\" \/>\n<meta name=\"robots\" content=\"index, follow, max-snippet:-1, max-image-preview:large, max-video-preview:-1\" \/>\n<link rel=\"canonical\" href=\"https:\/\/fashiongold.lt\/lv\/apmaksa\/\" \/>\n<meta property=\"og:locale\" content=\"lv_LV\" \/>\n<meta property=\"og:type\" content=\"article\" \/>\n<meta property=\"og:title\" content=\"Apmaksa - Fashiongold.lt\" \/>\n<meta property=\"og:description\" content=\"Fashiongold.lt pied\u0101v\u0101 \u0113rtus nor\u0113\u0137inu veidus: bankas p\u0101rskait\u012bjums, Montonio, kartes, Google Pay un skaidra nauda Vi\u013c\u0146as salon\u0101.\" \/>\n<meta property=\"og:url\" content=\"https:\/\/fashiongold.lt\/lv\/apmaksa\/\" \/>\n<meta property=\"og:site_name\" content=\"FashionGold.lt\" \/>\n<meta property=\"article:modified_time\" content=\"2026-02-03T05:17:47+00:00\" \/>\n<meta property=\"og:image\" content=\"https:\/\/fashiongold.lt\/wp-content\/uploads\/2025\/08\/Suzadetuviu-ziedas-su-smaragdu-ir-deimantais-\u2013-elegantiskas-zalias-brangakmenis-1.png\" \/>\n\t<meta property=\"og:image:width\" content=\"1024\" \/>\n\t<meta property=\"og:image:height\" content=\"1024\" \/>\n\t<meta property=\"og:image:type\" content=\"image\/png\" \/>\n<meta name=\"twitter:card\" content=\"summary_large_image\" \/>\n<meta name=\"twitter:label1\" content=\"Est. reading time\" \/>\n\t<meta name=\"twitter:data1\" content=\"6 minutes\" \/>\n<script type=\"application\/ld+json\" class=\"yoast-schema-graph\">{\"@context\":\"https:\/\/schema.org\",\"@graph\":[{\"@type\":\"WebPage\",\"@id\":\"https:\/\/fashiongold.lt\/lv\/apmaksa\/\",\"url\":\"https:\/\/fashiongold.lt\/lv\/apmaksa\/\",\"name\":\"Apmaksa - Fashiongold.lt\",\"isPartOf\":{\"@id\":\"https:\/\/fashiongold.lt\/lv\/#website\"},\"primaryImageOfPage\":{\"@id\":\"https:\/\/fashiongold.lt\/lv\/apmaksa\/#primaryimage\"},\"image\":{\"@id\":\"https:\/\/fashiongold.lt\/lv\/apmaksa\/#primaryimage\"},\"thumbnailUrl\":\"https:\/\/fashiongold.lt\/wp-content\/uploads\/2025\/08\/Suzadetuviu-ziedas-su-smaragdu-ir-deimantais-\u2013-elegantiskas-zalias-brangakmenis-1.png\",\"datePublished\":\"2025-04-27T11:29:29+00:00\",\"dateModified\":\"2026-02-03T05:17:47+00:00\",\"description\":\"Fashiongold.lt pied\u0101v\u0101 \u0113rtus nor\u0113\u0137inu veidus: bankas p\u0101rskait\u012bjums, Montonio, kartes, Google Pay un skaidra nauda Vi\u013c\u0146as salon\u0101.\",\"breadcrumb\":{\"@id\":\"https:\/\/fashiongold.lt\/lv\/apmaksa\/#breadcrumb\"},\"inLanguage\":\"lv-LV\",\"potentialAction\":[{\"@type\":\"ReadAction\",\"target\":[\"https:\/\/fashiongold.lt\/lv\/apmaksa\/\"]}]},{\"@type\":\"ImageObject\",\"inLanguage\":\"lv-LV\",\"@id\":\"https:\/\/fashiongold.lt\/lv\/apmaksa\/#primaryimage\",\"url\":\"https:\/\/fashiongold.lt\/wp-content\/uploads\/2025\/08\/Suzadetuviu-ziedas-su-smaragdu-ir-deimantais-\u2013-elegantiskas-zalias-brangakmenis-1.png\",\"contentUrl\":\"https:\/\/fashiongold.lt\/wp-content\/uploads\/2025\/08\/Suzadetuviu-ziedas-su-smaragdu-ir-deimantais-\u2013-elegantiskas-zalias-brangakmenis-1.png\",\"width\":1024,\"height\":1024,\"caption\":\"Smaragdas - su\u017ead\u0117tuvi\u0173 \u017eiedas su smaragdu ir deimantais\"},{\"@type\":\"BreadcrumbList\",\"@id\":\"https:\/\/fashiongold.lt\/lv\/apmaksa\/#breadcrumb\",\"itemListElement\":[{\"@type\":\"ListItem\",\"position\":1,\"name\":\"Home\",\"item\":\"https:\/\/fashiongold.lt\/lv\/\"},{\"@type\":\"ListItem\",\"position\":2,\"name\":\"Apmaksa\"}]},{\"@type\":\"WebSite\",\"@id\":\"https:\/\/fashiongold.lt\/lv\/#website\",\"url\":\"https:\/\/fashiongold.lt\/lv\/\",\"name\":\"Fashion Gold\",\"description\":\"Juvelierizstr\u0101d\u0101jumu nams\",\"publisher\":{\"@id\":\"https:\/\/fashiongold.lt\/lv\/#organization\"},\"potentialAction\":[{\"@type\":\"SearchAction\",\"target\":{\"@type\":\"EntryPoint\",\"urlTemplate\":\"https:\/\/fashiongold.lt\/lv\/?s={search_term_string}\"},\"query-input\":{\"@type\":\"PropertyValueSpecification\",\"valueRequired\":true,\"valueName\":\"search_term_string\"}}],\"inLanguage\":\"lv-LV\"},{\"@type\":\"Organization\",\"@id\":\"https:\/\/fashiongold.lt\/lv\/#organization\",\"name\":\"Topdiamonds Online\",\"url\":\"https:\/\/fashiongold.lt\/lv\/\",\"logo\":{\"@type\":\"ImageObject\",\"inLanguage\":\"lv-LV\",\"@id\":\"https:\/\/fashiongold.lt\/lv\/#\/schema\/logo\/image\/\",\"url\":\"https:\/\/fashiongold.lt\/wp-content\/uploads\/2025\/04\/cropped-fashion_gold_logotipas2-scaled-1.png\",\"contentUrl\":\"https:\/\/fashiongold.lt\/wp-content\/uploads\/2025\/04\/cropped-fashion_gold_logotipas2-scaled-1.png\",\"width\":2559,\"height\":421,\"caption\":\"Topdiamonds Online\"},\"image\":{\"@id\":\"https:\/\/fashiongold.lt\/lv\/#\/schema\/logo\/image\/\"}}]}<\/script>\n<!-- \/ Yoast SEO plugin. -->","yoast_head_json":{"title":"Apmaksa - Fashiongold.lt","description":"Fashiongold.lt pied\u0101v\u0101 \u0113rtus nor\u0113\u0137inu veidus: bankas p\u0101rskait\u012bjums, Montonio, kartes, Google Pay un skaidra nauda Vi\u013c\u0146as salon\u0101.","robots":{"index":"index","follow":"follow","max-snippet":"max-snippet:-1","max-image-preview":"max-image-preview:large","max-video-preview":"max-video-preview:-1"},"canonical":"https:\/\/fashiongold.lt\/lv\/apmaksa\/","og_locale":"lv_LV","og_type":"article","og_title":"Apmaksa - Fashiongold.lt","og_description":"Fashiongold.lt pied\u0101v\u0101 \u0113rtus nor\u0113\u0137inu veidus: bankas p\u0101rskait\u012bjums, Montonio, kartes, Google Pay un skaidra nauda Vi\u013c\u0146as salon\u0101.","og_url":"https:\/\/fashiongold.lt\/lv\/apmaksa\/","og_site_name":"FashionGold.lt","article_modified_time":"2026-02-03T05:17:47+00:00","og_image":[{"width":1024,"height":1024,"url":"https:\/\/fashiongold.lt\/wp-content\/uploads\/2025\/08\/Suzadetuviu-ziedas-su-smaragdu-ir-deimantais-\u2013-elegantiskas-zalias-brangakmenis-1.png","type":"image\/png"}],"twitter_card":"summary_large_image","twitter_misc":{"Est. reading time":"6 minutes"},"schema":{"@context":"https:\/\/schema.org","@graph":[{"@type":"WebPage","@id":"https:\/\/fashiongold.lt\/lv\/apmaksa\/","url":"https:\/\/fashiongold.lt\/lv\/apmaksa\/","name":"Apmaksa - Fashiongold.lt","isPartOf":{"@id":"https:\/\/fashiongold.lt\/lv\/#website"},"primaryImageOfPage":{"@id":"https:\/\/fashiongold.lt\/lv\/apmaksa\/#primaryimage"},"image":{"@id":"https:\/\/fashiongold.lt\/lv\/apmaksa\/#primaryimage"},"thumbnailUrl":"https:\/\/fashiongold.lt\/wp-content\/uploads\/2025\/08\/Suzadetuviu-ziedas-su-smaragdu-ir-deimantais-\u2013-elegantiskas-zalias-brangakmenis-1.png","datePublished":"2025-04-27T11:29:29+00:00","dateModified":"2026-02-03T05:17:47+00:00","description":"Fashiongold.lt pied\u0101v\u0101 \u0113rtus nor\u0113\u0137inu veidus: bankas p\u0101rskait\u012bjums, Montonio, kartes, Google Pay un skaidra nauda Vi\u013c\u0146as salon\u0101.","breadcrumb":{"@id":"https:\/\/fashiongold.lt\/lv\/apmaksa\/#breadcrumb"},"inLanguage":"lv-LV","potentialAction":[{"@type":"ReadAction","target":["https:\/\/fashiongold.lt\/lv\/apmaksa\/"]}]},{"@type":"ImageObject","inLanguage":"lv-LV","@id":"https:\/\/fashiongold.lt\/lv\/apmaksa\/#primaryimage","url":"https:\/\/fashiongold.lt\/wp-content\/uploads\/2025\/08\/Suzadetuviu-ziedas-su-smaragdu-ir-deimantais-\u2013-elegantiskas-zalias-brangakmenis-1.png","contentUrl":"https:\/\/fashiongold.lt\/wp-content\/uploads\/2025\/08\/Suzadetuviu-ziedas-su-smaragdu-ir-deimantais-\u2013-elegantiskas-zalias-brangakmenis-1.png","width":1024,"height":1024,"caption":"Smaragdas - su\u017ead\u0117tuvi\u0173 \u017eiedas su smaragdu ir deimantais"},{"@type":"BreadcrumbList","@id":"https:\/\/fashiongold.lt\/lv\/apmaksa\/#breadcrumb","itemListElement":[{"@type":"ListItem","position":1,"name":"Home","item":"https:\/\/fashiongold.lt\/lv\/"},{"@type":"ListItem","position":2,"name":"Apmaksa"}]},{"@type":"WebSite","@id":"https:\/\/fashiongold.lt\/lv\/#website","url":"https:\/\/fashiongold.lt\/lv\/","name":"Fashion Gold","description":"Juvelierizstr\u0101d\u0101jumu nams","publisher":{"@id":"https:\/\/fashiongold.lt\/lv\/#organization"},"potentialAction":[{"@type":"SearchAction","target":{"@type":"EntryPoint","urlTemplate":"https:\/\/fashiongold.lt\/lv\/?s={search_term_string}"},"query-input":{"@type":"PropertyValueSpecification","valueRequired":true,"valueName":"search_term_string"}}],"inLanguage":"lv-LV"},{"@type":"Organization","@id":"https:\/\/fashiongold.lt\/lv\/#organization","name":"Topdiamonds Online","url":"https:\/\/fashiongold.lt\/lv\/","logo":{"@type":"ImageObject","inLanguage":"lv-LV","@id":"https:\/\/fashiongold.lt\/lv\/#\/schema\/logo\/image\/","url":"https:\/\/fashiongold.lt\/wp-content\/uploads\/2025\/04\/cropped-fashion_gold_logotipas2-scaled-1.png","contentUrl":"https:\/\/fashiongold.lt\/wp-content\/uploads\/2025\/04\/cropped-fashion_gold_logotipas2-scaled-1.png","width":2559,"height":421,"caption":"Topdiamonds Online"},"image":{"@id":"https:\/\/fashiongold.lt\/lv\/#\/schema\/logo\/image\/"}}]}},"_links":{"self":[{"href":"https:\/\/fashiongold.lt\/lv\/wp-json\/wp\/v2\/pages\/268685","targetHints":{"allow":["GET"]}}],"collection":[{"href":"https:\/\/fashiongold.lt\/lv\/wp-json\/wp\/v2\/pages"}],"about":[{"href":"https:\/\/fashiongold.lt\/lv\/wp-json\/wp\/v2\/types\/page"}],"author":[{"embeddable":true,"href":"https:\/\/fashiongold.lt\/lv\/wp-json\/wp\/v2\/users\/10"}],"replies":[{"embeddable":true,"href":"https:\/\/fashiongold.lt\/lv\/wp-json\/wp\/v2\/comments?post=268685"}],"version-history":[{"count":0,"href":"https:\/\/fashiongold.lt\/lv\/wp-json\/wp\/v2\/pages\/268685\/revisions"}],"wp:featuredmedia":[{"embeddable":true,"href":"https:\/\/fashiongold.lt\/lv\/wp-json\/wp\/v2\/media\/32354"}],"wp:attachment":[{"href":"https:\/\/fashiongold.lt\/lv\/wp-json\/wp\/v2\/media?parent=268685"}],"curies":[{"name":"wp","href":"https:\/\/api.w.org\/{rel}","templated":true}]}}