{"id":269298,"date":"2025-11-05T09:18:00","date_gmt":"2025-11-05T09:18:00","guid":{"rendered":"https:\/\/fashiongold.lt\/granats\/"},"modified":"2026-02-03T05:04:21","modified_gmt":"2026-02-03T05:04:21","slug":"granats","status":"publish","type":"page","link":"https:\/\/fashiongold.lt\/lv\/granats\/","title":{"rendered":"Gran\u0101ts"},"content":{"rendered":"<p><img decoding=\"async\" src=\"https:\/\/fashiongold.lt\/wp-content\/uploads\/2025\/11\/5e4c9f05-9ea7-4f50-bb16-789a9bc755ce.png\" alt=\"Dzidrs sarkans gran\u0101ts (round brilliant cut). Akmens mirdz pies\u0101tin\u0101tos sarkanos to\u0146os\" \/><\/p>\n<h2><strong>Gran\u0101ts \u2013 kaisles un sp\u0113ka akmens: no sen\u0101m le\u0123end\u0101m l\u012bdz m\u016bsdienu rotasliet\u0101m<\/strong><\/h2>\n<h3>Kas ir gran\u0101ts?<\/h3>\n<p>Vair\u0101k par gran\u0101tu \u2013 vienu no popul\u0101r\u0101kajiem d\u0101rgakme\u0146iem, t\u0101 \u012bpa\u0161\u012bb\u0101m, kr\u0101s\u0101m un simboliku.<\/p>\n<p>Gran\u0101ts \u2013 viens no popul\u0101r\u0101kajiem d\u0101rgakme\u0146iem, kas paz\u012bstams jau t\u016bksto\u0161iem gadu. Tas nav viens akmens, bet visa d\u0101rgakme\u0146u grupa, kurai rakstur\u012bga iespaid\u012bga kr\u0101su daudzveid\u012bba \u2013 no sarkanas l\u012bdz za\u013cai, oran\u017eai, violetai vai pat zilai. Tie ir viena no d\u0101rgakme\u0146u grup\u0101m, kas tiek nov\u0113rt\u0113tas savu \u012bpa\u0161\u012bbu d\u0113\u013c. Gran\u0101ta akmens simboliz\u0113 m\u012blest\u012bbu, sp\u0113ku, drosmi un uztic\u012bbu. Tas ir dzidrs da\u017e\u0101du kr\u0101su d\u0101rgakmens, kas tiek v\u0113rt\u0113ts t\u0101 spilgt\u0101 mirdzuma un ilgm\u016b\u017e\u012bbas d\u0113\u013c.<\/p>\n<h3>Gran\u0101ta izcelsme un v\u0113sture<\/h3>\n<p>\u0160is d\u0101rgakmens tika nov\u0113rt\u0113ts jau senaj\u0101 \u0112\u0123ipt\u0113, Rom\u0101 un Persij\u0101. Gran\u0101tu sauca par \u201ekarbunkulu\u201c, kas noz\u012bm\u0113 \u201euguns akmens\u201c. To izmantoja valdnieku rotasliet\u0101s, saderin\u0101\u0161an\u0101s gredzenos un amuletos. Tiek uzskat\u012bts, ka gran\u0101ts sarg\u0101ja ce\u013cot\u0101jus, sniedza ener\u0123iju un pal\u012bdz\u0113ja p\u0101rvar\u0113t bailes.<\/p>\n<h3>Gran\u0101ta \u012bpa\u0161\u012bbas<\/h3>\n<ul>\n<li><strong>Ciet\u012bba:<\/strong> 6,5\u20137,5 p\u0113c Mosa skalas \u2013 gran\u0101ti ir diezgan cieti, t\u0101p\u0113c tie ir piem\u0113roti ikdienas rotasliet\u0101m.<\/li>\n<li><strong>Mirdzums:<\/strong> stiklains vai dimanta, t\u0101p\u0113c akmens mirdz pat v\u0101j\u0101 apgaismojum\u0101, un t\u0101 sp\u012bdums var b\u016bt l\u012bdz\u012bgs tam, k\u0101 mirdz dimanti.<\/li>\n<li><strong>Dzidrums:<\/strong> tas ir <strong>dzidrs da\u017e\u0101du kr\u0101su d\u0101rgakmens<\/strong> \u2013 no sarkanas l\u012bdz za\u013cai, oran\u017eai vai pat zilai.<\/li>\n<li><strong>Bl\u012bvums:<\/strong> 3,4\u20134,2 g\/cm\u00b3, t\u0101p\u0113c akmens \u0161\u0137iet stingrs un tam ir \u201esvars\u201c.<\/li>\n<li><strong>Sast\u0101vs:<\/strong> silik\u0101tu grupas miner\u0101ls ar dzelzs, magnija, mang\u0101na vai kalcija piemais\u012bjumiem \u2013 no t\u0101 ir atkar\u012bga kr\u0101sa.<\/li>\n<\/ul>\n<p>\u0160o \u012bpa\u0161\u012bbu d\u0113\u013c gran\u0101tu var izmantot da\u017e\u0101d\u0101s rotasliet\u0101s vai pat r\u016bpniec\u012bb\u0101.<\/p>\n<h3>Gran\u0101tu veidi un kr\u0101sas<\/h3>\n<p><img decoding=\"async\" src=\"https:\/\/fashiongold.lt\/wp-content\/uploads\/2025\/11\/e9e121b0-4906-402c-b452-c5e449462317.png\" alt=\"Da\u017e\u0101du kr\u0101su gran\u0101ts - sarkans, oran\u017es, roz\u0101, violets, br\u016bns, melns, zils\" \/><\/p>\n<p>Gran\u0101ti var b\u016bt sarkani, oran\u017ei, za\u013ci, roz\u0101, violeti vai pat melni. Bie\u017e\u0101k sastopamie veidi:<\/p>\n<ul>\n<li><strong>Almand\u012bns<\/strong> \u2013 dzi\u013ci sarkanas kr\u0101sas akmens, kas tiek uzskat\u012bts par m\u012blest\u012bbas un kaisles simbolu.<\/li>\n<li><strong>Pirops<\/strong> \u2013 klasisks, tum\u0161i sarkans, kas atg\u0101dina v\u012bna vai gran\u0101t\u0101bola s\u0113klas.<\/li>\n<li><strong>Spesart\u012bns<\/strong> \u2013 oran\u017es vai mandar\u012bnu tonis, kas sniedz optimismu un rado\u0161umu.<\/li>\n<li><strong>Grosul\u0101rs<\/strong> \u2013 gai\u0161i za\u013c\u0161 vai dzelten\u012bgs akmens, kas da\u017ek\u0101rt atg\u0101dina smaragdu. Smaragdi ir za\u013ci d\u0101rgakme\u0146i, kurus v\u0113rt\u0113 to unik\u0101l\u0101s kr\u0101sas un retuma d\u0113\u013c.<\/li>\n<li><strong>Uvarov\u012bts<\/strong> \u2013 spilgti za\u013c\u0161 gran\u0101ts, \u013coti rets un v\u0113rt\u012bgs savas unik\u0101l\u0101s kr\u0101sas d\u0113\u013c.<\/li>\n<\/ul>\n<p>Gran\u0101tus bie\u017ei jauc ar citiem d\u0101rgakme\u0146iem, piem\u0113ram, rub\u012bnu, saf\u012bru, smaragdiem vai p\u0113rl\u0113m.<\/p>\n<h3>Gran\u0101ts juvelierizstr\u0101d\u0101jumos<\/h3>\n<p><img decoding=\"async\" src=\"https:\/\/fashiongold.lt\/wp-content\/uploads\/2025\/11\/ddad0ce3-2c2f-484c-8b2e-8f58766859e9.png\" alt=\"Stil\u012bgas meitenes aus\u012bs mirdz balt\u0101 zelta auskars ar apa\u013cu gran\u0101tu centr\u0101 un maziem dimantiem apk\u0101rt.\" \/><\/p>\n<p>Gran\u0101ti lieliski sader ar zelta un sudraba rotasliet\u0101m. Tos izmanto, veidojot gredzenus ar dimantiem, auskarus ar dimantiem, kulonus ar dimantiem un laul\u012bbas gredzenus. Sarkanais gran\u0101ts ir \u012bpa\u0161i popul\u0101rs saderin\u0101\u0161an\u0101s gredzenos, jo tas simboliz\u0113 m\u012blest\u012bbu un kaisli.<\/p>\n<h3>Gran\u0101ta ma\u0123isk\u0101s \u012bpa\u0161\u012bbas<\/h3>\n<p>Senatn\u0113 cilv\u0113ki tic\u0113ja, ka gran\u0101ts ir talismans, kas sarg\u0101 no nelaim\u0113m. Tas simboliz\u0113 drosmi, ener\u0123iju un iztur\u012bbu. Talismans p\u0113c zodiaka z\u012bmes bie\u017ei tiek saist\u012bts ar Lauvu, Skorpionu un Aunu \u2013 z\u012bm\u0113m, kur\u0101m \u0161is akmens sniedz sp\u0113ku.<\/p>\n<p>Gran\u0101ts kop\u0161 seniem laikiem tiek uzskat\u012bts par akmeni, kas piesaista veiksmi un aizsardz\u012bbu.<\/p>\n<p>Gran\u0101ta akmens tiek uzskat\u012bts ar\u012b par m\u012blest\u012bbas simbolu \u2013 tas stiprina saikni starp partneriem un veicina sirsn\u012bbu.<\/p>\n<h3>Gran\u0101ts un zodiaka z\u012bmes<\/h3>\n<p>K\u0101 akmens p\u0113c zodiaka, gran\u0101ts visvair\u0101k piem\u0113rots janv\u0101r\u012b dzimu\u0161ajiem \u2013 t\u0101p\u0113c to sauc par janv\u0101ra dzim\u0161anas akmeni. Akmens p\u0113c dzim\u0161anas datuma var pal\u012bdz\u0113t atkl\u0101t cilv\u0113ka ener\u0123iju, bet gran\u0101ts tiek uzskat\u012bts par talismanu, kas sniedz dz\u012bv\u012bgumu un pa\u0161p\u0101rliecin\u0101t\u012bbu.<\/p>\n<h3>K\u0101 atpaz\u012bt \u012bstu gran\u0101tu<\/h3>\n<p>Dabiskam gran\u0101tam piem\u012bt sp\u0113c\u012bgs stikla mirdzums, un t\u0101 virsma izskat\u0101s dzi\u013ca, it k\u0101 mirdz\u0113tu no iek\u0161ienes. Ja akmens ir p\u0101r\u0101k perfekti dzidrs, visticam\u0101k, tas ir m\u0101ksl\u012bgs variants. \u012astam gran\u0101ta akmenim bie\u017ei ir mazi iek\u0161\u0113jie iesl\u0113gumi, kas liecina par t\u0101 dabiskumu.<\/p>\n<h3>Gran\u0101ts \u2013 ne tikai sarkans<\/h3>\n<p>Lai gan visbie\u017e\u0101k gran\u0101ti tiek saist\u012bti ar sarkan\u0101s kr\u0101sas d\u0101rgakme\u0146iem, past\u0101v ar\u012b ret\u0101ki to\u0146i \u2013 za\u013cgani, oran\u017ei vai pat zili. Dzidrs d\u0101rgakmens maina kr\u0101su atkar\u012bb\u0101 no apgaismojuma, t\u0101p\u0113c da\u017ei eksempl\u0101ri sav\u0101 skaistum\u0101 neatpaliek no saf\u012briem vai dimantiem.<\/p>\n<h3>Gran\u0101ta vieta starp d\u0101rgakme\u0146iem<\/h3>\n<p>Gran\u0101ti ir vieni no visaugst\u0101k v\u0113rt\u0113tajiem d\u0101rgakme\u0146iem to dabisk\u0101 skaistuma un daudzpus\u012bbas d\u0113\u013c. Tos bie\u017ei izv\u0113las tie, kuri v\u0113las rotaslietu ar noz\u012bmi \u2013 talismanu p\u0113c dzim\u0161anas datuma, kas ne tikai rot\u0101, bet ar\u012b pal\u012bdz atg\u016bt emocion\u0101lo l\u012bdzsvaru.<\/p>\n<p>Gran\u0101ts ir akmens, kas apvieno m\u012blest\u012bbu un ener\u0123iju, sniedz sp\u0113ku un iedvesmu. Tas lieliski sader ar dimantiem, saf\u012briem, p\u0113rl\u0113m vai pat smaragdu, radot izteiksm\u012bgas, kontrast\u0113jo\u0161as juvelierizstr\u0101d\u0101jumu kombin\u0101cijas.<\/p>\n<h3>Gran\u0101ta cena<\/h3>\n<p>Gran\u0101ta cena ir atkar\u012bga no daudziem faktoriem \u2013 izm\u0113ra, kvalit\u0101tes, kr\u0101sas un veida. \u0160is akmens var b\u016bt da\u017e\u0101d\u0101s kr\u0101s\u0101s, t\u0101p\u0113c ar\u012b cenu diapazons ir \u013coti pla\u0161s. \u012apa\u0161i v\u0113rt\u0113ti ir sarkanie gran\u0101ti, piem\u0113ram, piropi, kas bie\u017ei vien ir visiek\u0101rot\u0101kie un d\u0101rg\u0101kie. Ta\u010du gran\u0101ti var b\u016bt ne tikai sarkani \u2013 za\u013ciem, oran\u017eiem vai pat violetiem akme\u0146iem ar\u012b ir sava v\u0113rt\u012bba atkar\u012bb\u0101 no retuma un skaistuma. Gran\u0101ta cena ir atkar\u012bga ar\u012b no t\u0101 dzidruma, formas un sl\u012bp\u0113juma \u2013 jo akmens ir dzidr\u0101ks un lab\u0101k apstr\u0101d\u0101ts, jo tas ir d\u0101rg\u0101ks. Da\u017ei gran\u0101ti, \u012bpa\u0161i reti vai ar unik\u0101lu kr\u0101su, var b\u016bt \u013coti d\u0101rgi. Tom\u0113r pat l\u0113t\u0101ki gran\u0101ti var b\u016bt \u013coti skaisti un v\u0113rt\u012bgi, t\u0101p\u0113c \u0161is akmens ir piem\u0113rots gan grezn\u0101m, gan ikdienas rotasliet\u0101m. Gran\u0101ta cena ir subjekt\u012bva \u2013 t\u0101 ir atkar\u012bga no individu\u0101laj\u0101m v\u0113lm\u0113m, v\u0113lam\u0101s kr\u0101sas vai akmens izm\u0113ra, t\u0101p\u0113c ikviens var atrast sev piem\u0113rotu variantu.<\/p>\n<h3>Interesanti fakti par gran\u0101tu<\/h3>\n<p>Gran\u0101ts ir viens no sen\u0101kajiem un visaugst\u0101k v\u0113rt\u0113tajiem d\u0101rgakme\u0146iem pasaul\u0113. Tas tiek uzskat\u012bts par sp\u0113ka, ap\u0146\u0113m\u012bbas un aizsardz\u012bbas simbolu, un savu izcilo \u012bpa\u0161\u012bbu d\u0113\u013c tas t\u016bksto\u0161iem gadu ir ticis izmantots da\u017e\u0101d\u0101s kult\u016br\u0101s. Gran\u0101ts izce\u013cas ne tikai ar savu skaistumu, bet ar\u012b ar ciet\u012bbu \u2013 tas ir viens no iztur\u012bg\u0101kajiem akme\u0146iem, t\u0101p\u0113c lieliski piem\u0113rots ikdienas valk\u0101\u0161anai. \u0160is akmens var b\u016bt da\u017e\u0101d\u0101s kr\u0101s\u0101s \u2013 no pies\u0101tin\u0101ti sarkanas l\u012bdz gai\u0161i za\u013cai vai pat violetai, t\u0101p\u0113c ikviens var atrast sev t\u012bkamu toni. Gran\u0101ts tiek uzskat\u012bts ar\u012b par m\u012blest\u012bbas, kaisles un aizsardz\u012bbas simbolu, t\u0101p\u0113c to bie\u017ei izv\u0113las k\u0101 \u012bpa\u0161u juvelierizstr\u0101d\u0101jumu akcentu. Interesanti, ka gran\u0101ts tika izmantots ne tikai rotasliet\u0101s, bet ar\u012b k\u0101 talismans, kas sarg\u0101 no nelaim\u0113m vai sniedz sp\u0113ku. Savas daudzpus\u012bbas un unikalit\u0101tes d\u0113\u013c gran\u0101ts ir viens no v\u0113rt\u012bg\u0101kajiem d\u0101rgakme\u0146iem, kas vienm\u0113r paliks mod\u0113 un b\u016bs iecien\u012bts gan juvelierizstr\u0101d\u0101jumu, gan d\u0101rgakme\u0146u pasaul\u0113.<\/p>\n<h3>K\u0101p\u0113c v\u0113rts izv\u0113l\u0113ties gran\u0101tu<\/h3>\n<p><img decoding=\"async\" src=\"https:\/\/fashiongold.lt\/wp-content\/uploads\/2025\/11\/e57d58fc-2bec-4efb-ba5e-54545f362ca4.png\" alt=\"Saderin\u0101\u0161an\u0101s gredzens ar apa\u013cu sarkanu gran\u0101tu centr\u0101, baltais zelts, s\u0101nu dimanti.\" \/><\/p>\n<p>\u0160is d\u0101rgakmens ir ne tikai rota, bet ar\u012b simbols. Tas pal\u012bdz sasniegt m\u0113r\u0137us, p\u0101rvar\u0113t izaicin\u0101jumus un stiprina pa\u0161p\u0101rliecin\u0101t\u012bbu. Gran\u0101ta gredzens ar dimantu vai auskari ar dimantiem k\u013c\u016bs ne tikai par stila akcentu, bet ar\u012b par talismanu visai dz\u012bvei.<\/p>\n<p>Gran\u0101ts ir viens no tiem d\u0101rgakme\u0146iem, kas nekad neiziet no modes. T\u0101 kr\u0101sas, mirdzums un v\u0113sture aizrauj gan klasikas cien\u012bt\u0101jus, gan juvelierizstr\u0101d\u0101jumu cien\u012bt\u0101jus, kuri mekl\u0113 modernas formas.<\/p>\n","protected":false},"excerpt":{"rendered":"<p>Gran\u0101ts \u2013 kaisles un sp\u0113ka akmens: no sen\u0101m le\u0123end\u0101m l\u012bdz m\u016bsdienu rotasliet\u0101m Kas ir gran\u0101ts? Vair\u0101k par gran\u0101tu \u2013 vienu [&hellip;]<\/p>\n","protected":false},"author":11,"featured_media":263388,"parent":0,"menu_order":0,"comment_status":"closed","ping_status":"closed","template":"","meta":{"site-sidebar-layout":"default","site-content-layout":"","ast-site-content-layout":"default","site-content-style":"default","site-sidebar-style":"default","ast-global-header-display":"","ast-banner-title-visibility":"","ast-main-header-display":"","ast-hfb-above-header-display":"","ast-hfb-below-header-display":"","ast-hfb-mobile-header-display":"","site-post-title":"","ast-breadcrumbs-content":"","ast-featured-img":"disabled","footer-sml-layout":"","ast-disable-related-posts":"","theme-transparent-header-meta":"default","adv-header-id-meta":"","stick-header-meta":"","header-above-stick-meta":"","header-main-stick-meta":"","header-below-stick-meta":"","astra-migrate-meta-layouts":"default","ast-page-background-enabled":"default","ast-page-background-meta":{"desktop":{"background-color":"var(--ast-global-color-4)","background-image":"","background-repeat":"repeat","background-position":"center center","background-size":"auto","background-attachment":"scroll","background-type":"","background-media":"","overlay-type":"","overlay-color":"","overlay-opacity":"","overlay-gradient":""},"tablet":{"background-color":"","background-image":"","background-repeat":"repeat","background-position":"center center","background-size":"auto","background-attachment":"scroll","background-type":"","background-media":"","overlay-type":"","overlay-color":"","overlay-opacity":"","overlay-gradient":""},"mobile":{"background-color":"","background-image":"","background-repeat":"repeat","background-position":"center center","background-size":"auto","background-attachment":"scroll","background-type":"","background-media":"","overlay-type":"","overlay-color":"","overlay-opacity":"","overlay-gradient":""}},"ast-content-background-meta":{"desktop":{"background-color":"var(--ast-global-color-5)","background-image":"","background-repeat":"repeat","background-position":"center center","background-size":"auto","background-attachment":"scroll","background-type":"","background-media":"","overlay-type":"","overlay-color":"","overlay-opacity":"","overlay-gradient":""},"tablet":{"background-color":"var(--ast-global-color-5)","background-image":"","background-repeat":"repeat","background-position":"center center","background-size":"auto","background-attachment":"scroll","background-type":"","background-media":"","overlay-type":"","overlay-color":"","overlay-opacity":"","overlay-gradient":""},"mobile":{"background-color":"var(--ast-global-color-5)","background-image":"","background-repeat":"repeat","background-position":"center center","background-size":"auto","background-attachment":"scroll","background-type":"","background-media":"","overlay-type":"","overlay-color":"","overlay-opacity":"","overlay-gradient":""}},"footnotes":""},"class_list":["post-269298","page","type-page","status-publish","has-post-thumbnail","hentry"],"yoast_head":"<!-- This site is optimized with the Yoast SEO plugin v26.6 - https:\/\/yoast.com\/wordpress\/plugins\/seo\/ -->\n<title>Gran\u0101ts: \u012bpa\u0161\u012bbas, izmanto\u0161ana un noz\u012bme d\u0101rgakme\u0146os<\/title>\n<meta name=\"description\" content=\"Atkl\u0101jiet gran\u0101ta \u012bpa\u0161\u012bbas, t\u0101 izmanto\u0161anu un noz\u012bmi d\u0101rgakme\u0146os. Uzziniet, k\u0101 \u0161is akmens var bag\u0101tin\u0101t j\u016bsu kolekciju. Lasiet rakstu!\" \/>\n<meta name=\"robots\" content=\"index, follow, max-snippet:-1, max-image-preview:large, max-video-preview:-1\" \/>\n<link rel=\"canonical\" href=\"https:\/\/fashiongold.lt\/lv\/granats\/\" \/>\n<meta property=\"og:locale\" content=\"lv_LV\" \/>\n<meta property=\"og:type\" content=\"article\" \/>\n<meta property=\"og:title\" content=\"Gran\u0101ts: \u012bpa\u0161\u012bbas, izmanto\u0161ana un noz\u012bme d\u0101rgakme\u0146os\" \/>\n<meta property=\"og:description\" content=\"Atkl\u0101jiet gran\u0101ta \u012bpa\u0161\u012bbas, t\u0101 izmanto\u0161anu un noz\u012bmi d\u0101rgakme\u0146os. Uzziniet, k\u0101 \u0161is akmens var bag\u0101tin\u0101t j\u016bsu kolekciju. Lasiet rakstu!\" \/>\n<meta property=\"og:url\" content=\"https:\/\/fashiongold.lt\/lv\/granats\/\" \/>\n<meta property=\"og:site_name\" content=\"FashionGold.lt\" \/>\n<meta property=\"article:modified_time\" content=\"2026-02-03T05:04:21+00:00\" \/>\n<meta property=\"og:image\" content=\"https:\/\/fashiongold.lt\/wp-content\/uploads\/2025\/11\/5e4c9f05-9ea7-4f50-bb16-789a9bc755ce.png\" \/>\n\t<meta property=\"og:image:width\" content=\"1536\" \/>\n\t<meta property=\"og:image:height\" content=\"1024\" \/>\n\t<meta property=\"og:image:type\" content=\"image\/png\" \/>\n<meta name=\"twitter:card\" content=\"summary_large_image\" \/>\n<meta name=\"twitter:label1\" content=\"Est. reading time\" \/>\n\t<meta name=\"twitter:data1\" content=\"7 minutes\" \/>\n<script type=\"application\/ld+json\" class=\"yoast-schema-graph\">{\"@context\":\"https:\/\/schema.org\",\"@graph\":[{\"@type\":\"WebPage\",\"@id\":\"https:\/\/fashiongold.lt\/lv\/granats\/\",\"url\":\"https:\/\/fashiongold.lt\/lv\/granats\/\",\"name\":\"Gran\u0101ts: \u012bpa\u0161\u012bbas, izmanto\u0161ana un noz\u012bme d\u0101rgakme\u0146os\",\"isPartOf\":{\"@id\":\"https:\/\/fashiongold.lt\/lv\/#website\"},\"primaryImageOfPage\":{\"@id\":\"https:\/\/fashiongold.lt\/lv\/granats\/#primaryimage\"},\"image\":{\"@id\":\"https:\/\/fashiongold.lt\/lv\/granats\/#primaryimage\"},\"thumbnailUrl\":\"https:\/\/fashiongold.lt\/wp-content\/uploads\/2025\/11\/5e4c9f05-9ea7-4f50-bb16-789a9bc755ce.png\",\"datePublished\":\"2025-11-05T09:18:00+00:00\",\"dateModified\":\"2026-02-03T05:04:21+00:00\",\"description\":\"Atkl\u0101jiet gran\u0101ta \u012bpa\u0161\u012bbas, t\u0101 izmanto\u0161anu un noz\u012bmi d\u0101rgakme\u0146os. Uzziniet, k\u0101 \u0161is akmens var bag\u0101tin\u0101t j\u016bsu kolekciju. Lasiet rakstu!\",\"breadcrumb\":{\"@id\":\"https:\/\/fashiongold.lt\/lv\/granats\/#breadcrumb\"},\"inLanguage\":\"lv-LV\",\"potentialAction\":[{\"@type\":\"ReadAction\",\"target\":[\"https:\/\/fashiongold.lt\/lv\/granats\/\"]}]},{\"@type\":\"ImageObject\",\"inLanguage\":\"lv-LV\",\"@id\":\"https:\/\/fashiongold.lt\/lv\/granats\/#primaryimage\",\"url\":\"https:\/\/fashiongold.lt\/wp-content\/uploads\/2025\/11\/5e4c9f05-9ea7-4f50-bb16-789a9bc755ce.png\",\"contentUrl\":\"https:\/\/fashiongold.lt\/wp-content\/uploads\/2025\/11\/5e4c9f05-9ea7-4f50-bb16-789a9bc755ce.png\",\"width\":1536,\"height\":1024,\"caption\":\"Skaidrus raudonas granatas (round brilliant cut). Akmuo spindi sodriai raudonais tonais\"},{\"@type\":\"BreadcrumbList\",\"@id\":\"https:\/\/fashiongold.lt\/lv\/granats\/#breadcrumb\",\"itemListElement\":[{\"@type\":\"ListItem\",\"position\":1,\"name\":\"Home\",\"item\":\"https:\/\/fashiongold.lt\/lv\/\"},{\"@type\":\"ListItem\",\"position\":2,\"name\":\"Gran\u0101ts\"}]},{\"@type\":\"WebSite\",\"@id\":\"https:\/\/fashiongold.lt\/lv\/#website\",\"url\":\"https:\/\/fashiongold.lt\/lv\/\",\"name\":\"Fashion Gold\",\"description\":\"Juvelyrikos namai\",\"publisher\":{\"@id\":\"https:\/\/fashiongold.lt\/lv\/#organization\"},\"potentialAction\":[{\"@type\":\"SearchAction\",\"target\":{\"@type\":\"EntryPoint\",\"urlTemplate\":\"https:\/\/fashiongold.lt\/lv\/?s={search_term_string}\"},\"query-input\":{\"@type\":\"PropertyValueSpecification\",\"valueRequired\":true,\"valueName\":\"search_term_string\"}}],\"inLanguage\":\"lv-LV\"},{\"@type\":\"Organization\",\"@id\":\"https:\/\/fashiongold.lt\/lv\/#organization\",\"name\":\"Topdiamonds Online\",\"url\":\"https:\/\/fashiongold.lt\/lv\/\",\"logo\":{\"@type\":\"ImageObject\",\"inLanguage\":\"lv-LV\",\"@id\":\"https:\/\/fashiongold.lt\/lv\/#\/schema\/logo\/image\/\",\"url\":\"https:\/\/fashiongold.lt\/wp-content\/uploads\/2025\/04\/cropped-fashion_gold_logotipas2-scaled-1.png\",\"contentUrl\":\"https:\/\/fashiongold.lt\/wp-content\/uploads\/2025\/04\/cropped-fashion_gold_logotipas2-scaled-1.png\",\"width\":2559,\"height\":421,\"caption\":\"Topdiamonds Online\"},\"image\":{\"@id\":\"https:\/\/fashiongold.lt\/lv\/#\/schema\/logo\/image\/\"}}]}<\/script>\n<!-- \/ Yoast SEO plugin. -->","yoast_head_json":{"title":"Gran\u0101ts: \u012bpa\u0161\u012bbas, izmanto\u0161ana un noz\u012bme d\u0101rgakme\u0146os","description":"Atkl\u0101jiet gran\u0101ta \u012bpa\u0161\u012bbas, t\u0101 izmanto\u0161anu un noz\u012bmi d\u0101rgakme\u0146os. Uzziniet, k\u0101 \u0161is akmens var bag\u0101tin\u0101t j\u016bsu kolekciju. Lasiet rakstu!","robots":{"index":"index","follow":"follow","max-snippet":"max-snippet:-1","max-image-preview":"max-image-preview:large","max-video-preview":"max-video-preview:-1"},"canonical":"https:\/\/fashiongold.lt\/lv\/granats\/","og_locale":"lv_LV","og_type":"article","og_title":"Gran\u0101ts: \u012bpa\u0161\u012bbas, izmanto\u0161ana un noz\u012bme d\u0101rgakme\u0146os","og_description":"Atkl\u0101jiet gran\u0101ta \u012bpa\u0161\u012bbas, t\u0101 izmanto\u0161anu un noz\u012bmi d\u0101rgakme\u0146os. Uzziniet, k\u0101 \u0161is akmens var bag\u0101tin\u0101t j\u016bsu kolekciju. Lasiet rakstu!","og_url":"https:\/\/fashiongold.lt\/lv\/granats\/","og_site_name":"FashionGold.lt","article_modified_time":"2026-02-03T05:04:21+00:00","og_image":[{"width":1536,"height":1024,"url":"https:\/\/fashiongold.lt\/wp-content\/uploads\/2025\/11\/5e4c9f05-9ea7-4f50-bb16-789a9bc755ce.png","type":"image\/png"}],"twitter_card":"summary_large_image","twitter_misc":{"Est. reading time":"7 minutes"},"schema":{"@context":"https:\/\/schema.org","@graph":[{"@type":"WebPage","@id":"https:\/\/fashiongold.lt\/lv\/granats\/","url":"https:\/\/fashiongold.lt\/lv\/granats\/","name":"Gran\u0101ts: \u012bpa\u0161\u012bbas, izmanto\u0161ana un noz\u012bme d\u0101rgakme\u0146os","isPartOf":{"@id":"https:\/\/fashiongold.lt\/lv\/#website"},"primaryImageOfPage":{"@id":"https:\/\/fashiongold.lt\/lv\/granats\/#primaryimage"},"image":{"@id":"https:\/\/fashiongold.lt\/lv\/granats\/#primaryimage"},"thumbnailUrl":"https:\/\/fashiongold.lt\/wp-content\/uploads\/2025\/11\/5e4c9f05-9ea7-4f50-bb16-789a9bc755ce.png","datePublished":"2025-11-05T09:18:00+00:00","dateModified":"2026-02-03T05:04:21+00:00","description":"Atkl\u0101jiet gran\u0101ta \u012bpa\u0161\u012bbas, t\u0101 izmanto\u0161anu un noz\u012bmi d\u0101rgakme\u0146os. Uzziniet, k\u0101 \u0161is akmens var bag\u0101tin\u0101t j\u016bsu kolekciju. Lasiet rakstu!","breadcrumb":{"@id":"https:\/\/fashiongold.lt\/lv\/granats\/#breadcrumb"},"inLanguage":"lv-LV","potentialAction":[{"@type":"ReadAction","target":["https:\/\/fashiongold.lt\/lv\/granats\/"]}]},{"@type":"ImageObject","inLanguage":"lv-LV","@id":"https:\/\/fashiongold.lt\/lv\/granats\/#primaryimage","url":"https:\/\/fashiongold.lt\/wp-content\/uploads\/2025\/11\/5e4c9f05-9ea7-4f50-bb16-789a9bc755ce.png","contentUrl":"https:\/\/fashiongold.lt\/wp-content\/uploads\/2025\/11\/5e4c9f05-9ea7-4f50-bb16-789a9bc755ce.png","width":1536,"height":1024,"caption":"Skaidrus raudonas granatas (round brilliant cut). Akmuo spindi sodriai raudonais tonais"},{"@type":"BreadcrumbList","@id":"https:\/\/fashiongold.lt\/lv\/granats\/#breadcrumb","itemListElement":[{"@type":"ListItem","position":1,"name":"Home","item":"https:\/\/fashiongold.lt\/lv\/"},{"@type":"ListItem","position":2,"name":"Gran\u0101ts"}]},{"@type":"WebSite","@id":"https:\/\/fashiongold.lt\/lv\/#website","url":"https:\/\/fashiongold.lt\/lv\/","name":"Fashion Gold","description":"Juvelyrikos namai","publisher":{"@id":"https:\/\/fashiongold.lt\/lv\/#organization"},"potentialAction":[{"@type":"SearchAction","target":{"@type":"EntryPoint","urlTemplate":"https:\/\/fashiongold.lt\/lv\/?s={search_term_string}"},"query-input":{"@type":"PropertyValueSpecification","valueRequired":true,"valueName":"search_term_string"}}],"inLanguage":"lv-LV"},{"@type":"Organization","@id":"https:\/\/fashiongold.lt\/lv\/#organization","name":"Topdiamonds Online","url":"https:\/\/fashiongold.lt\/lv\/","logo":{"@type":"ImageObject","inLanguage":"lv-LV","@id":"https:\/\/fashiongold.lt\/lv\/#\/schema\/logo\/image\/","url":"https:\/\/fashiongold.lt\/wp-content\/uploads\/2025\/04\/cropped-fashion_gold_logotipas2-scaled-1.png","contentUrl":"https:\/\/fashiongold.lt\/wp-content\/uploads\/2025\/04\/cropped-fashion_gold_logotipas2-scaled-1.png","width":2559,"height":421,"caption":"Topdiamonds Online"},"image":{"@id":"https:\/\/fashiongold.lt\/lv\/#\/schema\/logo\/image\/"}}]}},"_links":{"self":[{"href":"https:\/\/fashiongold.lt\/lv\/wp-json\/wp\/v2\/pages\/269298","targetHints":{"allow":["GET"]}}],"collection":[{"href":"https:\/\/fashiongold.lt\/lv\/wp-json\/wp\/v2\/pages"}],"about":[{"href":"https:\/\/fashiongold.lt\/lv\/wp-json\/wp\/v2\/types\/page"}],"author":[{"embeddable":true,"href":"https:\/\/fashiongold.lt\/lv\/wp-json\/wp\/v2\/users\/11"}],"replies":[{"embeddable":true,"href":"https:\/\/fashiongold.lt\/lv\/wp-json\/wp\/v2\/comments?post=269298"}],"version-history":[{"count":0,"href":"https:\/\/fashiongold.lt\/lv\/wp-json\/wp\/v2\/pages\/269298\/revisions"}],"wp:featuredmedia":[{"embeddable":true,"href":"https:\/\/fashiongold.lt\/lv\/wp-json\/wp\/v2\/media\/263388"}],"wp:attachment":[{"href":"https:\/\/fashiongold.lt\/lv\/wp-json\/wp\/v2\/media?parent=269298"}],"curies":[{"name":"wp","href":"https:\/\/api.w.org\/{rel}","templated":true}]}}