{"id":269336,"date":"2025-07-04T07:57:33","date_gmt":"2025-07-04T07:57:33","guid":{"rendered":"https:\/\/fashiongold.lt\/esto-paterina-kredits\/"},"modified":"2026-02-03T05:23:29","modified_gmt":"2026-02-03T05:23:29","slug":"esto-paterina-kredits","status":"publish","type":"page","link":"https:\/\/fashiongold.lt\/lv\/esto-paterina-kredits\/","title":{"rendered":"ESTO pat\u0113ri\u0146a kred\u012bts"},"content":{"rendered":"<p><img fetchpriority=\"high\" decoding=\"async\" class=\"aligncenter wp-image-21774 size-full\" src=\"https:\/\/fashiongold.lt\/wp-content\/uploads\/2025\/07\/Small-loan-info-banner-LT.jpg\" alt=\"\" width=\"1920\" height=\"600\" srcset=\"https:\/\/fashiongold.lt\/wp-content\/uploads\/2025\/07\/Small-loan-info-banner-LT.jpg 1920w, https:\/\/fashiongold.lt\/wp-content\/uploads\/2025\/07\/Small-loan-info-banner-LT-300x94.jpg 300w, https:\/\/fashiongold.lt\/wp-content\/uploads\/2025\/07\/Small-loan-info-banner-LT-1024x320.jpg 1024w, https:\/\/fashiongold.lt\/wp-content\/uploads\/2025\/07\/Small-loan-info-banner-LT-768x240.jpg 768w, https:\/\/fashiongold.lt\/wp-content\/uploads\/2025\/07\/Small-loan-info-banner-LT-1536x480.jpg 1536w, https:\/\/fashiongold.lt\/wp-content\/uploads\/2025\/07\/Small-loan-info-banner-LT-600x188.jpg 600w\" sizes=\"(max-width: 1920px) 100vw, 1920px\" \/><\/p>\n<p><strong>Vajadz\u012bga nauda liel\u0101kiem pirkumiem? Iepaz\u012bstieties ar ESTO Mazo aizdevumu!<\/strong><\/p>\n<p><strong>\u2714\ufe0f <\/strong>Pieteikuma aizpild\u012b\u0161ana internet\u0101 tikai 1 min\u016btes laik\u0101<br \/>\n\u2714\ufe0f \u0100trs l\u0113mums par aizdevumu<br \/>\n\u2714\ufe0f Vienk\u0101r\u0161a l\u012bguma parakst\u012b\u0161ana<\/p>\n<p>Izbaudiet ilgi k\u0101rot\u0101s br\u012bvdienas, ieg\u0101d\u0101jieties jaun\u0101ko Macbook darbam vai vienk\u0101r\u0161i nodro\u0161iniet papildu naudu neparedz\u0113tiem izdevumiem \u2013 ESTO Mazais aizdevums sniedz iesp\u0113ju aiz\u0146emties l\u012bdz 1000 \u20ac.<\/p>\n<ul>\n<li>Aizdevuma summa: 500 \u20ac &#8211; 10000 \u20ac<\/li>\n<li>Aizdevuma termi\u0146\u0161: 3 &#8211; 48 m\u0113ne\u0161i<\/li>\n<li>Aizdevuma m\u0113r\u0137is: jebkur\u0161<\/li>\n<li>\u012apa\u0161i nosac\u012bjumi: 0 \u20ac l\u012bguma nosl\u0113g\u0161anas maksa<\/li>\n<\/ul>\n<p>&nbsp;<\/p>\n<p><strong><u><a href=\"https:\/\/api.estopay.lt\/loan\/merchant-small?shop_id=topdiamonds\">Sa\u0146emt aizdevumu<\/a><\/u><\/strong><\/p>\n<p>L\u0113mums par aizdevumu ir individu\u0101ls un b\u016bs atkar\u012bgs no izv\u0113l\u0113t\u0101s aizdevuma summas, l\u012bguma termi\u0146a un j\u016bsu kred\u012btsp\u0113jas. Visas ar aizdevuma sa\u0146em\u0161anu un atmaksu saist\u012bt\u0101s darb\u012bbas varat veikt digit\u0101li, neatkar\u012bgi no t\u0101, vai t\u0101 ir pieteikuma iesnieg\u0161ana, aizdevuma termi\u0146a mai\u0146a vai pat pirmstermi\u0146a atmaksa.<\/p>\n<p>Saska\u0146\u0101 ar atmaksas grafiku visi j\u016bsu ikm\u0113ne\u0161a maks\u0101jumi ir vien\u0101di un fiks\u0113ti vis\u0101 j\u016bsu izv\u0113l\u0113taj\u0101 aizdevuma termi\u0146\u0101. ESTO pa\u0161apkalpo\u0161an\u0101s port\u0101l\u0101 varat viegli p\u0101rvald\u012bt savus l\u012bgumus un atmaksas, tikl\u012bdz k\u013c\u016bsiet par klientu.<\/p>\n<p><img decoding=\"async\" class=\"alignnone size-full wp-image-21762\" src=\"https:\/\/fashiongold.lt\/wp-content\/uploads\/2025\/07\/Steps-info-banner-LT.png\" alt=\"\" width=\"1920\" height=\"348\" srcset=\"https:\/\/fashiongold.lt\/wp-content\/uploads\/2025\/07\/Steps-info-banner-LT.png 1920w, https:\/\/fashiongold.lt\/wp-content\/uploads\/2025\/07\/Steps-info-banner-LT-300x54.png 300w, https:\/\/fashiongold.lt\/wp-content\/uploads\/2025\/07\/Steps-info-banner-LT-1024x186.png 1024w, https:\/\/fashiongold.lt\/wp-content\/uploads\/2025\/07\/Steps-info-banner-LT-768x139.png 768w, https:\/\/fashiongold.lt\/wp-content\/uploads\/2025\/07\/Steps-info-banner-LT-1536x278.png 1536w, https:\/\/fashiongold.lt\/wp-content\/uploads\/2025\/07\/Steps-info-banner-LT-600x109.png 600w\" sizes=\"(max-width: 1920px) 100vw, 1920px\" \/><\/p>\n<p><strong><em>Uzman\u012bbu! Pirms l\u012bguma parakst\u012b\u0161anas r\u016bp\u012bgi izlasiet pied\u0101v\u0101t\u0101 l\u012bguma nosac\u012bjumus un, ja nepiecie\u0161ams, konsult\u0113jieties ar ESTO darbinieku vai citu speci\u0101listu. <\/em><\/strong><em>Piem\u0113ram, ja aiz\u0146ematies 500 EUR, ESTO Maz\u0101 aizdevuma kred\u012bta izmaksu gada procentu likme b\u016bs 25,48 %, fiks\u0113t\u0101 procentu likme \u2013 8,90 % gad\u0101, l\u012bguma nosl\u0113g\u0161anas maksa \u2013 7,9 EUR, ikm\u0113ne\u0161a administr\u0113\u0161anas maksa \u2013 1,90 EUR, kop\u0113j\u0101 aizdevuma summa un maks\u0101jumi \u2013 844,2 EUR (ar nosac\u012bjumu, ka aizdevums tiek atmaks\u0101ts 60 m\u0113ne\u0161u laik\u0101 ar vien\u0101diem ikm\u0113ne\u0161a maks\u0101jumiem 14,07 EUR apm\u0113r\u0101). Nosac\u012bjumi var main\u012bties, izv\u0113loties citu summu, l\u012bguma termi\u0146u vai pamatojoties uz sa\u0146emtajiem kred\u012btsp\u0113jas nov\u0113rt\u0113\u0161anas rezult\u0101tiem.<\/em><\/p>\n<p>&nbsp;<\/p>\n<p><strong>KAS IR ESTO?<br \/>\n<\/strong>ESTO ir finan\u0161u pakalpojumu uz\u0146\u0113mums, kas dibin\u0101ts 2016. gad\u0101. \u0160is uz\u0146\u0113mums rad\u0101s, pateicoties nepiecie\u0161am\u012bbai p\u0113c maks\u0101jumu risin\u0101jumiem, kas piem\u0113roti gan galapat\u0113r\u0113t\u0101jam, gan tirgot\u0101jam. \u0160odien Baltijas valst\u012bs ESTO pied\u0101v\u0101 da\u017e\u0101dus maks\u0101jumu risin\u0101jumus un sadarbojas ar vair\u0101k nek\u0101 2000 partneriem un veikaliem, k\u0101 ar\u012b ir apvienojis vair\u0101k nek\u0101 200 000 klientu partneru t\u012bklu. Nosac\u012bjumus atrad\u012bsiet \u0161eit: esto.eu\/lv. Ja nepiecie\u0161ama pal\u012bdz\u012bba, sazinieties ar ESTO darbinieku info@esto.lv vai izmantojot tie\u0161saistes t\u0113rz\u0113\u0161anas logu <a href=\"https:\/\/esto.eu\/lt\/asmeninis\/pagalba?lang=lt\">https:\/\/esto.eu\/lv\/pagalba<\/a>.<\/p>\n","protected":false},"excerpt":{"rendered":"<p>Vajadz\u012bga nauda liel\u0101kiem pirkumiem? Iepaz\u012bstieties ar ESTO Mazo aizdevumu! \u2714\ufe0f Pieteikuma aizpild\u012b\u0161ana internet\u0101 tikai 1 min\u016btes laik\u0101 \u2714\ufe0f \u0100trs l\u0113mums [&hellip;]<\/p>\n","protected":false},"author":3,"featured_media":32354,"parent":0,"menu_order":0,"comment_status":"closed","ping_status":"closed","template":"","meta":{"site-sidebar-layout":"default","site-content-layout":"","ast-site-content-layout":"default","site-content-style":"default","site-sidebar-style":"default","ast-global-header-display":"","ast-banner-title-visibility":"","ast-main-header-display":"","ast-hfb-above-header-display":"","ast-hfb-below-header-display":"","ast-hfb-mobile-header-display":"","site-post-title":"","ast-breadcrumbs-content":"","ast-featured-img":"","footer-sml-layout":"","ast-disable-related-posts":"","theme-transparent-header-meta":"default","adv-header-id-meta":"","stick-header-meta":"","header-above-stick-meta":"","header-main-stick-meta":"","header-below-stick-meta":"","astra-migrate-meta-layouts":"default","ast-page-background-enabled":"default","ast-page-background-meta":{"desktop":{"background-color":"var(--ast-global-color-4)","background-image":"","background-repeat":"repeat","background-position":"center center","background-size":"auto","background-attachment":"scroll","background-type":"","background-media":"","overlay-type":"","overlay-color":"","overlay-opacity":"","overlay-gradient":""},"tablet":{"background-color":"","background-image":"","background-repeat":"repeat","background-position":"center center","background-size":"auto","background-attachment":"scroll","background-type":"","background-media":"","overlay-type":"","overlay-color":"","overlay-opacity":"","overlay-gradient":""},"mobile":{"background-color":"","background-image":"","background-repeat":"repeat","background-position":"center center","background-size":"auto","background-attachment":"scroll","background-type":"","background-media":"","overlay-type":"","overlay-color":"","overlay-opacity":"","overlay-gradient":""}},"ast-content-background-meta":{"desktop":{"background-color":"var(--ast-global-color-5)","background-image":"","background-repeat":"repeat","background-position":"center center","background-size":"auto","background-attachment":"scroll","background-type":"","background-media":"","overlay-type":"","overlay-color":"","overlay-opacity":"","overlay-gradient":""},"tablet":{"background-color":"var(--ast-global-color-5)","background-image":"","background-repeat":"repeat","background-position":"center center","background-size":"auto","background-attachment":"scroll","background-type":"","background-media":"","overlay-type":"","overlay-color":"","overlay-opacity":"","overlay-gradient":""},"mobile":{"background-color":"var(--ast-global-color-5)","background-image":"","background-repeat":"repeat","background-position":"center center","background-size":"auto","background-attachment":"scroll","background-type":"","background-media":"","overlay-type":"","overlay-color":"","overlay-opacity":"","overlay-gradient":""}},"footnotes":""},"class_list":["post-269336","page","type-page","status-publish","has-post-thumbnail","hentry"],"yoast_head":"<!-- This site is optimized with the Yoast SEO plugin v26.6 - https:\/\/yoast.com\/wordpress\/plugins\/seo\/ -->\n<title>ESTO pat\u0113ri\u0146a kred\u012bts | Fashiongold.lt l\u012bzings rotasliet\u0101m<\/title>\n<meta name=\"description\" content=\"Ieg\u0101d\u0101jieties sertific\u0113tus dimantus un juvelierizstr\u0101d\u0101jumus nomaks\u0101: ESTO pat\u0113ri\u0146a kred\u012bts Fashiongold.lt \u2013 \u0101trs pieteikums, atbilde min\u016btes laik\u0101.\" \/>\n<meta name=\"robots\" content=\"index, follow, max-snippet:-1, max-image-preview:large, max-video-preview:-1\" \/>\n<link rel=\"canonical\" href=\"https:\/\/fashiongold.lt\/lv\/esto-paterina-kredits\/\" \/>\n<meta property=\"og:locale\" content=\"lv_LV\" \/>\n<meta property=\"og:type\" content=\"article\" \/>\n<meta property=\"og:title\" content=\"ESTO pat\u0113ri\u0146a kred\u012bts | Fashiongold.lt l\u012bzings rotasliet\u0101m\" \/>\n<meta property=\"og:description\" content=\"Ieg\u0101d\u0101jieties sertific\u0113tus dimantus un juvelierizstr\u0101d\u0101jumus nomaks\u0101: ESTO pat\u0113ri\u0146a kred\u012bts Fashiongold.lt \u2013 \u0101trs pieteikums, atbilde min\u016btes laik\u0101.\" \/>\n<meta property=\"og:url\" content=\"https:\/\/fashiongold.lt\/lv\/esto-paterina-kredits\/\" \/>\n<meta property=\"og:site_name\" content=\"FashionGold.lt\" \/>\n<meta property=\"article:modified_time\" content=\"2026-02-03T05:23:29+00:00\" \/>\n<meta property=\"og:image\" content=\"https:\/\/fashiongold.lt\/wp-content\/uploads\/2025\/08\/Suzadetuviu-ziedas-su-smaragdu-ir-deimantais-\u2013-elegantiskas-zalias-brangakmenis-1.png\" \/>\n\t<meta property=\"og:image:width\" content=\"1024\" \/>\n\t<meta property=\"og:image:height\" content=\"1024\" \/>\n\t<meta property=\"og:image:type\" content=\"image\/png\" \/>\n<meta name=\"twitter:card\" content=\"summary_large_image\" \/>\n<meta name=\"twitter:label1\" content=\"Est. reading time\" \/>\n\t<meta name=\"twitter:data1\" content=\"2 minutes\" \/>\n<script type=\"application\/ld+json\" class=\"yoast-schema-graph\">{\"@context\":\"https:\/\/schema.org\",\"@graph\":[{\"@type\":\"WebPage\",\"@id\":\"https:\/\/fashiongold.lt\/lv\/esto-paterina-kredits\/\",\"url\":\"https:\/\/fashiongold.lt\/lv\/esto-paterina-kredits\/\",\"name\":\"ESTO pat\u0113ri\u0146a kred\u012bts | Fashiongold.lt l\u012bzings rotasliet\u0101m\",\"isPartOf\":{\"@id\":\"https:\/\/fashiongold.lt\/lv\/#website\"},\"primaryImageOfPage\":{\"@id\":\"https:\/\/fashiongold.lt\/lv\/esto-paterina-kredits\/#primaryimage\"},\"image\":{\"@id\":\"https:\/\/fashiongold.lt\/lv\/esto-paterina-kredits\/#primaryimage\"},\"thumbnailUrl\":\"https:\/\/fashiongold.lt\/wp-content\/uploads\/2025\/08\/Suzadetuviu-ziedas-su-smaragdu-ir-deimantais-\u2013-elegantiskas-zalias-brangakmenis-1.png\",\"datePublished\":\"2025-07-04T07:57:33+00:00\",\"dateModified\":\"2026-02-03T05:23:29+00:00\",\"description\":\"Ieg\u0101d\u0101jieties sertific\u0113tus dimantus un juvelierizstr\u0101d\u0101jumus nomaks\u0101: ESTO pat\u0113ri\u0146a kred\u012bts Fashiongold.lt \u2013 \u0101trs pieteikums, atbilde min\u016btes laik\u0101.\",\"breadcrumb\":{\"@id\":\"https:\/\/fashiongold.lt\/lv\/esto-paterina-kredits\/#breadcrumb\"},\"inLanguage\":\"lv-LV\",\"potentialAction\":[{\"@type\":\"ReadAction\",\"target\":[\"https:\/\/fashiongold.lt\/lv\/esto-paterina-kredits\/\"]}]},{\"@type\":\"ImageObject\",\"inLanguage\":\"lv-LV\",\"@id\":\"https:\/\/fashiongold.lt\/lv\/esto-paterina-kredits\/#primaryimage\",\"url\":\"https:\/\/fashiongold.lt\/wp-content\/uploads\/2025\/08\/Suzadetuviu-ziedas-su-smaragdu-ir-deimantais-\u2013-elegantiskas-zalias-brangakmenis-1.png\",\"contentUrl\":\"https:\/\/fashiongold.lt\/wp-content\/uploads\/2025\/08\/Suzadetuviu-ziedas-su-smaragdu-ir-deimantais-\u2013-elegantiskas-zalias-brangakmenis-1.png\",\"width\":1024,\"height\":1024,\"caption\":\"Smaragdas - su\u017ead\u0117tuvi\u0173 \u017eiedas su smaragdu ir deimantais\"},{\"@type\":\"BreadcrumbList\",\"@id\":\"https:\/\/fashiongold.lt\/lv\/esto-paterina-kredits\/#breadcrumb\",\"itemListElement\":[{\"@type\":\"ListItem\",\"position\":1,\"name\":\"Home\",\"item\":\"https:\/\/fashiongold.lt\/lv\/\"},{\"@type\":\"ListItem\",\"position\":2,\"name\":\"ESTO pat\u0113ri\u0146a kred\u012bts\"}]},{\"@type\":\"WebSite\",\"@id\":\"https:\/\/fashiongold.lt\/lv\/#website\",\"url\":\"https:\/\/fashiongold.lt\/lv\/\",\"name\":\"Fashion Gold\",\"description\":\"Juvelyrikos namai\",\"publisher\":{\"@id\":\"https:\/\/fashiongold.lt\/lv\/#organization\"},\"potentialAction\":[{\"@type\":\"SearchAction\",\"target\":{\"@type\":\"EntryPoint\",\"urlTemplate\":\"https:\/\/fashiongold.lt\/lv\/?s={search_term_string}\"},\"query-input\":{\"@type\":\"PropertyValueSpecification\",\"valueRequired\":true,\"valueName\":\"search_term_string\"}}],\"inLanguage\":\"lv-LV\"},{\"@type\":\"Organization\",\"@id\":\"https:\/\/fashiongold.lt\/lv\/#organization\",\"name\":\"Topdiamonds Online\",\"url\":\"https:\/\/fashiongold.lt\/lv\/\",\"logo\":{\"@type\":\"ImageObject\",\"inLanguage\":\"lv-LV\",\"@id\":\"https:\/\/fashiongold.lt\/lv\/#\/schema\/logo\/image\/\",\"url\":\"https:\/\/fashiongold.lt\/wp-content\/uploads\/2025\/04\/cropped-fashion_gold_logotipas2-scaled-1.png\",\"contentUrl\":\"https:\/\/fashiongold.lt\/wp-content\/uploads\/2025\/04\/cropped-fashion_gold_logotipas2-scaled-1.png\",\"width\":2559,\"height\":421,\"caption\":\"Topdiamonds Online\"},\"image\":{\"@id\":\"https:\/\/fashiongold.lt\/lv\/#\/schema\/logo\/image\/\"}}]}<\/script>\n<!-- \/ Yoast SEO plugin. -->","yoast_head_json":{"title":"ESTO pat\u0113ri\u0146a kred\u012bts | Fashiongold.lt l\u012bzings rotasliet\u0101m","description":"Ieg\u0101d\u0101jieties sertific\u0113tus dimantus un juvelierizstr\u0101d\u0101jumus nomaks\u0101: ESTO pat\u0113ri\u0146a kred\u012bts Fashiongold.lt \u2013 \u0101trs pieteikums, atbilde min\u016btes laik\u0101.","robots":{"index":"index","follow":"follow","max-snippet":"max-snippet:-1","max-image-preview":"max-image-preview:large","max-video-preview":"max-video-preview:-1"},"canonical":"https:\/\/fashiongold.lt\/lv\/esto-paterina-kredits\/","og_locale":"lv_LV","og_type":"article","og_title":"ESTO pat\u0113ri\u0146a kred\u012bts | Fashiongold.lt l\u012bzings rotasliet\u0101m","og_description":"Ieg\u0101d\u0101jieties sertific\u0113tus dimantus un juvelierizstr\u0101d\u0101jumus nomaks\u0101: ESTO pat\u0113ri\u0146a kred\u012bts Fashiongold.lt \u2013 \u0101trs pieteikums, atbilde min\u016btes laik\u0101.","og_url":"https:\/\/fashiongold.lt\/lv\/esto-paterina-kredits\/","og_site_name":"FashionGold.lt","article_modified_time":"2026-02-03T05:23:29+00:00","og_image":[{"width":1024,"height":1024,"url":"https:\/\/fashiongold.lt\/wp-content\/uploads\/2025\/08\/Suzadetuviu-ziedas-su-smaragdu-ir-deimantais-\u2013-elegantiskas-zalias-brangakmenis-1.png","type":"image\/png"}],"twitter_card":"summary_large_image","twitter_misc":{"Est. reading time":"2 minutes"},"schema":{"@context":"https:\/\/schema.org","@graph":[{"@type":"WebPage","@id":"https:\/\/fashiongold.lt\/lv\/esto-paterina-kredits\/","url":"https:\/\/fashiongold.lt\/lv\/esto-paterina-kredits\/","name":"ESTO pat\u0113ri\u0146a kred\u012bts | Fashiongold.lt l\u012bzings rotasliet\u0101m","isPartOf":{"@id":"https:\/\/fashiongold.lt\/lv\/#website"},"primaryImageOfPage":{"@id":"https:\/\/fashiongold.lt\/lv\/esto-paterina-kredits\/#primaryimage"},"image":{"@id":"https:\/\/fashiongold.lt\/lv\/esto-paterina-kredits\/#primaryimage"},"thumbnailUrl":"https:\/\/fashiongold.lt\/wp-content\/uploads\/2025\/08\/Suzadetuviu-ziedas-su-smaragdu-ir-deimantais-\u2013-elegantiskas-zalias-brangakmenis-1.png","datePublished":"2025-07-04T07:57:33+00:00","dateModified":"2026-02-03T05:23:29+00:00","description":"Ieg\u0101d\u0101jieties sertific\u0113tus dimantus un juvelierizstr\u0101d\u0101jumus nomaks\u0101: ESTO pat\u0113ri\u0146a kred\u012bts Fashiongold.lt \u2013 \u0101trs pieteikums, atbilde min\u016btes laik\u0101.","breadcrumb":{"@id":"https:\/\/fashiongold.lt\/lv\/esto-paterina-kredits\/#breadcrumb"},"inLanguage":"lv-LV","potentialAction":[{"@type":"ReadAction","target":["https:\/\/fashiongold.lt\/lv\/esto-paterina-kredits\/"]}]},{"@type":"ImageObject","inLanguage":"lv-LV","@id":"https:\/\/fashiongold.lt\/lv\/esto-paterina-kredits\/#primaryimage","url":"https:\/\/fashiongold.lt\/wp-content\/uploads\/2025\/08\/Suzadetuviu-ziedas-su-smaragdu-ir-deimantais-\u2013-elegantiskas-zalias-brangakmenis-1.png","contentUrl":"https:\/\/fashiongold.lt\/wp-content\/uploads\/2025\/08\/Suzadetuviu-ziedas-su-smaragdu-ir-deimantais-\u2013-elegantiskas-zalias-brangakmenis-1.png","width":1024,"height":1024,"caption":"Smaragdas - su\u017ead\u0117tuvi\u0173 \u017eiedas su smaragdu ir deimantais"},{"@type":"BreadcrumbList","@id":"https:\/\/fashiongold.lt\/lv\/esto-paterina-kredits\/#breadcrumb","itemListElement":[{"@type":"ListItem","position":1,"name":"Home","item":"https:\/\/fashiongold.lt\/lv\/"},{"@type":"ListItem","position":2,"name":"ESTO pat\u0113ri\u0146a kred\u012bts"}]},{"@type":"WebSite","@id":"https:\/\/fashiongold.lt\/lv\/#website","url":"https:\/\/fashiongold.lt\/lv\/","name":"Fashion Gold","description":"Juvelyrikos namai","publisher":{"@id":"https:\/\/fashiongold.lt\/lv\/#organization"},"potentialAction":[{"@type":"SearchAction","target":{"@type":"EntryPoint","urlTemplate":"https:\/\/fashiongold.lt\/lv\/?s={search_term_string}"},"query-input":{"@type":"PropertyValueSpecification","valueRequired":true,"valueName":"search_term_string"}}],"inLanguage":"lv-LV"},{"@type":"Organization","@id":"https:\/\/fashiongold.lt\/lv\/#organization","name":"Topdiamonds Online","url":"https:\/\/fashiongold.lt\/lv\/","logo":{"@type":"ImageObject","inLanguage":"lv-LV","@id":"https:\/\/fashiongold.lt\/lv\/#\/schema\/logo\/image\/","url":"https:\/\/fashiongold.lt\/wp-content\/uploads\/2025\/04\/cropped-fashion_gold_logotipas2-scaled-1.png","contentUrl":"https:\/\/fashiongold.lt\/wp-content\/uploads\/2025\/04\/cropped-fashion_gold_logotipas2-scaled-1.png","width":2559,"height":421,"caption":"Topdiamonds Online"},"image":{"@id":"https:\/\/fashiongold.lt\/lv\/#\/schema\/logo\/image\/"}}]}},"_links":{"self":[{"href":"https:\/\/fashiongold.lt\/lv\/wp-json\/wp\/v2\/pages\/269336","targetHints":{"allow":["GET"]}}],"collection":[{"href":"https:\/\/fashiongold.lt\/lv\/wp-json\/wp\/v2\/pages"}],"about":[{"href":"https:\/\/fashiongold.lt\/lv\/wp-json\/wp\/v2\/types\/page"}],"author":[{"embeddable":true,"href":"https:\/\/fashiongold.lt\/lv\/wp-json\/wp\/v2\/users\/3"}],"replies":[{"embeddable":true,"href":"https:\/\/fashiongold.lt\/lv\/wp-json\/wp\/v2\/comments?post=269336"}],"version-history":[{"count":0,"href":"https:\/\/fashiongold.lt\/lv\/wp-json\/wp\/v2\/pages\/269336\/revisions"}],"wp:featuredmedia":[{"embeddable":true,"href":"https:\/\/fashiongold.lt\/lv\/wp-json\/wp\/v2\/media\/32354"}],"wp:attachment":[{"href":"https:\/\/fashiongold.lt\/lv\/wp-json\/wp\/v2\/media?parent=269336"}],"curies":[{"name":"wp","href":"https:\/\/api.w.org\/{rel}","templated":true}]}}