{"id":269346,"date":"2025-04-27T11:29:53","date_gmt":"2025-04-27T11:29:53","guid":{"rendered":"https:\/\/fashiongold.lt\/privatuma-politika\/"},"modified":"2026-02-03T05:19:16","modified_gmt":"2026-02-03T05:19:16","slug":"privatuma-politika","status":"publish","type":"page","link":"https:\/\/fashiongold.lt\/lv\/privatuma-politika\/","title":{"rendered":"Priv\u0101tuma politika"},"content":{"rendered":"<h2 data-pm-slice=\"1 1 []\">Juvelierizstr\u0101d\u0101jumi &#8211; priv\u0101tuma politika<\/h2>\n<p><img decoding=\"async\" src=\"https:\/\/images.surferseo.art\/f4252892-0327-4df5-ac71-c36d24e4a131.png\" alt=\"balt\u0101 zelta tenisa kolj\u0113 no apa\u013ciem dimantiem\" \/><\/p>\n<h2>1. Ievads<\/h2>\n<p>\u0160\u012b priv\u0101tuma politika paskaidro, k\u0101 <a href=\"http:\/\/FashionGold.lt\" target=\"_blank\" rel=\"noopener noreferrer\">FashionGold.lt<\/a> (UAB \u201eOrknis\u201c), kas p\u0101rvalda juvelierizstr\u0101d\u0101jumu veikalu Vi\u013c\u0146\u0101 un sniedz pakalpojumus, izmantojot juvelierizstr\u0101d\u0101jumu interneta platformu, v\u0101c, izmanto un glab\u0101 personas datus. M\u016bsu uz\u0146\u0113mums jau daudzus gadus kopj \u0123imenes trad\u012bcijas juvelierizstr\u0101d\u0101jumu jom\u0101, t\u0101p\u0113c varam pied\u0101v\u0101t uzkr\u0101to pieredzi un uzticam\u012bbu.<\/p>\n<p>M\u016bsu m\u0113r\u0137is ir nodro\u0161in\u0101t, lai ikviens pirc\u0113js var\u0113tu justies dro\u0161i, ieg\u0101d\u0101joties rotaslietas, piem\u0113ram, saderin\u0101\u0161an\u0101s gredzenus, laul\u012bbu gredzenus, auskarus ar dimantiem, kulonu ar dimantu vai rokasspr\u0101dzes ar dimantiem.<\/p>\n<h2>2. Datu p\u0101rzinis<\/h2>\n<p>Datu p\u0101rzinis ir UAB \u201eOrknis\u201c, uz\u0146\u0113muma kods 122019680, juridisk\u0101 adrese Pam\u0117nkalnio g. 5, Vi\u013c\u0146a. M\u016bsu darb\u012bba ietver autora juvelierizstr\u0101d\u0101jumus, juvelierizstr\u0101d\u0101jumus ar dimantiem un citiem d\u0101rgmet\u0101liem un d\u0101rgakme\u0146iem.<\/p>\n<h2>3. K\u0101dus datus m\u0113s v\u0101cam<\/h2>\n<p>M\u0113s varam v\u0101kt \u0161\u0101dus datus: v\u0101rdu, uzv\u0101rdu, kontaktt\u0101lru\u0146a numuru, e-pasta adresi, pieg\u0101des adresi, maks\u0101jumu inform\u0101ciju un pirkumu v\u0113sturi. Tas \u013cauj mums nevainojami apstr\u0101d\u0101t pas\u016bt\u012bjumus gan internet\u0101, gan p\u0113rkot rotaslietas salon\u0101 Vi\u013c\u0146\u0101.<\/p>\n<h2>4. Datu v\u0101k\u0161anas m\u0113r\u0137i<\/h2>\n<p>J\u016bsu personas datus izmantojam, lai var\u0113tu izpild\u012bt pas\u016bt\u012bjumus, pieg\u0101d\u0101t izv\u0113l\u0113to rotaslietu, nodro\u0161in\u0101t kvalit\u0101tes garantijas un sniegt inform\u0101ciju par jauniem produktiem \u2013 gredzeniem ar dimantu, kuloniem, auskariem, dimantu josli\u0146\u0101m vai juvelierizstr\u0101d\u0101jumiem v\u012brie\u0161iem.<\/p>\n<h2>5. Tie\u0161ais m\u0101rketings<\/h2>\n<p>Ar j\u016bsu skaidru piekri\u0161anu m\u0113s varam s\u016bt\u012bt jaunumus par jaun\u0101m juvelierizstr\u0101d\u0101jumu kolekcij\u0101m, \u012bpa\u0161iem dimanta cena vai dimanti cena pied\u0101v\u0101jumiem un m\u016bsu juveliera ieteikumus par juvelierizstr\u0101d\u0101jumu kop\u0161anu.<\/p>\n<h2>6. Datu dro\u0161\u012bba<\/h2>\n<p>Visi apkopotie dati ir aizsarg\u0101ti pret neleg\u0101lu piek\u013cuvi, izpau\u0161anu vai izn\u012bcin\u0101\u0161anu. M\u0113s izmantojam sertific\u0113tas sist\u0113mas, kas nodro\u0161ina, ka j\u016bsu veiktie pas\u016bt\u012bjumi, maks\u0101jumi un person\u012bgie dati ir dro\u0161\u012bb\u0101.<\/p>\n<h2>7. Datu izpau\u0161ana tre\u0161aj\u0101m person\u0101m<\/h2>\n<p>M\u0113s nenododam datus tre\u0161aj\u0101m person\u0101m, iz\u0146emot gad\u012bjumus, kad to pieprasa ties\u012bbu akti, tiesas l\u0113mumi vai ja tas ir nepiecie\u0161ams, lai nodro\u0161in\u0101tu pas\u016bt\u012bjuma pieg\u0101di un garantijas apkalpo\u0161anu.<\/p>\n<h2>8. S\u012bkdat\u0146u izmanto\u0161ana<\/h2>\n<p><a href=\"http:\/\/FashionGold.lt\" target=\"_blank\" rel=\"noopener noreferrer\">FashionGold.lt<\/a> izmanto s\u012bkdatnes (cookies), lai uzlabotu juvelierizstr\u0101d\u0101jumu p\u0101rl\u016bko\u0161anas pieredzi internet\u0101, analiz\u0113tu vietnes apmekl\u0113t\u012bbu un piel\u0101gotu rekl\u0101mas atbilsto\u0161i j\u016bsu interes\u0113m. S\u012bkdatnes neuzkr\u0101j personu identific\u0113jo\u0161us datus.<\/p>\n<h2>9. Maks\u0101jumu datu un kvalit\u0101tes aizsardz\u012bba<\/h2>\n<p>Nor\u0113\u0137inoties par rotasliet\u0101m ar dimantiem \u2013 gan internet\u0101, gan salon\u0101 \u2013 j\u016bsu maks\u0101jumu kar\u0161u datus apstr\u0101d\u0101 tikai sertific\u0113ti maks\u0101jumu pakalpojumu sniedz\u0113ji. M\u016bsu sist\u0113ma tos neuzglab\u0101.<\/p>\n<h2>10. Pirk\u0161ana internet\u0101<\/h2>\n<p>P\u0113rkot juvelierizstr\u0101d\u0101jumus internet\u0101 m\u016bsu veikal\u0101, jums ir j\u0101sniedz tikai nepiecie\u0161amie dati pas\u016bt\u012bjuma izpildei. Tas pal\u012bdz izvair\u012bties no p\u0101rm\u0113r\u012bgas inform\u0101cijas uzkr\u0101\u0161anas un samazina datu dro\u0161\u012bbas risku.<\/p>\n<h2>11. Autora juvelierizstr\u0101d\u0101jumi, juvelierizstr\u0101d\u0101jumi un individu\u0101lie pas\u016bt\u012bjumi<\/h2>\n<p>Pas\u016btot autora juvelierizstr\u0101d\u0101jumus, piem\u0113ram, unik\u0101lu gredzenu ar dimantiem vai \u012bpa\u0161u dimantu josli\u0146u, m\u0113s varam l\u016bgt papildu inform\u0101ciju, lai prec\u012bzi piel\u0101gotu izstr\u0101d\u0101jumu j\u016bsu v\u0113lm\u0113m \u2013 kr\u0101sa, gredzena izm\u0113rs, cena, kvalit\u0101tes cer\u012bbas. Kr\u0101sainie dimanti izce\u013cas ar savu dabisko izcelsmi, pla\u0161o kr\u0101su gammu un unik\u0101lo vizu\u0101lo pievilc\u012bbu, t\u0101p\u0113c k\u013c\u016bst arvien popul\u0101r\u0101ki juvelierizstr\u0101d\u0101jumu cien\u012bt\u0101ju vid\u016b. Visi m\u016bsu pied\u0101v\u0101tie dimanti ir r\u016bp\u012bgi atlas\u012bti, sertific\u0113ti un tiek p\u0101rdoti ar ofici\u0101lu kvalit\u0101tes garantiju. Tas noz\u012bm\u0113, ka varat b\u016bt dro\u0161i par to izcelsmi, tehniskajiem parametriem un ilgtermi\u0146a v\u0113rt\u012bbu.<\/p>\n<h2>12. Pre\u010du atgrie\u0161anas politika<\/h2>\n<p>M\u016bsu m\u0113r\u0137is ir, lai ikviens klients b\u016btu piln\u012bb\u0101 apmierin\u0101ts ar saviem izv\u0113l\u0113tajiem juvelierizstr\u0101d\u0101jumiem, gredzeniem, auskariem vai rotasliet\u0101m. Ja k\u0101du iemeslu d\u0113\u013c v\u0113laties atgriezt ieg\u0101d\u0101to preci, to varat izdar\u012bt 30 dienu laik\u0101 no sa\u0146em\u0161anas dienas. Svar\u012bgi, lai atgrie\u017eamais juvelierizstr\u0101d\u0101jums b\u016btu t\u0101d\u0101 pa\u0161\u0101 st\u0101vokl\u012b k\u0101 pirkuma br\u012bd\u012b, ar visiem piederumiem un dokumentiem. Atgrie\u0161anas izmaksas sedz klients, ta\u010du m\u016bsu komanda vienm\u0113r ir gatava pal\u012bdz\u0113t, lai atgrie\u0161anas process b\u016btu p\u0113c iesp\u0113jas vienk\u0101r\u0161\u0101ks un rait\u0101ks. M\u0113s tiecamies, lai ikviens klients justos p\u0101rliecin\u0101ti un zin\u0101tu, ka m\u016bsu priorit\u0101te ir j\u016bsu apmierin\u0101t\u012bba, t\u0101p\u0113c cen\u0161amies, lai atgrie\u0161ana b\u016btu nepiecie\u0161ama p\u0113c iesp\u0113jas ret\u0101k.<\/p>\n<h2>13. Garantija<\/h2>\n<p><img decoding=\"async\" src=\"https:\/\/images.surferseo.art\/31772a5d-a03a-4b60-bfb6-5e71066778dc.png\" alt=\"Saderin\u0101\u0161an\u0101s gredzens no balt\u0101 zelta ar ra\u017eo\u0161anas defektu \u2013 akmens iestat\u012bjuma nevienm\u0113r\u012bgums un zelta virsmas nel\u012bdzenumi, kas radu\u0161ies ra\u017eo\u0161anas k\u013c\u016bdu vai materi\u0101lu tr\u016bkumu d\u0113\u013c.\" \/><\/p>\n<p>Izv\u0113loties juvelierizstr\u0101d\u0101jumus, gredzenus, auskarus vai rotaslietas, ir svar\u012bgi zin\u0101t, ka visiem m\u016bsu juvelierizstr\u0101d\u0101jumiem ir 5 gadu garantija no pirkuma datuma. Garantija tiek piem\u0113rota visiem izstr\u0101d\u0101juma defektiem, kas radu\u0161ies ra\u017eo\u0161anas k\u013c\u016bdu vai materi\u0101lu tr\u016bkumu d\u0113\u013c.<\/p>\n<p><img decoding=\"async\" src=\"https:\/\/images.surferseo.art\/601f3750-fb2c-4092-a910-6512abf7c0c8.png\" alt=\"Saderin\u0101\u0161an\u0101s gredzens ar dabisk\u0101 nolietojuma paz\u012bm\u0113m, piem\u0113ram, s\u012bkiem skr\u0101p\u0113jumiem un virsmas nodilumu, kas radies ilgas n\u0113s\u0101\u0161anas rezult\u0101t\u0101\" \/><\/p>\n<p>Tom\u0113r garantija netiek piem\u0113rota meh\u0101niskiem boj\u0101jumiem, kas radu\u0161ies nepareizas lieto\u0161anas vai kop\u0161anas d\u0113\u013c. Ja paman\u0101t defektu, nekav\u0113joties sazinieties ar m\u016bsu komandu \u2013 m\u0113s par\u016bp\u0113simies, lai j\u016bsu juvelierizstr\u0101d\u0101jums tiktu salabots vai nomain\u012bts pret jaunu. M\u016bsu m\u0113r\u0137is ir, lai ikviens klients var\u0113tu priec\u0101ties par kvalitat\u012bv\u0101m un uzticam\u0101m rotasliet\u0101m.<\/p>\n<h2>14. Klientu apkalpo\u0161ana<\/h2>\n<p>Klientu apkalpo\u0161ana ir viena no svar\u012bg\u0101kaj\u0101m m\u016bsu darb\u012bbas da\u013c\u0101m. M\u016bsu komanda vienm\u0113r ir gatava pal\u012bdz\u0113t ikvienam klientam, kur\u0161 mekl\u0113 perfektu rotaslietu, gredzenu, auskarus vai citu juvelierizstr\u0101d\u0101jumu. Ja jums nepiecie\u0161ama pal\u012bdz\u012bba izv\u0113loties, v\u0113laties uzzin\u0101t vair\u0101k par pre\u010du cen\u0101m, kvalit\u0101ti vai jums ir citi jaut\u0101jumi par m\u016bsu asortimentu, nekautr\u0113jieties v\u0113rsties pie m\u016bsu klientu apkalpo\u0161anas speci\u0101listiem. M\u0113s atbild\u0113sim uz visiem j\u016bsu jaut\u0101jumiem, sniegsim padomu un pal\u012bdz\u0113sim izv\u0113l\u0113ties to, kas vislab\u0101k atbilst j\u016bsu vajadz\u012bb\u0101m. M\u016bsu m\u0113r\u0137is ir, lai ikviens klients justos sadzird\u0113ts un nov\u0113rt\u0113ts, un iepirk\u0161an\u0101s b\u016btu pat\u012bkama un vienk\u0101r\u0161a.<\/p>\n<h2>15. Klientu ties\u012bbas<\/h2>\n<p><img decoding=\"async\" src=\"https:\/\/images.surferseo.art\/a397359a-24ce-4ae2-9d12-e42c96aa8f46.png\" alt=\"Uz rokas tiek n\u0113s\u0101ts klasisks saderin\u0101\u0161an\u0101s gredzens ar apa\u013cu dimantu, kas mirdz dabisk\u0101 gaism\u0101.\" \/><\/p>\n<p>Jums ir ties\u012bbas sa\u0146emt inform\u0101ciju par saviem apstr\u0101d\u0101tajiem datiem, piepras\u012bt tos izlabot vai izdz\u0113st, ierobe\u017eot to apstr\u0101di vai iebilst pret to izmanto\u0161anu m\u0101rketinga m\u0113r\u0137iem.<\/p>\n<h2>16. Priv\u0101tuma politikas izmai\u0146as<\/h2>\n<p>\u0145emot v\u0113r\u0101 izmai\u0146as ties\u012bbu aktos vai pakalpojumu pilnveido\u0161anu, m\u0113s patur\u0101m ties\u012bbas atjaunin\u0101t \u0161o priv\u0101tuma politiku. T\u0101s jaun\u0101k\u0101 versija vienm\u0113r tiks public\u0113ta m\u016bsu vietn\u0113.<\/p>\n<h2>17. Datu glab\u0101\u0161anas periods<\/h2>\n<p>Dati tiek glab\u0101ti ne ilg\u0101k k\u0101 nepiecie\u0161ams pas\u016bt\u012bjumu izpildei, tiesisko pras\u012bbu iev\u0113ro\u0161anai un garantijas apkalpo\u0161anai. Piem\u0113ram, inform\u0101cija par ieg\u0101d\u0101to <strong>gredzenu<\/strong> vai <strong>auskariem<\/strong> var tikt glab\u0101ta tik ilgi, kam\u0113r ir sp\u0113k\u0101 garantija.<\/p>\n<h2>18. Datu apstr\u0101de saska\u0146\u0101 ar likumu<\/h2>\n<p>Apstr\u0101d\u0101jot datus, m\u0113s iev\u0113rojam <strong>Lietuvas<\/strong> un ES ties\u012bbu aktus, tostarp VDAR. Tas noz\u012bm\u0113, ka j\u016bsu person\u012bg\u0101 inform\u0101cija tiek apstr\u0101d\u0101ta atbild\u012bgi un p\u0101rredzami.<\/p>\n<h2>19. Kontaktinform\u0101cija<\/h2>\n<p>Ja jums ir jaut\u0101jumi par \u0161o priv\u0101tuma politiku vai j\u016bsu datu apstr\u0101di, varat v\u0113rsties pie mums pa e-pastu <a href=\"mailto:info@fashiongold.lt\" target=\"_blank\" rel=\"noopener noreferrer\">info@fashiongold.lt<\/a> vai uz adresi Pam\u0117nkalnio g. 5, Vi\u013c\u0146a.<\/p>\n<h2>20. Apkopojums<\/h2>\n<p><img decoding=\"async\" src=\"https:\/\/images.surferseo.art\/663144f7-f1b8-4df7-95e8-4ef7ef42c5d6.png\" alt=\"balt\u0101 zelta tenisa rokasspr\u0101dze ar dimantiem rot\u0101 sievietes plaukstas loc\u012btavu\" \/><\/p>\n<p><em>M\u016bsu<\/em> m\u0113r\u0137is ir nodro\u0161in\u0101t, lai ikviens klients justos dro\u0161i, p\u0113rkot rotaslietas, neatkar\u012bgi no t\u0101, vai tie b\u016btu saderin\u0101\u0161an\u0101s gredzeni, laul\u012bbu gredzeni, kulons ar dimantu vai auskari ar dimantiem. J\u016bsu uztic\u012bba mums ir svar\u012bg\u0101k\u0101 v\u0113rt\u012bba, t\u0101p\u0113c m\u0113s pieliekam visas p\u016bles, lai j\u016bsu dati b\u016btu dro\u0161\u012bb\u0101 no pirm\u0101 m\u016bsu vietnes apmekl\u0113juma l\u012bdz ilgtermi\u0146a sadarb\u012bbai. Turkl\u0101t klienti jebkur\u0101 laik\u0101 var p\u0101rvald\u012bt vai p\u0101rtraukt savu abonementu vai pakalpojumus, t\u0101d\u0113j\u0101di nodro\u0161inot piln\u012bgu elast\u012bbu un izv\u0113les br\u012bv\u012bbu.<\/p>\n","protected":false},"excerpt":{"rendered":"<p>Juvelierizstr\u0101d\u0101jumi &#8211; priv\u0101tuma politika 1. Ievads \u0160\u012b priv\u0101tuma politika paskaidro, k\u0101 FashionGold.lt (UAB \u201eOrknis\u201c), kas p\u0101rvalda juvelierizstr\u0101d\u0101jumu veikalu Vi\u013c\u0146\u0101 un [&hellip;]<\/p>\n","protected":false},"author":10,"featured_media":29097,"parent":0,"menu_order":0,"comment_status":"closed","ping_status":"closed","template":"","meta":{"site-sidebar-layout":"default","site-content-layout":"","ast-site-content-layout":"default","site-content-style":"default","site-sidebar-style":"default","ast-global-header-display":"","ast-banner-title-visibility":"","ast-main-header-display":"","ast-hfb-above-header-display":"","ast-hfb-below-header-display":"","ast-hfb-mobile-header-display":"","site-post-title":"","ast-breadcrumbs-content":"","ast-featured-img":"","footer-sml-layout":"","ast-disable-related-posts":"","theme-transparent-header-meta":"default","adv-header-id-meta":"","stick-header-meta":"","header-above-stick-meta":"","header-main-stick-meta":"","header-below-stick-meta":"","astra-migrate-meta-layouts":"default","ast-page-background-enabled":"default","ast-page-background-meta":{"desktop":{"background-color":"var(--ast-global-color-4)","background-image":"","background-repeat":"repeat","background-position":"center center","background-size":"auto","background-attachment":"scroll","background-type":"","background-media":"","overlay-type":"","overlay-color":"","overlay-opacity":"","overlay-gradient":""},"tablet":{"background-color":"","background-image":"","background-repeat":"repeat","background-position":"center center","background-size":"auto","background-attachment":"scroll","background-type":"","background-media":"","overlay-type":"","overlay-color":"","overlay-opacity":"","overlay-gradient":""},"mobile":{"background-color":"","background-image":"","background-repeat":"repeat","background-position":"center center","background-size":"auto","background-attachment":"scroll","background-type":"","background-media":"","overlay-type":"","overlay-color":"","overlay-opacity":"","overlay-gradient":""}},"ast-content-background-meta":{"desktop":{"background-color":"var(--ast-global-color-5)","background-image":"","background-repeat":"repeat","background-position":"center center","background-size":"auto","background-attachment":"scroll","background-type":"","background-media":"","overlay-type":"","overlay-color":"","overlay-opacity":"","overlay-gradient":""},"tablet":{"background-color":"var(--ast-global-color-5)","background-image":"","background-repeat":"repeat","background-position":"center center","background-size":"auto","background-attachment":"scroll","background-type":"","background-media":"","overlay-type":"","overlay-color":"","overlay-opacity":"","overlay-gradient":""},"mobile":{"background-color":"var(--ast-global-color-5)","background-image":"","background-repeat":"repeat","background-position":"center center","background-size":"auto","background-attachment":"scroll","background-type":"","background-media":"","overlay-type":"","overlay-color":"","overlay-opacity":"","overlay-gradient":""}},"footnotes":""},"class_list":["post-269346","page","type-page","status-publish","has-post-thumbnail","hentry"],"yoast_head":"<!-- This site is optimized with the Yoast SEO plugin v26.6 - https:\/\/yoast.com\/wordpress\/plugins\/seo\/ -->\n<title>Priv\u0101tuma politika - Fashiongold.lt<\/title>\n<meta name=\"description\" content=\"Fashiongold.lt priv\u0101tuma politika \u2013 dro\u0161a personas datu apstr\u0101de, s\u012bkdat\u0146u izmanto\u0161ana un j\u016bsu ties\u012bbu nodro\u0161in\u0101\u0161ana.\" \/>\n<meta name=\"robots\" content=\"index, follow, max-snippet:-1, max-image-preview:large, max-video-preview:-1\" \/>\n<link rel=\"canonical\" href=\"https:\/\/fashiongold.lt\/lv\/privatuma-politika\/\" \/>\n<meta property=\"og:locale\" content=\"lv_LV\" \/>\n<meta property=\"og:type\" content=\"article\" \/>\n<meta property=\"og:title\" content=\"Priv\u0101tuma politika - Fashiongold.lt\" \/>\n<meta property=\"og:description\" content=\"Fashiongold.lt priv\u0101tuma politika \u2013 dro\u0161a personas datu apstr\u0101de, s\u012bkdat\u0146u izmanto\u0161ana un j\u016bsu ties\u012bbu nodro\u0161in\u0101\u0161ana.\" \/>\n<meta property=\"og:url\" content=\"https:\/\/fashiongold.lt\/lv\/privatuma-politika\/\" \/>\n<meta property=\"og:site_name\" content=\"FashionGold.lt\" \/>\n<meta property=\"article:modified_time\" content=\"2026-02-03T05:19:16+00:00\" \/>\n<meta property=\"og:image\" content=\"https:\/\/fashiongold.lt\/wp-content\/uploads\/2025\/07\/halo-ziedas-su-laboratorijoje-uzaugintu-cushion-formos-sampaninio-atspalvio-deimantu--1024x683.png\" \/>\n\t<meta property=\"og:image:width\" content=\"1024\" \/>\n\t<meta property=\"og:image:height\" content=\"683\" \/>\n\t<meta property=\"og:image:type\" content=\"image\/png\" \/>\n<meta name=\"twitter:card\" content=\"summary_large_image\" \/>\n<meta name=\"twitter:label1\" content=\"Est. reading time\" \/>\n\t<meta name=\"twitter:data1\" content=\"7 minutes\" \/>\n<script type=\"application\/ld+json\" class=\"yoast-schema-graph\">{\"@context\":\"https:\/\/schema.org\",\"@graph\":[{\"@type\":\"WebPage\",\"@id\":\"https:\/\/fashiongold.lt\/lv\/privatuma-politika\/\",\"url\":\"https:\/\/fashiongold.lt\/lv\/privatuma-politika\/\",\"name\":\"Priv\u0101tuma politika - Fashiongold.lt\",\"isPartOf\":{\"@id\":\"https:\/\/fashiongold.lt\/lv\/#website\"},\"primaryImageOfPage\":{\"@id\":\"https:\/\/fashiongold.lt\/lv\/privatuma-politika\/#primaryimage\"},\"image\":{\"@id\":\"https:\/\/fashiongold.lt\/lv\/privatuma-politika\/#primaryimage\"},\"thumbnailUrl\":\"https:\/\/fashiongold.lt\/wp-content\/uploads\/2025\/07\/halo-ziedas-su-laboratorijoje-uzaugintu-cushion-formos-sampaninio-atspalvio-deimantu-.png\",\"datePublished\":\"2025-04-27T11:29:53+00:00\",\"dateModified\":\"2026-02-03T05:19:16+00:00\",\"description\":\"Fashiongold.lt priv\u0101tuma politika \u2013 dro\u0161a personas datu apstr\u0101de, s\u012bkdat\u0146u izmanto\u0161ana un j\u016bsu ties\u012bbu nodro\u0161in\u0101\u0161ana.\",\"breadcrumb\":{\"@id\":\"https:\/\/fashiongold.lt\/lv\/privatuma-politika\/#breadcrumb\"},\"inLanguage\":\"lv-LV\",\"potentialAction\":[{\"@type\":\"ReadAction\",\"target\":[\"https:\/\/fashiongold.lt\/lv\/privatuma-politika\/\"]}]},{\"@type\":\"ImageObject\",\"inLanguage\":\"lv-LV\",\"@id\":\"https:\/\/fashiongold.lt\/lv\/privatuma-politika\/#primaryimage\",\"url\":\"https:\/\/fashiongold.lt\/wp-content\/uploads\/2025\/07\/halo-ziedas-su-laboratorijoje-uzaugintu-cushion-formos-sampaninio-atspalvio-deimantu-.png\",\"contentUrl\":\"https:\/\/fashiongold.lt\/wp-content\/uploads\/2025\/07\/halo-ziedas-su-laboratorijoje-uzaugintu-cushion-formos-sampaninio-atspalvio-deimantu-.png\",\"width\":1536,\"height\":1024,\"caption\":\"\u017diedas su laboratorijoje uz\u030caugintu cushion formos s\u030campaninio atspalvio deimantu\"},{\"@type\":\"BreadcrumbList\",\"@id\":\"https:\/\/fashiongold.lt\/lv\/privatuma-politika\/#breadcrumb\",\"itemListElement\":[{\"@type\":\"ListItem\",\"position\":1,\"name\":\"Home\",\"item\":\"https:\/\/fashiongold.lt\/lv\/\"},{\"@type\":\"ListItem\",\"position\":2,\"name\":\"Priv\u0101tuma politika\"}]},{\"@type\":\"WebSite\",\"@id\":\"https:\/\/fashiongold.lt\/lv\/#website\",\"url\":\"https:\/\/fashiongold.lt\/lv\/\",\"name\":\"Fashion Gold\",\"description\":\"Juvelierizstr\u0101d\u0101jumu nams\",\"publisher\":{\"@id\":\"https:\/\/fashiongold.lt\/lv\/#organization\"},\"potentialAction\":[{\"@type\":\"SearchAction\",\"target\":{\"@type\":\"EntryPoint\",\"urlTemplate\":\"https:\/\/fashiongold.lt\/lv\/?s={search_term_string}\"},\"query-input\":{\"@type\":\"PropertyValueSpecification\",\"valueRequired\":true,\"valueName\":\"search_term_string\"}}],\"inLanguage\":\"lv-LV\"},{\"@type\":\"Organization\",\"@id\":\"https:\/\/fashiongold.lt\/lv\/#organization\",\"name\":\"Topdiamonds Online\",\"url\":\"https:\/\/fashiongold.lt\/lv\/\",\"logo\":{\"@type\":\"ImageObject\",\"inLanguage\":\"lv-LV\",\"@id\":\"https:\/\/fashiongold.lt\/lv\/#\/schema\/logo\/image\/\",\"url\":\"https:\/\/fashiongold.lt\/wp-content\/uploads\/2025\/04\/cropped-fashion_gold_logotipas2-scaled-1.png\",\"contentUrl\":\"https:\/\/fashiongold.lt\/wp-content\/uploads\/2025\/04\/cropped-fashion_gold_logotipas2-scaled-1.png\",\"width\":2559,\"height\":421,\"caption\":\"Topdiamonds Online\"},\"image\":{\"@id\":\"https:\/\/fashiongold.lt\/lv\/#\/schema\/logo\/image\/\"}}]}<\/script>\n<!-- \/ Yoast SEO plugin. -->","yoast_head_json":{"title":"Priv\u0101tuma politika - Fashiongold.lt","description":"Fashiongold.lt priv\u0101tuma politika \u2013 dro\u0161a personas datu apstr\u0101de, s\u012bkdat\u0146u izmanto\u0161ana un j\u016bsu ties\u012bbu nodro\u0161in\u0101\u0161ana.","robots":{"index":"index","follow":"follow","max-snippet":"max-snippet:-1","max-image-preview":"max-image-preview:large","max-video-preview":"max-video-preview:-1"},"canonical":"https:\/\/fashiongold.lt\/lv\/privatuma-politika\/","og_locale":"lv_LV","og_type":"article","og_title":"Priv\u0101tuma politika - Fashiongold.lt","og_description":"Fashiongold.lt priv\u0101tuma politika \u2013 dro\u0161a personas datu apstr\u0101de, s\u012bkdat\u0146u izmanto\u0161ana un j\u016bsu ties\u012bbu nodro\u0161in\u0101\u0161ana.","og_url":"https:\/\/fashiongold.lt\/lv\/privatuma-politika\/","og_site_name":"FashionGold.lt","article_modified_time":"2026-02-03T05:19:16+00:00","og_image":[{"width":1024,"height":683,"url":"https:\/\/fashiongold.lt\/wp-content\/uploads\/2025\/07\/halo-ziedas-su-laboratorijoje-uzaugintu-cushion-formos-sampaninio-atspalvio-deimantu--1024x683.png","type":"image\/png"}],"twitter_card":"summary_large_image","twitter_misc":{"Est. reading time":"7 minutes"},"schema":{"@context":"https:\/\/schema.org","@graph":[{"@type":"WebPage","@id":"https:\/\/fashiongold.lt\/lv\/privatuma-politika\/","url":"https:\/\/fashiongold.lt\/lv\/privatuma-politika\/","name":"Priv\u0101tuma politika - Fashiongold.lt","isPartOf":{"@id":"https:\/\/fashiongold.lt\/lv\/#website"},"primaryImageOfPage":{"@id":"https:\/\/fashiongold.lt\/lv\/privatuma-politika\/#primaryimage"},"image":{"@id":"https:\/\/fashiongold.lt\/lv\/privatuma-politika\/#primaryimage"},"thumbnailUrl":"https:\/\/fashiongold.lt\/wp-content\/uploads\/2025\/07\/halo-ziedas-su-laboratorijoje-uzaugintu-cushion-formos-sampaninio-atspalvio-deimantu-.png","datePublished":"2025-04-27T11:29:53+00:00","dateModified":"2026-02-03T05:19:16+00:00","description":"Fashiongold.lt priv\u0101tuma politika \u2013 dro\u0161a personas datu apstr\u0101de, s\u012bkdat\u0146u izmanto\u0161ana un j\u016bsu ties\u012bbu nodro\u0161in\u0101\u0161ana.","breadcrumb":{"@id":"https:\/\/fashiongold.lt\/lv\/privatuma-politika\/#breadcrumb"},"inLanguage":"lv-LV","potentialAction":[{"@type":"ReadAction","target":["https:\/\/fashiongold.lt\/lv\/privatuma-politika\/"]}]},{"@type":"ImageObject","inLanguage":"lv-LV","@id":"https:\/\/fashiongold.lt\/lv\/privatuma-politika\/#primaryimage","url":"https:\/\/fashiongold.lt\/wp-content\/uploads\/2025\/07\/halo-ziedas-su-laboratorijoje-uzaugintu-cushion-formos-sampaninio-atspalvio-deimantu-.png","contentUrl":"https:\/\/fashiongold.lt\/wp-content\/uploads\/2025\/07\/halo-ziedas-su-laboratorijoje-uzaugintu-cushion-formos-sampaninio-atspalvio-deimantu-.png","width":1536,"height":1024,"caption":"\u017diedas su laboratorijoje uz\u030caugintu cushion formos s\u030campaninio atspalvio deimantu"},{"@type":"BreadcrumbList","@id":"https:\/\/fashiongold.lt\/lv\/privatuma-politika\/#breadcrumb","itemListElement":[{"@type":"ListItem","position":1,"name":"Home","item":"https:\/\/fashiongold.lt\/lv\/"},{"@type":"ListItem","position":2,"name":"Priv\u0101tuma politika"}]},{"@type":"WebSite","@id":"https:\/\/fashiongold.lt\/lv\/#website","url":"https:\/\/fashiongold.lt\/lv\/","name":"Fashion Gold","description":"Juvelierizstr\u0101d\u0101jumu nams","publisher":{"@id":"https:\/\/fashiongold.lt\/lv\/#organization"},"potentialAction":[{"@type":"SearchAction","target":{"@type":"EntryPoint","urlTemplate":"https:\/\/fashiongold.lt\/lv\/?s={search_term_string}"},"query-input":{"@type":"PropertyValueSpecification","valueRequired":true,"valueName":"search_term_string"}}],"inLanguage":"lv-LV"},{"@type":"Organization","@id":"https:\/\/fashiongold.lt\/lv\/#organization","name":"Topdiamonds Online","url":"https:\/\/fashiongold.lt\/lv\/","logo":{"@type":"ImageObject","inLanguage":"lv-LV","@id":"https:\/\/fashiongold.lt\/lv\/#\/schema\/logo\/image\/","url":"https:\/\/fashiongold.lt\/wp-content\/uploads\/2025\/04\/cropped-fashion_gold_logotipas2-scaled-1.png","contentUrl":"https:\/\/fashiongold.lt\/wp-content\/uploads\/2025\/04\/cropped-fashion_gold_logotipas2-scaled-1.png","width":2559,"height":421,"caption":"Topdiamonds Online"},"image":{"@id":"https:\/\/fashiongold.lt\/lv\/#\/schema\/logo\/image\/"}}]}},"_links":{"self":[{"href":"https:\/\/fashiongold.lt\/lv\/wp-json\/wp\/v2\/pages\/269346","targetHints":{"allow":["GET"]}}],"collection":[{"href":"https:\/\/fashiongold.lt\/lv\/wp-json\/wp\/v2\/pages"}],"about":[{"href":"https:\/\/fashiongold.lt\/lv\/wp-json\/wp\/v2\/types\/page"}],"author":[{"embeddable":true,"href":"https:\/\/fashiongold.lt\/lv\/wp-json\/wp\/v2\/users\/10"}],"replies":[{"embeddable":true,"href":"https:\/\/fashiongold.lt\/lv\/wp-json\/wp\/v2\/comments?post=269346"}],"version-history":[{"count":0,"href":"https:\/\/fashiongold.lt\/lv\/wp-json\/wp\/v2\/pages\/269346\/revisions"}],"wp:featuredmedia":[{"embeddable":true,"href":"https:\/\/fashiongold.lt\/lv\/wp-json\/wp\/v2\/media\/29097"}],"wp:attachment":[{"href":"https:\/\/fashiongold.lt\/lv\/wp-json\/wp\/v2\/media?parent=269346"}],"curies":[{"name":"wp","href":"https:\/\/api.w.org\/{rel}","templated":true}]}}