{"id":269354,"date":"2025-03-31T06:43:01","date_gmt":"2025-03-31T06:43:01","guid":{"rendered":"https:\/\/fashiongold.lt\/ai-juvelieris-tiessaiste\/"},"modified":"2026-02-03T05:39:34","modified_gmt":"2026-02-03T05:39:34","slug":"ai-juvelieris-tiessaiste","status":"publish","type":"page","link":"https:\/\/fashiongold.lt\/lv\/ai-juvelieris-tiessaiste\/","title":{"rendered":"AI juvelieris tie\u0161saist\u0113"},"content":{"rendered":"\t\t<div data-elementor-type=\"wp-page\" data-elementor-id=\"269354\" class=\"elementor elementor-269354 elementor-5639\" data-elementor-post-type=\"page\">\n\t\t\t\t<div class=\"elementor-element elementor-element-ec2de8f e-flex e-con-boxed e-con e-parent\" data-id=\"ec2de8f\" data-element_type=\"container\">\n\t\t\t\t\t<div class=\"e-con-inner\">\n\t\t\t\t<div class=\"elementor-element elementor-element-ab543d9 elementor-widget elementor-widget-heading\" data-id=\"ab543d9\" data-element_type=\"widget\" data-widget_type=\"heading.default\">\n\t\t\t\t<div class=\"elementor-widget-container\">\n\t\t\t\t\t<h1 class=\"elementor-heading-title elementor-size-default\">AI juvelieris FASHIONGOLD.LT<\/h1>\t\t\t\t<\/div>\n\t\t\t\t<\/div>\n\t\t\t\t<div class=\"elementor-element elementor-element-4e947fe elementor-widget elementor-widget-text-editor\" data-id=\"4e947fe\" data-element_type=\"widget\" data-widget_type=\"text-editor.default\">\n\t\t\t\t<div class=\"elementor-widget-container\">\n\t\t\t\t\t\t\t\t\t<p>Aprakstiet savu sap\u0146u rotaslietas dizainu \u2013 m\u0101ksl\u012bgais intelekts juvelieris mirkl\u012b izveidos unik\u0101lu rotaslietas skici, kuru var\u0113siet lejupiel\u0101d\u0113t vai nos\u016bt\u012bt mums<\/p>\t\t\t\t\t\t\t\t<\/div>\n\t\t\t\t<\/div>\n\t\t\t\t<div class=\"elementor-element elementor-element-b10474c elementor-widget elementor-widget-azure_ai_image_widget\" data-id=\"b10474c\" data-element_type=\"widget\" data-widget_type=\"azure_ai_image_widget.default\">\n\t\t\t\t<div class=\"elementor-widget-container\">\n\t\t\t\t\t        <div class=\"azure-ai-image-widget\">\r\n            <form id=\"azure-ai-image-form\" method=\"post\" action=\"\">\r\n                <textarea name=\"prompt\" id=\"prompt\" placeholder=\"\u012era\u0161ykite savo sakin\u012f \u010dia: nurodykite aukso spalv\u0105, \u017eiedo dizain\u0105, deimant\u0173 skai\u010di\u0173 ir norim\u0105 form\u0105. Pvz.: Geltono aukso \u017eiedas su vienu deimantu, \u0161irdel\u0117s forma.\" rows=\"4\" cols=\"50\">\u012era\u0161ykite savo sakin\u012f \u010dia: nurodykite aukso spalv\u0105, \u017eiedo dizain\u0105, deimant\u0173 skai\u010di\u0173 ir norim\u0105 form\u0105. Pvz.: Geltono aukso \u017eiedas su vienu deimantu, \u0161irdel\u0117s forma.<\/textarea>\r\n                <button type=\"submit\" class=\"elementor-button elementor-size-md elementor-button-primary azure-ai-submit-button\">\r\n                    Geneuoti su DI                <\/button>\r\n            <\/form>\r\n\t\t\t<br>\r\n            <div id=\"azure-ai-image-result\">\r\n                <p id=\"azure-ai-message\">Apra\u0161ykite norimo dizaino \u017eied\u0105.<\/p>\r\n                <div id=\"azure-ai-preloader\" style=\"display: none; text-align: center; padding: 20px;\">\r\n                    <span class=\"azure-ai-spinner\"><\/span>\r\n                <\/div>\r\n                <div id=\"azure-ai-output\"><\/div>\r\n            <\/div>\r\n        <\/div>\r\n\r\n        <style>\r\n            .azure-ai-spinner {\r\n                display: inline-block;\r\n                width: 30px;\r\n                height: 30px;\r\n                border: 4px solid rgba(0, 0, 0, 0.1);\r\n                border-left-color: #61ce70;\r\n                border-radius: 50%;\r\n                animation: spin 1s linear infinite;\r\n            }\r\n            @keyframes spin {\r\n                to { transform: rotate(360deg); }\r\n            }\r\n        <\/style>\r\n\r\n        <script>\r\n            document.getElementById('azure-ai-image-form').addEventListener('submit', async (event) => {\r\n                event.preventDefault();\r\n                const prompt = document.getElementById('prompt').value.trim().replace(\/\\s+\/g, ' ');\r\n                const message = document.getElementById('azure-ai-message');\r\n                const preloader = document.getElementById('azure-ai-preloader');\r\n                const outputDiv = document.getElementById('azure-ai-output');\r\n\r\n                if (prompt.length < 3) {\r\n                    message.style.display = 'block';\r\n                    message.innerHTML = `<p>Error: Prompt must be at least 3 characters long.<\/p>`;\r\n                    preloader.style.display = 'none';\r\n                    outputDiv.innerHTML = '';\r\n                    return;\r\n                }\r\n\r\n                \/\/ Show preloader, hide message and clear previous output\r\n                message.style.display = 'none';\r\n                preloader.style.display = 'block';\r\n                outputDiv.innerHTML = '';\r\n\r\n                const formData = new FormData();\r\n                formData.append('action', 'generate_azure_image');\r\n                formData.append('prompt', prompt);\r\n\r\n                try {\r\n                    console.log('Sending AJAX request with prompt:', prompt);\r\n                    const response = await fetch('https:\/\/fashiongold.lt\/wp-admin\/admin-ajax.php', {\r\n                        method: 'POST',\r\n                        body: formData\r\n                    });\r\n\r\n                    const responseText = await response.text();\r\n                    console.log('Response status:', response.status, 'Response text:', responseText);\r\n\r\n                    if (!response.ok) {\r\n                        throw new Error(`HTTP error! status: ${response.status}. Response: ${responseText}`);\r\n                    }\r\n\r\n                    const data = JSON.parse(responseText);\r\n                    if (data.success) {\r\n                        outputDiv.innerHTML = `<img decoding=\"async\" src=\"${data.data.image_url}\" alt=\"Generated Image\" style=\"max-width: 100%; height: auto;\" \/>`;\r\n                    } else {\r\n                        \/\/ Check if it's a content policy violation\r\n                        const details = data.data.details;\r\n                        if (details.response_code === 400 && details.response_body.includes('content_policy_violation')) {\r\n                            outputDiv.innerHTML = `<p>U\u017eklausa pa\u017eeid\u017eia naudojimosi taisykles.<\/p>`;\r\n                        } else {\r\n                            outputDiv.innerHTML = `<div style=\"border: 1px solid red; padding: 10px; background: #ffe6e6;\">\r\n                                <p><strong>Error:<\/strong> ${data.data.message}<\/p>\r\n                                <p><strong>Prompt Sent:<\/strong> ${data.data.details.prompt}<\/p>\r\n                                <p><strong>Request Body:<\/strong> ${data.data.details.request_body}<\/p>\r\n                                <p><strong>Response Code:<\/strong> ${data.data.details.response_code}<\/p>\r\n                                <p><strong>Response Body:<\/strong> ${data.data.details.response_body}<\/p>\r\n                            <\/div>`;\r\n                        }\r\n                    }\r\n                } catch (error) {\r\n                    console.error('Error generating image:', error);\r\n                    outputDiv.innerHTML = `<p>Error: ${error.message}<\/p>`;\r\n                    fetch('https:\/\/fashiongold.lt\/wp-admin\/admin-ajax.php', {\r\n                        method: 'POST',\r\n                        body: new FormData(Object.entries({\r\n                            'action': 'log_client_error',\r\n                            'error': error.message,\r\n                            'prompt': prompt\r\n                        }))\r\n                    });\r\n                } finally {\r\n                    preloader.style.display = 'none';\r\n                }\r\n            });\r\n        <\/script>\r\n        \t\t\t\t<\/div>\n\t\t\t\t<\/div>\n\t\t\t\t\t<\/div>\n\t\t\t\t<\/div>\n\t\t\t\t<\/div>\n\t\t","protected":false},"excerpt":{"rendered":"<p>AI juvelieris FASHIONGOLD.LT Aprakstiet savu sap\u0146u rotaslietas dizainu \u2013 m\u0101ksl\u012bgais intelekts juvelieris mirkl\u012b izveidos unik\u0101lu rotaslietas skici, kuru var\u0113siet lejupiel\u0101d\u0113t [&hellip;]<\/p>\n","protected":false},"author":3,"featured_media":16359,"parent":0,"menu_order":0,"comment_status":"closed","ping_status":"closed","template":"","meta":{"site-sidebar-layout":"no-sidebar","site-content-layout":"page-builder","ast-site-content-layout":"full-width-container","site-content-style":"default","site-sidebar-style":"default","ast-global-header-display":"","ast-banner-title-visibility":"","ast-main-header-display":"","ast-hfb-above-header-display":"","ast-hfb-below-header-display":"","ast-hfb-mobile-header-display":"","site-post-title":"disabled","ast-breadcrumbs-content":"","ast-featured-img":"disabled","footer-sml-layout":"","ast-disable-related-posts":"","theme-transparent-header-meta":"default","adv-header-id-meta":"","stick-header-meta":"","header-above-stick-meta":"","header-main-stick-meta":"","header-below-stick-meta":"","astra-migrate-meta-layouts":"default","ast-page-background-enabled":"default","ast-page-background-meta":{"desktop":{"background-color":"var(--ast-global-color-4)","background-image":"","background-repeat":"repeat","background-position":"center center","background-size":"auto","background-attachment":"scroll","background-type":"","background-media":"","overlay-type":"","overlay-color":"","overlay-opacity":"","overlay-gradient":""},"tablet":{"background-color":"","background-image":"","background-repeat":"repeat","background-position":"center center","background-size":"auto","background-attachment":"scroll","background-type":"","background-media":"","overlay-type":"","overlay-color":"","overlay-opacity":"","overlay-gradient":""},"mobile":{"background-color":"","background-image":"","background-repeat":"repeat","background-position":"center center","background-size":"auto","background-attachment":"scroll","background-type":"","background-media":"","overlay-type":"","overlay-color":"","overlay-opacity":"","overlay-gradient":""}},"ast-content-background-meta":{"desktop":{"background-color":"var(--ast-global-color-5)","background-image":"","background-repeat":"repeat","background-position":"center center","background-size":"auto","background-attachment":"scroll","background-type":"","background-media":"","overlay-type":"","overlay-color":"","overlay-opacity":"","overlay-gradient":""},"tablet":{"background-color":"var(--ast-global-color-5)","background-image":"","background-repeat":"repeat","background-position":"center center","background-size":"auto","background-attachment":"scroll","background-type":"","background-media":"","overlay-type":"","overlay-color":"","overlay-opacity":"","overlay-gradient":""},"mobile":{"background-color":"var(--ast-global-color-5)","background-image":"","background-repeat":"repeat","background-position":"center center","background-size":"auto","background-attachment":"scroll","background-type":"","background-media":"","overlay-type":"","overlay-color":"","overlay-opacity":"","overlay-gradient":""}},"footnotes":""},"class_list":["post-269354","page","type-page","status-publish","has-post-thumbnail","hentry"],"yoast_head":"<!-- This site is optimized with the Yoast SEO plugin v26.6 - https:\/\/yoast.com\/wordpress\/plugins\/seo\/ -->\n<title>AI juvelieris Fashiongold.lt: izveido savu sap\u0146u rotaslietu tie\u0161saist\u0113<\/title>\n<meta name=\"description\" content=\"AI juvelieris: aprakstiet savu sap\u0146u rotaslietu un sa\u0146emiet skici. J\u016bsu unik\u0101l\u0101 rotaslieta tiek izveidota tikai ar da\u017eiem klik\u0161\u0137iem.\" \/>\n<meta name=\"robots\" content=\"index, follow, max-snippet:-1, max-image-preview:large, max-video-preview:-1\" \/>\n<link rel=\"canonical\" href=\"https:\/\/fashiongold.lt\/lv\/ai-juvelieris-tiessaiste\/\" \/>\n<meta property=\"og:locale\" content=\"lv_LV\" \/>\n<meta property=\"og:type\" content=\"article\" \/>\n<meta property=\"og:title\" content=\"AI juvelieris Fashiongold.lt: izveido savu sap\u0146u rotaslietu tie\u0161saist\u0113\" \/>\n<meta property=\"og:description\" content=\"AI juvelieris: aprakstiet savu sap\u0146u rotaslietu un sa\u0146emiet skici. J\u016bsu unik\u0101l\u0101 rotaslieta tiek izveidota tikai ar da\u017eiem klik\u0161\u0137iem.\" \/>\n<meta property=\"og:url\" content=\"https:\/\/fashiongold.lt\/lv\/ai-juvelieris-tiessaiste\/\" \/>\n<meta property=\"og:site_name\" content=\"FashionGold.lt\" \/>\n<meta property=\"article:modified_time\" content=\"2026-02-03T05:39:34+00:00\" \/>\n<meta property=\"og:image\" content=\"https:\/\/fashiongold.lt\/wp-content\/uploads\/2025\/06\/AI-juvelyras-kuriantis-papuosala-akimirksniu.png\" \/>\n\t<meta property=\"og:image:width\" content=\"1024\" \/>\n\t<meta property=\"og:image:height\" content=\"683\" \/>\n\t<meta property=\"og:image:type\" content=\"image\/png\" \/>\n<meta name=\"twitter:card\" content=\"summary_large_image\" \/>\n<script type=\"application\/ld+json\" class=\"yoast-schema-graph\">{\"@context\":\"https:\/\/schema.org\",\"@graph\":[{\"@type\":\"WebPage\",\"@id\":\"https:\/\/fashiongold.lt\/lv\/ai-juvelieris-tiessaiste\/\",\"url\":\"https:\/\/fashiongold.lt\/lv\/ai-juvelieris-tiessaiste\/\",\"name\":\"AI juvelieris Fashiongold.lt: izveido savu sap\u0146u rotaslietu tie\u0161saist\u0113\",\"isPartOf\":{\"@id\":\"https:\/\/fashiongold.lt\/lv\/#website\"},\"primaryImageOfPage\":{\"@id\":\"https:\/\/fashiongold.lt\/lv\/ai-juvelieris-tiessaiste\/#primaryimage\"},\"image\":{\"@id\":\"https:\/\/fashiongold.lt\/lv\/ai-juvelieris-tiessaiste\/#primaryimage\"},\"thumbnailUrl\":\"https:\/\/fashiongold.lt\/wp-content\/uploads\/2025\/06\/AI-juvelyras-kuriantis-papuosala-akimirksniu.png\",\"datePublished\":\"2025-03-31T06:43:01+00:00\",\"dateModified\":\"2026-02-03T05:39:34+00:00\",\"description\":\"AI juvelieris: aprakstiet savu sap\u0146u rotaslietu un sa\u0146emiet skici. J\u016bsu unik\u0101l\u0101 rotaslieta tiek izveidota tikai ar da\u017eiem klik\u0161\u0137iem.\",\"breadcrumb\":{\"@id\":\"https:\/\/fashiongold.lt\/lv\/ai-juvelieris-tiessaiste\/#breadcrumb\"},\"inLanguage\":\"lv-LV\",\"potentialAction\":[{\"@type\":\"ReadAction\",\"target\":[\"https:\/\/fashiongold.lt\/lv\/ai-juvelieris-tiessaiste\/\"]}]},{\"@type\":\"ImageObject\",\"inLanguage\":\"lv-LV\",\"@id\":\"https:\/\/fashiongold.lt\/lv\/ai-juvelieris-tiessaiste\/#primaryimage\",\"url\":\"https:\/\/fashiongold.lt\/wp-content\/uploads\/2025\/06\/AI-juvelyras-kuriantis-papuosala-akimirksniu.png\",\"contentUrl\":\"https:\/\/fashiongold.lt\/wp-content\/uploads\/2025\/06\/AI-juvelyras-kuriantis-papuosala-akimirksniu.png\",\"width\":1024,\"height\":683,\"caption\":\"Dirbtinio intelekto juvelyras kuriantis papuo\u0161al\u0105 i\u0161 id\u0117jos per akimirk\u0105 | FashionGold.lt\"},{\"@type\":\"BreadcrumbList\",\"@id\":\"https:\/\/fashiongold.lt\/lv\/ai-juvelieris-tiessaiste\/#breadcrumb\",\"itemListElement\":[{\"@type\":\"ListItem\",\"position\":1,\"name\":\"Home\",\"item\":\"https:\/\/fashiongold.lt\/lv\/\"},{\"@type\":\"ListItem\",\"position\":2,\"name\":\"AI juvelieris tie\u0161saist\u0113\"}]},{\"@type\":\"WebSite\",\"@id\":\"https:\/\/fashiongold.lt\/lv\/#website\",\"url\":\"https:\/\/fashiongold.lt\/lv\/\",\"name\":\"Fashion Gold\",\"description\":\"Juvelyrikos namai\",\"publisher\":{\"@id\":\"https:\/\/fashiongold.lt\/lv\/#organization\"},\"potentialAction\":[{\"@type\":\"SearchAction\",\"target\":{\"@type\":\"EntryPoint\",\"urlTemplate\":\"https:\/\/fashiongold.lt\/lv\/?s={search_term_string}\"},\"query-input\":{\"@type\":\"PropertyValueSpecification\",\"valueRequired\":true,\"valueName\":\"search_term_string\"}}],\"inLanguage\":\"lv-LV\"},{\"@type\":\"Organization\",\"@id\":\"https:\/\/fashiongold.lt\/lv\/#organization\",\"name\":\"Topdiamonds Online\",\"url\":\"https:\/\/fashiongold.lt\/lv\/\",\"logo\":{\"@type\":\"ImageObject\",\"inLanguage\":\"lv-LV\",\"@id\":\"https:\/\/fashiongold.lt\/lv\/#\/schema\/logo\/image\/\",\"url\":\"https:\/\/fashiongold.lt\/wp-content\/uploads\/2025\/04\/cropped-fashion_gold_logotipas2-scaled-1.png\",\"contentUrl\":\"https:\/\/fashiongold.lt\/wp-content\/uploads\/2025\/04\/cropped-fashion_gold_logotipas2-scaled-1.png\",\"width\":2559,\"height\":421,\"caption\":\"Topdiamonds Online\"},\"image\":{\"@id\":\"https:\/\/fashiongold.lt\/lv\/#\/schema\/logo\/image\/\"}}]}<\/script>\n<!-- \/ Yoast SEO plugin. -->","yoast_head_json":{"title":"AI juvelieris Fashiongold.lt: izveido savu sap\u0146u rotaslietu tie\u0161saist\u0113","description":"AI juvelieris: aprakstiet savu sap\u0146u rotaslietu un sa\u0146emiet skici. J\u016bsu unik\u0101l\u0101 rotaslieta tiek izveidota tikai ar da\u017eiem klik\u0161\u0137iem.","robots":{"index":"index","follow":"follow","max-snippet":"max-snippet:-1","max-image-preview":"max-image-preview:large","max-video-preview":"max-video-preview:-1"},"canonical":"https:\/\/fashiongold.lt\/lv\/ai-juvelieris-tiessaiste\/","og_locale":"lv_LV","og_type":"article","og_title":"AI juvelieris Fashiongold.lt: izveido savu sap\u0146u rotaslietu tie\u0161saist\u0113","og_description":"AI juvelieris: aprakstiet savu sap\u0146u rotaslietu un sa\u0146emiet skici. J\u016bsu unik\u0101l\u0101 rotaslieta tiek izveidota tikai ar da\u017eiem klik\u0161\u0137iem.","og_url":"https:\/\/fashiongold.lt\/lv\/ai-juvelieris-tiessaiste\/","og_site_name":"FashionGold.lt","article_modified_time":"2026-02-03T05:39:34+00:00","og_image":[{"width":1024,"height":683,"url":"https:\/\/fashiongold.lt\/wp-content\/uploads\/2025\/06\/AI-juvelyras-kuriantis-papuosala-akimirksniu.png","type":"image\/png"}],"twitter_card":"summary_large_image","schema":{"@context":"https:\/\/schema.org","@graph":[{"@type":"WebPage","@id":"https:\/\/fashiongold.lt\/lv\/ai-juvelieris-tiessaiste\/","url":"https:\/\/fashiongold.lt\/lv\/ai-juvelieris-tiessaiste\/","name":"AI juvelieris Fashiongold.lt: izveido savu sap\u0146u rotaslietu tie\u0161saist\u0113","isPartOf":{"@id":"https:\/\/fashiongold.lt\/lv\/#website"},"primaryImageOfPage":{"@id":"https:\/\/fashiongold.lt\/lv\/ai-juvelieris-tiessaiste\/#primaryimage"},"image":{"@id":"https:\/\/fashiongold.lt\/lv\/ai-juvelieris-tiessaiste\/#primaryimage"},"thumbnailUrl":"https:\/\/fashiongold.lt\/wp-content\/uploads\/2025\/06\/AI-juvelyras-kuriantis-papuosala-akimirksniu.png","datePublished":"2025-03-31T06:43:01+00:00","dateModified":"2026-02-03T05:39:34+00:00","description":"AI juvelieris: aprakstiet savu sap\u0146u rotaslietu un sa\u0146emiet skici. J\u016bsu unik\u0101l\u0101 rotaslieta tiek izveidota tikai ar da\u017eiem klik\u0161\u0137iem.","breadcrumb":{"@id":"https:\/\/fashiongold.lt\/lv\/ai-juvelieris-tiessaiste\/#breadcrumb"},"inLanguage":"lv-LV","potentialAction":[{"@type":"ReadAction","target":["https:\/\/fashiongold.lt\/lv\/ai-juvelieris-tiessaiste\/"]}]},{"@type":"ImageObject","inLanguage":"lv-LV","@id":"https:\/\/fashiongold.lt\/lv\/ai-juvelieris-tiessaiste\/#primaryimage","url":"https:\/\/fashiongold.lt\/wp-content\/uploads\/2025\/06\/AI-juvelyras-kuriantis-papuosala-akimirksniu.png","contentUrl":"https:\/\/fashiongold.lt\/wp-content\/uploads\/2025\/06\/AI-juvelyras-kuriantis-papuosala-akimirksniu.png","width":1024,"height":683,"caption":"Dirbtinio intelekto juvelyras kuriantis papuo\u0161al\u0105 i\u0161 id\u0117jos per akimirk\u0105 | FashionGold.lt"},{"@type":"BreadcrumbList","@id":"https:\/\/fashiongold.lt\/lv\/ai-juvelieris-tiessaiste\/#breadcrumb","itemListElement":[{"@type":"ListItem","position":1,"name":"Home","item":"https:\/\/fashiongold.lt\/lv\/"},{"@type":"ListItem","position":2,"name":"AI juvelieris tie\u0161saist\u0113"}]},{"@type":"WebSite","@id":"https:\/\/fashiongold.lt\/lv\/#website","url":"https:\/\/fashiongold.lt\/lv\/","name":"Fashion Gold","description":"Juvelyrikos namai","publisher":{"@id":"https:\/\/fashiongold.lt\/lv\/#organization"},"potentialAction":[{"@type":"SearchAction","target":{"@type":"EntryPoint","urlTemplate":"https:\/\/fashiongold.lt\/lv\/?s={search_term_string}"},"query-input":{"@type":"PropertyValueSpecification","valueRequired":true,"valueName":"search_term_string"}}],"inLanguage":"lv-LV"},{"@type":"Organization","@id":"https:\/\/fashiongold.lt\/lv\/#organization","name":"Topdiamonds Online","url":"https:\/\/fashiongold.lt\/lv\/","logo":{"@type":"ImageObject","inLanguage":"lv-LV","@id":"https:\/\/fashiongold.lt\/lv\/#\/schema\/logo\/image\/","url":"https:\/\/fashiongold.lt\/wp-content\/uploads\/2025\/04\/cropped-fashion_gold_logotipas2-scaled-1.png","contentUrl":"https:\/\/fashiongold.lt\/wp-content\/uploads\/2025\/04\/cropped-fashion_gold_logotipas2-scaled-1.png","width":2559,"height":421,"caption":"Topdiamonds Online"},"image":{"@id":"https:\/\/fashiongold.lt\/lv\/#\/schema\/logo\/image\/"}}]}},"_links":{"self":[{"href":"https:\/\/fashiongold.lt\/lv\/wp-json\/wp\/v2\/pages\/269354","targetHints":{"allow":["GET"]}}],"collection":[{"href":"https:\/\/fashiongold.lt\/lv\/wp-json\/wp\/v2\/pages"}],"about":[{"href":"https:\/\/fashiongold.lt\/lv\/wp-json\/wp\/v2\/types\/page"}],"author":[{"embeddable":true,"href":"https:\/\/fashiongold.lt\/lv\/wp-json\/wp\/v2\/users\/3"}],"replies":[{"embeddable":true,"href":"https:\/\/fashiongold.lt\/lv\/wp-json\/wp\/v2\/comments?post=269354"}],"version-history":[{"count":0,"href":"https:\/\/fashiongold.lt\/lv\/wp-json\/wp\/v2\/pages\/269354\/revisions"}],"wp:featuredmedia":[{"embeddable":true,"href":"https:\/\/fashiongold.lt\/lv\/wp-json\/wp\/v2\/media\/16359"}],"wp:attachment":[{"href":"https:\/\/fashiongold.lt\/lv\/wp-json\/wp\/v2\/media?parent=269354"}],"curies":[{"name":"wp","href":"https:\/\/api.w.org\/{rel}","templated":true}]}}