{"id":269509,"date":"2025-04-27T11:28:58","date_gmt":"2025-04-27T11:28:58","guid":{"rendered":"https:\/\/fashiongold.lt\/ipasie-piedavajumi\/"},"modified":"2026-02-03T05:17:48","modified_gmt":"2026-02-03T05:17:48","slug":"ipasie-piedavajumi","status":"publish","type":"page","link":"https:\/\/fashiongold.lt\/lv\/ipasie-piedavajumi\/","title":{"rendered":"\u012apa\u0161ie pied\u0101v\u0101jumi"},"content":{"rendered":"<h2 data-pm-slice=\"1 1 []\">Dimantu veikals: \u012bpa\u0161ie pied\u0101v\u0101jumi \u2013 Fashion Gold juvelierizstr\u0101d\u0101jumu nam\u0101<\/h2>\n<p><img decoding=\"async\" src=\"https:\/\/images.surferseo.art\/88696e27-a830-45cc-82fc-f881d39eecc0.png\" alt=\"Juvelieris juvelierizstr\u0101d\u0101jumu veikal\u0101 plan\u0161et\u0113 z\u012bm\u0113 klientam gredzena skici\" \/><\/p>\n<h2>Ekskluz\u012bvas juvelierizstr\u0101d\u0101jumi par \u012bpa\u0161u cenu<\/h2>\n<p><em>Fashion Gold<\/em> \u2013 tas ir dimantu veikals un juvelierizstr\u0101d\u0101jumu nams Vi\u013c\u0146\u0101, kur \u012bpa\u0161ie mirk\u013ci ieg\u016bst mirdzumu. M\u016bsu veikal\u0101 atrad\u012bsiet pla\u0161u pre\u010du sortimentu \u2013 pied\u0101v\u0101jam da\u017e\u0101dus augstas kvalit\u0101tes juvelierizstr\u0101d\u0101jumus, kas atbilst da\u017e\u0101d\u0101m vajadz\u012bb\u0101m un stiliem. M\u016bsu juvelieri Vi\u013c\u0146\u0101 pied\u0101v\u0101 \u012bpa\u0161us pied\u0101v\u0101jumus, lai j\u016bs var\u0113tu ieg\u0101d\u0101ties augst\u0101k\u0101s kvalit\u0101tes juvelierizstr\u0101d\u0101jumus par pievilc\u012bgu cenu. \u0160eit atrad\u012bsiet visu \u2013 no saderin\u0101\u0161an\u0101s gredzeniem, juvelierizstr\u0101d\u0101jumu gredzeniem ar dimantiem, sarkan\u0101 pavediena aproc\u0113m l\u012bdz elegant\u0101m aproc\u0113m ar dimantiem un citiem juvelierizstr\u0101d\u0101jumiem. T\u0101pat pied\u0101v\u0101jam unik\u0101lus izstr\u0101d\u0101jumus \u2013 roku darba un dizaineru darbus, kurus iesp\u0113jams pas\u016bt\u012bt individu\u0101li.<\/p>\n<h2>Sertific\u0113ti dimanti \u2013 kvalit\u0101te bez kompromisiem<\/h2>\n<p><img decoding=\"async\" src=\"https:\/\/images.surferseo.art\/a9458f47-5730-45a1-8a95-a7c35f01ec48.png\" alt=\"GIA, HRD un IGI dimantu sertifik\u0101ti \u2013 kr\u0101su un dzidruma skalas, ras\u0113jumi ar iesl\u0113gumiem\" \/><\/p>\n<p>Katram dimantam m\u016bsu kolekcij\u0101 ir starptautisks GIA, IGI vai HRD sertifik\u0101ts. Dimantu veikals <em>Fashion Gold<\/em> pied\u0101v\u0101 dimantus tie\u0161i no dimantu bir\u017eas, t\u0101p\u0113c j\u016bs maks\u0101jat tikai par re\u0101lo dimanta v\u0113rt\u012bbu. Neatkar\u012bgi no t\u0101, vai izv\u0113l\u0113sieties dabisku vai laboratorij\u0101 audz\u0113tu dimantu \u2013 kvalit\u0101te b\u016bs nevainojama.<\/p>\n<h2>Saderin\u0101\u0161an\u0101s gredzeni, kas st\u0101sta st\u0101stu<\/h2>\n<p><img decoding=\"async\" src=\"https:\/\/images.surferseo.art\/881eef16-feab-457f-890c-1144b9337125.png\" alt=\"Bildin\u0101juma br\u012bdis kalnos, kur puisis pasniedz saderin\u0101\u0161an\u0101s gredzenu meitenei, vi\u0146u sejas p\u0101r\u0146em laimes un skaistu emociju smaidi\" \/><\/p>\n<p>M\u016bsu saderin\u0101\u0161an\u0101s gredzeni \u2013 t\u0101s nav tikai rotaslietas, bet ar\u012b m\u012blest\u012bbas sol\u012bjums. Varat izv\u0113l\u0113ties gredzenu ar dimantu vai gredzenu ar dimantiem, kas piel\u0101gots j\u016bsu v\u0113lm\u0113m. Ja jums ir ideja, m\u016bsu juveliera pakalpojumi pal\u012bdz\u0113s to p\u0101rv\u0113rst realit\u0101t\u0113.<\/p>\n<h4>Laul\u012bbas gredzeni \u2013 j\u016bsu m\u012blest\u012bbas simbols<\/h4>\n<p><img decoding=\"async\" src=\"https:\/\/images.surferseo.art\/99e86316-1fad-42e3-a33d-dac765c9fa31.png\" alt=\"Grezna dimantu st\u012bpi\u0146a ar briljantiem apk\u0101rt un subtilu sirsni\u0146as grav\u0113jumu gredzena iek\u0161pus\u0113. Ja v\u0113laties citu apgaismojumu vai met\u0101la nokr\u0101su, l\u016bdzu, inform\u0113jiet\" \/><\/p>\n<p><em>Fashion Gold<\/em> laul\u012bbas gredzeni tiek veidoti no augst\u0101k\u0101s proves zelta vai plat\u012bna. Varam apvienot da\u017e\u0101das kr\u0101sas, iek\u013caut dimantus vai citus d\u0101rgakme\u0146us. Katrs gredzens tiek izgatavots individu\u0101li, lai tas lieliski atbilstu j\u016bsu dz\u012bvesveidam.<\/p>\n<h4>Auskari ar dimantiem \u2013 smalks mirdzums<\/h4>\n<p><img decoding=\"async\" src=\"https:\/\/images.surferseo.art\/abf3516a-8b91-41d9-ac2b-350342b0ccbb.png\" alt=\"Auskari ar dimantiem baltaj\u0101 zelt\u0101 uz auss\" \/><\/p>\n<p>M\u016bsu kolekcij\u0101 ir gan minim\u0101lisma stila, gan grezni auskari ar dimantiem. Tas var b\u016bt elegants akcents ikdienai vai spilgta izv\u0113le \u012bpa\u0161am gad\u012bjumam. Visi auskari tiek izgatavoti tikai no augstas kvalit\u0101tes materi\u0101liem.<\/p>\n<h2>Kulons ar dimantu \u2013 elegances z\u012bme<\/h2>\n<p><img decoding=\"async\" src=\"https:\/\/images.surferseo.art\/d3be2702-372a-4392-b396-bef0ddb6b86a.png\" alt=\"Balt\u0101 zelta \u0137\u0113d\u012bte ar mirdzo\u0161u halo kulonu ar dimantiem\" \/><\/p>\n<p>Kulons ar dimantu \u2013 d\u0101vana, kas nekad neiziet no modes. Varam izveidot individu\u0101lu dizainu p\u0113c j\u016bsu v\u0113lm\u0113m, lai rotaslieta k\u013c\u016btu unik\u0101la un tai b\u016btu person\u012bga noz\u012bme.<\/p>\n<h2>Aproces ar dimantiem \u2013 rafin\u0113ta grezn\u012bba<\/h2>\n<p><img decoding=\"async\" src=\"https:\/\/images.surferseo.art\/31999623-1d3c-48fb-a997-33a17b738d75.png\" alt=\"Balt\u0101 zelta tennis aproce ar dimantiem rot\u0101 sievietes plaukstas loc\u012btavu\" \/><\/p>\n<p>Ja mekl\u0113jat ekskluz\u012bvu akcentu, m\u016bsu aproces ar dimantiem apburs j\u016bs ar savu sp\u012bdumu un kvalit\u0101ti. T\u0101 ir lieliska d\u0101vana sev vai tuvam cilv\u0113kam, kas piem\u0113rota gan ikdienai, gan sv\u0113tkien.<\/p>\n<h2>Autora juvelierizstr\u0101d\u0101jumi \u2013 unik\u0101ls darbs jums<\/h2>\n<p><img decoding=\"async\" src=\"https:\/\/images.surferseo.art\/0b60b95d-57d0-40f5-99b8-fc2e50c1c100.png\" alt=\"Juveliera rok\u0101m z\u012bm\u0113ta individu\u0101la rotaslietas skice \u2013 unik\u0101la darba v\u012bzija pirms izgatavo\u0161anas\" \/><\/p>\n<p>M\u016bsu autora juvelierizstr\u0101d\u0101jumi \u2013 tie ir darbi, kas dzimst no r\u016bp\u012bga juveliera darba un jaunrades. Varam izgatavot rotaslietas p\u0113c j\u016bsu skices vai pat no nulles izveidot piln\u012bgi unik\u0101lu dizainu.<\/p>\n<h2>Juvelierizstr\u0101d\u0101jumi internet\u0101 \u2013 \u0113rts veids, k\u0101 izv\u0113l\u0113ties<\/h2>\n<p>M\u016bsu juvelierizstr\u0101d\u0101jumi internet\u0101 \u013cauj \u0113rti apskat\u012bt visu juvelierizstr\u0101d\u0101jumu sortimentu \u2013 no augstas kvalit\u0101tes, roku darba rotasliet\u0101m l\u012bdz individu\u0101li izgatavotiem juvelierizstr\u0101d\u0101jumiem \u2013 un pas\u016bt\u012bt v\u0113lamos juvelierizstr\u0101d\u0101jumus, neizejot no m\u0101j\u0101m. Visas rotaslietas tiek pieg\u0101d\u0101tas dro\u0161i un \u0101tri, lai j\u016bs var\u0113tu priec\u0101ties par savu izv\u0113li.<\/p>\n<h2>Lietuvie\u0161u juvelierizstr\u0101d\u0101jumi \u2013 trad\u012bcijas un kvalit\u0101te<\/h2>\n<p><em>Fashion Gold<\/em> lepojas, ka rada lietuvie\u0161u juvelierizstr\u0101d\u0101jumus, kurus klienti nov\u0113rt\u0113 par r\u016bp\u012bgo meistar\u012bbu, uzticam\u012bbu un skaistumu. M\u016bsu juvelieri Vi\u013c\u0146\u0101 str\u0101d\u0101 p\u0113c augst\u0101kajiem standartiem, t\u0101p\u0113c rotaslietas saglab\u0101jas skaistas gadu desmitiem.<\/p>\n<h2>Juvelierizstr\u0101d\u0101jumu pakalpojumi \u2013 no remonta l\u012bdz grav\u0113\u0161anai<\/h2>\n<p>Fashion Gold juvelierizstr\u0101d\u0101jumu nam\u0101 atrad\u012bsiet visus pakalpojumus, kas var\u0113tu b\u016bt nepiecie\u0161ami j\u016bsu rotasliet\u0101m \u2013 no profesion\u0101la remonta l\u012bdz smalkai grav\u0113\u0161anai. M\u016bsu pieredz\u0113ju\u0161ie meistari ir gatavi \u012bstenot jebkuru j\u016bsu ideju: atjaunot, restaur\u0113t vai piel\u0101got juvelierizstr\u0101d\u0101jumus p\u0113c j\u016bsu v\u0113lm\u0113m. Pied\u0101v\u0101jam ar\u012b individu\u0101lu rotaslietu dizaina izstr\u0101des pakalpojumus, lai j\u016bs var\u0113tu ieg\u016bt piln\u012bgi unik\u0101lu rotaslietu, kas rad\u012bta \u012bpa\u0161i jums. Neatkar\u012bgi no t\u0101, vai nepiecie\u0161ams atjaunot \u0123imenes relikviju vai izveidot jaunu rotaslietu no nulles \u2013 m\u016bsu pakalpojumi vienm\u0113r ir orient\u0113ti uz j\u016bsu vajadz\u012bb\u0101m un l\u012bdz s\u012bkumiem p\u0101rdom\u0101tu rezult\u0101tu.<\/p>\n<h2>Padomi rotaslietu ieg\u0101dei \u2013 k\u0101 izv\u0113l\u0113ties perfektu rotaslietu<\/h2>\n<p>Izv\u0113loties rotaslietas, \u012bpa\u0161i tik svar\u012bgas k\u0101 laul\u012bbas gredzeni vai saderin\u0101\u0161an\u0101s gredzeni, ir svar\u012bgi \u0146emt v\u0113r\u0101 da\u017eas b\u016btiskas lietas. Pirmk\u0101rt, apdom\u0101jiet, k\u0101ds met\u0101ls \u2013 zelta rotaslieta vislab\u0101k atbild\u012bs j\u016bsu stilam un vajadz\u012bb\u0101m. T\u0101pat v\u0113rts piev\u0113rst uzman\u012bbu d\u0101rgakmens kvalit\u0101tei, kr\u0101sai un formai, lai gredzens vai cita rotaslieta b\u016btu ne tikai skaista, bet ar\u012b ilgm\u016b\u017e\u012bga. Dizainam vajadz\u0113tu atspogu\u013cot j\u016bsu person\u012bbu \u2013 m\u016bsu eksperti vienm\u0113r ir gatavi pal\u012bdz\u0113t jums izv\u0113l\u0113ties perfektu variantu, kas priec\u0113s j\u016bs daudzus gadus. Uzticieties m\u016bsu pieredzei un \u013caujiet mums pal\u012bdz\u0113t jums izveidot rotaslietu, kas k\u013c\u016bs par \u012bpa\u0161u j\u016bsu dz\u012bves akcentu.<\/p>\n<h2>Garantijas \u2013 j\u016bsu mieram un uztic\u012bbai<\/h2>\n<p>Fashion Gold garantijas ir paredz\u0113tas tam, lai ikviens klients justos piln\u012bgi mier\u012bgs par savu izv\u0113li. M\u0113s nodro\u0161in\u0101m augst\u0101ko kvalit\u0101ti visiem m\u016bsu juvelierizstr\u0101d\u0101jumiem \u2013 no laul\u012bbas gredzeniem un saderin\u0101\u0161an\u0101s gredzeniem l\u012bdz auskariem un cit\u0101m rotasliet\u0101m. M\u016bsu garantijas ietver ne tikai izstr\u0101d\u0101jumu kvalit\u0101ti, bet ar\u012b profesion\u0101lu apkopi un remontu, lai j\u016bsu rotaslietas vienm\u0113r paliktu nevainojam\u0101 st\u0101vokl\u012b. Uzticieties m\u016bsu pieredzei \u2013 j\u016bsu rotaslietas b\u016bs dro\u0161as, ilgm\u016b\u017e\u012bgas un vienm\u0113r izskat\u012bsies lieliski.<\/p>\n<h2>Dimantu degust\u0101cija jeb izgl\u012btojo\u0161ie semin\u0101ri par d\u0101rgakme\u0146iem \u2013 unik\u0101la pieredze<\/h2>\n<p><img decoding=\"async\" src=\"https:\/\/images.surferseo.art\/f619396b-1fe8-426a-a817-a1a115126216.png\" alt=\"Izgl\u012bt\u012bba par dimantu - dimanta kvalit\u0101tes nov\u0113rt\u0113\u0161anas krit\u0113riji\" \/><\/p>\n<p>Aicin\u0101m uz dimantu degust\u0101ciju, kur var\u0113siet redz\u0113t un apskat\u012bt da\u017e\u0101dus dimantus, uzzin\u0101t to v\u0113sturi un atrast savai rotaslietai piem\u0113rot\u0101ko dimantu. T\u0101 nav tikai izgl\u012bt\u012bba, bet ar\u012b iedvesma j\u016bsu turpm\u0101kaj\u0101m izv\u0113l\u0113m.<\/p>\n<h2>Par mums \u2013 Fashion Gold v\u0113sture un v\u0113rt\u012bbas<\/h2>\n<p>Fashion Gold \u2013 tas ir juvelierizstr\u0101d\u0101jumu nams Vi\u013c\u0146\u0101, kur katra rotaslieta tiek rad\u012bta ar \u012bpa\u0161u uzman\u012bbu deta\u013c\u0101m un m\u012blest\u012bbu pret savu darbu. M\u016bsu v\u0113sture s\u0101k\u0101s ar aizrau\u0161anos ar dimantu un v\u0113lmi rad\u012bt ekskluz\u012bvus laul\u012bbas gredzenus, saderin\u0101\u0161an\u0101s gredzenus un citus juvelierizstr\u0101d\u0101jumus, kas k\u013c\u016btu par svar\u012bg\u0101ko dz\u012bves mirk\u013cu sast\u0101vda\u013cu. \u0160odien Fashion Gold pied\u0101v\u0101 pla\u0161u juvelierizstr\u0101d\u0101jumu pakalpojumu kl\u0101stu \u2013 no individu\u0101lu gredzenu izveides l\u012bdz unik\u0101lu rotaslietu dizainam. M\u016bsu v\u0113rt\u012bbas \u2013 meistar\u012bba, kvalit\u0101te un individu\u0101la pieeja katram klientam. M\u0113s cen\u0161amies, lai katra m\u016bsu rotaslieta atspogu\u013cotu ne tikai m\u016bsu pieredzi, bet ar\u012b j\u016bsu person\u012bbu un st\u0101stu.<\/p>\n","protected":false},"excerpt":{"rendered":"<p>Dimantu veikals: \u012bpa\u0161ie pied\u0101v\u0101jumi \u2013 Fashion Gold juvelierizstr\u0101d\u0101jumu nam\u0101 Ekskluz\u012bvas juvelierizstr\u0101d\u0101jumi par \u012bpa\u0161u cenu Fashion Gold \u2013 tas ir dimantu [&hellip;]<\/p>\n","protected":false},"author":10,"featured_media":29138,"parent":0,"menu_order":0,"comment_status":"closed","ping_status":"closed","template":"","meta":{"site-sidebar-layout":"default","site-content-layout":"","ast-site-content-layout":"default","site-content-style":"default","site-sidebar-style":"default","ast-global-header-display":"","ast-banner-title-visibility":"","ast-main-header-display":"","ast-hfb-above-header-display":"","ast-hfb-below-header-display":"","ast-hfb-mobile-header-display":"","site-post-title":"","ast-breadcrumbs-content":"","ast-featured-img":"","footer-sml-layout":"","ast-disable-related-posts":"","theme-transparent-header-meta":"default","adv-header-id-meta":"","stick-header-meta":"","header-above-stick-meta":"","header-main-stick-meta":"","header-below-stick-meta":"","astra-migrate-meta-layouts":"default","ast-page-background-enabled":"default","ast-page-background-meta":{"desktop":{"background-color":"var(--ast-global-color-4)","background-image":"","background-repeat":"repeat","background-position":"center center","background-size":"auto","background-attachment":"scroll","background-type":"","background-media":"","overlay-type":"","overlay-color":"","overlay-opacity":"","overlay-gradient":""},"tablet":{"background-color":"","background-image":"","background-repeat":"repeat","background-position":"center center","background-size":"auto","background-attachment":"scroll","background-type":"","background-media":"","overlay-type":"","overlay-color":"","overlay-opacity":"","overlay-gradient":""},"mobile":{"background-color":"","background-image":"","background-repeat":"repeat","background-position":"center center","background-size":"auto","background-attachment":"scroll","background-type":"","background-media":"","overlay-type":"","overlay-color":"","overlay-opacity":"","overlay-gradient":""}},"ast-content-background-meta":{"desktop":{"background-color":"var(--ast-global-color-5)","background-image":"","background-repeat":"repeat","background-position":"center center","background-size":"auto","background-attachment":"scroll","background-type":"","background-media":"","overlay-type":"","overlay-color":"","overlay-opacity":"","overlay-gradient":""},"tablet":{"background-color":"var(--ast-global-color-5)","background-image":"","background-repeat":"repeat","background-position":"center center","background-size":"auto","background-attachment":"scroll","background-type":"","background-media":"","overlay-type":"","overlay-color":"","overlay-opacity":"","overlay-gradient":""},"mobile":{"background-color":"var(--ast-global-color-5)","background-image":"","background-repeat":"repeat","background-position":"center center","background-size":"auto","background-attachment":"scroll","background-type":"","background-media":"","overlay-type":"","overlay-color":"","overlay-opacity":"","overlay-gradient":""}},"footnotes":""},"class_list":["post-269509","page","type-page","status-publish","has-post-thumbnail","hentry"],"yoast_head":"<!-- This site is optimized with the Yoast SEO plugin v26.6 - https:\/\/yoast.com\/wordpress\/plugins\/seo\/ -->\n<title>\u012apa\u0161ie pied\u0101v\u0101jumi | Ietaupiet l\u012bdz 30 % - Fashiongold.lt<\/title>\n<meta name=\"description\" content=\"Izmantojiet Fashiongold.lt akcijas: izp\u0101rdo\u0161anas, atlaides sertific\u0113tiem dimantiem un roku darba rotasliet\u0101m \u2013 ietaupiet l\u012bdz 30 %.\" \/>\n<meta name=\"robots\" content=\"index, follow, max-snippet:-1, max-image-preview:large, max-video-preview:-1\" \/>\n<link rel=\"canonical\" href=\"https:\/\/fashiongold.lt\/lv\/ipasie-piedavajumi\/\" \/>\n<meta property=\"og:locale\" content=\"lv_LV\" \/>\n<meta property=\"og:type\" content=\"article\" \/>\n<meta property=\"og:title\" content=\"\u012apa\u0161ie pied\u0101v\u0101jumi | Ietaupiet l\u012bdz 30 % - Fashiongold.lt\" \/>\n<meta property=\"og:description\" content=\"Izmantojiet Fashiongold.lt akcijas: izp\u0101rdo\u0161anas, atlaides sertific\u0113tiem dimantiem un roku darba rotasliet\u0101m \u2013 ietaupiet l\u012bdz 30 %.\" \/>\n<meta property=\"og:url\" content=\"https:\/\/fashiongold.lt\/lv\/ipasie-piedavajumi\/\" \/>\n<meta property=\"og:site_name\" content=\"FashionGold.lt\" \/>\n<meta property=\"article:modified_time\" content=\"2026-02-03T05:17:48+00:00\" \/>\n<meta property=\"og:image\" content=\"https:\/\/images.surferseo.art\/88696e27-a830-45cc-82fc-f881d39eecc0.png\" \/>\n<meta name=\"twitter:card\" content=\"summary_large_image\" \/>\n<meta name=\"twitter:label1\" content=\"Est. reading time\" \/>\n\t<meta name=\"twitter:data1\" content=\"6 minutes\" \/>\n<script type=\"application\/ld+json\" class=\"yoast-schema-graph\">{\"@context\":\"https:\/\/schema.org\",\"@graph\":[{\"@type\":\"WebPage\",\"@id\":\"https:\/\/fashiongold.lt\/lv\/ipasie-piedavajumi\/\",\"url\":\"https:\/\/fashiongold.lt\/lv\/ipasie-piedavajumi\/\",\"name\":\"\u012apa\u0161ie pied\u0101v\u0101jumi | Ietaupiet l\u012bdz 30 % - Fashiongold.lt\",\"isPartOf\":{\"@id\":\"https:\/\/fashiongold.lt\/lv\/#website\"},\"primaryImageOfPage\":{\"@id\":\"https:\/\/fashiongold.lt\/lv\/ipasie-piedavajumi\/#primaryimage\"},\"image\":{\"@id\":\"https:\/\/fashiongold.lt\/lv\/ipasie-piedavajumi\/#primaryimage\"},\"thumbnailUrl\":\"https:\/\/fashiongold.lt\/wp-content\/uploads\/2025\/07\/stilingos-moters-kaklas-su-sirdies-formos-halo-pakabuku-kuriame-centrinis-Pigeon-Blood-rubinas-apsuptas-svytinciu-deimantu.png\",\"datePublished\":\"2025-04-27T11:28:58+00:00\",\"dateModified\":\"2026-02-03T05:17:48+00:00\",\"description\":\"Izmantojiet Fashiongold.lt akcijas: izp\u0101rdo\u0161anas, atlaides sertific\u0113tiem dimantiem un roku darba rotasliet\u0101m \u2013 ietaupiet l\u012bdz 30 %.\",\"breadcrumb\":{\"@id\":\"https:\/\/fashiongold.lt\/lv\/ipasie-piedavajumi\/#breadcrumb\"},\"inLanguage\":\"lv-LV\",\"potentialAction\":[{\"@type\":\"ReadAction\",\"target\":[\"https:\/\/fashiongold.lt\/lv\/ipasie-piedavajumi\/\"]}]},{\"@type\":\"ImageObject\",\"inLanguage\":\"lv-LV\",\"@id\":\"https:\/\/fashiongold.lt\/lv\/ipasie-piedavajumi\/#primaryimage\",\"url\":\"https:\/\/fashiongold.lt\/wp-content\/uploads\/2025\/07\/stilingos-moters-kaklas-su-sirdies-formos-halo-pakabuku-kuriame-centrinis-Pigeon-Blood-rubinas-apsuptas-svytinciu-deimantu.png\",\"contentUrl\":\"https:\/\/fashiongold.lt\/wp-content\/uploads\/2025\/07\/stilingos-moters-kaklas-su-sirdies-formos-halo-pakabuku-kuriame-centrinis-Pigeon-Blood-rubinas-apsuptas-svytinciu-deimantu.png\",\"width\":1536,\"height\":1024,\"caption\":\"Halo pakabukas su Pigeon Blood rubinu apsuptas s\u030cvytinc\u030ciu\u0328 deimantu\u0328\"},{\"@type\":\"BreadcrumbList\",\"@id\":\"https:\/\/fashiongold.lt\/lv\/ipasie-piedavajumi\/#breadcrumb\",\"itemListElement\":[{\"@type\":\"ListItem\",\"position\":1,\"name\":\"Home\",\"item\":\"https:\/\/fashiongold.lt\/lv\/\"},{\"@type\":\"ListItem\",\"position\":2,\"name\":\"\u012apa\u0161ie pied\u0101v\u0101jumi\"}]},{\"@type\":\"WebSite\",\"@id\":\"https:\/\/fashiongold.lt\/lv\/#website\",\"url\":\"https:\/\/fashiongold.lt\/lv\/\",\"name\":\"Fashion Gold\",\"description\":\"Juvelierizstr\u0101d\u0101jumu nams\",\"publisher\":{\"@id\":\"https:\/\/fashiongold.lt\/lv\/#organization\"},\"potentialAction\":[{\"@type\":\"SearchAction\",\"target\":{\"@type\":\"EntryPoint\",\"urlTemplate\":\"https:\/\/fashiongold.lt\/lv\/?s={search_term_string}\"},\"query-input\":{\"@type\":\"PropertyValueSpecification\",\"valueRequired\":true,\"valueName\":\"search_term_string\"}}],\"inLanguage\":\"lv-LV\"},{\"@type\":\"Organization\",\"@id\":\"https:\/\/fashiongold.lt\/lv\/#organization\",\"name\":\"Topdiamonds Online\",\"url\":\"https:\/\/fashiongold.lt\/lv\/\",\"logo\":{\"@type\":\"ImageObject\",\"inLanguage\":\"lv-LV\",\"@id\":\"https:\/\/fashiongold.lt\/lv\/#\/schema\/logo\/image\/\",\"url\":\"https:\/\/fashiongold.lt\/wp-content\/uploads\/2025\/04\/cropped-fashion_gold_logotipas2-scaled-1.png\",\"contentUrl\":\"https:\/\/fashiongold.lt\/wp-content\/uploads\/2025\/04\/cropped-fashion_gold_logotipas2-scaled-1.png\",\"width\":2559,\"height\":421,\"caption\":\"Topdiamonds Online\"},\"image\":{\"@id\":\"https:\/\/fashiongold.lt\/lv\/#\/schema\/logo\/image\/\"}}]}<\/script>\n<!-- \/ Yoast SEO plugin. -->","yoast_head_json":{"title":"\u012apa\u0161ie pied\u0101v\u0101jumi | Ietaupiet l\u012bdz 30 % - Fashiongold.lt","description":"Izmantojiet Fashiongold.lt akcijas: izp\u0101rdo\u0161anas, atlaides sertific\u0113tiem dimantiem un roku darba rotasliet\u0101m \u2013 ietaupiet l\u012bdz 30 %.","robots":{"index":"index","follow":"follow","max-snippet":"max-snippet:-1","max-image-preview":"max-image-preview:large","max-video-preview":"max-video-preview:-1"},"canonical":"https:\/\/fashiongold.lt\/lv\/ipasie-piedavajumi\/","og_locale":"lv_LV","og_type":"article","og_title":"\u012apa\u0161ie pied\u0101v\u0101jumi | Ietaupiet l\u012bdz 30 % - Fashiongold.lt","og_description":"Izmantojiet Fashiongold.lt akcijas: izp\u0101rdo\u0161anas, atlaides sertific\u0113tiem dimantiem un roku darba rotasliet\u0101m \u2013 ietaupiet l\u012bdz 30 %.","og_url":"https:\/\/fashiongold.lt\/lv\/ipasie-piedavajumi\/","og_site_name":"FashionGold.lt","article_modified_time":"2026-02-03T05:17:48+00:00","og_image":[{"url":"https:\/\/images.surferseo.art\/88696e27-a830-45cc-82fc-f881d39eecc0.png","type":"","width":"","height":""}],"twitter_card":"summary_large_image","twitter_misc":{"Est. reading time":"6 minutes"},"schema":{"@context":"https:\/\/schema.org","@graph":[{"@type":"WebPage","@id":"https:\/\/fashiongold.lt\/lv\/ipasie-piedavajumi\/","url":"https:\/\/fashiongold.lt\/lv\/ipasie-piedavajumi\/","name":"\u012apa\u0161ie pied\u0101v\u0101jumi | Ietaupiet l\u012bdz 30 % - Fashiongold.lt","isPartOf":{"@id":"https:\/\/fashiongold.lt\/lv\/#website"},"primaryImageOfPage":{"@id":"https:\/\/fashiongold.lt\/lv\/ipasie-piedavajumi\/#primaryimage"},"image":{"@id":"https:\/\/fashiongold.lt\/lv\/ipasie-piedavajumi\/#primaryimage"},"thumbnailUrl":"https:\/\/fashiongold.lt\/wp-content\/uploads\/2025\/07\/stilingos-moters-kaklas-su-sirdies-formos-halo-pakabuku-kuriame-centrinis-Pigeon-Blood-rubinas-apsuptas-svytinciu-deimantu.png","datePublished":"2025-04-27T11:28:58+00:00","dateModified":"2026-02-03T05:17:48+00:00","description":"Izmantojiet Fashiongold.lt akcijas: izp\u0101rdo\u0161anas, atlaides sertific\u0113tiem dimantiem un roku darba rotasliet\u0101m \u2013 ietaupiet l\u012bdz 30 %.","breadcrumb":{"@id":"https:\/\/fashiongold.lt\/lv\/ipasie-piedavajumi\/#breadcrumb"},"inLanguage":"lv-LV","potentialAction":[{"@type":"ReadAction","target":["https:\/\/fashiongold.lt\/lv\/ipasie-piedavajumi\/"]}]},{"@type":"ImageObject","inLanguage":"lv-LV","@id":"https:\/\/fashiongold.lt\/lv\/ipasie-piedavajumi\/#primaryimage","url":"https:\/\/fashiongold.lt\/wp-content\/uploads\/2025\/07\/stilingos-moters-kaklas-su-sirdies-formos-halo-pakabuku-kuriame-centrinis-Pigeon-Blood-rubinas-apsuptas-svytinciu-deimantu.png","contentUrl":"https:\/\/fashiongold.lt\/wp-content\/uploads\/2025\/07\/stilingos-moters-kaklas-su-sirdies-formos-halo-pakabuku-kuriame-centrinis-Pigeon-Blood-rubinas-apsuptas-svytinciu-deimantu.png","width":1536,"height":1024,"caption":"Halo pakabukas su Pigeon Blood rubinu apsuptas s\u030cvytinc\u030ciu\u0328 deimantu\u0328"},{"@type":"BreadcrumbList","@id":"https:\/\/fashiongold.lt\/lv\/ipasie-piedavajumi\/#breadcrumb","itemListElement":[{"@type":"ListItem","position":1,"name":"Home","item":"https:\/\/fashiongold.lt\/lv\/"},{"@type":"ListItem","position":2,"name":"\u012apa\u0161ie pied\u0101v\u0101jumi"}]},{"@type":"WebSite","@id":"https:\/\/fashiongold.lt\/lv\/#website","url":"https:\/\/fashiongold.lt\/lv\/","name":"Fashion Gold","description":"Juvelierizstr\u0101d\u0101jumu nams","publisher":{"@id":"https:\/\/fashiongold.lt\/lv\/#organization"},"potentialAction":[{"@type":"SearchAction","target":{"@type":"EntryPoint","urlTemplate":"https:\/\/fashiongold.lt\/lv\/?s={search_term_string}"},"query-input":{"@type":"PropertyValueSpecification","valueRequired":true,"valueName":"search_term_string"}}],"inLanguage":"lv-LV"},{"@type":"Organization","@id":"https:\/\/fashiongold.lt\/lv\/#organization","name":"Topdiamonds Online","url":"https:\/\/fashiongold.lt\/lv\/","logo":{"@type":"ImageObject","inLanguage":"lv-LV","@id":"https:\/\/fashiongold.lt\/lv\/#\/schema\/logo\/image\/","url":"https:\/\/fashiongold.lt\/wp-content\/uploads\/2025\/04\/cropped-fashion_gold_logotipas2-scaled-1.png","contentUrl":"https:\/\/fashiongold.lt\/wp-content\/uploads\/2025\/04\/cropped-fashion_gold_logotipas2-scaled-1.png","width":2559,"height":421,"caption":"Topdiamonds Online"},"image":{"@id":"https:\/\/fashiongold.lt\/lv\/#\/schema\/logo\/image\/"}}]}},"_links":{"self":[{"href":"https:\/\/fashiongold.lt\/lv\/wp-json\/wp\/v2\/pages\/269509","targetHints":{"allow":["GET"]}}],"collection":[{"href":"https:\/\/fashiongold.lt\/lv\/wp-json\/wp\/v2\/pages"}],"about":[{"href":"https:\/\/fashiongold.lt\/lv\/wp-json\/wp\/v2\/types\/page"}],"author":[{"embeddable":true,"href":"https:\/\/fashiongold.lt\/lv\/wp-json\/wp\/v2\/users\/10"}],"replies":[{"embeddable":true,"href":"https:\/\/fashiongold.lt\/lv\/wp-json\/wp\/v2\/comments?post=269509"}],"version-history":[{"count":0,"href":"https:\/\/fashiongold.lt\/lv\/wp-json\/wp\/v2\/pages\/269509\/revisions"}],"wp:featuredmedia":[{"embeddable":true,"href":"https:\/\/fashiongold.lt\/lv\/wp-json\/wp\/v2\/media\/29138"}],"wp:attachment":[{"href":"https:\/\/fashiongold.lt\/lv\/wp-json\/wp\/v2\/media?parent=269509"}],"curies":[{"name":"wp","href":"https:\/\/api.w.org\/{rel}","templated":true}]}}