{"id":269836,"date":"2025-06-03T08:29:39","date_gmt":"2025-06-03T08:29:39","guid":{"rendered":"https:\/\/fashiongold.lt\/rezervejiet-laiku\/"},"modified":"2026-02-03T05:05:24","modified_gmt":"2026-02-03T05:05:24","slug":"rezervejiet-laiku","status":"publish","type":"page","link":"https:\/\/fashiongold.lt\/lv\/rezervejiet-laiku\/","title":{"rendered":"Rezerv\u0113jiet laiku"},"content":{"rendered":"<p><iframe style=\"border: none; overflow: hidden;\" src=\"https:\/\/www.picktime.com\/home\/141af1d0-5d3c-4e8b-bd12-2cb68b1a1c0d\" width=\"100%\" height=\"800\" frameborder=\"0\" allowfullscreen=\"allowfullscreen\"><br \/>\n<\/iframe><\/p>\n<h2 data-start=\"252\" data-end=\"286\">Konsult\u0101cijas | Fashion Gold<\/h2>\n<h3 data-start=\"288\" data-end=\"354\">Apmekl\u0113jiet bez rezerv\u0101cijas \u2013 vai rezerv\u0113jiet \u0113rtu laiku<\/h3>\n<p data-start=\"356\" data-end=\"744\">M\u016bsu Fashion Gold juvelierizstr\u0101d\u0101jumu nama salons, kas atrodas Pam\u0117nkalnio iel\u0101 5, Vi\u013c\u0146\u0101, vienm\u0113r j\u016bs gaida.<br data-start=\"464\" data-end=\"467\" \/>J\u016bs varat ierasties jebkur\u0101 laik\u0101 darba laik\u0101 \u2013 bez iepriek\u0161\u0113jas re\u0123istr\u0101cijas.<br data-start=\"533\" data-end=\"536\" \/>Tom\u0113r, lai nodro\u0161in\u0101tu, ka m\u016bsu juvelieri var velt\u012bt jums pietiekamu uzman\u012bbu, iesak\u0101m iepriek\u0161 rezerv\u0113t tik\u0161anos.<br data-start=\"674\" data-end=\"677\" \/>T\u0101d\u0101 veid\u0101 j\u016bs izvair\u012bsieties no gaid\u012b\u0161anas, un tik\u0161an\u0101s norit\u0113s mier\u012bgi un veiksm\u012bgi.<\/p>\n<p data-start=\"746\" data-end=\"807\">\ud83d\udcc5 Rezerv\u0113jiet laiku \u0161eit: <a class=\"decorated-link\" href=\"#\" rel=\"noopener\" data-start=\"777\" data-end=\"807\">Rezerv\u0113t konsult\u0101ciju \u279c<\/a><\/p>\n<hr data-start=\"809\" data-end=\"812\" \/>\n<h3 data-start=\"814\" data-end=\"872\">\ud83d\udc8d Individu\u0101la konsult\u0101cija ar Fashion Gold ekspertiem<\/h3>\n<p data-start=\"874\" data-end=\"1079\">Katram rotaslietas gabalam ir savs st\u0101sts \u2013 un m\u0113s pal\u012bdz\u0113sim rad\u012bt j\u016bsu.<br data-start=\"945\" data-end=\"948\" \/>Person\u012bg\u0101s konsult\u0101cijas laik\u0101 m\u016bsu juvelieri un dimantu eksperti pal\u012bdz\u0113s izv\u0113l\u0113ties vai izveidot perfektu gredzenu, auskarus vai kulonu.<\/p>\n<p data-start=\"1081\" data-end=\"1109\">Konsult\u0101cijas laik\u0101 var\u0113siet:<\/p>\n<ul data-start=\"1111\" data-end=\"1483\">\n<li data-start=\"1111\" data-end=\"1193\">\n<p data-start=\"1113\" data-end=\"1193\">P\u0101rrun\u0101t saderin\u0101\u0161an\u0101s un laul\u012bbas gredzenu dizainu, stilu un materi\u0101lus.<\/p>\n<\/li>\n<li data-start=\"1194\" data-end=\"1304\">\n<p data-start=\"1196\" data-end=\"1304\">Uzzin\u0101t par dimantu 4C parametriem (carat, color, clarity, cut) un sertifik\u0101tiem \u2013 GIA, HRD, IGI.<\/p>\n<\/li>\n<li data-start=\"1305\" data-end=\"1371\">\n<p data-start=\"1307\" data-end=\"1371\">Izm\u0113r\u012bt sava gredzena izm\u0113ru, izmantojot profesion\u0101lu m\u0113rier\u012bci.<\/p>\n<\/li>\n<li data-start=\"1372\" data-end=\"1483\">\n<p data-start=\"1374\" data-end=\"1483\">Izmantot m\u016bsu &#8220;Mans gredzens&#8221; konfiguratoru un redz\u0113t, k\u0101 j\u016bsu ideja p\u0101rv\u0113r\u0161as 3D model\u012b re\u0101llaik\u0101.<\/p>\n<\/li>\n<\/ul>\n<hr data-start=\"1485\" data-end=\"1488\" \/>\n<h3 data-start=\"1490\" data-end=\"1518\">\ud83d\udd70 Konsult\u0101ciju form\u0101ti<\/h3>\n<h4 data-start=\"1520\" data-end=\"1549\">Laul\u012bbas gredzenu izveide<\/h4>\n<p data-start=\"1550\" data-end=\"1668\">L\u012bdz 2 stund\u0101m ilga individu\u0101la tik\u0161an\u0101s, lai p\u0101rrun\u0101tu formas, tekst\u016bras, d\u0101rgakme\u0146us un grav\u0113\u0161anu.<\/p>\n<h4 data-start=\"1670\" data-end=\"1703\">Saderin\u0101\u0161an\u0101s gredzenu dizains<\/h4>\n<p data-start=\"1704\" data-end=\"1811\">1 stundas konsult\u0101cija, lai izv\u0113l\u0113tos dimantu vai kr\u0101sainu d\u0101rgakmeni un piem\u0113rot\u0101ko dizainu.<\/p>\n<h4 data-start=\"1813\" data-end=\"1839\">Dimantu konsult\u0101cija<\/h4>\n<p data-start=\"1840\" data-end=\"1960\">1 stundas konsult\u0101cija ar m\u016bsu dimantu speci\u0101listu, p\u0101rrun\u0101jot sertifik\u0101tus, cenas un invest\u012bciju iesp\u0113jas.<\/p>\n<hr data-start=\"1962\" data-end=\"1965\" \/>\n<h3 data-start=\"1967\" data-end=\"2034\">\ud83d\udcbb Apmekl\u0113jiet salonu vai izv\u0113lieties att\u0101lin\u0101tu konsult\u0101ciju<\/h3>\n<h4 data-start=\"2036\" data-end=\"2077\">Salon\u0101 \u2013 Vi\u013c\u0146a, Pam\u0117nkalnio iela 5<\/h4>\n<p data-start=\"2078\" data-end=\"2260\">Apmekl\u0113jiet m\u016bsu juvelierizstr\u0101d\u0101jumu namu Vi\u013c\u0146as centr\u0101. \u0160eit j\u016bs gaida <em data-start=\"2154\" data-end=\"2168\">Fashion Gold<\/em> meistari, dimantu eksperti un iesp\u0113ja kl\u0101tien\u0113 apskat\u012bt akme\u0146us un rotaslietu paraugus.<\/p>\n<h4 data-start=\"2262\" data-end=\"2284\">Att\u0101lin\u0101ti<\/h4>\n<p data-start=\"2285\" data-end=\"2367\">Ja nevarat ierasties, visu varam p\u0101rrun\u0101t videozvana laik\u0101 vai pa e-pastu:<\/p>\n<ul data-start=\"2369\" data-end=\"2589\">\n<li data-start=\"2369\" data-end=\"2408\">\n<p data-start=\"2371\" data-end=\"2408\"><strong data-start=\"2371\" data-end=\"2393\">Video konsult\u0101cija<\/strong> ar juvelieri.<\/p>\n<\/li>\n<li data-start=\"2409\" data-end=\"2491\">\n<p data-start=\"2411\" data-end=\"2491\"><strong data-start=\"2411\" data-end=\"2430\">3D model\u0113\u0161ana<\/strong> \u2013 48 stundu laik\u0101 sa\u0146emsiet profesion\u0101lu j\u016bsu rotaslietas ras\u0113jumu.<\/p>\n<\/li>\n<li data-start=\"2492\" data-end=\"2589\">\n<p data-start=\"2494\" data-end=\"2589\"><strong data-start=\"2494\" data-end=\"2510\">AI juvelieris<\/strong> \u2013 aprakstiet savu v\u012bziju, un m\u0101ksl\u012bgais intelekts izveidos skici re\u0101llaik\u0101.<\/p>\n<\/li>\n<\/ul>\n<p data-start=\"2591\" data-end=\"2694\">\ud83d\udcde <strong data-start=\"2594\" data-end=\"2622\">Re\u0123istr\u0113jieties pa t\u0101lruni, WhatsApp, Telegram:<\/strong> <a href=\"tel:+37067950000\">+370 679 50 000<\/a><br data-start=\"2638\" data-end=\"2641\" \/>\ud83d\udce9 <strong data-start=\"2644\" data-end=\"2672\">Vai rakstiet uz e-pastu:<\/strong> <a class=\"decorated-link cursor-pointer\" rel=\"noopener\" data-start=\"2673\" data-end=\"2692\">info@fashiongold.lt<\/a><\/p>\n<hr data-start=\"2696\" data-end=\"2699\" \/>\n<h3 data-start=\"2701\" data-end=\"2740\">\ud83d\udc8e K\u0101p\u0113c izv\u0113l\u0113ties Fashion Gold<\/h3>\n<ul data-start=\"2742\" data-end=\"3315\">\n<li data-start=\"2742\" data-end=\"2831\">\n<p data-start=\"2744\" data-end=\"2831\"><strong data-start=\"2744\" data-end=\"2765\">30+ gadu pieredze<\/strong> \u2013 \u0123imenes juvelierizstr\u0101d\u0101jumu nams, kas slavens ar kvalit\u0101ti un uztic\u012bbu.<\/p>\n<\/li>\n<li data-start=\"2832\" data-end=\"2947\">\n<p data-start=\"2834\" data-end=\"2947\"><strong data-start=\"2834\" data-end=\"2855\">Elast\u012bga pieeja<\/strong> \u2013 varat ierasties bez rezerv\u0101cijas vai iepl\u0101not person\u012bgu konsult\u0101ciju jums \u0113rt\u0101 laik\u0101.<\/p>\n<\/li>\n<li data-start=\"2948\" data-end=\"3057\">\n<p data-start=\"2950\" data-end=\"3057\"><strong data-start=\"2950\" data-end=\"2989\">Tie\u0161a saikne ar dimantu bir\u017eu<\/strong> \u2013 bez starpniekiem, nodro\u0161inot lab\u0101ko cenas un kvalit\u0101tes attiec\u012bbu.<\/p>\n<\/li>\n<li data-start=\"3058\" data-end=\"3163\">\n<p data-start=\"3060\" data-end=\"3163\"><strong data-start=\"3060\" data-end=\"3085\">Inovat\u012bvi risin\u0101jumi<\/strong> \u2013 3D vizualiz\u0101cijas, virtu\u0101l\u0101 &#8220;Pielaiko\u0161ana&#8221;, AI skices un konfiguratori.<\/p>\n<\/li>\n<li data-start=\"3164\" data-end=\"3315\">\n<p data-start=\"3166\" data-end=\"3315\"><strong data-start=\"3166\" data-end=\"3196\">Garantijas un serviss<\/strong> \u2013 bezmaksas pieg\u0101de Baltijas valst\u012bs, 30 dienu atgrie\u0161anas periods, starptautiskie sertifik\u0101ti (GIA, HRD, IGI).<\/p>\n<\/li>\n<\/ul>\n<hr data-start=\"3317\" data-end=\"3320\" \/>\n<h3 data-start=\"3322\" data-end=\"3378\">\u2728 Radiet savu sap\u0146u rotaslietu kop\u0101 ar mums<\/h3>\n<p data-start=\"3380\" data-end=\"3601\">Rezerv\u0113jiet konsult\u0101ciju internet\u0101 vai pa t\u0101lruni un \u013caujiet m\u016bsu ekspertiem par\u016bp\u0113ties par vis\u0101m deta\u013c\u0101m \u2013 no pirm\u0101s skices l\u012bdz gal\u012bgajam d\u0101rgakmens mirdzumam.<br data-start=\"3544\" data-end=\"3547\" \/><strong data-start=\"3547\" data-end=\"3599\">Fashion Gold \u2013 j\u016bsu \u0123imenes juvelieri kop\u0161 1992. gada.<\/strong><\/p>\n<p data-start=\"3603\" data-end=\"3715\">\ud83d\udcc5 <a class=\"decorated-link\" href=\"#\" rel=\"noopener\" data-start=\"3606\" data-end=\"3636\">Rezerv\u0113t konsult\u0101ciju \u279c<\/a><br data-start=\"3636\" data-end=\"3639\" \/>\ud83d\udccd <a class=\"decorated-link cursor-pointer\" target=\"_new\" rel=\"noopener\" data-start=\"3878\" data-end=\"3964\">Pam\u0117nkalnio iela 5, Vi\u013c\u0146a<\/a><br data-start=\"3667\" data-end=\"3670\" \/>\ud83d\udcde <a href=\"tel:+37067950000\">+370 679 50000<\/a><br data-start=\"3688\" data-end=\"3691\" \/>\ud83d\udce9 <a class=\"decorated-link cursor-pointer\" rel=\"noopener\" data-start=\"3694\" data-end=\"3713\">info@fashiongold.lt<\/a><\/p>\n","protected":false},"excerpt":{"rendered":"<p>Konsult\u0101cijas | Fashion Gold Apmekl\u0113jiet bez rezerv\u0101cijas \u2013 vai rezerv\u0113jiet \u0113rtu laiku M\u016bsu Fashion Gold juvelierizstr\u0101d\u0101jumu nama salons, kas atrodas [&hellip;]<\/p>\n","protected":false},"author":3,"featured_media":29330,"parent":0,"menu_order":0,"comment_status":"closed","ping_status":"closed","template":"","meta":{"site-sidebar-layout":"default","site-content-layout":"","ast-site-content-layout":"default","site-content-style":"default","site-sidebar-style":"default","ast-global-header-display":"","ast-banner-title-visibility":"","ast-main-header-display":"","ast-hfb-above-header-display":"","ast-hfb-below-header-display":"","ast-hfb-mobile-header-display":"","site-post-title":"","ast-breadcrumbs-content":"","ast-featured-img":"","footer-sml-layout":"","ast-disable-related-posts":"","theme-transparent-header-meta":"default","adv-header-id-meta":"","stick-header-meta":"","header-above-stick-meta":"","header-main-stick-meta":"","header-below-stick-meta":"","astra-migrate-meta-layouts":"default","ast-page-background-enabled":"default","ast-page-background-meta":{"desktop":{"background-color":"var(--ast-global-color-4)","background-image":"","background-repeat":"repeat","background-position":"center center","background-size":"auto","background-attachment":"scroll","background-type":"","background-media":"","overlay-type":"","overlay-color":"","overlay-opacity":"","overlay-gradient":""},"tablet":{"background-color":"","background-image":"","background-repeat":"repeat","background-position":"center center","background-size":"auto","background-attachment":"scroll","background-type":"","background-media":"","overlay-type":"","overlay-color":"","overlay-opacity":"","overlay-gradient":""},"mobile":{"background-color":"","background-image":"","background-repeat":"repeat","background-position":"center center","background-size":"auto","background-attachment":"scroll","background-type":"","background-media":"","overlay-type":"","overlay-color":"","overlay-opacity":"","overlay-gradient":""}},"ast-content-background-meta":{"desktop":{"background-color":"var(--ast-global-color-5)","background-image":"","background-repeat":"repeat","background-position":"center center","background-size":"auto","background-attachment":"scroll","background-type":"","background-media":"","overlay-type":"","overlay-color":"","overlay-opacity":"","overlay-gradient":""},"tablet":{"background-color":"var(--ast-global-color-5)","background-image":"","background-repeat":"repeat","background-position":"center center","background-size":"auto","background-attachment":"scroll","background-type":"","background-media":"","overlay-type":"","overlay-color":"","overlay-opacity":"","overlay-gradient":""},"mobile":{"background-color":"var(--ast-global-color-5)","background-image":"","background-repeat":"repeat","background-position":"center center","background-size":"auto","background-attachment":"scroll","background-type":"","background-media":"","overlay-type":"","overlay-color":"","overlay-opacity":"","overlay-gradient":""}},"footnotes":""},"class_list":["post-269836","page","type-page","status-publish","has-post-thumbnail","hentry"],"yoast_head":"<!-- This site is optimized with the Yoast SEO plugin v26.6 - https:\/\/yoast.com\/wordpress\/plugins\/seo\/ -->\n<title>Rezerv\u0113jiet laiku individu\u0101lai konsult\u0101cijai \u2013 FashionGold.lt<\/title>\n<meta name=\"description\" content=\"Person\u012bgas konsult\u0101cijas ar Fashion Gold juvelieriem un dimantu ekspertiem Vi\u013c\u0146\u0101 vai att\u0101lin\u0101ti \u2013 radiet savu sap\u0146u rotaslietu.\" \/>\n<meta name=\"robots\" content=\"index, follow, max-snippet:-1, max-image-preview:large, max-video-preview:-1\" \/>\n<link rel=\"canonical\" href=\"https:\/\/fashiongold.lt\/lv\/rezervejiet-laiku\/\" \/>\n<meta property=\"og:locale\" content=\"lv_LV\" \/>\n<meta property=\"og:type\" content=\"article\" \/>\n<meta property=\"og:title\" content=\"Rezerv\u0113jiet laiku individu\u0101lai konsult\u0101cijai \u2013 FashionGold.lt\" \/>\n<meta property=\"og:description\" content=\"Person\u012bgas konsult\u0101cijas ar Fashion Gold juvelieriem un dimantu ekspertiem Vi\u013c\u0146\u0101 vai att\u0101lin\u0101ti \u2013 radiet savu sap\u0146u rotaslietu.\" \/>\n<meta property=\"og:url\" content=\"https:\/\/fashiongold.lt\/lv\/rezervejiet-laiku\/\" \/>\n<meta property=\"og:site_name\" content=\"FashionGold.lt\" \/>\n<meta property=\"article:modified_time\" content=\"2026-02-03T05:05:24+00:00\" \/>\n<meta name=\"twitter:card\" content=\"summary_large_image\" \/>\n<meta name=\"twitter:label1\" content=\"Est. reading time\" \/>\n\t<meta name=\"twitter:data1\" content=\"3 minutes\" \/>\n<script type=\"application\/ld+json\" class=\"yoast-schema-graph\">{\"@context\":\"https:\/\/schema.org\",\"@graph\":[{\"@type\":\"WebPage\",\"@id\":\"https:\/\/fashiongold.lt\/lv\/rezervejiet-laiku\/\",\"url\":\"https:\/\/fashiongold.lt\/lv\/rezervejiet-laiku\/\",\"name\":\"Rezerv\u0113jiet laiku individu\u0101lai konsult\u0101cijai \u2013 FashionGold.lt\",\"isPartOf\":{\"@id\":\"https:\/\/fashiongold.lt\/lv\/#website\"},\"primaryImageOfPage\":{\"@id\":\"https:\/\/fashiongold.lt\/lv\/rezervejiet-laiku\/#primaryimage\"},\"image\":{\"@id\":\"https:\/\/fashiongold.lt\/lv\/rezervejiet-laiku\/#primaryimage\"},\"thumbnailUrl\":\"https:\/\/fashiongold.lt\/wp-content\/uploads\/2025\/07\/Rezervuokite-individualia-juvelyrine-konsultacija.png\",\"datePublished\":\"2025-06-03T08:29:39+00:00\",\"dateModified\":\"2026-02-03T05:05:24+00:00\",\"description\":\"Person\u012bgas konsult\u0101cijas ar Fashion Gold juvelieriem un dimantu ekspertiem Vi\u013c\u0146\u0101 vai att\u0101lin\u0101ti \u2013 radiet savu sap\u0146u rotaslietu.\",\"breadcrumb\":{\"@id\":\"https:\/\/fashiongold.lt\/lv\/rezervejiet-laiku\/#breadcrumb\"},\"inLanguage\":\"lv-LV\",\"potentialAction\":[{\"@type\":\"ReadAction\",\"target\":[\"https:\/\/fashiongold.lt\/lv\/rezervejiet-laiku\/\"]}]},{\"@type\":\"ImageObject\",\"inLanguage\":\"lv-LV\",\"@id\":\"https:\/\/fashiongold.lt\/lv\/rezervejiet-laiku\/#primaryimage\",\"url\":\"https:\/\/fashiongold.lt\/wp-content\/uploads\/2025\/07\/Rezervuokite-individualia-juvelyrine-konsultacija.png\",\"contentUrl\":\"https:\/\/fashiongold.lt\/wp-content\/uploads\/2025\/07\/Rezervuokite-individualia-juvelyrine-konsultacija.png\",\"width\":1536,\"height\":1024,\"caption\":\"Rezervuokite online laik\u0105 individualiai konsultacijai\"},{\"@type\":\"BreadcrumbList\",\"@id\":\"https:\/\/fashiongold.lt\/lv\/rezervejiet-laiku\/#breadcrumb\",\"itemListElement\":[{\"@type\":\"ListItem\",\"position\":1,\"name\":\"Home\",\"item\":\"https:\/\/fashiongold.lt\/lv\/\"},{\"@type\":\"ListItem\",\"position\":2,\"name\":\"Rezerv\u0113jiet laiku\"}]},{\"@type\":\"WebSite\",\"@id\":\"https:\/\/fashiongold.lt\/lv\/#website\",\"url\":\"https:\/\/fashiongold.lt\/lv\/\",\"name\":\"Fashion Gold\",\"description\":\"Juvelyrikos namai\",\"publisher\":{\"@id\":\"https:\/\/fashiongold.lt\/lv\/#organization\"},\"potentialAction\":[{\"@type\":\"SearchAction\",\"target\":{\"@type\":\"EntryPoint\",\"urlTemplate\":\"https:\/\/fashiongold.lt\/lv\/?s={search_term_string}\"},\"query-input\":{\"@type\":\"PropertyValueSpecification\",\"valueRequired\":true,\"valueName\":\"search_term_string\"}}],\"inLanguage\":\"lv-LV\"},{\"@type\":\"Organization\",\"@id\":\"https:\/\/fashiongold.lt\/lv\/#organization\",\"name\":\"Topdiamonds Online\",\"url\":\"https:\/\/fashiongold.lt\/lv\/\",\"logo\":{\"@type\":\"ImageObject\",\"inLanguage\":\"lv-LV\",\"@id\":\"https:\/\/fashiongold.lt\/lv\/#\/schema\/logo\/image\/\",\"url\":\"https:\/\/fashiongold.lt\/wp-content\/uploads\/2025\/04\/cropped-fashion_gold_logotipas2-scaled-1.png\",\"contentUrl\":\"https:\/\/fashiongold.lt\/wp-content\/uploads\/2025\/04\/cropped-fashion_gold_logotipas2-scaled-1.png\",\"width\":2559,\"height\":421,\"caption\":\"Topdiamonds Online\"},\"image\":{\"@id\":\"https:\/\/fashiongold.lt\/lv\/#\/schema\/logo\/image\/\"}}]}<\/script>\n<!-- \/ Yoast SEO plugin. -->","yoast_head_json":{"title":"Rezerv\u0113jiet laiku individu\u0101lai konsult\u0101cijai \u2013 FashionGold.lt","description":"Person\u012bgas konsult\u0101cijas ar Fashion Gold juvelieriem un dimantu ekspertiem Vi\u013c\u0146\u0101 vai att\u0101lin\u0101ti \u2013 radiet savu sap\u0146u rotaslietu.","robots":{"index":"index","follow":"follow","max-snippet":"max-snippet:-1","max-image-preview":"max-image-preview:large","max-video-preview":"max-video-preview:-1"},"canonical":"https:\/\/fashiongold.lt\/lv\/rezervejiet-laiku\/","og_locale":"lv_LV","og_type":"article","og_title":"Rezerv\u0113jiet laiku individu\u0101lai konsult\u0101cijai \u2013 FashionGold.lt","og_description":"Person\u012bgas konsult\u0101cijas ar Fashion Gold juvelieriem un dimantu ekspertiem Vi\u013c\u0146\u0101 vai att\u0101lin\u0101ti \u2013 radiet savu sap\u0146u rotaslietu.","og_url":"https:\/\/fashiongold.lt\/lv\/rezervejiet-laiku\/","og_site_name":"FashionGold.lt","article_modified_time":"2026-02-03T05:05:24+00:00","twitter_card":"summary_large_image","twitter_misc":{"Est. reading time":"3 minutes"},"schema":{"@context":"https:\/\/schema.org","@graph":[{"@type":"WebPage","@id":"https:\/\/fashiongold.lt\/lv\/rezervejiet-laiku\/","url":"https:\/\/fashiongold.lt\/lv\/rezervejiet-laiku\/","name":"Rezerv\u0113jiet laiku individu\u0101lai konsult\u0101cijai \u2013 FashionGold.lt","isPartOf":{"@id":"https:\/\/fashiongold.lt\/lv\/#website"},"primaryImageOfPage":{"@id":"https:\/\/fashiongold.lt\/lv\/rezervejiet-laiku\/#primaryimage"},"image":{"@id":"https:\/\/fashiongold.lt\/lv\/rezervejiet-laiku\/#primaryimage"},"thumbnailUrl":"https:\/\/fashiongold.lt\/wp-content\/uploads\/2025\/07\/Rezervuokite-individualia-juvelyrine-konsultacija.png","datePublished":"2025-06-03T08:29:39+00:00","dateModified":"2026-02-03T05:05:24+00:00","description":"Person\u012bgas konsult\u0101cijas ar Fashion Gold juvelieriem un dimantu ekspertiem Vi\u013c\u0146\u0101 vai att\u0101lin\u0101ti \u2013 radiet savu sap\u0146u rotaslietu.","breadcrumb":{"@id":"https:\/\/fashiongold.lt\/lv\/rezervejiet-laiku\/#breadcrumb"},"inLanguage":"lv-LV","potentialAction":[{"@type":"ReadAction","target":["https:\/\/fashiongold.lt\/lv\/rezervejiet-laiku\/"]}]},{"@type":"ImageObject","inLanguage":"lv-LV","@id":"https:\/\/fashiongold.lt\/lv\/rezervejiet-laiku\/#primaryimage","url":"https:\/\/fashiongold.lt\/wp-content\/uploads\/2025\/07\/Rezervuokite-individualia-juvelyrine-konsultacija.png","contentUrl":"https:\/\/fashiongold.lt\/wp-content\/uploads\/2025\/07\/Rezervuokite-individualia-juvelyrine-konsultacija.png","width":1536,"height":1024,"caption":"Rezervuokite online laik\u0105 individualiai konsultacijai"},{"@type":"BreadcrumbList","@id":"https:\/\/fashiongold.lt\/lv\/rezervejiet-laiku\/#breadcrumb","itemListElement":[{"@type":"ListItem","position":1,"name":"Home","item":"https:\/\/fashiongold.lt\/lv\/"},{"@type":"ListItem","position":2,"name":"Rezerv\u0113jiet laiku"}]},{"@type":"WebSite","@id":"https:\/\/fashiongold.lt\/lv\/#website","url":"https:\/\/fashiongold.lt\/lv\/","name":"Fashion Gold","description":"Juvelyrikos namai","publisher":{"@id":"https:\/\/fashiongold.lt\/lv\/#organization"},"potentialAction":[{"@type":"SearchAction","target":{"@type":"EntryPoint","urlTemplate":"https:\/\/fashiongold.lt\/lv\/?s={search_term_string}"},"query-input":{"@type":"PropertyValueSpecification","valueRequired":true,"valueName":"search_term_string"}}],"inLanguage":"lv-LV"},{"@type":"Organization","@id":"https:\/\/fashiongold.lt\/lv\/#organization","name":"Topdiamonds Online","url":"https:\/\/fashiongold.lt\/lv\/","logo":{"@type":"ImageObject","inLanguage":"lv-LV","@id":"https:\/\/fashiongold.lt\/lv\/#\/schema\/logo\/image\/","url":"https:\/\/fashiongold.lt\/wp-content\/uploads\/2025\/04\/cropped-fashion_gold_logotipas2-scaled-1.png","contentUrl":"https:\/\/fashiongold.lt\/wp-content\/uploads\/2025\/04\/cropped-fashion_gold_logotipas2-scaled-1.png","width":2559,"height":421,"caption":"Topdiamonds Online"},"image":{"@id":"https:\/\/fashiongold.lt\/lv\/#\/schema\/logo\/image\/"}}]}},"_links":{"self":[{"href":"https:\/\/fashiongold.lt\/lv\/wp-json\/wp\/v2\/pages\/269836","targetHints":{"allow":["GET"]}}],"collection":[{"href":"https:\/\/fashiongold.lt\/lv\/wp-json\/wp\/v2\/pages"}],"about":[{"href":"https:\/\/fashiongold.lt\/lv\/wp-json\/wp\/v2\/types\/page"}],"author":[{"embeddable":true,"href":"https:\/\/fashiongold.lt\/lv\/wp-json\/wp\/v2\/users\/3"}],"replies":[{"embeddable":true,"href":"https:\/\/fashiongold.lt\/lv\/wp-json\/wp\/v2\/comments?post=269836"}],"version-history":[{"count":0,"href":"https:\/\/fashiongold.lt\/lv\/wp-json\/wp\/v2\/pages\/269836\/revisions"}],"wp:featuredmedia":[{"embeddable":true,"href":"https:\/\/fashiongold.lt\/lv\/wp-json\/wp\/v2\/media\/29330"}],"wp:attachment":[{"href":"https:\/\/fashiongold.lt\/lv\/wp-json\/wp\/v2\/media?parent=269836"}],"curies":[{"name":"wp","href":"https:\/\/api.w.org\/{rel}","templated":true}]}}