{"id":270011,"date":"2025-04-27T11:26:07","date_gmt":"2025-04-27T11:26:07","guid":{"rendered":"https:\/\/fashiongold.lt\/kontakti\/"},"modified":"2026-02-03T05:20:17","modified_gmt":"2026-02-03T05:20:17","slug":"kontakti","status":"publish","type":"page","link":"https:\/\/fashiongold.lt\/lv\/kontakti\/","title":{"rendered":"Kontakti"},"content":{"rendered":"<h3>Kontakti<\/h3>\n<p>Lai sazin\u0101tos ar mums, l\u016bdzu, izmantojiet \u0161o kontaktinform\u0101ciju:<\/p>\n<ul>\n<li><a class=\"gmail-\" href=\"https:\/\/fashiongold.lt\/lv\/\" rel=\"noopener\">Fashiongold.lt<\/a><\/li>\n<li>E-pasts:\u00a0<a href=\"mailto:info@fashiongold.lt\" target=\"_blank\" rel=\"noopener noreferrer\">info@fashiongold.lt<\/a><\/li>\n<li>T\u0101lr., Whatsapp:\u00a0 <a class=\"gmail-\" href=\"https:\/\/mail.google.com\/mail\/u\/0\/\" rel=\"noopener\">+370 679 50000<\/a><\/li>\n<li>Adrese: Pam\u0117nkalnio g. 5, Vi\u013c\u0146a<\/li>\n<li>Darba laiks: no 10:00 l\u012bdz 20:00 darba dien\u0101s un no 10:00 l\u012bdz 18:00 sestdien\u0101s<\/li>\n<\/ul>\n<p>M\u016bsu komanda vienm\u0113r ir gatava atbild\u0113t uz J\u016bsu jaut\u0101jumiem par juvelierizstr\u0101d\u0101jumiem, laul\u012bbu gredzeniem, saderin\u0101\u0161an\u0101s gredzeniem un citiem juvelierizstr\u0101d\u0101jumu jaut\u0101jumiem. Neatkar\u012bgi no t\u0101, vai Jums ir jaut\u0101jumi par m\u016bsu pakalpojumiem vai v\u0113laties konsult\u0113ties par individu\u0101lu pas\u016bt\u012bjumu, m\u0113s vienm\u0113r esam \u0161eit, lai pal\u012bdz\u0113tu.<\/p>\n<p class=\"\" data-start=\"0\" data-end=\"52\"><strong data-start=\"0\" data-end=\"50\">UAB ORKNIS rekviz\u012bti un nor\u0113\u0137inu konts<\/strong><\/p>\n<ul data-start=\"53\" data-end=\"233\">\n<li class=\"\" data-start=\"53\" data-end=\"91\">\n<p class=\"\" data-start=\"55\" data-end=\"91\"><strong data-start=\"55\" data-end=\"78\">Uz\u0146\u0113muma nosaukums:<\/strong> UAB ORKNIS<\/p>\n<\/li>\n<li class=\"\" data-start=\"92\" data-end=\"158\">\n<p class=\"\" data-start=\"94\" data-end=\"158\"><strong data-start=\"94\" data-end=\"120\">Re\u0123istr\u0101cijas adrese:<\/strong> Pam\u0117nkalnio g. 5, Vi\u013c\u0146a, LT-01116<\/p>\n<\/li>\n<li class=\"\" data-start=\"159\" data-end=\"190\">\n<p class=\"\" data-start=\"161\" data-end=\"190\"><strong data-start=\"161\" data-end=\"178\">Uz\u0146\u0113muma kods:<\/strong> 122019680<\/p>\n<\/li>\n<li class=\"\" data-start=\"191\" data-end=\"233\">\n<p class=\"\" data-start=\"193\" data-end=\"233\"><strong data-start=\"193\" data-end=\"216\">PVN maks\u0101t\u0101ja kods:<\/strong> LT220196811<\/p>\n<\/li>\n<\/ul>\n<p class=\"\" data-start=\"235\" data-end=\"264\"><strong data-start=\"235\" data-end=\"262\">Nor\u0113\u0137inu konts<\/strong><\/p>\n<ul data-start=\"265\" data-end=\"383\" data-is-last-node=\"\" data-is-only-node=\"\">\n<li class=\"\" data-start=\"265\" data-end=\"291\">\n<p class=\"\" data-start=\"267\" data-end=\"291\"><strong data-start=\"267\" data-end=\"278\">Banka:<\/strong> SEB Bankas<\/p>\n<\/li>\n<li class=\"\" data-start=\"292\" data-end=\"355\">\n<p class=\"\" data-start=\"294\" data-end=\"355\"><strong data-start=\"294\" data-end=\"328\">Nor\u0113\u0137inu konts (EUR):<\/strong> LT44 7044 0600 0014 9656<\/p>\n<\/li>\n<li class=\"\" data-start=\"356\" data-end=\"383\">\n<p class=\"\" data-start=\"358\" data-end=\"383\"><strong data-start=\"358\" data-end=\"374\">SWIFT (BIC):<\/strong> CBVILT2X<\/p>\n<\/li>\n<\/ul>\n<p>&nbsp;<\/p>\n<p>&nbsp;<\/p>\n","protected":false},"excerpt":{"rendered":"<p>Kontakti Lai sazin\u0101tos ar mums, l\u016bdzu, izmantojiet \u0161o kontaktinform\u0101ciju: Fashiongold.lt E-pasts:\u00a0info@fashiongold.lt T\u0101lr., Whatsapp:\u00a0 +370 679 50000 Adrese: Pam\u0117nkalnio g. 5, [&hellip;]<\/p>\n","protected":false},"author":10,"featured_media":10506,"parent":0,"menu_order":0,"comment_status":"closed","ping_status":"closed","template":"","meta":{"site-sidebar-layout":"default","site-content-layout":"","ast-site-content-layout":"default","site-content-style":"default","site-sidebar-style":"default","ast-global-header-display":"","ast-banner-title-visibility":"","ast-main-header-display":"","ast-hfb-above-header-display":"","ast-hfb-below-header-display":"","ast-hfb-mobile-header-display":"","site-post-title":"","ast-breadcrumbs-content":"","ast-featured-img":"","footer-sml-layout":"","ast-disable-related-posts":"","theme-transparent-header-meta":"default","adv-header-id-meta":"","stick-header-meta":"","header-above-stick-meta":"","header-main-stick-meta":"","header-below-stick-meta":"","astra-migrate-meta-layouts":"default","ast-page-background-enabled":"default","ast-page-background-meta":{"desktop":{"background-color":"var(--ast-global-color-4)","background-image":"","background-repeat":"repeat","background-position":"center center","background-size":"auto","background-attachment":"scroll","background-type":"","background-media":"","overlay-type":"","overlay-color":"","overlay-opacity":"","overlay-gradient":""},"tablet":{"background-color":"","background-image":"","background-repeat":"repeat","background-position":"center center","background-size":"auto","background-attachment":"scroll","background-type":"","background-media":"","overlay-type":"","overlay-color":"","overlay-opacity":"","overlay-gradient":""},"mobile":{"background-color":"","background-image":"","background-repeat":"repeat","background-position":"center center","background-size":"auto","background-attachment":"scroll","background-type":"","background-media":"","overlay-type":"","overlay-color":"","overlay-opacity":"","overlay-gradient":""}},"ast-content-background-meta":{"desktop":{"background-color":"var(--ast-global-color-5)","background-image":"","background-repeat":"repeat","background-position":"center center","background-size":"auto","background-attachment":"scroll","background-type":"","background-media":"","overlay-type":"","overlay-color":"","overlay-opacity":"","overlay-gradient":""},"tablet":{"background-color":"var(--ast-global-color-5)","background-image":"","background-repeat":"repeat","background-position":"center center","background-size":"auto","background-attachment":"scroll","background-type":"","background-media":"","overlay-type":"","overlay-color":"","overlay-opacity":"","overlay-gradient":""},"mobile":{"background-color":"var(--ast-global-color-5)","background-image":"","background-repeat":"repeat","background-position":"center center","background-size":"auto","background-attachment":"scroll","background-type":"","background-media":"","overlay-type":"","overlay-color":"","overlay-opacity":"","overlay-gradient":""}},"footnotes":""},"class_list":["post-270011","page","type-page","status-publish","has-post-thumbnail","hentry"],"yoast_head":"<!-- This site is optimized with the Yoast SEO plugin v26.6 - https:\/\/yoast.com\/wordpress\/plugins\/seo\/ -->\n<title>Kontakti | Fashiongold.lt \u2013 pal\u012bdz\u0113sim izv\u0113l\u0113ties ide\u0101lu dimantu<\/title>\n<meta name=\"description\" content=\"Sazinieties ar Fashiongold.lt: pa e-pastu, t\u0101lruni vai live-\u010dat\u0101 \u2013 sa\u0146emiet ekspertu padomus par dimantiem, pas\u016bt\u012bjumiem vai pieg\u0101di.\" \/>\n<meta name=\"robots\" content=\"index, follow, max-snippet:-1, max-image-preview:large, max-video-preview:-1\" \/>\n<link rel=\"canonical\" href=\"https:\/\/fashiongold.lt\/lv\/kontakti\/\" \/>\n<meta property=\"og:locale\" content=\"lv_LV\" \/>\n<meta property=\"og:type\" content=\"article\" \/>\n<meta property=\"og:title\" content=\"Kontakti | Fashiongold.lt \u2013 pal\u012bdz\u0113sim izv\u0113l\u0113ties ide\u0101lu dimantu\" \/>\n<meta property=\"og:description\" content=\"Sazinieties ar Fashiongold.lt: pa e-pastu, t\u0101lruni vai live-\u010dat\u0101 \u2013 sa\u0146emiet ekspertu padomus par dimantiem, pas\u016bt\u012bjumiem vai pieg\u0101di.\" \/>\n<meta property=\"og:url\" content=\"https:\/\/fashiongold.lt\/lv\/kontakti\/\" \/>\n<meta property=\"og:site_name\" content=\"FashionGold.lt\" \/>\n<meta property=\"article:modified_time\" content=\"2026-02-03T05:20:17+00:00\" \/>\n<meta name=\"twitter:card\" content=\"summary_large_image\" \/>\n<meta name=\"twitter:label1\" content=\"Est. reading time\" \/>\n\t<meta name=\"twitter:data1\" content=\"1 minute\" \/>\n<script type=\"application\/ld+json\" class=\"yoast-schema-graph\">{\"@context\":\"https:\/\/schema.org\",\"@graph\":[{\"@type\":\"WebPage\",\"@id\":\"https:\/\/fashiongold.lt\/lv\/kontakti\/\",\"url\":\"https:\/\/fashiongold.lt\/lv\/kontakti\/\",\"name\":\"Kontakti | Fashiongold.lt \u2013 pal\u012bdz\u0113sim izv\u0113l\u0113ties ide\u0101lu dimantu\",\"isPartOf\":{\"@id\":\"https:\/\/fashiongold.lt\/lv\/#website\"},\"primaryImageOfPage\":{\"@id\":\"https:\/\/fashiongold.lt\/lv\/kontakti\/#primaryimage\"},\"image\":{\"@id\":\"https:\/\/fashiongold.lt\/lv\/kontakti\/#primaryimage\"},\"thumbnailUrl\":\"https:\/\/fashiongold.lt\/wp-content\/uploads\/2025\/05\/16.jpg\",\"datePublished\":\"2025-04-27T11:26:07+00:00\",\"dateModified\":\"2026-02-03T05:20:17+00:00\",\"description\":\"Sazinieties ar Fashiongold.lt: pa e-pastu, t\u0101lruni vai live-\u010dat\u0101 \u2013 sa\u0146emiet ekspertu padomus par dimantiem, pas\u016bt\u012bjumiem vai pieg\u0101di.\",\"breadcrumb\":{\"@id\":\"https:\/\/fashiongold.lt\/lv\/kontakti\/#breadcrumb\"},\"inLanguage\":\"lv-LV\",\"potentialAction\":[{\"@type\":\"ReadAction\",\"target\":[\"https:\/\/fashiongold.lt\/lv\/kontakti\/\"]}]},{\"@type\":\"ImageObject\",\"inLanguage\":\"lv-LV\",\"@id\":\"https:\/\/fashiongold.lt\/lv\/kontakti\/#primaryimage\",\"url\":\"https:\/\/fashiongold.lt\/wp-content\/uploads\/2025\/05\/16.jpg\",\"contentUrl\":\"https:\/\/fashiongold.lt\/wp-content\/uploads\/2025\/05\/16.jpg\",\"width\":600,\"height\":600,\"caption\":\"Deimantin\u0117s juostel\u0117s\"},{\"@type\":\"BreadcrumbList\",\"@id\":\"https:\/\/fashiongold.lt\/lv\/kontakti\/#breadcrumb\",\"itemListElement\":[{\"@type\":\"ListItem\",\"position\":1,\"name\":\"Home\",\"item\":\"https:\/\/fashiongold.lt\/lv\/\"},{\"@type\":\"ListItem\",\"position\":2,\"name\":\"Kontakti\"}]},{\"@type\":\"WebSite\",\"@id\":\"https:\/\/fashiongold.lt\/lv\/#website\",\"url\":\"https:\/\/fashiongold.lt\/lv\/\",\"name\":\"Fashion Gold\",\"description\":\"Juvelyrikos namai\",\"publisher\":{\"@id\":\"https:\/\/fashiongold.lt\/lv\/#organization\"},\"potentialAction\":[{\"@type\":\"SearchAction\",\"target\":{\"@type\":\"EntryPoint\",\"urlTemplate\":\"https:\/\/fashiongold.lt\/lv\/?s={search_term_string}\"},\"query-input\":{\"@type\":\"PropertyValueSpecification\",\"valueRequired\":true,\"valueName\":\"search_term_string\"}}],\"inLanguage\":\"lv-LV\"},{\"@type\":\"Organization\",\"@id\":\"https:\/\/fashiongold.lt\/lv\/#organization\",\"name\":\"Topdiamonds Online\",\"url\":\"https:\/\/fashiongold.lt\/lv\/\",\"logo\":{\"@type\":\"ImageObject\",\"inLanguage\":\"lv-LV\",\"@id\":\"https:\/\/fashiongold.lt\/lv\/#\/schema\/logo\/image\/\",\"url\":\"https:\/\/fashiongold.lt\/wp-content\/uploads\/2025\/04\/cropped-fashion_gold_logotipas2-scaled-1.png\",\"contentUrl\":\"https:\/\/fashiongold.lt\/wp-content\/uploads\/2025\/04\/cropped-fashion_gold_logotipas2-scaled-1.png\",\"width\":2559,\"height\":421,\"caption\":\"Topdiamonds Online\"},\"image\":{\"@id\":\"https:\/\/fashiongold.lt\/lv\/#\/schema\/logo\/image\/\"}}]}<\/script>\n<!-- \/ Yoast SEO plugin. -->","yoast_head_json":{"title":"Kontakti | Fashiongold.lt \u2013 pal\u012bdz\u0113sim izv\u0113l\u0113ties ide\u0101lu dimantu","description":"Sazinieties ar Fashiongold.lt: pa e-pastu, t\u0101lruni vai live-\u010dat\u0101 \u2013 sa\u0146emiet ekspertu padomus par dimantiem, pas\u016bt\u012bjumiem vai pieg\u0101di.","robots":{"index":"index","follow":"follow","max-snippet":"max-snippet:-1","max-image-preview":"max-image-preview:large","max-video-preview":"max-video-preview:-1"},"canonical":"https:\/\/fashiongold.lt\/lv\/kontakti\/","og_locale":"lv_LV","og_type":"article","og_title":"Kontakti | Fashiongold.lt \u2013 pal\u012bdz\u0113sim izv\u0113l\u0113ties ide\u0101lu dimantu","og_description":"Sazinieties ar Fashiongold.lt: pa e-pastu, t\u0101lruni vai live-\u010dat\u0101 \u2013 sa\u0146emiet ekspertu padomus par dimantiem, pas\u016bt\u012bjumiem vai pieg\u0101di.","og_url":"https:\/\/fashiongold.lt\/lv\/kontakti\/","og_site_name":"FashionGold.lt","article_modified_time":"2026-02-03T05:20:17+00:00","twitter_card":"summary_large_image","twitter_misc":{"Est. reading time":"1 minute"},"schema":{"@context":"https:\/\/schema.org","@graph":[{"@type":"WebPage","@id":"https:\/\/fashiongold.lt\/lv\/kontakti\/","url":"https:\/\/fashiongold.lt\/lv\/kontakti\/","name":"Kontakti | Fashiongold.lt \u2013 pal\u012bdz\u0113sim izv\u0113l\u0113ties ide\u0101lu dimantu","isPartOf":{"@id":"https:\/\/fashiongold.lt\/lv\/#website"},"primaryImageOfPage":{"@id":"https:\/\/fashiongold.lt\/lv\/kontakti\/#primaryimage"},"image":{"@id":"https:\/\/fashiongold.lt\/lv\/kontakti\/#primaryimage"},"thumbnailUrl":"https:\/\/fashiongold.lt\/wp-content\/uploads\/2025\/05\/16.jpg","datePublished":"2025-04-27T11:26:07+00:00","dateModified":"2026-02-03T05:20:17+00:00","description":"Sazinieties ar Fashiongold.lt: pa e-pastu, t\u0101lruni vai live-\u010dat\u0101 \u2013 sa\u0146emiet ekspertu padomus par dimantiem, pas\u016bt\u012bjumiem vai pieg\u0101di.","breadcrumb":{"@id":"https:\/\/fashiongold.lt\/lv\/kontakti\/#breadcrumb"},"inLanguage":"lv-LV","potentialAction":[{"@type":"ReadAction","target":["https:\/\/fashiongold.lt\/lv\/kontakti\/"]}]},{"@type":"ImageObject","inLanguage":"lv-LV","@id":"https:\/\/fashiongold.lt\/lv\/kontakti\/#primaryimage","url":"https:\/\/fashiongold.lt\/wp-content\/uploads\/2025\/05\/16.jpg","contentUrl":"https:\/\/fashiongold.lt\/wp-content\/uploads\/2025\/05\/16.jpg","width":600,"height":600,"caption":"Deimantin\u0117s juostel\u0117s"},{"@type":"BreadcrumbList","@id":"https:\/\/fashiongold.lt\/lv\/kontakti\/#breadcrumb","itemListElement":[{"@type":"ListItem","position":1,"name":"Home","item":"https:\/\/fashiongold.lt\/lv\/"},{"@type":"ListItem","position":2,"name":"Kontakti"}]},{"@type":"WebSite","@id":"https:\/\/fashiongold.lt\/lv\/#website","url":"https:\/\/fashiongold.lt\/lv\/","name":"Fashion Gold","description":"Juvelyrikos namai","publisher":{"@id":"https:\/\/fashiongold.lt\/lv\/#organization"},"potentialAction":[{"@type":"SearchAction","target":{"@type":"EntryPoint","urlTemplate":"https:\/\/fashiongold.lt\/lv\/?s={search_term_string}"},"query-input":{"@type":"PropertyValueSpecification","valueRequired":true,"valueName":"search_term_string"}}],"inLanguage":"lv-LV"},{"@type":"Organization","@id":"https:\/\/fashiongold.lt\/lv\/#organization","name":"Topdiamonds Online","url":"https:\/\/fashiongold.lt\/lv\/","logo":{"@type":"ImageObject","inLanguage":"lv-LV","@id":"https:\/\/fashiongold.lt\/lv\/#\/schema\/logo\/image\/","url":"https:\/\/fashiongold.lt\/wp-content\/uploads\/2025\/04\/cropped-fashion_gold_logotipas2-scaled-1.png","contentUrl":"https:\/\/fashiongold.lt\/wp-content\/uploads\/2025\/04\/cropped-fashion_gold_logotipas2-scaled-1.png","width":2559,"height":421,"caption":"Topdiamonds Online"},"image":{"@id":"https:\/\/fashiongold.lt\/lv\/#\/schema\/logo\/image\/"}}]}},"_links":{"self":[{"href":"https:\/\/fashiongold.lt\/lv\/wp-json\/wp\/v2\/pages\/270011","targetHints":{"allow":["GET"]}}],"collection":[{"href":"https:\/\/fashiongold.lt\/lv\/wp-json\/wp\/v2\/pages"}],"about":[{"href":"https:\/\/fashiongold.lt\/lv\/wp-json\/wp\/v2\/types\/page"}],"author":[{"embeddable":true,"href":"https:\/\/fashiongold.lt\/lv\/wp-json\/wp\/v2\/users\/10"}],"replies":[{"embeddable":true,"href":"https:\/\/fashiongold.lt\/lv\/wp-json\/wp\/v2\/comments?post=270011"}],"version-history":[{"count":0,"href":"https:\/\/fashiongold.lt\/lv\/wp-json\/wp\/v2\/pages\/270011\/revisions"}],"wp:featuredmedia":[{"embeddable":true,"href":"https:\/\/fashiongold.lt\/lv\/wp-json\/wp\/v2\/media\/10506"}],"wp:attachment":[{"href":"https:\/\/fashiongold.lt\/lv\/wp-json\/wp\/v2\/media?parent=270011"}],"curies":[{"name":"wp","href":"https:\/\/api.w.org\/{rel}","templated":true}]}}