{"id":270711,"date":"2025-06-02T11:32:24","date_gmt":"2025-06-02T11:32:24","guid":{"rendered":"https:\/\/fashiongold.lt\/pieprasijuma-forma\/"},"modified":"2026-02-03T05:20:15","modified_gmt":"2026-02-03T05:20:15","slug":"pieprasijuma-forma","status":"publish","type":"page","link":"https:\/\/fashiongold.lt\/lv\/pieprasijuma-forma\/","title":{"rendered":"Piepras\u012bjuma forma"},"content":{"rendered":"<h5>Nos\u016bt\u012bt zi\u0146u<\/h5>\n<div class=\"wpforms-container \" id=\"wpforms-524\"><form id=\"wpforms-form-524\" class=\"wpforms-validate wpforms-form wpforms-ajax-form\" data-formid=\"524\" method=\"post\" enctype=\"multipart\/form-data\" action=\"\/lv\/wp-json\/wp\/v2\/pages\/270711\" data-token=\"ad82da7446ac80994faa764e1de4aab1\" data-token-time=\"1776382212\"><noscript class=\"wpforms-error-noscript\">Please enable JavaScript in your browser to complete this form.<\/noscript><div class=\"wpforms-field-container\"><div id=\"wpforms-524-field_0-container\" class=\"wpforms-field wpforms-field-name\" data-field-id=\"0\"><label class=\"wpforms-field-label\" for=\"wpforms-524-field_0\">Vardas <span class=\"wpforms-required-label\">*<\/span><\/label><input type=\"text\" id=\"wpforms-524-field_0\" class=\"wpforms-field-small wpforms-field-required\" name=\"wpforms[fields][0]\" required><\/div><div id=\"wpforms-524-field_1-container\" class=\"wpforms-field wpforms-field-email\" data-field-id=\"1\"><label class=\"wpforms-field-label\" for=\"wpforms-524-field_1\">El. pa\u0161ras <span class=\"wpforms-required-label\">*<\/span><\/label><input type=\"email\" id=\"wpforms-524-field_1\" class=\"wpforms-field-small wpforms-field-required\" name=\"wpforms[fields][1]\" spellcheck=\"false\" required><\/div><div id=\"wpforms-524-field_2-container\" class=\"wpforms-field wpforms-field-textarea\" data-field-id=\"2\"><label class=\"wpforms-field-label\" for=\"wpforms-524-field_2\">\u017dinut\u0117 <span class=\"wpforms-required-label\">*<\/span><\/label><textarea id=\"wpforms-524-field_2\" class=\"wpforms-field-small wpforms-field-required\" name=\"wpforms[fields][2]\" required><\/textarea><\/div><\/div><!-- .wpforms-field-container --><div class=\"wpforms-submit-container\" ><input type=\"hidden\" name=\"wpforms[id]\" value=\"524\"><input type=\"hidden\" name=\"page_title\" value=\"\"><input type=\"hidden\" name=\"page_url\" value=\"https:\/\/fashiongold.lt\/lv\/wp-json\/wp\/v2\/pages\/270711\"><input type=\"hidden\" name=\"url_referer\" value=\"\"><button type=\"submit\" name=\"wpforms[submit]\" id=\"wpforms-submit-524\" class=\"wpforms-submit\" data-alt-text=\"Sending...\" data-submit-text=\"Si\u0173sti\" aria-live=\"assertive\" value=\"wpforms-submit\">Si\u0173sti<\/button><img decoding=\"async\" src=\"https:\/\/fashiongold.lt\/wp-content\/plugins\/wpforms\/assets\/images\/submit-spin.svg\" class=\"wpforms-submit-spinner\" style=\"display: none;\" width=\"26\" height=\"26\" alt=\"Loading\"><\/div><\/form><\/div>  <!-- .wpforms-container -->\n","protected":false},"excerpt":{"rendered":"<p>Nos\u016bt\u012bt zi\u0146u<\/p>\n","protected":false},"author":3,"featured_media":16389,"parent":0,"menu_order":0,"comment_status":"closed","ping_status":"closed","template":"","meta":{"site-sidebar-layout":"default","site-content-layout":"","ast-site-content-layout":"default","site-content-style":"default","site-sidebar-style":"default","ast-global-header-display":"","ast-banner-title-visibility":"","ast-main-header-display":"","ast-hfb-above-header-display":"","ast-hfb-below-header-display":"","ast-hfb-mobile-header-display":"","site-post-title":"","ast-breadcrumbs-content":"","ast-featured-img":"","footer-sml-layout":"","ast-disable-related-posts":"","theme-transparent-header-meta":"default","adv-header-id-meta":"","stick-header-meta":"","header-above-stick-meta":"","header-main-stick-meta":"","header-below-stick-meta":"","astra-migrate-meta-layouts":"default","ast-page-background-enabled":"default","ast-page-background-meta":{"desktop":{"background-color":"var(--ast-global-color-4)","background-image":"","background-repeat":"repeat","background-position":"center center","background-size":"auto","background-attachment":"scroll","background-type":"","background-media":"","overlay-type":"","overlay-color":"","overlay-opacity":"","overlay-gradient":""},"tablet":{"background-color":"","background-image":"","background-repeat":"repeat","background-position":"center center","background-size":"auto","background-attachment":"scroll","background-type":"","background-media":"","overlay-type":"","overlay-color":"","overlay-opacity":"","overlay-gradient":""},"mobile":{"background-color":"","background-image":"","background-repeat":"repeat","background-position":"center center","background-size":"auto","background-attachment":"scroll","background-type":"","background-media":"","overlay-type":"","overlay-color":"","overlay-opacity":"","overlay-gradient":""}},"ast-content-background-meta":{"desktop":{"background-color":"var(--ast-global-color-5)","background-image":"","background-repeat":"repeat","background-position":"center center","background-size":"auto","background-attachment":"scroll","background-type":"","background-media":"","overlay-type":"","overlay-color":"","overlay-opacity":"","overlay-gradient":""},"tablet":{"background-color":"var(--ast-global-color-5)","background-image":"","background-repeat":"repeat","background-position":"center center","background-size":"auto","background-attachment":"scroll","background-type":"","background-media":"","overlay-type":"","overlay-color":"","overlay-opacity":"","overlay-gradient":""},"mobile":{"background-color":"var(--ast-global-color-5)","background-image":"","background-repeat":"repeat","background-position":"center center","background-size":"auto","background-attachment":"scroll","background-type":"","background-media":"","overlay-type":"","overlay-color":"","overlay-opacity":"","overlay-gradient":""}},"footnotes":""},"class_list":["post-270711","page","type-page","status-publish","has-post-thumbnail","hentry"],"yoast_head":"<!-- This site is optimized with the Yoast SEO plugin v26.6 - https:\/\/yoast.com\/wordpress\/plugins\/seo\/ -->\n<title>Piepras\u012bjuma forma\u202f|\u202fFashionGold.lt jaut\u0101 ekspertam<\/title>\n<meta name=\"description\" content=\"Vai jums ir jaut\u0101jumi par dimantiem, rotasliet\u0101m vai individu\u0101lu pas\u016bt\u012bjumu? Sazinieties ar mums \u2013 m\u0113s \u0101tri atbild\u0113sim pa e-pastu vai t\u0101lruni.\" \/>\n<meta name=\"robots\" content=\"index, follow, max-snippet:-1, max-image-preview:large, max-video-preview:-1\" \/>\n<link rel=\"canonical\" href=\"https:\/\/fashiongold.lt\/lv\/pieprasijuma-forma\/\" \/>\n<meta property=\"og:locale\" content=\"lv_LV\" \/>\n<meta property=\"og:type\" content=\"article\" \/>\n<meta property=\"og:title\" content=\"Piepras\u012bjuma forma\u202f|\u202fFashionGold.lt jaut\u0101 ekspertam\" \/>\n<meta property=\"og:description\" content=\"Vai jums ir jaut\u0101jumi par dimantiem, rotasliet\u0101m vai individu\u0101lu pas\u016bt\u012bjumu? Sazinieties ar mums \u2013 m\u0113s \u0101tri atbild\u0113sim pa e-pastu vai t\u0101lruni.\" \/>\n<meta property=\"og:url\" content=\"https:\/\/fashiongold.lt\/lv\/pieprasijuma-forma\/\" \/>\n<meta property=\"og:site_name\" content=\"FashionGold.lt\" \/>\n<meta property=\"article:modified_time\" content=\"2026-02-03T05:20:15+00:00\" \/>\n<meta name=\"twitter:card\" content=\"summary_large_image\" \/>\n<script type=\"application\/ld+json\" class=\"yoast-schema-graph\">{\"@context\":\"https:\/\/schema.org\",\"@graph\":[{\"@type\":\"WebPage\",\"@id\":\"https:\/\/fashiongold.lt\/lv\/pieprasijuma-forma\/\",\"url\":\"https:\/\/fashiongold.lt\/lv\/pieprasijuma-forma\/\",\"name\":\"Piepras\u012bjuma forma\u202f|\u202fFashionGold.lt jaut\u0101 ekspertam\",\"isPartOf\":{\"@id\":\"https:\/\/fashiongold.lt\/lv\/#website\"},\"primaryImageOfPage\":{\"@id\":\"https:\/\/fashiongold.lt\/lv\/pieprasijuma-forma\/#primaryimage\"},\"image\":{\"@id\":\"https:\/\/fashiongold.lt\/lv\/pieprasijuma-forma\/#primaryimage\"},\"thumbnailUrl\":\"https:\/\/fashiongold.lt\/wp-content\/uploads\/2025\/06\/Pirkejas-apziuri-praba-ant-ziedo.png\",\"datePublished\":\"2025-06-02T11:32:24+00:00\",\"dateModified\":\"2026-02-03T05:20:15+00:00\",\"description\":\"Vai jums ir jaut\u0101jumi par dimantiem, rotasliet\u0101m vai individu\u0101lu pas\u016bt\u012bjumu? Sazinieties ar mums \u2013 m\u0113s \u0101tri atbild\u0113sim pa e-pastu vai t\u0101lruni.\",\"breadcrumb\":{\"@id\":\"https:\/\/fashiongold.lt\/lv\/pieprasijuma-forma\/#breadcrumb\"},\"inLanguage\":\"lv-LV\",\"potentialAction\":[{\"@type\":\"ReadAction\",\"target\":[\"https:\/\/fashiongold.lt\/lv\/pieprasijuma-forma\/\"]}]},{\"@type\":\"ImageObject\",\"inLanguage\":\"lv-LV\",\"@id\":\"https:\/\/fashiongold.lt\/lv\/pieprasijuma-forma\/#primaryimage\",\"url\":\"https:\/\/fashiongold.lt\/wp-content\/uploads\/2025\/06\/Pirkejas-apziuri-praba-ant-ziedo.png\",\"contentUrl\":\"https:\/\/fashiongold.lt\/wp-content\/uploads\/2025\/06\/Pirkejas-apziuri-praba-ant-ziedo.png\",\"width\":1024,\"height\":683,\"caption\":\"Pirk\u0117jas tikrina \u017eiedo prab\u0105 \u2013 kaip atrodo prabavimo \u017eenklas i\u0161 arti | FashionGold.lt\"},{\"@type\":\"BreadcrumbList\",\"@id\":\"https:\/\/fashiongold.lt\/lv\/pieprasijuma-forma\/#breadcrumb\",\"itemListElement\":[{\"@type\":\"ListItem\",\"position\":1,\"name\":\"Home\",\"item\":\"https:\/\/fashiongold.lt\/lv\/\"},{\"@type\":\"ListItem\",\"position\":2,\"name\":\"Piepras\u012bjuma forma\"}]},{\"@type\":\"WebSite\",\"@id\":\"https:\/\/fashiongold.lt\/lv\/#website\",\"url\":\"https:\/\/fashiongold.lt\/lv\/\",\"name\":\"Fashion Gold\",\"description\":\"Juvelyrikos namai\",\"publisher\":{\"@id\":\"https:\/\/fashiongold.lt\/lv\/#organization\"},\"potentialAction\":[{\"@type\":\"SearchAction\",\"target\":{\"@type\":\"EntryPoint\",\"urlTemplate\":\"https:\/\/fashiongold.lt\/lv\/?s={search_term_string}\"},\"query-input\":{\"@type\":\"PropertyValueSpecification\",\"valueRequired\":true,\"valueName\":\"search_term_string\"}}],\"inLanguage\":\"lv-LV\"},{\"@type\":\"Organization\",\"@id\":\"https:\/\/fashiongold.lt\/lv\/#organization\",\"name\":\"Topdiamonds Online\",\"url\":\"https:\/\/fashiongold.lt\/lv\/\",\"logo\":{\"@type\":\"ImageObject\",\"inLanguage\":\"lv-LV\",\"@id\":\"https:\/\/fashiongold.lt\/lv\/#\/schema\/logo\/image\/\",\"url\":\"https:\/\/fashiongold.lt\/wp-content\/uploads\/2025\/04\/cropped-fashion_gold_logotipas2-scaled-1.png\",\"contentUrl\":\"https:\/\/fashiongold.lt\/wp-content\/uploads\/2025\/04\/cropped-fashion_gold_logotipas2-scaled-1.png\",\"width\":2559,\"height\":421,\"caption\":\"Topdiamonds Online\"},\"image\":{\"@id\":\"https:\/\/fashiongold.lt\/lv\/#\/schema\/logo\/image\/\"}}]}<\/script>\n<!-- \/ Yoast SEO plugin. -->","yoast_head_json":{"title":"Piepras\u012bjuma forma\u202f|\u202fFashionGold.lt jaut\u0101 ekspertam","description":"Vai jums ir jaut\u0101jumi par dimantiem, rotasliet\u0101m vai individu\u0101lu pas\u016bt\u012bjumu? Sazinieties ar mums \u2013 m\u0113s \u0101tri atbild\u0113sim pa e-pastu vai t\u0101lruni.","robots":{"index":"index","follow":"follow","max-snippet":"max-snippet:-1","max-image-preview":"max-image-preview:large","max-video-preview":"max-video-preview:-1"},"canonical":"https:\/\/fashiongold.lt\/lv\/pieprasijuma-forma\/","og_locale":"lv_LV","og_type":"article","og_title":"Piepras\u012bjuma forma\u202f|\u202fFashionGold.lt jaut\u0101 ekspertam","og_description":"Vai jums ir jaut\u0101jumi par dimantiem, rotasliet\u0101m vai individu\u0101lu pas\u016bt\u012bjumu? Sazinieties ar mums \u2013 m\u0113s \u0101tri atbild\u0113sim pa e-pastu vai t\u0101lruni.","og_url":"https:\/\/fashiongold.lt\/lv\/pieprasijuma-forma\/","og_site_name":"FashionGold.lt","article_modified_time":"2026-02-03T05:20:15+00:00","twitter_card":"summary_large_image","schema":{"@context":"https:\/\/schema.org","@graph":[{"@type":"WebPage","@id":"https:\/\/fashiongold.lt\/lv\/pieprasijuma-forma\/","url":"https:\/\/fashiongold.lt\/lv\/pieprasijuma-forma\/","name":"Piepras\u012bjuma forma\u202f|\u202fFashionGold.lt jaut\u0101 ekspertam","isPartOf":{"@id":"https:\/\/fashiongold.lt\/lv\/#website"},"primaryImageOfPage":{"@id":"https:\/\/fashiongold.lt\/lv\/pieprasijuma-forma\/#primaryimage"},"image":{"@id":"https:\/\/fashiongold.lt\/lv\/pieprasijuma-forma\/#primaryimage"},"thumbnailUrl":"https:\/\/fashiongold.lt\/wp-content\/uploads\/2025\/06\/Pirkejas-apziuri-praba-ant-ziedo.png","datePublished":"2025-06-02T11:32:24+00:00","dateModified":"2026-02-03T05:20:15+00:00","description":"Vai jums ir jaut\u0101jumi par dimantiem, rotasliet\u0101m vai individu\u0101lu pas\u016bt\u012bjumu? Sazinieties ar mums \u2013 m\u0113s \u0101tri atbild\u0113sim pa e-pastu vai t\u0101lruni.","breadcrumb":{"@id":"https:\/\/fashiongold.lt\/lv\/pieprasijuma-forma\/#breadcrumb"},"inLanguage":"lv-LV","potentialAction":[{"@type":"ReadAction","target":["https:\/\/fashiongold.lt\/lv\/pieprasijuma-forma\/"]}]},{"@type":"ImageObject","inLanguage":"lv-LV","@id":"https:\/\/fashiongold.lt\/lv\/pieprasijuma-forma\/#primaryimage","url":"https:\/\/fashiongold.lt\/wp-content\/uploads\/2025\/06\/Pirkejas-apziuri-praba-ant-ziedo.png","contentUrl":"https:\/\/fashiongold.lt\/wp-content\/uploads\/2025\/06\/Pirkejas-apziuri-praba-ant-ziedo.png","width":1024,"height":683,"caption":"Pirk\u0117jas tikrina \u017eiedo prab\u0105 \u2013 kaip atrodo prabavimo \u017eenklas i\u0161 arti | FashionGold.lt"},{"@type":"BreadcrumbList","@id":"https:\/\/fashiongold.lt\/lv\/pieprasijuma-forma\/#breadcrumb","itemListElement":[{"@type":"ListItem","position":1,"name":"Home","item":"https:\/\/fashiongold.lt\/lv\/"},{"@type":"ListItem","position":2,"name":"Piepras\u012bjuma forma"}]},{"@type":"WebSite","@id":"https:\/\/fashiongold.lt\/lv\/#website","url":"https:\/\/fashiongold.lt\/lv\/","name":"Fashion Gold","description":"Juvelyrikos namai","publisher":{"@id":"https:\/\/fashiongold.lt\/lv\/#organization"},"potentialAction":[{"@type":"SearchAction","target":{"@type":"EntryPoint","urlTemplate":"https:\/\/fashiongold.lt\/lv\/?s={search_term_string}"},"query-input":{"@type":"PropertyValueSpecification","valueRequired":true,"valueName":"search_term_string"}}],"inLanguage":"lv-LV"},{"@type":"Organization","@id":"https:\/\/fashiongold.lt\/lv\/#organization","name":"Topdiamonds Online","url":"https:\/\/fashiongold.lt\/lv\/","logo":{"@type":"ImageObject","inLanguage":"lv-LV","@id":"https:\/\/fashiongold.lt\/lv\/#\/schema\/logo\/image\/","url":"https:\/\/fashiongold.lt\/wp-content\/uploads\/2025\/04\/cropped-fashion_gold_logotipas2-scaled-1.png","contentUrl":"https:\/\/fashiongold.lt\/wp-content\/uploads\/2025\/04\/cropped-fashion_gold_logotipas2-scaled-1.png","width":2559,"height":421,"caption":"Topdiamonds Online"},"image":{"@id":"https:\/\/fashiongold.lt\/lv\/#\/schema\/logo\/image\/"}}]}},"_links":{"self":[{"href":"https:\/\/fashiongold.lt\/lv\/wp-json\/wp\/v2\/pages\/270711","targetHints":{"allow":["GET"]}}],"collection":[{"href":"https:\/\/fashiongold.lt\/lv\/wp-json\/wp\/v2\/pages"}],"about":[{"href":"https:\/\/fashiongold.lt\/lv\/wp-json\/wp\/v2\/types\/page"}],"author":[{"embeddable":true,"href":"https:\/\/fashiongold.lt\/lv\/wp-json\/wp\/v2\/users\/3"}],"replies":[{"embeddable":true,"href":"https:\/\/fashiongold.lt\/lv\/wp-json\/wp\/v2\/comments?post=270711"}],"version-history":[{"count":0,"href":"https:\/\/fashiongold.lt\/lv\/wp-json\/wp\/v2\/pages\/270711\/revisions"}],"wp:featuredmedia":[{"embeddable":true,"href":"https:\/\/fashiongold.lt\/lv\/wp-json\/wp\/v2\/media\/16389"}],"wp:attachment":[{"href":"https:\/\/fashiongold.lt\/lv\/wp-json\/wp\/v2\/media?parent=270711"}],"curies":[{"name":"wp","href":"https:\/\/api.w.org\/{rel}","templated":true}]}}