{"id":271222,"date":"2025-11-05T09:56:19","date_gmt":"2025-11-05T09:56:19","guid":{"rendered":"https:\/\/fashiongold.lt\/kvarcs\/"},"modified":"2026-02-03T05:31:43","modified_gmt":"2026-02-03T05:31:43","slug":"kvarcs","status":"publish","type":"page","link":"https:\/\/fashiongold.lt\/lv\/kvarcs\/","title":{"rendered":"Kvarcs"},"content":{"rendered":"<p><img decoding=\"async\" src=\"https:\/\/fashiongold.lt\/wp-content\/uploads\/2025\/11\/97e31025-9143-4393-abeb-de56daa86ff5.png\" alt=\"Skaidrus kalnu krist\u0101la kvarcs (rock crystal quartz)\" \/><\/p>\n<h3>Kas ir kvarcs?<\/h3>\n<p>Kvarcs ir viens no popul\u0101r\u0101kajiem d\u0101rgakme\u0146iem pasaul\u0113, kas tiek uzskat\u012bts par \u012bstu miner\u0101lu karali. Kvarcs pieder pie d\u0101rgakme\u0146iem, kas jau kop\u0161 seniem laikiem tiek v\u0113rt\u0113ti sava skaistuma un \u012bpa\u0161\u012bbu d\u0113\u013c. Tas ir caursp\u012bd\u012bgs da\u017e\u0101du kr\u0101su d\u0101rgakmens, kam rakstur\u012bga izcila ciet\u012bba, iztur\u012bba un subtils mirdzums.<\/p>\n<p>D\u0101rgakme\u0146i un to veidi at\u0161\u0137iras p\u0113c kr\u0101sas, sast\u0101va un v\u0113rt\u012bbas. Kvarca akmens ir sastopams gandr\u012bz vis\u0101s Zemes viet\u0101s t\u0101 izplat\u012bbas un \u012bpa\u0161\u012bbu d\u0113\u013c, un t\u0101 kr\u0101su daudzveid\u012bba p\u0101rsteidz pat pieredz\u0113ju\u0161us gemologus.<\/p>\n<p>Par kvarcu un citiem d\u0101rgakme\u0146iem var uzzin\u0101t daudz interesantu faktu, jo tie ir ne tikai skaisti, bet tiem piem\u012bt ar\u012b simboliska noz\u012bme.<\/p>\n<h3><strong>Visp\u0101r\u012bg\u0101s kvarca \u012bpa\u0161\u012bbas<\/strong><\/h3>\n<ul>\n<li><strong>Sast\u0101vs:<\/strong> sil\u012bcija dioks\u012bds (SiO\u2082).<\/li>\n<li><strong>Ciet\u012bba:<\/strong> 7 p\u0113c Mosa skalas \u2013 tas noz\u012bm\u0113, ka kvarcs ir diezgan iztur\u012bgs pret skr\u0101p\u0113jumiem.<\/li>\n<li><strong>Sp\u012bdums:<\/strong> stiklains, da\u017ereiz ar vaskainu vai z\u012bdainu nokr\u0101su.<\/li>\n<li><strong>Caursp\u012bd\u012bgums:<\/strong> no piln\u012bgi caursp\u012bd\u012bga l\u012bdz necaursp\u012bd\u012bgam \u2013 atkar\u012bb\u0101 no veida un piemais\u012bjumiem.<\/li>\n<li><strong>Kr\u0101sas:<\/strong> praktiski visas \u2013 no caursp\u012bd\u012bgas, roz\u0101, br\u016bnas, violetas l\u012bdz za\u013cai, dzeltenai vai zilai.<\/li>\n<\/ul>\n<h3>Kvarcs \u2013 no caursp\u012bd\u012bga l\u012bdz d\u016bmakainam<\/h3>\n<p><img decoding=\"async\" src=\"https:\/\/fashiongold.lt\/wp-content\/uploads\/2025\/11\/f0e19e75-e052-4775-a30d-62947d1f8d44.png\" alt=\"Da\u017e\u0101du kr\u0101su kvarcs \u2013 caursp\u012bd\u012bgs kalnu krist\u0101ls, roz\u0101 kvarcs, d\u016bmu kvarcs, citr\u012bns, ametists, za\u013cais prazems, rutila kvarcs, sarkanais kvarcs, zilais kvarcs un piena baltais kvarcs\" \/><\/p>\n<p>Lai gan daudzi kvarcu iedom\u0101jas k\u0101 caursp\u012bd\u012bgu d\u0101rgakmeni, paties\u012bb\u0101 tas var b\u016bt gan s\u0101rts, gan pel\u0113ks un pat melns. D\u016bmu kvarcs (rauhptop\u0101zs) ir viens no t\u0101 interesant\u0101kajiem veidiem. \u0160is subtili br\u016bnais akmens izstaro mieru un p\u0101rliec\u012bbu, t\u0101p\u0113c to bie\u017ei d\u0113v\u0113 par pretstresa talismanu. To var izv\u0113l\u0113ties medit\u0101cij\u0101m, kad v\u0113las stiprin\u0101t iek\u0161\u0113jo mieru vai aizsardz\u012bbu.<\/p>\n<h3>Roz\u0101 kvarcs \u2013 m\u012blest\u012bbas simbols<\/h3>\n<p>Viens no zin\u0101m\u0101kajiem \u0161\u012bs grupas akme\u0146iem ir roz\u0101 kvarcs. Tas ir m\u012blest\u012bbas un maiguma d\u0101rgakmens, kas saska\u0146\u0101 ar sen\u0101m trad\u012bcij\u0101m veicina pa\u0161p\u0101rliec\u012bbu, sp\u0113ju m\u012bl\u0113t un pal\u012bdz iem\u012bl\u0113t sevi. Roz\u0101 kvarcs bie\u017ei tiek izmantots, veidojot auskarus ar dimantiem un kvarcu, kulonus un aproces \u2013 cilv\u0113ki bie\u017ei izv\u0113las \u0161o akmeni t\u0101 simbolisk\u0101s noz\u012bmes d\u0113\u013c. Tas ne tikai izdai\u013co, bet ar\u012b nomierina emocijas un stiprina attiec\u012bbas.<\/p>\n<h3>D\u016bmu kvarcs \u2013 nosl\u0113pumains aizsardz\u012bbas akmens<\/h3>\n<p>D\u016bmu kvarcs (saukts ar\u012b par d\u016bmu krist\u0101lu) simboliz\u0113 stabilit\u0101ti un aizsardz\u012bbu pret negat\u012bvo ener\u0123iju. Tas ir lieliski piem\u0113rots tiem, kuri v\u0113las izjust l\u012bdzsvaru un iek\u0161\u0113jo sp\u0113ku. \u0160is kvarca akmens nereti tiek izmantots ar\u012b medit\u0101cij\u0101s \u2013 tas ir paredz\u0113ts, lai pal\u012bdz\u0113tu koncentr\u0113ties un aizsarg\u0101tos no negat\u012bv\u0101m ener\u0123ij\u0101m, k\u0101 ar\u012b pal\u012bdz att\u012br\u012bt domas un atrast mieru. D\u016bmu kvarcu var izmantot ar\u012b k\u0101 aizsardz\u012bbas talismanu ikdien\u0101.<\/p>\n<h3>Kvarca kr\u0101su pasaule<\/h3>\n<p>Kvarca saime ietver daudzus zin\u0101mus d\u0101rgakme\u0146u nosaukumus \u2013 no zelta citr\u012bna, violet\u0101 ametista, m\u0113nessakmens l\u012bdz zilajam saf\u012bra kvarcam vai pat za\u013cajam prazemam. Tie visi at\u0161\u0137iras ar saviem to\u0146iem un ener\u0123\u0113tiku, ta\u010du juvelieri tos bie\u017ei izv\u0113las, veidojot ekskluz\u012bvas rotaslietas. Kvarca \u012bpa\u0161\u012bbas \u2013 palikt stipram, mirdz\u0113t caursp\u012bd\u012bgum\u0101 un sniegt ener\u0123iju \u2013 paliek t\u0101s pa\u0161as.<\/p>\n<h3>Kvarcs un t\u0101 ma\u0123isk\u0101s \u012bpa\u0161\u012bbas<\/h3>\n<p>Kop\u0161 seniem laikiem kvarcs ir ticis izmantots k\u0101 talismans. Tas pal\u012bdz atbr\u012bvoties no bail\u0113m, veicina veiksmes ener\u0123iju un stiprina intu\u012bciju. T\u0101 ir \u012bpa\u0161a ener\u0123ija, kas ietekm\u0113 cilv\u0113ka iek\u0161\u0113jo l\u012bdzsvaru. Roz\u0101 kvarcs tiek saist\u012bts ar m\u012blest\u012bbas \u010dakru, bet d\u016bmu kvarcs \u2013 ar zemes ener\u0123iju un aizsardz\u012bbu. Kvarcs, t\u0101pat k\u0101 top\u0101zs, rub\u012bns vai smaragds, pieder pie visaugst\u0101k v\u0113rt\u0113tajiem d\u0101rgakme\u0146iem, kas ne tikai izdai\u013co, bet kam ir ar\u012b simboliska noz\u012bme. Kvarcu bie\u017ei n\u0113s\u0101 kop\u0101 ar citiem akme\u0146iem, lai pastiprin\u0101tu to iedarb\u012bbu.<\/p>\n<h3>Kvarcs k\u0101 talismans p\u0113c zodiaka z\u012bmes<\/h3>\n<p>Talismans p\u0113c zodiaka z\u012bmes ir ne tikai rotaslieta, bet ar\u012b person\u012bg\u0101 ener\u0123\u0113tisk\u0101 aizsardz\u012bba.<\/p>\n<ul>\n<li>Roz\u0101 kvarcs \u012bpa\u0161i piem\u0113rots V\u0113r\u0161iem, Svariem un V\u0113\u017eiem, jo stiprina m\u012blest\u012bbu un maigumu.<\/li>\n<li>D\u016bmu kvarcs \u2013 Me\u017e\u0101\u017eiem un Skorpioniem, jo pal\u012bdz saglab\u0101t mieru un stipru raksturu.<\/li>\n<li>Caursp\u012bd\u012bgais kvarcs jeb kalnu krist\u0101ls ir piem\u0113rots visiem, kas tiecas p\u0113c iek\u0161\u0113j\u0101s harmonijas un gar\u012bg\u0101s izaugsmes.<\/li>\n<\/ul>\n<h3>Akmens p\u0113c dzim\u0161anas datuma<\/h3>\n<p>Kvarcs bie\u017ei tiek izv\u0113l\u0113ts k\u0101 akmens p\u0113c dzim\u0161anas datuma, jo t\u0101 veidu daudzveid\u012bba \u013cauj to piel\u0101got ikvienam cilv\u0113kam. Pavasar\u012b dzimu\u0161ajiem ieteicams roz\u0101 kvarcs, vasar\u0101 \u2013 citr\u012bns, ruden\u012b \u2013 d\u016bmu kvarcs, bet ziem\u0101 \u2013 kalnu krist\u0101ls. \u0160\u0101di talismani p\u0113c dzim\u0161anas datuma tiek uzskat\u012bti par \u012bpa\u0161i personiskiem un j\u0113gpilniem.<\/p>\n<h3>Kvarcs juvelierizstr\u0101d\u0101jumos<\/h3>\n<p><img decoding=\"async\" src=\"https:\/\/fashiongold.lt\/wp-content\/uploads\/2025\/11\/b3bbeef7-b7c1-4485-8ae3-ef9b986394e6.png\" alt=\"Saderin\u0101\u0161an\u0101s gredzens halo dizain\u0101 ar roz\u0101 kvarcu centr\u0101 un smalkiem dimantiem apk\u0101rt.\" \/><\/p>\n<p>Auskari ar dimantiem, kvarcs un kuloni ar d\u0101rgakme\u0146iem ir popul\u0101ra izv\u0113le m\u016bsdienu juvelierizstr\u0101d\u0101jumos. Kvarcs saskan gan ar balto zeltu, gan ar roz\u0101 nokr\u0101sas met\u0101liem, t\u0101p\u0113c to bie\u017ei izmanto saderin\u0101\u0161an\u0101s gredzenos, laul\u012bbas gredzenos un smalkos aksesu\u0101ros. Katrs kvarca akmens atkar\u012bb\u0101 no kr\u0101sas pie\u0161\u0137ir izstr\u0101d\u0101jumam unik\u0101lu raksturu.<\/p>\n<h3>Kvarca kop\u0161ana<\/h3>\n<p>Pareiza roz\u0101 kvarca kop\u0161ana ir \u013coti svar\u012bga, ja v\u0113laties, lai \u0161is akmens saglab\u0101tu savas unik\u0101l\u0101s \u012bpa\u0161\u012bbas un kr\u0101su. Roz\u0101 kvarcs ir diezgan jut\u012bgs, t\u0101p\u0113c ir j\u0101\u0146em v\u0113r\u0101 da\u017ei vienk\u0101r\u0161i, bet svar\u012bgi ieteikumi. Pirmk\u0101rt, akmenim ir tendence skr\u0101p\u0113ties, t\u0101p\u0113c tas j\u0101sarg\u0101 no triecieniem vai citiem meh\u0101niskiem boj\u0101jumiem. T\u0101pat roz\u0101 kvarcu nevajadz\u0113tu tur\u0113t tie\u0161os saules staros, jo t\u0101d\u0113\u013c t\u0101 kr\u0101sa var izbal\u0113t un zaud\u0113t savu dabisko maigumu.<\/p>\n<p>T\u012brot roz\u0101 kvarcu, ieteicams izmantot siltu \u016bdeni un maigas ziepes \u2013 tas pal\u012bdz\u0113s saglab\u0101t akmens skaistumu un nesaboj\u0101t t\u0101 virsmu. Svar\u012bgi izvair\u012bties no agres\u012bviem \u0137\u012bmiskiem l\u012bdzek\u013ciem, jo tie var ne tikai kait\u0113t akmenim, bet ar\u012b ietekm\u0113t t\u0101 kr\u0101su. Ja v\u0113laties, lai roz\u0101 kvarcs vienm\u0113r mirdz\u0113tu, t\u012briet to regul\u0101ri, bet maigi.<\/p>\n<p>Roz\u0101 kvarcs var b\u016bt ne tikai grezna rotaslieta, bet ar\u012b j\u016bsu ikdienas pavadonis medit\u0101cij\u0101s vai miera mirk\u013cos. Pareizi kopts, \u0161is akmens saglab\u0101 savas \u012bpa\u0161\u012bbas un var tikt izmantots ilgus gadus, izstarojot m\u012blest\u012bbu un maigumu. Atcerieties, ka roz\u0101 kvarca kop\u0161ana ir ne tikai r\u016bpes par \u0101rieni, bet ar\u012b cie\u0146a pret akmens ener\u0123iju, ko tas jums d\u0101v\u0101.<\/p>\n<h3>Kvarcs \u2013 akmens, kas savieno skaistumu un ener\u0123iju<\/h3>\n<p><img decoding=\"async\" src=\"https:\/\/fashiongold.lt\/wp-content\/uploads\/2025\/11\/07d4ccdb-f356-43d3-93da-b49d824bdbe3.png\" alt=\"Auskari \u201estud\u201c tipa ar d\u016bmu kvarcu (smoky quartz)\" \/><\/p>\n<p>Kvarcs ir ne tikai d\u0101rgakmens, bet ar\u012b ener\u0123ijas avots, kas pal\u012bdz cilv\u0113kam atrast mieru, m\u012blest\u012bbu un pa\u0161p\u0101rliec\u012bbu. T\u0101 \u012bpa\u0161\u012bbas \u013cauj to izmantot gan ikdienas n\u0113s\u0101\u0161anai, gan k\u0101 ma\u0123isku talismanu. T\u0101p\u0113c, ja mekl\u0113jat akmeni, kas vienm\u0113r piest\u0101v\u0113s jums un j\u016bsu ener\u0123ijai, kvarcs ir lieliska izv\u0113le.<\/p>\n","protected":false},"excerpt":{"rendered":"<p>Kas ir kvarcs? Kvarcs ir viens no popul\u0101r\u0101kajiem d\u0101rgakme\u0146iem pasaul\u0113, kas tiek uzskat\u012bts par \u012bstu miner\u0101lu karali. Kvarcs pieder pie [&hellip;]<\/p>\n","protected":false},"author":11,"featured_media":263583,"parent":0,"menu_order":0,"comment_status":"closed","ping_status":"closed","template":"","meta":{"site-sidebar-layout":"default","site-content-layout":"","ast-site-content-layout":"default","site-content-style":"default","site-sidebar-style":"default","ast-global-header-display":"","ast-banner-title-visibility":"","ast-main-header-display":"","ast-hfb-above-header-display":"","ast-hfb-below-header-display":"","ast-hfb-mobile-header-display":"","site-post-title":"","ast-breadcrumbs-content":"","ast-featured-img":"disabled","footer-sml-layout":"","ast-disable-related-posts":"","theme-transparent-header-meta":"default","adv-header-id-meta":"","stick-header-meta":"","header-above-stick-meta":"","header-main-stick-meta":"","header-below-stick-meta":"","astra-migrate-meta-layouts":"default","ast-page-background-enabled":"default","ast-page-background-meta":{"desktop":{"background-color":"var(--ast-global-color-4)","background-image":"","background-repeat":"repeat","background-position":"center center","background-size":"auto","background-attachment":"scroll","background-type":"","background-media":"","overlay-type":"","overlay-color":"","overlay-opacity":"","overlay-gradient":""},"tablet":{"background-color":"","background-image":"","background-repeat":"repeat","background-position":"center center","background-size":"auto","background-attachment":"scroll","background-type":"","background-media":"","overlay-type":"","overlay-color":"","overlay-opacity":"","overlay-gradient":""},"mobile":{"background-color":"","background-image":"","background-repeat":"repeat","background-position":"center center","background-size":"auto","background-attachment":"scroll","background-type":"","background-media":"","overlay-type":"","overlay-color":"","overlay-opacity":"","overlay-gradient":""}},"ast-content-background-meta":{"desktop":{"background-color":"var(--ast-global-color-5)","background-image":"","background-repeat":"repeat","background-position":"center center","background-size":"auto","background-attachment":"scroll","background-type":"","background-media":"","overlay-type":"","overlay-color":"","overlay-opacity":"","overlay-gradient":""},"tablet":{"background-color":"var(--ast-global-color-5)","background-image":"","background-repeat":"repeat","background-position":"center center","background-size":"auto","background-attachment":"scroll","background-type":"","background-media":"","overlay-type":"","overlay-color":"","overlay-opacity":"","overlay-gradient":""},"mobile":{"background-color":"var(--ast-global-color-5)","background-image":"","background-repeat":"repeat","background-position":"center center","background-size":"auto","background-attachment":"scroll","background-type":"","background-media":"","overlay-type":"","overlay-color":"","overlay-opacity":"","overlay-gradient":""}},"footnotes":""},"class_list":["post-271222","page","type-page","status-publish","has-post-thumbnail","hentry"],"yoast_head":"<!-- This site is optimized with the Yoast SEO plugin v26.6 - https:\/\/yoast.com\/wordpress\/plugins\/seo\/ -->\n<title>Kvarcs: \u012bpa\u0161\u012bbas, veidi un ieguvumi j\u016bsu dz\u012bvei<\/title>\n<meta name=\"description\" content=\"Atkl\u0101jiet kvarca \u012bpa\u0161\u012bbas, veidus un ieguvumu iesp\u0113jas j\u016bsu dz\u012bv\u0113. Uzziniet, k\u0101 \u0161is miner\u0101ls var uzlabot j\u016bsu ikdienu! Lasiet vair\u0101k.\" \/>\n<meta name=\"robots\" content=\"index, follow, max-snippet:-1, max-image-preview:large, max-video-preview:-1\" \/>\n<link rel=\"canonical\" href=\"https:\/\/fashiongold.lt\/lv\/kvarcs\/\" \/>\n<meta property=\"og:locale\" content=\"lv_LV\" \/>\n<meta property=\"og:type\" content=\"article\" \/>\n<meta property=\"og:title\" content=\"Kvarcs: \u012bpa\u0161\u012bbas, veidi un ieguvumi j\u016bsu dz\u012bvei\" \/>\n<meta property=\"og:description\" content=\"Atkl\u0101jiet kvarca \u012bpa\u0161\u012bbas, veidus un ieguvumu iesp\u0113jas j\u016bsu dz\u012bv\u0113. Uzziniet, k\u0101 \u0161is miner\u0101ls var uzlabot j\u016bsu ikdienu! Lasiet vair\u0101k.\" \/>\n<meta property=\"og:url\" content=\"https:\/\/fashiongold.lt\/lv\/kvarcs\/\" \/>\n<meta property=\"og:site_name\" content=\"FashionGold.lt\" \/>\n<meta property=\"article:modified_time\" content=\"2026-02-03T05:31:43+00:00\" \/>\n<meta property=\"og:image\" content=\"https:\/\/fashiongold.lt\/wp-content\/uploads\/2025\/11\/97e31025-9143-4393-abeb-de56daa86ff5.png\" \/>\n\t<meta property=\"og:image:width\" content=\"1536\" \/>\n\t<meta property=\"og:image:height\" content=\"1024\" \/>\n\t<meta property=\"og:image:type\" content=\"image\/png\" \/>\n<meta name=\"twitter:card\" content=\"summary_large_image\" \/>\n<meta name=\"twitter:label1\" content=\"Est. reading time\" \/>\n\t<meta name=\"twitter:data1\" content=\"6 minutes\" \/>\n<script type=\"application\/ld+json\" class=\"yoast-schema-graph\">{\"@context\":\"https:\/\/schema.org\",\"@graph\":[{\"@type\":\"WebPage\",\"@id\":\"https:\/\/fashiongold.lt\/lv\/kvarcs\/\",\"url\":\"https:\/\/fashiongold.lt\/lv\/kvarcs\/\",\"name\":\"Kvarcs: \u012bpa\u0161\u012bbas, veidi un ieguvumi j\u016bsu dz\u012bvei\",\"isPartOf\":{\"@id\":\"https:\/\/fashiongold.lt\/lv\/#website\"},\"primaryImageOfPage\":{\"@id\":\"https:\/\/fashiongold.lt\/lv\/kvarcs\/#primaryimage\"},\"image\":{\"@id\":\"https:\/\/fashiongold.lt\/lv\/kvarcs\/#primaryimage\"},\"thumbnailUrl\":\"https:\/\/fashiongold.lt\/wp-content\/uploads\/2025\/11\/97e31025-9143-4393-abeb-de56daa86ff5.png\",\"datePublished\":\"2025-11-05T09:56:19+00:00\",\"dateModified\":\"2026-02-03T05:31:43+00:00\",\"description\":\"Atkl\u0101jiet kvarca \u012bpa\u0161\u012bbas, veidus un ieguvumu iesp\u0113jas j\u016bsu dz\u012bv\u0113. Uzziniet, k\u0101 \u0161is miner\u0101ls var uzlabot j\u016bsu ikdienu! Lasiet vair\u0101k.\",\"breadcrumb\":{\"@id\":\"https:\/\/fashiongold.lt\/lv\/kvarcs\/#breadcrumb\"},\"inLanguage\":\"lv-LV\",\"potentialAction\":[{\"@type\":\"ReadAction\",\"target\":[\"https:\/\/fashiongold.lt\/lv\/kvarcs\/\"]}]},{\"@type\":\"ImageObject\",\"inLanguage\":\"lv-LV\",\"@id\":\"https:\/\/fashiongold.lt\/lv\/kvarcs\/#primaryimage\",\"url\":\"https:\/\/fashiongold.lt\/wp-content\/uploads\/2025\/11\/97e31025-9143-4393-abeb-de56daa86ff5.png\",\"contentUrl\":\"https:\/\/fashiongold.lt\/wp-content\/uploads\/2025\/11\/97e31025-9143-4393-abeb-de56daa86ff5.png\",\"width\":1536,\"height\":1024,\"caption\":\"Skaidrus kaln\u0173 kri\u0161tolo kvarcas (rock crystal quartz)\"},{\"@type\":\"BreadcrumbList\",\"@id\":\"https:\/\/fashiongold.lt\/lv\/kvarcs\/#breadcrumb\",\"itemListElement\":[{\"@type\":\"ListItem\",\"position\":1,\"name\":\"Home\",\"item\":\"https:\/\/fashiongold.lt\/lv\/\"},{\"@type\":\"ListItem\",\"position\":2,\"name\":\"Kvarcs\"}]},{\"@type\":\"WebSite\",\"@id\":\"https:\/\/fashiongold.lt\/lv\/#website\",\"url\":\"https:\/\/fashiongold.lt\/lv\/\",\"name\":\"Fashion Gold\",\"description\":\"Juvelyrikos namai\",\"publisher\":{\"@id\":\"https:\/\/fashiongold.lt\/lv\/#organization\"},\"potentialAction\":[{\"@type\":\"SearchAction\",\"target\":{\"@type\":\"EntryPoint\",\"urlTemplate\":\"https:\/\/fashiongold.lt\/lv\/?s={search_term_string}\"},\"query-input\":{\"@type\":\"PropertyValueSpecification\",\"valueRequired\":true,\"valueName\":\"search_term_string\"}}],\"inLanguage\":\"lv-LV\"},{\"@type\":\"Organization\",\"@id\":\"https:\/\/fashiongold.lt\/lv\/#organization\",\"name\":\"Topdiamonds Online\",\"url\":\"https:\/\/fashiongold.lt\/lv\/\",\"logo\":{\"@type\":\"ImageObject\",\"inLanguage\":\"lv-LV\",\"@id\":\"https:\/\/fashiongold.lt\/lv\/#\/schema\/logo\/image\/\",\"url\":\"https:\/\/fashiongold.lt\/wp-content\/uploads\/2025\/04\/cropped-fashion_gold_logotipas2-scaled-1.png\",\"contentUrl\":\"https:\/\/fashiongold.lt\/wp-content\/uploads\/2025\/04\/cropped-fashion_gold_logotipas2-scaled-1.png\",\"width\":2559,\"height\":421,\"caption\":\"Topdiamonds Online\"},\"image\":{\"@id\":\"https:\/\/fashiongold.lt\/lv\/#\/schema\/logo\/image\/\"}}]}<\/script>\n<!-- \/ Yoast SEO plugin. -->","yoast_head_json":{"title":"Kvarcs: \u012bpa\u0161\u012bbas, veidi un ieguvumi j\u016bsu dz\u012bvei","description":"Atkl\u0101jiet kvarca \u012bpa\u0161\u012bbas, veidus un ieguvumu iesp\u0113jas j\u016bsu dz\u012bv\u0113. Uzziniet, k\u0101 \u0161is miner\u0101ls var uzlabot j\u016bsu ikdienu! Lasiet vair\u0101k.","robots":{"index":"index","follow":"follow","max-snippet":"max-snippet:-1","max-image-preview":"max-image-preview:large","max-video-preview":"max-video-preview:-1"},"canonical":"https:\/\/fashiongold.lt\/lv\/kvarcs\/","og_locale":"lv_LV","og_type":"article","og_title":"Kvarcs: \u012bpa\u0161\u012bbas, veidi un ieguvumi j\u016bsu dz\u012bvei","og_description":"Atkl\u0101jiet kvarca \u012bpa\u0161\u012bbas, veidus un ieguvumu iesp\u0113jas j\u016bsu dz\u012bv\u0113. Uzziniet, k\u0101 \u0161is miner\u0101ls var uzlabot j\u016bsu ikdienu! Lasiet vair\u0101k.","og_url":"https:\/\/fashiongold.lt\/lv\/kvarcs\/","og_site_name":"FashionGold.lt","article_modified_time":"2026-02-03T05:31:43+00:00","og_image":[{"width":1536,"height":1024,"url":"https:\/\/fashiongold.lt\/wp-content\/uploads\/2025\/11\/97e31025-9143-4393-abeb-de56daa86ff5.png","type":"image\/png"}],"twitter_card":"summary_large_image","twitter_misc":{"Est. reading time":"6 minutes"},"schema":{"@context":"https:\/\/schema.org","@graph":[{"@type":"WebPage","@id":"https:\/\/fashiongold.lt\/lv\/kvarcs\/","url":"https:\/\/fashiongold.lt\/lv\/kvarcs\/","name":"Kvarcs: \u012bpa\u0161\u012bbas, veidi un ieguvumi j\u016bsu dz\u012bvei","isPartOf":{"@id":"https:\/\/fashiongold.lt\/lv\/#website"},"primaryImageOfPage":{"@id":"https:\/\/fashiongold.lt\/lv\/kvarcs\/#primaryimage"},"image":{"@id":"https:\/\/fashiongold.lt\/lv\/kvarcs\/#primaryimage"},"thumbnailUrl":"https:\/\/fashiongold.lt\/wp-content\/uploads\/2025\/11\/97e31025-9143-4393-abeb-de56daa86ff5.png","datePublished":"2025-11-05T09:56:19+00:00","dateModified":"2026-02-03T05:31:43+00:00","description":"Atkl\u0101jiet kvarca \u012bpa\u0161\u012bbas, veidus un ieguvumu iesp\u0113jas j\u016bsu dz\u012bv\u0113. Uzziniet, k\u0101 \u0161is miner\u0101ls var uzlabot j\u016bsu ikdienu! Lasiet vair\u0101k.","breadcrumb":{"@id":"https:\/\/fashiongold.lt\/lv\/kvarcs\/#breadcrumb"},"inLanguage":"lv-LV","potentialAction":[{"@type":"ReadAction","target":["https:\/\/fashiongold.lt\/lv\/kvarcs\/"]}]},{"@type":"ImageObject","inLanguage":"lv-LV","@id":"https:\/\/fashiongold.lt\/lv\/kvarcs\/#primaryimage","url":"https:\/\/fashiongold.lt\/wp-content\/uploads\/2025\/11\/97e31025-9143-4393-abeb-de56daa86ff5.png","contentUrl":"https:\/\/fashiongold.lt\/wp-content\/uploads\/2025\/11\/97e31025-9143-4393-abeb-de56daa86ff5.png","width":1536,"height":1024,"caption":"Skaidrus kaln\u0173 kri\u0161tolo kvarcas (rock crystal quartz)"},{"@type":"BreadcrumbList","@id":"https:\/\/fashiongold.lt\/lv\/kvarcs\/#breadcrumb","itemListElement":[{"@type":"ListItem","position":1,"name":"Home","item":"https:\/\/fashiongold.lt\/lv\/"},{"@type":"ListItem","position":2,"name":"Kvarcs"}]},{"@type":"WebSite","@id":"https:\/\/fashiongold.lt\/lv\/#website","url":"https:\/\/fashiongold.lt\/lv\/","name":"Fashion Gold","description":"Juvelyrikos namai","publisher":{"@id":"https:\/\/fashiongold.lt\/lv\/#organization"},"potentialAction":[{"@type":"SearchAction","target":{"@type":"EntryPoint","urlTemplate":"https:\/\/fashiongold.lt\/lv\/?s={search_term_string}"},"query-input":{"@type":"PropertyValueSpecification","valueRequired":true,"valueName":"search_term_string"}}],"inLanguage":"lv-LV"},{"@type":"Organization","@id":"https:\/\/fashiongold.lt\/lv\/#organization","name":"Topdiamonds Online","url":"https:\/\/fashiongold.lt\/lv\/","logo":{"@type":"ImageObject","inLanguage":"lv-LV","@id":"https:\/\/fashiongold.lt\/lv\/#\/schema\/logo\/image\/","url":"https:\/\/fashiongold.lt\/wp-content\/uploads\/2025\/04\/cropped-fashion_gold_logotipas2-scaled-1.png","contentUrl":"https:\/\/fashiongold.lt\/wp-content\/uploads\/2025\/04\/cropped-fashion_gold_logotipas2-scaled-1.png","width":2559,"height":421,"caption":"Topdiamonds Online"},"image":{"@id":"https:\/\/fashiongold.lt\/lv\/#\/schema\/logo\/image\/"}}]}},"_links":{"self":[{"href":"https:\/\/fashiongold.lt\/lv\/wp-json\/wp\/v2\/pages\/271222","targetHints":{"allow":["GET"]}}],"collection":[{"href":"https:\/\/fashiongold.lt\/lv\/wp-json\/wp\/v2\/pages"}],"about":[{"href":"https:\/\/fashiongold.lt\/lv\/wp-json\/wp\/v2\/types\/page"}],"author":[{"embeddable":true,"href":"https:\/\/fashiongold.lt\/lv\/wp-json\/wp\/v2\/users\/11"}],"replies":[{"embeddable":true,"href":"https:\/\/fashiongold.lt\/lv\/wp-json\/wp\/v2\/comments?post=271222"}],"version-history":[{"count":0,"href":"https:\/\/fashiongold.lt\/lv\/wp-json\/wp\/v2\/pages\/271222\/revisions"}],"wp:featuredmedia":[{"embeddable":true,"href":"https:\/\/fashiongold.lt\/lv\/wp-json\/wp\/v2\/media\/263583"}],"wp:attachment":[{"href":"https:\/\/fashiongold.lt\/lv\/wp-json\/wp\/v2\/media?parent=271222"}],"curies":[{"name":"wp","href":"https:\/\/api.w.org\/{rel}","templated":true}]}}