{"id":1034819,"date":"2026-03-17T14:32:39","date_gmt":"2026-03-17T14:32:39","guid":{"rendered":"https:\/\/fashiongold.lt\/?post_type=product&#038;p=1034819"},"modified":"2026-03-17T15:51:13","modified_gmt":"2026-03-17T15:51:13","slug":"gredzens-ar-dimantiem-dimantu-rinda-0-42-karati-kopija","status":"publish","type":"product","link":"https:\/\/fashiongold.lt\/lv\/papuosalas\/gredzens-ar-dimantiem-dimantu-rinda-0-42-karati-kopija\/","title":{"rendered":"Gredzens ar dimantiem \u2013 Dimantu rinda 0.42 kar\u0101ti (Kopija)"},"content":{"rendered":"<p>Gredzens var tikt izgatavots p\u0113c pas\u016bt\u012bjuma: par papildu samaksu ar augst\u0101kas kvalit\u0101tes dimantiem vai citiem dimantiem.<\/p>\n<p>\u2022 Gredzena met\u0101ls: 14K (585 prove), varam izgatavot no 10K (375 prove), 18K (750 prove), 950 plat\u012bna, <\/p>\n<p>\u2022 Gredzena kr\u0101sa: balta, dzeltena, sarkana<\/p>\n<p>\u2022 Gredzena svars (atkar\u012bb\u0101 no izm\u0113ra): aptuveni 2,00 &#8211; 3,00 g <\/p>\n<p>\u2022 Gredzena izm\u0113ri: 2.2 mm <\/p>\n<p>\u2022 Gredzena komforta zona: ir <\/p>\n<p>\u2022 Dimanta tips: Dab\u012bgais dimants<\/p>\n<p>\u2022 Dimanta forma: Apa\u013cas formas (Round cut) <\/p>\n<p>\u2022 Dimanta raksturojums: 0,42 ct centr\u0101lais akmens (kr\u0101sa G, dzidrums SI) (iesp\u0113jams main\u012bt). <\/p>\n<p>\u2022 Sertifik\u0101ts: Lietuvas Prove\u0161anas pal\u0101ta (LPR) <\/p>\n<p>\u2022 Grav\u0113\u0161ana bez maksas <\/p>\n<p>\u2022 Vienreiz\u0113ja bezmaksas gredzena izm\u0113ra mai\u0146as garantija (p\u0113c iesp\u0113jas) <\/p>\n<p>\u2022 Izgatavo\u0161anas un pieg\u0101des termi\u0146\u0161 no 14 darba dien\u0101m, steidzam\u012bbas k\u0101rt\u0101 7 d.d. laik\u0101. <\/p>\n<p><strong>Jums ir savs d\u0101rgakmens? Sazinieties ar mums, m\u0113s p\u0101rr\u0113\u0137in\u0101sim cenu \u2013 j\u016bs maks\u0101siet tikai par gredzena izgatavo\u0161anu.<\/strong><\/p>\n","protected":false},"excerpt":{"rendered":"<p>Dimantu st\u012bpi\u0146a &#8211; zelta gredzens ar 0,42 kar\u0101tu dimantiem l\u012bdz gredzena pusei. Augst\u0101k\u0101 gredzena kvalit\u0101te no Lietuvas. Maksim\u0101ls \u0113rtums ikdienas n\u0113s\u0101\u0161anai. T\u0101 ir izcila izv\u0113le tiem, kuri nov\u0113rt\u0113 augstu kvalit\u0101ti. Ra\u017eots Lietuv\u0101 &#8211; p\u0113c augst\u0101kajiem standartiem.<\/p>\n","protected":false},"featured_media":1034975,"template":"","meta":{"site-sidebar-layout":"default","site-content-layout":"","ast-site-content-layout":"default","site-content-style":"default","site-sidebar-style":"default","ast-global-header-display":"","ast-banner-title-visibility":"","ast-main-header-display":"","ast-hfb-above-header-display":"","ast-hfb-below-header-display":"","ast-hfb-mobile-header-display":"","site-post-title":"","ast-breadcrumbs-content":"","ast-featured-img":"","footer-sml-layout":"","ast-disable-related-posts":"","theme-transparent-header-meta":"default","adv-header-id-meta":"","stick-header-meta":"","header-above-stick-meta":"","header-main-stick-meta":"","header-below-stick-meta":"","astra-migrate-meta-layouts":"set","ast-page-background-enabled":"default","ast-page-background-meta":{"desktop":{"background-color":"var(--ast-global-color-4)","background-image":"","background-repeat":"repeat","background-position":"center center","background-size":"auto","background-attachment":"scroll","background-type":"","background-media":"","overlay-type":"","overlay-color":"","overlay-opacity":"","overlay-gradient":""},"tablet":{"background-color":"","background-image":"","background-repeat":"repeat","background-position":"center center","background-size":"auto","background-attachment":"scroll","background-type":"","background-media":"","overlay-type":"","overlay-color":"","overlay-opacity":"","overlay-gradient":""},"mobile":{"background-color":"","background-image":"","background-repeat":"repeat","background-position":"center center","background-size":"auto","background-attachment":"scroll","background-type":"","background-media":"","overlay-type":"","overlay-color":"","overlay-opacity":"","overlay-gradient":""}},"ast-content-background-meta":{"desktop":{"background-color":"var(--ast-global-color-5)","background-image":"","background-repeat":"repeat","background-position":"center center","background-size":"auto","background-attachment":"scroll","background-type":"","background-media":"","overlay-type":"","overlay-color":"","overlay-opacity":"","overlay-gradient":""},"tablet":{"background-color":"var(--ast-global-color-5)","background-image":"","background-repeat":"repeat","background-position":"center center","background-size":"auto","background-attachment":"scroll","background-type":"","background-media":"","overlay-type":"","overlay-color":"","overlay-opacity":"","overlay-gradient":""},"mobile":{"background-color":"var(--ast-global-color-5)","background-image":"","background-repeat":"repeat","background-position":"center center","background-size":"auto","background-attachment":"scroll","background-type":"","background-media":"","overlay-type":"","overlay-color":"","overlay-opacity":"","overlay-gradient":""}}},"product_brand":[],"product_cat":[2924,3522,2915,2913,2921,2920,3403,2916,2914,2925,3799,3043,2928,3453,2930,3042,3524,3526,3527,3465,2932,2941,3616,2936,2918],"product_tag":[],"class_list":{"0":"post-1034819","1":"product","2":"type-product","3":"status-publish","4":"has-post-thumbnail","6":"product_cat-balta-zelta-dimantu-stipinas","7":"product_cat-balta-zelta-laulibu-gredzeni","8":"product_cat-davanas-berna-piedzimsanai","9":"product_cat-davanas-dzimsanas-diena","10":"product_cat-davanas-ipasiem-gadijumiem","11":"product_cat-davanas-izlaidumam","12":"product_cat-davanas-kazam","13":"product_cat-davanas-kazu-gadadiena","14":"product_cat-davanas-sievietem","15":"product_cat-dimanta-lentinas","16":"product_cat-dimanta-lentite-ar-dimantiem","17":"product_cat-dimantu-josla-apkart-visam-gredzenam","18":"product_cat-dzeltena-zelta-dimantu-joslinas","19":"product_cat-gredzeni-ar-dimantiem","20":"product_cat-juvelieris","21":"product_cat-juvelierizstradajumi","22":"product_cat-kazu-gredzeni","23":"product_cat-laulibu-gredzeni-ar-dimantiem","24":"product_cat-moderni-kazu-gredzeni","25":"product_cat-moderni-saderinasanas-gredzeni","26":"product_cat-rotaslietas-sievietem","27":"product_cat-sarkana-zelta-dimantu-stipinas","28":"product_cat-sieviesu-laulibu-gredzeni","29":"product_cat-valentindienas-davanas","30":"product_cat-ziemassvetku-davanas","31":"desktop-align-center","32":"tablet-align-left","33":"mobile-align-left","34":"ast-product-gallery-layout-horizontal-slider","35":"ast-product-single-variable","36":"ast-product-tabs-layout-accordion","37":"ast-qv-on-image","39":"first","40":"instock","41":"taxable","42":"shipping-taxable","43":"purchasable","44":"product-type-variable","45":"has-default-attributes"},"yoast_head":"<!-- This site is optimized with the Yoast SEO plugin v26.6 - https:\/\/yoast.com\/wordpress\/plugins\/seo\/ -->\n<title>Gredzens ar dimantiem - Dimantu josli\u0146a 0.42 kar\u0101ti<\/title>\n<meta name=\"description\" content=\"Dimantu st\u012bpi\u0146a - zelta gredzens ar 0,42 kar\u0101tu dimantiem, kas izvietoti l\u012bdz gredzena pusei. Izcila izv\u0113le tiem, kas nov\u0113rt\u0113 augstu kvalit\u0101ti.\" \/>\n<meta name=\"robots\" content=\"index, follow, max-snippet:-1, max-image-preview:large, max-video-preview:-1\" \/>\n<link rel=\"canonical\" href=\"https:\/\/fashiongold.lt\/lv\/papuosalas\/gredzens-ar-dimantiem-dimantu-rinda-0-42-karati-kopija\/\" \/>\n<meta property=\"og:locale\" content=\"lv_LV\" \/>\n<meta property=\"og:type\" content=\"article\" \/>\n<meta property=\"og:title\" content=\"Gredzens ar dimantiem - Dimantu josli\u0146a 0.42 kar\u0101ti\" \/>\n<meta property=\"og:description\" content=\"Dimantu st\u012bpi\u0146a - zelta gredzens ar 0,42 kar\u0101tu dimantiem, kas izvietoti l\u012bdz gredzena pusei. Izcila izv\u0113le tiem, kas nov\u0113rt\u0113 augstu kvalit\u0101ti.\" \/>\n<meta property=\"og:url\" content=\"https:\/\/fashiongold.lt\/lv\/papuosalas\/gredzens-ar-dimantiem-dimantu-rinda-0-42-karati-kopija\/\" \/>\n<meta property=\"og:site_name\" content=\"FashionGold.lt\" \/>\n<meta property=\"article:modified_time\" content=\"2026-03-17T15:51:13+00:00\" \/>\n<meta property=\"og:image\" content=\"https:\/\/fashiongold.lt\/wp-content\/uploads\/2026\/03\/Deimantine-juostele-5Emerald-5Heart.webp\" \/>\n\t<meta property=\"og:image:width\" content=\"972\" \/>\n\t<meta property=\"og:image:height\" content=\"658\" \/>\n\t<meta property=\"og:image:type\" content=\"image\/png\" \/>\n<meta name=\"twitter:card\" content=\"summary_large_image\" \/>\n<meta name=\"twitter:label1\" content=\"Est. reading time\" \/>\n\t<meta name=\"twitter:data1\" content=\"1 minute\" \/>\n<script type=\"application\/ld+json\" class=\"yoast-schema-graph\">{\"@context\":\"https:\/\/schema.org\",\"@graph\":[{\"@type\":\"WebPage\",\"@id\":\"https:\/\/fashiongold.lt\/lv\/papuosalas\/gredzens-ar-dimantiem-dimantu-rinda-0-42-karati-kopija\/\",\"url\":\"https:\/\/fashiongold.lt\/lv\/papuosalas\/gredzens-ar-dimantiem-dimantu-rinda-0-42-karati-kopija\/\",\"name\":\"Gredzens ar dimantiem - Dimantu josli\u0146a 0.42 kar\u0101ti\",\"isPartOf\":{\"@id\":\"https:\/\/fashiongold.lt\/lv\/#website\"},\"primaryImageOfPage\":{\"@id\":\"https:\/\/fashiongold.lt\/lv\/papuosalas\/gredzens-ar-dimantiem-dimantu-rinda-0-42-karati-kopija\/#primaryimage\"},\"image\":{\"@id\":\"https:\/\/fashiongold.lt\/lv\/papuosalas\/gredzens-ar-dimantiem-dimantu-rinda-0-42-karati-kopija\/#primaryimage\"},\"thumbnailUrl\":\"https:\/\/fashiongold.lt\/wp-content\/uploads\/2026\/03\/Deimantine-juostele-5Emerald-5Heart.png\",\"datePublished\":\"2026-03-17T14:32:39+00:00\",\"dateModified\":\"2026-03-17T15:51:13+00:00\",\"description\":\"Dimantu st\u012bpi\u0146a - zelta gredzens ar 0,42 kar\u0101tu dimantiem, kas izvietoti l\u012bdz gredzena pusei. Izcila izv\u0113le tiem, kas nov\u0113rt\u0113 augstu kvalit\u0101ti.\",\"breadcrumb\":{\"@id\":\"https:\/\/fashiongold.lt\/lv\/papuosalas\/gredzens-ar-dimantiem-dimantu-rinda-0-42-karati-kopija\/#breadcrumb\"},\"inLanguage\":\"lv-LV\",\"potentialAction\":[{\"@type\":\"ReadAction\",\"target\":[\"https:\/\/fashiongold.lt\/lv\/papuosalas\/gredzens-ar-dimantiem-dimantu-rinda-0-42-karati-kopija\/\"]}]},{\"@type\":\"ImageObject\",\"inLanguage\":\"lv-LV\",\"@id\":\"https:\/\/fashiongold.lt\/lv\/papuosalas\/gredzens-ar-dimantiem-dimantu-rinda-0-42-karati-kopija\/#primaryimage\",\"url\":\"https:\/\/fashiongold.lt\/wp-content\/uploads\/2026\/03\/Deimantine-juostele-5Emerald-5Heart.png\",\"contentUrl\":\"https:\/\/fashiongold.lt\/wp-content\/uploads\/2026\/03\/Deimantine-juostele-5Emerald-5Heart.png\",\"width\":972,\"height\":658,\"caption\":\"Deimantin\u0117 juostel\u0117 5Emerald & 5Heart\"},{\"@type\":\"BreadcrumbList\",\"@id\":\"https:\/\/fashiongold.lt\/lv\/papuosalas\/gredzens-ar-dimantiem-dimantu-rinda-0-42-karati-kopija\/#breadcrumb\",\"itemListElement\":[{\"@type\":\"ListItem\",\"position\":1,\"name\":\"Home\",\"item\":\"https:\/\/fashiongold.lt\/lv\/\"},{\"@type\":\"ListItem\",\"position\":2,\"name\":\"Dimantu veikals Fashiongold.lt\",\"item\":\"https:\/\/fashiongold.lt\/shop-2\/\"},{\"@type\":\"ListItem\",\"position\":3,\"name\":\"Gredzens ar dimantiem \u2013 Dimantu rinda 0.42 kar\u0101ti (Kopija)\"}]},{\"@type\":\"WebSite\",\"@id\":\"https:\/\/fashiongold.lt\/lv\/#website\",\"url\":\"https:\/\/fashiongold.lt\/lv\/\",\"name\":\"Fashion Gold\",\"description\":\"Juvelyrikos namai\",\"publisher\":{\"@id\":\"https:\/\/fashiongold.lt\/lv\/#organization\"},\"potentialAction\":[{\"@type\":\"SearchAction\",\"target\":{\"@type\":\"EntryPoint\",\"urlTemplate\":\"https:\/\/fashiongold.lt\/lv\/?s={search_term_string}\"},\"query-input\":{\"@type\":\"PropertyValueSpecification\",\"valueRequired\":true,\"valueName\":\"search_term_string\"}}],\"inLanguage\":\"lv-LV\"},{\"@type\":\"Organization\",\"@id\":\"https:\/\/fashiongold.lt\/lv\/#organization\",\"name\":\"Topdiamonds Online\",\"url\":\"https:\/\/fashiongold.lt\/lv\/\",\"logo\":{\"@type\":\"ImageObject\",\"inLanguage\":\"lv-LV\",\"@id\":\"https:\/\/fashiongold.lt\/lv\/#\/schema\/logo\/image\/\",\"url\":\"https:\/\/fashiongold.lt\/wp-content\/uploads\/2025\/04\/cropped-fashion_gold_logotipas2-scaled-1.png\",\"contentUrl\":\"https:\/\/fashiongold.lt\/wp-content\/uploads\/2025\/04\/cropped-fashion_gold_logotipas2-scaled-1.png\",\"width\":2559,\"height\":421,\"caption\":\"Topdiamonds Online\"},\"image\":{\"@id\":\"https:\/\/fashiongold.lt\/lv\/#\/schema\/logo\/image\/\"}}]}<\/script>\n<!-- \/ Yoast SEO plugin. -->","yoast_head_json":{"title":"Gredzens ar dimantiem - Dimantu josli\u0146a 0.42 kar\u0101ti","description":"Dimantu st\u012bpi\u0146a - zelta gredzens ar 0,42 kar\u0101tu dimantiem, kas izvietoti l\u012bdz gredzena pusei. Izcila izv\u0113le tiem, kas nov\u0113rt\u0113 augstu kvalit\u0101ti.","robots":{"index":"index","follow":"follow","max-snippet":"max-snippet:-1","max-image-preview":"max-image-preview:large","max-video-preview":"max-video-preview:-1"},"canonical":"https:\/\/fashiongold.lt\/lv\/papuosalas\/gredzens-ar-dimantiem-dimantu-rinda-0-42-karati-kopija\/","og_locale":"lv_LV","og_type":"article","og_title":"Gredzens ar dimantiem - Dimantu josli\u0146a 0.42 kar\u0101ti","og_description":"Dimantu st\u012bpi\u0146a - zelta gredzens ar 0,42 kar\u0101tu dimantiem, kas izvietoti l\u012bdz gredzena pusei. Izcila izv\u0113le tiem, kas nov\u0113rt\u0113 augstu kvalit\u0101ti.","og_url":"https:\/\/fashiongold.lt\/lv\/papuosalas\/gredzens-ar-dimantiem-dimantu-rinda-0-42-karati-kopija\/","og_site_name":"FashionGold.lt","article_modified_time":"2026-03-17T15:51:13+00:00","og_image":[{"width":972,"height":658,"url":"https:\/\/fashiongold.lt\/wp-content\/uploads\/2026\/03\/Deimantine-juostele-5Emerald-5Heart.webp","type":"image\/png"}],"twitter_card":"summary_large_image","twitter_misc":{"Est. reading time":"1 minute"},"schema":{"@context":"https:\/\/schema.org","@graph":[{"@type":"WebPage","@id":"https:\/\/fashiongold.lt\/lv\/papuosalas\/gredzens-ar-dimantiem-dimantu-rinda-0-42-karati-kopija\/","url":"https:\/\/fashiongold.lt\/lv\/papuosalas\/gredzens-ar-dimantiem-dimantu-rinda-0-42-karati-kopija\/","name":"Gredzens ar dimantiem - Dimantu josli\u0146a 0.42 kar\u0101ti","isPartOf":{"@id":"https:\/\/fashiongold.lt\/lv\/#website"},"primaryImageOfPage":{"@id":"https:\/\/fashiongold.lt\/lv\/papuosalas\/gredzens-ar-dimantiem-dimantu-rinda-0-42-karati-kopija\/#primaryimage"},"image":{"@id":"https:\/\/fashiongold.lt\/lv\/papuosalas\/gredzens-ar-dimantiem-dimantu-rinda-0-42-karati-kopija\/#primaryimage"},"thumbnailUrl":"https:\/\/fashiongold.lt\/wp-content\/uploads\/2026\/03\/Deimantine-juostele-5Emerald-5Heart.png","datePublished":"2026-03-17T14:32:39+00:00","dateModified":"2026-03-17T15:51:13+00:00","description":"Dimantu st\u012bpi\u0146a - zelta gredzens ar 0,42 kar\u0101tu dimantiem, kas izvietoti l\u012bdz gredzena pusei. Izcila izv\u0113le tiem, kas nov\u0113rt\u0113 augstu kvalit\u0101ti.","breadcrumb":{"@id":"https:\/\/fashiongold.lt\/lv\/papuosalas\/gredzens-ar-dimantiem-dimantu-rinda-0-42-karati-kopija\/#breadcrumb"},"inLanguage":"lv-LV","potentialAction":[{"@type":"ReadAction","target":["https:\/\/fashiongold.lt\/lv\/papuosalas\/gredzens-ar-dimantiem-dimantu-rinda-0-42-karati-kopija\/"]}]},{"@type":"ImageObject","inLanguage":"lv-LV","@id":"https:\/\/fashiongold.lt\/lv\/papuosalas\/gredzens-ar-dimantiem-dimantu-rinda-0-42-karati-kopija\/#primaryimage","url":"https:\/\/fashiongold.lt\/wp-content\/uploads\/2026\/03\/Deimantine-juostele-5Emerald-5Heart.png","contentUrl":"https:\/\/fashiongold.lt\/wp-content\/uploads\/2026\/03\/Deimantine-juostele-5Emerald-5Heart.png","width":972,"height":658,"caption":"Deimantin\u0117 juostel\u0117 5Emerald & 5Heart"},{"@type":"BreadcrumbList","@id":"https:\/\/fashiongold.lt\/lv\/papuosalas\/gredzens-ar-dimantiem-dimantu-rinda-0-42-karati-kopija\/#breadcrumb","itemListElement":[{"@type":"ListItem","position":1,"name":"Home","item":"https:\/\/fashiongold.lt\/lv\/"},{"@type":"ListItem","position":2,"name":"Dimantu veikals Fashiongold.lt","item":"https:\/\/fashiongold.lt\/shop-2\/"},{"@type":"ListItem","position":3,"name":"Gredzens ar dimantiem \u2013 Dimantu rinda 0.42 kar\u0101ti (Kopija)"}]},{"@type":"WebSite","@id":"https:\/\/fashiongold.lt\/lv\/#website","url":"https:\/\/fashiongold.lt\/lv\/","name":"Fashion Gold","description":"Juvelyrikos namai","publisher":{"@id":"https:\/\/fashiongold.lt\/lv\/#organization"},"potentialAction":[{"@type":"SearchAction","target":{"@type":"EntryPoint","urlTemplate":"https:\/\/fashiongold.lt\/lv\/?s={search_term_string}"},"query-input":{"@type":"PropertyValueSpecification","valueRequired":true,"valueName":"search_term_string"}}],"inLanguage":"lv-LV"},{"@type":"Organization","@id":"https:\/\/fashiongold.lt\/lv\/#organization","name":"Topdiamonds Online","url":"https:\/\/fashiongold.lt\/lv\/","logo":{"@type":"ImageObject","inLanguage":"lv-LV","@id":"https:\/\/fashiongold.lt\/lv\/#\/schema\/logo\/image\/","url":"https:\/\/fashiongold.lt\/wp-content\/uploads\/2025\/04\/cropped-fashion_gold_logotipas2-scaled-1.png","contentUrl":"https:\/\/fashiongold.lt\/wp-content\/uploads\/2025\/04\/cropped-fashion_gold_logotipas2-scaled-1.png","width":2559,"height":421,"caption":"Topdiamonds Online"},"image":{"@id":"https:\/\/fashiongold.lt\/lv\/#\/schema\/logo\/image\/"}}]}},"_links":{"self":[{"href":"https:\/\/fashiongold.lt\/lv\/wp-json\/wp\/v2\/product\/1034819","targetHints":{"allow":["GET"]}}],"collection":[{"href":"https:\/\/fashiongold.lt\/lv\/wp-json\/wp\/v2\/product"}],"about":[{"href":"https:\/\/fashiongold.lt\/lv\/wp-json\/wp\/v2\/types\/product"}],"version-history":[{"count":0,"href":"https:\/\/fashiongold.lt\/lv\/wp-json\/wp\/v2\/product\/1034819\/revisions"}],"wp:featuredmedia":[{"embeddable":true,"href":"https:\/\/fashiongold.lt\/lv\/wp-json\/wp\/v2\/media\/1034975"}],"wp:attachment":[{"href":"https:\/\/fashiongold.lt\/lv\/wp-json\/wp\/v2\/media?parent=1034819"}],"wp:term":[{"taxonomy":"product_brand","embeddable":true,"href":"https:\/\/fashiongold.lt\/lv\/wp-json\/wp\/v2\/product_brand?post=1034819"},{"taxonomy":"product_cat","embeddable":true,"href":"https:\/\/fashiongold.lt\/lv\/wp-json\/wp\/v2\/product_cat?post=1034819"},{"taxonomy":"product_tag","embeddable":true,"href":"https:\/\/fashiongold.lt\/lv\/wp-json\/wp\/v2\/product_tag?post=1034819"}],"curies":[{"name":"wp","href":"https:\/\/api.w.org\/{rel}","templated":true}]}}