{"id":1040641,"date":"2026-03-29T17:02:11","date_gmt":"2026-03-29T17:02:11","guid":{"rendered":"https:\/\/fashiongold.lt\/?post_type=product&#038;p=1040641"},"modified":"2026-03-29T17:12:42","modified_gmt":"2026-03-29T17:12:42","slug":"klasisks-kulons-ar-dimantu-round-dimants-0-50-ct-kopija-kopija-kopija-kopija-kopija","status":"publish","type":"product","link":"https:\/\/fashiongold.lt\/lv\/papuosalas\/klasisks-kulons-ar-dimantu-round-dimants-0-50-ct-kopija-kopija-kopija-kopija-kopija\/","title":{"rendered":"Klasisks kulons ar dimantu &#8211; ROUND DIMANTS (0.50 ct) (Kopija) (Kopija) (Kopija) (Kopija) (Kopija)"},"content":{"rendered":"<p><span data-sheets-root=\"1\">Izgatavots saska\u0146\u0101 ar augst\u0101kajiem juvelierizstr\u0101d\u0101jumu ra\u017eo\u0161anas standartiem. Kulons var tikt izgatavots p\u0113c pas\u016bt\u012bjuma: par papildu samaksu ar augst\u0101kas kvalit\u0101tes dimantu.<\/span><\/p>\n<p><span data-sheets-root=\"1\"><br \/>\n\u2022 <strong><a href=\"https:\/\/fashiongold.lt\/lv\/patarimai-lv\/zelta-prove-kulonam-ka-izveleties-piemerotako\/\" target=\"_blank\" rel=\"noopener\">Kulona met\u0101ls<\/a><\/strong>: 14K (585 prove), 18K (750 prove), 900 plat\u012bns<br \/>\n\u2022 <strong><a href=\"https:\/\/fashiongold.lt\/lv\/patarimai-lv\/piekarini-un-zelta-krasa-ka-izveleties-balto-sarto-vai-dzelteno-zeltu\/\" target=\"_blank\" rel=\"noopener\">Kulona zelta kr\u0101sa<\/a><\/strong>: balta, sarkana, dzeltena<br \/>\n<\/span><span data-sheets-root=\"1\">\u2022 <a href=\"https:\/\/fashiongold.lt\/lv\/patarimai-lv\/zelta-kedites-kvalitate-svars-prove-zelta-krasa-un-garums\/\" target=\"_blank\" rel=\"noopener\"><strong>Kulona zelta svars<\/strong><\/a>: 2.25 g<br \/>\n\u2022 <a href=\"https:\/\/fashiongold.lt\/lv\/patarimai-lv\/zelta-piekarini-ar-dimantiem-kapec-izmeri-nosaka-kvalitati\/\" target=\"_blank\" rel=\"noopener\"><strong>Kulona kro\u0146a platums<\/strong><\/a>: apm\u0113ram 5 mm<br \/>\n\u2022 <a href=\"https:\/\/fashiongold.lt\/lv\/patarimai-lv\/ideala-kombinacija-kulons-ar-dimantu-un-piemerots-kedites-garums\/\" target=\"_blank\" rel=\"noopener\"><strong>\u0136\u0113d\u012btes garums<\/strong><\/a>: 43-45 cm (regul\u0113jams)<br \/>\n\u2022 <a href=\"https:\/\/fashiongold.lt\/lv\/viss-par-saderinasanas-gredzeniem\/dimants-citas-dimanta-formas\/\" target=\"_blank\" rel=\"noopener\"><strong>Dimanta forma<\/strong><\/a>: Apa\u013ca forma (<em>Round cut<\/em>)<br \/>\n\u2022 <a href=\"https:\/\/fashiongold.lt\/lv\/patarimai-lv\/dimants-dabigs-laboratorija-audzets-vai-maksligs-ka-izveleties-pareizi\/\" target=\"_blank\" rel=\"noopener\"><strong>Dimantu tipi<\/strong><\/a>: Laboratorij\u0101 audz\u0113ti dimanti vai dab\u012bgi dimanti<br \/>\n\u2022 <a href=\"https:\/\/fashiongold.lt\/lv\/viss-par-saderinasanas-gredzeniem\/dimants-ka-tiek-verteta-vertigaka-dargakmens-grezniba\/\" target=\"_blank\" rel=\"noopener\"><strong>Dimanta svars un raksturojums<\/strong><\/a> (iesp\u0113jams main\u012bt):<br \/>\nLaboratorij\u0101 audz\u0113ts dimants: 0.50 ct dimants (kr\u0101sa D-E, dzidrums VVS), IGI sertifik\u0101ts<br \/>\nDab\u012bgs dimants: 0.50 ct dimants (kr\u0101sa G-I, dzidrums SI), GIA sertifik\u0101ts<br \/>\n\u2022 <strong><a href=\"https:\/\/fashiongold.lt\/lv\/viss-par-saderinasanas-gredzeniem\/saderinasanas-gredzeni-vai-gredzenu-var-iegravet-detalas-kas-pieskir-jusu-saderinasanas-gredzenam-individualitati\/\" target=\"_blank\" rel=\"noopener\">Grav\u0113\u0161ana<\/a><\/strong> bez maksas<br \/>\n\u2022 <a href=\"https:\/\/fashiongold.lt\/lv\/piegade-un-atgriesana\/\" target=\"_blank\" rel=\"noopener\"><strong>Izgatavo\u0161anas un pieg\u0101des termi\u0146\u0161<\/strong><\/a>: apm\u0113ram 14 darba dienas, steidzam\u012bbas k\u0101rt\u0101 7 d.d. laik\u0101<br \/>\n\u2022 Vienreiz\u0113ja bezmaksas <a href=\"https:\/\/fashiongold.lt\/lv\/patarimai-lv\/zelta-kedite-bezmaksas-garuma-maina-iegadajoties-no-fashiongold-lt\/\" target=\"_blank\" rel=\"noopener\"><strong>\u0137\u0113d\u012btes garuma mai\u0146as garantija<\/strong><\/a><\/span><\/p>\n<p><span data-sheets-root=\"1\"><br \/>\nVai jums ir savs d\u0101rgakmens vai zelts? M\u0113s p\u0101rr\u0113\u0137in\u0101sim cenu, un j\u016bs maks\u0101siet tikai par kulona izgatavo\u0161anu. Vai varb\u016bt v\u0113laties main\u012bt dimanta raksturojumu p\u0113c sav\u0101m v\u0113lm\u0113m? <a href=\"https:\/\/fashiongold.lt\/lv\/kontakti\/\" target=\"_blank\" rel=\"noopener\"><strong>Sazinieties ar mums<\/strong><\/a>!<br \/>\nAtkl\u0101jiet pla\u0161u juvelierizstr\u0101d\u0101jumu ar dimantiem izv\u0113li, kas atbilst da\u017e\u0101d\u0101m gaum\u0113m un bud\u017eetiem. Izveido un personaliz\u0113 savu rotaslietu ar <a href=\"https:\/\/fashiongold.lt\/lv\/\" target=\"_blank\" rel=\"noopener\">FashionGold.lt<\/a>.<\/span><\/p>\n","protected":false},"excerpt":{"rendered":"<p><span data-sheets-root=\"1\">\u0160is kulons ar dimantu ir klasisk\u0101 skaistuma simbols, kas izstaro rafin\u0113t\u012bbu un izcilu mirdzumu. Apa\u013c\u0161 briljants, kas cie\u0161i iestiprin\u0101ts elegant\u0101 \u010detru k\u0101ji\u0146u ietvar\u0101, smalki uzsver kakla l\u012bnijas un pie\u0161\u0137ir t\u0113lam izsmalcin\u0101tu \u0161armu. T\u0101 ir rota, kas mirdz ne tikai gaism\u0101, bet ar\u012b ikvien\u0101 \u012bpa\u0161\u0101 mirkl\u012b.<\/span><\/p>\n","protected":false},"featured_media":1040647,"template":"","meta":{"site-sidebar-layout":"default","site-content-layout":"","ast-site-content-layout":"default","site-content-style":"default","site-sidebar-style":"default","ast-global-header-display":"","ast-banner-title-visibility":"","ast-main-header-display":"","ast-hfb-above-header-display":"","ast-hfb-below-header-display":"","ast-hfb-mobile-header-display":"","site-post-title":"","ast-breadcrumbs-content":"","ast-featured-img":"","footer-sml-layout":"","ast-disable-related-posts":"","theme-transparent-header-meta":"default","adv-header-id-meta":"","stick-header-meta":"","header-above-stick-meta":"","header-main-stick-meta":"","header-below-stick-meta":"","astra-migrate-meta-layouts":"set","ast-page-background-enabled":"default","ast-page-background-meta":{"desktop":{"background-color":"var(--ast-global-color-4)","background-image":"","background-repeat":"repeat","background-position":"center center","background-size":"auto","background-attachment":"scroll","background-type":"","background-media":"","overlay-type":"","overlay-color":"","overlay-opacity":"","overlay-gradient":""},"tablet":{"background-color":"","background-image":"","background-repeat":"repeat","background-position":"center center","background-size":"auto","background-attachment":"scroll","background-type":"","background-media":"","overlay-type":"","overlay-color":"","overlay-opacity":"","overlay-gradient":""},"mobile":{"background-color":"","background-image":"","background-repeat":"repeat","background-position":"center center","background-size":"auto","background-attachment":"scroll","background-type":"","background-media":"","overlay-type":"","overlay-color":"","overlay-opacity":"","overlay-gradient":""}},"ast-content-background-meta":{"desktop":{"background-color":"var(--ast-global-color-5)","background-image":"","background-repeat":"repeat","background-position":"center center","background-size":"auto","background-attachment":"scroll","background-type":"","background-media":"","overlay-type":"","overlay-color":"","overlay-opacity":"","overlay-gradient":""},"tablet":{"background-color":"var(--ast-global-color-5)","background-image":"","background-repeat":"repeat","background-position":"center center","background-size":"auto","background-attachment":"scroll","background-type":"","background-media":"","overlay-type":"","overlay-color":"","overlay-opacity":"","overlay-gradient":""},"mobile":{"background-color":"var(--ast-global-color-5)","background-image":"","background-repeat":"repeat","background-position":"center center","background-size":"auto","background-attachment":"scroll","background-type":"","background-media":"","overlay-type":"","overlay-color":"","overlay-opacity":"","overlay-gradient":""}}},"product_brand":[],"product_cat":[2917,2933,2930,2929,3489,3028,2931,3030],"product_tag":[],"class_list":{"0":"post-1040641","1":"product","2":"type-product","3":"status-publish","4":"has-post-thumbnail","6":"product_cat-davanas-viriesiem","7":"product_cat-davanu-idejas","8":"product_cat-juvelieris","9":"product_cat-juvelierizstradajumu-razosana","10":"product_cat-kedite-viriesiem","11":"product_cat-kuloni-ar-dimantiem","12":"product_cat-rotaslietas-viriesiem","13":"product_cat-zelta-kedite-ar-piekariniem-talismaniem","14":"desktop-align-center","15":"tablet-align-left","16":"mobile-align-left","17":"ast-product-gallery-layout-horizontal-slider","18":"ast-product-tabs-layout-accordion","19":"ast-qv-on-image","21":"first","22":"instock","23":"taxable","24":"shipping-taxable","25":"purchasable","26":"product-type-simple"},"yoast_head":"<!-- This site is optimized with the Yoast SEO plugin v26.6 - https:\/\/yoast.com\/wordpress\/plugins\/seo\/ -->\n<title>Klasisks piekari\u0146\u0161 ar dimantu - ROUND DIMANTS (0.50 ct)<\/title>\n<meta name=\"description\" content=\"Elegants klasisk\u0101 dizaina kulons ar dimantu \u2013 izcila mirdzuma rota, kas piem\u0113rota gan ikdienai, gan \u012bpa\u0161iem gad\u012bjumiem.\" \/>\n<meta name=\"robots\" content=\"index, follow, max-snippet:-1, max-image-preview:large, max-video-preview:-1\" \/>\n<link rel=\"canonical\" href=\"https:\/\/fashiongold.lt\/lv\/papuosalas\/klasisks-kulons-ar-dimantu-round-dimants-0-50-ct-kopija-kopija-kopija-kopija-kopija\/\" \/>\n<meta property=\"og:locale\" content=\"lv_LV\" \/>\n<meta property=\"og:type\" content=\"article\" \/>\n<meta property=\"og:title\" content=\"Klasisks piekari\u0146\u0161 ar dimantu - ROUND DIMANTS (0.50 ct)\" \/>\n<meta property=\"og:description\" content=\"Elegants klasisk\u0101 dizaina kulons ar dimantu \u2013 izcila mirdzuma rota, kas piem\u0113rota gan ikdienai, gan \u012bpa\u0161iem gad\u012bjumiem.\" \/>\n<meta property=\"og:url\" content=\"https:\/\/fashiongold.lt\/lv\/papuosalas\/klasisks-kulons-ar-dimantu-round-dimants-0-50-ct-kopija-kopija-kopija-kopija-kopija\/\" \/>\n<meta property=\"og:site_name\" content=\"FashionGold.lt\" \/>\n<meta property=\"article:modified_time\" content=\"2026-03-29T17:12:42+00:00\" \/>\n<meta property=\"og:image\" content=\"https:\/\/fashiongold.lt\/wp-content\/uploads\/2026\/03\/Pakabukas-vyrui-su-deimantais-2.13-ct-1024x932.png\" \/>\n\t<meta property=\"og:image:width\" content=\"1024\" \/>\n\t<meta property=\"og:image:height\" content=\"932\" \/>\n\t<meta property=\"og:image:type\" content=\"image\/png\" \/>\n<meta name=\"twitter:card\" content=\"summary_large_image\" \/>\n<meta name=\"twitter:label1\" content=\"Est. reading time\" \/>\n\t<meta name=\"twitter:data1\" content=\"1 minute\" \/>\n<script type=\"application\/ld+json\" class=\"yoast-schema-graph\">{\"@context\":\"https:\/\/schema.org\",\"@graph\":[{\"@type\":\"WebPage\",\"@id\":\"https:\/\/fashiongold.lt\/lv\/papuosalas\/klasisks-kulons-ar-dimantu-round-dimants-0-50-ct-kopija-kopija-kopija-kopija-kopija\/\",\"url\":\"https:\/\/fashiongold.lt\/lv\/papuosalas\/klasisks-kulons-ar-dimantu-round-dimants-0-50-ct-kopija-kopija-kopija-kopija-kopija\/\",\"name\":\"Klasisks piekari\u0146\u0161 ar dimantu - ROUND DIMANTS (0.50 ct)\",\"isPartOf\":{\"@id\":\"https:\/\/fashiongold.lt\/lv\/#website\"},\"primaryImageOfPage\":{\"@id\":\"https:\/\/fashiongold.lt\/lv\/papuosalas\/klasisks-kulons-ar-dimantu-round-dimants-0-50-ct-kopija-kopija-kopija-kopija-kopija\/#primaryimage\"},\"image\":{\"@id\":\"https:\/\/fashiongold.lt\/lv\/papuosalas\/klasisks-kulons-ar-dimantu-round-dimants-0-50-ct-kopija-kopija-kopija-kopija-kopija\/#primaryimage\"},\"thumbnailUrl\":\"https:\/\/fashiongold.lt\/wp-content\/uploads\/2026\/03\/Pakabukas-vyrui-su-deimantais-2.13-ct-e1774813019737.png\",\"datePublished\":\"2026-03-29T17:02:11+00:00\",\"dateModified\":\"2026-03-29T17:12:42+00:00\",\"description\":\"Elegants klasisk\u0101 dizaina kulons ar dimantu \u2013 izcila mirdzuma rota, kas piem\u0113rota gan ikdienai, gan \u012bpa\u0161iem gad\u012bjumiem.\",\"breadcrumb\":{\"@id\":\"https:\/\/fashiongold.lt\/lv\/papuosalas\/klasisks-kulons-ar-dimantu-round-dimants-0-50-ct-kopija-kopija-kopija-kopija-kopija\/#breadcrumb\"},\"inLanguage\":\"lv-LV\",\"potentialAction\":[{\"@type\":\"ReadAction\",\"target\":[\"https:\/\/fashiongold.lt\/lv\/papuosalas\/klasisks-kulons-ar-dimantu-round-dimants-0-50-ct-kopija-kopija-kopija-kopija-kopija\/\"]}]},{\"@type\":\"ImageObject\",\"inLanguage\":\"lv-LV\",\"@id\":\"https:\/\/fashiongold.lt\/lv\/papuosalas\/klasisks-kulons-ar-dimantu-round-dimants-0-50-ct-kopija-kopija-kopija-kopija-kopija\/#primaryimage\",\"url\":\"https:\/\/fashiongold.lt\/wp-content\/uploads\/2026\/03\/Pakabukas-vyrui-su-deimantais-2.13-ct-e1774813019737.png\",\"contentUrl\":\"https:\/\/fashiongold.lt\/wp-content\/uploads\/2026\/03\/Pakabukas-vyrui-su-deimantais-2.13-ct-e1774813019737.png\",\"width\":2000,\"height\":1821,\"caption\":\"Pakabukas vyrui su deimantais (2.13 ct)\"},{\"@type\":\"BreadcrumbList\",\"@id\":\"https:\/\/fashiongold.lt\/lv\/papuosalas\/klasisks-kulons-ar-dimantu-round-dimants-0-50-ct-kopija-kopija-kopija-kopija-kopija\/#breadcrumb\",\"itemListElement\":[{\"@type\":\"ListItem\",\"position\":1,\"name\":\"Home\",\"item\":\"https:\/\/fashiongold.lt\/lv\/\"},{\"@type\":\"ListItem\",\"position\":2,\"name\":\"Dimantu veikals Fashiongold.lt\",\"item\":\"https:\/\/fashiongold.lt\/shop-2\/\"},{\"@type\":\"ListItem\",\"position\":3,\"name\":\"Klasisks kulons ar dimantu &#8211; ROUND DIMANTS (0.50 ct) (Kopija) (Kopija) (Kopija) (Kopija) (Kopija)\"}]},{\"@type\":\"WebSite\",\"@id\":\"https:\/\/fashiongold.lt\/lv\/#website\",\"url\":\"https:\/\/fashiongold.lt\/lv\/\",\"name\":\"Fashion Gold\",\"description\":\"Juvelyrikos namai\",\"publisher\":{\"@id\":\"https:\/\/fashiongold.lt\/lv\/#organization\"},\"potentialAction\":[{\"@type\":\"SearchAction\",\"target\":{\"@type\":\"EntryPoint\",\"urlTemplate\":\"https:\/\/fashiongold.lt\/lv\/?s={search_term_string}\"},\"query-input\":{\"@type\":\"PropertyValueSpecification\",\"valueRequired\":true,\"valueName\":\"search_term_string\"}}],\"inLanguage\":\"lv-LV\"},{\"@type\":\"Organization\",\"@id\":\"https:\/\/fashiongold.lt\/lv\/#organization\",\"name\":\"Topdiamonds Online\",\"url\":\"https:\/\/fashiongold.lt\/lv\/\",\"logo\":{\"@type\":\"ImageObject\",\"inLanguage\":\"lv-LV\",\"@id\":\"https:\/\/fashiongold.lt\/lv\/#\/schema\/logo\/image\/\",\"url\":\"https:\/\/fashiongold.lt\/wp-content\/uploads\/2025\/04\/cropped-fashion_gold_logotipas2-scaled-1.png\",\"contentUrl\":\"https:\/\/fashiongold.lt\/wp-content\/uploads\/2025\/04\/cropped-fashion_gold_logotipas2-scaled-1.png\",\"width\":2559,\"height\":421,\"caption\":\"Topdiamonds Online\"},\"image\":{\"@id\":\"https:\/\/fashiongold.lt\/lv\/#\/schema\/logo\/image\/\"}}]}<\/script>\n<!-- \/ Yoast SEO plugin. -->","yoast_head_json":{"title":"Klasisks piekari\u0146\u0161 ar dimantu - ROUND DIMANTS (0.50 ct)","description":"Elegants klasisk\u0101 dizaina kulons ar dimantu \u2013 izcila mirdzuma rota, kas piem\u0113rota gan ikdienai, gan \u012bpa\u0161iem gad\u012bjumiem.","robots":{"index":"index","follow":"follow","max-snippet":"max-snippet:-1","max-image-preview":"max-image-preview:large","max-video-preview":"max-video-preview:-1"},"canonical":"https:\/\/fashiongold.lt\/lv\/papuosalas\/klasisks-kulons-ar-dimantu-round-dimants-0-50-ct-kopija-kopija-kopija-kopija-kopija\/","og_locale":"lv_LV","og_type":"article","og_title":"Klasisks piekari\u0146\u0161 ar dimantu - ROUND DIMANTS (0.50 ct)","og_description":"Elegants klasisk\u0101 dizaina kulons ar dimantu \u2013 izcila mirdzuma rota, kas piem\u0113rota gan ikdienai, gan \u012bpa\u0161iem gad\u012bjumiem.","og_url":"https:\/\/fashiongold.lt\/lv\/papuosalas\/klasisks-kulons-ar-dimantu-round-dimants-0-50-ct-kopija-kopija-kopija-kopija-kopija\/","og_site_name":"FashionGold.lt","article_modified_time":"2026-03-29T17:12:42+00:00","og_image":[{"width":1024,"height":932,"url":"https:\/\/fashiongold.lt\/wp-content\/uploads\/2026\/03\/Pakabukas-vyrui-su-deimantais-2.13-ct-1024x932.png","type":"image\/png"}],"twitter_card":"summary_large_image","twitter_misc":{"Est. reading time":"1 minute"},"schema":{"@context":"https:\/\/schema.org","@graph":[{"@type":"WebPage","@id":"https:\/\/fashiongold.lt\/lv\/papuosalas\/klasisks-kulons-ar-dimantu-round-dimants-0-50-ct-kopija-kopija-kopija-kopija-kopija\/","url":"https:\/\/fashiongold.lt\/lv\/papuosalas\/klasisks-kulons-ar-dimantu-round-dimants-0-50-ct-kopija-kopija-kopija-kopija-kopija\/","name":"Klasisks piekari\u0146\u0161 ar dimantu - ROUND DIMANTS (0.50 ct)","isPartOf":{"@id":"https:\/\/fashiongold.lt\/lv\/#website"},"primaryImageOfPage":{"@id":"https:\/\/fashiongold.lt\/lv\/papuosalas\/klasisks-kulons-ar-dimantu-round-dimants-0-50-ct-kopija-kopija-kopija-kopija-kopija\/#primaryimage"},"image":{"@id":"https:\/\/fashiongold.lt\/lv\/papuosalas\/klasisks-kulons-ar-dimantu-round-dimants-0-50-ct-kopija-kopija-kopija-kopija-kopija\/#primaryimage"},"thumbnailUrl":"https:\/\/fashiongold.lt\/wp-content\/uploads\/2026\/03\/Pakabukas-vyrui-su-deimantais-2.13-ct-e1774813019737.png","datePublished":"2026-03-29T17:02:11+00:00","dateModified":"2026-03-29T17:12:42+00:00","description":"Elegants klasisk\u0101 dizaina kulons ar dimantu \u2013 izcila mirdzuma rota, kas piem\u0113rota gan ikdienai, gan \u012bpa\u0161iem gad\u012bjumiem.","breadcrumb":{"@id":"https:\/\/fashiongold.lt\/lv\/papuosalas\/klasisks-kulons-ar-dimantu-round-dimants-0-50-ct-kopija-kopija-kopija-kopija-kopija\/#breadcrumb"},"inLanguage":"lv-LV","potentialAction":[{"@type":"ReadAction","target":["https:\/\/fashiongold.lt\/lv\/papuosalas\/klasisks-kulons-ar-dimantu-round-dimants-0-50-ct-kopija-kopija-kopija-kopija-kopija\/"]}]},{"@type":"ImageObject","inLanguage":"lv-LV","@id":"https:\/\/fashiongold.lt\/lv\/papuosalas\/klasisks-kulons-ar-dimantu-round-dimants-0-50-ct-kopija-kopija-kopija-kopija-kopija\/#primaryimage","url":"https:\/\/fashiongold.lt\/wp-content\/uploads\/2026\/03\/Pakabukas-vyrui-su-deimantais-2.13-ct-e1774813019737.png","contentUrl":"https:\/\/fashiongold.lt\/wp-content\/uploads\/2026\/03\/Pakabukas-vyrui-su-deimantais-2.13-ct-e1774813019737.png","width":2000,"height":1821,"caption":"Pakabukas vyrui su deimantais (2.13 ct)"},{"@type":"BreadcrumbList","@id":"https:\/\/fashiongold.lt\/lv\/papuosalas\/klasisks-kulons-ar-dimantu-round-dimants-0-50-ct-kopija-kopija-kopija-kopija-kopija\/#breadcrumb","itemListElement":[{"@type":"ListItem","position":1,"name":"Home","item":"https:\/\/fashiongold.lt\/lv\/"},{"@type":"ListItem","position":2,"name":"Dimantu veikals Fashiongold.lt","item":"https:\/\/fashiongold.lt\/shop-2\/"},{"@type":"ListItem","position":3,"name":"Klasisks kulons ar dimantu &#8211; ROUND DIMANTS (0.50 ct) (Kopija) (Kopija) (Kopija) (Kopija) (Kopija)"}]},{"@type":"WebSite","@id":"https:\/\/fashiongold.lt\/lv\/#website","url":"https:\/\/fashiongold.lt\/lv\/","name":"Fashion Gold","description":"Juvelyrikos namai","publisher":{"@id":"https:\/\/fashiongold.lt\/lv\/#organization"},"potentialAction":[{"@type":"SearchAction","target":{"@type":"EntryPoint","urlTemplate":"https:\/\/fashiongold.lt\/lv\/?s={search_term_string}"},"query-input":{"@type":"PropertyValueSpecification","valueRequired":true,"valueName":"search_term_string"}}],"inLanguage":"lv-LV"},{"@type":"Organization","@id":"https:\/\/fashiongold.lt\/lv\/#organization","name":"Topdiamonds Online","url":"https:\/\/fashiongold.lt\/lv\/","logo":{"@type":"ImageObject","inLanguage":"lv-LV","@id":"https:\/\/fashiongold.lt\/lv\/#\/schema\/logo\/image\/","url":"https:\/\/fashiongold.lt\/wp-content\/uploads\/2025\/04\/cropped-fashion_gold_logotipas2-scaled-1.png","contentUrl":"https:\/\/fashiongold.lt\/wp-content\/uploads\/2025\/04\/cropped-fashion_gold_logotipas2-scaled-1.png","width":2559,"height":421,"caption":"Topdiamonds Online"},"image":{"@id":"https:\/\/fashiongold.lt\/lv\/#\/schema\/logo\/image\/"}}]}},"_links":{"self":[{"href":"https:\/\/fashiongold.lt\/lv\/wp-json\/wp\/v2\/product\/1040641","targetHints":{"allow":["GET"]}}],"collection":[{"href":"https:\/\/fashiongold.lt\/lv\/wp-json\/wp\/v2\/product"}],"about":[{"href":"https:\/\/fashiongold.lt\/lv\/wp-json\/wp\/v2\/types\/product"}],"version-history":[{"count":1,"href":"https:\/\/fashiongold.lt\/lv\/wp-json\/wp\/v2\/product\/1040641\/revisions"}],"predecessor-version":[{"id":1040652,"href":"https:\/\/fashiongold.lt\/lv\/wp-json\/wp\/v2\/product\/1040641\/revisions\/1040652"}],"wp:featuredmedia":[{"embeddable":true,"href":"https:\/\/fashiongold.lt\/lv\/wp-json\/wp\/v2\/media\/1040647"}],"wp:attachment":[{"href":"https:\/\/fashiongold.lt\/lv\/wp-json\/wp\/v2\/media?parent=1040641"}],"wp:term":[{"taxonomy":"product_brand","embeddable":true,"href":"https:\/\/fashiongold.lt\/lv\/wp-json\/wp\/v2\/product_brand?post=1040641"},{"taxonomy":"product_cat","embeddable":true,"href":"https:\/\/fashiongold.lt\/lv\/wp-json\/wp\/v2\/product_cat?post=1040641"},{"taxonomy":"product_tag","embeddable":true,"href":"https:\/\/fashiongold.lt\/lv\/wp-json\/wp\/v2\/product_tag?post=1040641"}],"curies":[{"name":"wp","href":"https:\/\/api.w.org\/{rel}","templated":true}]}}