{"id":271494,"date":"2025-12-28T11:59:11","date_gmt":"2025-12-28T11:59:11","guid":{"rendered":"https:\/\/fashiongold.lt\/papuosalas\/topazs-gredzens-ar-topazu-un-dimantiem-ai-juvelieris\/"},"modified":"2025-12-28T11:59:11","modified_gmt":"2025-12-28T11:59:11","slug":"topazs-gredzens-ar-topazu-un-dimantiem-ai-juvelieris","status":"publish","type":"product","link":"https:\/\/fashiongold.lt\/lv\/papuosalas\/topazs-gredzens-ar-topazu-un-dimantiem-ai-juvelieris\/","title":{"rendered":"Top\u0101zs &#8211; Gredzens ar top\u0101zu un dimantiem. AI juvelieris"},"content":{"rendered":"<h2 data-start=\"295\" data-end=\"371\">AI juvelieris: gredzens ar zilu top\u0101zu \u2013 izgatavo\u0161ana p\u0113c individu\u0101la projekta<\/h2>\n<p data-start=\"379\" data-end=\"852\">\u0160is gredzens ar ov\u0101las formas zilu top\u0101zu un halo dizainu no dzelten\u0101 zelta ir juveliera rad\u012bta un p\u0113c individu\u0101la projekta izgatavota rota, kur\u0101 katra deta\u013ca ir p\u0101rdom\u0101ta, \u0146emot v\u0113r\u0101 izv\u0113l\u0113to d\u0101rgakmeni \u2013 top\u0101zu, kam piem\u012bt izcils dzidrums, spo\u017es mirdzums un eleganta zili zila kr\u0101su gamma. Tas nav s\u0113rijveida izstr\u0101d\u0101jums \u2013 t\u0101 ir \u012bsta juvelierizstr\u0101d\u0101jumu ra\u017eo\u0161ana, kas s\u0101kas ar ideju un nosl\u0113dzas ar ar rok\u0101m rad\u012btu, unik\u0101lu gredzenu.<\/p>\n<p data-start=\"854\" data-end=\"1181\">Juvelieris p\u0113c individu\u0101liem pas\u016bt\u012bjumiem izgatavo ne tikai gredzenus, bet ar\u012b auskarus, kulonus un citas rotaslietas, \u012bpa\u0161u uzman\u012bbu piev\u0113r\u0161ot kvalit\u0101tei, proporcij\u0101m un ilgm\u016b\u017e\u012bbai. Top\u0101zs ir viens no popul\u0101r\u0101kajiem d\u0101rgakme\u0146iem juvelierizstr\u0101d\u0101jumos, kas tiek nov\u0113rt\u0113ts ne tikai t\u0101 skaistuma, bet ar\u012b labv\u0113l\u012bg\u0101s cenas un est\u0113tikas attiec\u012bbas d\u0113\u013c.<\/p>\n<p data-start=\"1183\" data-end=\"1575\">Projekt\u0113jot gredzenu ar zilu top\u0101zu, vispirms tiek izv\u0113rt\u0113tas \u0161\u012b d\u0101rgakmens \u012bpa\u0161\u012bbas \u2013 t\u0101 dzidrums, kr\u0101sas intensit\u0101te un tonis, kas var vari\u0113t no maigi debeszila l\u012bdz pies\u0101tin\u0101t\u0101kam, spilgt\u0101kam zilam tonim. Tie\u0161i p\u0113c konkr\u0113t\u0101 top\u0101za akmens tiek veidots viss gredzena dizains: kro\u0146a augstums, halo dimantu izvietojums, gredzena platums, zelta biezums un forma.<\/p>\n<p data-start=\"1577\" data-end=\"1754\">Katrs \u0161\u0101ds gredzens prasa \u012bpa\u0161i r\u016bp\u012bgu un profesion\u0101lu darbu, kas \u013cauj sasniegt harmonisku l\u012bdzsvaru starp est\u0113tiku, \u0113rtumu un ikdienas n\u0113s\u0101\u0161anas ilgm\u016b\u017e\u012bbu.<\/p>\n<h3 data-start=\"1756\" data-end=\"1785\">Individu\u0101las izv\u0113les<\/h3>\n<p data-start=\"1787\" data-end=\"1910\">Gredzens ar ov\u0101las formas zilu top\u0101zu un halo dizainu tiek izgatavots p\u0113c individu\u0101la pas\u016bt\u012bjuma, t\u0101p\u0113c varam piel\u0101got:<\/p>\n<ul>\n<li>jebkuru <a href=\"https:\/\/fashiongold.lt\/lv\/patarimai-lv\/zelta-krasa-ko-verts-zinat-par-dazadiem-toniem-un-to-ipasibam\/\" target=\"_self\" rel=\"noopener noreferrer\">zelta kr\u0101su<\/a> (balto, dzelteno vai sarkano),<\/li>\n<li><a href=\"https:\/\/fashiongold.lt\/lv\/patarimai-lv\/zelta-prove-juvelierizstradajumiem-ka-izveleties-piemerotako\/\" target=\"_self\" rel=\"noopener noreferrer\">v\u0113lamo zelta provi 585 vai 750<\/a>,<\/li>\n<li>da\u017e\u0101du dimantu izm\u0113ru un izvietojumu,<\/li>\n<li data-start=\"1302\" data-end=\"1414\">\n<p data-start=\"1304\" data-end=\"1414\">individu\u0101lu top\u0101za toni \u2013 no maigi zila l\u012bdz intens\u012bv\u0101kai zilajai kr\u0101sai.<\/p>\n<\/li>\n<\/ul>\n<p data-start=\"2157\" data-end=\"2324\">Izv\u0113loties individu\u0101li izgatavotu gredzenu ar top\u0101zu, vissvar\u012bg\u0101kais ir tas, kas vislab\u0101k atspogu\u013co j\u016bsu person\u012bbu, stilu un emocijas, kuras v\u0113laties iem\u016b\u017ein\u0101t rot\u0101.<\/p>\n<h3 data-start=\"2326\" data-end=\"2351\">Halo dizaina grezn\u012bba<\/h3>\n<p data-start=\"2353\" data-end=\"2683\">\u0160aj\u0101 model\u012b ir izv\u0113l\u0113ts halo dizains, kas smalki uzsver centr\u0101l\u0101 top\u0101za mirdzumu un pie\u0161\u0137ir gredzenam papildu grezn\u012bbu un vizu\u0101lo dzi\u013cumu. S\u012bki dimanti eleganti ier\u0101m\u0113 ov\u0101las formas top\u0101zu, pastiprinot gaismas sp\u0113li, bet pats zilais top\u0101zs k\u013c\u016bst par galveno un neap\u0161aub\u0101mo gredzena akcentu.<\/p>\n<p data-start=\"2685\" data-end=\"2885\">Starp citiem d\u0101rgakme\u0146iem, kurus bie\u017ei izv\u0113las individu\u0101liem projektiem, v\u0113rts piemin\u0113t ar\u012b smaragdu, saf\u012bru vai rub\u012bnu, ta\u010du top\u0101zs izce\u013cas ar savu univers\u0101lumu un viegli piel\u0101gojamo dizainu.<\/p>\n<h3 data-start=\"2887\" data-end=\"2923\">Sertifik\u0101ti un ra\u017eo\u0161ana Lietuv\u0101<\/h3>\n<p data-start=\"2925\" data-end=\"3135\">Visi gredzeni ar top\u0101zu un citas individu\u0101li izgatavotas rotaslietas tiek rad\u012btas un izgatavotas Lietuv\u0101, un t\u0101m ir Lietuvas Prob\u0101cijas pal\u0101tas sertifik\u0101ti, kas apliecina zelta provi un d\u0101rgakme\u0146u autentiskumu.<\/p>\n<p>T\u0101 ir <a href=\"https:\/\/fashiongold.lt\/lv\/patarimai-lv\/juvelieris-kad-jusu-sapnis-iegust-zelta-formu\/\" target=\"_self\" rel=\"noopener noreferrer\">juveliera izgatavo\u0161ana p\u0113c individu\u0101la projekta<\/a>, kas paredz\u0113ta tiem, kuri mekl\u0113 ne tikai gredzenu, bet ar\u012b personisku st\u0101stu, kas rad\u012bts no zelta, dimantiem un top\u0101za. Katrs \u0161\u0101ds gredzens ir unik\u0101ls, piel\u0101gots tie\u0161i jums un j\u016bsu izv\u0113l\u0113tajam d\u0101rgakmenim. Gredzeniem ir \u012bpa\u0161a simboliska noz\u012bme \u2013 tie ir m\u012blest\u012bbas, ap\u0146em\u0161an\u0101s un palieko\u0161u v\u0113rt\u012bbu simboli, savuk\u0101rt individu\u0101ls dizains \u013cauj smalki atkl\u0101t j\u016bsu person\u012bgo st\u0101stu.<\/p>\n<h4>M\u016bsu pakalpojumi<\/h4>\n<p>Pied\u0101v\u0101jam <a href=\"https:\/\/fashiongold.lt\/lv\/kategorija\/juvelierizstradajumu-razosana\/\" target=\"_self\" rel=\"noopener noreferrer\">individu\u0101lu dizainu, kad katra rota tiek veidota p\u0113c j\u016bsu idej\u0101m un v\u012bzijas<\/a>. T\u0101pat veicam restaur\u0101ciju, lai j\u016bsu d\u0101rg\u0101s rotaslietas atkal sp\u012bd\u0113tu k\u0101 jaunas. Katrs m\u016bsu darbs \u2013 t\u0101 nav tikai rotaslieta, bet ar\u012b j\u016bsu person\u012bbas atspulgs. Katrs m\u016bsu darbs ir pier\u0101d\u012bjums tam, ka kvalit\u0101te un rado\u0161ums var iet roku rok\u0101.<\/p>\n<h4>Atkl\u0101t\u012bba un Garantija<\/h4>\n<p>M\u016bsu pieeja \u2013 atkl\u0101t\u012bba un sirsn\u012bga sazi\u0146a ar katru klientu. No pirm\u0101s konsult\u0101cijas l\u012bdz gal\u012bgajai rotaslietas sa\u0146em\u0161anai m\u0113s esam blakus, lai pal\u012bdz\u0113tu jums visos jaut\u0101jumos. Pied\u0101v\u0101jam 5 gadu kvalit\u0101tes garantiju visiem m\u016bsu izstr\u0101d\u0101jumiem, t\u0101p\u0113c varat b\u016bt dro\u0161i par to uzticam\u012bbu un ilgm\u016b\u017e\u012bbu. M\u016bsu garantija ietver visus ra\u017eo\u0161anas kvalit\u0101tes aspektus, lai j\u016bs var\u0113tu baud\u012bt rotaslietas bez r\u016bp\u0113m daudzu gadu garum\u0101. M\u0113s r\u016bp\u0113jamies, lai katrs m\u016bsu klients justos p\u0101rliecin\u0101ts un zin\u0101tu, ka m\u016bsu rotaslietas ir uztic\u012bbas v\u0113rtas.<\/p>\n<h4>Pas\u016bt\u012bjumi un konsult\u0101cijas<\/h4>\n<p>Ja v\u0113laties pas\u016bt\u012bt individu\u0101lu rotaslietu vai konsult\u0113ties par sav\u0101m idej\u0101m, m\u016bsu komanda vienm\u0113r ir gatava jums pal\u012bdz\u0113t. Konsult\u0101cijas laik\u0101 p\u0101rrun\u0101jam j\u016bsu v\u012bziju, v\u0113lmes un pied\u0101v\u0101jam lab\u0101kos risin\u0101jumus, lai var\u0113tu izgatavot rotaslietas, kas atbilst j\u016bsu v\u0113lm\u0113m. Katram pas\u016bt\u012bjumam piev\u0113r\u0161am \u012bpa\u0161u uzman\u012bbu, t\u0101p\u0113c varam pied\u0101v\u0101t individu\u0101lus risin\u0101jumus gan saderin\u0101\u0161an\u0101s gredzeniem, gan cit\u0101m rotasliet\u0101m. Rotaslietu izgatavo\u0161ana parasti aiz\u0146em aptuveni 5 ned\u0113\u013cas, ta\u010du m\u0113s vienm\u0113r cen\u0161amies, lai j\u016bsu rotaslietas tiktu izgatavotas p\u0113c iesp\u0113jas \u0101tr\u0101k. Sazinieties ar mums \u2013 kop\u0101 rad\u012bsim rotaslietas, kas k\u013c\u016bs par da\u013cu no j\u016bsu st\u0101sta.<\/p>\n","protected":false},"excerpt":{"rendered":"<p>AI juvelieris: gredzens ar zilu top\u0101zu \u2013 izgatavo\u0161ana p\u0113c individu\u0101la projekta \u0160is gredzens ar ov\u0101las formas zilu top\u0101zu un halo [&hellip;]<\/p>\n","protected":false},"featured_media":265777,"template":"","meta":{"site-sidebar-layout":"default","site-content-layout":"","ast-site-content-layout":"default","site-content-style":"default","site-sidebar-style":"default","ast-global-header-display":"","ast-banner-title-visibility":"","ast-main-header-display":"","ast-hfb-above-header-display":"","ast-hfb-below-header-display":"","ast-hfb-mobile-header-display":"","site-post-title":"","ast-breadcrumbs-content":"","ast-featured-img":"","footer-sml-layout":"","ast-disable-related-posts":"","theme-transparent-header-meta":"default","adv-header-id-meta":"","stick-header-meta":"","header-above-stick-meta":"","header-main-stick-meta":"","header-below-stick-meta":"","astra-migrate-meta-layouts":"default","ast-page-background-enabled":"default","ast-page-background-meta":{"desktop":{"background-color":"var(--ast-global-color-4)","background-image":"","background-repeat":"repeat","background-position":"center center","background-size":"auto","background-attachment":"scroll","background-type":"","background-media":"","overlay-type":"","overlay-color":"","overlay-opacity":"","overlay-gradient":""},"tablet":{"background-color":"","background-image":"","background-repeat":"repeat","background-position":"center center","background-size":"auto","background-attachment":"scroll","background-type":"","background-media":"","overlay-type":"","overlay-color":"","overlay-opacity":"","overlay-gradient":""},"mobile":{"background-color":"","background-image":"","background-repeat":"repeat","background-position":"center center","background-size":"auto","background-attachment":"scroll","background-type":"","background-media":"","overlay-type":"","overlay-color":"","overlay-opacity":"","overlay-gradient":""}},"ast-content-background-meta":{"desktop":{"background-color":"var(--ast-global-color-5)","background-image":"","background-repeat":"repeat","background-position":"center center","background-size":"auto","background-attachment":"scroll","background-type":"","background-media":"","overlay-type":"","overlay-color":"","overlay-opacity":"","overlay-gradient":""},"tablet":{"background-color":"var(--ast-global-color-5)","background-image":"","background-repeat":"repeat","background-position":"center center","background-size":"auto","background-attachment":"scroll","background-type":"","background-media":"","overlay-type":"","overlay-color":"","overlay-opacity":"","overlay-gradient":""},"mobile":{"background-color":"var(--ast-global-color-5)","background-image":"","background-repeat":"repeat","background-position":"center center","background-size":"auto","background-attachment":"scroll","background-type":"","background-media":"","overlay-type":"","overlay-color":"","overlay-opacity":"","overlay-gradient":""}}},"product_brand":[],"product_cat":[2915,2913,2921,2920,2916,2914,2933,2923,2939,2997,2930,2938,2929,2922,2937,2932,2998,2936],"product_tag":[],"class_list":{"0":"post-271494","1":"product","2":"type-product","3":"status-publish","4":"has-post-thumbnail","6":"product_cat-davanas-berna-piedzimsanai","7":"product_cat-davanas-dzimsanas-diena","8":"product_cat-davanas-ipasiem-gadijumiem","9":"product_cat-davanas-izlaidumam","10":"product_cat-davanas-kazu-gadadiena","11":"product_cat-davanas-sievietem","12":"product_cat-davanu-idejas","13":"product_cat-dzeltena-zelta-juvelierizstradajumi","14":"product_cat-gredzeni-ar-dargakmeniem","15":"product_cat-halo-formas-saderinasanas-gredzeni","16":"product_cat-juvelieris","17":"product_cat-juvelierizstradajumi-ar-ziliem-dargakmeniem","18":"product_cat-juvelierizstradajumu-razosana","19":"product_cat-mates-dienas-davanas","20":"product_cat-rotaslietas-ar-pusdargakmeniem","21":"product_cat-rotaslietas-sievietem","22":"product_cat-saderinasanas-gredzenu-izgatavosana","23":"product_cat-valentindienas-davanas","24":"desktop-align-center","25":"tablet-align-left","26":"mobile-align-left","27":"ast-product-gallery-layout-horizontal-slider","28":"ast-product-tabs-layout-accordion","29":"ast-qv-on-image","31":"first","32":"onbackorder","33":"taxable","34":"shipping-taxable","35":"purchasable","36":"product-type-simple"},"yoast_head":"<!-- This site is optimized with the Yoast SEO plugin v26.6 - https:\/\/yoast.com\/wordpress\/plugins\/seo\/ -->\n<title>Gredzens ar gai\u0161zilas kr\u0101sas top\u0101zu | Juvelieris<\/title>\n<meta name=\"description\" content=\"Gredzens ar ov\u0101las formas gai\u0161i zilu top\u0101zu un halo dizainu no dzelten\u0101 zelta. Individu\u0101la juvelierizstr\u0101d\u0101jumu izgatavo\u0161ana, sertific\u0113ta kvalit\u0101te un ekskluz\u012bvs dizains.\" \/>\n<meta name=\"robots\" content=\"index, follow, max-snippet:-1, max-image-preview:large, max-video-preview:-1\" \/>\n<link rel=\"canonical\" href=\"https:\/\/fashiongold.lt\/lv\/papuosalas\/topazs-gredzens-ar-topazu-un-dimantiem-ai-juvelieris\/\" \/>\n<meta property=\"og:locale\" content=\"lv_LV\" \/>\n<meta property=\"og:type\" content=\"article\" \/>\n<meta property=\"og:title\" content=\"Gredzens ar gai\u0161zilas kr\u0101sas top\u0101zu | Juvelieris\" \/>\n<meta property=\"og:description\" content=\"Gredzens ar ov\u0101las formas gai\u0161i zilu top\u0101zu un halo dizainu no dzelten\u0101 zelta. Individu\u0101la juvelierizstr\u0101d\u0101jumu izgatavo\u0161ana, sertific\u0113ta kvalit\u0101te un ekskluz\u012bvs dizains.\" \/>\n<meta property=\"og:url\" content=\"https:\/\/fashiongold.lt\/lv\/papuosalas\/topazs-gredzens-ar-topazu-un-dimantiem-ai-juvelieris\/\" \/>\n<meta property=\"og:site_name\" content=\"FashionGold.lt\" \/>\n<meta property=\"og:image\" content=\"https:\/\/fashiongold.lt\/wp-content\/uploads\/2025\/12\/Auksinis-ziedas-su-ovalo-formos-topazu-ir-deimantais-halo-dizainas.webp\" \/>\n\t<meta property=\"og:image:width\" content=\"1536\" \/>\n\t<meta property=\"og:image:height\" content=\"1024\" \/>\n\t<meta property=\"og:image:type\" content=\"image\/png\" \/>\n<meta name=\"twitter:card\" content=\"summary_large_image\" \/>\n<meta name=\"twitter:label1\" content=\"Est. reading time\" \/>\n\t<meta name=\"twitter:data1\" content=\"5 minutes\" \/>\n<script type=\"application\/ld+json\" class=\"yoast-schema-graph\">{\"@context\":\"https:\/\/schema.org\",\"@graph\":[{\"@type\":\"WebPage\",\"@id\":\"https:\/\/fashiongold.lt\/lv\/papuosalas\/topazs-gredzens-ar-topazu-un-dimantiem-ai-juvelieris\/\",\"url\":\"https:\/\/fashiongold.lt\/lv\/papuosalas\/topazs-gredzens-ar-topazu-un-dimantiem-ai-juvelieris\/\",\"name\":\"Gredzens ar gai\u0161zilas kr\u0101sas top\u0101zu | Juvelieris\",\"isPartOf\":{\"@id\":\"https:\/\/fashiongold.lt\/lv\/#website\"},\"primaryImageOfPage\":{\"@id\":\"https:\/\/fashiongold.lt\/lv\/papuosalas\/topazs-gredzens-ar-topazu-un-dimantiem-ai-juvelieris\/#primaryimage\"},\"image\":{\"@id\":\"https:\/\/fashiongold.lt\/lv\/papuosalas\/topazs-gredzens-ar-topazu-un-dimantiem-ai-juvelieris\/#primaryimage\"},\"thumbnailUrl\":\"https:\/\/fashiongold.lt\/wp-content\/uploads\/2025\/12\/Auksinis-ziedas-su-ovalo-formos-topazu-ir-deimantais-halo-dizainas.png\",\"datePublished\":\"2025-12-28T11:59:11+00:00\",\"description\":\"Gredzens ar ov\u0101las formas gai\u0161i zilu top\u0101zu un halo dizainu no dzelten\u0101 zelta. Individu\u0101la juvelierizstr\u0101d\u0101jumu izgatavo\u0161ana, sertific\u0113ta kvalit\u0101te un ekskluz\u012bvs dizains.\",\"breadcrumb\":{\"@id\":\"https:\/\/fashiongold.lt\/lv\/papuosalas\/topazs-gredzens-ar-topazu-un-dimantiem-ai-juvelieris\/#breadcrumb\"},\"inLanguage\":\"lv-LV\",\"potentialAction\":[{\"@type\":\"ReadAction\",\"target\":[\"https:\/\/fashiongold.lt\/lv\/papuosalas\/topazs-gredzens-ar-topazu-un-dimantiem-ai-juvelieris\/\"]}]},{\"@type\":\"ImageObject\",\"inLanguage\":\"lv-LV\",\"@id\":\"https:\/\/fashiongold.lt\/lv\/papuosalas\/topazs-gredzens-ar-topazu-un-dimantiem-ai-juvelieris\/#primaryimage\",\"url\":\"https:\/\/fashiongold.lt\/wp-content\/uploads\/2025\/12\/Auksinis-ziedas-su-ovalo-formos-topazu-ir-deimantais-halo-dizainas.png\",\"contentUrl\":\"https:\/\/fashiongold.lt\/wp-content\/uploads\/2025\/12\/Auksinis-ziedas-su-ovalo-formos-topazu-ir-deimantais-halo-dizainas.png\",\"width\":1536,\"height\":1024,\"caption\":\"Auksinis z\u030ciedas su ovalo formos topazu ir deimantais halo dizainas\"},{\"@type\":\"BreadcrumbList\",\"@id\":\"https:\/\/fashiongold.lt\/lv\/papuosalas\/topazs-gredzens-ar-topazu-un-dimantiem-ai-juvelieris\/#breadcrumb\",\"itemListElement\":[{\"@type\":\"ListItem\",\"position\":1,\"name\":\"Home\",\"item\":\"https:\/\/fashiongold.lt\/lv\/\"},{\"@type\":\"ListItem\",\"position\":2,\"name\":\"Dimantu veikals Fashiongold.lt\",\"item\":\"https:\/\/fashiongold.lt\/shop-2\/\"},{\"@type\":\"ListItem\",\"position\":3,\"name\":\"Top\u0101zs &#8211; Gredzens ar top\u0101zu un dimantiem. AI juvelieris\"}]},{\"@type\":\"WebSite\",\"@id\":\"https:\/\/fashiongold.lt\/lv\/#website\",\"url\":\"https:\/\/fashiongold.lt\/lv\/\",\"name\":\"Fashion Gold\",\"description\":\"Juvelyrikos namai\",\"publisher\":{\"@id\":\"https:\/\/fashiongold.lt\/lv\/#organization\"},\"potentialAction\":[{\"@type\":\"SearchAction\",\"target\":{\"@type\":\"EntryPoint\",\"urlTemplate\":\"https:\/\/fashiongold.lt\/lv\/?s={search_term_string}\"},\"query-input\":{\"@type\":\"PropertyValueSpecification\",\"valueRequired\":true,\"valueName\":\"search_term_string\"}}],\"inLanguage\":\"lv-LV\"},{\"@type\":\"Organization\",\"@id\":\"https:\/\/fashiongold.lt\/lv\/#organization\",\"name\":\"Topdiamonds Online\",\"url\":\"https:\/\/fashiongold.lt\/lv\/\",\"logo\":{\"@type\":\"ImageObject\",\"inLanguage\":\"lv-LV\",\"@id\":\"https:\/\/fashiongold.lt\/lv\/#\/schema\/logo\/image\/\",\"url\":\"https:\/\/fashiongold.lt\/wp-content\/uploads\/2025\/04\/cropped-fashion_gold_logotipas2-scaled-1.png\",\"contentUrl\":\"https:\/\/fashiongold.lt\/wp-content\/uploads\/2025\/04\/cropped-fashion_gold_logotipas2-scaled-1.png\",\"width\":2559,\"height\":421,\"caption\":\"Topdiamonds Online\"},\"image\":{\"@id\":\"https:\/\/fashiongold.lt\/lv\/#\/schema\/logo\/image\/\"}}]}<\/script>\n<!-- \/ Yoast SEO plugin. -->","yoast_head_json":{"title":"Gredzens ar gai\u0161zilas kr\u0101sas top\u0101zu | Juvelieris","description":"Gredzens ar ov\u0101las formas gai\u0161i zilu top\u0101zu un halo dizainu no dzelten\u0101 zelta. Individu\u0101la juvelierizstr\u0101d\u0101jumu izgatavo\u0161ana, sertific\u0113ta kvalit\u0101te un ekskluz\u012bvs dizains.","robots":{"index":"index","follow":"follow","max-snippet":"max-snippet:-1","max-image-preview":"max-image-preview:large","max-video-preview":"max-video-preview:-1"},"canonical":"https:\/\/fashiongold.lt\/lv\/papuosalas\/topazs-gredzens-ar-topazu-un-dimantiem-ai-juvelieris\/","og_locale":"lv_LV","og_type":"article","og_title":"Gredzens ar gai\u0161zilas kr\u0101sas top\u0101zu | Juvelieris","og_description":"Gredzens ar ov\u0101las formas gai\u0161i zilu top\u0101zu un halo dizainu no dzelten\u0101 zelta. Individu\u0101la juvelierizstr\u0101d\u0101jumu izgatavo\u0161ana, sertific\u0113ta kvalit\u0101te un ekskluz\u012bvs dizains.","og_url":"https:\/\/fashiongold.lt\/lv\/papuosalas\/topazs-gredzens-ar-topazu-un-dimantiem-ai-juvelieris\/","og_site_name":"FashionGold.lt","og_image":[{"width":1536,"height":1024,"url":"https:\/\/fashiongold.lt\/wp-content\/uploads\/2025\/12\/Auksinis-ziedas-su-ovalo-formos-topazu-ir-deimantais-halo-dizainas.webp","type":"image\/png"}],"twitter_card":"summary_large_image","twitter_misc":{"Est. reading time":"5 minutes"},"schema":{"@context":"https:\/\/schema.org","@graph":[{"@type":"WebPage","@id":"https:\/\/fashiongold.lt\/lv\/papuosalas\/topazs-gredzens-ar-topazu-un-dimantiem-ai-juvelieris\/","url":"https:\/\/fashiongold.lt\/lv\/papuosalas\/topazs-gredzens-ar-topazu-un-dimantiem-ai-juvelieris\/","name":"Gredzens ar gai\u0161zilas kr\u0101sas top\u0101zu | Juvelieris","isPartOf":{"@id":"https:\/\/fashiongold.lt\/lv\/#website"},"primaryImageOfPage":{"@id":"https:\/\/fashiongold.lt\/lv\/papuosalas\/topazs-gredzens-ar-topazu-un-dimantiem-ai-juvelieris\/#primaryimage"},"image":{"@id":"https:\/\/fashiongold.lt\/lv\/papuosalas\/topazs-gredzens-ar-topazu-un-dimantiem-ai-juvelieris\/#primaryimage"},"thumbnailUrl":"https:\/\/fashiongold.lt\/wp-content\/uploads\/2025\/12\/Auksinis-ziedas-su-ovalo-formos-topazu-ir-deimantais-halo-dizainas.png","datePublished":"2025-12-28T11:59:11+00:00","description":"Gredzens ar ov\u0101las formas gai\u0161i zilu top\u0101zu un halo dizainu no dzelten\u0101 zelta. Individu\u0101la juvelierizstr\u0101d\u0101jumu izgatavo\u0161ana, sertific\u0113ta kvalit\u0101te un ekskluz\u012bvs dizains.","breadcrumb":{"@id":"https:\/\/fashiongold.lt\/lv\/papuosalas\/topazs-gredzens-ar-topazu-un-dimantiem-ai-juvelieris\/#breadcrumb"},"inLanguage":"lv-LV","potentialAction":[{"@type":"ReadAction","target":["https:\/\/fashiongold.lt\/lv\/papuosalas\/topazs-gredzens-ar-topazu-un-dimantiem-ai-juvelieris\/"]}]},{"@type":"ImageObject","inLanguage":"lv-LV","@id":"https:\/\/fashiongold.lt\/lv\/papuosalas\/topazs-gredzens-ar-topazu-un-dimantiem-ai-juvelieris\/#primaryimage","url":"https:\/\/fashiongold.lt\/wp-content\/uploads\/2025\/12\/Auksinis-ziedas-su-ovalo-formos-topazu-ir-deimantais-halo-dizainas.png","contentUrl":"https:\/\/fashiongold.lt\/wp-content\/uploads\/2025\/12\/Auksinis-ziedas-su-ovalo-formos-topazu-ir-deimantais-halo-dizainas.png","width":1536,"height":1024,"caption":"Auksinis z\u030ciedas su ovalo formos topazu ir deimantais halo dizainas"},{"@type":"BreadcrumbList","@id":"https:\/\/fashiongold.lt\/lv\/papuosalas\/topazs-gredzens-ar-topazu-un-dimantiem-ai-juvelieris\/#breadcrumb","itemListElement":[{"@type":"ListItem","position":1,"name":"Home","item":"https:\/\/fashiongold.lt\/lv\/"},{"@type":"ListItem","position":2,"name":"Dimantu veikals Fashiongold.lt","item":"https:\/\/fashiongold.lt\/shop-2\/"},{"@type":"ListItem","position":3,"name":"Top\u0101zs &#8211; Gredzens ar top\u0101zu un dimantiem. AI juvelieris"}]},{"@type":"WebSite","@id":"https:\/\/fashiongold.lt\/lv\/#website","url":"https:\/\/fashiongold.lt\/lv\/","name":"Fashion Gold","description":"Juvelyrikos namai","publisher":{"@id":"https:\/\/fashiongold.lt\/lv\/#organization"},"potentialAction":[{"@type":"SearchAction","target":{"@type":"EntryPoint","urlTemplate":"https:\/\/fashiongold.lt\/lv\/?s={search_term_string}"},"query-input":{"@type":"PropertyValueSpecification","valueRequired":true,"valueName":"search_term_string"}}],"inLanguage":"lv-LV"},{"@type":"Organization","@id":"https:\/\/fashiongold.lt\/lv\/#organization","name":"Topdiamonds Online","url":"https:\/\/fashiongold.lt\/lv\/","logo":{"@type":"ImageObject","inLanguage":"lv-LV","@id":"https:\/\/fashiongold.lt\/lv\/#\/schema\/logo\/image\/","url":"https:\/\/fashiongold.lt\/wp-content\/uploads\/2025\/04\/cropped-fashion_gold_logotipas2-scaled-1.png","contentUrl":"https:\/\/fashiongold.lt\/wp-content\/uploads\/2025\/04\/cropped-fashion_gold_logotipas2-scaled-1.png","width":2559,"height":421,"caption":"Topdiamonds Online"},"image":{"@id":"https:\/\/fashiongold.lt\/lv\/#\/schema\/logo\/image\/"}}]}},"_links":{"self":[{"href":"https:\/\/fashiongold.lt\/lv\/wp-json\/wp\/v2\/product\/271494","targetHints":{"allow":["GET"]}}],"collection":[{"href":"https:\/\/fashiongold.lt\/lv\/wp-json\/wp\/v2\/product"}],"about":[{"href":"https:\/\/fashiongold.lt\/lv\/wp-json\/wp\/v2\/types\/product"}],"version-history":[{"count":0,"href":"https:\/\/fashiongold.lt\/lv\/wp-json\/wp\/v2\/product\/271494\/revisions"}],"wp:featuredmedia":[{"embeddable":true,"href":"https:\/\/fashiongold.lt\/lv\/wp-json\/wp\/v2\/media\/265777"}],"wp:attachment":[{"href":"https:\/\/fashiongold.lt\/lv\/wp-json\/wp\/v2\/media?parent=271494"}],"wp:term":[{"taxonomy":"product_brand","embeddable":true,"href":"https:\/\/fashiongold.lt\/lv\/wp-json\/wp\/v2\/product_brand?post=271494"},{"taxonomy":"product_cat","embeddable":true,"href":"https:\/\/fashiongold.lt\/lv\/wp-json\/wp\/v2\/product_cat?post=271494"},{"taxonomy":"product_tag","embeddable":true,"href":"https:\/\/fashiongold.lt\/lv\/wp-json\/wp\/v2\/product_tag?post=271494"}],"curies":[{"name":"wp","href":"https:\/\/api.w.org\/{rel}","templated":true}]}}