{"id":271539,"date":"2025-12-28T16:11:33","date_gmt":"2025-12-28T16:11:33","guid":{"rendered":"https:\/\/fashiongold.lt\/papuosalas\/perles-auskari-ar-perlem-7-mm-dzeltens-zelts-ai-juvelieris\/"},"modified":"2025-12-28T16:11:33","modified_gmt":"2025-12-28T16:11:33","slug":"perles-auskari-ar-perlem-7-mm-dzeltens-zelts-ai-juvelieris","status":"publish","type":"product","link":"https:\/\/fashiongold.lt\/lv\/papuosalas\/perles-auskari-ar-perlem-7-mm-dzeltens-zelts-ai-juvelieris\/","title":{"rendered":"P\u0113rles &#8211; Auskari ar p\u0113rl\u0113m 7 mm. Dzeltens zelts. AI Juvelieris"},"content":{"rendered":"<h3 data-start=\"192\" data-end=\"289\">AI juvelieris: a<strong data-start=\"236\" data-end=\"291\">uskari-nagli\u0146as ar 7 mm p\u0113rl\u0113m, dzeltenais zelts\u00a0<\/strong><\/h3>\n<p data-start=\"236\" data-end=\"698\">Tas ir juveliera izstr\u0101d\u0101ts un izgatavots individu\u0101ls projekts, kur\u0101 katra deta\u013ca ir p\u0101rdom\u0101ta, \u0146emot v\u0113r\u0101 izv\u0113l\u0113to p\u0113rli. P\u0113rles izce\u013cas ar smalku, nosl\u0113pumainu mirdzumu, dabisku gaismas atsp\u012bdumu un unik\u0101lu virsmu \u2013 katra p\u0113rle ir cit\u0101d\u0101ka. Tas nav s\u0113rijveida izstr\u0101d\u0101jums \u2013 t\u0101 ir \u012bsta juvelierizstr\u0101d\u0101jumu ra\u017eo\u0161ana, kas s\u0101kas ar ideju un nosl\u0113dzas ar rok\u0101m rad\u012btiem, unik\u0101liem auskariem.<\/p>\n<p data-start=\"700\" data-end=\"1172\">Projekt\u0113jot auskarus-nagli\u0146as ar p\u0113rl\u0113m, juvelieris vispirms nov\u0113rt\u0113 pa\u0161as p\u0113rles \u012bpa\u0161\u012bbas \u2013 t\u0101s izm\u0113ru (7 mm), formas pareiz\u012bbu, virsmas kvalit\u0101ti un dabisko mirdzumu. Tie\u0161i p\u0113c konkr\u0113t\u0101s p\u0113rles tiek veidots viss dizains: auskaru proporcijas, kro\u0146a augstums, dimantu apmales izvietojums un kop\u0113jais vizu\u0101lais l\u012bdzsvars. Katriem auskariem nepiecie\u0161ams \u0101rk\u0101rt\u012bgi r\u016bp\u012bgs un profesion\u0101ls darbs, lai tiktu sasniegta perfekta est\u0113tikas, \u0113rtuma un ilgm\u016b\u017e\u012bbas kombin\u0101cija.<\/p>\n<p data-start=\"1174\" data-end=\"1263\">Auskari-nagli\u0146as ar p\u0113rl\u0113m tiek izgatavoti p\u0113c individu\u0101la pas\u016bt\u012bjuma, t\u0101p\u0113c m\u0113s varam piel\u0101got:<\/p>\n<ul data-start=\"997\" data-end=\"1252\">\n<li data-start=\"997\" data-end=\"1056\">\n<p data-start=\"999\" data-end=\"1056\">jebkuru zelta kr\u0101su (balto, dzelteno vai sarkano),<\/p>\n<\/li>\n<li data-start=\"1057\" data-end=\"1103\">\n<p data-start=\"1059\" data-end=\"1103\">izv\u0113l\u0113to zelta <a href=\"https:\/\/fashiongold.lt\/lv\/patarimai-lv\/zelta-prove-juvelierizstradajumiem-ka-izveleties-piemerotako\/\">provi<\/a> \u2013 585 vai 750,<\/p>\n<\/li>\n<li data-start=\"1104\" data-end=\"1152\">\n<p data-start=\"1106\" data-end=\"1152\">da\u017e\u0101du dimantu vai p\u0113r\u013cu izm\u0113ru un to izvietojumu,<\/p>\n<\/li>\n<li data-start=\"1153\" data-end=\"1252\">\n<p data-start=\"1155\" data-end=\"1252\">p\u0113c piepras\u012bjuma individu\u0101lu dimantu apmali, ko var paredz\u0113t k\u0101 no\u0146emamu, \u013caujot auskarus n\u0113s\u0101t gan minim\u0101listisk\u0101, gan grezn\u0101k\u0101 variant\u0101.<\/p>\n<\/li>\n<\/ul>\n<p data-start=\"1541\" data-end=\"1742\">Izv\u0113loties auskarus p\u0113c individu\u0101la projekta, svar\u012bg\u0101kais ir tas, kas atbilst j\u016bsu person\u012bbai, stilam un dz\u012bvesveidam. \u0160\u0101di auskari k\u013c\u016bst ne tikai par smalku, bet ar\u012b emocion\u0101li noz\u012bm\u012bgu juvelierizstr\u0101d\u0101jumu deta\u013cu.<\/p>\n<p data-start=\"1744\" data-end=\"2111\">\u0160aj\u0101 model\u012b izv\u0113l\u0113tais klasiskais dizains smalki uzsver p\u0113rles dabisko mirdzumu un pie\u0161\u0137ir auskariem papildu eleganci un grezn\u012bbu. Elegantas p\u0113rles pastiprina gaismas sp\u0113li. P\u0113rles juvelierizstr\u0101d\u0101jumos simboliz\u0113 t\u012br\u012bbu, harmoniju, sievi\u0161\u0137\u012bbu un laika nep\u0101rvaramu klasiku.<\/p>\n<p data-start=\"2113\" data-end=\"2287\">Visi auskari-nagli\u0146as ar p\u0113rl\u0113m un citas rotaslietas tiek izgatavotas Lietuv\u0101, un t\u0101m ir Lietuvas Prob\u0113\u0161anas pal\u0101tas sertifik\u0101ti, kas apliecina met\u0101lu autentiskumu un augst\u0101ko kvalit\u0101ti.<\/p>\n<p data-start=\"2289\" data-end=\"2545\">T\u0101 ir juveliera<span style=\"font-size: 16px;\">\u00a0<\/span><a style=\"font-size: 16px; background-color: #ffffff;\" href=\"https:\/\/fashiongold.lt\/lv\/patarimai-lv\/juvelieris-kad-jusu-sapnis-iegust-zelta-formu\/\">izgatavo\u0161ana<\/a><span style=\"font-size: 16px;\"> p\u0113c individu\u0101la projekta, kas paredz\u0113ta tiem, kuri mekl\u0113 ne tikai auskarus, bet ar\u012b personisku st\u0101stu, kas rad\u012bts no zelta, dimantiem un dabisk\u0101m p\u0113rl\u0113m. Katri \u0161\u0101di auskari ir unik\u0101li, rad\u012bti tie\u0161i jums un j\u016bsu izv\u0113l\u0113tajai v\u012bzijai.<\/span><\/p>\n<h4>M\u016bsu pakalpojumi<\/h4>\n<p>Pied\u0101v\u0101jam <a href=\"https:\/\/fashiongold.lt\/lv\/kategorija\/juvelierizstradajumu-razosana\/\" target=\"_self\" rel=\"noopener noreferrer\">individu\u0101lu dizainu, kur katra rotaslieta tiek rad\u012bta p\u0113c j\u016bsu idej\u0101m un v\u012bzijas<\/a>. T\u0101pat veicam restaur\u0101ciju, lai j\u016bsu d\u0101rg\u0101s rotaslietas atkal mirdz\u0113tu k\u0101 jaunas. Katrs m\u016bsu darbs ir ne tikai rotaslieta, bet ar\u012b j\u016bsu person\u012bbas atspogu\u013cojums. Katrs m\u016bsu darbs ir pier\u0101d\u012bjums tam, ka kvalit\u0101te un rado\u0161ums var iet roku rok\u0101.<\/p>\n<h4>Atkl\u0101t\u012bba un garantija<\/h4>\n<p>M\u016bsu pieeja ir atkl\u0101t\u012bba un sirsn\u012bga komunik\u0101cija ar katru klientu. No pirm\u0101s konsult\u0101cijas l\u012bdz gal\u012bgajai rotaslietas sa\u0146em\u0161anai m\u0113s esam l\u012bdz\u0101s, lai pal\u012bdz\u0113tu jums visos jaut\u0101jumos. M\u0113s sniedzam 5 gadu kvalit\u0101tes garantiju visiem m\u016bsu izstr\u0101d\u0101jumiem, t\u0101p\u0113c varat b\u016bt p\u0101rliecin\u0101ti par to uzticam\u012bbu un ilgm\u016b\u017e\u012bbu. M\u016bsu garantija aptver visus ra\u017eo\u0161anas kvalit\u0101tes aspektus, lai j\u016bs var\u0113tu baud\u012bt rotaslietas bez r\u016bp\u0113m daudzu gadu garum\u0101. M\u0113s r\u016bp\u0113jamies, lai katrs m\u016bsu klients justos dro\u0161i un zin\u0101tu, ka m\u016bsu rotaslietas ir uztic\u012bbas v\u0113rtas.<\/p>\n<h4>Pas\u016bt\u012bjumi un konsult\u0101cijas<\/h4>\n<p>Ja v\u0113laties pas\u016bt\u012bt individu\u0101lu rotaslietu vai konsult\u0113ties par sav\u0101m idej\u0101m, m\u016bsu komanda vienm\u0113r ir gatava jums pal\u012bdz\u0113t. Konsult\u0101cijas laik\u0101 m\u0113s apsprie\u017eam j\u016bsu v\u012bziju, v\u0113lmes un pied\u0101v\u0101jam lab\u0101kos risin\u0101jumus, lai var\u0113tu izgatavot rotaslietas, kas atbilst j\u016bsu cer\u012bb\u0101m. Katram pas\u016bt\u012bjumam m\u0113s piev\u0113r\u0161am \u012bpa\u0161u uzman\u012bbu, t\u0101p\u0113c varam pied\u0101v\u0101t individu\u0101lus risin\u0101jumus gan saderin\u0101\u0161an\u0101s gredzeniem, gan cit\u0101m rotasliet\u0101m. Rotaslietu izgatavo\u0161ana parasti ilgst aptuveni 5 ned\u0113\u013cas, ta\u010du m\u0113s vienm\u0113r cen\u0161amies, lai j\u016bsu rotaslietas tiktu izgatavotas p\u0113c iesp\u0113jas \u0101tr\u0101k. Sazinieties ar mums \u2013 kop\u0101 m\u0113s rad\u012bsim rotaslietas, kas k\u013c\u016bs par da\u013cu no j\u016bsu st\u0101sta.<\/p>\n","protected":false},"excerpt":{"rendered":"<p>AI juvelieris: auskari-nagli\u0146as ar 7 mm p\u0113rl\u0113m, dzeltenais zelts\u00a0 Tas ir juveliera izstr\u0101d\u0101ts un izgatavots individu\u0101ls projekts, kur\u0101 katra deta\u013ca [&hellip;]<\/p>\n","protected":false},"featured_media":265909,"template":"","meta":{"site-sidebar-layout":"default","site-content-layout":"","ast-site-content-layout":"default","site-content-style":"default","site-sidebar-style":"default","ast-global-header-display":"","ast-banner-title-visibility":"","ast-main-header-display":"","ast-hfb-above-header-display":"","ast-hfb-below-header-display":"","ast-hfb-mobile-header-display":"","site-post-title":"","ast-breadcrumbs-content":"","ast-featured-img":"","footer-sml-layout":"","ast-disable-related-posts":"","theme-transparent-header-meta":"default","adv-header-id-meta":"","stick-header-meta":"","header-above-stick-meta":"","header-main-stick-meta":"","header-below-stick-meta":"","astra-migrate-meta-layouts":"default","ast-page-background-enabled":"default","ast-page-background-meta":{"desktop":{"background-color":"var(--ast-global-color-4)","background-image":"","background-repeat":"repeat","background-position":"center center","background-size":"auto","background-attachment":"scroll","background-type":"","background-media":"","overlay-type":"","overlay-color":"","overlay-opacity":"","overlay-gradient":""},"tablet":{"background-color":"","background-image":"","background-repeat":"repeat","background-position":"center center","background-size":"auto","background-attachment":"scroll","background-type":"","background-media":"","overlay-type":"","overlay-color":"","overlay-opacity":"","overlay-gradient":""},"mobile":{"background-color":"","background-image":"","background-repeat":"repeat","background-position":"center center","background-size":"auto","background-attachment":"scroll","background-type":"","background-media":"","overlay-type":"","overlay-color":"","overlay-opacity":"","overlay-gradient":""}},"ast-content-background-meta":{"desktop":{"background-color":"var(--ast-global-color-5)","background-image":"","background-repeat":"repeat","background-position":"center center","background-size":"auto","background-attachment":"scroll","background-type":"","background-media":"","overlay-type":"","overlay-color":"","overlay-opacity":"","overlay-gradient":""},"tablet":{"background-color":"var(--ast-global-color-5)","background-image":"","background-repeat":"repeat","background-position":"center center","background-size":"auto","background-attachment":"scroll","background-type":"","background-media":"","overlay-type":"","overlay-color":"","overlay-opacity":"","overlay-gradient":""},"mobile":{"background-color":"var(--ast-global-color-5)","background-image":"","background-repeat":"repeat","background-position":"center center","background-size":"auto","background-attachment":"scroll","background-type":"","background-media":"","overlay-type":"","overlay-color":"","overlay-opacity":"","overlay-gradient":""}}},"product_brand":[],"product_cat":[2980,2978,2983,2981,2913,2921,2914,2933,2923,2930,2929,2922,2982,2937,2932,2979,2936],"product_tag":[],"class_list":{"0":"post-271539","1":"product","2":"type-product","3":"status-publish","4":"has-post-thumbnail","6":"product_cat-auskari-ar-dargakmeniem","7":"product_cat-auskari-ar-dimantiem","8":"product_cat-auskari-ar-perlem","9":"product_cat-auskari-naglinas","10":"product_cat-davanas-dzimsanas-diena","11":"product_cat-davanas-ipasiem-gadijumiem","12":"product_cat-davanas-sievietem","13":"product_cat-davanu-idejas","14":"product_cat-dzeltena-zelta-juvelierizstradajumi","15":"product_cat-juvelieris","16":"product_cat-juvelierizstradajumu-razosana","17":"product_cat-mates-dienas-davanas","18":"product_cat-perles-juvelierizstradajumi-ar-perlem","19":"product_cat-rotaslietas-ar-pusdargakmeniem","20":"product_cat-rotaslietas-sievietem","21":"product_cat-sarkana-zelta-juvelierizstradajumi","22":"product_cat-valentindienas-davanas","23":"desktop-align-center","24":"tablet-align-left","25":"mobile-align-left","26":"ast-product-gallery-layout-horizontal-slider","27":"ast-product-tabs-layout-accordion","28":"ast-qv-on-image","30":"first","31":"onbackorder","32":"taxable","33":"shipping-taxable","34":"purchasable","35":"product-type-simple"},"yoast_head":"<!-- This site is optimized with the Yoast SEO plugin v26.6 - https:\/\/yoast.com\/wordpress\/plugins\/seo\/ -->\n<title>Auskari ar p\u0113rl\u0113m 7 mm | Dzeltens zelts | Juvelieris<\/title>\n<meta name=\"description\" content=\"Roku darba auskari ar 7 mm p\u0113rl\u0113m, nagli\u0146as. Dzeltens, balts vai sarkans zelts. Iesp\u0113jama no\u0146emama dimanta apmale.\" \/>\n<meta name=\"robots\" content=\"index, follow, max-snippet:-1, max-image-preview:large, max-video-preview:-1\" \/>\n<link rel=\"canonical\" href=\"https:\/\/fashiongold.lt\/lv\/papuosalas\/perles-auskari-ar-perlem-7-mm-dzeltens-zelts-ai-juvelieris\/\" \/>\n<meta property=\"og:locale\" content=\"lv_LV\" \/>\n<meta property=\"og:type\" content=\"article\" \/>\n<meta property=\"og:title\" content=\"Auskari ar p\u0113rl\u0113m 7 mm | Dzeltens zelts | Juvelieris\" \/>\n<meta property=\"og:description\" content=\"Roku darba auskari ar 7 mm p\u0113rl\u0113m, nagli\u0146as. Dzeltens, balts vai sarkans zelts. Iesp\u0113jama no\u0146emama dimanta apmale.\" \/>\n<meta property=\"og:url\" content=\"https:\/\/fashiongold.lt\/lv\/papuosalas\/perles-auskari-ar-perlem-7-mm-dzeltens-zelts-ai-juvelieris\/\" \/>\n<meta property=\"og:site_name\" content=\"FashionGold.lt\" \/>\n<meta property=\"og:image\" content=\"https:\/\/fashiongold.lt\/wp-content\/uploads\/2025\/12\/Auskarai-su-perlais-vinukai.webp\" \/>\n\t<meta property=\"og:image:width\" content=\"1536\" \/>\n\t<meta property=\"og:image:height\" content=\"1024\" \/>\n\t<meta property=\"og:image:type\" content=\"image\/png\" \/>\n<meta name=\"twitter:card\" content=\"summary_large_image\" \/>\n<meta name=\"twitter:label1\" content=\"Est. reading time\" \/>\n\t<meta name=\"twitter:data1\" content=\"4 minutes\" \/>\n<script type=\"application\/ld+json\" class=\"yoast-schema-graph\">{\"@context\":\"https:\/\/schema.org\",\"@graph\":[{\"@type\":\"WebPage\",\"@id\":\"https:\/\/fashiongold.lt\/lv\/papuosalas\/perles-auskari-ar-perlem-7-mm-dzeltens-zelts-ai-juvelieris\/\",\"url\":\"https:\/\/fashiongold.lt\/lv\/papuosalas\/perles-auskari-ar-perlem-7-mm-dzeltens-zelts-ai-juvelieris\/\",\"name\":\"Auskari ar p\u0113rl\u0113m 7 mm | Dzeltens zelts | Juvelieris\",\"isPartOf\":{\"@id\":\"https:\/\/fashiongold.lt\/lv\/#website\"},\"primaryImageOfPage\":{\"@id\":\"https:\/\/fashiongold.lt\/lv\/papuosalas\/perles-auskari-ar-perlem-7-mm-dzeltens-zelts-ai-juvelieris\/#primaryimage\"},\"image\":{\"@id\":\"https:\/\/fashiongold.lt\/lv\/papuosalas\/perles-auskari-ar-perlem-7-mm-dzeltens-zelts-ai-juvelieris\/#primaryimage\"},\"thumbnailUrl\":\"https:\/\/fashiongold.lt\/wp-content\/uploads\/2025\/12\/Auskarai-su-perlais-vinukai.png\",\"datePublished\":\"2025-12-28T16:11:33+00:00\",\"description\":\"Roku darba auskari ar 7 mm p\u0113rl\u0113m, nagli\u0146as. Dzeltens, balts vai sarkans zelts. Iesp\u0113jama no\u0146emama dimanta apmale.\",\"breadcrumb\":{\"@id\":\"https:\/\/fashiongold.lt\/lv\/papuosalas\/perles-auskari-ar-perlem-7-mm-dzeltens-zelts-ai-juvelieris\/#breadcrumb\"},\"inLanguage\":\"lv-LV\",\"potentialAction\":[{\"@type\":\"ReadAction\",\"target\":[\"https:\/\/fashiongold.lt\/lv\/papuosalas\/perles-auskari-ar-perlem-7-mm-dzeltens-zelts-ai-juvelieris\/\"]}]},{\"@type\":\"ImageObject\",\"inLanguage\":\"lv-LV\",\"@id\":\"https:\/\/fashiongold.lt\/lv\/papuosalas\/perles-auskari-ar-perlem-7-mm-dzeltens-zelts-ai-juvelieris\/#primaryimage\",\"url\":\"https:\/\/fashiongold.lt\/wp-content\/uploads\/2025\/12\/Auskarai-su-perlais-vinukai.png\",\"contentUrl\":\"https:\/\/fashiongold.lt\/wp-content\/uploads\/2025\/12\/Auskarai-su-perlais-vinukai.png\",\"width\":1536,\"height\":1024,\"caption\":\"Auskarai su perlais vinukai\"},{\"@type\":\"BreadcrumbList\",\"@id\":\"https:\/\/fashiongold.lt\/lv\/papuosalas\/perles-auskari-ar-perlem-7-mm-dzeltens-zelts-ai-juvelieris\/#breadcrumb\",\"itemListElement\":[{\"@type\":\"ListItem\",\"position\":1,\"name\":\"Home\",\"item\":\"https:\/\/fashiongold.lt\/lv\/\"},{\"@type\":\"ListItem\",\"position\":2,\"name\":\"Dimantu veikals Fashiongold.lt\",\"item\":\"https:\/\/fashiongold.lt\/shop-2\/\"},{\"@type\":\"ListItem\",\"position\":3,\"name\":\"P\u0113rles &#8211; Auskari ar p\u0113rl\u0113m 7 mm. Dzeltens zelts. AI Juvelieris\"}]},{\"@type\":\"WebSite\",\"@id\":\"https:\/\/fashiongold.lt\/lv\/#website\",\"url\":\"https:\/\/fashiongold.lt\/lv\/\",\"name\":\"Fashion Gold\",\"description\":\"Juvelyrikos namai\",\"publisher\":{\"@id\":\"https:\/\/fashiongold.lt\/lv\/#organization\"},\"potentialAction\":[{\"@type\":\"SearchAction\",\"target\":{\"@type\":\"EntryPoint\",\"urlTemplate\":\"https:\/\/fashiongold.lt\/lv\/?s={search_term_string}\"},\"query-input\":{\"@type\":\"PropertyValueSpecification\",\"valueRequired\":true,\"valueName\":\"search_term_string\"}}],\"inLanguage\":\"lv-LV\"},{\"@type\":\"Organization\",\"@id\":\"https:\/\/fashiongold.lt\/lv\/#organization\",\"name\":\"Topdiamonds Online\",\"url\":\"https:\/\/fashiongold.lt\/lv\/\",\"logo\":{\"@type\":\"ImageObject\",\"inLanguage\":\"lv-LV\",\"@id\":\"https:\/\/fashiongold.lt\/lv\/#\/schema\/logo\/image\/\",\"url\":\"https:\/\/fashiongold.lt\/wp-content\/uploads\/2025\/04\/cropped-fashion_gold_logotipas2-scaled-1.png\",\"contentUrl\":\"https:\/\/fashiongold.lt\/wp-content\/uploads\/2025\/04\/cropped-fashion_gold_logotipas2-scaled-1.png\",\"width\":2559,\"height\":421,\"caption\":\"Topdiamonds Online\"},\"image\":{\"@id\":\"https:\/\/fashiongold.lt\/lv\/#\/schema\/logo\/image\/\"}}]}<\/script>\n<!-- \/ Yoast SEO plugin. -->","yoast_head_json":{"title":"Auskari ar p\u0113rl\u0113m 7 mm | Dzeltens zelts | Juvelieris","description":"Roku darba auskari ar 7 mm p\u0113rl\u0113m, nagli\u0146as. Dzeltens, balts vai sarkans zelts. Iesp\u0113jama no\u0146emama dimanta apmale.","robots":{"index":"index","follow":"follow","max-snippet":"max-snippet:-1","max-image-preview":"max-image-preview:large","max-video-preview":"max-video-preview:-1"},"canonical":"https:\/\/fashiongold.lt\/lv\/papuosalas\/perles-auskari-ar-perlem-7-mm-dzeltens-zelts-ai-juvelieris\/","og_locale":"lv_LV","og_type":"article","og_title":"Auskari ar p\u0113rl\u0113m 7 mm | Dzeltens zelts | Juvelieris","og_description":"Roku darba auskari ar 7 mm p\u0113rl\u0113m, nagli\u0146as. Dzeltens, balts vai sarkans zelts. Iesp\u0113jama no\u0146emama dimanta apmale.","og_url":"https:\/\/fashiongold.lt\/lv\/papuosalas\/perles-auskari-ar-perlem-7-mm-dzeltens-zelts-ai-juvelieris\/","og_site_name":"FashionGold.lt","og_image":[{"width":1536,"height":1024,"url":"https:\/\/fashiongold.lt\/wp-content\/uploads\/2025\/12\/Auskarai-su-perlais-vinukai.webp","type":"image\/png"}],"twitter_card":"summary_large_image","twitter_misc":{"Est. reading time":"4 minutes"},"schema":{"@context":"https:\/\/schema.org","@graph":[{"@type":"WebPage","@id":"https:\/\/fashiongold.lt\/lv\/papuosalas\/perles-auskari-ar-perlem-7-mm-dzeltens-zelts-ai-juvelieris\/","url":"https:\/\/fashiongold.lt\/lv\/papuosalas\/perles-auskari-ar-perlem-7-mm-dzeltens-zelts-ai-juvelieris\/","name":"Auskari ar p\u0113rl\u0113m 7 mm | Dzeltens zelts | Juvelieris","isPartOf":{"@id":"https:\/\/fashiongold.lt\/lv\/#website"},"primaryImageOfPage":{"@id":"https:\/\/fashiongold.lt\/lv\/papuosalas\/perles-auskari-ar-perlem-7-mm-dzeltens-zelts-ai-juvelieris\/#primaryimage"},"image":{"@id":"https:\/\/fashiongold.lt\/lv\/papuosalas\/perles-auskari-ar-perlem-7-mm-dzeltens-zelts-ai-juvelieris\/#primaryimage"},"thumbnailUrl":"https:\/\/fashiongold.lt\/wp-content\/uploads\/2025\/12\/Auskarai-su-perlais-vinukai.png","datePublished":"2025-12-28T16:11:33+00:00","description":"Roku darba auskari ar 7 mm p\u0113rl\u0113m, nagli\u0146as. Dzeltens, balts vai sarkans zelts. Iesp\u0113jama no\u0146emama dimanta apmale.","breadcrumb":{"@id":"https:\/\/fashiongold.lt\/lv\/papuosalas\/perles-auskari-ar-perlem-7-mm-dzeltens-zelts-ai-juvelieris\/#breadcrumb"},"inLanguage":"lv-LV","potentialAction":[{"@type":"ReadAction","target":["https:\/\/fashiongold.lt\/lv\/papuosalas\/perles-auskari-ar-perlem-7-mm-dzeltens-zelts-ai-juvelieris\/"]}]},{"@type":"ImageObject","inLanguage":"lv-LV","@id":"https:\/\/fashiongold.lt\/lv\/papuosalas\/perles-auskari-ar-perlem-7-mm-dzeltens-zelts-ai-juvelieris\/#primaryimage","url":"https:\/\/fashiongold.lt\/wp-content\/uploads\/2025\/12\/Auskarai-su-perlais-vinukai.png","contentUrl":"https:\/\/fashiongold.lt\/wp-content\/uploads\/2025\/12\/Auskarai-su-perlais-vinukai.png","width":1536,"height":1024,"caption":"Auskarai su perlais vinukai"},{"@type":"BreadcrumbList","@id":"https:\/\/fashiongold.lt\/lv\/papuosalas\/perles-auskari-ar-perlem-7-mm-dzeltens-zelts-ai-juvelieris\/#breadcrumb","itemListElement":[{"@type":"ListItem","position":1,"name":"Home","item":"https:\/\/fashiongold.lt\/lv\/"},{"@type":"ListItem","position":2,"name":"Dimantu veikals Fashiongold.lt","item":"https:\/\/fashiongold.lt\/shop-2\/"},{"@type":"ListItem","position":3,"name":"P\u0113rles &#8211; Auskari ar p\u0113rl\u0113m 7 mm. Dzeltens zelts. AI Juvelieris"}]},{"@type":"WebSite","@id":"https:\/\/fashiongold.lt\/lv\/#website","url":"https:\/\/fashiongold.lt\/lv\/","name":"Fashion Gold","description":"Juvelyrikos namai","publisher":{"@id":"https:\/\/fashiongold.lt\/lv\/#organization"},"potentialAction":[{"@type":"SearchAction","target":{"@type":"EntryPoint","urlTemplate":"https:\/\/fashiongold.lt\/lv\/?s={search_term_string}"},"query-input":{"@type":"PropertyValueSpecification","valueRequired":true,"valueName":"search_term_string"}}],"inLanguage":"lv-LV"},{"@type":"Organization","@id":"https:\/\/fashiongold.lt\/lv\/#organization","name":"Topdiamonds Online","url":"https:\/\/fashiongold.lt\/lv\/","logo":{"@type":"ImageObject","inLanguage":"lv-LV","@id":"https:\/\/fashiongold.lt\/lv\/#\/schema\/logo\/image\/","url":"https:\/\/fashiongold.lt\/wp-content\/uploads\/2025\/04\/cropped-fashion_gold_logotipas2-scaled-1.png","contentUrl":"https:\/\/fashiongold.lt\/wp-content\/uploads\/2025\/04\/cropped-fashion_gold_logotipas2-scaled-1.png","width":2559,"height":421,"caption":"Topdiamonds Online"},"image":{"@id":"https:\/\/fashiongold.lt\/lv\/#\/schema\/logo\/image\/"}}]}},"_links":{"self":[{"href":"https:\/\/fashiongold.lt\/lv\/wp-json\/wp\/v2\/product\/271539","targetHints":{"allow":["GET"]}}],"collection":[{"href":"https:\/\/fashiongold.lt\/lv\/wp-json\/wp\/v2\/product"}],"about":[{"href":"https:\/\/fashiongold.lt\/lv\/wp-json\/wp\/v2\/types\/product"}],"version-history":[{"count":0,"href":"https:\/\/fashiongold.lt\/lv\/wp-json\/wp\/v2\/product\/271539\/revisions"}],"wp:featuredmedia":[{"embeddable":true,"href":"https:\/\/fashiongold.lt\/lv\/wp-json\/wp\/v2\/media\/265909"}],"wp:attachment":[{"href":"https:\/\/fashiongold.lt\/lv\/wp-json\/wp\/v2\/media?parent=271539"}],"wp:term":[{"taxonomy":"product_brand","embeddable":true,"href":"https:\/\/fashiongold.lt\/lv\/wp-json\/wp\/v2\/product_brand?post=271539"},{"taxonomy":"product_cat","embeddable":true,"href":"https:\/\/fashiongold.lt\/lv\/wp-json\/wp\/v2\/product_cat?post=271539"},{"taxonomy":"product_tag","embeddable":true,"href":"https:\/\/fashiongold.lt\/lv\/wp-json\/wp\/v2\/product_tag?post=271539"}],"curies":[{"name":"wp","href":"https:\/\/api.w.org\/{rel}","templated":true}]}}