{"id":273344,"date":"2025-12-27T09:26:43","date_gmt":"2025-12-27T09:26:43","guid":{"rendered":"https:\/\/fashiongold.lt\/papuosalas\/ametisti-auskari-ar-ametistiem-un-dimantiem-ai-juvelieris\/"},"modified":"2025-12-27T09:26:43","modified_gmt":"2025-12-27T09:26:43","slug":"ametisti-auskari-ar-ametistiem-un-dimantiem-ai-juvelieris","status":"publish","type":"product","link":"https:\/\/fashiongold.lt\/lv\/papuosalas\/ametisti-auskari-ar-ametistiem-un-dimantiem-ai-juvelieris\/","title":{"rendered":"Ametisti &#8211; Auskari ar ametistiem un dimantiem. AI Juvelieris"},"content":{"rendered":"<h2 data-start=\"346\" data-end=\"423\"><strong data-start=\"349\" data-end=\"423\">AI juvelieris: auskari ar ametistu, ang\u013cu aizdare \u2013 izgatavo\u0161ana p\u0113c individu\u0101la projekta<\/strong><\/h2>\n<p data-start=\"425\" data-end=\"738\">Auskari ar ametistu \u2013 tas ir juveliera rad\u012bts un izgatavots individu\u0101ls projekts, kur\u0101 katra deta\u013ca ir p\u0101rdom\u0101ta, \u0146emot v\u0113r\u0101 izv\u0113l\u0113to d\u0101rgakmeni \u2013 ametistu. Tas nav s\u0113rijveida izstr\u0101d\u0101jums \u2013 t\u0101 ir \u012bsta juvelierizstr\u0101d\u0101jumu izgatavo\u0161ana, kas s\u0101kas ar ideju un nosl\u0113dzas ar ar rok\u0101m rad\u012btiem, unik\u0101liem auskariem.<\/p>\n<p data-start=\"740\" data-end=\"1178\">Projekt\u0113jot auskarus, juvelieris vispirms nov\u0113rt\u0113 ametista \u012bpa\u0161\u012bbas \u2013 t\u0101 violeto kr\u0101su, dzidrumu, formu un proporcijas. Tie\u0161i p\u0113c konkr\u0113t\u0101 ametista akmens tiek veidots viss dizains: auskaru forma, kro\u0146a augstums, halo dimantu izvietojums, kop\u0113j\u0101s proporcijas un balanss. Katri auskari prasa \u012bpa\u0161i r\u016bp\u012bgu un profesion\u0101lu darbu, lai tiktu sasniegta perfekta est\u0113tikas, \u0113rtuma un ilgm\u016b\u017e\u012bbas kombin\u0101cija.<\/p>\n<h3><span style=\"font-size: 16px;\">Auskari tiek izgatavoti p\u0113c individu\u0101la pas\u016bt\u012bjuma, t\u0101p\u0113c varam piel\u0101got:<\/span><\/h3>\n<ul data-start=\"997\" data-end=\"1252\">\n<li data-start=\"997\" data-end=\"1056\">\n<p data-start=\"999\" data-end=\"1056\">jebkuru zelta kr\u0101su (baltu, dzeltenu vai sarkanu),<\/p>\n<\/li>\n<li data-start=\"1057\" data-end=\"1103\">\n<p data-start=\"1059\" data-end=\"1103\">izv\u0113l\u0113to zelta <a href=\"https:\/\/fashiongold.lt\/lv\/patarimai-lv\/zelta-prove-juvelierizstradajumiem-ka-izveleties-piemerotako\/\">probi<\/a> \u2013 585 vai 750,<\/p>\n<\/li>\n<li data-start=\"1104\" data-end=\"1152\">\n<p data-start=\"1106\" data-end=\"1152\">da\u017e\u0101du dimantu izm\u0113ru un to izvietojumu,<\/p>\n<\/li>\n<li data-start=\"1153\" data-end=\"1252\">\n<p data-start=\"1155\" data-end=\"1252\">individu\u0101lu ametista nokr\u0101su \u2013 no maigi ceri\u0146kr\u0101sas l\u012bdz pies\u0101tin\u0101tam karaliski violetam tonim.<\/p>\n<\/li>\n<\/ul>\n<p data-start=\"1254\" data-end=\"1449\">Izv\u0113loties auskarus p\u0113c individu\u0101la projekta, vissvar\u012bg\u0101kais ir tas, kas atbilst j\u016bsu person\u012bbai, stilam un dz\u012bvesveidam. \u0160\u0101da rota k\u013c\u016bst ne tikai par elegantu deta\u013cu, bet ar\u012b par ilgtermi\u0146a v\u0113rt\u012bbu.<\/p>\n<p data-start=\"1451\" data-end=\"1862\">\u0160aj\u0101 model\u012b izv\u0113l\u0113ts halo dizains, kas subtili uzsver ametista mirdzumu un pie\u0161\u0137ir auskariem papildu grezn\u012bbu un ekskluzivit\u0101ti. S\u012bki dimanti eleganti ier\u0101m\u0113 centr\u0101lo akmeni, pastiprinot gaismas sp\u0113li, bet pats d\u0101rgakmens \u2013 ametists \u2013 k\u013c\u016bst par galveno akcentu. Starp ekskluz\u012bvajiem d\u0101rgakme\u0146iem v\u0113rts piemin\u0113t ar\u012b aleksandr\u012btu, kas slavens ar savu sp\u0113ju main\u012bt kr\u0101su.<\/p>\n<p data-start=\"1864\" data-end=\"2015\">Visi auskari un citas rotaslietas tiek izgatavotas Lietuv\u0101, un t\u0101m ir Lietuvas Proves biroja sertifik\u0101ti, kas apliecina kvalit\u0101ti un met\u0101lu autentiskumu.<\/p>\n<p data-start=\"2017\" data-end=\"2283\">T\u0101 ir juveliera <a href=\"https:\/\/fashiongold.lt\/lv\/patarimai-lv\/juvelieris-kad-jusu-sapnis-iegust-zelta-formu\/\">izgatavo\u0161ana<\/a> p\u0113c individu\u0101la projekta, kas paredz\u0113ta tiem, kuri mekl\u0113 ne tikai auskarus, bet ar\u012b personisku st\u0101stu, kas rad\u012bts no zelta, dimantiem un ametista. Katri \u0161\u0101di auskari ir unik\u0101li, rad\u012bti tie\u0161i jums un j\u016bsu izv\u0113l\u0113tajam d\u0101rgakmenim.<\/p>\n<h3 data-start=\"250\" data-end=\"311\"><strong data-start=\"254\" data-end=\"311\">Ang\u013cu aizdare \u2013 dro\u0161\u012bba un ikdienas komforts<\/strong><\/h3>\n<p data-start=\"313\" data-end=\"778\">\u0160iem auskariem bie\u017ei tiek izv\u0113l\u0113ta ang\u013cu aizdare, kas juvelierizstr\u0101d\u0101jumos tiek uzskat\u012bta par vienu no \u0113rt\u0101kajiem un dro\u0161\u0101kajiem risin\u0101jumiem. \u0160\u0101da aizdare nodro\u0161ina, ka auskari cie\u0161i turas aus\u012b, t\u0101p\u0113c tie ir lieliski piem\u0113roti gan ikdienas n\u0113s\u0101\u0161anai, gan \u012bpa\u0161iem gad\u012bjumiem. Pateicoties savai konstrukcijai, ang\u013cu aizdare samazina risku, ka auskari var\u0113tu atv\u0113rties vai pazust, taj\u0101 pa\u0161\u0101 laik\u0101 sniedzot papildu stabilit\u0101ti, \u012bpa\u0161i, ja auskari ir dekor\u0113ti ar d\u0101rgakme\u0146iem un dimantiem.<\/p>\n<p data-start=\"780\" data-end=\"1192\">Turkl\u0101t ang\u013cu aizdare izce\u013cas ar ergonomiku \u2013 auskari \u0113rti piegu\u013c auss \u013cipi\u0146ai, nespie\u017e un nerada diskomfortu pat ilgsto\u0161as n\u0113s\u0101\u0161anas laik\u0101. Tas ir \u012bpa\u0161i svar\u012bgi individu\u0101li izgatavotiem auskariem ar ametistu, kad m\u0113r\u0137is ir saska\u0146ot est\u0113tiku, dro\u0161\u012bbu un ilgm\u016b\u017e\u012bbu. \u0160\u0101da aizdare ir ne tikai praktiska, bet ar\u012b vizu\u0101li eleganta \u2013 t\u0101 harmoniski papildina kop\u0113jo auskaru dizainu.<\/p>\n<h4>M\u016bsu pakalpojumi<\/h4>\n<p>M\u0113s pied\u0101v\u0101jam <a href=\"https:\/\/fashiongold.lt\/lv\/kategorija\/juvelierizstradajumu-razosana\/\" target=\"_self\" rel=\"noopener noreferrer\">individu\u0101lu dizainu, kur katra rotaslieta tiek rad\u012bta p\u0113c j\u016bsu idej\u0101m un v\u012bzijas<\/a>. T\u0101pat veicam restaur\u0101ciju, lai j\u016bsu d\u0101rg\u0101s rotaslietas atkal mirdz\u0113tu k\u0101 jaunas. Katrs m\u016bsu darbs ir ne tikai rotaslieta, bet ar\u012b j\u016bsu person\u012bbas atspogu\u013cojums. Katrs m\u016bsu darbs ir pier\u0101d\u012bjums tam, ka kvalit\u0101te un rado\u0161ums var iet roku rok\u0101.<\/p>\n<h4>Atkl\u0101t\u012bba un Garantija<\/h4>\n<p>M\u016bsu pieeja \u2013 atkl\u0101t\u012bba un sirsn\u012bga komunik\u0101cija ar katru klientu. No pirm\u0101s konsult\u0101cijas l\u012bdz gal\u012bgajai rotaslietas sa\u0146em\u0161anai m\u0113s esam blakus, lai pal\u012bdz\u0113tu jums visos jaut\u0101jumos. M\u0113s sniedzam 5 gadu kvalit\u0101tes garantiju visiem m\u016bsu izstr\u0101d\u0101jumiem, t\u0101p\u0113c varat b\u016bt p\u0101rliecin\u0101ti par to uzticam\u012bbu un ilgm\u016b\u017e\u012bbu. M\u016bsu garantija ietver visus ra\u017eo\u0161anas kvalit\u0101tes aspektus, lai j\u016bs var\u0113tu baud\u012bt rotaslietas bez r\u016bp\u0113m daudzus gadus. M\u0113s r\u016bp\u0113jamies, lai katrs m\u016bsu klients justos dro\u0161i un zin\u0101tu, ka m\u016bsu rotaslietas ir uztic\u012bbas v\u0113rtas.<\/p>\n<h4>Pas\u016bt\u012bjumi un konsult\u0101cijas<\/h4>\n<p>Ja v\u0113laties pas\u016bt\u012bt individu\u0101lu rotaslietu vai konsult\u0113ties par sav\u0101m idej\u0101m, m\u016bsu komanda vienm\u0113r ir gatava jums pal\u012bdz\u0113t. Konsult\u0101cijas laik\u0101 m\u0113s apsprie\u017eam j\u016bsu v\u012bziju, v\u0113lmes un pied\u0101v\u0101jam lab\u0101kos risin\u0101jumus, lai var\u0113tu izgatavot rotaslietas, kas atbilst j\u016bsu cer\u012bb\u0101m. Katram pas\u016bt\u012bjumam piev\u0113r\u0161am \u012bpa\u0161u uzman\u012bbu, t\u0101p\u0113c varam pied\u0101v\u0101t individu\u0101lus risin\u0101jumus gan saderin\u0101\u0161an\u0101s gredzeniem, gan cit\u0101m rotasliet\u0101m. Rotaslietu izgatavo\u0161ana parasti aiz\u0146em aptuveni 5 ned\u0113\u013cas, ta\u010du m\u0113s vienm\u0113r cen\u0161amies, lai j\u016bsu rotaslietas tiktu izgatavotas p\u0113c iesp\u0113jas \u0101tr\u0101k. Sazinieties ar mums \u2013 kop\u0101 rad\u012bsim rotaslietas, kas k\u013c\u016bs par da\u013cu no j\u016bsu st\u0101sta.<\/p>\n","protected":false},"excerpt":{"rendered":"<p>AI juvelieris: auskari ar ametistu, ang\u013cu aizdare \u2013 izgatavo\u0161ana p\u0113c individu\u0101la projekta Auskari ar ametistu \u2013 tas ir juveliera rad\u012bts [&hellip;]<\/p>\n","protected":false},"featured_media":264935,"template":"","meta":{"site-sidebar-layout":"default","site-content-layout":"","ast-site-content-layout":"default","site-content-style":"default","site-sidebar-style":"default","ast-global-header-display":"","ast-banner-title-visibility":"","ast-main-header-display":"","ast-hfb-above-header-display":"","ast-hfb-below-header-display":"","ast-hfb-mobile-header-display":"","site-post-title":"","ast-breadcrumbs-content":"","ast-featured-img":"","footer-sml-layout":"","ast-disable-related-posts":"","theme-transparent-header-meta":"default","adv-header-id-meta":"","stick-header-meta":"","header-above-stick-meta":"","header-main-stick-meta":"","header-below-stick-meta":"","astra-migrate-meta-layouts":"default","ast-page-background-enabled":"default","ast-page-background-meta":{"desktop":{"background-color":"var(--ast-global-color-4)","background-image":"","background-repeat":"repeat","background-position":"center center","background-size":"auto","background-attachment":"scroll","background-type":"","background-media":"","overlay-type":"","overlay-color":"","overlay-opacity":"","overlay-gradient":""},"tablet":{"background-color":"","background-image":"","background-repeat":"repeat","background-position":"center center","background-size":"auto","background-attachment":"scroll","background-type":"","background-media":"","overlay-type":"","overlay-color":"","overlay-opacity":"","overlay-gradient":""},"mobile":{"background-color":"","background-image":"","background-repeat":"repeat","background-position":"center center","background-size":"auto","background-attachment":"scroll","background-type":"","background-media":"","overlay-type":"","overlay-color":"","overlay-opacity":"","overlay-gradient":""}},"ast-content-background-meta":{"desktop":{"background-color":"var(--ast-global-color-5)","background-image":"","background-repeat":"repeat","background-position":"center center","background-size":"auto","background-attachment":"scroll","background-type":"","background-media":"","overlay-type":"","overlay-color":"","overlay-opacity":"","overlay-gradient":""},"tablet":{"background-color":"var(--ast-global-color-5)","background-image":"","background-repeat":"repeat","background-position":"center center","background-size":"auto","background-attachment":"scroll","background-type":"","background-media":"","overlay-type":"","overlay-color":"","overlay-opacity":"","overlay-gradient":""},"mobile":{"background-color":"var(--ast-global-color-5)","background-image":"","background-repeat":"repeat","background-position":"center center","background-size":"auto","background-attachment":"scroll","background-type":"","background-media":"","overlay-type":"","overlay-color":"","overlay-opacity":"","overlay-gradient":""}}},"product_brand":[],"product_cat":[2930,2929],"product_tag":[],"class_list":{"0":"post-273344","1":"product","2":"type-product","3":"status-publish","4":"has-post-thumbnail","6":"product_cat-juvelieris","7":"product_cat-juvelierizstradajumu-razosana","8":"desktop-align-center","9":"tablet-align-left","10":"mobile-align-left","11":"ast-product-gallery-layout-horizontal-slider","12":"ast-product-tabs-layout-accordion","13":"ast-qv-on-image","15":"first","16":"onbackorder","17":"taxable","18":"shipping-taxable","19":"purchasable","20":"product-type-simple"},"yoast_head":"<!-- This site is optimized with the Yoast SEO plugin v26.6 - https:\/\/yoast.com\/wordpress\/plugins\/seo\/ -->\n<title>Juvelieris: auskari ar ametistu \u2013 ang\u013cu aizdare<\/title>\n<meta name=\"description\" content=\"Auskari ar ametistu, izgatavoti p\u0113c individu\u0101la projekta. Violets d\u0101rgakmens, ang\u013cu aizdare un augst\u0101k\u0101 juveliera kvalit\u0101te Lietuv\u0101.\" \/>\n<meta name=\"robots\" content=\"index, follow, max-snippet:-1, max-image-preview:large, max-video-preview:-1\" \/>\n<link rel=\"canonical\" href=\"https:\/\/fashiongold.lt\/lv\/papuosalas\/ametisti-auskari-ar-ametistiem-un-dimantiem-ai-juvelieris\/\" \/>\n<meta property=\"og:locale\" content=\"lv_LV\" \/>\n<meta property=\"og:type\" content=\"article\" \/>\n<meta property=\"og:title\" content=\"Juvelieris: auskari ar ametistu \u2013 ang\u013cu aizdare\" \/>\n<meta property=\"og:description\" content=\"Auskari ar ametistu, izgatavoti p\u0113c individu\u0101la projekta. Violets d\u0101rgakmens, ang\u013cu aizdare un augst\u0101k\u0101 juveliera kvalit\u0101te Lietuv\u0101.\" \/>\n<meta property=\"og:url\" content=\"https:\/\/fashiongold.lt\/lv\/papuosalas\/ametisti-auskari-ar-ametistiem-un-dimantiem-ai-juvelieris\/\" \/>\n<meta property=\"og:site_name\" content=\"FashionGold.lt\" \/>\n<meta property=\"og:image\" content=\"https:\/\/fashiongold.lt\/wp-content\/uploads\/2025\/12\/Auskarai-su-apvaliais-ametistais-centre-aplink-deimantu-apvadas-angliskas-uzsegimas-1024x683.png\" \/>\n\t<meta property=\"og:image:width\" content=\"1024\" \/>\n\t<meta property=\"og:image:height\" content=\"683\" \/>\n\t<meta property=\"og:image:type\" content=\"image\/png\" \/>\n<meta name=\"twitter:card\" content=\"summary_large_image\" \/>\n<meta name=\"twitter:label1\" content=\"Est. reading time\" \/>\n\t<meta name=\"twitter:data1\" content=\"5 minutes\" \/>\n<script type=\"application\/ld+json\" class=\"yoast-schema-graph\">{\"@context\":\"https:\/\/schema.org\",\"@graph\":[{\"@type\":\"WebPage\",\"@id\":\"https:\/\/fashiongold.lt\/lv\/papuosalas\/ametisti-auskari-ar-ametistiem-un-dimantiem-ai-juvelieris\/\",\"url\":\"https:\/\/fashiongold.lt\/lv\/papuosalas\/ametisti-auskari-ar-ametistiem-un-dimantiem-ai-juvelieris\/\",\"name\":\"Juvelieris: auskari ar ametistu \u2013 ang\u013cu aizdare\",\"isPartOf\":{\"@id\":\"https:\/\/fashiongold.lt\/lv\/#website\"},\"primaryImageOfPage\":{\"@id\":\"https:\/\/fashiongold.lt\/lv\/papuosalas\/ametisti-auskari-ar-ametistiem-un-dimantiem-ai-juvelieris\/#primaryimage\"},\"image\":{\"@id\":\"https:\/\/fashiongold.lt\/lv\/papuosalas\/ametisti-auskari-ar-ametistiem-un-dimantiem-ai-juvelieris\/#primaryimage\"},\"thumbnailUrl\":\"https:\/\/fashiongold.lt\/wp-content\/uploads\/2025\/12\/Auskarai-su-apvaliais-ametistais-centre-aplink-deimantu-apvadas-angliskas-uzsegimas.png\",\"datePublished\":\"2025-12-27T09:26:43+00:00\",\"description\":\"Auskari ar ametistu, izgatavoti p\u0113c individu\u0101la projekta. Violets d\u0101rgakmens, ang\u013cu aizdare un augst\u0101k\u0101 juveliera kvalit\u0101te Lietuv\u0101.\",\"breadcrumb\":{\"@id\":\"https:\/\/fashiongold.lt\/lv\/papuosalas\/ametisti-auskari-ar-ametistiem-un-dimantiem-ai-juvelieris\/#breadcrumb\"},\"inLanguage\":\"lv-LV\",\"potentialAction\":[{\"@type\":\"ReadAction\",\"target\":[\"https:\/\/fashiongold.lt\/lv\/papuosalas\/ametisti-auskari-ar-ametistiem-un-dimantiem-ai-juvelieris\/\"]}]},{\"@type\":\"ImageObject\",\"inLanguage\":\"lv-LV\",\"@id\":\"https:\/\/fashiongold.lt\/lv\/papuosalas\/ametisti-auskari-ar-ametistiem-un-dimantiem-ai-juvelieris\/#primaryimage\",\"url\":\"https:\/\/fashiongold.lt\/wp-content\/uploads\/2025\/12\/Auskarai-su-apvaliais-ametistais-centre-aplink-deimantu-apvadas-angliskas-uzsegimas.png\",\"contentUrl\":\"https:\/\/fashiongold.lt\/wp-content\/uploads\/2025\/12\/Auskarai-su-apvaliais-ametistais-centre-aplink-deimantu-apvadas-angliskas-uzsegimas.png\",\"width\":1536,\"height\":1024,\"caption\":\"Auskarai su apvaliais ametistais centre, aplink deimantu\u0328 apvadas, anglis\u030ckas uz\u030csegimas\"},{\"@type\":\"BreadcrumbList\",\"@id\":\"https:\/\/fashiongold.lt\/lv\/papuosalas\/ametisti-auskari-ar-ametistiem-un-dimantiem-ai-juvelieris\/#breadcrumb\",\"itemListElement\":[{\"@type\":\"ListItem\",\"position\":1,\"name\":\"Home\",\"item\":\"https:\/\/fashiongold.lt\/lv\/\"},{\"@type\":\"ListItem\",\"position\":2,\"name\":\"Dimantu veikals Fashiongold.lt\",\"item\":\"https:\/\/fashiongold.lt\/shop-2\/\"},{\"@type\":\"ListItem\",\"position\":3,\"name\":\"Ametisti &#8211; Auskari ar ametistiem un dimantiem. AI Juvelieris\"}]},{\"@type\":\"WebSite\",\"@id\":\"https:\/\/fashiongold.lt\/lv\/#website\",\"url\":\"https:\/\/fashiongold.lt\/lv\/\",\"name\":\"Fashion Gold\",\"description\":\"Juvelyrikos namai\",\"publisher\":{\"@id\":\"https:\/\/fashiongold.lt\/lv\/#organization\"},\"potentialAction\":[{\"@type\":\"SearchAction\",\"target\":{\"@type\":\"EntryPoint\",\"urlTemplate\":\"https:\/\/fashiongold.lt\/lv\/?s={search_term_string}\"},\"query-input\":{\"@type\":\"PropertyValueSpecification\",\"valueRequired\":true,\"valueName\":\"search_term_string\"}}],\"inLanguage\":\"lv-LV\"},{\"@type\":\"Organization\",\"@id\":\"https:\/\/fashiongold.lt\/lv\/#organization\",\"name\":\"Topdiamonds Online\",\"url\":\"https:\/\/fashiongold.lt\/lv\/\",\"logo\":{\"@type\":\"ImageObject\",\"inLanguage\":\"lv-LV\",\"@id\":\"https:\/\/fashiongold.lt\/lv\/#\/schema\/logo\/image\/\",\"url\":\"https:\/\/fashiongold.lt\/wp-content\/uploads\/2025\/04\/cropped-fashion_gold_logotipas2-scaled-1.png\",\"contentUrl\":\"https:\/\/fashiongold.lt\/wp-content\/uploads\/2025\/04\/cropped-fashion_gold_logotipas2-scaled-1.png\",\"width\":2559,\"height\":421,\"caption\":\"Topdiamonds Online\"},\"image\":{\"@id\":\"https:\/\/fashiongold.lt\/lv\/#\/schema\/logo\/image\/\"}}]}<\/script>\n<!-- \/ Yoast SEO plugin. -->","yoast_head_json":{"title":"Juvelieris: auskari ar ametistu \u2013 ang\u013cu aizdare","description":"Auskari ar ametistu, izgatavoti p\u0113c individu\u0101la projekta. Violets d\u0101rgakmens, ang\u013cu aizdare un augst\u0101k\u0101 juveliera kvalit\u0101te Lietuv\u0101.","robots":{"index":"index","follow":"follow","max-snippet":"max-snippet:-1","max-image-preview":"max-image-preview:large","max-video-preview":"max-video-preview:-1"},"canonical":"https:\/\/fashiongold.lt\/lv\/papuosalas\/ametisti-auskari-ar-ametistiem-un-dimantiem-ai-juvelieris\/","og_locale":"lv_LV","og_type":"article","og_title":"Juvelieris: auskari ar ametistu \u2013 ang\u013cu aizdare","og_description":"Auskari ar ametistu, izgatavoti p\u0113c individu\u0101la projekta. Violets d\u0101rgakmens, ang\u013cu aizdare un augst\u0101k\u0101 juveliera kvalit\u0101te Lietuv\u0101.","og_url":"https:\/\/fashiongold.lt\/lv\/papuosalas\/ametisti-auskari-ar-ametistiem-un-dimantiem-ai-juvelieris\/","og_site_name":"FashionGold.lt","og_image":[{"width":1024,"height":683,"url":"https:\/\/fashiongold.lt\/wp-content\/uploads\/2025\/12\/Auskarai-su-apvaliais-ametistais-centre-aplink-deimantu-apvadas-angliskas-uzsegimas-1024x683.png","type":"image\/png"}],"twitter_card":"summary_large_image","twitter_misc":{"Est. reading time":"5 minutes"},"schema":{"@context":"https:\/\/schema.org","@graph":[{"@type":"WebPage","@id":"https:\/\/fashiongold.lt\/lv\/papuosalas\/ametisti-auskari-ar-ametistiem-un-dimantiem-ai-juvelieris\/","url":"https:\/\/fashiongold.lt\/lv\/papuosalas\/ametisti-auskari-ar-ametistiem-un-dimantiem-ai-juvelieris\/","name":"Juvelieris: auskari ar ametistu \u2013 ang\u013cu aizdare","isPartOf":{"@id":"https:\/\/fashiongold.lt\/lv\/#website"},"primaryImageOfPage":{"@id":"https:\/\/fashiongold.lt\/lv\/papuosalas\/ametisti-auskari-ar-ametistiem-un-dimantiem-ai-juvelieris\/#primaryimage"},"image":{"@id":"https:\/\/fashiongold.lt\/lv\/papuosalas\/ametisti-auskari-ar-ametistiem-un-dimantiem-ai-juvelieris\/#primaryimage"},"thumbnailUrl":"https:\/\/fashiongold.lt\/wp-content\/uploads\/2025\/12\/Auskarai-su-apvaliais-ametistais-centre-aplink-deimantu-apvadas-angliskas-uzsegimas.png","datePublished":"2025-12-27T09:26:43+00:00","description":"Auskari ar ametistu, izgatavoti p\u0113c individu\u0101la projekta. Violets d\u0101rgakmens, ang\u013cu aizdare un augst\u0101k\u0101 juveliera kvalit\u0101te Lietuv\u0101.","breadcrumb":{"@id":"https:\/\/fashiongold.lt\/lv\/papuosalas\/ametisti-auskari-ar-ametistiem-un-dimantiem-ai-juvelieris\/#breadcrumb"},"inLanguage":"lv-LV","potentialAction":[{"@type":"ReadAction","target":["https:\/\/fashiongold.lt\/lv\/papuosalas\/ametisti-auskari-ar-ametistiem-un-dimantiem-ai-juvelieris\/"]}]},{"@type":"ImageObject","inLanguage":"lv-LV","@id":"https:\/\/fashiongold.lt\/lv\/papuosalas\/ametisti-auskari-ar-ametistiem-un-dimantiem-ai-juvelieris\/#primaryimage","url":"https:\/\/fashiongold.lt\/wp-content\/uploads\/2025\/12\/Auskarai-su-apvaliais-ametistais-centre-aplink-deimantu-apvadas-angliskas-uzsegimas.png","contentUrl":"https:\/\/fashiongold.lt\/wp-content\/uploads\/2025\/12\/Auskarai-su-apvaliais-ametistais-centre-aplink-deimantu-apvadas-angliskas-uzsegimas.png","width":1536,"height":1024,"caption":"Auskarai su apvaliais ametistais centre, aplink deimantu\u0328 apvadas, anglis\u030ckas uz\u030csegimas"},{"@type":"BreadcrumbList","@id":"https:\/\/fashiongold.lt\/lv\/papuosalas\/ametisti-auskari-ar-ametistiem-un-dimantiem-ai-juvelieris\/#breadcrumb","itemListElement":[{"@type":"ListItem","position":1,"name":"Home","item":"https:\/\/fashiongold.lt\/lv\/"},{"@type":"ListItem","position":2,"name":"Dimantu veikals Fashiongold.lt","item":"https:\/\/fashiongold.lt\/shop-2\/"},{"@type":"ListItem","position":3,"name":"Ametisti &#8211; Auskari ar ametistiem un dimantiem. AI Juvelieris"}]},{"@type":"WebSite","@id":"https:\/\/fashiongold.lt\/lv\/#website","url":"https:\/\/fashiongold.lt\/lv\/","name":"Fashion Gold","description":"Juvelyrikos namai","publisher":{"@id":"https:\/\/fashiongold.lt\/lv\/#organization"},"potentialAction":[{"@type":"SearchAction","target":{"@type":"EntryPoint","urlTemplate":"https:\/\/fashiongold.lt\/lv\/?s={search_term_string}"},"query-input":{"@type":"PropertyValueSpecification","valueRequired":true,"valueName":"search_term_string"}}],"inLanguage":"lv-LV"},{"@type":"Organization","@id":"https:\/\/fashiongold.lt\/lv\/#organization","name":"Topdiamonds Online","url":"https:\/\/fashiongold.lt\/lv\/","logo":{"@type":"ImageObject","inLanguage":"lv-LV","@id":"https:\/\/fashiongold.lt\/lv\/#\/schema\/logo\/image\/","url":"https:\/\/fashiongold.lt\/wp-content\/uploads\/2025\/04\/cropped-fashion_gold_logotipas2-scaled-1.png","contentUrl":"https:\/\/fashiongold.lt\/wp-content\/uploads\/2025\/04\/cropped-fashion_gold_logotipas2-scaled-1.png","width":2559,"height":421,"caption":"Topdiamonds Online"},"image":{"@id":"https:\/\/fashiongold.lt\/lv\/#\/schema\/logo\/image\/"}}]}},"_links":{"self":[{"href":"https:\/\/fashiongold.lt\/lv\/wp-json\/wp\/v2\/product\/273344","targetHints":{"allow":["GET"]}}],"collection":[{"href":"https:\/\/fashiongold.lt\/lv\/wp-json\/wp\/v2\/product"}],"about":[{"href":"https:\/\/fashiongold.lt\/lv\/wp-json\/wp\/v2\/types\/product"}],"version-history":[{"count":0,"href":"https:\/\/fashiongold.lt\/lv\/wp-json\/wp\/v2\/product\/273344\/revisions"}],"wp:featuredmedia":[{"embeddable":true,"href":"https:\/\/fashiongold.lt\/lv\/wp-json\/wp\/v2\/media\/264935"}],"wp:attachment":[{"href":"https:\/\/fashiongold.lt\/lv\/wp-json\/wp\/v2\/media?parent=273344"}],"wp:term":[{"taxonomy":"product_brand","embeddable":true,"href":"https:\/\/fashiongold.lt\/lv\/wp-json\/wp\/v2\/product_brand?post=273344"},{"taxonomy":"product_cat","embeddable":true,"href":"https:\/\/fashiongold.lt\/lv\/wp-json\/wp\/v2\/product_cat?post=273344"},{"taxonomy":"product_tag","embeddable":true,"href":"https:\/\/fashiongold.lt\/lv\/wp-json\/wp\/v2\/product_tag?post=273344"}],"curies":[{"name":"wp","href":"https:\/\/api.w.org\/{rel}","templated":true}]}}