{"id":273360,"date":"2025-10-24T07:11:16","date_gmt":"2025-10-24T07:11:16","guid":{"rendered":"https:\/\/fashiongold.lt\/papuosalas\/saderinasanas-gredzens-ar-smaragdu-un-dimantiem-smaragds-0-48-ct\/"},"modified":"2025-10-24T07:11:16","modified_gmt":"2025-10-24T07:11:16","slug":"saderinasanas-gredzens-ar-smaragdu-un-dimantiem-smaragds-0-48-ct","status":"publish","type":"product","link":"https:\/\/fashiongold.lt\/lv\/papuosalas\/saderinasanas-gredzens-ar-smaragdu-un-dimantiem-smaragds-0-48-ct\/","title":{"rendered":"Saderin\u0101\u0161an\u0101s gredzens ar smaragdu un dimantiem &#8211; Smaragds (0.48 ct)"},"content":{"rendered":"<h2>Saderin\u0101\u0161an\u0101s gredzens ar smaragdu un dimantiem &#8211; Smaragds (0.48 ct)<\/h2>\n<h3>Moderns saderin\u0101\u0161an\u0101s gredzens ar 0.40 kar\u0101tu ov\u0101las formas smaragdu un dimantiem ab\u0101s pus\u0113s. Dab\u012bgi dimanti. Grav\u0113\u0161ana bez maksas.<\/h3>\n<p>Ra\u017eots Lietuv\u0101. Lieliska izv\u0113le stil\u012bgai sievietei. Smaragda ma\u0123iskais sp\u0113ks \u2013 tas darbojas k\u0101 amulets vai talismans, sniedz \u012bpa\u0161niekam vesel\u012bbu, ener\u0123iju, nes veiksmi biznes\u0101, darb\u0101 un person\u012bgaj\u0101 dz\u012bv\u0113. Smaragds ir piem\u0113rots V\u0113r\u0161iem, Dv\u012b\u0146iem, Lauv\u0101m, V\u0113\u017eiem, Ziv\u012bm, Str\u0113lniekiem.<\/p>\n<p>\u2022 Gredzena met\u0101ls: 14K (585 prove), varam izgatavot no 10K (375 prove), 18K (750 prove)    <\/p>\n<p>\u2022 Gredzena kr\u0101sa: var izv\u0113l\u0113ties balto, dzelteno, sarkano zeltu<\/p>\n<p>\u2022 Gredzena svars (atkar\u012bb\u0101 no izm\u0113ra un proves): aptuveni 2,40 &#8211; 2,80 g          <\/p>\n<p>\u2022 Gredzena izm\u0113ri: kro\u0146a platums &#8211; aptuveni 5.90 mm, st\u012bpi\u0146as platums &#8211; aptuveni 3,00 (izm\u0113ri ir aptuveni un var at\u0161\u0137irties atkar\u012bb\u0101 no gredzena izm\u0113ra)     <\/p>\n<p>\u2022 Gredzena komforta zona: ir       <\/p>\n<p>\u2022 D\u0101rgakmens veids: smaragds<\/p>\n<p>\u2022 D\u0101rgakmens forma: ov\u0101las formas smaragds (Round shape)     <\/p>\n<p>\u2022 D\u0101rgakmens raksturojums: 0.40 ct  (var main\u012bt) <\/p>\n<p>\u2022 Dimanta veids: Dab\u012bgi dimanti       <\/p>\n<p>\u2022 Dimanta forma: apa\u013ca forma  (round shape)       <\/p>\n<p>\u2022 Dimanta raksturojums: 0,08 ct, kr\u0101sa G-H (RW-W); dzidrums SI <\/p>\n<p>\u2022 Sertifik\u0101ts: Lietuvas Provju birojs (LPR)     <\/p>\n<p>\u2022 Grav\u0113\u0161ana bez maksas   <\/p>\n<p>\u2022 Vienreiz\u0113ja bezmaksas gredzena izm\u0113ra mai\u0146as garantija   <\/p>\n<p>\u2022 Izgatavo\u0161anas un pieg\u0101des termi\u0146\u0161 no 14 darba dien\u0101m, steidzam\u012bbas k\u0101rt\u0101 3 d.d. laik\u0101   <\/p>\n<p><strong>Jums ir savs zelts? Sazinieties ar mums, m\u0113s p\u0101rr\u0113\u0137in\u0101sim cenu \u2013 j\u016bs maks\u0101siet tikai par gredzena izgatavo\u0161anu.<\/strong><\/p>\n","protected":false},"excerpt":{"rendered":"<p>Saderin\u0101\u0161an\u0101s gredzens izce\u013cas ar modernu dizainu un \u012bpa\u0161u skaistumu. Centr\u0101 goz\u0113jas 0.40 kar\u0101tu ov\u0101las formas smaragds, kas subtili akcent\u0113 gredzena eleganci. Ab\u0101s smaragda pus\u0113s l\u012bnij\u0101 iestr\u0101d\u0101ti dimanti pie\u0161\u0137ir papildu mirdzumu un grezn\u012bbu. \u0160is unik\u0101lais gredzens lieliski piest\u0101v\u0113s stil\u012bgai sievietei, kura nov\u0113rt\u0113 modernumu un eleganci.<\/p>\n","protected":false},"featured_media":228603,"template":"","meta":{"site-sidebar-layout":"","site-content-layout":"","ast-site-content-layout":"","site-content-style":"","site-sidebar-style":"","ast-global-header-display":"","ast-banner-title-visibility":"","ast-main-header-display":"","ast-hfb-above-header-display":"","ast-hfb-below-header-display":"","ast-hfb-mobile-header-display":"","site-post-title":"","ast-breadcrumbs-content":"","ast-featured-img":"","footer-sml-layout":"","ast-disable-related-posts":"","theme-transparent-header-meta":"","adv-header-id-meta":"","stick-header-meta":"","header-above-stick-meta":"","header-main-stick-meta":"","header-below-stick-meta":"","astra-migrate-meta-layouts":"default","ast-page-background-enabled":"default","ast-page-background-meta":{"desktop":{"background-color":"var(--ast-global-color-4)","background-image":"","background-repeat":"repeat","background-position":"center center","background-size":"auto","background-attachment":"scroll","background-type":"","background-media":"","overlay-type":"","overlay-color":"","overlay-opacity":"","overlay-gradient":""},"tablet":{"background-color":"","background-image":"","background-repeat":"repeat","background-position":"center center","background-size":"auto","background-attachment":"scroll","background-type":"","background-media":"","overlay-type":"","overlay-color":"","overlay-opacity":"","overlay-gradient":""},"mobile":{"background-color":"","background-image":"","background-repeat":"repeat","background-position":"center center","background-size":"auto","background-attachment":"scroll","background-type":"","background-media":"","overlay-type":"","overlay-color":"","overlay-opacity":"","overlay-gradient":""}},"ast-content-background-meta":{"desktop":{"background-color":"var(--ast-global-color-5)","background-image":"","background-repeat":"repeat","background-position":"center center","background-size":"auto","background-attachment":"scroll","background-type":"","background-media":"","overlay-type":"","overlay-color":"","overlay-opacity":"","overlay-gradient":""},"tablet":{"background-color":"var(--ast-global-color-5)","background-image":"","background-repeat":"repeat","background-position":"center center","background-size":"auto","background-attachment":"scroll","background-type":"","background-media":"","overlay-type":"","overlay-color":"","overlay-opacity":"","overlay-gradient":""},"mobile":{"background-color":"var(--ast-global-color-5)","background-image":"","background-repeat":"repeat","background-position":"center center","background-size":"auto","background-attachment":"scroll","background-type":"","background-media":"","overlay-type":"","overlay-color":"","overlay-opacity":"","overlay-gradient":""}}},"product_brand":[],"product_cat":[3441,2915,2921,3403,2916,3442,3439,3440,3438,3443,2936],"product_tag":[],"class_list":{"0":"post-273360","1":"product","2":"type-product","3":"status-publish","4":"has-post-thumbnail","6":"product_cat-balta-zelta-saderinasanas-gredzeni","7":"product_cat-davanas-berna-piedzimsanai","8":"product_cat-davanas-ipasiem-gadijumiem","9":"product_cat-davanas-kazam","10":"product_cat-davanas-kazu-gadadiena","11":"product_cat-dzeltena-zelta-saderinasanas-gredzeni","12":"product_cat-saderinasanas-gredzeni","13":"product_cat-saderinasanas-gredzeni-ar-dargakmeniem","14":"product_cat-saderinasanas-gredzeni-ar-smaragdu","15":"product_cat-sarkana-zelta-saderinasanas-gredzeni","16":"product_cat-valentindienas-davanas","17":"desktop-align-center","18":"tablet-align-left","19":"mobile-align-left","20":"ast-product-gallery-layout-horizontal-slider","21":"ast-product-gallery-with-no-image","22":"ast-product-single-variable","23":"ast-product-tabs-layout-accordion","24":"ast-qv-on-image","26":"first","27":"instock","28":"taxable","29":"shipping-taxable","30":"purchasable","31":"product-type-variable"},"yoast_head":"<!-- This site is optimized with the Yoast SEO plugin v26.6 - https:\/\/yoast.com\/wordpress\/plugins\/seo\/ -->\n<title>Saderin\u0101\u0161an\u0101s gredzens ar smaragdu un dimantiem (0.48 ct)<\/title>\n<meta name=\"description\" content=\"Moderna saderin\u0101\u0161an\u0101s gredzens ar 0,40 kar\u0101tu ov\u0101las formas smaragdu un dimantiem ab\u0101s pus\u0113s. Dab\u012bgi dimanti. Ekskluz\u012bvs gredzens \u2013 stil\u012bgai sievietei.\" \/>\n<meta name=\"robots\" content=\"index, follow, max-snippet:-1, max-image-preview:large, max-video-preview:-1\" \/>\n<link rel=\"canonical\" href=\"https:\/\/fashiongold.lt\/lv\/papuosalas\/saderinasanas-gredzens-ar-smaragdu-un-dimantiem-smaragds-0-48-ct\/\" \/>\n<meta property=\"og:locale\" content=\"lv_LV\" \/>\n<meta property=\"og:type\" content=\"article\" \/>\n<meta property=\"og:title\" content=\"Saderin\u0101\u0161an\u0101s gredzens ar smaragdu un dimantiem (0.48 ct)\" \/>\n<meta property=\"og:description\" content=\"Moderna saderin\u0101\u0161an\u0101s gredzens ar 0,40 kar\u0101tu ov\u0101las formas smaragdu un dimantiem ab\u0101s pus\u0113s. Dab\u012bgi dimanti. Ekskluz\u012bvs gredzens \u2013 stil\u012bgai sievietei.\" \/>\n<meta property=\"og:url\" content=\"https:\/\/fashiongold.lt\/lv\/papuosalas\/saderinasanas-gredzens-ar-smaragdu-un-dimantiem-smaragds-0-48-ct\/\" \/>\n<meta property=\"og:site_name\" content=\"FashionGold.lt\" \/>\n<meta property=\"og:image\" content=\"https:\/\/fashiongold.lt\/wp-content\/uploads\/2025\/10\/25442-ec3-Balto-aukso-suzadetuviu-ziedas-su-smaragdu-ir-deimantais-Smaragdas-0.48-ct.webp\" \/>\n\t<meta property=\"og:image:width\" content=\"1000\" \/>\n\t<meta property=\"og:image:height\" content=\"1000\" \/>\n\t<meta property=\"og:image:type\" content=\"image\/png\" \/>\n<meta name=\"twitter:card\" content=\"summary_large_image\" \/>\n<meta name=\"twitter:label1\" content=\"Est. reading time\" \/>\n\t<meta name=\"twitter:data1\" content=\"1 minute\" \/>\n<script type=\"application\/ld+json\" class=\"yoast-schema-graph\">{\"@context\":\"https:\/\/schema.org\",\"@graph\":[{\"@type\":\"WebPage\",\"@id\":\"https:\/\/fashiongold.lt\/lv\/papuosalas\/saderinasanas-gredzens-ar-smaragdu-un-dimantiem-smaragds-0-48-ct\/\",\"url\":\"https:\/\/fashiongold.lt\/lv\/papuosalas\/saderinasanas-gredzens-ar-smaragdu-un-dimantiem-smaragds-0-48-ct\/\",\"name\":\"Saderin\u0101\u0161an\u0101s gredzens ar smaragdu un dimantiem (0.48 ct)\",\"isPartOf\":{\"@id\":\"https:\/\/fashiongold.lt\/lv\/#website\"},\"primaryImageOfPage\":{\"@id\":\"https:\/\/fashiongold.lt\/lv\/papuosalas\/saderinasanas-gredzens-ar-smaragdu-un-dimantiem-smaragds-0-48-ct\/#primaryimage\"},\"image\":{\"@id\":\"https:\/\/fashiongold.lt\/lv\/papuosalas\/saderinasanas-gredzens-ar-smaragdu-un-dimantiem-smaragds-0-48-ct\/#primaryimage\"},\"thumbnailUrl\":\"https:\/\/fashiongold.lt\/wp-content\/uploads\/2025\/10\/25442-ec3-Balto-aukso-suzadetuviu-ziedas-su-smaragdu-ir-deimantais-Smaragdas-0.48-ct.png\",\"datePublished\":\"2025-10-24T07:11:16+00:00\",\"description\":\"Moderna saderin\u0101\u0161an\u0101s gredzens ar 0,40 kar\u0101tu ov\u0101las formas smaragdu un dimantiem ab\u0101s pus\u0113s. Dab\u012bgi dimanti. Ekskluz\u012bvs gredzens \u2013 stil\u012bgai sievietei.\",\"breadcrumb\":{\"@id\":\"https:\/\/fashiongold.lt\/lv\/papuosalas\/saderinasanas-gredzens-ar-smaragdu-un-dimantiem-smaragds-0-48-ct\/#breadcrumb\"},\"inLanguage\":\"lv-LV\",\"potentialAction\":[{\"@type\":\"ReadAction\",\"target\":[\"https:\/\/fashiongold.lt\/lv\/papuosalas\/saderinasanas-gredzens-ar-smaragdu-un-dimantiem-smaragds-0-48-ct\/\"]}]},{\"@type\":\"ImageObject\",\"inLanguage\":\"lv-LV\",\"@id\":\"https:\/\/fashiongold.lt\/lv\/papuosalas\/saderinasanas-gredzens-ar-smaragdu-un-dimantiem-smaragds-0-48-ct\/#primaryimage\",\"url\":\"https:\/\/fashiongold.lt\/wp-content\/uploads\/2025\/10\/25442-ec3-Balto-aukso-suzadetuviu-ziedas-su-smaragdu-ir-deimantais-Smaragdas-0.48-ct.png\",\"contentUrl\":\"https:\/\/fashiongold.lt\/wp-content\/uploads\/2025\/10\/25442-ec3-Balto-aukso-suzadetuviu-ziedas-su-smaragdu-ir-deimantais-Smaragdas-0.48-ct.png\",\"width\":1000,\"height\":1000},{\"@type\":\"BreadcrumbList\",\"@id\":\"https:\/\/fashiongold.lt\/lv\/papuosalas\/saderinasanas-gredzens-ar-smaragdu-un-dimantiem-smaragds-0-48-ct\/#breadcrumb\",\"itemListElement\":[{\"@type\":\"ListItem\",\"position\":1,\"name\":\"Home\",\"item\":\"https:\/\/fashiongold.lt\/lv\/\"},{\"@type\":\"ListItem\",\"position\":2,\"name\":\"Dimantu veikals Fashiongold.lt\",\"item\":\"https:\/\/fashiongold.lt\/shop-2\/\"},{\"@type\":\"ListItem\",\"position\":3,\"name\":\"Saderin\u0101\u0161an\u0101s gredzens ar smaragdu un dimantiem &#8211; Smaragds (0.48 ct)\"}]},{\"@type\":\"WebSite\",\"@id\":\"https:\/\/fashiongold.lt\/lv\/#website\",\"url\":\"https:\/\/fashiongold.lt\/lv\/\",\"name\":\"Fashion Gold\",\"description\":\"Juvelyrikos namai\",\"publisher\":{\"@id\":\"https:\/\/fashiongold.lt\/lv\/#organization\"},\"potentialAction\":[{\"@type\":\"SearchAction\",\"target\":{\"@type\":\"EntryPoint\",\"urlTemplate\":\"https:\/\/fashiongold.lt\/lv\/?s={search_term_string}\"},\"query-input\":{\"@type\":\"PropertyValueSpecification\",\"valueRequired\":true,\"valueName\":\"search_term_string\"}}],\"inLanguage\":\"lv-LV\"},{\"@type\":\"Organization\",\"@id\":\"https:\/\/fashiongold.lt\/lv\/#organization\",\"name\":\"Topdiamonds Online\",\"url\":\"https:\/\/fashiongold.lt\/lv\/\",\"logo\":{\"@type\":\"ImageObject\",\"inLanguage\":\"lv-LV\",\"@id\":\"https:\/\/fashiongold.lt\/lv\/#\/schema\/logo\/image\/\",\"url\":\"https:\/\/fashiongold.lt\/wp-content\/uploads\/2025\/04\/cropped-fashion_gold_logotipas2-scaled-1.png\",\"contentUrl\":\"https:\/\/fashiongold.lt\/wp-content\/uploads\/2025\/04\/cropped-fashion_gold_logotipas2-scaled-1.png\",\"width\":2559,\"height\":421,\"caption\":\"Topdiamonds Online\"},\"image\":{\"@id\":\"https:\/\/fashiongold.lt\/lv\/#\/schema\/logo\/image\/\"}}]}<\/script>\n<!-- \/ Yoast SEO plugin. -->","yoast_head_json":{"title":"Saderin\u0101\u0161an\u0101s gredzens ar smaragdu un dimantiem (0.48 ct)","description":"Moderna saderin\u0101\u0161an\u0101s gredzens ar 0,40 kar\u0101tu ov\u0101las formas smaragdu un dimantiem ab\u0101s pus\u0113s. Dab\u012bgi dimanti. Ekskluz\u012bvs gredzens \u2013 stil\u012bgai sievietei.","robots":{"index":"index","follow":"follow","max-snippet":"max-snippet:-1","max-image-preview":"max-image-preview:large","max-video-preview":"max-video-preview:-1"},"canonical":"https:\/\/fashiongold.lt\/lv\/papuosalas\/saderinasanas-gredzens-ar-smaragdu-un-dimantiem-smaragds-0-48-ct\/","og_locale":"lv_LV","og_type":"article","og_title":"Saderin\u0101\u0161an\u0101s gredzens ar smaragdu un dimantiem (0.48 ct)","og_description":"Moderna saderin\u0101\u0161an\u0101s gredzens ar 0,40 kar\u0101tu ov\u0101las formas smaragdu un dimantiem ab\u0101s pus\u0113s. Dab\u012bgi dimanti. Ekskluz\u012bvs gredzens \u2013 stil\u012bgai sievietei.","og_url":"https:\/\/fashiongold.lt\/lv\/papuosalas\/saderinasanas-gredzens-ar-smaragdu-un-dimantiem-smaragds-0-48-ct\/","og_site_name":"FashionGold.lt","og_image":[{"width":1000,"height":1000,"url":"https:\/\/fashiongold.lt\/wp-content\/uploads\/2025\/10\/25442-ec3-Balto-aukso-suzadetuviu-ziedas-su-smaragdu-ir-deimantais-Smaragdas-0.48-ct.webp","type":"image\/png"}],"twitter_card":"summary_large_image","twitter_misc":{"Est. reading time":"1 minute"},"schema":{"@context":"https:\/\/schema.org","@graph":[{"@type":"WebPage","@id":"https:\/\/fashiongold.lt\/lv\/papuosalas\/saderinasanas-gredzens-ar-smaragdu-un-dimantiem-smaragds-0-48-ct\/","url":"https:\/\/fashiongold.lt\/lv\/papuosalas\/saderinasanas-gredzens-ar-smaragdu-un-dimantiem-smaragds-0-48-ct\/","name":"Saderin\u0101\u0161an\u0101s gredzens ar smaragdu un dimantiem (0.48 ct)","isPartOf":{"@id":"https:\/\/fashiongold.lt\/lv\/#website"},"primaryImageOfPage":{"@id":"https:\/\/fashiongold.lt\/lv\/papuosalas\/saderinasanas-gredzens-ar-smaragdu-un-dimantiem-smaragds-0-48-ct\/#primaryimage"},"image":{"@id":"https:\/\/fashiongold.lt\/lv\/papuosalas\/saderinasanas-gredzens-ar-smaragdu-un-dimantiem-smaragds-0-48-ct\/#primaryimage"},"thumbnailUrl":"https:\/\/fashiongold.lt\/wp-content\/uploads\/2025\/10\/25442-ec3-Balto-aukso-suzadetuviu-ziedas-su-smaragdu-ir-deimantais-Smaragdas-0.48-ct.png","datePublished":"2025-10-24T07:11:16+00:00","description":"Moderna saderin\u0101\u0161an\u0101s gredzens ar 0,40 kar\u0101tu ov\u0101las formas smaragdu un dimantiem ab\u0101s pus\u0113s. Dab\u012bgi dimanti. Ekskluz\u012bvs gredzens \u2013 stil\u012bgai sievietei.","breadcrumb":{"@id":"https:\/\/fashiongold.lt\/lv\/papuosalas\/saderinasanas-gredzens-ar-smaragdu-un-dimantiem-smaragds-0-48-ct\/#breadcrumb"},"inLanguage":"lv-LV","potentialAction":[{"@type":"ReadAction","target":["https:\/\/fashiongold.lt\/lv\/papuosalas\/saderinasanas-gredzens-ar-smaragdu-un-dimantiem-smaragds-0-48-ct\/"]}]},{"@type":"ImageObject","inLanguage":"lv-LV","@id":"https:\/\/fashiongold.lt\/lv\/papuosalas\/saderinasanas-gredzens-ar-smaragdu-un-dimantiem-smaragds-0-48-ct\/#primaryimage","url":"https:\/\/fashiongold.lt\/wp-content\/uploads\/2025\/10\/25442-ec3-Balto-aukso-suzadetuviu-ziedas-su-smaragdu-ir-deimantais-Smaragdas-0.48-ct.png","contentUrl":"https:\/\/fashiongold.lt\/wp-content\/uploads\/2025\/10\/25442-ec3-Balto-aukso-suzadetuviu-ziedas-su-smaragdu-ir-deimantais-Smaragdas-0.48-ct.png","width":1000,"height":1000},{"@type":"BreadcrumbList","@id":"https:\/\/fashiongold.lt\/lv\/papuosalas\/saderinasanas-gredzens-ar-smaragdu-un-dimantiem-smaragds-0-48-ct\/#breadcrumb","itemListElement":[{"@type":"ListItem","position":1,"name":"Home","item":"https:\/\/fashiongold.lt\/lv\/"},{"@type":"ListItem","position":2,"name":"Dimantu veikals Fashiongold.lt","item":"https:\/\/fashiongold.lt\/shop-2\/"},{"@type":"ListItem","position":3,"name":"Saderin\u0101\u0161an\u0101s gredzens ar smaragdu un dimantiem &#8211; Smaragds (0.48 ct)"}]},{"@type":"WebSite","@id":"https:\/\/fashiongold.lt\/lv\/#website","url":"https:\/\/fashiongold.lt\/lv\/","name":"Fashion Gold","description":"Juvelyrikos namai","publisher":{"@id":"https:\/\/fashiongold.lt\/lv\/#organization"},"potentialAction":[{"@type":"SearchAction","target":{"@type":"EntryPoint","urlTemplate":"https:\/\/fashiongold.lt\/lv\/?s={search_term_string}"},"query-input":{"@type":"PropertyValueSpecification","valueRequired":true,"valueName":"search_term_string"}}],"inLanguage":"lv-LV"},{"@type":"Organization","@id":"https:\/\/fashiongold.lt\/lv\/#organization","name":"Topdiamonds Online","url":"https:\/\/fashiongold.lt\/lv\/","logo":{"@type":"ImageObject","inLanguage":"lv-LV","@id":"https:\/\/fashiongold.lt\/lv\/#\/schema\/logo\/image\/","url":"https:\/\/fashiongold.lt\/wp-content\/uploads\/2025\/04\/cropped-fashion_gold_logotipas2-scaled-1.png","contentUrl":"https:\/\/fashiongold.lt\/wp-content\/uploads\/2025\/04\/cropped-fashion_gold_logotipas2-scaled-1.png","width":2559,"height":421,"caption":"Topdiamonds Online"},"image":{"@id":"https:\/\/fashiongold.lt\/lv\/#\/schema\/logo\/image\/"}}]}},"_links":{"self":[{"href":"https:\/\/fashiongold.lt\/lv\/wp-json\/wp\/v2\/product\/273360","targetHints":{"allow":["GET"]}}],"collection":[{"href":"https:\/\/fashiongold.lt\/lv\/wp-json\/wp\/v2\/product"}],"about":[{"href":"https:\/\/fashiongold.lt\/lv\/wp-json\/wp\/v2\/types\/product"}],"version-history":[{"count":0,"href":"https:\/\/fashiongold.lt\/lv\/wp-json\/wp\/v2\/product\/273360\/revisions"}],"wp:featuredmedia":[{"embeddable":true,"href":"https:\/\/fashiongold.lt\/lv\/wp-json\/wp\/v2\/media\/228603"}],"wp:attachment":[{"href":"https:\/\/fashiongold.lt\/lv\/wp-json\/wp\/v2\/media?parent=273360"}],"wp:term":[{"taxonomy":"product_brand","embeddable":true,"href":"https:\/\/fashiongold.lt\/lv\/wp-json\/wp\/v2\/product_brand?post=273360"},{"taxonomy":"product_cat","embeddable":true,"href":"https:\/\/fashiongold.lt\/lv\/wp-json\/wp\/v2\/product_cat?post=273360"},{"taxonomy":"product_tag","embeddable":true,"href":"https:\/\/fashiongold.lt\/lv\/wp-json\/wp\/v2\/product_tag?post=273360"}],"curies":[{"name":"wp","href":"https:\/\/api.w.org\/{rel}","templated":true}]}}