{"id":273372,"date":"2025-10-24T04:14:05","date_gmt":"2025-10-24T04:14:05","guid":{"rendered":"https:\/\/fashiongold.lt\/papuosalas\/halo-saderinasanas-gredzens-ar-dimantiem-brilliance-022-ct\/"},"modified":"2025-10-24T04:14:05","modified_gmt":"2025-10-24T04:14:05","slug":"halo-saderinasanas-gredzens-ar-dimantiem-brilliance-022-ct","status":"publish","type":"product","link":"https:\/\/fashiongold.lt\/lv\/papuosalas\/halo-saderinasanas-gredzens-ar-dimantiem-brilliance-022-ct\/","title":{"rendered":"Halo saderin\u0101\u0161an\u0101s gredzens ar dimantiem &#8211; Brilliance (0,22 ct)"},"content":{"rendered":"<h2>Saderin\u0101\u0161an\u0101s gredzens ar dimantiem &#8211; Brilliance (0,22 ct)<\/h2>\n<h3><span style=\"font-size: 11px;\">Halo dizaina saderin\u0101\u0161an\u0101s gredzens ar dimantiem 0,22 kar\u0101ti<\/span>. Maksim\u0101ls komforts. Dab\u012bgi dimanti. <\/h3>\n<p>Izgatavots Lietuv\u0101, iev\u0113rojot augst\u0101kos standartus. Gredzens var tikt izgatavots p\u0113c pas\u016bt\u012bjuma: par papildu samaksu ar augst\u0101kas kvalit\u0101tes dimantu vai dimantiem.<\/p>\n<p>\u2022 Grav\u0113\u0161ana bez maksas<\/p>\n<p>\u2022 Vienreiz\u0113ja bezmaksas gredzena izm\u0113ra mai\u0146as garantija (p\u0113c iesp\u0113jas)   <\/p>\n<p>\u2022 Gredzena met\u0101ls: 14K (585 prove), varam izgatavot no 10K (375 prove), 18K (750 prove), 950 plat\u012bna       <\/p>\n<p>\u2022 Gredzena kr\u0101sa: balta, sarkana, dzeltena <\/p>\n<p>\u2022 Gredzena svars (atkar\u012bgs no izm\u0113ra): aptuveni 2,50 &#8211; 2,90 g           <\/p>\n<p>\u2022 Gredzena izm\u0113ri: kro\u0146a platums &#8211; aptuveni 6,70 mm, st\u012bpi\u0146as platums &#8211; aptuveni 2,50 (izm\u0113ri ir aptuveni un var at\u0161\u0137irties atkar\u012bb\u0101 no gredzena izm\u0113ra)  <\/p>\n<p>\u2022 Gredzena komforta zona: ir     <\/p>\n<p>\u2022 Dimanta veids: Dab\u012bgs dimants  <\/p>\n<p>\u2022 Dimanta forma: Apa\u013ca forma (Round cut)       <\/p>\n<p>\u2022 Dimanta raksturojums: 0.22 ct dimanti (kr\u0101sa H, dzidrums SI2) (var main\u012bt)       <\/p>\n<p>\u2022 Sertifik\u0101ts: Lietuvas Provju pal\u0101ta (LPR)<\/p>\n<p>\u2022 Izgatavo\u0161anas un pieg\u0101des termi\u0146\u0161 no 14 darba dien\u0101m, steidzam\u012bbas k\u0101rt\u0101 7 d.d. laik\u0101   <\/p>\n<p><strong>Jums ir savs d\u0101rgakmens? Sazinieties ar mums, m\u0113s p\u0101rr\u0113\u0137in\u0101sim cenu \u2013 maks\u0101siet tikai par gredzenu izgatavo\u0161anu.<\/strong><\/p>\n","protected":false},"excerpt":{"rendered":"<p>Halo dizaina saderin\u0101\u0161an\u0101s gredzens ar dimantiem 0,22 kar\u0101ti. Klasiska st\u012bpi\u0146a un halo formas kro\u0146a dizains rada optisku il\u016bziju, kas pal\u012bdz vizu\u0101li palielin\u0101t centr\u0101lo dabisko dimantu. Lieliski piem\u0113rots saderin\u0101\u0161an\u0101s br\u012bdim un \u012bpa\u0161iem gad\u012bjumiem. Maksim\u0101ls komforts.<\/p>\n","protected":false},"featured_media":224420,"template":"","meta":{"site-sidebar-layout":"","site-content-layout":"","ast-site-content-layout":"","site-content-style":"","site-sidebar-style":"","ast-global-header-display":"","ast-banner-title-visibility":"","ast-main-header-display":"","ast-hfb-above-header-display":"","ast-hfb-below-header-display":"","ast-hfb-mobile-header-display":"","site-post-title":"","ast-breadcrumbs-content":"","ast-featured-img":"","footer-sml-layout":"","ast-disable-related-posts":"","theme-transparent-header-meta":"","adv-header-id-meta":"","stick-header-meta":"","header-above-stick-meta":"","header-main-stick-meta":"","header-below-stick-meta":"","astra-migrate-meta-layouts":"default","ast-page-background-enabled":"default","ast-page-background-meta":{"desktop":{"background-color":"var(--ast-global-color-4)","background-image":"","background-repeat":"repeat","background-position":"center center","background-size":"auto","background-attachment":"scroll","background-type":"","background-media":"","overlay-type":"","overlay-color":"","overlay-opacity":"","overlay-gradient":""},"tablet":{"background-color":"","background-image":"","background-repeat":"repeat","background-position":"center center","background-size":"auto","background-attachment":"scroll","background-type":"","background-media":"","overlay-type":"","overlay-color":"","overlay-opacity":"","overlay-gradient":""},"mobile":{"background-color":"","background-image":"","background-repeat":"repeat","background-position":"center center","background-size":"auto","background-attachment":"scroll","background-type":"","background-media":"","overlay-type":"","overlay-color":"","overlay-opacity":"","overlay-gradient":""}},"ast-content-background-meta":{"desktop":{"background-color":"var(--ast-global-color-5)","background-image":"","background-repeat":"repeat","background-position":"center center","background-size":"auto","background-attachment":"scroll","background-type":"","background-media":"","overlay-type":"","overlay-color":"","overlay-opacity":"","overlay-gradient":""},"tablet":{"background-color":"var(--ast-global-color-5)","background-image":"","background-repeat":"repeat","background-position":"center center","background-size":"auto","background-attachment":"scroll","background-type":"","background-media":"","overlay-type":"","overlay-color":"","overlay-opacity":"","overlay-gradient":""},"mobile":{"background-color":"var(--ast-global-color-5)","background-image":"","background-repeat":"repeat","background-position":"center center","background-size":"auto","background-attachment":"scroll","background-type":"","background-media":"","overlay-type":"","overlay-color":"","overlay-opacity":"","overlay-gradient":""}}},"product_brand":[],"product_cat":[3441,2919,2915,2921,2914,3442,3453,2997,3042,3439,3443,3447,2936],"product_tag":[],"class_list":{"0":"post-273372","1":"product","2":"type-product","3":"status-publish","4":"has-post-thumbnail","6":"product_cat-balta-zelta-saderinasanas-gredzeni","7":"product_cat-baltzelta-rotaslietas","8":"product_cat-davanas-berna-piedzimsanai","9":"product_cat-davanas-ipasiem-gadijumiem","10":"product_cat-davanas-sievietem","11":"product_cat-dzeltena-zelta-saderinasanas-gredzeni","12":"product_cat-gredzeni-ar-dimantiem","13":"product_cat-halo-formas-saderinasanas-gredzeni","14":"product_cat-juvelierizstradajumi","15":"product_cat-saderinasanas-gredzeni","16":"product_cat-sarkana-zelta-saderinasanas-gredzeni","17":"product_cat-top-saderinasanas-gredzeni","18":"product_cat-valentindienas-davanas","19":"desktop-align-center","20":"tablet-align-left","21":"mobile-align-left","22":"ast-product-gallery-layout-horizontal-slider","23":"ast-product-gallery-with-no-image","24":"ast-product-single-variable","25":"ast-product-tabs-layout-accordion","26":"ast-qv-on-image","28":"first","29":"instock","30":"taxable","31":"shipping-taxable","32":"purchasable","33":"product-type-variable"},"yoast_head":"<!-- This site is optimized with the Yoast SEO plugin v26.6 - https:\/\/yoast.com\/wordpress\/plugins\/seo\/ -->\n<title>Halo saderin\u0101\u0161an\u0101s gredzens ar dimantiem - Brilliance (0,22 ct)<\/title>\n<meta name=\"description\" content=\"Dimanti 0,22 ct, salikti kop\u0101 apa\u013c\u0101 form\u0101, rada viena liel\u0101ka dimanta efektu. Maksim\u0101ls komforts. Lieliski piem\u0113rots saderin\u0101\u0161an\u0101s gad\u012bjumiem un \u012bpa\u0161iem mirk\u013ciem.\" \/>\n<meta name=\"robots\" content=\"index, follow, max-snippet:-1, max-image-preview:large, max-video-preview:-1\" \/>\n<link rel=\"canonical\" href=\"https:\/\/fashiongold.lt\/lv\/papuosalas\/halo-saderinasanas-gredzens-ar-dimantiem-brilliance-022-ct\/\" \/>\n<meta property=\"og:locale\" content=\"lv_LV\" \/>\n<meta property=\"og:type\" content=\"article\" \/>\n<meta property=\"og:title\" content=\"Halo saderin\u0101\u0161an\u0101s gredzens ar dimantiem - Brilliance (0,22 ct)\" \/>\n<meta property=\"og:description\" content=\"Dimanti 0,22 ct, salikti kop\u0101 apa\u013c\u0101 form\u0101, rada viena liel\u0101ka dimanta efektu. Maksim\u0101ls komforts. Lieliski piem\u0113rots saderin\u0101\u0161an\u0101s gad\u012bjumiem un \u012bpa\u0161iem mirk\u013ciem.\" \/>\n<meta property=\"og:url\" content=\"https:\/\/fashiongold.lt\/lv\/papuosalas\/halo-saderinasanas-gredzens-ar-dimantiem-brilliance-022-ct\/\" \/>\n<meta property=\"og:site_name\" content=\"FashionGold.lt\" \/>\n<meta property=\"og:image\" content=\"https:\/\/fashiongold.lt\/wp-content\/uploads\/2025\/10\/23483-9cf-Balto-aukso-Halo-suzadetuviu-ziedas-su-deimantais-Brilliance-022-ct.webp\" \/>\n\t<meta property=\"og:image:width\" content=\"1000\" \/>\n\t<meta property=\"og:image:height\" content=\"1000\" \/>\n\t<meta property=\"og:image:type\" content=\"image\/png\" \/>\n<meta name=\"twitter:card\" content=\"summary_large_image\" \/>\n<meta name=\"twitter:label1\" content=\"Est. reading time\" \/>\n\t<meta name=\"twitter:data1\" content=\"1 minute\" \/>\n<script type=\"application\/ld+json\" class=\"yoast-schema-graph\">{\"@context\":\"https:\/\/schema.org\",\"@graph\":[{\"@type\":\"WebPage\",\"@id\":\"https:\/\/fashiongold.lt\/lv\/papuosalas\/halo-saderinasanas-gredzens-ar-dimantiem-brilliance-022-ct\/\",\"url\":\"https:\/\/fashiongold.lt\/lv\/papuosalas\/halo-saderinasanas-gredzens-ar-dimantiem-brilliance-022-ct\/\",\"name\":\"Halo saderin\u0101\u0161an\u0101s gredzens ar dimantiem - Brilliance (0,22 ct)\",\"isPartOf\":{\"@id\":\"https:\/\/fashiongold.lt\/lv\/#website\"},\"primaryImageOfPage\":{\"@id\":\"https:\/\/fashiongold.lt\/lv\/papuosalas\/halo-saderinasanas-gredzens-ar-dimantiem-brilliance-022-ct\/#primaryimage\"},\"image\":{\"@id\":\"https:\/\/fashiongold.lt\/lv\/papuosalas\/halo-saderinasanas-gredzens-ar-dimantiem-brilliance-022-ct\/#primaryimage\"},\"thumbnailUrl\":\"https:\/\/fashiongold.lt\/wp-content\/uploads\/2025\/10\/23483-9cf-Balto-aukso-Halo-suzadetuviu-ziedas-su-deimantais-Brilliance-022-ct.png\",\"datePublished\":\"2025-10-24T04:14:05+00:00\",\"description\":\"Dimanti 0,22 ct, salikti kop\u0101 apa\u013c\u0101 form\u0101, rada viena liel\u0101ka dimanta efektu. Maksim\u0101ls komforts. Lieliski piem\u0113rots saderin\u0101\u0161an\u0101s gad\u012bjumiem un \u012bpa\u0161iem mirk\u013ciem.\",\"breadcrumb\":{\"@id\":\"https:\/\/fashiongold.lt\/lv\/papuosalas\/halo-saderinasanas-gredzens-ar-dimantiem-brilliance-022-ct\/#breadcrumb\"},\"inLanguage\":\"lv-LV\",\"potentialAction\":[{\"@type\":\"ReadAction\",\"target\":[\"https:\/\/fashiongold.lt\/lv\/papuosalas\/halo-saderinasanas-gredzens-ar-dimantiem-brilliance-022-ct\/\"]}]},{\"@type\":\"ImageObject\",\"inLanguage\":\"lv-LV\",\"@id\":\"https:\/\/fashiongold.lt\/lv\/papuosalas\/halo-saderinasanas-gredzens-ar-dimantiem-brilliance-022-ct\/#primaryimage\",\"url\":\"https:\/\/fashiongold.lt\/wp-content\/uploads\/2025\/10\/23483-9cf-Balto-aukso-Halo-suzadetuviu-ziedas-su-deimantais-Brilliance-022-ct.png\",\"contentUrl\":\"https:\/\/fashiongold.lt\/wp-content\/uploads\/2025\/10\/23483-9cf-Balto-aukso-Halo-suzadetuviu-ziedas-su-deimantais-Brilliance-022-ct.png\",\"width\":1000,\"height\":1000},{\"@type\":\"BreadcrumbList\",\"@id\":\"https:\/\/fashiongold.lt\/lv\/papuosalas\/halo-saderinasanas-gredzens-ar-dimantiem-brilliance-022-ct\/#breadcrumb\",\"itemListElement\":[{\"@type\":\"ListItem\",\"position\":1,\"name\":\"Home\",\"item\":\"https:\/\/fashiongold.lt\/lv\/\"},{\"@type\":\"ListItem\",\"position\":2,\"name\":\"Dimantu veikals Fashiongold.lt\",\"item\":\"https:\/\/fashiongold.lt\/shop-2\/\"},{\"@type\":\"ListItem\",\"position\":3,\"name\":\"Halo saderin\u0101\u0161an\u0101s gredzens ar dimantiem &#8211; Brilliance (0,22 ct)\"}]},{\"@type\":\"WebSite\",\"@id\":\"https:\/\/fashiongold.lt\/lv\/#website\",\"url\":\"https:\/\/fashiongold.lt\/lv\/\",\"name\":\"Fashion Gold\",\"description\":\"Juvelyrikos namai\",\"publisher\":{\"@id\":\"https:\/\/fashiongold.lt\/lv\/#organization\"},\"potentialAction\":[{\"@type\":\"SearchAction\",\"target\":{\"@type\":\"EntryPoint\",\"urlTemplate\":\"https:\/\/fashiongold.lt\/lv\/?s={search_term_string}\"},\"query-input\":{\"@type\":\"PropertyValueSpecification\",\"valueRequired\":true,\"valueName\":\"search_term_string\"}}],\"inLanguage\":\"lv-LV\"},{\"@type\":\"Organization\",\"@id\":\"https:\/\/fashiongold.lt\/lv\/#organization\",\"name\":\"Topdiamonds Online\",\"url\":\"https:\/\/fashiongold.lt\/lv\/\",\"logo\":{\"@type\":\"ImageObject\",\"inLanguage\":\"lv-LV\",\"@id\":\"https:\/\/fashiongold.lt\/lv\/#\/schema\/logo\/image\/\",\"url\":\"https:\/\/fashiongold.lt\/wp-content\/uploads\/2025\/04\/cropped-fashion_gold_logotipas2-scaled-1.png\",\"contentUrl\":\"https:\/\/fashiongold.lt\/wp-content\/uploads\/2025\/04\/cropped-fashion_gold_logotipas2-scaled-1.png\",\"width\":2559,\"height\":421,\"caption\":\"Topdiamonds Online\"},\"image\":{\"@id\":\"https:\/\/fashiongold.lt\/lv\/#\/schema\/logo\/image\/\"}}]}<\/script>\n<!-- \/ Yoast SEO plugin. -->","yoast_head_json":{"title":"Halo saderin\u0101\u0161an\u0101s gredzens ar dimantiem - Brilliance (0,22 ct)","description":"Dimanti 0,22 ct, salikti kop\u0101 apa\u013c\u0101 form\u0101, rada viena liel\u0101ka dimanta efektu. Maksim\u0101ls komforts. Lieliski piem\u0113rots saderin\u0101\u0161an\u0101s gad\u012bjumiem un \u012bpa\u0161iem mirk\u013ciem.","robots":{"index":"index","follow":"follow","max-snippet":"max-snippet:-1","max-image-preview":"max-image-preview:large","max-video-preview":"max-video-preview:-1"},"canonical":"https:\/\/fashiongold.lt\/lv\/papuosalas\/halo-saderinasanas-gredzens-ar-dimantiem-brilliance-022-ct\/","og_locale":"lv_LV","og_type":"article","og_title":"Halo saderin\u0101\u0161an\u0101s gredzens ar dimantiem - Brilliance (0,22 ct)","og_description":"Dimanti 0,22 ct, salikti kop\u0101 apa\u013c\u0101 form\u0101, rada viena liel\u0101ka dimanta efektu. Maksim\u0101ls komforts. Lieliski piem\u0113rots saderin\u0101\u0161an\u0101s gad\u012bjumiem un \u012bpa\u0161iem mirk\u013ciem.","og_url":"https:\/\/fashiongold.lt\/lv\/papuosalas\/halo-saderinasanas-gredzens-ar-dimantiem-brilliance-022-ct\/","og_site_name":"FashionGold.lt","og_image":[{"width":1000,"height":1000,"url":"https:\/\/fashiongold.lt\/wp-content\/uploads\/2025\/10\/23483-9cf-Balto-aukso-Halo-suzadetuviu-ziedas-su-deimantais-Brilliance-022-ct.webp","type":"image\/png"}],"twitter_card":"summary_large_image","twitter_misc":{"Est. reading time":"1 minute"},"schema":{"@context":"https:\/\/schema.org","@graph":[{"@type":"WebPage","@id":"https:\/\/fashiongold.lt\/lv\/papuosalas\/halo-saderinasanas-gredzens-ar-dimantiem-brilliance-022-ct\/","url":"https:\/\/fashiongold.lt\/lv\/papuosalas\/halo-saderinasanas-gredzens-ar-dimantiem-brilliance-022-ct\/","name":"Halo saderin\u0101\u0161an\u0101s gredzens ar dimantiem - Brilliance (0,22 ct)","isPartOf":{"@id":"https:\/\/fashiongold.lt\/lv\/#website"},"primaryImageOfPage":{"@id":"https:\/\/fashiongold.lt\/lv\/papuosalas\/halo-saderinasanas-gredzens-ar-dimantiem-brilliance-022-ct\/#primaryimage"},"image":{"@id":"https:\/\/fashiongold.lt\/lv\/papuosalas\/halo-saderinasanas-gredzens-ar-dimantiem-brilliance-022-ct\/#primaryimage"},"thumbnailUrl":"https:\/\/fashiongold.lt\/wp-content\/uploads\/2025\/10\/23483-9cf-Balto-aukso-Halo-suzadetuviu-ziedas-su-deimantais-Brilliance-022-ct.png","datePublished":"2025-10-24T04:14:05+00:00","description":"Dimanti 0,22 ct, salikti kop\u0101 apa\u013c\u0101 form\u0101, rada viena liel\u0101ka dimanta efektu. Maksim\u0101ls komforts. Lieliski piem\u0113rots saderin\u0101\u0161an\u0101s gad\u012bjumiem un \u012bpa\u0161iem mirk\u013ciem.","breadcrumb":{"@id":"https:\/\/fashiongold.lt\/lv\/papuosalas\/halo-saderinasanas-gredzens-ar-dimantiem-brilliance-022-ct\/#breadcrumb"},"inLanguage":"lv-LV","potentialAction":[{"@type":"ReadAction","target":["https:\/\/fashiongold.lt\/lv\/papuosalas\/halo-saderinasanas-gredzens-ar-dimantiem-brilliance-022-ct\/"]}]},{"@type":"ImageObject","inLanguage":"lv-LV","@id":"https:\/\/fashiongold.lt\/lv\/papuosalas\/halo-saderinasanas-gredzens-ar-dimantiem-brilliance-022-ct\/#primaryimage","url":"https:\/\/fashiongold.lt\/wp-content\/uploads\/2025\/10\/23483-9cf-Balto-aukso-Halo-suzadetuviu-ziedas-su-deimantais-Brilliance-022-ct.png","contentUrl":"https:\/\/fashiongold.lt\/wp-content\/uploads\/2025\/10\/23483-9cf-Balto-aukso-Halo-suzadetuviu-ziedas-su-deimantais-Brilliance-022-ct.png","width":1000,"height":1000},{"@type":"BreadcrumbList","@id":"https:\/\/fashiongold.lt\/lv\/papuosalas\/halo-saderinasanas-gredzens-ar-dimantiem-brilliance-022-ct\/#breadcrumb","itemListElement":[{"@type":"ListItem","position":1,"name":"Home","item":"https:\/\/fashiongold.lt\/lv\/"},{"@type":"ListItem","position":2,"name":"Dimantu veikals Fashiongold.lt","item":"https:\/\/fashiongold.lt\/shop-2\/"},{"@type":"ListItem","position":3,"name":"Halo saderin\u0101\u0161an\u0101s gredzens ar dimantiem &#8211; Brilliance (0,22 ct)"}]},{"@type":"WebSite","@id":"https:\/\/fashiongold.lt\/lv\/#website","url":"https:\/\/fashiongold.lt\/lv\/","name":"Fashion Gold","description":"Juvelyrikos namai","publisher":{"@id":"https:\/\/fashiongold.lt\/lv\/#organization"},"potentialAction":[{"@type":"SearchAction","target":{"@type":"EntryPoint","urlTemplate":"https:\/\/fashiongold.lt\/lv\/?s={search_term_string}"},"query-input":{"@type":"PropertyValueSpecification","valueRequired":true,"valueName":"search_term_string"}}],"inLanguage":"lv-LV"},{"@type":"Organization","@id":"https:\/\/fashiongold.lt\/lv\/#organization","name":"Topdiamonds Online","url":"https:\/\/fashiongold.lt\/lv\/","logo":{"@type":"ImageObject","inLanguage":"lv-LV","@id":"https:\/\/fashiongold.lt\/lv\/#\/schema\/logo\/image\/","url":"https:\/\/fashiongold.lt\/wp-content\/uploads\/2025\/04\/cropped-fashion_gold_logotipas2-scaled-1.png","contentUrl":"https:\/\/fashiongold.lt\/wp-content\/uploads\/2025\/04\/cropped-fashion_gold_logotipas2-scaled-1.png","width":2559,"height":421,"caption":"Topdiamonds Online"},"image":{"@id":"https:\/\/fashiongold.lt\/lv\/#\/schema\/logo\/image\/"}}]}},"_links":{"self":[{"href":"https:\/\/fashiongold.lt\/lv\/wp-json\/wp\/v2\/product\/273372","targetHints":{"allow":["GET"]}}],"collection":[{"href":"https:\/\/fashiongold.lt\/lv\/wp-json\/wp\/v2\/product"}],"about":[{"href":"https:\/\/fashiongold.lt\/lv\/wp-json\/wp\/v2\/types\/product"}],"version-history":[{"count":0,"href":"https:\/\/fashiongold.lt\/lv\/wp-json\/wp\/v2\/product\/273372\/revisions"}],"wp:featuredmedia":[{"embeddable":true,"href":"https:\/\/fashiongold.lt\/lv\/wp-json\/wp\/v2\/media\/224420"}],"wp:attachment":[{"href":"https:\/\/fashiongold.lt\/lv\/wp-json\/wp\/v2\/media?parent=273372"}],"wp:term":[{"taxonomy":"product_brand","embeddable":true,"href":"https:\/\/fashiongold.lt\/lv\/wp-json\/wp\/v2\/product_brand?post=273372"},{"taxonomy":"product_cat","embeddable":true,"href":"https:\/\/fashiongold.lt\/lv\/wp-json\/wp\/v2\/product_cat?post=273372"},{"taxonomy":"product_tag","embeddable":true,"href":"https:\/\/fashiongold.lt\/lv\/wp-json\/wp\/v2\/product_tag?post=273372"}],"curies":[{"name":"wp","href":"https:\/\/api.w.org\/{rel}","templated":true}]}}