{"id":273408,"date":"2025-10-24T00:49:28","date_gmt":"2025-10-24T00:49:28","guid":{"rendered":"https:\/\/fashiongold.lt\/papuosalas\/mandarin-citrins-moderns-gredzens-ar-citrinu-un-dimantiem-6-16-ct\/"},"modified":"2025-10-24T00:49:28","modified_gmt":"2025-10-24T00:49:28","slug":"mandarin-citrins-moderns-gredzens-ar-citrinu-un-dimantiem-6-16-ct","status":"publish","type":"product","link":"https:\/\/fashiongold.lt\/lv\/papuosalas\/mandarin-citrins-moderns-gredzens-ar-citrinu-un-dimantiem-6-16-ct\/","title":{"rendered":"Mandarin citr\u012bns &#8211; moderns gredzens ar citr\u012bnu un dimantiem (6.16 ct)"},"content":{"rendered":"<p>Ra\u017eots V\u0101cij\u0101 no augstas kvalit\u0101tes d\u0101rgakme\u0146iem. Lieliska izv\u0113le stil\u012bgai sievietei. Citr\u012bna ma\u0123iskais sp\u0113ks \u2013 darbojas k\u0101 amulets vai talismans, piesaistot veiksmi, bag\u0101t\u012bbu un labkl\u0101j\u012bbu. Citr\u012bns ir piem\u0113rots Auniem, Dv\u012b\u0146iem, Jaunav\u0101m, Svariem un Lauv\u0101m.\u00a0<\/p>\n<p>\u2022 Gredzena zelts: 18 kar\u0101ti (750 prove)\u00a0 \u00a0<\/p>\n<p>\u2022 Gredzena kr\u0101sa: sarkanais zelts\u00a0 \u00a0 \u00a0 \u00a0<\/p>\n<p>\u2022 Gredzena svars: aptuveni 3,00 &#8211; 4,00 g\u00a0 \u00a0 \u00a0<\/p>\n<p>\u2022 Dimanta tips: Dab\u012bgs dimants\u00a0 \u00a0<\/p>\n<p>\u2022 Dimanta forma: Apa\u013ca forma (Round cut)\u00a0 \u00a0<\/p>\n<p>\u2022 Dimanta raksturojums: 0,16 ct, kr\u0101sa G-H (RW-W); t\u012br\u012bba SI\u00a0 \u00a0<\/p>\n<p>\u2022 Centr\u0101lais akmens: spilvena formas mandar\u012bna citr\u012bns &#8211; 6.00 ct\u00a0 \u00a0 \u00a0<\/p>\n<p>\u2022 Sertifik\u0101ts: Lietuvas Proves pal\u0101ta (LPR)\u00a0 \u00a0 \u00a0<\/p>\n<p>\u2022 Gredzena izm\u0113ri: augstums 12,0 mm, platums 12,0 mm\u00a0<\/p>\n<p>\u2022 Grav\u0113\u0161ana bez maksas\u00a0 \u00a0<\/p>\n<p>\u2022 Vienreiz\u0113ja bezmaksas gredzena izm\u0113ra mai\u0146as garantija\u00a0 \u00a0<\/p>\n<p>\u2022 Izgatavo\u0161anas un pieg\u0101des termi\u0146\u0161 no 14 darba dien\u0101m, steidzam\u012bbas k\u0101rt\u0101 3 d.d. laik\u0101.\u00a0 \u00a0<\/p>\n<p>Jums ir savs zelts? Sazinieties ar mums, m\u0113s p\u0101rr\u0113\u0137in\u0101sim cenu \u2013 j\u016bs maks\u0101siet tikai par gredzena izgatavo\u0161anu.<\/p>\n","protected":false},"excerpt":{"rendered":"<p>Moderns zelta gredzens ar 6.00 kar\u0101tu spilvena formas mandar\u012bna citr\u012bnu un dimantiem. Ekskluz\u012bvs gredzens \u2013 stil\u012bgai sievietei.<\/p>\n","protected":false},"featured_media":251353,"template":"","meta":{"site-sidebar-layout":"","site-content-layout":"","ast-site-content-layout":"","site-content-style":"","site-sidebar-style":"","ast-global-header-display":"","ast-banner-title-visibility":"","ast-main-header-display":"","ast-hfb-above-header-display":"","ast-hfb-below-header-display":"","ast-hfb-mobile-header-display":"","site-post-title":"","ast-breadcrumbs-content":"","ast-featured-img":"","footer-sml-layout":"","ast-disable-related-posts":"","theme-transparent-header-meta":"","adv-header-id-meta":"","stick-header-meta":"","header-above-stick-meta":"","header-main-stick-meta":"","header-below-stick-meta":"","astra-migrate-meta-layouts":"default","ast-page-background-enabled":"default","ast-page-background-meta":{"desktop":{"background-color":"var(--ast-global-color-4)","background-image":"","background-repeat":"repeat","background-position":"center center","background-size":"auto","background-attachment":"scroll","background-type":"","background-media":"","overlay-type":"","overlay-color":"","overlay-opacity":"","overlay-gradient":""},"tablet":{"background-color":"","background-image":"","background-repeat":"repeat","background-position":"center center","background-size":"auto","background-attachment":"scroll","background-type":"","background-media":"","overlay-type":"","overlay-color":"","overlay-opacity":"","overlay-gradient":""},"mobile":{"background-color":"","background-image":"","background-repeat":"repeat","background-position":"center center","background-size":"auto","background-attachment":"scroll","background-type":"","background-media":"","overlay-type":"","overlay-color":"","overlay-opacity":"","overlay-gradient":""}},"ast-content-background-meta":{"desktop":{"background-color":"var(--ast-global-color-5)","background-image":"","background-repeat":"repeat","background-position":"center center","background-size":"auto","background-attachment":"scroll","background-type":"","background-media":"","overlay-type":"","overlay-color":"","overlay-opacity":"","overlay-gradient":""},"tablet":{"background-color":"var(--ast-global-color-5)","background-image":"","background-repeat":"repeat","background-position":"center center","background-size":"auto","background-attachment":"scroll","background-type":"","background-media":"","overlay-type":"","overlay-color":"","overlay-opacity":"","overlay-gradient":""},"mobile":{"background-color":"var(--ast-global-color-5)","background-image":"","background-repeat":"repeat","background-position":"center center","background-size":"auto","background-attachment":"scroll","background-type":"","background-media":"","overlay-type":"","overlay-color":"","overlay-opacity":"","overlay-gradient":""}}},"product_brand":[],"product_cat":[2919,2915,2913,2921,2920,3403,2916,2914,2939,3042,2922,2937,2936,2918],"product_tag":[],"class_list":{"0":"post-273408","1":"product","2":"type-product","3":"status-publish","4":"has-post-thumbnail","6":"product_cat-baltzelta-rotaslietas","7":"product_cat-davanas-berna-piedzimsanai","8":"product_cat-davanas-dzimsanas-diena","9":"product_cat-davanas-ipasiem-gadijumiem","10":"product_cat-davanas-izlaidumam","11":"product_cat-davanas-kazam","12":"product_cat-davanas-kazu-gadadiena","13":"product_cat-davanas-sievietem","14":"product_cat-gredzeni-ar-dargakmeniem","15":"product_cat-juvelierizstradajumi","16":"product_cat-mates-dienas-davanas","17":"product_cat-rotaslietas-ar-pusdargakmeniem","18":"product_cat-valentindienas-davanas","19":"product_cat-ziemassvetku-davanas","20":"desktop-align-center","21":"tablet-align-left","22":"mobile-align-left","23":"ast-product-gallery-layout-horizontal-slider","24":"ast-product-gallery-with-no-image","25":"ast-product-single-variable","26":"ast-product-tabs-layout-accordion","27":"ast-qv-on-image","29":"first","30":"instock","31":"taxable","32":"shipping-taxable","33":"purchasable","34":"product-type-variable"},"yoast_head":"<!-- This site is optimized with the Yoast SEO plugin v26.6 - https:\/\/yoast.com\/wordpress\/plugins\/seo\/ -->\n<title>Citr\u012bns mandarin - moderns gredzens ar citr\u012bnu un dimantiem<\/title>\n<meta name=\"description\" content=\"Moderns zelta gredzens ar 6,00 kar\u0101tu spilvena formas mandar\u012bna citr\u012bnu un dimantiem. Izcila izv\u0113le stil\u012bgai sievietei un \u012bpa\u0161iem gad\u012bjumiem.\" \/>\n<meta name=\"robots\" content=\"index, follow, max-snippet:-1, max-image-preview:large, max-video-preview:-1\" \/>\n<link rel=\"canonical\" href=\"https:\/\/fashiongold.lt\/lv\/papuosalas\/mandarin-citrins-moderns-gredzens-ar-citrinu-un-dimantiem-6-16-ct\/\" \/>\n<meta property=\"og:locale\" content=\"lv_LV\" \/>\n<meta property=\"og:type\" content=\"article\" \/>\n<meta property=\"og:title\" content=\"Citr\u012bns mandarin - moderns gredzens ar citr\u012bnu un dimantiem\" \/>\n<meta property=\"og:description\" content=\"Moderns zelta gredzens ar 6,00 kar\u0101tu spilvena formas mandar\u012bna citr\u012bnu un dimantiem. Izcila izv\u0113le stil\u012bgai sievietei un \u012bpa\u0161iem gad\u012bjumiem.\" \/>\n<meta property=\"og:url\" content=\"https:\/\/fashiongold.lt\/lv\/papuosalas\/mandarin-citrins-moderns-gredzens-ar-citrinu-un-dimantiem-6-16-ct\/\" \/>\n<meta property=\"og:site_name\" content=\"FashionGold.lt\" \/>\n<meta property=\"og:image\" content=\"https:\/\/fashiongold.lt\/wp-content\/uploads\/2025\/10\/11741-7f7-Citrinas-mandarin-modernus-ziedas-su-citrinu-ir-deimantais.webp\" \/>\n\t<meta property=\"og:image:width\" content=\"1000\" \/>\n\t<meta property=\"og:image:height\" content=\"1000\" \/>\n\t<meta property=\"og:image:type\" content=\"image\/png\" \/>\n<meta name=\"twitter:card\" content=\"summary_large_image\" \/>\n<meta name=\"twitter:label1\" content=\"Est. reading time\" \/>\n\t<meta name=\"twitter:data1\" content=\"1 minute\" \/>\n<script type=\"application\/ld+json\" class=\"yoast-schema-graph\">{\"@context\":\"https:\/\/schema.org\",\"@graph\":[{\"@type\":\"WebPage\",\"@id\":\"https:\/\/fashiongold.lt\/lv\/papuosalas\/mandarin-citrins-moderns-gredzens-ar-citrinu-un-dimantiem-6-16-ct\/\",\"url\":\"https:\/\/fashiongold.lt\/lv\/papuosalas\/mandarin-citrins-moderns-gredzens-ar-citrinu-un-dimantiem-6-16-ct\/\",\"name\":\"Citr\u012bns mandarin - moderns gredzens ar citr\u012bnu un dimantiem\",\"isPartOf\":{\"@id\":\"https:\/\/fashiongold.lt\/lv\/#website\"},\"primaryImageOfPage\":{\"@id\":\"https:\/\/fashiongold.lt\/lv\/papuosalas\/mandarin-citrins-moderns-gredzens-ar-citrinu-un-dimantiem-6-16-ct\/#primaryimage\"},\"image\":{\"@id\":\"https:\/\/fashiongold.lt\/lv\/papuosalas\/mandarin-citrins-moderns-gredzens-ar-citrinu-un-dimantiem-6-16-ct\/#primaryimage\"},\"thumbnailUrl\":\"https:\/\/fashiongold.lt\/wp-content\/uploads\/2025\/10\/11741-7f7-Citrinas-mandarin-modernus-ziedas-su-citrinu-ir-deimantais.png\",\"datePublished\":\"2025-10-24T00:49:28+00:00\",\"description\":\"Moderns zelta gredzens ar 6,00 kar\u0101tu spilvena formas mandar\u012bna citr\u012bnu un dimantiem. Izcila izv\u0113le stil\u012bgai sievietei un \u012bpa\u0161iem gad\u012bjumiem.\",\"breadcrumb\":{\"@id\":\"https:\/\/fashiongold.lt\/lv\/papuosalas\/mandarin-citrins-moderns-gredzens-ar-citrinu-un-dimantiem-6-16-ct\/#breadcrumb\"},\"inLanguage\":\"lv-LV\",\"potentialAction\":[{\"@type\":\"ReadAction\",\"target\":[\"https:\/\/fashiongold.lt\/lv\/papuosalas\/mandarin-citrins-moderns-gredzens-ar-citrinu-un-dimantiem-6-16-ct\/\"]}]},{\"@type\":\"ImageObject\",\"inLanguage\":\"lv-LV\",\"@id\":\"https:\/\/fashiongold.lt\/lv\/papuosalas\/mandarin-citrins-moderns-gredzens-ar-citrinu-un-dimantiem-6-16-ct\/#primaryimage\",\"url\":\"https:\/\/fashiongold.lt\/wp-content\/uploads\/2025\/10\/11741-7f7-Citrinas-mandarin-modernus-ziedas-su-citrinu-ir-deimantais.png\",\"contentUrl\":\"https:\/\/fashiongold.lt\/wp-content\/uploads\/2025\/10\/11741-7f7-Citrinas-mandarin-modernus-ziedas-su-citrinu-ir-deimantais.png\",\"width\":1000,\"height\":1000},{\"@type\":\"BreadcrumbList\",\"@id\":\"https:\/\/fashiongold.lt\/lv\/papuosalas\/mandarin-citrins-moderns-gredzens-ar-citrinu-un-dimantiem-6-16-ct\/#breadcrumb\",\"itemListElement\":[{\"@type\":\"ListItem\",\"position\":1,\"name\":\"Home\",\"item\":\"https:\/\/fashiongold.lt\/lv\/\"},{\"@type\":\"ListItem\",\"position\":2,\"name\":\"Dimantu veikals Fashiongold.lt\",\"item\":\"https:\/\/fashiongold.lt\/shop-2\/\"},{\"@type\":\"ListItem\",\"position\":3,\"name\":\"Mandarin citr\u012bns &#8211; moderns gredzens ar citr\u012bnu un dimantiem (6.16 ct)\"}]},{\"@type\":\"WebSite\",\"@id\":\"https:\/\/fashiongold.lt\/lv\/#website\",\"url\":\"https:\/\/fashiongold.lt\/lv\/\",\"name\":\"Fashion Gold\",\"description\":\"Juvelyrikos namai\",\"publisher\":{\"@id\":\"https:\/\/fashiongold.lt\/lv\/#organization\"},\"potentialAction\":[{\"@type\":\"SearchAction\",\"target\":{\"@type\":\"EntryPoint\",\"urlTemplate\":\"https:\/\/fashiongold.lt\/lv\/?s={search_term_string}\"},\"query-input\":{\"@type\":\"PropertyValueSpecification\",\"valueRequired\":true,\"valueName\":\"search_term_string\"}}],\"inLanguage\":\"lv-LV\"},{\"@type\":\"Organization\",\"@id\":\"https:\/\/fashiongold.lt\/lv\/#organization\",\"name\":\"Topdiamonds Online\",\"url\":\"https:\/\/fashiongold.lt\/lv\/\",\"logo\":{\"@type\":\"ImageObject\",\"inLanguage\":\"lv-LV\",\"@id\":\"https:\/\/fashiongold.lt\/lv\/#\/schema\/logo\/image\/\",\"url\":\"https:\/\/fashiongold.lt\/wp-content\/uploads\/2025\/04\/cropped-fashion_gold_logotipas2-scaled-1.png\",\"contentUrl\":\"https:\/\/fashiongold.lt\/wp-content\/uploads\/2025\/04\/cropped-fashion_gold_logotipas2-scaled-1.png\",\"width\":2559,\"height\":421,\"caption\":\"Topdiamonds Online\"},\"image\":{\"@id\":\"https:\/\/fashiongold.lt\/lv\/#\/schema\/logo\/image\/\"}}]}<\/script>\n<!-- \/ Yoast SEO plugin. -->","yoast_head_json":{"title":"Citr\u012bns mandarin - moderns gredzens ar citr\u012bnu un dimantiem","description":"Moderns zelta gredzens ar 6,00 kar\u0101tu spilvena formas mandar\u012bna citr\u012bnu un dimantiem. Izcila izv\u0113le stil\u012bgai sievietei un \u012bpa\u0161iem gad\u012bjumiem.","robots":{"index":"index","follow":"follow","max-snippet":"max-snippet:-1","max-image-preview":"max-image-preview:large","max-video-preview":"max-video-preview:-1"},"canonical":"https:\/\/fashiongold.lt\/lv\/papuosalas\/mandarin-citrins-moderns-gredzens-ar-citrinu-un-dimantiem-6-16-ct\/","og_locale":"lv_LV","og_type":"article","og_title":"Citr\u012bns mandarin - moderns gredzens ar citr\u012bnu un dimantiem","og_description":"Moderns zelta gredzens ar 6,00 kar\u0101tu spilvena formas mandar\u012bna citr\u012bnu un dimantiem. Izcila izv\u0113le stil\u012bgai sievietei un \u012bpa\u0161iem gad\u012bjumiem.","og_url":"https:\/\/fashiongold.lt\/lv\/papuosalas\/mandarin-citrins-moderns-gredzens-ar-citrinu-un-dimantiem-6-16-ct\/","og_site_name":"FashionGold.lt","og_image":[{"width":1000,"height":1000,"url":"https:\/\/fashiongold.lt\/wp-content\/uploads\/2025\/10\/11741-7f7-Citrinas-mandarin-modernus-ziedas-su-citrinu-ir-deimantais.webp","type":"image\/png"}],"twitter_card":"summary_large_image","twitter_misc":{"Est. reading time":"1 minute"},"schema":{"@context":"https:\/\/schema.org","@graph":[{"@type":"WebPage","@id":"https:\/\/fashiongold.lt\/lv\/papuosalas\/mandarin-citrins-moderns-gredzens-ar-citrinu-un-dimantiem-6-16-ct\/","url":"https:\/\/fashiongold.lt\/lv\/papuosalas\/mandarin-citrins-moderns-gredzens-ar-citrinu-un-dimantiem-6-16-ct\/","name":"Citr\u012bns mandarin - moderns gredzens ar citr\u012bnu un dimantiem","isPartOf":{"@id":"https:\/\/fashiongold.lt\/lv\/#website"},"primaryImageOfPage":{"@id":"https:\/\/fashiongold.lt\/lv\/papuosalas\/mandarin-citrins-moderns-gredzens-ar-citrinu-un-dimantiem-6-16-ct\/#primaryimage"},"image":{"@id":"https:\/\/fashiongold.lt\/lv\/papuosalas\/mandarin-citrins-moderns-gredzens-ar-citrinu-un-dimantiem-6-16-ct\/#primaryimage"},"thumbnailUrl":"https:\/\/fashiongold.lt\/wp-content\/uploads\/2025\/10\/11741-7f7-Citrinas-mandarin-modernus-ziedas-su-citrinu-ir-deimantais.png","datePublished":"2025-10-24T00:49:28+00:00","description":"Moderns zelta gredzens ar 6,00 kar\u0101tu spilvena formas mandar\u012bna citr\u012bnu un dimantiem. Izcila izv\u0113le stil\u012bgai sievietei un \u012bpa\u0161iem gad\u012bjumiem.","breadcrumb":{"@id":"https:\/\/fashiongold.lt\/lv\/papuosalas\/mandarin-citrins-moderns-gredzens-ar-citrinu-un-dimantiem-6-16-ct\/#breadcrumb"},"inLanguage":"lv-LV","potentialAction":[{"@type":"ReadAction","target":["https:\/\/fashiongold.lt\/lv\/papuosalas\/mandarin-citrins-moderns-gredzens-ar-citrinu-un-dimantiem-6-16-ct\/"]}]},{"@type":"ImageObject","inLanguage":"lv-LV","@id":"https:\/\/fashiongold.lt\/lv\/papuosalas\/mandarin-citrins-moderns-gredzens-ar-citrinu-un-dimantiem-6-16-ct\/#primaryimage","url":"https:\/\/fashiongold.lt\/wp-content\/uploads\/2025\/10\/11741-7f7-Citrinas-mandarin-modernus-ziedas-su-citrinu-ir-deimantais.png","contentUrl":"https:\/\/fashiongold.lt\/wp-content\/uploads\/2025\/10\/11741-7f7-Citrinas-mandarin-modernus-ziedas-su-citrinu-ir-deimantais.png","width":1000,"height":1000},{"@type":"BreadcrumbList","@id":"https:\/\/fashiongold.lt\/lv\/papuosalas\/mandarin-citrins-moderns-gredzens-ar-citrinu-un-dimantiem-6-16-ct\/#breadcrumb","itemListElement":[{"@type":"ListItem","position":1,"name":"Home","item":"https:\/\/fashiongold.lt\/lv\/"},{"@type":"ListItem","position":2,"name":"Dimantu veikals Fashiongold.lt","item":"https:\/\/fashiongold.lt\/shop-2\/"},{"@type":"ListItem","position":3,"name":"Mandarin citr\u012bns &#8211; moderns gredzens ar citr\u012bnu un dimantiem (6.16 ct)"}]},{"@type":"WebSite","@id":"https:\/\/fashiongold.lt\/lv\/#website","url":"https:\/\/fashiongold.lt\/lv\/","name":"Fashion Gold","description":"Juvelyrikos namai","publisher":{"@id":"https:\/\/fashiongold.lt\/lv\/#organization"},"potentialAction":[{"@type":"SearchAction","target":{"@type":"EntryPoint","urlTemplate":"https:\/\/fashiongold.lt\/lv\/?s={search_term_string}"},"query-input":{"@type":"PropertyValueSpecification","valueRequired":true,"valueName":"search_term_string"}}],"inLanguage":"lv-LV"},{"@type":"Organization","@id":"https:\/\/fashiongold.lt\/lv\/#organization","name":"Topdiamonds Online","url":"https:\/\/fashiongold.lt\/lv\/","logo":{"@type":"ImageObject","inLanguage":"lv-LV","@id":"https:\/\/fashiongold.lt\/lv\/#\/schema\/logo\/image\/","url":"https:\/\/fashiongold.lt\/wp-content\/uploads\/2025\/04\/cropped-fashion_gold_logotipas2-scaled-1.png","contentUrl":"https:\/\/fashiongold.lt\/wp-content\/uploads\/2025\/04\/cropped-fashion_gold_logotipas2-scaled-1.png","width":2559,"height":421,"caption":"Topdiamonds Online"},"image":{"@id":"https:\/\/fashiongold.lt\/lv\/#\/schema\/logo\/image\/"}}]}},"_links":{"self":[{"href":"https:\/\/fashiongold.lt\/lv\/wp-json\/wp\/v2\/product\/273408","targetHints":{"allow":["GET"]}}],"collection":[{"href":"https:\/\/fashiongold.lt\/lv\/wp-json\/wp\/v2\/product"}],"about":[{"href":"https:\/\/fashiongold.lt\/lv\/wp-json\/wp\/v2\/types\/product"}],"version-history":[{"count":0,"href":"https:\/\/fashiongold.lt\/lv\/wp-json\/wp\/v2\/product\/273408\/revisions"}],"wp:featuredmedia":[{"embeddable":true,"href":"https:\/\/fashiongold.lt\/lv\/wp-json\/wp\/v2\/media\/251353"}],"wp:attachment":[{"href":"https:\/\/fashiongold.lt\/lv\/wp-json\/wp\/v2\/media?parent=273408"}],"wp:term":[{"taxonomy":"product_brand","embeddable":true,"href":"https:\/\/fashiongold.lt\/lv\/wp-json\/wp\/v2\/product_brand?post=273408"},{"taxonomy":"product_cat","embeddable":true,"href":"https:\/\/fashiongold.lt\/lv\/wp-json\/wp\/v2\/product_cat?post=273408"},{"taxonomy":"product_tag","embeddable":true,"href":"https:\/\/fashiongold.lt\/lv\/wp-json\/wp\/v2\/product_tag?post=273408"}],"curies":[{"name":"wp","href":"https:\/\/api.w.org\/{rel}","templated":true}]}}