{"id":273454,"date":"2025-10-24T06:26:01","date_gmt":"2025-10-24T06:26:01","guid":{"rendered":"https:\/\/fashiongold.lt\/papuosalas\/halo-saderinasanas-gredzens-ar-smaragdu-un-dimantiem-ovals-smaragds-0-59-ct\/"},"modified":"2025-10-24T06:26:01","modified_gmt":"2025-10-24T06:26:01","slug":"halo-saderinasanas-gredzens-ar-smaragdu-un-dimantiem-ovals-smaragds-0-59-ct","status":"publish","type":"product","link":"https:\/\/fashiongold.lt\/lv\/papuosalas\/halo-saderinasanas-gredzens-ar-smaragdu-un-dimantiem-ovals-smaragds-0-59-ct\/","title":{"rendered":"Halo saderin\u0101\u0161an\u0101s gredzens ar smaragdu un dimantiem &#8211; Ov\u0101ls smaragds (0.59 ct)"},"content":{"rendered":"<h2>Saderin\u0101\u0161an\u0101s gredzens ar smaragdu un dimantiem &#8211; Ov\u0101ls smaragds (0.59 ct)<\/h2>\n<h3>Saderin\u0101\u0161an\u0101s gredzens ar 0.40 kar\u0101tu ov\u0101las formas smaragdu un dimantiem apk\u0101rt. Dab\u012bgie dimanti. Grav\u0113\u0161ana bez maksas.<\/h3>\n<p>Ra\u017eots Lietuv\u0101. Lieliska izv\u0113le stil\u012bgai sievietei. Smaragda ma\u0123iskais sp\u0113ks \u2013 darbojas k\u0101 amulets vai talismans, sniedz \u012bpa\u0161niekam vesel\u012bbu, ener\u0123iju, nes veiksmi biznes\u0101, darb\u0101 un person\u012bgaj\u0101 dz\u012bv\u0113. Smaragds ir piem\u0113rots V\u0113r\u0161iem, Dv\u012b\u0146iem, Lauv\u0101m, V\u0113\u017eiem, Ziv\u012bm, Str\u0113lniekiem. <\/p>\n<p>\u2022 Gredzena met\u0101ls: 14K (585 prove), varam izgatavot no 10K (375 proves), 18K (750 proves)    <\/p>\n<p>\u2022 Gredzena kr\u0101sa: var izv\u0113l\u0113ties baltu, dzeltenu, sarkanu zeltu<\/p>\n<p>\u2022 Gredzena svars (atkar\u012bb\u0101 no izm\u0113ra un proves): aptuveni 2,50 &#8211; 2,90 g          <\/p>\n<p>\u2022 Gredzena izm\u0113ri: kro\u0146a platums &#8211; aptuveni 12.40 mm, st\u012bpi\u0146as platums &#8211; aptuveni 2,30 (izm\u0113ri ir aptuveni un var at\u0161\u0137irties atkar\u012bb\u0101 no gredzena izm\u0113ra)     <\/p>\n<p>\u2022 Gredzena komforta zona: ir       <\/p>\n<p>\u2022 D\u0101rgakmens veids: smaragds<\/p>\n<p>\u2022 D\u0101rgakmens forma: ov\u0101las formas smaragds (Round shape)     <\/p>\n<p>\u2022 D\u0101rgakmens raksturojums: 0.40 ct  (var main\u012bt) <\/p>\n<p>\u2022 Dimanta veids: Dab\u012bgie dimanti       <\/p>\n<p>\u2022 Dimanta forma: apa\u013ca forma  (round shape)       <\/p>\n<p>\u2022 Dimanta raksturojums: 0,20 ct, kr\u0101sa G-H (RW-W); dzidrums SI <\/p>\n<p>\u2022 Sertifik\u0101ts: Lietuvas Prove\u0161anas pal\u0101ta (LPR)     <\/p>\n<p>\u2022 Grav\u0113\u0161ana bez maksas   <\/p>\n<p>\u2022 Vienreiz\u0113ja bezmaksas gredzena izm\u0113ra mai\u0146as garantija   <\/p>\n<p>\u2022 Izgatavo\u0161anas un pieg\u0101des termi\u0146\u0161 no 14 darba dien\u0101m, steidzam\u012bbas k\u0101rt\u0101 3 d.d. laik\u0101   <\/p>\n<p><strong>Vai jums ir savs zelts? Sazinieties ar mums, m\u0113s p\u0101rr\u0113\u0137in\u0101sim cenu \u2013 j\u016bs maks\u0101siet tikai par gredzena izgatavo\u0161anu.<\/strong><\/p>\n","protected":false},"excerpt":{"rendered":"<p>Saderin\u0101\u0161an\u0101s gredzens izce\u013cas ar greznu halo dizainu. Centr\u0101 goz\u0113jas 0,40 kar\u0101tu ov\u0101las formas smaragds, un dimanti div\u0101s rind\u0101s pie\u0161\u0137ir papildu mirdzumu. Izsmalcin\u0101tais gredzens b\u016bs lieliski piem\u0113rots stil\u012bgai sievietei, kura nov\u0113rt\u0113 modernumu un eleganci.<\/p>\n","protected":false},"featured_media":227814,"template":"","meta":{"site-sidebar-layout":"","site-content-layout":"","ast-site-content-layout":"","site-content-style":"","site-sidebar-style":"","ast-global-header-display":"","ast-banner-title-visibility":"","ast-main-header-display":"","ast-hfb-above-header-display":"","ast-hfb-below-header-display":"","ast-hfb-mobile-header-display":"","site-post-title":"","ast-breadcrumbs-content":"","ast-featured-img":"","footer-sml-layout":"","ast-disable-related-posts":"","theme-transparent-header-meta":"","adv-header-id-meta":"","stick-header-meta":"","header-above-stick-meta":"","header-main-stick-meta":"","header-below-stick-meta":"","astra-migrate-meta-layouts":"default","ast-page-background-enabled":"default","ast-page-background-meta":{"desktop":{"background-color":"var(--ast-global-color-4)","background-image":"","background-repeat":"repeat","background-position":"center center","background-size":"auto","background-attachment":"scroll","background-type":"","background-media":"","overlay-type":"","overlay-color":"","overlay-opacity":"","overlay-gradient":""},"tablet":{"background-color":"","background-image":"","background-repeat":"repeat","background-position":"center center","background-size":"auto","background-attachment":"scroll","background-type":"","background-media":"","overlay-type":"","overlay-color":"","overlay-opacity":"","overlay-gradient":""},"mobile":{"background-color":"","background-image":"","background-repeat":"repeat","background-position":"center center","background-size":"auto","background-attachment":"scroll","background-type":"","background-media":"","overlay-type":"","overlay-color":"","overlay-opacity":"","overlay-gradient":""}},"ast-content-background-meta":{"desktop":{"background-color":"var(--ast-global-color-5)","background-image":"","background-repeat":"repeat","background-position":"center center","background-size":"auto","background-attachment":"scroll","background-type":"","background-media":"","overlay-type":"","overlay-color":"","overlay-opacity":"","overlay-gradient":""},"tablet":{"background-color":"var(--ast-global-color-5)","background-image":"","background-repeat":"repeat","background-position":"center center","background-size":"auto","background-attachment":"scroll","background-type":"","background-media":"","overlay-type":"","overlay-color":"","overlay-opacity":"","overlay-gradient":""},"mobile":{"background-color":"var(--ast-global-color-5)","background-image":"","background-repeat":"repeat","background-position":"center center","background-size":"auto","background-attachment":"scroll","background-type":"","background-media":"","overlay-type":"","overlay-color":"","overlay-opacity":"","overlay-gradient":""}}},"product_brand":[],"product_cat":[3441,2915,3403,2916,3442,3439,3440,3438,3443,2936],"product_tag":[],"class_list":{"0":"post-273454","1":"product","2":"type-product","3":"status-publish","4":"has-post-thumbnail","6":"product_cat-balta-zelta-saderinasanas-gredzeni","7":"product_cat-davanas-berna-piedzimsanai","8":"product_cat-davanas-kazam","9":"product_cat-davanas-kazu-gadadiena","10":"product_cat-dzeltena-zelta-saderinasanas-gredzeni","11":"product_cat-saderinasanas-gredzeni","12":"product_cat-saderinasanas-gredzeni-ar-dargakmeniem","13":"product_cat-saderinasanas-gredzeni-ar-smaragdu","14":"product_cat-sarkana-zelta-saderinasanas-gredzeni","15":"product_cat-valentindienas-davanas","16":"desktop-align-center","17":"tablet-align-left","18":"mobile-align-left","19":"ast-product-gallery-layout-horizontal-slider","20":"ast-product-gallery-with-no-image","21":"ast-product-single-variable","22":"ast-product-tabs-layout-accordion","23":"ast-qv-on-image","25":"first","26":"instock","27":"taxable","28":"shipping-taxable","29":"purchasable","30":"product-type-variable"},"yoast_head":"<!-- This site is optimized with the Yoast SEO plugin v26.6 - https:\/\/yoast.com\/wordpress\/plugins\/seo\/ -->\n<title>Saderin\u0101\u0161an\u0101s gredzens ar smaragdu un dimantiem - Ov\u0101ls smaragds<\/title>\n<meta name=\"description\" content=\"Saderin\u0101\u0161an\u0101s gredzens izce\u013cas ar halo dizainu. Centr\u0101 ir 0,40 kar\u0101tu ov\u0101las formas smaragds, ap kuru ir dimanti, un unik\u0101la st\u012bpi\u0146a. Piem\u0113rots stil\u012bgai sievietei.\" \/>\n<meta name=\"robots\" content=\"index, follow, max-snippet:-1, max-image-preview:large, max-video-preview:-1\" \/>\n<link rel=\"canonical\" href=\"https:\/\/fashiongold.lt\/lv\/papuosalas\/halo-saderinasanas-gredzens-ar-smaragdu-un-dimantiem-ovals-smaragds-0-59-ct\/\" \/>\n<meta property=\"og:locale\" content=\"lv_LV\" \/>\n<meta property=\"og:type\" content=\"article\" \/>\n<meta property=\"og:title\" content=\"Saderin\u0101\u0161an\u0101s gredzens ar smaragdu un dimantiem - Ov\u0101ls smaragds\" \/>\n<meta property=\"og:description\" content=\"Saderin\u0101\u0161an\u0101s gredzens izce\u013cas ar halo dizainu. Centr\u0101 ir 0,40 kar\u0101tu ov\u0101las formas smaragds, ap kuru ir dimanti, un unik\u0101la st\u012bpi\u0146a. Piem\u0113rots stil\u012bgai sievietei.\" \/>\n<meta property=\"og:url\" content=\"https:\/\/fashiongold.lt\/lv\/papuosalas\/halo-saderinasanas-gredzens-ar-smaragdu-un-dimantiem-ovals-smaragds-0-59-ct\/\" \/>\n<meta property=\"og:site_name\" content=\"FashionGold.lt\" \/>\n<meta property=\"og:image\" content=\"https:\/\/fashiongold.lt\/wp-content\/uploads\/2025\/10\/25131-33b-Raudono-aukso-halo-suzadetuviu-ziedas-su-smaragdu-ir-deimantais-Ovalus-Smaragdas-0.59-ct.webp\" \/>\n\t<meta property=\"og:image:width\" content=\"1000\" \/>\n\t<meta property=\"og:image:height\" content=\"1000\" \/>\n\t<meta property=\"og:image:type\" content=\"image\/png\" \/>\n<meta name=\"twitter:card\" content=\"summary_large_image\" \/>\n<meta name=\"twitter:label1\" content=\"Est. reading time\" \/>\n\t<meta name=\"twitter:data1\" content=\"1 minute\" \/>\n<script type=\"application\/ld+json\" class=\"yoast-schema-graph\">{\"@context\":\"https:\/\/schema.org\",\"@graph\":[{\"@type\":\"WebPage\",\"@id\":\"https:\/\/fashiongold.lt\/lv\/papuosalas\/halo-saderinasanas-gredzens-ar-smaragdu-un-dimantiem-ovals-smaragds-0-59-ct\/\",\"url\":\"https:\/\/fashiongold.lt\/lv\/papuosalas\/halo-saderinasanas-gredzens-ar-smaragdu-un-dimantiem-ovals-smaragds-0-59-ct\/\",\"name\":\"Saderin\u0101\u0161an\u0101s gredzens ar smaragdu un dimantiem - Ov\u0101ls smaragds\",\"isPartOf\":{\"@id\":\"https:\/\/fashiongold.lt\/lv\/#website\"},\"primaryImageOfPage\":{\"@id\":\"https:\/\/fashiongold.lt\/lv\/papuosalas\/halo-saderinasanas-gredzens-ar-smaragdu-un-dimantiem-ovals-smaragds-0-59-ct\/#primaryimage\"},\"image\":{\"@id\":\"https:\/\/fashiongold.lt\/lv\/papuosalas\/halo-saderinasanas-gredzens-ar-smaragdu-un-dimantiem-ovals-smaragds-0-59-ct\/#primaryimage\"},\"thumbnailUrl\":\"https:\/\/fashiongold.lt\/wp-content\/uploads\/2025\/10\/25131-33b-Raudono-aukso-halo-suzadetuviu-ziedas-su-smaragdu-ir-deimantais-Ovalus-Smaragdas-0.59-ct.png\",\"datePublished\":\"2025-10-24T06:26:01+00:00\",\"description\":\"Saderin\u0101\u0161an\u0101s gredzens izce\u013cas ar halo dizainu. Centr\u0101 ir 0,40 kar\u0101tu ov\u0101las formas smaragds, ap kuru ir dimanti, un unik\u0101la st\u012bpi\u0146a. Piem\u0113rots stil\u012bgai sievietei.\",\"breadcrumb\":{\"@id\":\"https:\/\/fashiongold.lt\/lv\/papuosalas\/halo-saderinasanas-gredzens-ar-smaragdu-un-dimantiem-ovals-smaragds-0-59-ct\/#breadcrumb\"},\"inLanguage\":\"lv-LV\",\"potentialAction\":[{\"@type\":\"ReadAction\",\"target\":[\"https:\/\/fashiongold.lt\/lv\/papuosalas\/halo-saderinasanas-gredzens-ar-smaragdu-un-dimantiem-ovals-smaragds-0-59-ct\/\"]}]},{\"@type\":\"ImageObject\",\"inLanguage\":\"lv-LV\",\"@id\":\"https:\/\/fashiongold.lt\/lv\/papuosalas\/halo-saderinasanas-gredzens-ar-smaragdu-un-dimantiem-ovals-smaragds-0-59-ct\/#primaryimage\",\"url\":\"https:\/\/fashiongold.lt\/wp-content\/uploads\/2025\/10\/25131-33b-Raudono-aukso-halo-suzadetuviu-ziedas-su-smaragdu-ir-deimantais-Ovalus-Smaragdas-0.59-ct.png\",\"contentUrl\":\"https:\/\/fashiongold.lt\/wp-content\/uploads\/2025\/10\/25131-33b-Raudono-aukso-halo-suzadetuviu-ziedas-su-smaragdu-ir-deimantais-Ovalus-Smaragdas-0.59-ct.png\",\"width\":1000,\"height\":1000},{\"@type\":\"BreadcrumbList\",\"@id\":\"https:\/\/fashiongold.lt\/lv\/papuosalas\/halo-saderinasanas-gredzens-ar-smaragdu-un-dimantiem-ovals-smaragds-0-59-ct\/#breadcrumb\",\"itemListElement\":[{\"@type\":\"ListItem\",\"position\":1,\"name\":\"Home\",\"item\":\"https:\/\/fashiongold.lt\/lv\/\"},{\"@type\":\"ListItem\",\"position\":2,\"name\":\"Dimantu veikals Fashiongold.lt\",\"item\":\"https:\/\/fashiongold.lt\/shop-2\/\"},{\"@type\":\"ListItem\",\"position\":3,\"name\":\"Halo saderin\u0101\u0161an\u0101s gredzens ar smaragdu un dimantiem &#8211; Ov\u0101ls smaragds (0.59 ct)\"}]},{\"@type\":\"WebSite\",\"@id\":\"https:\/\/fashiongold.lt\/lv\/#website\",\"url\":\"https:\/\/fashiongold.lt\/lv\/\",\"name\":\"Fashion Gold\",\"description\":\"Juvelyrikos namai\",\"publisher\":{\"@id\":\"https:\/\/fashiongold.lt\/lv\/#organization\"},\"potentialAction\":[{\"@type\":\"SearchAction\",\"target\":{\"@type\":\"EntryPoint\",\"urlTemplate\":\"https:\/\/fashiongold.lt\/lv\/?s={search_term_string}\"},\"query-input\":{\"@type\":\"PropertyValueSpecification\",\"valueRequired\":true,\"valueName\":\"search_term_string\"}}],\"inLanguage\":\"lv-LV\"},{\"@type\":\"Organization\",\"@id\":\"https:\/\/fashiongold.lt\/lv\/#organization\",\"name\":\"Topdiamonds Online\",\"url\":\"https:\/\/fashiongold.lt\/lv\/\",\"logo\":{\"@type\":\"ImageObject\",\"inLanguage\":\"lv-LV\",\"@id\":\"https:\/\/fashiongold.lt\/lv\/#\/schema\/logo\/image\/\",\"url\":\"https:\/\/fashiongold.lt\/wp-content\/uploads\/2025\/04\/cropped-fashion_gold_logotipas2-scaled-1.png\",\"contentUrl\":\"https:\/\/fashiongold.lt\/wp-content\/uploads\/2025\/04\/cropped-fashion_gold_logotipas2-scaled-1.png\",\"width\":2559,\"height\":421,\"caption\":\"Topdiamonds Online\"},\"image\":{\"@id\":\"https:\/\/fashiongold.lt\/lv\/#\/schema\/logo\/image\/\"}}]}<\/script>\n<!-- \/ Yoast SEO plugin. -->","yoast_head_json":{"title":"Saderin\u0101\u0161an\u0101s gredzens ar smaragdu un dimantiem - Ov\u0101ls smaragds","description":"Saderin\u0101\u0161an\u0101s gredzens izce\u013cas ar halo dizainu. Centr\u0101 ir 0,40 kar\u0101tu ov\u0101las formas smaragds, ap kuru ir dimanti, un unik\u0101la st\u012bpi\u0146a. Piem\u0113rots stil\u012bgai sievietei.","robots":{"index":"index","follow":"follow","max-snippet":"max-snippet:-1","max-image-preview":"max-image-preview:large","max-video-preview":"max-video-preview:-1"},"canonical":"https:\/\/fashiongold.lt\/lv\/papuosalas\/halo-saderinasanas-gredzens-ar-smaragdu-un-dimantiem-ovals-smaragds-0-59-ct\/","og_locale":"lv_LV","og_type":"article","og_title":"Saderin\u0101\u0161an\u0101s gredzens ar smaragdu un dimantiem - Ov\u0101ls smaragds","og_description":"Saderin\u0101\u0161an\u0101s gredzens izce\u013cas ar halo dizainu. Centr\u0101 ir 0,40 kar\u0101tu ov\u0101las formas smaragds, ap kuru ir dimanti, un unik\u0101la st\u012bpi\u0146a. Piem\u0113rots stil\u012bgai sievietei.","og_url":"https:\/\/fashiongold.lt\/lv\/papuosalas\/halo-saderinasanas-gredzens-ar-smaragdu-un-dimantiem-ovals-smaragds-0-59-ct\/","og_site_name":"FashionGold.lt","og_image":[{"width":1000,"height":1000,"url":"https:\/\/fashiongold.lt\/wp-content\/uploads\/2025\/10\/25131-33b-Raudono-aukso-halo-suzadetuviu-ziedas-su-smaragdu-ir-deimantais-Ovalus-Smaragdas-0.59-ct.webp","type":"image\/png"}],"twitter_card":"summary_large_image","twitter_misc":{"Est. reading time":"1 minute"},"schema":{"@context":"https:\/\/schema.org","@graph":[{"@type":"WebPage","@id":"https:\/\/fashiongold.lt\/lv\/papuosalas\/halo-saderinasanas-gredzens-ar-smaragdu-un-dimantiem-ovals-smaragds-0-59-ct\/","url":"https:\/\/fashiongold.lt\/lv\/papuosalas\/halo-saderinasanas-gredzens-ar-smaragdu-un-dimantiem-ovals-smaragds-0-59-ct\/","name":"Saderin\u0101\u0161an\u0101s gredzens ar smaragdu un dimantiem - Ov\u0101ls smaragds","isPartOf":{"@id":"https:\/\/fashiongold.lt\/lv\/#website"},"primaryImageOfPage":{"@id":"https:\/\/fashiongold.lt\/lv\/papuosalas\/halo-saderinasanas-gredzens-ar-smaragdu-un-dimantiem-ovals-smaragds-0-59-ct\/#primaryimage"},"image":{"@id":"https:\/\/fashiongold.lt\/lv\/papuosalas\/halo-saderinasanas-gredzens-ar-smaragdu-un-dimantiem-ovals-smaragds-0-59-ct\/#primaryimage"},"thumbnailUrl":"https:\/\/fashiongold.lt\/wp-content\/uploads\/2025\/10\/25131-33b-Raudono-aukso-halo-suzadetuviu-ziedas-su-smaragdu-ir-deimantais-Ovalus-Smaragdas-0.59-ct.png","datePublished":"2025-10-24T06:26:01+00:00","description":"Saderin\u0101\u0161an\u0101s gredzens izce\u013cas ar halo dizainu. Centr\u0101 ir 0,40 kar\u0101tu ov\u0101las formas smaragds, ap kuru ir dimanti, un unik\u0101la st\u012bpi\u0146a. Piem\u0113rots stil\u012bgai sievietei.","breadcrumb":{"@id":"https:\/\/fashiongold.lt\/lv\/papuosalas\/halo-saderinasanas-gredzens-ar-smaragdu-un-dimantiem-ovals-smaragds-0-59-ct\/#breadcrumb"},"inLanguage":"lv-LV","potentialAction":[{"@type":"ReadAction","target":["https:\/\/fashiongold.lt\/lv\/papuosalas\/halo-saderinasanas-gredzens-ar-smaragdu-un-dimantiem-ovals-smaragds-0-59-ct\/"]}]},{"@type":"ImageObject","inLanguage":"lv-LV","@id":"https:\/\/fashiongold.lt\/lv\/papuosalas\/halo-saderinasanas-gredzens-ar-smaragdu-un-dimantiem-ovals-smaragds-0-59-ct\/#primaryimage","url":"https:\/\/fashiongold.lt\/wp-content\/uploads\/2025\/10\/25131-33b-Raudono-aukso-halo-suzadetuviu-ziedas-su-smaragdu-ir-deimantais-Ovalus-Smaragdas-0.59-ct.png","contentUrl":"https:\/\/fashiongold.lt\/wp-content\/uploads\/2025\/10\/25131-33b-Raudono-aukso-halo-suzadetuviu-ziedas-su-smaragdu-ir-deimantais-Ovalus-Smaragdas-0.59-ct.png","width":1000,"height":1000},{"@type":"BreadcrumbList","@id":"https:\/\/fashiongold.lt\/lv\/papuosalas\/halo-saderinasanas-gredzens-ar-smaragdu-un-dimantiem-ovals-smaragds-0-59-ct\/#breadcrumb","itemListElement":[{"@type":"ListItem","position":1,"name":"Home","item":"https:\/\/fashiongold.lt\/lv\/"},{"@type":"ListItem","position":2,"name":"Dimantu veikals Fashiongold.lt","item":"https:\/\/fashiongold.lt\/shop-2\/"},{"@type":"ListItem","position":3,"name":"Halo saderin\u0101\u0161an\u0101s gredzens ar smaragdu un dimantiem &#8211; Ov\u0101ls smaragds (0.59 ct)"}]},{"@type":"WebSite","@id":"https:\/\/fashiongold.lt\/lv\/#website","url":"https:\/\/fashiongold.lt\/lv\/","name":"Fashion Gold","description":"Juvelyrikos namai","publisher":{"@id":"https:\/\/fashiongold.lt\/lv\/#organization"},"potentialAction":[{"@type":"SearchAction","target":{"@type":"EntryPoint","urlTemplate":"https:\/\/fashiongold.lt\/lv\/?s={search_term_string}"},"query-input":{"@type":"PropertyValueSpecification","valueRequired":true,"valueName":"search_term_string"}}],"inLanguage":"lv-LV"},{"@type":"Organization","@id":"https:\/\/fashiongold.lt\/lv\/#organization","name":"Topdiamonds Online","url":"https:\/\/fashiongold.lt\/lv\/","logo":{"@type":"ImageObject","inLanguage":"lv-LV","@id":"https:\/\/fashiongold.lt\/lv\/#\/schema\/logo\/image\/","url":"https:\/\/fashiongold.lt\/wp-content\/uploads\/2025\/04\/cropped-fashion_gold_logotipas2-scaled-1.png","contentUrl":"https:\/\/fashiongold.lt\/wp-content\/uploads\/2025\/04\/cropped-fashion_gold_logotipas2-scaled-1.png","width":2559,"height":421,"caption":"Topdiamonds Online"},"image":{"@id":"https:\/\/fashiongold.lt\/lv\/#\/schema\/logo\/image\/"}}]}},"_links":{"self":[{"href":"https:\/\/fashiongold.lt\/lv\/wp-json\/wp\/v2\/product\/273454","targetHints":{"allow":["GET"]}}],"collection":[{"href":"https:\/\/fashiongold.lt\/lv\/wp-json\/wp\/v2\/product"}],"about":[{"href":"https:\/\/fashiongold.lt\/lv\/wp-json\/wp\/v2\/types\/product"}],"version-history":[{"count":0,"href":"https:\/\/fashiongold.lt\/lv\/wp-json\/wp\/v2\/product\/273454\/revisions"}],"wp:featuredmedia":[{"embeddable":true,"href":"https:\/\/fashiongold.lt\/lv\/wp-json\/wp\/v2\/media\/227814"}],"wp:attachment":[{"href":"https:\/\/fashiongold.lt\/lv\/wp-json\/wp\/v2\/media?parent=273454"}],"wp:term":[{"taxonomy":"product_brand","embeddable":true,"href":"https:\/\/fashiongold.lt\/lv\/wp-json\/wp\/v2\/product_brand?post=273454"},{"taxonomy":"product_cat","embeddable":true,"href":"https:\/\/fashiongold.lt\/lv\/wp-json\/wp\/v2\/product_cat?post=273454"},{"taxonomy":"product_tag","embeddable":true,"href":"https:\/\/fashiongold.lt\/lv\/wp-json\/wp\/v2\/product_tag?post=273454"}],"curies":[{"name":"wp","href":"https:\/\/api.w.org\/{rel}","templated":true}]}}