{"id":273476,"date":"2025-10-23T23:57:41","date_gmt":"2025-10-23T23:57:41","guid":{"rendered":"https:\/\/fashiongold.lt\/papuosalas\/zelta-kedite-un-grezns-kulons-ar-1-00-ct-cushion-laboratorija-audzetiem-dimantiem-audzeti-dimanti\/"},"modified":"2025-10-23T23:57:41","modified_gmt":"2025-10-23T23:57:41","slug":"zelta-kedite-un-grezns-kulons-ar-1-00-ct-cushion-laboratorija-audzetiem-dimantiem-audzeti-dimanti","status":"publish","type":"product","link":"https:\/\/fashiongold.lt\/lv\/papuosalas\/zelta-kedite-un-grezns-kulons-ar-1-00-ct-cushion-laboratorija-audzetiem-dimantiem-audzeti-dimanti\/","title":{"rendered":"Zelta \u0137\u0113d\u012bte un grezns kulons ar 1.00 ct Cushion laboratorij\u0101 audz\u0113tiem dimantiem (audz\u0113ti dimanti)"},"content":{"rendered":"<p>Ra\u017eots Lietuv\u0101. Kulons var tikt izgatavots p\u0113c pas\u016bt\u012bjuma: no sarkan\u0101, dzelten\u0101 un balt\u0101 zelta.<\/p>\n<p>\u2022 Kulona un \u0137\u0113d\u012btes zelts: 14 K (585 prove), varam izgatavot no 10K (375 proves), 18K (750 proves)<\/p>\n<p>\u2022 Kulona un \u0137\u0113d\u012btes kr\u0101sa: var izv\u0113l\u0113ties balto, dzelteno, sarkano zeltu<\/p>\n<p>\u2022 Kulona un \u0137\u0113d\u012btes svars (atkar\u012bgs no izm\u0113ra un proves): aptuveni 2,00 &#8211; 3,00 g<\/p>\n<p>\u2022 Kulona un \u0137\u0113d\u012btes izm\u0113ri: (iesp\u0113jams main\u012bt)<\/p>\n<p>\u2022 Dimanta tips: laboratorij\u0101 audz\u0113ti dimanti (Lab Grown Diamonds)<\/p>\n<p>\u2022 Dimanta forma: Cushion forma (Cushion cut)<\/p>\n<p>\u2022 Dimanta raksturojums: kop\u0113jais svars 0,80 ct, (1&#215;0,30 ct Emerald formas, 0,20 ct &#8211; apa\u013ci dimanti) kr\u0101sa D-E(EW); t\u012br\u012bba VVS<\/p>\n<p>\u2022 Sertifik\u0101ts: Lietuvas Prove\u0161anas pal\u0101ta (LPR) un papildus starptautiskais sertifik\u0101ts IGI<\/p>\n<p>\u2022 \u0136\u0113d\u012btes garums: regul\u0113jams 42-45 cm<\/p>\n<p>\u2022 Izgatavo\u0161anas un pieg\u0101des termi\u0146\u0161 no 14 darba dien\u0101m, steidzam\u012bbas k\u0101rt\u0101 3 d. d. laik\u0101.<\/p>\n<p><strong>Vai jums ir savs zelts? Sazinieties ar mums, m\u0113s p\u0101rr\u0113\u0137in\u0101sim cenu \u2013 j\u016bs maks\u0101siet tikai par gredzenu izgatavo\u0161anu.<\/strong><\/p>\n","protected":false},"excerpt":{"rendered":"<p>\u013baujiet sav\u0101m zvaigzn\u0113m mirdz\u0113t ar zelta \u0137\u0113d\u012bti un greznu, mirdzo\u0161u Halo dizaina kulonu. 0.80 ct Cushion formas dimants, ko ieskauj s\u012bki dimanti (0,20 ct), pie\u0161\u0137irot \u012bpa\u0161u \u0161armu j\u016bsu ac\u012bm un \u012bpa\u0161iem mirk\u013ciem.<\/p>\n","protected":false},"featured_media":248859,"template":"","meta":{"site-sidebar-layout":"","site-content-layout":"","ast-site-content-layout":"","site-content-style":"","site-sidebar-style":"","ast-global-header-display":"","ast-banner-title-visibility":"","ast-main-header-display":"","ast-hfb-above-header-display":"","ast-hfb-below-header-display":"","ast-hfb-mobile-header-display":"","site-post-title":"","ast-breadcrumbs-content":"","ast-featured-img":"","footer-sml-layout":"","ast-disable-related-posts":"","theme-transparent-header-meta":"","adv-header-id-meta":"","stick-header-meta":"","header-above-stick-meta":"","header-main-stick-meta":"","header-below-stick-meta":"","astra-migrate-meta-layouts":"default","ast-page-background-enabled":"default","ast-page-background-meta":{"desktop":{"background-color":"var(--ast-global-color-4)","background-image":"","background-repeat":"repeat","background-position":"center center","background-size":"auto","background-attachment":"scroll","background-type":"","background-media":"","overlay-type":"","overlay-color":"","overlay-opacity":"","overlay-gradient":""},"tablet":{"background-color":"","background-image":"","background-repeat":"repeat","background-position":"center center","background-size":"auto","background-attachment":"scroll","background-type":"","background-media":"","overlay-type":"","overlay-color":"","overlay-opacity":"","overlay-gradient":""},"mobile":{"background-color":"","background-image":"","background-repeat":"repeat","background-position":"center center","background-size":"auto","background-attachment":"scroll","background-type":"","background-media":"","overlay-type":"","overlay-color":"","overlay-opacity":"","overlay-gradient":""}},"ast-content-background-meta":{"desktop":{"background-color":"var(--ast-global-color-5)","background-image":"","background-repeat":"repeat","background-position":"center center","background-size":"auto","background-attachment":"scroll","background-type":"","background-media":"","overlay-type":"","overlay-color":"","overlay-opacity":"","overlay-gradient":""},"tablet":{"background-color":"var(--ast-global-color-5)","background-image":"","background-repeat":"repeat","background-position":"center center","background-size":"auto","background-attachment":"scroll","background-type":"","background-media":"","overlay-type":"","overlay-color":"","overlay-opacity":"","overlay-gradient":""},"mobile":{"background-color":"var(--ast-global-color-5)","background-image":"","background-repeat":"repeat","background-position":"center center","background-size":"auto","background-attachment":"scroll","background-type":"","background-media":"","overlay-type":"","overlay-color":"","overlay-opacity":"","overlay-gradient":""}}},"product_brand":[],"product_cat":[2919,2915,2913,2921,2920,3403,2916,2914,3034,3042,3504,3492,3490,3401,3028,2922,2936,2918],"product_tag":[],"class_list":{"0":"post-273476","1":"product","2":"type-product","3":"status-publish","4":"has-post-thumbnail","6":"product_cat-baltzelta-rotaslietas","7":"product_cat-davanas-berna-piedzimsanai","8":"product_cat-davanas-dzimsanas-diena","9":"product_cat-davanas-ipasiem-gadijumiem","10":"product_cat-davanas-izlaidumam","11":"product_cat-davanas-kazam","12":"product_cat-davanas-kazu-gadadiena","13":"product_cat-davanas-sievietem","14":"product_cat-halo-dizaina-kedite-ar-kulonu","15":"product_cat-juvelierizstradajumi","16":"product_cat-juvelierizstradajumi-ar-laboratorija-audzetiem-dimantiem","17":"product_cat-kedite-ar-dimantu","18":"product_cat-kedites-ar-dimantiem","19":"product_cat-kristibu-davanas","20":"product_cat-kuloni-ar-dimantiem","21":"product_cat-mates-dienas-davanas","22":"product_cat-valentindienas-davanas","23":"product_cat-ziemassvetku-davanas","24":"desktop-align-center","25":"tablet-align-left","26":"mobile-align-left","27":"ast-product-gallery-layout-horizontal-slider","28":"ast-product-gallery-with-no-image","29":"ast-product-single-variable","30":"ast-product-tabs-layout-accordion","31":"ast-qv-on-image","33":"first","34":"instock","35":"taxable","36":"shipping-taxable","37":"purchasable","38":"product-type-variable"},"yoast_head":"<!-- This site is optimized with the Yoast SEO plugin v26.6 - https:\/\/yoast.com\/wordpress\/plugins\/seo\/ -->\n<title>Piekari\u0146\u0161 ar 1.00 ct Cushion laboratorij\u0101 audz\u0113tiem dimantiem un \u0137\u0113d\u012bte<\/title>\n<meta name=\"description\" content=\"Halo dizaina luksusa kulons ar Cushion formas 1.00 ct Lab Grown dimantiem un zelta \u0137\u0113d\u012bti. Ekskluz\u012bva d\u0101vana \u012bpa\u0161iem gad\u012bjumiem.\" \/>\n<meta name=\"robots\" content=\"index, follow, max-snippet:-1, max-image-preview:large, max-video-preview:-1\" \/>\n<link rel=\"canonical\" href=\"https:\/\/fashiongold.lt\/lv\/papuosalas\/zelta-kedite-un-grezns-kulons-ar-1-00-ct-cushion-laboratorija-audzetiem-dimantiem-audzeti-dimanti\/\" \/>\n<meta property=\"og:locale\" content=\"lv_LV\" \/>\n<meta property=\"og:type\" content=\"article\" \/>\n<meta property=\"og:title\" content=\"Piekari\u0146\u0161 ar 1.00 ct Cushion laboratorij\u0101 audz\u0113tiem dimantiem un \u0137\u0113d\u012bte\" \/>\n<meta property=\"og:description\" content=\"Halo dizaina luksusa kulons ar Cushion formas 1.00 ct Lab Grown dimantiem un zelta \u0137\u0113d\u012bti. Ekskluz\u012bva d\u0101vana \u012bpa\u0161iem gad\u012bjumiem.\" \/>\n<meta property=\"og:url\" content=\"https:\/\/fashiongold.lt\/lv\/papuosalas\/zelta-kedite-un-grezns-kulons-ar-1-00-ct-cushion-laboratorija-audzetiem-dimantiem-audzeti-dimanti\/\" \/>\n<meta property=\"og:site_name\" content=\"FashionGold.lt\" \/>\n<meta property=\"og:image\" content=\"https:\/\/fashiongold.lt\/wp-content\/uploads\/2025\/10\/10758-54e-Balto-aukso-auksine-grandinele-ir-prabangus-pakabukas-su-1.00-ct-Cushion-uzauginti-deimantai.webp\" \/>\n\t<meta property=\"og:image:width\" content=\"1000\" \/>\n\t<meta property=\"og:image:height\" content=\"1000\" \/>\n\t<meta property=\"og:image:type\" content=\"image\/png\" \/>\n<meta name=\"twitter:card\" content=\"summary_large_image\" \/>\n<meta name=\"twitter:label1\" content=\"Est. reading time\" \/>\n\t<meta name=\"twitter:data1\" content=\"1 minute\" \/>\n<script type=\"application\/ld+json\" class=\"yoast-schema-graph\">{\"@context\":\"https:\/\/schema.org\",\"@graph\":[{\"@type\":\"WebPage\",\"@id\":\"https:\/\/fashiongold.lt\/lv\/papuosalas\/zelta-kedite-un-grezns-kulons-ar-1-00-ct-cushion-laboratorija-audzetiem-dimantiem-audzeti-dimanti\/\",\"url\":\"https:\/\/fashiongold.lt\/lv\/papuosalas\/zelta-kedite-un-grezns-kulons-ar-1-00-ct-cushion-laboratorija-audzetiem-dimantiem-audzeti-dimanti\/\",\"name\":\"Piekari\u0146\u0161 ar 1.00 ct Cushion laboratorij\u0101 audz\u0113tiem dimantiem un \u0137\u0113d\u012bte\",\"isPartOf\":{\"@id\":\"https:\/\/fashiongold.lt\/lv\/#website\"},\"primaryImageOfPage\":{\"@id\":\"https:\/\/fashiongold.lt\/lv\/papuosalas\/zelta-kedite-un-grezns-kulons-ar-1-00-ct-cushion-laboratorija-audzetiem-dimantiem-audzeti-dimanti\/#primaryimage\"},\"image\":{\"@id\":\"https:\/\/fashiongold.lt\/lv\/papuosalas\/zelta-kedite-un-grezns-kulons-ar-1-00-ct-cushion-laboratorija-audzetiem-dimantiem-audzeti-dimanti\/#primaryimage\"},\"thumbnailUrl\":\"https:\/\/fashiongold.lt\/wp-content\/uploads\/2025\/10\/10758-54e-Balto-aukso-auksine-grandinele-ir-prabangus-pakabukas-su-1.00-ct-Cushion-uzauginti-deimantai.png\",\"datePublished\":\"2025-10-23T23:57:41+00:00\",\"description\":\"Halo dizaina luksusa kulons ar Cushion formas 1.00 ct Lab Grown dimantiem un zelta \u0137\u0113d\u012bti. Ekskluz\u012bva d\u0101vana \u012bpa\u0161iem gad\u012bjumiem.\",\"breadcrumb\":{\"@id\":\"https:\/\/fashiongold.lt\/lv\/papuosalas\/zelta-kedite-un-grezns-kulons-ar-1-00-ct-cushion-laboratorija-audzetiem-dimantiem-audzeti-dimanti\/#breadcrumb\"},\"inLanguage\":\"lv-LV\",\"potentialAction\":[{\"@type\":\"ReadAction\",\"target\":[\"https:\/\/fashiongold.lt\/lv\/papuosalas\/zelta-kedite-un-grezns-kulons-ar-1-00-ct-cushion-laboratorija-audzetiem-dimantiem-audzeti-dimanti\/\"]}]},{\"@type\":\"ImageObject\",\"inLanguage\":\"lv-LV\",\"@id\":\"https:\/\/fashiongold.lt\/lv\/papuosalas\/zelta-kedite-un-grezns-kulons-ar-1-00-ct-cushion-laboratorija-audzetiem-dimantiem-audzeti-dimanti\/#primaryimage\",\"url\":\"https:\/\/fashiongold.lt\/wp-content\/uploads\/2025\/10\/10758-54e-Balto-aukso-auksine-grandinele-ir-prabangus-pakabukas-su-1.00-ct-Cushion-uzauginti-deimantai.png\",\"contentUrl\":\"https:\/\/fashiongold.lt\/wp-content\/uploads\/2025\/10\/10758-54e-Balto-aukso-auksine-grandinele-ir-prabangus-pakabukas-su-1.00-ct-Cushion-uzauginti-deimantai.png\",\"width\":1000,\"height\":1000},{\"@type\":\"BreadcrumbList\",\"@id\":\"https:\/\/fashiongold.lt\/lv\/papuosalas\/zelta-kedite-un-grezns-kulons-ar-1-00-ct-cushion-laboratorija-audzetiem-dimantiem-audzeti-dimanti\/#breadcrumb\",\"itemListElement\":[{\"@type\":\"ListItem\",\"position\":1,\"name\":\"Home\",\"item\":\"https:\/\/fashiongold.lt\/lv\/\"},{\"@type\":\"ListItem\",\"position\":2,\"name\":\"Dimantu veikals Fashiongold.lt\",\"item\":\"https:\/\/fashiongold.lt\/shop-2\/\"},{\"@type\":\"ListItem\",\"position\":3,\"name\":\"Zelta \u0137\u0113d\u012bte un grezns kulons ar 1.00 ct Cushion laboratorij\u0101 audz\u0113tiem dimantiem (audz\u0113ti dimanti)\"}]},{\"@type\":\"WebSite\",\"@id\":\"https:\/\/fashiongold.lt\/lv\/#website\",\"url\":\"https:\/\/fashiongold.lt\/lv\/\",\"name\":\"Fashion Gold\",\"description\":\"Juvelyrikos namai\",\"publisher\":{\"@id\":\"https:\/\/fashiongold.lt\/lv\/#organization\"},\"potentialAction\":[{\"@type\":\"SearchAction\",\"target\":{\"@type\":\"EntryPoint\",\"urlTemplate\":\"https:\/\/fashiongold.lt\/lv\/?s={search_term_string}\"},\"query-input\":{\"@type\":\"PropertyValueSpecification\",\"valueRequired\":true,\"valueName\":\"search_term_string\"}}],\"inLanguage\":\"lv-LV\"},{\"@type\":\"Organization\",\"@id\":\"https:\/\/fashiongold.lt\/lv\/#organization\",\"name\":\"Topdiamonds Online\",\"url\":\"https:\/\/fashiongold.lt\/lv\/\",\"logo\":{\"@type\":\"ImageObject\",\"inLanguage\":\"lv-LV\",\"@id\":\"https:\/\/fashiongold.lt\/lv\/#\/schema\/logo\/image\/\",\"url\":\"https:\/\/fashiongold.lt\/wp-content\/uploads\/2025\/04\/cropped-fashion_gold_logotipas2-scaled-1.png\",\"contentUrl\":\"https:\/\/fashiongold.lt\/wp-content\/uploads\/2025\/04\/cropped-fashion_gold_logotipas2-scaled-1.png\",\"width\":2559,\"height\":421,\"caption\":\"Topdiamonds Online\"},\"image\":{\"@id\":\"https:\/\/fashiongold.lt\/lv\/#\/schema\/logo\/image\/\"}}]}<\/script>\n<!-- \/ Yoast SEO plugin. -->","yoast_head_json":{"title":"Piekari\u0146\u0161 ar 1.00 ct Cushion laboratorij\u0101 audz\u0113tiem dimantiem un \u0137\u0113d\u012bte","description":"Halo dizaina luksusa kulons ar Cushion formas 1.00 ct Lab Grown dimantiem un zelta \u0137\u0113d\u012bti. Ekskluz\u012bva d\u0101vana \u012bpa\u0161iem gad\u012bjumiem.","robots":{"index":"index","follow":"follow","max-snippet":"max-snippet:-1","max-image-preview":"max-image-preview:large","max-video-preview":"max-video-preview:-1"},"canonical":"https:\/\/fashiongold.lt\/lv\/papuosalas\/zelta-kedite-un-grezns-kulons-ar-1-00-ct-cushion-laboratorija-audzetiem-dimantiem-audzeti-dimanti\/","og_locale":"lv_LV","og_type":"article","og_title":"Piekari\u0146\u0161 ar 1.00 ct Cushion laboratorij\u0101 audz\u0113tiem dimantiem un \u0137\u0113d\u012bte","og_description":"Halo dizaina luksusa kulons ar Cushion formas 1.00 ct Lab Grown dimantiem un zelta \u0137\u0113d\u012bti. Ekskluz\u012bva d\u0101vana \u012bpa\u0161iem gad\u012bjumiem.","og_url":"https:\/\/fashiongold.lt\/lv\/papuosalas\/zelta-kedite-un-grezns-kulons-ar-1-00-ct-cushion-laboratorija-audzetiem-dimantiem-audzeti-dimanti\/","og_site_name":"FashionGold.lt","og_image":[{"width":1000,"height":1000,"url":"https:\/\/fashiongold.lt\/wp-content\/uploads\/2025\/10\/10758-54e-Balto-aukso-auksine-grandinele-ir-prabangus-pakabukas-su-1.00-ct-Cushion-uzauginti-deimantai.webp","type":"image\/png"}],"twitter_card":"summary_large_image","twitter_misc":{"Est. reading time":"1 minute"},"schema":{"@context":"https:\/\/schema.org","@graph":[{"@type":"WebPage","@id":"https:\/\/fashiongold.lt\/lv\/papuosalas\/zelta-kedite-un-grezns-kulons-ar-1-00-ct-cushion-laboratorija-audzetiem-dimantiem-audzeti-dimanti\/","url":"https:\/\/fashiongold.lt\/lv\/papuosalas\/zelta-kedite-un-grezns-kulons-ar-1-00-ct-cushion-laboratorija-audzetiem-dimantiem-audzeti-dimanti\/","name":"Piekari\u0146\u0161 ar 1.00 ct Cushion laboratorij\u0101 audz\u0113tiem dimantiem un \u0137\u0113d\u012bte","isPartOf":{"@id":"https:\/\/fashiongold.lt\/lv\/#website"},"primaryImageOfPage":{"@id":"https:\/\/fashiongold.lt\/lv\/papuosalas\/zelta-kedite-un-grezns-kulons-ar-1-00-ct-cushion-laboratorija-audzetiem-dimantiem-audzeti-dimanti\/#primaryimage"},"image":{"@id":"https:\/\/fashiongold.lt\/lv\/papuosalas\/zelta-kedite-un-grezns-kulons-ar-1-00-ct-cushion-laboratorija-audzetiem-dimantiem-audzeti-dimanti\/#primaryimage"},"thumbnailUrl":"https:\/\/fashiongold.lt\/wp-content\/uploads\/2025\/10\/10758-54e-Balto-aukso-auksine-grandinele-ir-prabangus-pakabukas-su-1.00-ct-Cushion-uzauginti-deimantai.png","datePublished":"2025-10-23T23:57:41+00:00","description":"Halo dizaina luksusa kulons ar Cushion formas 1.00 ct Lab Grown dimantiem un zelta \u0137\u0113d\u012bti. Ekskluz\u012bva d\u0101vana \u012bpa\u0161iem gad\u012bjumiem.","breadcrumb":{"@id":"https:\/\/fashiongold.lt\/lv\/papuosalas\/zelta-kedite-un-grezns-kulons-ar-1-00-ct-cushion-laboratorija-audzetiem-dimantiem-audzeti-dimanti\/#breadcrumb"},"inLanguage":"lv-LV","potentialAction":[{"@type":"ReadAction","target":["https:\/\/fashiongold.lt\/lv\/papuosalas\/zelta-kedite-un-grezns-kulons-ar-1-00-ct-cushion-laboratorija-audzetiem-dimantiem-audzeti-dimanti\/"]}]},{"@type":"ImageObject","inLanguage":"lv-LV","@id":"https:\/\/fashiongold.lt\/lv\/papuosalas\/zelta-kedite-un-grezns-kulons-ar-1-00-ct-cushion-laboratorija-audzetiem-dimantiem-audzeti-dimanti\/#primaryimage","url":"https:\/\/fashiongold.lt\/wp-content\/uploads\/2025\/10\/10758-54e-Balto-aukso-auksine-grandinele-ir-prabangus-pakabukas-su-1.00-ct-Cushion-uzauginti-deimantai.png","contentUrl":"https:\/\/fashiongold.lt\/wp-content\/uploads\/2025\/10\/10758-54e-Balto-aukso-auksine-grandinele-ir-prabangus-pakabukas-su-1.00-ct-Cushion-uzauginti-deimantai.png","width":1000,"height":1000},{"@type":"BreadcrumbList","@id":"https:\/\/fashiongold.lt\/lv\/papuosalas\/zelta-kedite-un-grezns-kulons-ar-1-00-ct-cushion-laboratorija-audzetiem-dimantiem-audzeti-dimanti\/#breadcrumb","itemListElement":[{"@type":"ListItem","position":1,"name":"Home","item":"https:\/\/fashiongold.lt\/lv\/"},{"@type":"ListItem","position":2,"name":"Dimantu veikals Fashiongold.lt","item":"https:\/\/fashiongold.lt\/shop-2\/"},{"@type":"ListItem","position":3,"name":"Zelta \u0137\u0113d\u012bte un grezns kulons ar 1.00 ct Cushion laboratorij\u0101 audz\u0113tiem dimantiem (audz\u0113ti dimanti)"}]},{"@type":"WebSite","@id":"https:\/\/fashiongold.lt\/lv\/#website","url":"https:\/\/fashiongold.lt\/lv\/","name":"Fashion Gold","description":"Juvelyrikos namai","publisher":{"@id":"https:\/\/fashiongold.lt\/lv\/#organization"},"potentialAction":[{"@type":"SearchAction","target":{"@type":"EntryPoint","urlTemplate":"https:\/\/fashiongold.lt\/lv\/?s={search_term_string}"},"query-input":{"@type":"PropertyValueSpecification","valueRequired":true,"valueName":"search_term_string"}}],"inLanguage":"lv-LV"},{"@type":"Organization","@id":"https:\/\/fashiongold.lt\/lv\/#organization","name":"Topdiamonds Online","url":"https:\/\/fashiongold.lt\/lv\/","logo":{"@type":"ImageObject","inLanguage":"lv-LV","@id":"https:\/\/fashiongold.lt\/lv\/#\/schema\/logo\/image\/","url":"https:\/\/fashiongold.lt\/wp-content\/uploads\/2025\/04\/cropped-fashion_gold_logotipas2-scaled-1.png","contentUrl":"https:\/\/fashiongold.lt\/wp-content\/uploads\/2025\/04\/cropped-fashion_gold_logotipas2-scaled-1.png","width":2559,"height":421,"caption":"Topdiamonds Online"},"image":{"@id":"https:\/\/fashiongold.lt\/lv\/#\/schema\/logo\/image\/"}}]}},"_links":{"self":[{"href":"https:\/\/fashiongold.lt\/lv\/wp-json\/wp\/v2\/product\/273476","targetHints":{"allow":["GET"]}}],"collection":[{"href":"https:\/\/fashiongold.lt\/lv\/wp-json\/wp\/v2\/product"}],"about":[{"href":"https:\/\/fashiongold.lt\/lv\/wp-json\/wp\/v2\/types\/product"}],"version-history":[{"count":0,"href":"https:\/\/fashiongold.lt\/lv\/wp-json\/wp\/v2\/product\/273476\/revisions"}],"wp:featuredmedia":[{"embeddable":true,"href":"https:\/\/fashiongold.lt\/lv\/wp-json\/wp\/v2\/media\/248859"}],"wp:attachment":[{"href":"https:\/\/fashiongold.lt\/lv\/wp-json\/wp\/v2\/media?parent=273476"}],"wp:term":[{"taxonomy":"product_brand","embeddable":true,"href":"https:\/\/fashiongold.lt\/lv\/wp-json\/wp\/v2\/product_brand?post=273476"},{"taxonomy":"product_cat","embeddable":true,"href":"https:\/\/fashiongold.lt\/lv\/wp-json\/wp\/v2\/product_cat?post=273476"},{"taxonomy":"product_tag","embeddable":true,"href":"https:\/\/fashiongold.lt\/lv\/wp-json\/wp\/v2\/product_tag?post=273476"}],"curies":[{"name":"wp","href":"https:\/\/api.w.org\/{rel}","templated":true}]}}