{"id":273534,"date":"2025-10-24T04:48:37","date_gmt":"2025-10-24T04:48:37","guid":{"rendered":"https:\/\/fashiongold.lt\/papuosalas\/halo-saderinasanas-gredzens-ar-rubinu-un-dimantiem-rubins-0-68-ct\/"},"modified":"2025-10-24T04:48:37","modified_gmt":"2025-10-24T04:48:37","slug":"halo-saderinasanas-gredzens-ar-rubinu-un-dimantiem-rubins-0-68-ct","status":"publish","type":"product","link":"https:\/\/fashiongold.lt\/lv\/papuosalas\/halo-saderinasanas-gredzens-ar-rubinu-un-dimantiem-rubins-0-68-ct\/","title":{"rendered":"Halo saderin\u0101\u0161an\u0101s gredzens ar rub\u012bnu un dimantiem &#8211; Rub\u012bns (0.68 ct)"},"content":{"rendered":"<h2>Saderin\u0101\u0161an\u0101s gredzens ar rub\u012bnu un dimantiem &#8211; Ruby (0.68 ct)<\/h2>\n<h3>Halo saderin\u0101\u0161an\u0101s gredzens ar 0,60 kar\u0101tu rub\u012bnu un dimantiem ap rub\u012bnu, ar \u012bpa\u0161u st\u012bpi\u0146u. Dab\u012bgie dimanti.<\/h3>\n<p><span style=\"font-size: 11px;\">Izgatavots Lietuv\u0101 no augstas kvalit\u0101tes d\u0101rgakme\u0146iem. Lieliska izv\u0113le stil\u012bgai sievietei. Ma\u0123iskais rub\u012bna sp\u0113ks \u2013 darbojas k\u0101 amulets vai talismans, sniedz \u012bpa\u0161niekam vesel\u012bbu, prieku, labkl\u0101j\u012bbu, laimi un veiksmi. Lielisks \u0123imenes aizsardz\u012bbas un m\u012blest\u012bbas talismans. Rub\u012bns piem\u0113rots Auniem, Dv\u012b\u0146iem, Lauv\u0101m, V\u0113r\u0161iem, V\u0113\u017eiem, Skorpioniem, Str\u0113lniekiem, Me\u017e\u0101\u017eiem, \u016adensv\u012briem un Ziv\u012bm.<\/span><\/p>\n<p>\u2022 Gredzena zelts: 14K (585. prove), varam izgatavot no 10K (375. proves), 18K (750. proves), 950 plat\u012bna \u00a0 \u00a0<\/p>\n<p>\u2022 Gredzena kr\u0101sa: baltais zelts, sarkanais zelts, dzeltenais zelts\u00a0 \u00a0 \u00a0 \u00a0 \u00a0<\/p>\n<p>\u2022 Gredzena svars: aptuveni 2,20 &#8211; 2,50 g\u00a0 \u00a0 \u00a0 \u00a0 \u00a0<\/p>\n<p>\u2022 Dimanta tips: Dab\u012bgais dimants\u00a0 \u00a0 \u00a0 \u00a0<\/p>\n<p>\u2022 Dimanta forma: apa\u013ca forma (fRound shape)\u00a0 \u00a0 \u00a0 \u00a0<\/p>\n<p>\u2022 Dimanta raksturojums: 0,08 ct, kr\u0101sa G-H (RW-W); dzidrums SI\u00a0 \u00a0 \u00a0 \u00a0<\/p>\n<p>\u2022 Centr\u0101lais akmens: ov\u0101las formas rub\u012bns &#8211; 0.60 ct\u00a0 \u00a0 \u00a0 \u00a0 \u00a0<\/p>\n<p>\u2022 Sertifik\u0101ts: Lietuvas Prove\u0161anas pal\u0101ta (LPR)\u00a0 \u00a0 \u00a0 \u00a0 \u00a0<\/p>\n<p>\u2022 Gredzena izm\u0113ri: kro\u0146a platums &#8211; aptuveni 8.50 mm, st\u012bpi\u0146as platums &#8211; aptuveni 2,00 mm (izm\u0113ri ir aptuveni un var at\u0161\u0137irties atkar\u012bb\u0101 no gredzena izm\u0113ra)\u00a0\u00a0<\/p>\n<p>\u2022 Grav\u0113\u0161ana bez maksas\u00a0 \u00a0\u00a0<\/p>\n<p>\u2022 Vienreiz\u0113ja bezmaksas gredzena izm\u0113ra mai\u0146as garantija (p\u0113c iesp\u0113jas)\u00a0 \u00a0 \u00a0<\/p>\n<p>\u2022 Izgatavo\u0161anas un pieg\u0101des termi\u0146\u0161 no 14 darba dien\u0101m, steidzam\u012bbas k\u0101rt\u0101 3 darba dienu laik\u0101.\u00a0 \u00a0<\/p>\n<p><strong>Jums ir savs zelts vai d\u0101rgakme\u0146i? Sazinieties ar mums, m\u0113s p\u0101rr\u0113\u0137in\u0101sim cenu \u2013 j\u016bs maks\u0101siet tikai par gredzena izgatavo\u0161anu.<\/strong><\/p>\n","protected":false},"excerpt":{"rendered":"<p>Saderin\u0101\u0161an\u0101s gredzens ar ov\u0101las formas rub\u012bnu centr\u0101 un dimantiem apk\u0101rt. Halo dizains, kas simboliz\u0113 m\u012blest\u012bbu. Lieliska izv\u0113le saderin\u0101\u0161an\u0101s br\u012bdim un \u012bpa\u0161iem gad\u012bjumiem.<\/p>\n","protected":false},"featured_media":256367,"template":"","meta":{"site-sidebar-layout":"","site-content-layout":"","ast-site-content-layout":"","site-content-style":"","site-sidebar-style":"","ast-global-header-display":"","ast-banner-title-visibility":"","ast-main-header-display":"","ast-hfb-above-header-display":"","ast-hfb-below-header-display":"","ast-hfb-mobile-header-display":"","site-post-title":"","ast-breadcrumbs-content":"","ast-featured-img":"","footer-sml-layout":"","ast-disable-related-posts":"","theme-transparent-header-meta":"","adv-header-id-meta":"","stick-header-meta":"","header-above-stick-meta":"","header-main-stick-meta":"","header-below-stick-meta":"","astra-migrate-meta-layouts":"default","ast-page-background-enabled":"default","ast-page-background-meta":{"desktop":{"background-color":"var(--ast-global-color-4)","background-image":"","background-repeat":"repeat","background-position":"center center","background-size":"auto","background-attachment":"scroll","background-type":"","background-media":"","overlay-type":"","overlay-color":"","overlay-opacity":"","overlay-gradient":""},"tablet":{"background-color":"","background-image":"","background-repeat":"repeat","background-position":"center center","background-size":"auto","background-attachment":"scroll","background-type":"","background-media":"","overlay-type":"","overlay-color":"","overlay-opacity":"","overlay-gradient":""},"mobile":{"background-color":"","background-image":"","background-repeat":"repeat","background-position":"center center","background-size":"auto","background-attachment":"scroll","background-type":"","background-media":"","overlay-type":"","overlay-color":"","overlay-opacity":"","overlay-gradient":""}},"ast-content-background-meta":{"desktop":{"background-color":"var(--ast-global-color-5)","background-image":"","background-repeat":"repeat","background-position":"center center","background-size":"auto","background-attachment":"scroll","background-type":"","background-media":"","overlay-type":"","overlay-color":"","overlay-opacity":"","overlay-gradient":""},"tablet":{"background-color":"var(--ast-global-color-5)","background-image":"","background-repeat":"repeat","background-position":"center center","background-size":"auto","background-attachment":"scroll","background-type":"","background-media":"","overlay-type":"","overlay-color":"","overlay-opacity":"","overlay-gradient":""},"mobile":{"background-color":"var(--ast-global-color-5)","background-image":"","background-repeat":"repeat","background-position":"center center","background-size":"auto","background-attachment":"scroll","background-type":"","background-media":"","overlay-type":"","overlay-color":"","overlay-opacity":"","overlay-gradient":""}}},"product_brand":[],"product_cat":[3441,2915,3403,2916,3442,3060,3562,3439,3440,3563,3443,3564,2936],"product_tag":[],"class_list":{"0":"post-273534","1":"product","2":"type-product","3":"status-publish","4":"has-post-thumbnail","6":"product_cat-balta-zelta-saderinasanas-gredzeni","7":"product_cat-davanas-berna-piedzimsanai","8":"product_cat-davanas-kazam","9":"product_cat-davanas-kazu-gadadiena","10":"product_cat-dzeltena-zelta-saderinasanas-gredzeni","11":"product_cat-juvelierizstradajumi-ar-sarkaniem-dargakmeniem","12":"product_cat-rubins-rotaslietas-ar-rubiniem","13":"product_cat-saderinasanas-gredzeni","14":"product_cat-saderinasanas-gredzeni-ar-dargakmeniem","15":"product_cat-saderinasanas-gredzens-ar-rubinu","16":"product_cat-sarkana-zelta-saderinasanas-gredzeni","17":"product_cat-sarkans-dargakmens","18":"product_cat-valentindienas-davanas","19":"desktop-align-center","20":"tablet-align-left","21":"mobile-align-left","22":"ast-product-gallery-layout-horizontal-slider","23":"ast-product-gallery-with-no-image","24":"ast-product-single-variable","25":"ast-product-tabs-layout-accordion","26":"ast-qv-on-image","28":"first","29":"instock","30":"taxable","31":"shipping-taxable","32":"purchasable","33":"product-type-variable"},"yoast_head":"<!-- This site is optimized with the Yoast SEO plugin v26.6 - https:\/\/yoast.com\/wordpress\/plugins\/seo\/ -->\n<title>Halo saderin\u0101\u0161an\u0101s gredzens ar rub\u012bnu un dimantiem - Rub\u012bns (0.68 ct)<\/title>\n<meta name=\"description\" content=\"Halo saderin\u0101\u0161an\u0101s gredzens ar rub\u012bnu un dimantiem. Rub\u012bns 0,60 kar\u0101ti, iestr\u0101d\u0101ts centr\u0101, bet dimanti apk\u0101rt rub\u012bnam. Lieliska izv\u0113le saderin\u0101\u0161anai.\" \/>\n<meta name=\"robots\" content=\"index, follow, max-snippet:-1, max-image-preview:large, max-video-preview:-1\" \/>\n<link rel=\"canonical\" href=\"https:\/\/fashiongold.lt\/lv\/papuosalas\/halo-saderinasanas-gredzens-ar-rubinu-un-dimantiem-rubins-0-68-ct\/\" \/>\n<meta property=\"og:locale\" content=\"lv_LV\" \/>\n<meta property=\"og:type\" content=\"article\" \/>\n<meta property=\"og:title\" content=\"Halo saderin\u0101\u0161an\u0101s gredzens ar rub\u012bnu un dimantiem - Rub\u012bns (0.68 ct)\" \/>\n<meta property=\"og:description\" content=\"Halo saderin\u0101\u0161an\u0101s gredzens ar rub\u012bnu un dimantiem. Rub\u012bns 0,60 kar\u0101ti, iestr\u0101d\u0101ts centr\u0101, bet dimanti apk\u0101rt rub\u012bnam. Lieliska izv\u0113le saderin\u0101\u0161anai.\" \/>\n<meta property=\"og:url\" content=\"https:\/\/fashiongold.lt\/lv\/papuosalas\/halo-saderinasanas-gredzens-ar-rubinu-un-dimantiem-rubins-0-68-ct\/\" \/>\n<meta property=\"og:site_name\" content=\"FashionGold.lt\" \/>\n<meta property=\"og:image\" content=\"https:\/\/fashiongold.lt\/wp-content\/uploads\/2025\/10\/23749-f90-Geltono-aukso-Halo-suzadetuviu-ziedas-su-rubinu-ir-deimantais-Ruby-0.68-ct.webp\" \/>\n\t<meta property=\"og:image:width\" content=\"1000\" \/>\n\t<meta property=\"og:image:height\" content=\"1000\" \/>\n\t<meta property=\"og:image:type\" content=\"image\/png\" \/>\n<meta name=\"twitter:card\" content=\"summary_large_image\" \/>\n<meta name=\"twitter:label1\" content=\"Est. reading time\" \/>\n\t<meta name=\"twitter:data1\" content=\"1 minute\" \/>\n<script type=\"application\/ld+json\" class=\"yoast-schema-graph\">{\"@context\":\"https:\/\/schema.org\",\"@graph\":[{\"@type\":\"WebPage\",\"@id\":\"https:\/\/fashiongold.lt\/lv\/papuosalas\/halo-saderinasanas-gredzens-ar-rubinu-un-dimantiem-rubins-0-68-ct\/\",\"url\":\"https:\/\/fashiongold.lt\/lv\/papuosalas\/halo-saderinasanas-gredzens-ar-rubinu-un-dimantiem-rubins-0-68-ct\/\",\"name\":\"Halo saderin\u0101\u0161an\u0101s gredzens ar rub\u012bnu un dimantiem - Rub\u012bns (0.68 ct)\",\"isPartOf\":{\"@id\":\"https:\/\/fashiongold.lt\/lv\/#website\"},\"primaryImageOfPage\":{\"@id\":\"https:\/\/fashiongold.lt\/lv\/papuosalas\/halo-saderinasanas-gredzens-ar-rubinu-un-dimantiem-rubins-0-68-ct\/#primaryimage\"},\"image\":{\"@id\":\"https:\/\/fashiongold.lt\/lv\/papuosalas\/halo-saderinasanas-gredzens-ar-rubinu-un-dimantiem-rubins-0-68-ct\/#primaryimage\"},\"thumbnailUrl\":\"https:\/\/fashiongold.lt\/wp-content\/uploads\/2025\/10\/23749-f90-Geltono-aukso-Halo-suzadetuviu-ziedas-su-rubinu-ir-deimantais-Ruby-0.68-ct.png\",\"datePublished\":\"2025-10-24T04:48:37+00:00\",\"description\":\"Halo saderin\u0101\u0161an\u0101s gredzens ar rub\u012bnu un dimantiem. Rub\u012bns 0,60 kar\u0101ti, iestr\u0101d\u0101ts centr\u0101, bet dimanti apk\u0101rt rub\u012bnam. Lieliska izv\u0113le saderin\u0101\u0161anai.\",\"breadcrumb\":{\"@id\":\"https:\/\/fashiongold.lt\/lv\/papuosalas\/halo-saderinasanas-gredzens-ar-rubinu-un-dimantiem-rubins-0-68-ct\/#breadcrumb\"},\"inLanguage\":\"lv-LV\",\"potentialAction\":[{\"@type\":\"ReadAction\",\"target\":[\"https:\/\/fashiongold.lt\/lv\/papuosalas\/halo-saderinasanas-gredzens-ar-rubinu-un-dimantiem-rubins-0-68-ct\/\"]}]},{\"@type\":\"ImageObject\",\"inLanguage\":\"lv-LV\",\"@id\":\"https:\/\/fashiongold.lt\/lv\/papuosalas\/halo-saderinasanas-gredzens-ar-rubinu-un-dimantiem-rubins-0-68-ct\/#primaryimage\",\"url\":\"https:\/\/fashiongold.lt\/wp-content\/uploads\/2025\/10\/23749-f90-Geltono-aukso-Halo-suzadetuviu-ziedas-su-rubinu-ir-deimantais-Ruby-0.68-ct.png\",\"contentUrl\":\"https:\/\/fashiongold.lt\/wp-content\/uploads\/2025\/10\/23749-f90-Geltono-aukso-Halo-suzadetuviu-ziedas-su-rubinu-ir-deimantais-Ruby-0.68-ct.png\",\"width\":1000,\"height\":1000},{\"@type\":\"BreadcrumbList\",\"@id\":\"https:\/\/fashiongold.lt\/lv\/papuosalas\/halo-saderinasanas-gredzens-ar-rubinu-un-dimantiem-rubins-0-68-ct\/#breadcrumb\",\"itemListElement\":[{\"@type\":\"ListItem\",\"position\":1,\"name\":\"Home\",\"item\":\"https:\/\/fashiongold.lt\/lv\/\"},{\"@type\":\"ListItem\",\"position\":2,\"name\":\"Dimantu veikals Fashiongold.lt\",\"item\":\"https:\/\/fashiongold.lt\/shop-2\/\"},{\"@type\":\"ListItem\",\"position\":3,\"name\":\"Halo saderin\u0101\u0161an\u0101s gredzens ar rub\u012bnu un dimantiem &#8211; Rub\u012bns (0.68 ct)\"}]},{\"@type\":\"WebSite\",\"@id\":\"https:\/\/fashiongold.lt\/lv\/#website\",\"url\":\"https:\/\/fashiongold.lt\/lv\/\",\"name\":\"Fashion Gold\",\"description\":\"Juvelyrikos namai\",\"publisher\":{\"@id\":\"https:\/\/fashiongold.lt\/lv\/#organization\"},\"potentialAction\":[{\"@type\":\"SearchAction\",\"target\":{\"@type\":\"EntryPoint\",\"urlTemplate\":\"https:\/\/fashiongold.lt\/lv\/?s={search_term_string}\"},\"query-input\":{\"@type\":\"PropertyValueSpecification\",\"valueRequired\":true,\"valueName\":\"search_term_string\"}}],\"inLanguage\":\"lv-LV\"},{\"@type\":\"Organization\",\"@id\":\"https:\/\/fashiongold.lt\/lv\/#organization\",\"name\":\"Topdiamonds Online\",\"url\":\"https:\/\/fashiongold.lt\/lv\/\",\"logo\":{\"@type\":\"ImageObject\",\"inLanguage\":\"lv-LV\",\"@id\":\"https:\/\/fashiongold.lt\/lv\/#\/schema\/logo\/image\/\",\"url\":\"https:\/\/fashiongold.lt\/wp-content\/uploads\/2025\/04\/cropped-fashion_gold_logotipas2-scaled-1.png\",\"contentUrl\":\"https:\/\/fashiongold.lt\/wp-content\/uploads\/2025\/04\/cropped-fashion_gold_logotipas2-scaled-1.png\",\"width\":2559,\"height\":421,\"caption\":\"Topdiamonds Online\"},\"image\":{\"@id\":\"https:\/\/fashiongold.lt\/lv\/#\/schema\/logo\/image\/\"}}]}<\/script>\n<!-- \/ Yoast SEO plugin. -->","yoast_head_json":{"title":"Halo saderin\u0101\u0161an\u0101s gredzens ar rub\u012bnu un dimantiem - Rub\u012bns (0.68 ct)","description":"Halo saderin\u0101\u0161an\u0101s gredzens ar rub\u012bnu un dimantiem. Rub\u012bns 0,60 kar\u0101ti, iestr\u0101d\u0101ts centr\u0101, bet dimanti apk\u0101rt rub\u012bnam. Lieliska izv\u0113le saderin\u0101\u0161anai.","robots":{"index":"index","follow":"follow","max-snippet":"max-snippet:-1","max-image-preview":"max-image-preview:large","max-video-preview":"max-video-preview:-1"},"canonical":"https:\/\/fashiongold.lt\/lv\/papuosalas\/halo-saderinasanas-gredzens-ar-rubinu-un-dimantiem-rubins-0-68-ct\/","og_locale":"lv_LV","og_type":"article","og_title":"Halo saderin\u0101\u0161an\u0101s gredzens ar rub\u012bnu un dimantiem - Rub\u012bns (0.68 ct)","og_description":"Halo saderin\u0101\u0161an\u0101s gredzens ar rub\u012bnu un dimantiem. Rub\u012bns 0,60 kar\u0101ti, iestr\u0101d\u0101ts centr\u0101, bet dimanti apk\u0101rt rub\u012bnam. Lieliska izv\u0113le saderin\u0101\u0161anai.","og_url":"https:\/\/fashiongold.lt\/lv\/papuosalas\/halo-saderinasanas-gredzens-ar-rubinu-un-dimantiem-rubins-0-68-ct\/","og_site_name":"FashionGold.lt","og_image":[{"width":1000,"height":1000,"url":"https:\/\/fashiongold.lt\/wp-content\/uploads\/2025\/10\/23749-f90-Geltono-aukso-Halo-suzadetuviu-ziedas-su-rubinu-ir-deimantais-Ruby-0.68-ct.webp","type":"image\/png"}],"twitter_card":"summary_large_image","twitter_misc":{"Est. reading time":"1 minute"},"schema":{"@context":"https:\/\/schema.org","@graph":[{"@type":"WebPage","@id":"https:\/\/fashiongold.lt\/lv\/papuosalas\/halo-saderinasanas-gredzens-ar-rubinu-un-dimantiem-rubins-0-68-ct\/","url":"https:\/\/fashiongold.lt\/lv\/papuosalas\/halo-saderinasanas-gredzens-ar-rubinu-un-dimantiem-rubins-0-68-ct\/","name":"Halo saderin\u0101\u0161an\u0101s gredzens ar rub\u012bnu un dimantiem - Rub\u012bns (0.68 ct)","isPartOf":{"@id":"https:\/\/fashiongold.lt\/lv\/#website"},"primaryImageOfPage":{"@id":"https:\/\/fashiongold.lt\/lv\/papuosalas\/halo-saderinasanas-gredzens-ar-rubinu-un-dimantiem-rubins-0-68-ct\/#primaryimage"},"image":{"@id":"https:\/\/fashiongold.lt\/lv\/papuosalas\/halo-saderinasanas-gredzens-ar-rubinu-un-dimantiem-rubins-0-68-ct\/#primaryimage"},"thumbnailUrl":"https:\/\/fashiongold.lt\/wp-content\/uploads\/2025\/10\/23749-f90-Geltono-aukso-Halo-suzadetuviu-ziedas-su-rubinu-ir-deimantais-Ruby-0.68-ct.png","datePublished":"2025-10-24T04:48:37+00:00","description":"Halo saderin\u0101\u0161an\u0101s gredzens ar rub\u012bnu un dimantiem. Rub\u012bns 0,60 kar\u0101ti, iestr\u0101d\u0101ts centr\u0101, bet dimanti apk\u0101rt rub\u012bnam. Lieliska izv\u0113le saderin\u0101\u0161anai.","breadcrumb":{"@id":"https:\/\/fashiongold.lt\/lv\/papuosalas\/halo-saderinasanas-gredzens-ar-rubinu-un-dimantiem-rubins-0-68-ct\/#breadcrumb"},"inLanguage":"lv-LV","potentialAction":[{"@type":"ReadAction","target":["https:\/\/fashiongold.lt\/lv\/papuosalas\/halo-saderinasanas-gredzens-ar-rubinu-un-dimantiem-rubins-0-68-ct\/"]}]},{"@type":"ImageObject","inLanguage":"lv-LV","@id":"https:\/\/fashiongold.lt\/lv\/papuosalas\/halo-saderinasanas-gredzens-ar-rubinu-un-dimantiem-rubins-0-68-ct\/#primaryimage","url":"https:\/\/fashiongold.lt\/wp-content\/uploads\/2025\/10\/23749-f90-Geltono-aukso-Halo-suzadetuviu-ziedas-su-rubinu-ir-deimantais-Ruby-0.68-ct.png","contentUrl":"https:\/\/fashiongold.lt\/wp-content\/uploads\/2025\/10\/23749-f90-Geltono-aukso-Halo-suzadetuviu-ziedas-su-rubinu-ir-deimantais-Ruby-0.68-ct.png","width":1000,"height":1000},{"@type":"BreadcrumbList","@id":"https:\/\/fashiongold.lt\/lv\/papuosalas\/halo-saderinasanas-gredzens-ar-rubinu-un-dimantiem-rubins-0-68-ct\/#breadcrumb","itemListElement":[{"@type":"ListItem","position":1,"name":"Home","item":"https:\/\/fashiongold.lt\/lv\/"},{"@type":"ListItem","position":2,"name":"Dimantu veikals Fashiongold.lt","item":"https:\/\/fashiongold.lt\/shop-2\/"},{"@type":"ListItem","position":3,"name":"Halo saderin\u0101\u0161an\u0101s gredzens ar rub\u012bnu un dimantiem &#8211; Rub\u012bns (0.68 ct)"}]},{"@type":"WebSite","@id":"https:\/\/fashiongold.lt\/lv\/#website","url":"https:\/\/fashiongold.lt\/lv\/","name":"Fashion Gold","description":"Juvelyrikos namai","publisher":{"@id":"https:\/\/fashiongold.lt\/lv\/#organization"},"potentialAction":[{"@type":"SearchAction","target":{"@type":"EntryPoint","urlTemplate":"https:\/\/fashiongold.lt\/lv\/?s={search_term_string}"},"query-input":{"@type":"PropertyValueSpecification","valueRequired":true,"valueName":"search_term_string"}}],"inLanguage":"lv-LV"},{"@type":"Organization","@id":"https:\/\/fashiongold.lt\/lv\/#organization","name":"Topdiamonds Online","url":"https:\/\/fashiongold.lt\/lv\/","logo":{"@type":"ImageObject","inLanguage":"lv-LV","@id":"https:\/\/fashiongold.lt\/lv\/#\/schema\/logo\/image\/","url":"https:\/\/fashiongold.lt\/wp-content\/uploads\/2025\/04\/cropped-fashion_gold_logotipas2-scaled-1.png","contentUrl":"https:\/\/fashiongold.lt\/wp-content\/uploads\/2025\/04\/cropped-fashion_gold_logotipas2-scaled-1.png","width":2559,"height":421,"caption":"Topdiamonds Online"},"image":{"@id":"https:\/\/fashiongold.lt\/lv\/#\/schema\/logo\/image\/"}}]}},"_links":{"self":[{"href":"https:\/\/fashiongold.lt\/lv\/wp-json\/wp\/v2\/product\/273534","targetHints":{"allow":["GET"]}}],"collection":[{"href":"https:\/\/fashiongold.lt\/lv\/wp-json\/wp\/v2\/product"}],"about":[{"href":"https:\/\/fashiongold.lt\/lv\/wp-json\/wp\/v2\/types\/product"}],"version-history":[{"count":0,"href":"https:\/\/fashiongold.lt\/lv\/wp-json\/wp\/v2\/product\/273534\/revisions"}],"wp:featuredmedia":[{"embeddable":true,"href":"https:\/\/fashiongold.lt\/lv\/wp-json\/wp\/v2\/media\/256367"}],"wp:attachment":[{"href":"https:\/\/fashiongold.lt\/lv\/wp-json\/wp\/v2\/media?parent=273534"}],"wp:term":[{"taxonomy":"product_brand","embeddable":true,"href":"https:\/\/fashiongold.lt\/lv\/wp-json\/wp\/v2\/product_brand?post=273534"},{"taxonomy":"product_cat","embeddable":true,"href":"https:\/\/fashiongold.lt\/lv\/wp-json\/wp\/v2\/product_cat?post=273534"},{"taxonomy":"product_tag","embeddable":true,"href":"https:\/\/fashiongold.lt\/lv\/wp-json\/wp\/v2\/product_tag?post=273534"}],"curies":[{"name":"wp","href":"https:\/\/api.w.org\/{rel}","templated":true}]}}