{"id":273543,"date":"2025-10-24T03:52:59","date_gmt":"2025-10-24T03:52:59","guid":{"rendered":"https:\/\/fashiongold.lt\/papuosalas\/saderinasanas-gredzens-ar-dimantu-princess-030-ct\/"},"modified":"2025-10-24T03:52:59","modified_gmt":"2025-10-24T03:52:59","slug":"saderinasanas-gredzens-ar-dimantu-princess-030-ct","status":"publish","type":"product","link":"https:\/\/fashiongold.lt\/lv\/papuosalas\/saderinasanas-gredzens-ar-dimantu-princess-030-ct\/","title":{"rendered":"Saderin\u0101\u0161an\u0101s gredzens ar dimantu &#8211; Princess (0,30 ct)"},"content":{"rendered":"<h2>Saderin\u0101\u0161an\u0101s gredzens ar dimantu &#8211; Princess (0,30 ct)<\/h2>\n<h3>Klasisks saderin\u0101\u0161an\u0101s gredzens ar 0,30 kar\u0101tu kvadr\u0101tveida formas dimantu. Dab\u012bgs dimants. Bezmaksas grav\u0113\u0161ana<span style=\"font-size: 11px; font-weight: 400;\">. <\/span>Maksim\u0101ls komforts.<\/h3>\n<p>Izgatavots Lietuv\u0101, iev\u0113rojot augst\u0101kos standartus. Gredzens var tikt izgatavots p\u0113c pas\u016bt\u012bjuma: par papildu samaksu ar augst\u0101kas kvalit\u0101tes dimantu vai dimantiem.<\/p>\n<p>\u2022 Gredzena met\u0101ls: 14K (585. prove), varam izgatavot no 10K (375. prove), 18K (750. prove), 950. plat\u012bna\u00a0 \u00a0 \u00a0 \u00a0<\/p>\n<p>\u2022 Gredzena kr\u0101sa: balta, sarkana, dzeltena\u00a0<\/p>\n<p>\u2022 Gredzena svars (atkar\u012bb\u0101 no izm\u0113ra): aptuveni 1,50 &#8211; 1,90 g\u00a0 \u00a0 \u00a0 \u00a0 \u00a0 \u00a0<\/p>\n<p>\u2022 Gredzena izm\u0113ri: kro\u0146a platums &#8211; aptuveni 4,30 mm, st\u012bpi\u0146as platums &#8211; aptuveni 2,30 mm (izm\u0113ri ir aptuveni un var at\u0161\u0137irties atkar\u012bb\u0101 no gredzena izm\u0113ra)\u00a0 \u00a0\u00a0<\/p>\n<p>\u2022 Gredzena komforta zona: ir\u00a0 \u00a0 \u00a0<\/p>\n<p>\u2022 Dimanta veids: Dab\u012bgs dimants<\/p>\n<p>\u2022 Dimanta forma: Kvadr\u0101tveida formas (Princess shape)\u00a0 \u00a0 \u00a0 \u00a0<\/p>\n<p>\u2022 Dimanta raksturojums: 0,30 ct centr\u0101lais akmens (kr\u0101sa H, dzidrums SI1-SI2) (var main\u012bt)\u00a0 \u00a0 \u00a0 \u00a0<\/p>\n<p>\u2022 Sertifik\u0101ts: Lietuvas Prove\u0161anas pal\u0101ta (LPR)<\/p>\n<p>\u2022 Grav\u0113\u0161ana bez maksas\u00a0 \u00a0<\/p>\n<p>\u2022 Vienreiz\u0113ja bezmaksas gredzena izm\u0113ra mai\u0146as garantija (p\u0113c iesp\u0113jas)\u00a0 \u00a0<\/p>\n<p>\u2022 Izgatavo\u0161anas un pieg\u0101des termi\u0146\u0161 no 14 darba dien\u0101m, steidzam\u012bbas k\u0101rt\u0101 7 d.d. laik\u0101\u00a0 \u00a0<\/p>\n<p><strong>Jums ir savs d\u0101rgakmens? Sazinieties ar mums, m\u0113s p\u0101rr\u0113\u0137in\u0101sim cenu &#8211; j\u016bs maks\u0101siet tikai par gredzenu izgatavo\u0161anu.<\/strong><\/p>\n","protected":false},"excerpt":{"rendered":"<p>Saderin\u0101\u0161an\u0101s gredzens ar 0,30 ct Princess dimantu. \u0160\u012b gredzena dizains izce\u013cas ar kvadr\u0101tveida formas (Princess) dimantu, kas pie\u0161\u0137ir \u012bpa\u0161u luksusa akcentu. T\u0101 ir lieliska izv\u0113le m\u016bsdien\u012bgai sievietei ar izcilu stila izj\u016btu. \u013baujiet \u0161im gredzenam k\u013c\u016bt par j\u016bsu \u012bpa\u0161o mirk\u013cu liecinieku!<\/p>\n","protected":false},"featured_media":223971,"template":"","meta":{"site-sidebar-layout":"","site-content-layout":"","ast-site-content-layout":"","site-content-style":"","site-sidebar-style":"","ast-global-header-display":"","ast-banner-title-visibility":"","ast-main-header-display":"","ast-hfb-above-header-display":"","ast-hfb-below-header-display":"","ast-hfb-mobile-header-display":"","site-post-title":"","ast-breadcrumbs-content":"","ast-featured-img":"","footer-sml-layout":"","ast-disable-related-posts":"","theme-transparent-header-meta":"","adv-header-id-meta":"","stick-header-meta":"","header-above-stick-meta":"","header-main-stick-meta":"","header-below-stick-meta":"","astra-migrate-meta-layouts":"default","ast-page-background-enabled":"default","ast-page-background-meta":{"desktop":{"background-color":"var(--ast-global-color-4)","background-image":"","background-repeat":"repeat","background-position":"center center","background-size":"auto","background-attachment":"scroll","background-type":"","background-media":"","overlay-type":"","overlay-color":"","overlay-opacity":"","overlay-gradient":""},"tablet":{"background-color":"","background-image":"","background-repeat":"repeat","background-position":"center center","background-size":"auto","background-attachment":"scroll","background-type":"","background-media":"","overlay-type":"","overlay-color":"","overlay-opacity":"","overlay-gradient":""},"mobile":{"background-color":"","background-image":"","background-repeat":"repeat","background-position":"center center","background-size":"auto","background-attachment":"scroll","background-type":"","background-media":"","overlay-type":"","overlay-color":"","overlay-opacity":"","overlay-gradient":""}},"ast-content-background-meta":{"desktop":{"background-color":"var(--ast-global-color-5)","background-image":"","background-repeat":"repeat","background-position":"center center","background-size":"auto","background-attachment":"scroll","background-type":"","background-media":"","overlay-type":"","overlay-color":"","overlay-opacity":"","overlay-gradient":""},"tablet":{"background-color":"var(--ast-global-color-5)","background-image":"","background-repeat":"repeat","background-position":"center center","background-size":"auto","background-attachment":"scroll","background-type":"","background-media":"","overlay-type":"","overlay-color":"","overlay-opacity":"","overlay-gradient":""},"mobile":{"background-color":"var(--ast-global-color-5)","background-image":"","background-repeat":"repeat","background-position":"center center","background-size":"auto","background-attachment":"scroll","background-type":"","background-media":"","overlay-type":"","overlay-color":"","overlay-opacity":"","overlay-gradient":""}}},"product_brand":[],"product_cat":[3441,2919,2915,2921,2914,2923,3442,3453,3042,3446,3465,3439,2979,3443,3447,2936],"product_tag":[],"class_list":{"0":"post-273543","1":"product","2":"type-product","3":"status-publish","4":"has-post-thumbnail","6":"product_cat-balta-zelta-saderinasanas-gredzeni","7":"product_cat-baltzelta-rotaslietas","8":"product_cat-davanas-berna-piedzimsanai","9":"product_cat-davanas-ipasiem-gadijumiem","10":"product_cat-davanas-sievietem","11":"product_cat-dzeltena-zelta-juvelierizstradajumi","12":"product_cat-dzeltena-zelta-saderinasanas-gredzeni","13":"product_cat-gredzeni-ar-dimantiem","14":"product_cat-juvelierizstradajumi","15":"product_cat-klasiskie-saderinasanas-gredzeni","16":"product_cat-moderni-saderinasanas-gredzeni","17":"product_cat-saderinasanas-gredzeni","18":"product_cat-sarkana-zelta-juvelierizstradajumi","19":"product_cat-sarkana-zelta-saderinasanas-gredzeni","20":"product_cat-top-saderinasanas-gredzeni","21":"product_cat-valentindienas-davanas","22":"desktop-align-center","23":"tablet-align-left","24":"mobile-align-left","25":"ast-product-gallery-layout-horizontal-slider","26":"ast-product-gallery-with-no-image","27":"ast-product-single-variable","28":"ast-product-tabs-layout-accordion","29":"ast-qv-on-image","31":"first","32":"instock","33":"taxable","34":"shipping-taxable","35":"purchasable","36":"product-type-variable"},"yoast_head":"<!-- This site is optimized with the Yoast SEO plugin v26.6 - https:\/\/yoast.com\/wordpress\/plugins\/seo\/ -->\n<title>Saderin\u0101\u0161an\u0101s gredzens ar dimantu - Princess (0,30 ct)<\/title>\n<meta name=\"description\" content=\"Saderin\u0101\u0161an\u0101s gredzens ar 0,30 kar\u0101tu kvadr\u0101tveida formas dimantu. Izcila izv\u0113le tiem, kuri nov\u0113rt\u0113 augstu kvalit\u0101ti. Bezmaksas grav\u0113\u0161ana.\" \/>\n<meta name=\"robots\" content=\"index, follow, max-snippet:-1, max-image-preview:large, max-video-preview:-1\" \/>\n<link rel=\"canonical\" href=\"https:\/\/fashiongold.lt\/lv\/papuosalas\/saderinasanas-gredzens-ar-dimantu-princess-030-ct\/\" \/>\n<meta property=\"og:locale\" content=\"lv_LV\" \/>\n<meta property=\"og:type\" content=\"article\" \/>\n<meta property=\"og:title\" content=\"Saderin\u0101\u0161an\u0101s gredzens ar dimantu - Princess (0,30 ct)\" \/>\n<meta property=\"og:description\" content=\"Saderin\u0101\u0161an\u0101s gredzens ar 0,30 kar\u0101tu kvadr\u0101tveida formas dimantu. Izcila izv\u0113le tiem, kuri nov\u0113rt\u0113 augstu kvalit\u0101ti. Bezmaksas grav\u0113\u0161ana.\" \/>\n<meta property=\"og:url\" content=\"https:\/\/fashiongold.lt\/lv\/papuosalas\/saderinasanas-gredzens-ar-dimantu-princess-030-ct\/\" \/>\n<meta property=\"og:site_name\" content=\"FashionGold.lt\" \/>\n<meta property=\"og:image\" content=\"https:\/\/fashiongold.lt\/wp-content\/uploads\/2025\/10\/23337-0a0-Geltono-aukso-suzadetuviu-ziedas-su-deimantu-Princess-030-ct.webp\" \/>\n\t<meta property=\"og:image:width\" content=\"1000\" \/>\n\t<meta property=\"og:image:height\" content=\"1000\" \/>\n\t<meta property=\"og:image:type\" content=\"image\/png\" \/>\n<meta name=\"twitter:card\" content=\"summary_large_image\" \/>\n<meta name=\"twitter:label1\" content=\"Est. reading time\" \/>\n\t<meta name=\"twitter:data1\" content=\"1 minute\" \/>\n<script type=\"application\/ld+json\" class=\"yoast-schema-graph\">{\"@context\":\"https:\/\/schema.org\",\"@graph\":[{\"@type\":\"WebPage\",\"@id\":\"https:\/\/fashiongold.lt\/lv\/papuosalas\/saderinasanas-gredzens-ar-dimantu-princess-030-ct\/\",\"url\":\"https:\/\/fashiongold.lt\/lv\/papuosalas\/saderinasanas-gredzens-ar-dimantu-princess-030-ct\/\",\"name\":\"Saderin\u0101\u0161an\u0101s gredzens ar dimantu - Princess (0,30 ct)\",\"isPartOf\":{\"@id\":\"https:\/\/fashiongold.lt\/lv\/#website\"},\"primaryImageOfPage\":{\"@id\":\"https:\/\/fashiongold.lt\/lv\/papuosalas\/saderinasanas-gredzens-ar-dimantu-princess-030-ct\/#primaryimage\"},\"image\":{\"@id\":\"https:\/\/fashiongold.lt\/lv\/papuosalas\/saderinasanas-gredzens-ar-dimantu-princess-030-ct\/#primaryimage\"},\"thumbnailUrl\":\"https:\/\/fashiongold.lt\/wp-content\/uploads\/2025\/10\/23337-0a0-Geltono-aukso-suzadetuviu-ziedas-su-deimantu-Princess-030-ct.png\",\"datePublished\":\"2025-10-24T03:52:59+00:00\",\"description\":\"Saderin\u0101\u0161an\u0101s gredzens ar 0,30 kar\u0101tu kvadr\u0101tveida formas dimantu. Izcila izv\u0113le tiem, kuri nov\u0113rt\u0113 augstu kvalit\u0101ti. Bezmaksas grav\u0113\u0161ana.\",\"breadcrumb\":{\"@id\":\"https:\/\/fashiongold.lt\/lv\/papuosalas\/saderinasanas-gredzens-ar-dimantu-princess-030-ct\/#breadcrumb\"},\"inLanguage\":\"lv-LV\",\"potentialAction\":[{\"@type\":\"ReadAction\",\"target\":[\"https:\/\/fashiongold.lt\/lv\/papuosalas\/saderinasanas-gredzens-ar-dimantu-princess-030-ct\/\"]}]},{\"@type\":\"ImageObject\",\"inLanguage\":\"lv-LV\",\"@id\":\"https:\/\/fashiongold.lt\/lv\/papuosalas\/saderinasanas-gredzens-ar-dimantu-princess-030-ct\/#primaryimage\",\"url\":\"https:\/\/fashiongold.lt\/wp-content\/uploads\/2025\/10\/23337-0a0-Geltono-aukso-suzadetuviu-ziedas-su-deimantu-Princess-030-ct.png\",\"contentUrl\":\"https:\/\/fashiongold.lt\/wp-content\/uploads\/2025\/10\/23337-0a0-Geltono-aukso-suzadetuviu-ziedas-su-deimantu-Princess-030-ct.png\",\"width\":1000,\"height\":1000},{\"@type\":\"BreadcrumbList\",\"@id\":\"https:\/\/fashiongold.lt\/lv\/papuosalas\/saderinasanas-gredzens-ar-dimantu-princess-030-ct\/#breadcrumb\",\"itemListElement\":[{\"@type\":\"ListItem\",\"position\":1,\"name\":\"Home\",\"item\":\"https:\/\/fashiongold.lt\/lv\/\"},{\"@type\":\"ListItem\",\"position\":2,\"name\":\"Dimantu veikals Fashiongold.lt\",\"item\":\"https:\/\/fashiongold.lt\/shop-2\/\"},{\"@type\":\"ListItem\",\"position\":3,\"name\":\"Saderin\u0101\u0161an\u0101s gredzens ar dimantu &#8211; Princess (0,30 ct)\"}]},{\"@type\":\"WebSite\",\"@id\":\"https:\/\/fashiongold.lt\/lv\/#website\",\"url\":\"https:\/\/fashiongold.lt\/lv\/\",\"name\":\"Fashion Gold\",\"description\":\"Juvelyrikos namai\",\"publisher\":{\"@id\":\"https:\/\/fashiongold.lt\/lv\/#organization\"},\"potentialAction\":[{\"@type\":\"SearchAction\",\"target\":{\"@type\":\"EntryPoint\",\"urlTemplate\":\"https:\/\/fashiongold.lt\/lv\/?s={search_term_string}\"},\"query-input\":{\"@type\":\"PropertyValueSpecification\",\"valueRequired\":true,\"valueName\":\"search_term_string\"}}],\"inLanguage\":\"lv-LV\"},{\"@type\":\"Organization\",\"@id\":\"https:\/\/fashiongold.lt\/lv\/#organization\",\"name\":\"Topdiamonds Online\",\"url\":\"https:\/\/fashiongold.lt\/lv\/\",\"logo\":{\"@type\":\"ImageObject\",\"inLanguage\":\"lv-LV\",\"@id\":\"https:\/\/fashiongold.lt\/lv\/#\/schema\/logo\/image\/\",\"url\":\"https:\/\/fashiongold.lt\/wp-content\/uploads\/2025\/04\/cropped-fashion_gold_logotipas2-scaled-1.png\",\"contentUrl\":\"https:\/\/fashiongold.lt\/wp-content\/uploads\/2025\/04\/cropped-fashion_gold_logotipas2-scaled-1.png\",\"width\":2559,\"height\":421,\"caption\":\"Topdiamonds Online\"},\"image\":{\"@id\":\"https:\/\/fashiongold.lt\/lv\/#\/schema\/logo\/image\/\"}}]}<\/script>\n<!-- \/ Yoast SEO plugin. -->","yoast_head_json":{"title":"Saderin\u0101\u0161an\u0101s gredzens ar dimantu - Princess (0,30 ct)","description":"Saderin\u0101\u0161an\u0101s gredzens ar 0,30 kar\u0101tu kvadr\u0101tveida formas dimantu. Izcila izv\u0113le tiem, kuri nov\u0113rt\u0113 augstu kvalit\u0101ti. Bezmaksas grav\u0113\u0161ana.","robots":{"index":"index","follow":"follow","max-snippet":"max-snippet:-1","max-image-preview":"max-image-preview:large","max-video-preview":"max-video-preview:-1"},"canonical":"https:\/\/fashiongold.lt\/lv\/papuosalas\/saderinasanas-gredzens-ar-dimantu-princess-030-ct\/","og_locale":"lv_LV","og_type":"article","og_title":"Saderin\u0101\u0161an\u0101s gredzens ar dimantu - Princess (0,30 ct)","og_description":"Saderin\u0101\u0161an\u0101s gredzens ar 0,30 kar\u0101tu kvadr\u0101tveida formas dimantu. Izcila izv\u0113le tiem, kuri nov\u0113rt\u0113 augstu kvalit\u0101ti. Bezmaksas grav\u0113\u0161ana.","og_url":"https:\/\/fashiongold.lt\/lv\/papuosalas\/saderinasanas-gredzens-ar-dimantu-princess-030-ct\/","og_site_name":"FashionGold.lt","og_image":[{"width":1000,"height":1000,"url":"https:\/\/fashiongold.lt\/wp-content\/uploads\/2025\/10\/23337-0a0-Geltono-aukso-suzadetuviu-ziedas-su-deimantu-Princess-030-ct.webp","type":"image\/png"}],"twitter_card":"summary_large_image","twitter_misc":{"Est. reading time":"1 minute"},"schema":{"@context":"https:\/\/schema.org","@graph":[{"@type":"WebPage","@id":"https:\/\/fashiongold.lt\/lv\/papuosalas\/saderinasanas-gredzens-ar-dimantu-princess-030-ct\/","url":"https:\/\/fashiongold.lt\/lv\/papuosalas\/saderinasanas-gredzens-ar-dimantu-princess-030-ct\/","name":"Saderin\u0101\u0161an\u0101s gredzens ar dimantu - Princess (0,30 ct)","isPartOf":{"@id":"https:\/\/fashiongold.lt\/lv\/#website"},"primaryImageOfPage":{"@id":"https:\/\/fashiongold.lt\/lv\/papuosalas\/saderinasanas-gredzens-ar-dimantu-princess-030-ct\/#primaryimage"},"image":{"@id":"https:\/\/fashiongold.lt\/lv\/papuosalas\/saderinasanas-gredzens-ar-dimantu-princess-030-ct\/#primaryimage"},"thumbnailUrl":"https:\/\/fashiongold.lt\/wp-content\/uploads\/2025\/10\/23337-0a0-Geltono-aukso-suzadetuviu-ziedas-su-deimantu-Princess-030-ct.png","datePublished":"2025-10-24T03:52:59+00:00","description":"Saderin\u0101\u0161an\u0101s gredzens ar 0,30 kar\u0101tu kvadr\u0101tveida formas dimantu. Izcila izv\u0113le tiem, kuri nov\u0113rt\u0113 augstu kvalit\u0101ti. Bezmaksas grav\u0113\u0161ana.","breadcrumb":{"@id":"https:\/\/fashiongold.lt\/lv\/papuosalas\/saderinasanas-gredzens-ar-dimantu-princess-030-ct\/#breadcrumb"},"inLanguage":"lv-LV","potentialAction":[{"@type":"ReadAction","target":["https:\/\/fashiongold.lt\/lv\/papuosalas\/saderinasanas-gredzens-ar-dimantu-princess-030-ct\/"]}]},{"@type":"ImageObject","inLanguage":"lv-LV","@id":"https:\/\/fashiongold.lt\/lv\/papuosalas\/saderinasanas-gredzens-ar-dimantu-princess-030-ct\/#primaryimage","url":"https:\/\/fashiongold.lt\/wp-content\/uploads\/2025\/10\/23337-0a0-Geltono-aukso-suzadetuviu-ziedas-su-deimantu-Princess-030-ct.png","contentUrl":"https:\/\/fashiongold.lt\/wp-content\/uploads\/2025\/10\/23337-0a0-Geltono-aukso-suzadetuviu-ziedas-su-deimantu-Princess-030-ct.png","width":1000,"height":1000},{"@type":"BreadcrumbList","@id":"https:\/\/fashiongold.lt\/lv\/papuosalas\/saderinasanas-gredzens-ar-dimantu-princess-030-ct\/#breadcrumb","itemListElement":[{"@type":"ListItem","position":1,"name":"Home","item":"https:\/\/fashiongold.lt\/lv\/"},{"@type":"ListItem","position":2,"name":"Dimantu veikals Fashiongold.lt","item":"https:\/\/fashiongold.lt\/shop-2\/"},{"@type":"ListItem","position":3,"name":"Saderin\u0101\u0161an\u0101s gredzens ar dimantu &#8211; Princess (0,30 ct)"}]},{"@type":"WebSite","@id":"https:\/\/fashiongold.lt\/lv\/#website","url":"https:\/\/fashiongold.lt\/lv\/","name":"Fashion Gold","description":"Juvelyrikos namai","publisher":{"@id":"https:\/\/fashiongold.lt\/lv\/#organization"},"potentialAction":[{"@type":"SearchAction","target":{"@type":"EntryPoint","urlTemplate":"https:\/\/fashiongold.lt\/lv\/?s={search_term_string}"},"query-input":{"@type":"PropertyValueSpecification","valueRequired":true,"valueName":"search_term_string"}}],"inLanguage":"lv-LV"},{"@type":"Organization","@id":"https:\/\/fashiongold.lt\/lv\/#organization","name":"Topdiamonds Online","url":"https:\/\/fashiongold.lt\/lv\/","logo":{"@type":"ImageObject","inLanguage":"lv-LV","@id":"https:\/\/fashiongold.lt\/lv\/#\/schema\/logo\/image\/","url":"https:\/\/fashiongold.lt\/wp-content\/uploads\/2025\/04\/cropped-fashion_gold_logotipas2-scaled-1.png","contentUrl":"https:\/\/fashiongold.lt\/wp-content\/uploads\/2025\/04\/cropped-fashion_gold_logotipas2-scaled-1.png","width":2559,"height":421,"caption":"Topdiamonds Online"},"image":{"@id":"https:\/\/fashiongold.lt\/lv\/#\/schema\/logo\/image\/"}}]}},"_links":{"self":[{"href":"https:\/\/fashiongold.lt\/lv\/wp-json\/wp\/v2\/product\/273543","targetHints":{"allow":["GET"]}}],"collection":[{"href":"https:\/\/fashiongold.lt\/lv\/wp-json\/wp\/v2\/product"}],"about":[{"href":"https:\/\/fashiongold.lt\/lv\/wp-json\/wp\/v2\/types\/product"}],"version-history":[{"count":0,"href":"https:\/\/fashiongold.lt\/lv\/wp-json\/wp\/v2\/product\/273543\/revisions"}],"wp:featuredmedia":[{"embeddable":true,"href":"https:\/\/fashiongold.lt\/lv\/wp-json\/wp\/v2\/media\/223971"}],"wp:attachment":[{"href":"https:\/\/fashiongold.lt\/lv\/wp-json\/wp\/v2\/media?parent=273543"}],"wp:term":[{"taxonomy":"product_brand","embeddable":true,"href":"https:\/\/fashiongold.lt\/lv\/wp-json\/wp\/v2\/product_brand?post=273543"},{"taxonomy":"product_cat","embeddable":true,"href":"https:\/\/fashiongold.lt\/lv\/wp-json\/wp\/v2\/product_cat?post=273543"},{"taxonomy":"product_tag","embeddable":true,"href":"https:\/\/fashiongold.lt\/lv\/wp-json\/wp\/v2\/product_tag?post=273543"}],"curies":[{"name":"wp","href":"https:\/\/api.w.org\/{rel}","templated":true}]}}