{"id":273581,"date":"2025-10-24T01:22:35","date_gmt":"2025-10-24T01:22:35","guid":{"rendered":"https:\/\/fashiongold.lt\/papuosalas\/dabisks-smaragds-gredzens-ar-smaragdu-un-dimantiem-0-16-ct\/"},"modified":"2025-10-24T01:22:35","modified_gmt":"2025-10-24T01:22:35","slug":"dabisks-smaragds-gredzens-ar-smaragdu-un-dimantiem-0-16-ct","status":"publish","type":"product","link":"https:\/\/fashiongold.lt\/lv\/papuosalas\/dabisks-smaragds-gredzens-ar-smaragdu-un-dimantiem-0-16-ct\/","title":{"rendered":"Dabisks smaragds &#8211; gredzens ar smaragdu un dimantiem (0.16 ct)"},"content":{"rendered":"<p>Ra\u017eots V\u0101cij\u0101 no augstas kvalit\u0101tes d\u0101rgakme\u0146iem. Lieliska izv\u0113le stil\u012bgai sievietei. Smaragda ma\u0123iskais sp\u0113ks \u2013 darbojas k\u0101 amulets vai talismans, sniedz \u012bpa\u0161niekam vesel\u012bbu, ener\u0123iju, nes veiksmi biznes\u0101, darb\u0101 un person\u012bgaj\u0101 dz\u012bv\u0113. Smaragds ir piem\u0113rots V\u0113r\u0161iem, Dv\u012b\u0146iem, Lauv\u0101m, V\u0113\u017eiem, Ziv\u012bm, Str\u0113lniekiem.\u00a0 \u00a0 \u00a0<\/p>\n<p>\u2022 Gredzena zelts: 18 kar\u0101ti (750. prove)\u00a0 \u00a0 \u00a0<\/p>\n<p>\u2022 Gredzena kr\u0101sa: baltais zelts\u00a0 \u00a0 \u00a0 \u00a0 \u00a0<\/p>\n<p>\u2022 Gredzena svars: aptuveni 1,00\u20131,50 g\u00a0 \u00a0 \u00a0 \u00a0 \u00a0<\/p>\n<p>\u2022 Dimanta tips: Dab\u012bgs dimants\u00a0 \u00a0 \u00a0 \u00a0<\/p>\n<p>\u2022 Dimanta forma: apa\u013ca forma (round shape)\u00a0 \u00a0 \u00a0 \u00a0<\/p>\n<p>\u2022 Dimanta raksturojums: 0,09 ct, kr\u0101sa G-H (RW-W); dzidrums SI\u00a0 \u00a0 \u00a0 \u00a0<\/p>\n<p>\u2022 Centr\u0101lais akmens: bagetes formas smaragds \u2013 0,07 ct\u00a0 \u00a0 \u00a0 \u00a0 \u00a0<\/p>\n<p>\u2022 Sertifik\u0101ts: Lietuvas Proves pal\u0101ta (LPR)\u00a0 \u00a0 \u00a0 \u00a0 \u00a0<\/p>\n<p>\u2022 Gredzena izm\u0113ri: h: 5,0 mm, w: 2,0 mm<\/p>\n<p>\u2022 Grav\u0113\u0161ana bez maksas\u00a0 \u00a0\u00a0<\/p>\n<p>\u2022 Vienreiz\u0113ja bezmaksas gredzena izm\u0113ra mai\u0146as garantija (p\u0113c iesp\u0113jas)\u00a0 \u00a0 \u00a0<\/p>\n<p>\u2022 Izgatavo\u0161anas un pieg\u0101des termi\u0146\u0161 no 14 darba dien\u0101m, steidzam\u012bbas k\u0101rt\u0101 \u2013 3 darba dienu laik\u0101.\u00a0 \u00a0<\/p>\n<p><strong>Vai jums ir savs zelts vai d\u0101rgakme\u0146i? Sazinieties ar mums, m\u0113s p\u0101rr\u0113\u0137in\u0101sim cenu \u2013 j\u016bs maks\u0101siet tikai par gredzena izgatavo\u0161anu.<\/strong><\/p>\n","protected":false},"excerpt":{"rendered":"<p>Minim\u0101listisks gredzens ar dabisku bagetes formas smaragdu un dimantiem. Ekskluz\u012bvs gredzens \u2013 stil\u012bgai sievietei. Lieliski piem\u0113rots saderin\u0101\u0161anai un ikdienai, pie\u0161\u0137irot grezn\u012bbu j\u016bsu stilam.\u00a0<\/p>\n","protected":false},"featured_media":252110,"template":"","meta":{"site-sidebar-layout":"","site-content-layout":"","ast-site-content-layout":"","site-content-style":"","site-sidebar-style":"","ast-global-header-display":"","ast-banner-title-visibility":"","ast-main-header-display":"","ast-hfb-above-header-display":"","ast-hfb-below-header-display":"","ast-hfb-mobile-header-display":"","site-post-title":"","ast-breadcrumbs-content":"","ast-featured-img":"","footer-sml-layout":"","ast-disable-related-posts":"","theme-transparent-header-meta":"","adv-header-id-meta":"","stick-header-meta":"","header-above-stick-meta":"","header-main-stick-meta":"","header-below-stick-meta":"","astra-migrate-meta-layouts":"default","ast-page-background-enabled":"default","ast-page-background-meta":{"desktop":{"background-color":"var(--ast-global-color-4)","background-image":"","background-repeat":"repeat","background-position":"center center","background-size":"auto","background-attachment":"scroll","background-type":"","background-media":"","overlay-type":"","overlay-color":"","overlay-opacity":"","overlay-gradient":""},"tablet":{"background-color":"","background-image":"","background-repeat":"repeat","background-position":"center center","background-size":"auto","background-attachment":"scroll","background-type":"","background-media":"","overlay-type":"","overlay-color":"","overlay-opacity":"","overlay-gradient":""},"mobile":{"background-color":"","background-image":"","background-repeat":"repeat","background-position":"center center","background-size":"auto","background-attachment":"scroll","background-type":"","background-media":"","overlay-type":"","overlay-color":"","overlay-opacity":"","overlay-gradient":""}},"ast-content-background-meta":{"desktop":{"background-color":"var(--ast-global-color-5)","background-image":"","background-repeat":"repeat","background-position":"center center","background-size":"auto","background-attachment":"scroll","background-type":"","background-media":"","overlay-type":"","overlay-color":"","overlay-opacity":"","overlay-gradient":""},"tablet":{"background-color":"var(--ast-global-color-5)","background-image":"","background-repeat":"repeat","background-position":"center center","background-size":"auto","background-attachment":"scroll","background-type":"","background-media":"","overlay-type":"","overlay-color":"","overlay-opacity":"","overlay-gradient":""},"mobile":{"background-color":"var(--ast-global-color-5)","background-image":"","background-repeat":"repeat","background-position":"center center","background-size":"auto","background-attachment":"scroll","background-type":"","background-media":"","overlay-type":"","overlay-color":"","overlay-opacity":"","overlay-gradient":""}}},"product_brand":[],"product_cat":[2919,2915,2913,2920,3403,2916,2914,2925,2926,2928,2923,2939,2942,3042,2922,3566,3439,3440,3438,2979,3496,3495,2936,2918],"product_tag":[],"class_list":{"0":"post-273581","1":"product","2":"type-product","3":"status-publish","4":"has-post-thumbnail","6":"product_cat-baltzelta-rotaslietas","7":"product_cat-davanas-berna-piedzimsanai","8":"product_cat-davanas-dzimsanas-diena","9":"product_cat-davanas-izlaidumam","10":"product_cat-davanas-kazam","11":"product_cat-davanas-kazu-gadadiena","12":"product_cat-davanas-sievietem","13":"product_cat-dimanta-lentinas","14":"product_cat-dimanta-stipinas-lidz-pusei","15":"product_cat-dzeltena-zelta-dimantu-joslinas","16":"product_cat-dzeltena-zelta-juvelierizstradajumi","17":"product_cat-gredzeni-ar-dargakmeniem","18":"product_cat-gredzens-joslina-ar-dargakmeniem","19":"product_cat-juvelierizstradajumi","20":"product_cat-mates-dienas-davanas","21":"product_cat-minimalistiski-saderinasanas-gredzeni","22":"product_cat-saderinasanas-gredzeni","23":"product_cat-saderinasanas-gredzeni-ar-dargakmeniem","24":"product_cat-saderinasanas-gredzeni-ar-smaragdu","25":"product_cat-sarkana-zelta-juvelierizstradajumi","26":"product_cat-smaragds-gredzeni-ar-smaragdu","27":"product_cat-smaragds-rotaslietas-ar-smaragdu","28":"product_cat-valentindienas-davanas","29":"product_cat-ziemassvetku-davanas","30":"desktop-align-center","31":"tablet-align-left","32":"mobile-align-left","33":"ast-product-gallery-layout-horizontal-slider","34":"ast-product-gallery-with-no-image","35":"ast-product-single-variable","36":"ast-product-tabs-layout-accordion","37":"ast-qv-on-image","39":"first","40":"instock","41":"taxable","42":"shipping-taxable","43":"purchasable","44":"product-type-variable"},"yoast_head":"<!-- This site is optimized with the Yoast SEO plugin v26.6 - https:\/\/yoast.com\/wordpress\/plugins\/seo\/ -->\n<title>Dabisks smaragds - gredzens ar smaragdu un dimantiem (0.16 ct)<\/title>\n<meta name=\"description\" content=\"Minim\u0101listisks gredzens ar dab\u012bgu bagetes formas smaragdu un dimantiem. Ekskluz\u012bvs gredzens \u2013 stil\u012bgai sievietei, saderin\u0101\u0161an\u0101s br\u012bdim un ikdienai. Izgatavo\u0161ana 14 d. d.\" \/>\n<meta name=\"robots\" content=\"index, follow, max-snippet:-1, max-image-preview:large, max-video-preview:-1\" \/>\n<link rel=\"canonical\" href=\"https:\/\/fashiongold.lt\/lv\/papuosalas\/dabisks-smaragds-gredzens-ar-smaragdu-un-dimantiem-0-16-ct\/\" \/>\n<meta property=\"og:locale\" content=\"lv_LV\" \/>\n<meta property=\"og:type\" content=\"article\" \/>\n<meta property=\"og:title\" content=\"Dabisks smaragds - gredzens ar smaragdu un dimantiem (0.16 ct)\" \/>\n<meta property=\"og:description\" content=\"Minim\u0101listisks gredzens ar dab\u012bgu bagetes formas smaragdu un dimantiem. Ekskluz\u012bvs gredzens \u2013 stil\u012bgai sievietei, saderin\u0101\u0161an\u0101s br\u012bdim un ikdienai. Izgatavo\u0161ana 14 d. d.\" \/>\n<meta property=\"og:url\" content=\"https:\/\/fashiongold.lt\/lv\/papuosalas\/dabisks-smaragds-gredzens-ar-smaragdu-un-dimantiem-0-16-ct\/\" \/>\n<meta property=\"og:site_name\" content=\"FashionGold.lt\" \/>\n<meta property=\"og:image\" content=\"https:\/\/fashiongold.lt\/wp-content\/uploads\/2025\/10\/13282-bbe-Naturalus-Smaragdas-ziedas-su-smaragdu-ir-deimantais-0.16-ct.webp\" \/>\n\t<meta property=\"og:image:width\" content=\"1000\" \/>\n\t<meta property=\"og:image:height\" content=\"1000\" \/>\n\t<meta property=\"og:image:type\" content=\"image\/png\" \/>\n<meta name=\"twitter:card\" content=\"summary_large_image\" \/>\n<meta name=\"twitter:label1\" content=\"Est. reading time\" \/>\n\t<meta name=\"twitter:data1\" content=\"1 minute\" \/>\n<script type=\"application\/ld+json\" class=\"yoast-schema-graph\">{\"@context\":\"https:\/\/schema.org\",\"@graph\":[{\"@type\":\"WebPage\",\"@id\":\"https:\/\/fashiongold.lt\/lv\/papuosalas\/dabisks-smaragds-gredzens-ar-smaragdu-un-dimantiem-0-16-ct\/\",\"url\":\"https:\/\/fashiongold.lt\/lv\/papuosalas\/dabisks-smaragds-gredzens-ar-smaragdu-un-dimantiem-0-16-ct\/\",\"name\":\"Dabisks smaragds - gredzens ar smaragdu un dimantiem (0.16 ct)\",\"isPartOf\":{\"@id\":\"https:\/\/fashiongold.lt\/lv\/#website\"},\"primaryImageOfPage\":{\"@id\":\"https:\/\/fashiongold.lt\/lv\/papuosalas\/dabisks-smaragds-gredzens-ar-smaragdu-un-dimantiem-0-16-ct\/#primaryimage\"},\"image\":{\"@id\":\"https:\/\/fashiongold.lt\/lv\/papuosalas\/dabisks-smaragds-gredzens-ar-smaragdu-un-dimantiem-0-16-ct\/#primaryimage\"},\"thumbnailUrl\":\"https:\/\/fashiongold.lt\/wp-content\/uploads\/2025\/10\/13282-bbe-Naturalus-Smaragdas-ziedas-su-smaragdu-ir-deimantais-0.16-ct.png\",\"datePublished\":\"2025-10-24T01:22:35+00:00\",\"description\":\"Minim\u0101listisks gredzens ar dab\u012bgu bagetes formas smaragdu un dimantiem. Ekskluz\u012bvs gredzens \u2013 stil\u012bgai sievietei, saderin\u0101\u0161an\u0101s br\u012bdim un ikdienai. Izgatavo\u0161ana 14 d. d.\",\"breadcrumb\":{\"@id\":\"https:\/\/fashiongold.lt\/lv\/papuosalas\/dabisks-smaragds-gredzens-ar-smaragdu-un-dimantiem-0-16-ct\/#breadcrumb\"},\"inLanguage\":\"lv-LV\",\"potentialAction\":[{\"@type\":\"ReadAction\",\"target\":[\"https:\/\/fashiongold.lt\/lv\/papuosalas\/dabisks-smaragds-gredzens-ar-smaragdu-un-dimantiem-0-16-ct\/\"]}]},{\"@type\":\"ImageObject\",\"inLanguage\":\"lv-LV\",\"@id\":\"https:\/\/fashiongold.lt\/lv\/papuosalas\/dabisks-smaragds-gredzens-ar-smaragdu-un-dimantiem-0-16-ct\/#primaryimage\",\"url\":\"https:\/\/fashiongold.lt\/wp-content\/uploads\/2025\/10\/13282-bbe-Naturalus-Smaragdas-ziedas-su-smaragdu-ir-deimantais-0.16-ct.png\",\"contentUrl\":\"https:\/\/fashiongold.lt\/wp-content\/uploads\/2025\/10\/13282-bbe-Naturalus-Smaragdas-ziedas-su-smaragdu-ir-deimantais-0.16-ct.png\",\"width\":1000,\"height\":1000},{\"@type\":\"BreadcrumbList\",\"@id\":\"https:\/\/fashiongold.lt\/lv\/papuosalas\/dabisks-smaragds-gredzens-ar-smaragdu-un-dimantiem-0-16-ct\/#breadcrumb\",\"itemListElement\":[{\"@type\":\"ListItem\",\"position\":1,\"name\":\"Home\",\"item\":\"https:\/\/fashiongold.lt\/lv\/\"},{\"@type\":\"ListItem\",\"position\":2,\"name\":\"Dimantu veikals Fashiongold.lt\",\"item\":\"https:\/\/fashiongold.lt\/shop-2\/\"},{\"@type\":\"ListItem\",\"position\":3,\"name\":\"Dabisks smaragds &#8211; gredzens ar smaragdu un dimantiem (0.16 ct)\"}]},{\"@type\":\"WebSite\",\"@id\":\"https:\/\/fashiongold.lt\/lv\/#website\",\"url\":\"https:\/\/fashiongold.lt\/lv\/\",\"name\":\"Fashion Gold\",\"description\":\"Juvelyrikos namai\",\"publisher\":{\"@id\":\"https:\/\/fashiongold.lt\/lv\/#organization\"},\"potentialAction\":[{\"@type\":\"SearchAction\",\"target\":{\"@type\":\"EntryPoint\",\"urlTemplate\":\"https:\/\/fashiongold.lt\/lv\/?s={search_term_string}\"},\"query-input\":{\"@type\":\"PropertyValueSpecification\",\"valueRequired\":true,\"valueName\":\"search_term_string\"}}],\"inLanguage\":\"lv-LV\"},{\"@type\":\"Organization\",\"@id\":\"https:\/\/fashiongold.lt\/lv\/#organization\",\"name\":\"Topdiamonds Online\",\"url\":\"https:\/\/fashiongold.lt\/lv\/\",\"logo\":{\"@type\":\"ImageObject\",\"inLanguage\":\"lv-LV\",\"@id\":\"https:\/\/fashiongold.lt\/lv\/#\/schema\/logo\/image\/\",\"url\":\"https:\/\/fashiongold.lt\/wp-content\/uploads\/2025\/04\/cropped-fashion_gold_logotipas2-scaled-1.png\",\"contentUrl\":\"https:\/\/fashiongold.lt\/wp-content\/uploads\/2025\/04\/cropped-fashion_gold_logotipas2-scaled-1.png\",\"width\":2559,\"height\":421,\"caption\":\"Topdiamonds Online\"},\"image\":{\"@id\":\"https:\/\/fashiongold.lt\/lv\/#\/schema\/logo\/image\/\"}}]}<\/script>\n<!-- \/ Yoast SEO plugin. -->","yoast_head_json":{"title":"Dabisks smaragds - gredzens ar smaragdu un dimantiem (0.16 ct)","description":"Minim\u0101listisks gredzens ar dab\u012bgu bagetes formas smaragdu un dimantiem. Ekskluz\u012bvs gredzens \u2013 stil\u012bgai sievietei, saderin\u0101\u0161an\u0101s br\u012bdim un ikdienai. Izgatavo\u0161ana 14 d. d.","robots":{"index":"index","follow":"follow","max-snippet":"max-snippet:-1","max-image-preview":"max-image-preview:large","max-video-preview":"max-video-preview:-1"},"canonical":"https:\/\/fashiongold.lt\/lv\/papuosalas\/dabisks-smaragds-gredzens-ar-smaragdu-un-dimantiem-0-16-ct\/","og_locale":"lv_LV","og_type":"article","og_title":"Dabisks smaragds - gredzens ar smaragdu un dimantiem (0.16 ct)","og_description":"Minim\u0101listisks gredzens ar dab\u012bgu bagetes formas smaragdu un dimantiem. Ekskluz\u012bvs gredzens \u2013 stil\u012bgai sievietei, saderin\u0101\u0161an\u0101s br\u012bdim un ikdienai. Izgatavo\u0161ana 14 d. d.","og_url":"https:\/\/fashiongold.lt\/lv\/papuosalas\/dabisks-smaragds-gredzens-ar-smaragdu-un-dimantiem-0-16-ct\/","og_site_name":"FashionGold.lt","og_image":[{"width":1000,"height":1000,"url":"https:\/\/fashiongold.lt\/wp-content\/uploads\/2025\/10\/13282-bbe-Naturalus-Smaragdas-ziedas-su-smaragdu-ir-deimantais-0.16-ct.webp","type":"image\/png"}],"twitter_card":"summary_large_image","twitter_misc":{"Est. reading time":"1 minute"},"schema":{"@context":"https:\/\/schema.org","@graph":[{"@type":"WebPage","@id":"https:\/\/fashiongold.lt\/lv\/papuosalas\/dabisks-smaragds-gredzens-ar-smaragdu-un-dimantiem-0-16-ct\/","url":"https:\/\/fashiongold.lt\/lv\/papuosalas\/dabisks-smaragds-gredzens-ar-smaragdu-un-dimantiem-0-16-ct\/","name":"Dabisks smaragds - gredzens ar smaragdu un dimantiem (0.16 ct)","isPartOf":{"@id":"https:\/\/fashiongold.lt\/lv\/#website"},"primaryImageOfPage":{"@id":"https:\/\/fashiongold.lt\/lv\/papuosalas\/dabisks-smaragds-gredzens-ar-smaragdu-un-dimantiem-0-16-ct\/#primaryimage"},"image":{"@id":"https:\/\/fashiongold.lt\/lv\/papuosalas\/dabisks-smaragds-gredzens-ar-smaragdu-un-dimantiem-0-16-ct\/#primaryimage"},"thumbnailUrl":"https:\/\/fashiongold.lt\/wp-content\/uploads\/2025\/10\/13282-bbe-Naturalus-Smaragdas-ziedas-su-smaragdu-ir-deimantais-0.16-ct.png","datePublished":"2025-10-24T01:22:35+00:00","description":"Minim\u0101listisks gredzens ar dab\u012bgu bagetes formas smaragdu un dimantiem. Ekskluz\u012bvs gredzens \u2013 stil\u012bgai sievietei, saderin\u0101\u0161an\u0101s br\u012bdim un ikdienai. Izgatavo\u0161ana 14 d. d.","breadcrumb":{"@id":"https:\/\/fashiongold.lt\/lv\/papuosalas\/dabisks-smaragds-gredzens-ar-smaragdu-un-dimantiem-0-16-ct\/#breadcrumb"},"inLanguage":"lv-LV","potentialAction":[{"@type":"ReadAction","target":["https:\/\/fashiongold.lt\/lv\/papuosalas\/dabisks-smaragds-gredzens-ar-smaragdu-un-dimantiem-0-16-ct\/"]}]},{"@type":"ImageObject","inLanguage":"lv-LV","@id":"https:\/\/fashiongold.lt\/lv\/papuosalas\/dabisks-smaragds-gredzens-ar-smaragdu-un-dimantiem-0-16-ct\/#primaryimage","url":"https:\/\/fashiongold.lt\/wp-content\/uploads\/2025\/10\/13282-bbe-Naturalus-Smaragdas-ziedas-su-smaragdu-ir-deimantais-0.16-ct.png","contentUrl":"https:\/\/fashiongold.lt\/wp-content\/uploads\/2025\/10\/13282-bbe-Naturalus-Smaragdas-ziedas-su-smaragdu-ir-deimantais-0.16-ct.png","width":1000,"height":1000},{"@type":"BreadcrumbList","@id":"https:\/\/fashiongold.lt\/lv\/papuosalas\/dabisks-smaragds-gredzens-ar-smaragdu-un-dimantiem-0-16-ct\/#breadcrumb","itemListElement":[{"@type":"ListItem","position":1,"name":"Home","item":"https:\/\/fashiongold.lt\/lv\/"},{"@type":"ListItem","position":2,"name":"Dimantu veikals Fashiongold.lt","item":"https:\/\/fashiongold.lt\/shop-2\/"},{"@type":"ListItem","position":3,"name":"Dabisks smaragds &#8211; gredzens ar smaragdu un dimantiem (0.16 ct)"}]},{"@type":"WebSite","@id":"https:\/\/fashiongold.lt\/lv\/#website","url":"https:\/\/fashiongold.lt\/lv\/","name":"Fashion Gold","description":"Juvelyrikos namai","publisher":{"@id":"https:\/\/fashiongold.lt\/lv\/#organization"},"potentialAction":[{"@type":"SearchAction","target":{"@type":"EntryPoint","urlTemplate":"https:\/\/fashiongold.lt\/lv\/?s={search_term_string}"},"query-input":{"@type":"PropertyValueSpecification","valueRequired":true,"valueName":"search_term_string"}}],"inLanguage":"lv-LV"},{"@type":"Organization","@id":"https:\/\/fashiongold.lt\/lv\/#organization","name":"Topdiamonds Online","url":"https:\/\/fashiongold.lt\/lv\/","logo":{"@type":"ImageObject","inLanguage":"lv-LV","@id":"https:\/\/fashiongold.lt\/lv\/#\/schema\/logo\/image\/","url":"https:\/\/fashiongold.lt\/wp-content\/uploads\/2025\/04\/cropped-fashion_gold_logotipas2-scaled-1.png","contentUrl":"https:\/\/fashiongold.lt\/wp-content\/uploads\/2025\/04\/cropped-fashion_gold_logotipas2-scaled-1.png","width":2559,"height":421,"caption":"Topdiamonds Online"},"image":{"@id":"https:\/\/fashiongold.lt\/lv\/#\/schema\/logo\/image\/"}}]}},"_links":{"self":[{"href":"https:\/\/fashiongold.lt\/lv\/wp-json\/wp\/v2\/product\/273581","targetHints":{"allow":["GET"]}}],"collection":[{"href":"https:\/\/fashiongold.lt\/lv\/wp-json\/wp\/v2\/product"}],"about":[{"href":"https:\/\/fashiongold.lt\/lv\/wp-json\/wp\/v2\/types\/product"}],"version-history":[{"count":0,"href":"https:\/\/fashiongold.lt\/lv\/wp-json\/wp\/v2\/product\/273581\/revisions"}],"wp:featuredmedia":[{"embeddable":true,"href":"https:\/\/fashiongold.lt\/lv\/wp-json\/wp\/v2\/media\/252110"}],"wp:attachment":[{"href":"https:\/\/fashiongold.lt\/lv\/wp-json\/wp\/v2\/media?parent=273581"}],"wp:term":[{"taxonomy":"product_brand","embeddable":true,"href":"https:\/\/fashiongold.lt\/lv\/wp-json\/wp\/v2\/product_brand?post=273581"},{"taxonomy":"product_cat","embeddable":true,"href":"https:\/\/fashiongold.lt\/lv\/wp-json\/wp\/v2\/product_cat?post=273581"},{"taxonomy":"product_tag","embeddable":true,"href":"https:\/\/fashiongold.lt\/lv\/wp-json\/wp\/v2\/product_tag?post=273581"}],"curies":[{"name":"wp","href":"https:\/\/api.w.org\/{rel}","templated":true}]}}