{"id":273616,"date":"2025-10-24T00:31:21","date_gmt":"2025-10-24T00:31:21","guid":{"rendered":"https:\/\/fashiongold.lt\/papuosalas\/tanzanite-blue-gredzens-ar-sirds-formas-tanzanitu-un-dimantiem-2-33-ct\/"},"modified":"2025-10-24T00:31:21","modified_gmt":"2025-10-24T00:31:21","slug":"tanzanite-blue-gredzens-ar-sirds-formas-tanzanitu-un-dimantiem-2-33-ct","status":"publish","type":"product","link":"https:\/\/fashiongold.lt\/lv\/papuosalas\/tanzanite-blue-gredzens-ar-sirds-formas-tanzanitu-un-dimantiem-2-33-ct\/","title":{"rendered":"Tanzanite Blue &#8211; gredzens ar sirds formas tanzan\u012btu un dimantiem (2.33 ct)"},"content":{"rendered":"<p>Ra\u017eots V\u0101cij\u0101 no augstas kvalit\u0101tes d\u0101rgakme\u0146iem. Lieliska izv\u0113le stil\u012bgai sievietei. Br\u012bni\u0161\u0137\u012bgs zils d\u0101rgakmens, tanzan\u012bts \u2013 stiprina intu\u012bciju, rada siltuma, m\u0101j\u012bguma un miera atmosf\u0113ru, tiek uzskat\u012bts par m\u012blest\u012bbas simbolu, atnes \u012bpa\u0161niekam veiksmi un finansi\u0101lo labkl\u0101j\u012bbu. Tanzan\u012bts ir piem\u0113rots Auniem, Str\u0113lniekiem, Lauv\u0101m, Dv\u012b\u0146iem, \u016adensv\u012briem, Svariem, Skorpioniem, Ziv\u012bm un V\u0113\u017eiem.<\/p>\n<p>\u2022 Gredzena zelts: 14 kar\u0101ti (585. prove)\u00a0<\/p>\n<p>\u2022 Gredzena kr\u0101sa: dzeltenais zelts\u00a0 \u00a0 \u00a0<\/p>\n<p>\u2022 Gredzena svars: aptuveni 2,00 &#8211; 3,00 g\u00a0 \u00a0<\/p>\n<p>\u2022 Dimanta veids: Dab\u012bgs dimants\u00a0<\/p>\n<p>\u2022 Dimanta forma: Apa\u013ca forma (Round cut)\u00a0<\/p>\n<p>\u2022 Dimanta raksturojums: 0,15 ct, kr\u0101sa G-H (RW-W); t\u012br\u012bba SI\u00a0<\/p>\n<p>\u2022 Centr\u0101lais akmens: sirds formas tanzan\u012bts &#8211; 2.17 ct\u00a0 \u00a0<\/p>\n<p>\u2022 Sertifik\u0101ts: Lietuvas Prove\u0161anas pal\u0101ta (LPR)\u00a0 \u00a0<\/p>\n<p>\u2022 Gredzena izm\u0113ri: 9.3 mm x 9.4 mm x 2.1 mm\u00a0<\/p>\n<p>\u2022 Grav\u0113\u0161ana bez maksas\u00a0<\/p>\n<p>\u2022 Vienreiz\u0113ja bezmaksas gredzena izm\u0113ra mai\u0146as garantija\u00a0<\/p>\n<p>\u2022 Izgatavo\u0161anas un pieg\u0101des termi\u0146\u0161 no 14 darba dien\u0101m, steidzam\u012bbas k\u0101rt\u0101 3 d.d. laik\u0101.\u00a0<\/p>\n<p>Jums ir savs zelts? Sazinieties ar mums, m\u0113s p\u0101rr\u0113\u0137in\u0101sim cenu \u2013 maks\u0101siet tikai par gredzenu izgatavo\u0161anu.<\/p>\n","protected":false},"excerpt":{"rendered":"<p>Modern\u0101 dizaina zelta gredzens ar sirds formas tanzan\u012btu un dimantiem. Ekskluz\u012bvs gredzens &#8211; stil\u012bgai sievietei.<\/p>\n","protected":false},"featured_media":250719,"template":"","meta":{"site-sidebar-layout":"","site-content-layout":"","ast-site-content-layout":"","site-content-style":"","site-sidebar-style":"","ast-global-header-display":"","ast-banner-title-visibility":"","ast-main-header-display":"","ast-hfb-above-header-display":"","ast-hfb-below-header-display":"","ast-hfb-mobile-header-display":"","site-post-title":"","ast-breadcrumbs-content":"","ast-featured-img":"","footer-sml-layout":"","ast-disable-related-posts":"","theme-transparent-header-meta":"","adv-header-id-meta":"","stick-header-meta":"","header-above-stick-meta":"","header-main-stick-meta":"","header-below-stick-meta":"","astra-migrate-meta-layouts":"default","ast-page-background-enabled":"default","ast-page-background-meta":{"desktop":{"background-color":"var(--ast-global-color-4)","background-image":"","background-repeat":"repeat","background-position":"center center","background-size":"auto","background-attachment":"scroll","background-type":"","background-media":"","overlay-type":"","overlay-color":"","overlay-opacity":"","overlay-gradient":""},"tablet":{"background-color":"","background-image":"","background-repeat":"repeat","background-position":"center center","background-size":"auto","background-attachment":"scroll","background-type":"","background-media":"","overlay-type":"","overlay-color":"","overlay-opacity":"","overlay-gradient":""},"mobile":{"background-color":"","background-image":"","background-repeat":"repeat","background-position":"center center","background-size":"auto","background-attachment":"scroll","background-type":"","background-media":"","overlay-type":"","overlay-color":"","overlay-opacity":"","overlay-gradient":""}},"ast-content-background-meta":{"desktop":{"background-color":"var(--ast-global-color-5)","background-image":"","background-repeat":"repeat","background-position":"center center","background-size":"auto","background-attachment":"scroll","background-type":"","background-media":"","overlay-type":"","overlay-color":"","overlay-opacity":"","overlay-gradient":""},"tablet":{"background-color":"var(--ast-global-color-5)","background-image":"","background-repeat":"repeat","background-position":"center center","background-size":"auto","background-attachment":"scroll","background-type":"","background-media":"","overlay-type":"","overlay-color":"","overlay-opacity":"","overlay-gradient":""},"mobile":{"background-color":"var(--ast-global-color-5)","background-image":"","background-repeat":"repeat","background-position":"center center","background-size":"auto","background-attachment":"scroll","background-type":"","background-media":"","overlay-type":"","overlay-color":"","overlay-opacity":"","overlay-gradient":""}}},"product_brand":[],"product_cat":[2915,2913,2921,2920,3403,2916,2914,2923,2939,3042,2938,2922,2937,3439,3440,2936,2918,3402],"product_tag":[],"class_list":{"0":"post-273616","1":"product","2":"type-product","3":"status-publish","4":"has-post-thumbnail","6":"product_cat-davanas-berna-piedzimsanai","7":"product_cat-davanas-dzimsanas-diena","8":"product_cat-davanas-ipasiem-gadijumiem","9":"product_cat-davanas-izlaidumam","10":"product_cat-davanas-kazam","11":"product_cat-davanas-kazu-gadadiena","12":"product_cat-davanas-sievietem","13":"product_cat-dzeltena-zelta-juvelierizstradajumi","14":"product_cat-gredzeni-ar-dargakmeniem","15":"product_cat-juvelierizstradajumi","16":"product_cat-juvelierizstradajumi-ar-ziliem-dargakmeniem","17":"product_cat-mates-dienas-davanas","18":"product_cat-rotaslietas-ar-pusdargakmeniem","19":"product_cat-saderinasanas-gredzeni","20":"product_cat-saderinasanas-gredzeni-ar-dargakmeniem","21":"product_cat-valentindienas-davanas","22":"product_cat-ziemassvetku-davanas","23":"product_cat-zils-dargakmens","24":"desktop-align-center","25":"tablet-align-left","26":"mobile-align-left","27":"ast-product-gallery-layout-horizontal-slider","28":"ast-product-gallery-with-no-image","29":"ast-product-single-variable","30":"ast-product-tabs-layout-accordion","31":"ast-qv-on-image","33":"first","34":"instock","35":"taxable","36":"shipping-taxable","37":"purchasable","38":"product-type-variable"},"yoast_head":"<!-- This site is optimized with the Yoast SEO plugin v26.6 - https:\/\/yoast.com\/wordpress\/plugins\/seo\/ -->\n<title>Tanzan\u012bts Blue - gredzens ar sirds formas tanzan\u012btu un dimantiem<\/title>\n<meta name=\"description\" content=\"Moderna dizaina gredzens ar sirds formas tanzan\u012btu un dimantiem. Izcila izv\u0113le stil\u012bgai sievietei un \u012bpa\u0161iem gad\u012bjumiem.\" \/>\n<meta name=\"robots\" content=\"index, follow, max-snippet:-1, max-image-preview:large, max-video-preview:-1\" \/>\n<link rel=\"canonical\" href=\"https:\/\/fashiongold.lt\/lv\/papuosalas\/tanzanite-blue-gredzens-ar-sirds-formas-tanzanitu-un-dimantiem-2-33-ct\/\" \/>\n<meta property=\"og:locale\" content=\"lv_LV\" \/>\n<meta property=\"og:type\" content=\"article\" \/>\n<meta property=\"og:title\" content=\"Tanzan\u012bts Blue - gredzens ar sirds formas tanzan\u012btu un dimantiem\" \/>\n<meta property=\"og:description\" content=\"Moderna dizaina gredzens ar sirds formas tanzan\u012btu un dimantiem. Izcila izv\u0113le stil\u012bgai sievietei un \u012bpa\u0161iem gad\u012bjumiem.\" \/>\n<meta property=\"og:url\" content=\"https:\/\/fashiongold.lt\/lv\/papuosalas\/tanzanite-blue-gredzens-ar-sirds-formas-tanzanitu-un-dimantiem-2-33-ct\/\" \/>\n<meta property=\"og:site_name\" content=\"FashionGold.lt\" \/>\n<meta property=\"og:image\" content=\"https:\/\/fashiongold.lt\/wp-content\/uploads\/2025\/10\/11600-c73-Tanzanitas-Blue-ziedas-su-tanzanitu-sirdeles-formos-ir-deimantais.webp\" \/>\n\t<meta property=\"og:image:width\" content=\"1000\" \/>\n\t<meta property=\"og:image:height\" content=\"1000\" \/>\n\t<meta property=\"og:image:type\" content=\"image\/png\" \/>\n<meta name=\"twitter:card\" content=\"summary_large_image\" \/>\n<meta name=\"twitter:label1\" content=\"Est. reading time\" \/>\n\t<meta name=\"twitter:data1\" content=\"1 minute\" \/>\n<script type=\"application\/ld+json\" class=\"yoast-schema-graph\">{\"@context\":\"https:\/\/schema.org\",\"@graph\":[{\"@type\":\"WebPage\",\"@id\":\"https:\/\/fashiongold.lt\/lv\/papuosalas\/tanzanite-blue-gredzens-ar-sirds-formas-tanzanitu-un-dimantiem-2-33-ct\/\",\"url\":\"https:\/\/fashiongold.lt\/lv\/papuosalas\/tanzanite-blue-gredzens-ar-sirds-formas-tanzanitu-un-dimantiem-2-33-ct\/\",\"name\":\"Tanzan\u012bts Blue - gredzens ar sirds formas tanzan\u012btu un dimantiem\",\"isPartOf\":{\"@id\":\"https:\/\/fashiongold.lt\/lv\/#website\"},\"primaryImageOfPage\":{\"@id\":\"https:\/\/fashiongold.lt\/lv\/papuosalas\/tanzanite-blue-gredzens-ar-sirds-formas-tanzanitu-un-dimantiem-2-33-ct\/#primaryimage\"},\"image\":{\"@id\":\"https:\/\/fashiongold.lt\/lv\/papuosalas\/tanzanite-blue-gredzens-ar-sirds-formas-tanzanitu-un-dimantiem-2-33-ct\/#primaryimage\"},\"thumbnailUrl\":\"https:\/\/fashiongold.lt\/wp-content\/uploads\/2025\/10\/11600-c73-Tanzanitas-Blue-ziedas-su-tanzanitu-sirdeles-formos-ir-deimantais.png\",\"datePublished\":\"2025-10-24T00:31:21+00:00\",\"description\":\"Moderna dizaina gredzens ar sirds formas tanzan\u012btu un dimantiem. Izcila izv\u0113le stil\u012bgai sievietei un \u012bpa\u0161iem gad\u012bjumiem.\",\"breadcrumb\":{\"@id\":\"https:\/\/fashiongold.lt\/lv\/papuosalas\/tanzanite-blue-gredzens-ar-sirds-formas-tanzanitu-un-dimantiem-2-33-ct\/#breadcrumb\"},\"inLanguage\":\"lv-LV\",\"potentialAction\":[{\"@type\":\"ReadAction\",\"target\":[\"https:\/\/fashiongold.lt\/lv\/papuosalas\/tanzanite-blue-gredzens-ar-sirds-formas-tanzanitu-un-dimantiem-2-33-ct\/\"]}]},{\"@type\":\"ImageObject\",\"inLanguage\":\"lv-LV\",\"@id\":\"https:\/\/fashiongold.lt\/lv\/papuosalas\/tanzanite-blue-gredzens-ar-sirds-formas-tanzanitu-un-dimantiem-2-33-ct\/#primaryimage\",\"url\":\"https:\/\/fashiongold.lt\/wp-content\/uploads\/2025\/10\/11600-c73-Tanzanitas-Blue-ziedas-su-tanzanitu-sirdeles-formos-ir-deimantais.png\",\"contentUrl\":\"https:\/\/fashiongold.lt\/wp-content\/uploads\/2025\/10\/11600-c73-Tanzanitas-Blue-ziedas-su-tanzanitu-sirdeles-formos-ir-deimantais.png\",\"width\":1000,\"height\":1000},{\"@type\":\"BreadcrumbList\",\"@id\":\"https:\/\/fashiongold.lt\/lv\/papuosalas\/tanzanite-blue-gredzens-ar-sirds-formas-tanzanitu-un-dimantiem-2-33-ct\/#breadcrumb\",\"itemListElement\":[{\"@type\":\"ListItem\",\"position\":1,\"name\":\"Home\",\"item\":\"https:\/\/fashiongold.lt\/lv\/\"},{\"@type\":\"ListItem\",\"position\":2,\"name\":\"Dimantu veikals Fashiongold.lt\",\"item\":\"https:\/\/fashiongold.lt\/shop-2\/\"},{\"@type\":\"ListItem\",\"position\":3,\"name\":\"Tanzanite Blue &#8211; gredzens ar sirds formas tanzan\u012btu un dimantiem (2.33 ct)\"}]},{\"@type\":\"WebSite\",\"@id\":\"https:\/\/fashiongold.lt\/lv\/#website\",\"url\":\"https:\/\/fashiongold.lt\/lv\/\",\"name\":\"Fashion Gold\",\"description\":\"Juvelyrikos namai\",\"publisher\":{\"@id\":\"https:\/\/fashiongold.lt\/lv\/#organization\"},\"potentialAction\":[{\"@type\":\"SearchAction\",\"target\":{\"@type\":\"EntryPoint\",\"urlTemplate\":\"https:\/\/fashiongold.lt\/lv\/?s={search_term_string}\"},\"query-input\":{\"@type\":\"PropertyValueSpecification\",\"valueRequired\":true,\"valueName\":\"search_term_string\"}}],\"inLanguage\":\"lv-LV\"},{\"@type\":\"Organization\",\"@id\":\"https:\/\/fashiongold.lt\/lv\/#organization\",\"name\":\"Topdiamonds Online\",\"url\":\"https:\/\/fashiongold.lt\/lv\/\",\"logo\":{\"@type\":\"ImageObject\",\"inLanguage\":\"lv-LV\",\"@id\":\"https:\/\/fashiongold.lt\/lv\/#\/schema\/logo\/image\/\",\"url\":\"https:\/\/fashiongold.lt\/wp-content\/uploads\/2025\/04\/cropped-fashion_gold_logotipas2-scaled-1.png\",\"contentUrl\":\"https:\/\/fashiongold.lt\/wp-content\/uploads\/2025\/04\/cropped-fashion_gold_logotipas2-scaled-1.png\",\"width\":2559,\"height\":421,\"caption\":\"Topdiamonds Online\"},\"image\":{\"@id\":\"https:\/\/fashiongold.lt\/lv\/#\/schema\/logo\/image\/\"}}]}<\/script>\n<!-- \/ Yoast SEO plugin. -->","yoast_head_json":{"title":"Tanzan\u012bts Blue - gredzens ar sirds formas tanzan\u012btu un dimantiem","description":"Moderna dizaina gredzens ar sirds formas tanzan\u012btu un dimantiem. Izcila izv\u0113le stil\u012bgai sievietei un \u012bpa\u0161iem gad\u012bjumiem.","robots":{"index":"index","follow":"follow","max-snippet":"max-snippet:-1","max-image-preview":"max-image-preview:large","max-video-preview":"max-video-preview:-1"},"canonical":"https:\/\/fashiongold.lt\/lv\/papuosalas\/tanzanite-blue-gredzens-ar-sirds-formas-tanzanitu-un-dimantiem-2-33-ct\/","og_locale":"lv_LV","og_type":"article","og_title":"Tanzan\u012bts Blue - gredzens ar sirds formas tanzan\u012btu un dimantiem","og_description":"Moderna dizaina gredzens ar sirds formas tanzan\u012btu un dimantiem. Izcila izv\u0113le stil\u012bgai sievietei un \u012bpa\u0161iem gad\u012bjumiem.","og_url":"https:\/\/fashiongold.lt\/lv\/papuosalas\/tanzanite-blue-gredzens-ar-sirds-formas-tanzanitu-un-dimantiem-2-33-ct\/","og_site_name":"FashionGold.lt","og_image":[{"width":1000,"height":1000,"url":"https:\/\/fashiongold.lt\/wp-content\/uploads\/2025\/10\/11600-c73-Tanzanitas-Blue-ziedas-su-tanzanitu-sirdeles-formos-ir-deimantais.webp","type":"image\/png"}],"twitter_card":"summary_large_image","twitter_misc":{"Est. reading time":"1 minute"},"schema":{"@context":"https:\/\/schema.org","@graph":[{"@type":"WebPage","@id":"https:\/\/fashiongold.lt\/lv\/papuosalas\/tanzanite-blue-gredzens-ar-sirds-formas-tanzanitu-un-dimantiem-2-33-ct\/","url":"https:\/\/fashiongold.lt\/lv\/papuosalas\/tanzanite-blue-gredzens-ar-sirds-formas-tanzanitu-un-dimantiem-2-33-ct\/","name":"Tanzan\u012bts Blue - gredzens ar sirds formas tanzan\u012btu un dimantiem","isPartOf":{"@id":"https:\/\/fashiongold.lt\/lv\/#website"},"primaryImageOfPage":{"@id":"https:\/\/fashiongold.lt\/lv\/papuosalas\/tanzanite-blue-gredzens-ar-sirds-formas-tanzanitu-un-dimantiem-2-33-ct\/#primaryimage"},"image":{"@id":"https:\/\/fashiongold.lt\/lv\/papuosalas\/tanzanite-blue-gredzens-ar-sirds-formas-tanzanitu-un-dimantiem-2-33-ct\/#primaryimage"},"thumbnailUrl":"https:\/\/fashiongold.lt\/wp-content\/uploads\/2025\/10\/11600-c73-Tanzanitas-Blue-ziedas-su-tanzanitu-sirdeles-formos-ir-deimantais.png","datePublished":"2025-10-24T00:31:21+00:00","description":"Moderna dizaina gredzens ar sirds formas tanzan\u012btu un dimantiem. Izcila izv\u0113le stil\u012bgai sievietei un \u012bpa\u0161iem gad\u012bjumiem.","breadcrumb":{"@id":"https:\/\/fashiongold.lt\/lv\/papuosalas\/tanzanite-blue-gredzens-ar-sirds-formas-tanzanitu-un-dimantiem-2-33-ct\/#breadcrumb"},"inLanguage":"lv-LV","potentialAction":[{"@type":"ReadAction","target":["https:\/\/fashiongold.lt\/lv\/papuosalas\/tanzanite-blue-gredzens-ar-sirds-formas-tanzanitu-un-dimantiem-2-33-ct\/"]}]},{"@type":"ImageObject","inLanguage":"lv-LV","@id":"https:\/\/fashiongold.lt\/lv\/papuosalas\/tanzanite-blue-gredzens-ar-sirds-formas-tanzanitu-un-dimantiem-2-33-ct\/#primaryimage","url":"https:\/\/fashiongold.lt\/wp-content\/uploads\/2025\/10\/11600-c73-Tanzanitas-Blue-ziedas-su-tanzanitu-sirdeles-formos-ir-deimantais.png","contentUrl":"https:\/\/fashiongold.lt\/wp-content\/uploads\/2025\/10\/11600-c73-Tanzanitas-Blue-ziedas-su-tanzanitu-sirdeles-formos-ir-deimantais.png","width":1000,"height":1000},{"@type":"BreadcrumbList","@id":"https:\/\/fashiongold.lt\/lv\/papuosalas\/tanzanite-blue-gredzens-ar-sirds-formas-tanzanitu-un-dimantiem-2-33-ct\/#breadcrumb","itemListElement":[{"@type":"ListItem","position":1,"name":"Home","item":"https:\/\/fashiongold.lt\/lv\/"},{"@type":"ListItem","position":2,"name":"Dimantu veikals Fashiongold.lt","item":"https:\/\/fashiongold.lt\/shop-2\/"},{"@type":"ListItem","position":3,"name":"Tanzanite Blue &#8211; gredzens ar sirds formas tanzan\u012btu un dimantiem (2.33 ct)"}]},{"@type":"WebSite","@id":"https:\/\/fashiongold.lt\/lv\/#website","url":"https:\/\/fashiongold.lt\/lv\/","name":"Fashion Gold","description":"Juvelyrikos namai","publisher":{"@id":"https:\/\/fashiongold.lt\/lv\/#organization"},"potentialAction":[{"@type":"SearchAction","target":{"@type":"EntryPoint","urlTemplate":"https:\/\/fashiongold.lt\/lv\/?s={search_term_string}"},"query-input":{"@type":"PropertyValueSpecification","valueRequired":true,"valueName":"search_term_string"}}],"inLanguage":"lv-LV"},{"@type":"Organization","@id":"https:\/\/fashiongold.lt\/lv\/#organization","name":"Topdiamonds Online","url":"https:\/\/fashiongold.lt\/lv\/","logo":{"@type":"ImageObject","inLanguage":"lv-LV","@id":"https:\/\/fashiongold.lt\/lv\/#\/schema\/logo\/image\/","url":"https:\/\/fashiongold.lt\/wp-content\/uploads\/2025\/04\/cropped-fashion_gold_logotipas2-scaled-1.png","contentUrl":"https:\/\/fashiongold.lt\/wp-content\/uploads\/2025\/04\/cropped-fashion_gold_logotipas2-scaled-1.png","width":2559,"height":421,"caption":"Topdiamonds Online"},"image":{"@id":"https:\/\/fashiongold.lt\/lv\/#\/schema\/logo\/image\/"}}]}},"_links":{"self":[{"href":"https:\/\/fashiongold.lt\/lv\/wp-json\/wp\/v2\/product\/273616","targetHints":{"allow":["GET"]}}],"collection":[{"href":"https:\/\/fashiongold.lt\/lv\/wp-json\/wp\/v2\/product"}],"about":[{"href":"https:\/\/fashiongold.lt\/lv\/wp-json\/wp\/v2\/types\/product"}],"version-history":[{"count":0,"href":"https:\/\/fashiongold.lt\/lv\/wp-json\/wp\/v2\/product\/273616\/revisions"}],"wp:featuredmedia":[{"embeddable":true,"href":"https:\/\/fashiongold.lt\/lv\/wp-json\/wp\/v2\/media\/250719"}],"wp:attachment":[{"href":"https:\/\/fashiongold.lt\/lv\/wp-json\/wp\/v2\/media?parent=273616"}],"wp:term":[{"taxonomy":"product_brand","embeddable":true,"href":"https:\/\/fashiongold.lt\/lv\/wp-json\/wp\/v2\/product_brand?post=273616"},{"taxonomy":"product_cat","embeddable":true,"href":"https:\/\/fashiongold.lt\/lv\/wp-json\/wp\/v2\/product_cat?post=273616"},{"taxonomy":"product_tag","embeddable":true,"href":"https:\/\/fashiongold.lt\/lv\/wp-json\/wp\/v2\/product_tag?post=273616"}],"curies":[{"name":"wp","href":"https:\/\/api.w.org\/{rel}","templated":true}]}}