{"id":273672,"date":"2025-10-24T07:45:32","date_gmt":"2025-10-24T07:45:32","guid":{"rendered":"https:\/\/fashiongold.lt\/papuosalas\/auskari-rinki-ar-dimantiem-smaragds-0-86-ct\/"},"modified":"2025-10-24T07:45:32","modified_gmt":"2025-10-24T07:45:32","slug":"auskari-rinki-ar-dimantiem-smaragds-0-86-ct","status":"publish","type":"product","link":"https:\/\/fashiongold.lt\/lv\/papuosalas\/auskari-rinki-ar-dimantiem-smaragds-0-86-ct\/","title":{"rendered":"AUSKARI RI\u0145\u0136I AR DIMANTIEM &#8211; SMARAGDS (0.86 CT)"},"content":{"rendered":"<h2>AUSKARI-RI\u0145\u0136I AR DIMANTIEM &#8211; SMARAGDS (0.86 CT)<\/h2>\n<h3>Moderna dizaina auskari-ri\u0146\u0137i ar ov\u0101las formas smaragdiem un dimantiem, kuru kop\u0113jais svars ir 0,86 kar\u0101ti. Dabisks dimants. Ov\u0101las formas smaragdi &#8211; 0.80 ct.<\/h3>\n<p>Izgatavoti V\u0101cij\u0101 no augstas kvalit\u0101tes d\u0101rgakme\u0146iem. Smaragda br\u012bnumainais sp\u0113ks &#8211; darbojas k\u0101 amulets vai talismans, sniedz \u012bpa\u0161niekam vesel\u012bbu, ener\u0123iju, nes veiksmi biznes\u0101, darb\u0101 un person\u012bgaj\u0101 dz\u012bv\u0113. Smaragds ir piem\u0113rots V\u0113r\u0161iem, Dv\u012b\u0146iem, Lauv\u0101m, V\u0113\u017eiem, Ziv\u012bm, Str\u0113lniekiem.\u00a0 \u00a0 \u00a0<\/p>\n<p>\u2022 Auskaru zelts: 18 kar\u0101ti (750. prove)\u00a0<\/p>\n<p>\u2022 Auskaru kr\u0101sa: dzeltenais zelts\u00a0 \u00a0 \u00a0<\/p>\n<p>\u2022 Auskaru svars: aptuveni 2,00 &#8211; 2,30 g\u00a0 \u00a0<\/p>\n<p>\u2022 Dimanta veids: Dabisks dimants\u00a0<\/p>\n<p>\u2022 Dimanta forma: Apa\u013ca forma (Round cut)\u00a0<\/p>\n<p>\u2022 Dimanta raksturojums: 0,06 ct, kr\u0101sa G-H (RW-W); dzidrums SI\u00a0<\/p>\n<p>\u2022 Centr\u0101lais akmens: Ov\u0101las formas smaragdi &#8211; 0.80 ct\u00a0 \u00a0<\/p>\n<p>\u2022 Sertifik\u0101ts: Lietuvas Prove\u0161anas pal\u0101ta (LPR)\u00a0 \u00a0<\/p>\n<p>\u2022 Auskaru izm\u0113ri:<\/p>\n<p>\u2022 Grav\u0113\u0161ana bez maksas\u00a0<\/p>\n<p>\u2022 Vienreiz\u0113ja bezmaksas gredzena izm\u0113ra mai\u0146as garantija\u00a0<\/p>\n<p>\u2022 Izgatavo\u0161anas un pieg\u0101des termi\u0146\u0161 no 14 darba dien\u0101m, steidzam\u012bbas k\u0101rt\u0101 3 d.d. laik\u0101.\u00a0<\/p>\n<p><strong>Ir savs zelts? Sazinieties ar mums, m\u0113s p\u0101rr\u0113\u0137in\u0101sim cenu \u2013 J\u016bs maks\u0101siet tikai par auskaru izgatavo\u0161anu.<\/strong><\/p>\n","protected":false},"excerpt":{"rendered":"<p>Modern\u0101 dizaina ri\u0146\u0137u auskari ar ov\u0101las formas smaragdiem un dimantiem, kuru kop\u0113jais svars ir 0,86 kar\u0101ti. Piem\u0113roti ikdienai un \u012bpa\u0161iem gad\u012bjumiem, izsmalcin\u0101tam stilam.<\/p>\n","protected":false},"featured_media":260038,"template":"","meta":{"site-sidebar-layout":"","site-content-layout":"","ast-site-content-layout":"","site-content-style":"","site-sidebar-style":"","ast-global-header-display":"","ast-banner-title-visibility":"","ast-main-header-display":"","ast-hfb-above-header-display":"","ast-hfb-below-header-display":"","ast-hfb-mobile-header-display":"","site-post-title":"","ast-breadcrumbs-content":"","ast-featured-img":"","footer-sml-layout":"","ast-disable-related-posts":"","theme-transparent-header-meta":"","adv-header-id-meta":"","stick-header-meta":"","header-above-stick-meta":"","header-main-stick-meta":"","header-below-stick-meta":"","astra-migrate-meta-layouts":"default","ast-page-background-enabled":"default","ast-page-background-meta":{"desktop":{"background-color":"var(--ast-global-color-4)","background-image":"","background-repeat":"repeat","background-position":"center center","background-size":"auto","background-attachment":"scroll","background-type":"","background-media":"","overlay-type":"","overlay-color":"","overlay-opacity":"","overlay-gradient":""},"tablet":{"background-color":"","background-image":"","background-repeat":"repeat","background-position":"center center","background-size":"auto","background-attachment":"scroll","background-type":"","background-media":"","overlay-type":"","overlay-color":"","overlay-opacity":"","overlay-gradient":""},"mobile":{"background-color":"","background-image":"","background-repeat":"repeat","background-position":"center center","background-size":"auto","background-attachment":"scroll","background-type":"","background-media":"","overlay-type":"","overlay-color":"","overlay-opacity":"","overlay-gradient":""}},"ast-content-background-meta":{"desktop":{"background-color":"var(--ast-global-color-5)","background-image":"","background-repeat":"repeat","background-position":"center center","background-size":"auto","background-attachment":"scroll","background-type":"","background-media":"","overlay-type":"","overlay-color":"","overlay-opacity":"","overlay-gradient":""},"tablet":{"background-color":"var(--ast-global-color-5)","background-image":"","background-repeat":"repeat","background-position":"center center","background-size":"auto","background-attachment":"scroll","background-type":"","background-media":"","overlay-type":"","overlay-color":"","overlay-opacity":"","overlay-gradient":""},"mobile":{"background-color":"var(--ast-global-color-5)","background-image":"","background-repeat":"repeat","background-position":"center center","background-size":"auto","background-attachment":"scroll","background-type":"","background-media":"","overlay-type":"","overlay-color":"","overlay-opacity":"","overlay-gradient":""}}},"product_brand":[],"product_cat":[3572,2980,2978,2919,2915,2913,2921,2920,3403,2916,2914,3042,3401,2922,2937,3495,3404,2936,2918],"product_tag":[],"class_list":{"0":"post-273672","1":"product","2":"type-product","3":"status-publish","4":"has-post-thumbnail","6":"product_cat-auskari-ar-anglu-aizdari","7":"product_cat-auskari-ar-dargakmeniem","8":"product_cat-auskari-ar-dimantiem","9":"product_cat-baltzelta-rotaslietas","10":"product_cat-davanas-berna-piedzimsanai","11":"product_cat-davanas-dzimsanas-diena","12":"product_cat-davanas-ipasiem-gadijumiem","13":"product_cat-davanas-izlaidumam","14":"product_cat-davanas-kazam","15":"product_cat-davanas-kazu-gadadiena","16":"product_cat-davanas-sievietem","17":"product_cat-juvelierizstradajumi","18":"product_cat-kristibu-davanas","19":"product_cat-mates-dienas-davanas","20":"product_cat-rotaslietas-ar-pusdargakmeniem","21":"product_cat-smaragds-rotaslietas-ar-smaragdu","22":"product_cat-svinigi-auskari","23":"product_cat-valentindienas-davanas","24":"product_cat-ziemassvetku-davanas","25":"desktop-align-center","26":"tablet-align-left","27":"mobile-align-left","28":"ast-product-gallery-layout-horizontal-slider","29":"ast-product-gallery-with-no-image","30":"ast-product-tabs-layout-accordion","31":"ast-qv-on-image","33":"first","34":"instock","35":"taxable","36":"shipping-taxable","37":"purchasable","38":"product-type-simple"},"yoast_head":"<!-- This site is optimized with the Yoast SEO plugin v26.6 - https:\/\/yoast.com\/wordpress\/plugins\/seo\/ -->\n<title>AUSKARI RI\u0145\u0136\u012a\u0160I AR DIMANTIEM - SMARAGDS (0.86 CT)<\/title>\n<meta name=\"description\" content=\"M\u016bsdien\u012bga dizaina auskari-ri\u0146\u0137i ar ov\u0101las formas smaragdiem un dimantiem, kuru kop\u0113jais svars ir 0,86 kar\u0101ti. Piem\u0113roti ikdienai un \u012bpa\u0161iem gad\u012bjumiem.\" \/>\n<meta name=\"robots\" content=\"index, follow, max-snippet:-1, max-image-preview:large, max-video-preview:-1\" \/>\n<link rel=\"canonical\" href=\"https:\/\/fashiongold.lt\/lv\/papuosalas\/auskari-rinki-ar-dimantiem-smaragds-0-86-ct\/\" \/>\n<meta property=\"og:locale\" content=\"lv_LV\" \/>\n<meta property=\"og:type\" content=\"article\" \/>\n<meta property=\"og:title\" content=\"AUSKARI RI\u0145\u0136\u012a\u0160I AR DIMANTIEM - SMARAGDS (0.86 CT)\" \/>\n<meta property=\"og:description\" content=\"M\u016bsdien\u012bga dizaina auskari-ri\u0146\u0137i ar ov\u0101las formas smaragdiem un dimantiem, kuru kop\u0113jais svars ir 0,86 kar\u0101ti. Piem\u0113roti ikdienai un \u012bpa\u0161iem gad\u012bjumiem.\" \/>\n<meta property=\"og:url\" content=\"https:\/\/fashiongold.lt\/lv\/papuosalas\/auskari-rinki-ar-dimantiem-smaragds-0-86-ct\/\" \/>\n<meta property=\"og:site_name\" content=\"FashionGold.lt\" \/>\n<meta property=\"og:image\" content=\"https:\/\/fashiongold.lt\/wp-content\/uploads\/2025\/10\/25754-bd9-AUSKARAI-RINKUTES-SU-DEIMANTAIS-SMARAGDAS-0.86-CT.webp\" \/>\n\t<meta property=\"og:image:width\" content=\"1000\" \/>\n\t<meta property=\"og:image:height\" content=\"1000\" \/>\n\t<meta property=\"og:image:type\" content=\"image\/png\" \/>\n<meta name=\"twitter:card\" content=\"summary_large_image\" \/>\n<meta name=\"twitter:label1\" content=\"Est. reading time\" \/>\n\t<meta name=\"twitter:data1\" content=\"1 minute\" \/>\n<script type=\"application\/ld+json\" class=\"yoast-schema-graph\">{\"@context\":\"https:\/\/schema.org\",\"@graph\":[{\"@type\":\"WebPage\",\"@id\":\"https:\/\/fashiongold.lt\/lv\/papuosalas\/auskari-rinki-ar-dimantiem-smaragds-0-86-ct\/\",\"url\":\"https:\/\/fashiongold.lt\/lv\/papuosalas\/auskari-rinki-ar-dimantiem-smaragds-0-86-ct\/\",\"name\":\"AUSKARI RI\u0145\u0136\u012a\u0160I AR DIMANTIEM - SMARAGDS (0.86 CT)\",\"isPartOf\":{\"@id\":\"https:\/\/fashiongold.lt\/lv\/#website\"},\"primaryImageOfPage\":{\"@id\":\"https:\/\/fashiongold.lt\/lv\/papuosalas\/auskari-rinki-ar-dimantiem-smaragds-0-86-ct\/#primaryimage\"},\"image\":{\"@id\":\"https:\/\/fashiongold.lt\/lv\/papuosalas\/auskari-rinki-ar-dimantiem-smaragds-0-86-ct\/#primaryimage\"},\"thumbnailUrl\":\"https:\/\/fashiongold.lt\/wp-content\/uploads\/2025\/10\/25754-bd9-AUSKARAI-RINKUTES-SU-DEIMANTAIS-SMARAGDAS-0.86-CT.png\",\"datePublished\":\"2025-10-24T07:45:32+00:00\",\"description\":\"M\u016bsdien\u012bga dizaina auskari-ri\u0146\u0137i ar ov\u0101las formas smaragdiem un dimantiem, kuru kop\u0113jais svars ir 0,86 kar\u0101ti. Piem\u0113roti ikdienai un \u012bpa\u0161iem gad\u012bjumiem.\",\"breadcrumb\":{\"@id\":\"https:\/\/fashiongold.lt\/lv\/papuosalas\/auskari-rinki-ar-dimantiem-smaragds-0-86-ct\/#breadcrumb\"},\"inLanguage\":\"lv-LV\",\"potentialAction\":[{\"@type\":\"ReadAction\",\"target\":[\"https:\/\/fashiongold.lt\/lv\/papuosalas\/auskari-rinki-ar-dimantiem-smaragds-0-86-ct\/\"]}]},{\"@type\":\"ImageObject\",\"inLanguage\":\"lv-LV\",\"@id\":\"https:\/\/fashiongold.lt\/lv\/papuosalas\/auskari-rinki-ar-dimantiem-smaragds-0-86-ct\/#primaryimage\",\"url\":\"https:\/\/fashiongold.lt\/wp-content\/uploads\/2025\/10\/25754-bd9-AUSKARAI-RINKUTES-SU-DEIMANTAIS-SMARAGDAS-0.86-CT.png\",\"contentUrl\":\"https:\/\/fashiongold.lt\/wp-content\/uploads\/2025\/10\/25754-bd9-AUSKARAI-RINKUTES-SU-DEIMANTAIS-SMARAGDAS-0.86-CT.png\",\"width\":1000,\"height\":1000},{\"@type\":\"BreadcrumbList\",\"@id\":\"https:\/\/fashiongold.lt\/lv\/papuosalas\/auskari-rinki-ar-dimantiem-smaragds-0-86-ct\/#breadcrumb\",\"itemListElement\":[{\"@type\":\"ListItem\",\"position\":1,\"name\":\"Home\",\"item\":\"https:\/\/fashiongold.lt\/lv\/\"},{\"@type\":\"ListItem\",\"position\":2,\"name\":\"Dimantu veikals Fashiongold.lt\",\"item\":\"https:\/\/fashiongold.lt\/shop-2\/\"},{\"@type\":\"ListItem\",\"position\":3,\"name\":\"AUSKARI RI\u0145\u0136I AR DIMANTIEM &#8211; SMARAGDS (0.86 CT)\"}]},{\"@type\":\"WebSite\",\"@id\":\"https:\/\/fashiongold.lt\/lv\/#website\",\"url\":\"https:\/\/fashiongold.lt\/lv\/\",\"name\":\"Fashion Gold\",\"description\":\"Juvelyrikos namai\",\"publisher\":{\"@id\":\"https:\/\/fashiongold.lt\/lv\/#organization\"},\"potentialAction\":[{\"@type\":\"SearchAction\",\"target\":{\"@type\":\"EntryPoint\",\"urlTemplate\":\"https:\/\/fashiongold.lt\/lv\/?s={search_term_string}\"},\"query-input\":{\"@type\":\"PropertyValueSpecification\",\"valueRequired\":true,\"valueName\":\"search_term_string\"}}],\"inLanguage\":\"lv-LV\"},{\"@type\":\"Organization\",\"@id\":\"https:\/\/fashiongold.lt\/lv\/#organization\",\"name\":\"Topdiamonds Online\",\"url\":\"https:\/\/fashiongold.lt\/lv\/\",\"logo\":{\"@type\":\"ImageObject\",\"inLanguage\":\"lv-LV\",\"@id\":\"https:\/\/fashiongold.lt\/lv\/#\/schema\/logo\/image\/\",\"url\":\"https:\/\/fashiongold.lt\/wp-content\/uploads\/2025\/04\/cropped-fashion_gold_logotipas2-scaled-1.png\",\"contentUrl\":\"https:\/\/fashiongold.lt\/wp-content\/uploads\/2025\/04\/cropped-fashion_gold_logotipas2-scaled-1.png\",\"width\":2559,\"height\":421,\"caption\":\"Topdiamonds Online\"},\"image\":{\"@id\":\"https:\/\/fashiongold.lt\/lv\/#\/schema\/logo\/image\/\"}}]}<\/script>\n<!-- \/ Yoast SEO plugin. -->","yoast_head_json":{"title":"AUSKARI RI\u0145\u0136\u012a\u0160I AR DIMANTIEM - SMARAGDS (0.86 CT)","description":"M\u016bsdien\u012bga dizaina auskari-ri\u0146\u0137i ar ov\u0101las formas smaragdiem un dimantiem, kuru kop\u0113jais svars ir 0,86 kar\u0101ti. Piem\u0113roti ikdienai un \u012bpa\u0161iem gad\u012bjumiem.","robots":{"index":"index","follow":"follow","max-snippet":"max-snippet:-1","max-image-preview":"max-image-preview:large","max-video-preview":"max-video-preview:-1"},"canonical":"https:\/\/fashiongold.lt\/lv\/papuosalas\/auskari-rinki-ar-dimantiem-smaragds-0-86-ct\/","og_locale":"lv_LV","og_type":"article","og_title":"AUSKARI RI\u0145\u0136\u012a\u0160I AR DIMANTIEM - SMARAGDS (0.86 CT)","og_description":"M\u016bsdien\u012bga dizaina auskari-ri\u0146\u0137i ar ov\u0101las formas smaragdiem un dimantiem, kuru kop\u0113jais svars ir 0,86 kar\u0101ti. Piem\u0113roti ikdienai un \u012bpa\u0161iem gad\u012bjumiem.","og_url":"https:\/\/fashiongold.lt\/lv\/papuosalas\/auskari-rinki-ar-dimantiem-smaragds-0-86-ct\/","og_site_name":"FashionGold.lt","og_image":[{"width":1000,"height":1000,"url":"https:\/\/fashiongold.lt\/wp-content\/uploads\/2025\/10\/25754-bd9-AUSKARAI-RINKUTES-SU-DEIMANTAIS-SMARAGDAS-0.86-CT.webp","type":"image\/png"}],"twitter_card":"summary_large_image","twitter_misc":{"Est. reading time":"1 minute"},"schema":{"@context":"https:\/\/schema.org","@graph":[{"@type":"WebPage","@id":"https:\/\/fashiongold.lt\/lv\/papuosalas\/auskari-rinki-ar-dimantiem-smaragds-0-86-ct\/","url":"https:\/\/fashiongold.lt\/lv\/papuosalas\/auskari-rinki-ar-dimantiem-smaragds-0-86-ct\/","name":"AUSKARI RI\u0145\u0136\u012a\u0160I AR DIMANTIEM - SMARAGDS (0.86 CT)","isPartOf":{"@id":"https:\/\/fashiongold.lt\/lv\/#website"},"primaryImageOfPage":{"@id":"https:\/\/fashiongold.lt\/lv\/papuosalas\/auskari-rinki-ar-dimantiem-smaragds-0-86-ct\/#primaryimage"},"image":{"@id":"https:\/\/fashiongold.lt\/lv\/papuosalas\/auskari-rinki-ar-dimantiem-smaragds-0-86-ct\/#primaryimage"},"thumbnailUrl":"https:\/\/fashiongold.lt\/wp-content\/uploads\/2025\/10\/25754-bd9-AUSKARAI-RINKUTES-SU-DEIMANTAIS-SMARAGDAS-0.86-CT.png","datePublished":"2025-10-24T07:45:32+00:00","description":"M\u016bsdien\u012bga dizaina auskari-ri\u0146\u0137i ar ov\u0101las formas smaragdiem un dimantiem, kuru kop\u0113jais svars ir 0,86 kar\u0101ti. Piem\u0113roti ikdienai un \u012bpa\u0161iem gad\u012bjumiem.","breadcrumb":{"@id":"https:\/\/fashiongold.lt\/lv\/papuosalas\/auskari-rinki-ar-dimantiem-smaragds-0-86-ct\/#breadcrumb"},"inLanguage":"lv-LV","potentialAction":[{"@type":"ReadAction","target":["https:\/\/fashiongold.lt\/lv\/papuosalas\/auskari-rinki-ar-dimantiem-smaragds-0-86-ct\/"]}]},{"@type":"ImageObject","inLanguage":"lv-LV","@id":"https:\/\/fashiongold.lt\/lv\/papuosalas\/auskari-rinki-ar-dimantiem-smaragds-0-86-ct\/#primaryimage","url":"https:\/\/fashiongold.lt\/wp-content\/uploads\/2025\/10\/25754-bd9-AUSKARAI-RINKUTES-SU-DEIMANTAIS-SMARAGDAS-0.86-CT.png","contentUrl":"https:\/\/fashiongold.lt\/wp-content\/uploads\/2025\/10\/25754-bd9-AUSKARAI-RINKUTES-SU-DEIMANTAIS-SMARAGDAS-0.86-CT.png","width":1000,"height":1000},{"@type":"BreadcrumbList","@id":"https:\/\/fashiongold.lt\/lv\/papuosalas\/auskari-rinki-ar-dimantiem-smaragds-0-86-ct\/#breadcrumb","itemListElement":[{"@type":"ListItem","position":1,"name":"Home","item":"https:\/\/fashiongold.lt\/lv\/"},{"@type":"ListItem","position":2,"name":"Dimantu veikals Fashiongold.lt","item":"https:\/\/fashiongold.lt\/shop-2\/"},{"@type":"ListItem","position":3,"name":"AUSKARI RI\u0145\u0136I AR DIMANTIEM &#8211; SMARAGDS (0.86 CT)"}]},{"@type":"WebSite","@id":"https:\/\/fashiongold.lt\/lv\/#website","url":"https:\/\/fashiongold.lt\/lv\/","name":"Fashion Gold","description":"Juvelyrikos namai","publisher":{"@id":"https:\/\/fashiongold.lt\/lv\/#organization"},"potentialAction":[{"@type":"SearchAction","target":{"@type":"EntryPoint","urlTemplate":"https:\/\/fashiongold.lt\/lv\/?s={search_term_string}"},"query-input":{"@type":"PropertyValueSpecification","valueRequired":true,"valueName":"search_term_string"}}],"inLanguage":"lv-LV"},{"@type":"Organization","@id":"https:\/\/fashiongold.lt\/lv\/#organization","name":"Topdiamonds Online","url":"https:\/\/fashiongold.lt\/lv\/","logo":{"@type":"ImageObject","inLanguage":"lv-LV","@id":"https:\/\/fashiongold.lt\/lv\/#\/schema\/logo\/image\/","url":"https:\/\/fashiongold.lt\/wp-content\/uploads\/2025\/04\/cropped-fashion_gold_logotipas2-scaled-1.png","contentUrl":"https:\/\/fashiongold.lt\/wp-content\/uploads\/2025\/04\/cropped-fashion_gold_logotipas2-scaled-1.png","width":2559,"height":421,"caption":"Topdiamonds Online"},"image":{"@id":"https:\/\/fashiongold.lt\/lv\/#\/schema\/logo\/image\/"}}]}},"_links":{"self":[{"href":"https:\/\/fashiongold.lt\/lv\/wp-json\/wp\/v2\/product\/273672","targetHints":{"allow":["GET"]}}],"collection":[{"href":"https:\/\/fashiongold.lt\/lv\/wp-json\/wp\/v2\/product"}],"about":[{"href":"https:\/\/fashiongold.lt\/lv\/wp-json\/wp\/v2\/types\/product"}],"version-history":[{"count":0,"href":"https:\/\/fashiongold.lt\/lv\/wp-json\/wp\/v2\/product\/273672\/revisions"}],"wp:featuredmedia":[{"embeddable":true,"href":"https:\/\/fashiongold.lt\/lv\/wp-json\/wp\/v2\/media\/260038"}],"wp:attachment":[{"href":"https:\/\/fashiongold.lt\/lv\/wp-json\/wp\/v2\/media?parent=273672"}],"wp:term":[{"taxonomy":"product_brand","embeddable":true,"href":"https:\/\/fashiongold.lt\/lv\/wp-json\/wp\/v2\/product_brand?post=273672"},{"taxonomy":"product_cat","embeddable":true,"href":"https:\/\/fashiongold.lt\/lv\/wp-json\/wp\/v2\/product_cat?post=273672"},{"taxonomy":"product_tag","embeddable":true,"href":"https:\/\/fashiongold.lt\/lv\/wp-json\/wp\/v2\/product_tag?post=273672"}],"curies":[{"name":"wp","href":"https:\/\/api.w.org\/{rel}","templated":true}]}}