{"id":273693,"date":"2025-10-24T04:56:39","date_gmt":"2025-10-24T04:56:39","guid":{"rendered":"https:\/\/fashiongold.lt\/papuosalas\/halo-saderinasanas-gredzens-ar-rubinu-un-dimantiem-apals-rubins-0-70-ct\/"},"modified":"2025-10-24T04:56:39","modified_gmt":"2025-10-24T04:56:39","slug":"halo-saderinasanas-gredzens-ar-rubinu-un-dimantiem-apals-rubins-0-70-ct","status":"publish","type":"product","link":"https:\/\/fashiongold.lt\/lv\/papuosalas\/halo-saderinasanas-gredzens-ar-rubinu-un-dimantiem-apals-rubins-0-70-ct\/","title":{"rendered":"Halo saderin\u0101\u0161an\u0101s gredzens ar rub\u012bnu un dimantiem &#8211; Apa\u013c\u0161 rub\u012bns (0.70 ct)"},"content":{"rendered":"<h2>Saderin\u0101\u0161an\u0101s gredzens ar rub\u012bnu un dimantiem &#8211; Apa\u013c\u0161 rub\u012bns (0.70 ct)<\/h2>\n<h3>Halo saderin\u0101\u0161an\u0101s gredzens ar 0,50 kar\u0101tu rub\u012bnu un dimantiem. Dab\u012bgie dimanti. <span style=\"font-size: 12.87px;\">Bezmaksas grav\u0113\u0161ana. <\/span><\/h3>\n<p>Izgatavots Lietuv\u0101 no augstas kvalit\u0101tes d\u0101rgakme\u0146iem. Lieliska izv\u0113le stil\u012bgai sievietei. Br\u012bnumains rub\u012bna sp\u0113ks \u2013 darbojas k\u0101 amulets vai talismans, sniedzot \u012bpa\u0161niekam vesel\u012bbu, prieku, labkl\u0101j\u012bbu, laimi un veiksmi. Lielisks \u0123imenes aizsardz\u012bbas un m\u012blest\u012bbas talismans. Rub\u012bns ir piem\u0113rots Auniem, Dv\u012b\u0146iem, Lauv\u0101m, V\u0113r\u0161iem, V\u0113\u017eiem, Skorpioniem, Str\u0113lniekiem, Me\u017e\u0101\u017eiem, \u016adensv\u012briem un Ziv\u012bm.<\/p>\n<p>\u2022 Gredzena zelts: 14K (585. prove), varam izgatavot no 10K (375. prove), 18K (750. prove), 950 plat\u012bna \u00a0 \u00a0<\/p>\n<p>\u2022 Gredzena kr\u0101sa: baltais zelts, sarkanais zelts, dzeltenais zelts\u00a0 \u00a0 \u00a0 \u00a0 \u00a0<\/p>\n<p>\u2022 Gredzena svars: aptuveni 2,80\u20133,20 g\u00a0 \u00a0 \u00a0 \u00a0 \u00a0<\/p>\n<p>\u2022 Dimanta veids: Dab\u012bgais dimants\u00a0 \u00a0 \u00a0 \u00a0<\/p>\n<p>\u2022 Dimanta forma: apa\u013ca forma (fRound shape)\u00a0 \u00a0 \u00a0 \u00a0<\/p>\n<p>\u2022 Dimanta raksturojums: 0,20 ct, kr\u0101sa G-H (RW-W); t\u012br\u012bba SI\u00a0 \u00a0 \u00a0 \u00a0<\/p>\n<p>\u2022 Centr\u0101lais akmens: rub\u012bns &#8211; 0.50 ct\u00a0 \u00a0 \u00a0 \u00a0 \u00a0<\/p>\n<p>\u2022 Sertifik\u0101ts: Lietuvas Proves pal\u0101ta (LPR)\u00a0 \u00a0 \u00a0 \u00a0 \u00a0<\/p>\n<p>\u2022 Gredzena izm\u0113ri: kro\u0146a platums &#8211; aptuveni 8.50 mm, st\u012bpi\u0146as platums &#8211; aptuveni 3,60 (izm\u0113ri ir aptuveni un var at\u0161\u0137irties atkar\u012bb\u0101 no gredzena izm\u0113ra)\u00a0\u00a0<\/p>\n<p>\u2022 Grav\u0113\u0161ana bez maksas\u00a0 \u00a0\u00a0<\/p>\n<p>\u2022 Vienreiz\u0113ja bezmaksas gredzena izm\u0113ra mai\u0146as garantija (p\u0113c iesp\u0113jas)\u00a0 \u00a0 \u00a0<\/p>\n<p>\u2022 Izgatavo\u0161anas un pieg\u0101des termi\u0146\u0161 no 14 darba dien\u0101m, steidzam\u012bbas k\u0101rt\u0101 3 d.d. laik\u0101.\u00a0 \u00a0<\/p>\n<p><strong>Vai jums ir savs zelts vai d\u0101rgakme\u0146i? Sazinieties ar mums, m\u0113s p\u0101rr\u0113\u0137in\u0101sim cenu \u2013 j\u016bs maks\u0101siet tikai par gredzena izgatavo\u0161anu.<\/strong><\/p>\n","protected":false},"excerpt":{"rendered":"<p>Grezns Halo dizains: apa\u013cas formas rub\u012bns, ko ieskauj mirdzo\u0161i dimanti, ar divu rindu st\u012bpi\u0146u, kas rot\u0101ta ar dimantiem. Lieliski piem\u0113rots saderin\u0101\u0161an\u0101s gad\u012bjumam un ikdienai, pie\u0161\u0137irot grezn\u012bbu j\u016bsu stilam.<\/p>\n","protected":false},"featured_media":256519,"template":"","meta":{"site-sidebar-layout":"","site-content-layout":"","ast-site-content-layout":"","site-content-style":"","site-sidebar-style":"","ast-global-header-display":"","ast-banner-title-visibility":"","ast-main-header-display":"","ast-hfb-above-header-display":"","ast-hfb-below-header-display":"","ast-hfb-mobile-header-display":"","site-post-title":"","ast-breadcrumbs-content":"","ast-featured-img":"","footer-sml-layout":"","ast-disable-related-posts":"","theme-transparent-header-meta":"","adv-header-id-meta":"","stick-header-meta":"","header-above-stick-meta":"","header-main-stick-meta":"","header-below-stick-meta":"","astra-migrate-meta-layouts":"default","ast-page-background-enabled":"default","ast-page-background-meta":{"desktop":{"background-color":"var(--ast-global-color-4)","background-image":"","background-repeat":"repeat","background-position":"center center","background-size":"auto","background-attachment":"scroll","background-type":"","background-media":"","overlay-type":"","overlay-color":"","overlay-opacity":"","overlay-gradient":""},"tablet":{"background-color":"","background-image":"","background-repeat":"repeat","background-position":"center center","background-size":"auto","background-attachment":"scroll","background-type":"","background-media":"","overlay-type":"","overlay-color":"","overlay-opacity":"","overlay-gradient":""},"mobile":{"background-color":"","background-image":"","background-repeat":"repeat","background-position":"center center","background-size":"auto","background-attachment":"scroll","background-type":"","background-media":"","overlay-type":"","overlay-color":"","overlay-opacity":"","overlay-gradient":""}},"ast-content-background-meta":{"desktop":{"background-color":"var(--ast-global-color-5)","background-image":"","background-repeat":"repeat","background-position":"center center","background-size":"auto","background-attachment":"scroll","background-type":"","background-media":"","overlay-type":"","overlay-color":"","overlay-opacity":"","overlay-gradient":""},"tablet":{"background-color":"var(--ast-global-color-5)","background-image":"","background-repeat":"repeat","background-position":"center center","background-size":"auto","background-attachment":"scroll","background-type":"","background-media":"","overlay-type":"","overlay-color":"","overlay-opacity":"","overlay-gradient":""},"mobile":{"background-color":"var(--ast-global-color-5)","background-image":"","background-repeat":"repeat","background-position":"center center","background-size":"auto","background-attachment":"scroll","background-type":"","background-media":"","overlay-type":"","overlay-color":"","overlay-opacity":"","overlay-gradient":""}}},"product_brand":[],"product_cat":[3441,2915,3403,2916,3442,3060,3562,3439,3440,3563,3443,3564,2936],"product_tag":[],"class_list":{"0":"post-273693","1":"product","2":"type-product","3":"status-publish","4":"has-post-thumbnail","6":"product_cat-balta-zelta-saderinasanas-gredzeni","7":"product_cat-davanas-berna-piedzimsanai","8":"product_cat-davanas-kazam","9":"product_cat-davanas-kazu-gadadiena","10":"product_cat-dzeltena-zelta-saderinasanas-gredzeni","11":"product_cat-juvelierizstradajumi-ar-sarkaniem-dargakmeniem","12":"product_cat-rubins-rotaslietas-ar-rubiniem","13":"product_cat-saderinasanas-gredzeni","14":"product_cat-saderinasanas-gredzeni-ar-dargakmeniem","15":"product_cat-saderinasanas-gredzens-ar-rubinu","16":"product_cat-sarkana-zelta-saderinasanas-gredzeni","17":"product_cat-sarkans-dargakmens","18":"product_cat-valentindienas-davanas","19":"desktop-align-center","20":"tablet-align-left","21":"mobile-align-left","22":"ast-product-gallery-layout-horizontal-slider","23":"ast-product-gallery-with-no-image","24":"ast-product-single-variable","25":"ast-product-tabs-layout-accordion","26":"ast-qv-on-image","28":"first","29":"instock","30":"taxable","31":"shipping-taxable","32":"purchasable","33":"product-type-variable"},"yoast_head":"<!-- This site is optimized with the Yoast SEO plugin v26.6 - https:\/\/yoast.com\/wordpress\/plugins\/seo\/ -->\n<title>Halo saderin\u0101\u0161an\u0101s gredzens ar rub\u012bnu un dimantiem - Apa\u013c\u0161 rub\u012bns (0.70 ct)<\/title>\n<meta name=\"description\" content=\"Saderin\u0101\u0161an\u0101s gredzens, apa\u013cas formas rub\u012bns ieskauts dimantos, ar divu l\u012bniju st\u012bpi\u0146u, kas rot\u0101ta ar dimantiem. Lieliski piem\u0113rots saderin\u0101\u0161an\u0101s br\u012bdim un ikdienai.\" \/>\n<meta name=\"robots\" content=\"index, follow, max-snippet:-1, max-image-preview:large, max-video-preview:-1\" \/>\n<link rel=\"canonical\" href=\"https:\/\/fashiongold.lt\/lv\/papuosalas\/halo-saderinasanas-gredzens-ar-rubinu-un-dimantiem-apals-rubins-0-70-ct\/\" \/>\n<meta property=\"og:locale\" content=\"lv_LV\" \/>\n<meta property=\"og:type\" content=\"article\" \/>\n<meta property=\"og:title\" content=\"Halo saderin\u0101\u0161an\u0101s gredzens ar rub\u012bnu un dimantiem - Apa\u013c\u0161 rub\u012bns (0.70 ct)\" \/>\n<meta property=\"og:description\" content=\"Saderin\u0101\u0161an\u0101s gredzens, apa\u013cas formas rub\u012bns ieskauts dimantos, ar divu l\u012bniju st\u012bpi\u0146u, kas rot\u0101ta ar dimantiem. Lieliski piem\u0113rots saderin\u0101\u0161an\u0101s br\u012bdim un ikdienai.\" \/>\n<meta property=\"og:url\" content=\"https:\/\/fashiongold.lt\/lv\/papuosalas\/halo-saderinasanas-gredzens-ar-rubinu-un-dimantiem-apals-rubins-0-70-ct\/\" \/>\n<meta property=\"og:site_name\" content=\"FashionGold.lt\" \/>\n<meta property=\"og:image\" content=\"https:\/\/fashiongold.lt\/wp-content\/uploads\/2025\/10\/23788-e89-Geltono-aukso-Halo-suzadetuviu-ziedas-su-rubinu-ir-deimantais-Apvalus-Rubinas-0.70-ct.webp\" \/>\n\t<meta property=\"og:image:width\" content=\"1000\" \/>\n\t<meta property=\"og:image:height\" content=\"1000\" \/>\n\t<meta property=\"og:image:type\" content=\"image\/png\" \/>\n<meta name=\"twitter:card\" content=\"summary_large_image\" \/>\n<meta name=\"twitter:label1\" content=\"Est. reading time\" \/>\n\t<meta name=\"twitter:data1\" content=\"1 minute\" \/>\n<script type=\"application\/ld+json\" class=\"yoast-schema-graph\">{\"@context\":\"https:\/\/schema.org\",\"@graph\":[{\"@type\":\"WebPage\",\"@id\":\"https:\/\/fashiongold.lt\/lv\/papuosalas\/halo-saderinasanas-gredzens-ar-rubinu-un-dimantiem-apals-rubins-0-70-ct\/\",\"url\":\"https:\/\/fashiongold.lt\/lv\/papuosalas\/halo-saderinasanas-gredzens-ar-rubinu-un-dimantiem-apals-rubins-0-70-ct\/\",\"name\":\"Halo saderin\u0101\u0161an\u0101s gredzens ar rub\u012bnu un dimantiem - Apa\u013c\u0161 rub\u012bns (0.70 ct)\",\"isPartOf\":{\"@id\":\"https:\/\/fashiongold.lt\/lv\/#website\"},\"primaryImageOfPage\":{\"@id\":\"https:\/\/fashiongold.lt\/lv\/papuosalas\/halo-saderinasanas-gredzens-ar-rubinu-un-dimantiem-apals-rubins-0-70-ct\/#primaryimage\"},\"image\":{\"@id\":\"https:\/\/fashiongold.lt\/lv\/papuosalas\/halo-saderinasanas-gredzens-ar-rubinu-un-dimantiem-apals-rubins-0-70-ct\/#primaryimage\"},\"thumbnailUrl\":\"https:\/\/fashiongold.lt\/wp-content\/uploads\/2025\/10\/23788-e89-Geltono-aukso-Halo-suzadetuviu-ziedas-su-rubinu-ir-deimantais-Apvalus-Rubinas-0.70-ct.png\",\"datePublished\":\"2025-10-24T04:56:39+00:00\",\"description\":\"Saderin\u0101\u0161an\u0101s gredzens, apa\u013cas formas rub\u012bns ieskauts dimantos, ar divu l\u012bniju st\u012bpi\u0146u, kas rot\u0101ta ar dimantiem. Lieliski piem\u0113rots saderin\u0101\u0161an\u0101s br\u012bdim un ikdienai.\",\"breadcrumb\":{\"@id\":\"https:\/\/fashiongold.lt\/lv\/papuosalas\/halo-saderinasanas-gredzens-ar-rubinu-un-dimantiem-apals-rubins-0-70-ct\/#breadcrumb\"},\"inLanguage\":\"lv-LV\",\"potentialAction\":[{\"@type\":\"ReadAction\",\"target\":[\"https:\/\/fashiongold.lt\/lv\/papuosalas\/halo-saderinasanas-gredzens-ar-rubinu-un-dimantiem-apals-rubins-0-70-ct\/\"]}]},{\"@type\":\"ImageObject\",\"inLanguage\":\"lv-LV\",\"@id\":\"https:\/\/fashiongold.lt\/lv\/papuosalas\/halo-saderinasanas-gredzens-ar-rubinu-un-dimantiem-apals-rubins-0-70-ct\/#primaryimage\",\"url\":\"https:\/\/fashiongold.lt\/wp-content\/uploads\/2025\/10\/23788-e89-Geltono-aukso-Halo-suzadetuviu-ziedas-su-rubinu-ir-deimantais-Apvalus-Rubinas-0.70-ct.png\",\"contentUrl\":\"https:\/\/fashiongold.lt\/wp-content\/uploads\/2025\/10\/23788-e89-Geltono-aukso-Halo-suzadetuviu-ziedas-su-rubinu-ir-deimantais-Apvalus-Rubinas-0.70-ct.png\",\"width\":1000,\"height\":1000},{\"@type\":\"BreadcrumbList\",\"@id\":\"https:\/\/fashiongold.lt\/lv\/papuosalas\/halo-saderinasanas-gredzens-ar-rubinu-un-dimantiem-apals-rubins-0-70-ct\/#breadcrumb\",\"itemListElement\":[{\"@type\":\"ListItem\",\"position\":1,\"name\":\"Home\",\"item\":\"https:\/\/fashiongold.lt\/lv\/\"},{\"@type\":\"ListItem\",\"position\":2,\"name\":\"Dimantu veikals Fashiongold.lt\",\"item\":\"https:\/\/fashiongold.lt\/shop-2\/\"},{\"@type\":\"ListItem\",\"position\":3,\"name\":\"Halo saderin\u0101\u0161an\u0101s gredzens ar rub\u012bnu un dimantiem &#8211; Apa\u013c\u0161 rub\u012bns (0.70 ct)\"}]},{\"@type\":\"WebSite\",\"@id\":\"https:\/\/fashiongold.lt\/lv\/#website\",\"url\":\"https:\/\/fashiongold.lt\/lv\/\",\"name\":\"Fashion Gold\",\"description\":\"Juvelyrikos namai\",\"publisher\":{\"@id\":\"https:\/\/fashiongold.lt\/lv\/#organization\"},\"potentialAction\":[{\"@type\":\"SearchAction\",\"target\":{\"@type\":\"EntryPoint\",\"urlTemplate\":\"https:\/\/fashiongold.lt\/lv\/?s={search_term_string}\"},\"query-input\":{\"@type\":\"PropertyValueSpecification\",\"valueRequired\":true,\"valueName\":\"search_term_string\"}}],\"inLanguage\":\"lv-LV\"},{\"@type\":\"Organization\",\"@id\":\"https:\/\/fashiongold.lt\/lv\/#organization\",\"name\":\"Topdiamonds Online\",\"url\":\"https:\/\/fashiongold.lt\/lv\/\",\"logo\":{\"@type\":\"ImageObject\",\"inLanguage\":\"lv-LV\",\"@id\":\"https:\/\/fashiongold.lt\/lv\/#\/schema\/logo\/image\/\",\"url\":\"https:\/\/fashiongold.lt\/wp-content\/uploads\/2025\/04\/cropped-fashion_gold_logotipas2-scaled-1.png\",\"contentUrl\":\"https:\/\/fashiongold.lt\/wp-content\/uploads\/2025\/04\/cropped-fashion_gold_logotipas2-scaled-1.png\",\"width\":2559,\"height\":421,\"caption\":\"Topdiamonds Online\"},\"image\":{\"@id\":\"https:\/\/fashiongold.lt\/lv\/#\/schema\/logo\/image\/\"}}]}<\/script>\n<!-- \/ Yoast SEO plugin. -->","yoast_head_json":{"title":"Halo saderin\u0101\u0161an\u0101s gredzens ar rub\u012bnu un dimantiem - Apa\u013c\u0161 rub\u012bns (0.70 ct)","description":"Saderin\u0101\u0161an\u0101s gredzens, apa\u013cas formas rub\u012bns ieskauts dimantos, ar divu l\u012bniju st\u012bpi\u0146u, kas rot\u0101ta ar dimantiem. Lieliski piem\u0113rots saderin\u0101\u0161an\u0101s br\u012bdim un ikdienai.","robots":{"index":"index","follow":"follow","max-snippet":"max-snippet:-1","max-image-preview":"max-image-preview:large","max-video-preview":"max-video-preview:-1"},"canonical":"https:\/\/fashiongold.lt\/lv\/papuosalas\/halo-saderinasanas-gredzens-ar-rubinu-un-dimantiem-apals-rubins-0-70-ct\/","og_locale":"lv_LV","og_type":"article","og_title":"Halo saderin\u0101\u0161an\u0101s gredzens ar rub\u012bnu un dimantiem - Apa\u013c\u0161 rub\u012bns (0.70 ct)","og_description":"Saderin\u0101\u0161an\u0101s gredzens, apa\u013cas formas rub\u012bns ieskauts dimantos, ar divu l\u012bniju st\u012bpi\u0146u, kas rot\u0101ta ar dimantiem. Lieliski piem\u0113rots saderin\u0101\u0161an\u0101s br\u012bdim un ikdienai.","og_url":"https:\/\/fashiongold.lt\/lv\/papuosalas\/halo-saderinasanas-gredzens-ar-rubinu-un-dimantiem-apals-rubins-0-70-ct\/","og_site_name":"FashionGold.lt","og_image":[{"width":1000,"height":1000,"url":"https:\/\/fashiongold.lt\/wp-content\/uploads\/2025\/10\/23788-e89-Geltono-aukso-Halo-suzadetuviu-ziedas-su-rubinu-ir-deimantais-Apvalus-Rubinas-0.70-ct.webp","type":"image\/png"}],"twitter_card":"summary_large_image","twitter_misc":{"Est. reading time":"1 minute"},"schema":{"@context":"https:\/\/schema.org","@graph":[{"@type":"WebPage","@id":"https:\/\/fashiongold.lt\/lv\/papuosalas\/halo-saderinasanas-gredzens-ar-rubinu-un-dimantiem-apals-rubins-0-70-ct\/","url":"https:\/\/fashiongold.lt\/lv\/papuosalas\/halo-saderinasanas-gredzens-ar-rubinu-un-dimantiem-apals-rubins-0-70-ct\/","name":"Halo saderin\u0101\u0161an\u0101s gredzens ar rub\u012bnu un dimantiem - Apa\u013c\u0161 rub\u012bns (0.70 ct)","isPartOf":{"@id":"https:\/\/fashiongold.lt\/lv\/#website"},"primaryImageOfPage":{"@id":"https:\/\/fashiongold.lt\/lv\/papuosalas\/halo-saderinasanas-gredzens-ar-rubinu-un-dimantiem-apals-rubins-0-70-ct\/#primaryimage"},"image":{"@id":"https:\/\/fashiongold.lt\/lv\/papuosalas\/halo-saderinasanas-gredzens-ar-rubinu-un-dimantiem-apals-rubins-0-70-ct\/#primaryimage"},"thumbnailUrl":"https:\/\/fashiongold.lt\/wp-content\/uploads\/2025\/10\/23788-e89-Geltono-aukso-Halo-suzadetuviu-ziedas-su-rubinu-ir-deimantais-Apvalus-Rubinas-0.70-ct.png","datePublished":"2025-10-24T04:56:39+00:00","description":"Saderin\u0101\u0161an\u0101s gredzens, apa\u013cas formas rub\u012bns ieskauts dimantos, ar divu l\u012bniju st\u012bpi\u0146u, kas rot\u0101ta ar dimantiem. Lieliski piem\u0113rots saderin\u0101\u0161an\u0101s br\u012bdim un ikdienai.","breadcrumb":{"@id":"https:\/\/fashiongold.lt\/lv\/papuosalas\/halo-saderinasanas-gredzens-ar-rubinu-un-dimantiem-apals-rubins-0-70-ct\/#breadcrumb"},"inLanguage":"lv-LV","potentialAction":[{"@type":"ReadAction","target":["https:\/\/fashiongold.lt\/lv\/papuosalas\/halo-saderinasanas-gredzens-ar-rubinu-un-dimantiem-apals-rubins-0-70-ct\/"]}]},{"@type":"ImageObject","inLanguage":"lv-LV","@id":"https:\/\/fashiongold.lt\/lv\/papuosalas\/halo-saderinasanas-gredzens-ar-rubinu-un-dimantiem-apals-rubins-0-70-ct\/#primaryimage","url":"https:\/\/fashiongold.lt\/wp-content\/uploads\/2025\/10\/23788-e89-Geltono-aukso-Halo-suzadetuviu-ziedas-su-rubinu-ir-deimantais-Apvalus-Rubinas-0.70-ct.png","contentUrl":"https:\/\/fashiongold.lt\/wp-content\/uploads\/2025\/10\/23788-e89-Geltono-aukso-Halo-suzadetuviu-ziedas-su-rubinu-ir-deimantais-Apvalus-Rubinas-0.70-ct.png","width":1000,"height":1000},{"@type":"BreadcrumbList","@id":"https:\/\/fashiongold.lt\/lv\/papuosalas\/halo-saderinasanas-gredzens-ar-rubinu-un-dimantiem-apals-rubins-0-70-ct\/#breadcrumb","itemListElement":[{"@type":"ListItem","position":1,"name":"Home","item":"https:\/\/fashiongold.lt\/lv\/"},{"@type":"ListItem","position":2,"name":"Dimantu veikals Fashiongold.lt","item":"https:\/\/fashiongold.lt\/shop-2\/"},{"@type":"ListItem","position":3,"name":"Halo saderin\u0101\u0161an\u0101s gredzens ar rub\u012bnu un dimantiem &#8211; Apa\u013c\u0161 rub\u012bns (0.70 ct)"}]},{"@type":"WebSite","@id":"https:\/\/fashiongold.lt\/lv\/#website","url":"https:\/\/fashiongold.lt\/lv\/","name":"Fashion Gold","description":"Juvelyrikos namai","publisher":{"@id":"https:\/\/fashiongold.lt\/lv\/#organization"},"potentialAction":[{"@type":"SearchAction","target":{"@type":"EntryPoint","urlTemplate":"https:\/\/fashiongold.lt\/lv\/?s={search_term_string}"},"query-input":{"@type":"PropertyValueSpecification","valueRequired":true,"valueName":"search_term_string"}}],"inLanguage":"lv-LV"},{"@type":"Organization","@id":"https:\/\/fashiongold.lt\/lv\/#organization","name":"Topdiamonds Online","url":"https:\/\/fashiongold.lt\/lv\/","logo":{"@type":"ImageObject","inLanguage":"lv-LV","@id":"https:\/\/fashiongold.lt\/lv\/#\/schema\/logo\/image\/","url":"https:\/\/fashiongold.lt\/wp-content\/uploads\/2025\/04\/cropped-fashion_gold_logotipas2-scaled-1.png","contentUrl":"https:\/\/fashiongold.lt\/wp-content\/uploads\/2025\/04\/cropped-fashion_gold_logotipas2-scaled-1.png","width":2559,"height":421,"caption":"Topdiamonds Online"},"image":{"@id":"https:\/\/fashiongold.lt\/lv\/#\/schema\/logo\/image\/"}}]}},"_links":{"self":[{"href":"https:\/\/fashiongold.lt\/lv\/wp-json\/wp\/v2\/product\/273693","targetHints":{"allow":["GET"]}}],"collection":[{"href":"https:\/\/fashiongold.lt\/lv\/wp-json\/wp\/v2\/product"}],"about":[{"href":"https:\/\/fashiongold.lt\/lv\/wp-json\/wp\/v2\/types\/product"}],"version-history":[{"count":0,"href":"https:\/\/fashiongold.lt\/lv\/wp-json\/wp\/v2\/product\/273693\/revisions"}],"wp:featuredmedia":[{"embeddable":true,"href":"https:\/\/fashiongold.lt\/lv\/wp-json\/wp\/v2\/media\/256519"}],"wp:attachment":[{"href":"https:\/\/fashiongold.lt\/lv\/wp-json\/wp\/v2\/media?parent=273693"}],"wp:term":[{"taxonomy":"product_brand","embeddable":true,"href":"https:\/\/fashiongold.lt\/lv\/wp-json\/wp\/v2\/product_brand?post=273693"},{"taxonomy":"product_cat","embeddable":true,"href":"https:\/\/fashiongold.lt\/lv\/wp-json\/wp\/v2\/product_cat?post=273693"},{"taxonomy":"product_tag","embeddable":true,"href":"https:\/\/fashiongold.lt\/lv\/wp-json\/wp\/v2\/product_tag?post=273693"}],"curies":[{"name":"wp","href":"https:\/\/api.w.org\/{rel}","templated":true}]}}