{"id":273714,"date":"2025-10-24T00:01:08","date_gmt":"2025-10-24T00:01:08","guid":{"rendered":"https:\/\/fashiongold.lt\/papuosalas\/zelta-auskari-ar-200-ct-round-laboratorija-audzetiem-dimantiem-audzetiem-dimantiem\/"},"modified":"2025-10-24T00:01:08","modified_gmt":"2025-10-24T00:01:08","slug":"zelta-auskari-ar-200-ct-round-laboratorija-audzetiem-dimantiem-audzetiem-dimantiem","status":"publish","type":"product","link":"https:\/\/fashiongold.lt\/lv\/papuosalas\/zelta-auskari-ar-200-ct-round-laboratorija-audzetiem-dimantiem-audzetiem-dimantiem\/","title":{"rendered":"Zelta auskari ar 2,00 ct Round laboratorij\u0101 audz\u0113tiem dimantiem (audz\u0113tiem dimantiem)"},"content":{"rendered":"<p>Ra\u017eots Lietuv\u0101. Auskarus var izgatavot p\u0113c pas\u016bt\u012bjuma: no sarkan\u0101, dzelten\u0101 un balt\u0101 zelta.<\/p>\n<p>\u2022 Auskaru zelts: 14 K (585. prove), varam izgatavot no 10K (375. proves), 18K (750. proves)<\/p>\n<p>\u2022 Auskaru kr\u0101sa: var izv\u0113l\u0113ties baltu, dzeltenu, sarkanu zeltu\u00a0\u00a0<\/p>\n<p>\u2022 Auskaru svars (atkar\u012bgs no izm\u0113ra un proves): aptuveni 2,00 &#8211; 3,00 g<\/p>\n<p>\u2022 Auskaru izm\u0113ri: kro\u0146a platums aptuveni 6,0\u20136,5 mm (iesp\u0113jams main\u012bt)\u00a0<\/p>\n<p>\u2022 Dimanta veids: Lab Grown dimanti (laboratorij\u0101 audz\u0113ti dimanti)<\/p>\n<p>\u2022 Dimanta forma: Apa\u013ca (Round cut)<\/p>\n<p>\u2022 Dimanta raksturojums: 2,00 ct (2&#215;1,00 ct), kr\u0101sa D-F (EW-RW); dzidrums VVS<\/p>\n<p>\u2022 Sertifik\u0101ts: Lietuvas Proves birojs (LPR) un papildus IGI\u00a0<\/p>\n<p>\u2022 Izgatavo\u0161anas un pieg\u0101des termi\u0146\u0161 no 14 darba dien\u0101m, steidzam\u012bbas k\u0101rt\u0101 3 darba dienu laik\u0101.\u00a0 \u00a0 \u00a0<\/p>\n<p><strong>Jums ir savs zelts? Sazinieties ar mums, m\u0113s p\u0101rr\u0113\u0137in\u0101sim cenu \u2013 j\u016bs maks\u0101siet tikai par gredzenu izgatavo\u0161anu.<\/strong><\/p>\n","protected":false},"excerpt":{"rendered":"<p>Balt\u0101 zelta klasiskie auskari ar dimantiem. Auskari-nagli\u0146as ar 1.00 ct laboratorij\u0101 audz\u0113tiem dimantiem. Neaprakst\u0101ms skaistums un lieliska d\u0101vana \u012bpa\u0161iem gad\u012bjumiem.<\/p>\n","protected":false},"featured_media":249194,"template":"","meta":{"site-sidebar-layout":"","site-content-layout":"","ast-site-content-layout":"","site-content-style":"","site-sidebar-style":"","ast-global-header-display":"","ast-banner-title-visibility":"","ast-main-header-display":"","ast-hfb-above-header-display":"","ast-hfb-below-header-display":"","ast-hfb-mobile-header-display":"","site-post-title":"","ast-breadcrumbs-content":"","ast-featured-img":"","footer-sml-layout":"","ast-disable-related-posts":"","theme-transparent-header-meta":"","adv-header-id-meta":"","stick-header-meta":"","header-above-stick-meta":"","header-main-stick-meta":"","header-below-stick-meta":"","astra-migrate-meta-layouts":"default","ast-page-background-enabled":"default","ast-page-background-meta":{"desktop":{"background-color":"var(--ast-global-color-4)","background-image":"","background-repeat":"repeat","background-position":"center center","background-size":"auto","background-attachment":"scroll","background-type":"","background-media":"","overlay-type":"","overlay-color":"","overlay-opacity":"","overlay-gradient":""},"tablet":{"background-color":"","background-image":"","background-repeat":"repeat","background-position":"center center","background-size":"auto","background-attachment":"scroll","background-type":"","background-media":"","overlay-type":"","overlay-color":"","overlay-opacity":"","overlay-gradient":""},"mobile":{"background-color":"","background-image":"","background-repeat":"repeat","background-position":"center center","background-size":"auto","background-attachment":"scroll","background-type":"","background-media":"","overlay-type":"","overlay-color":"","overlay-opacity":"","overlay-gradient":""}},"ast-content-background-meta":{"desktop":{"background-color":"var(--ast-global-color-5)","background-image":"","background-repeat":"repeat","background-position":"center center","background-size":"auto","background-attachment":"scroll","background-type":"","background-media":"","overlay-type":"","overlay-color":"","overlay-opacity":"","overlay-gradient":""},"tablet":{"background-color":"var(--ast-global-color-5)","background-image":"","background-repeat":"repeat","background-position":"center center","background-size":"auto","background-attachment":"scroll","background-type":"","background-media":"","overlay-type":"","overlay-color":"","overlay-opacity":"","overlay-gradient":""},"mobile":{"background-color":"var(--ast-global-color-5)","background-image":"","background-repeat":"repeat","background-position":"center center","background-size":"auto","background-attachment":"scroll","background-type":"","background-media":"","overlay-type":"","overlay-color":"","overlay-opacity":"","overlay-gradient":""}}},"product_brand":[],"product_cat":[3505,3504],"product_tag":[],"class_list":{"0":"post-273714","1":"product","2":"type-product","3":"status-publish","4":"has-post-thumbnail","6":"product_cat-auskari-ar-dimantiem-laboratorijas","7":"product_cat-juvelierizstradajumi-ar-laboratorija-audzetiem-dimantiem","8":"desktop-align-center","9":"tablet-align-left","10":"mobile-align-left","11":"ast-product-gallery-layout-horizontal-slider","12":"ast-product-gallery-with-no-image","13":"ast-product-single-variable","14":"ast-product-tabs-layout-accordion","15":"ast-qv-on-image","17":"first","18":"instock","19":"taxable","20":"shipping-taxable","21":"purchasable","22":"product-type-variable"},"yoast_head":"<!-- This site is optimized with the Yoast SEO plugin v26.6 - https:\/\/yoast.com\/wordpress\/plugins\/seo\/ -->\n<title>Klasiski zelta auskari ar 2,00 ct audz\u0113tiem dimantiem<\/title>\n<meta name=\"description\" content=\"Lietuv\u0101 ra\u017eoti augstas kvalit\u0101tes balt\u0101 zelta klasiski auskari ar 1,00 ct dimantiem. P\u0101rsteidziet ar unik\u0101lu d\u0101vanu. Bezmaksas pieg\u0101de vis\u0101 Lietuv\u0101.\" \/>\n<meta name=\"robots\" content=\"index, follow, max-snippet:-1, max-image-preview:large, max-video-preview:-1\" \/>\n<link rel=\"canonical\" href=\"https:\/\/fashiongold.lt\/lv\/papuosalas\/zelta-auskari-ar-200-ct-round-laboratorija-audzetiem-dimantiem-audzetiem-dimantiem\/\" \/>\n<meta property=\"og:locale\" content=\"lv_LV\" \/>\n<meta property=\"og:type\" content=\"article\" \/>\n<meta property=\"og:title\" content=\"Klasiski zelta auskari ar 2,00 ct audz\u0113tiem dimantiem\" \/>\n<meta property=\"og:description\" content=\"Lietuv\u0101 ra\u017eoti augstas kvalit\u0101tes balt\u0101 zelta klasiski auskari ar 1,00 ct dimantiem. P\u0101rsteidziet ar unik\u0101lu d\u0101vanu. Bezmaksas pieg\u0101de vis\u0101 Lietuv\u0101.\" \/>\n<meta property=\"og:url\" content=\"https:\/\/fashiongold.lt\/lv\/papuosalas\/zelta-auskari-ar-200-ct-round-laboratorija-audzetiem-dimantiem-audzetiem-dimantiem\/\" \/>\n<meta property=\"og:site_name\" content=\"FashionGold.lt\" \/>\n<meta property=\"og:image\" content=\"https:\/\/fashiongold.lt\/wp-content\/uploads\/2025\/10\/10833-d46-Geltono-aukso-auskarai-su-200-ct-Round-Shape-Lab-Grown-Diamonds.webp\" \/>\n\t<meta property=\"og:image:width\" content=\"1000\" \/>\n\t<meta property=\"og:image:height\" content=\"1000\" \/>\n\t<meta property=\"og:image:type\" content=\"image\/png\" \/>\n<meta name=\"twitter:card\" content=\"summary_large_image\" \/>\n<meta name=\"twitter:label1\" content=\"Est. reading time\" \/>\n\t<meta name=\"twitter:data1\" content=\"1 minute\" \/>\n<script type=\"application\/ld+json\" class=\"yoast-schema-graph\">{\"@context\":\"https:\/\/schema.org\",\"@graph\":[{\"@type\":\"WebPage\",\"@id\":\"https:\/\/fashiongold.lt\/lv\/papuosalas\/zelta-auskari-ar-200-ct-round-laboratorija-audzetiem-dimantiem-audzetiem-dimantiem\/\",\"url\":\"https:\/\/fashiongold.lt\/lv\/papuosalas\/zelta-auskari-ar-200-ct-round-laboratorija-audzetiem-dimantiem-audzetiem-dimantiem\/\",\"name\":\"Klasiski zelta auskari ar 2,00 ct audz\u0113tiem dimantiem\",\"isPartOf\":{\"@id\":\"https:\/\/fashiongold.lt\/lv\/#website\"},\"primaryImageOfPage\":{\"@id\":\"https:\/\/fashiongold.lt\/lv\/papuosalas\/zelta-auskari-ar-200-ct-round-laboratorija-audzetiem-dimantiem-audzetiem-dimantiem\/#primaryimage\"},\"image\":{\"@id\":\"https:\/\/fashiongold.lt\/lv\/papuosalas\/zelta-auskari-ar-200-ct-round-laboratorija-audzetiem-dimantiem-audzetiem-dimantiem\/#primaryimage\"},\"thumbnailUrl\":\"https:\/\/fashiongold.lt\/wp-content\/uploads\/2025\/10\/10833-d46-Geltono-aukso-auskarai-su-200-ct-Round-Shape-Lab-Grown-Diamonds.png\",\"datePublished\":\"2025-10-24T00:01:08+00:00\",\"description\":\"Lietuv\u0101 ra\u017eoti augstas kvalit\u0101tes balt\u0101 zelta klasiski auskari ar 1,00 ct dimantiem. P\u0101rsteidziet ar unik\u0101lu d\u0101vanu. Bezmaksas pieg\u0101de vis\u0101 Lietuv\u0101.\",\"breadcrumb\":{\"@id\":\"https:\/\/fashiongold.lt\/lv\/papuosalas\/zelta-auskari-ar-200-ct-round-laboratorija-audzetiem-dimantiem-audzetiem-dimantiem\/#breadcrumb\"},\"inLanguage\":\"lv-LV\",\"potentialAction\":[{\"@type\":\"ReadAction\",\"target\":[\"https:\/\/fashiongold.lt\/lv\/papuosalas\/zelta-auskari-ar-200-ct-round-laboratorija-audzetiem-dimantiem-audzetiem-dimantiem\/\"]}]},{\"@type\":\"ImageObject\",\"inLanguage\":\"lv-LV\",\"@id\":\"https:\/\/fashiongold.lt\/lv\/papuosalas\/zelta-auskari-ar-200-ct-round-laboratorija-audzetiem-dimantiem-audzetiem-dimantiem\/#primaryimage\",\"url\":\"https:\/\/fashiongold.lt\/wp-content\/uploads\/2025\/10\/10833-d46-Geltono-aukso-auskarai-su-200-ct-Round-Shape-Lab-Grown-Diamonds.png\",\"contentUrl\":\"https:\/\/fashiongold.lt\/wp-content\/uploads\/2025\/10\/10833-d46-Geltono-aukso-auskarai-su-200-ct-Round-Shape-Lab-Grown-Diamonds.png\",\"width\":1000,\"height\":1000},{\"@type\":\"BreadcrumbList\",\"@id\":\"https:\/\/fashiongold.lt\/lv\/papuosalas\/zelta-auskari-ar-200-ct-round-laboratorija-audzetiem-dimantiem-audzetiem-dimantiem\/#breadcrumb\",\"itemListElement\":[{\"@type\":\"ListItem\",\"position\":1,\"name\":\"Home\",\"item\":\"https:\/\/fashiongold.lt\/lv\/\"},{\"@type\":\"ListItem\",\"position\":2,\"name\":\"Dimantu veikals Fashiongold.lt\",\"item\":\"https:\/\/fashiongold.lt\/shop-2\/\"},{\"@type\":\"ListItem\",\"position\":3,\"name\":\"Zelta auskari ar 2,00 ct Round laboratorij\u0101 audz\u0113tiem dimantiem (audz\u0113tiem dimantiem)\"}]},{\"@type\":\"WebSite\",\"@id\":\"https:\/\/fashiongold.lt\/lv\/#website\",\"url\":\"https:\/\/fashiongold.lt\/lv\/\",\"name\":\"Fashion Gold\",\"description\":\"Juvelyrikos namai\",\"publisher\":{\"@id\":\"https:\/\/fashiongold.lt\/lv\/#organization\"},\"potentialAction\":[{\"@type\":\"SearchAction\",\"target\":{\"@type\":\"EntryPoint\",\"urlTemplate\":\"https:\/\/fashiongold.lt\/lv\/?s={search_term_string}\"},\"query-input\":{\"@type\":\"PropertyValueSpecification\",\"valueRequired\":true,\"valueName\":\"search_term_string\"}}],\"inLanguage\":\"lv-LV\"},{\"@type\":\"Organization\",\"@id\":\"https:\/\/fashiongold.lt\/lv\/#organization\",\"name\":\"Topdiamonds Online\",\"url\":\"https:\/\/fashiongold.lt\/lv\/\",\"logo\":{\"@type\":\"ImageObject\",\"inLanguage\":\"lv-LV\",\"@id\":\"https:\/\/fashiongold.lt\/lv\/#\/schema\/logo\/image\/\",\"url\":\"https:\/\/fashiongold.lt\/wp-content\/uploads\/2025\/04\/cropped-fashion_gold_logotipas2-scaled-1.png\",\"contentUrl\":\"https:\/\/fashiongold.lt\/wp-content\/uploads\/2025\/04\/cropped-fashion_gold_logotipas2-scaled-1.png\",\"width\":2559,\"height\":421,\"caption\":\"Topdiamonds Online\"},\"image\":{\"@id\":\"https:\/\/fashiongold.lt\/lv\/#\/schema\/logo\/image\/\"}}]}<\/script>\n<!-- \/ Yoast SEO plugin. -->","yoast_head_json":{"title":"Klasiski zelta auskari ar 2,00 ct audz\u0113tiem dimantiem","description":"Lietuv\u0101 ra\u017eoti augstas kvalit\u0101tes balt\u0101 zelta klasiski auskari ar 1,00 ct dimantiem. P\u0101rsteidziet ar unik\u0101lu d\u0101vanu. Bezmaksas pieg\u0101de vis\u0101 Lietuv\u0101.","robots":{"index":"index","follow":"follow","max-snippet":"max-snippet:-1","max-image-preview":"max-image-preview:large","max-video-preview":"max-video-preview:-1"},"canonical":"https:\/\/fashiongold.lt\/lv\/papuosalas\/zelta-auskari-ar-200-ct-round-laboratorija-audzetiem-dimantiem-audzetiem-dimantiem\/","og_locale":"lv_LV","og_type":"article","og_title":"Klasiski zelta auskari ar 2,00 ct audz\u0113tiem dimantiem","og_description":"Lietuv\u0101 ra\u017eoti augstas kvalit\u0101tes balt\u0101 zelta klasiski auskari ar 1,00 ct dimantiem. P\u0101rsteidziet ar unik\u0101lu d\u0101vanu. Bezmaksas pieg\u0101de vis\u0101 Lietuv\u0101.","og_url":"https:\/\/fashiongold.lt\/lv\/papuosalas\/zelta-auskari-ar-200-ct-round-laboratorija-audzetiem-dimantiem-audzetiem-dimantiem\/","og_site_name":"FashionGold.lt","og_image":[{"width":1000,"height":1000,"url":"https:\/\/fashiongold.lt\/wp-content\/uploads\/2025\/10\/10833-d46-Geltono-aukso-auskarai-su-200-ct-Round-Shape-Lab-Grown-Diamonds.webp","type":"image\/png"}],"twitter_card":"summary_large_image","twitter_misc":{"Est. reading time":"1 minute"},"schema":{"@context":"https:\/\/schema.org","@graph":[{"@type":"WebPage","@id":"https:\/\/fashiongold.lt\/lv\/papuosalas\/zelta-auskari-ar-200-ct-round-laboratorija-audzetiem-dimantiem-audzetiem-dimantiem\/","url":"https:\/\/fashiongold.lt\/lv\/papuosalas\/zelta-auskari-ar-200-ct-round-laboratorija-audzetiem-dimantiem-audzetiem-dimantiem\/","name":"Klasiski zelta auskari ar 2,00 ct audz\u0113tiem dimantiem","isPartOf":{"@id":"https:\/\/fashiongold.lt\/lv\/#website"},"primaryImageOfPage":{"@id":"https:\/\/fashiongold.lt\/lv\/papuosalas\/zelta-auskari-ar-200-ct-round-laboratorija-audzetiem-dimantiem-audzetiem-dimantiem\/#primaryimage"},"image":{"@id":"https:\/\/fashiongold.lt\/lv\/papuosalas\/zelta-auskari-ar-200-ct-round-laboratorija-audzetiem-dimantiem-audzetiem-dimantiem\/#primaryimage"},"thumbnailUrl":"https:\/\/fashiongold.lt\/wp-content\/uploads\/2025\/10\/10833-d46-Geltono-aukso-auskarai-su-200-ct-Round-Shape-Lab-Grown-Diamonds.png","datePublished":"2025-10-24T00:01:08+00:00","description":"Lietuv\u0101 ra\u017eoti augstas kvalit\u0101tes balt\u0101 zelta klasiski auskari ar 1,00 ct dimantiem. P\u0101rsteidziet ar unik\u0101lu d\u0101vanu. Bezmaksas pieg\u0101de vis\u0101 Lietuv\u0101.","breadcrumb":{"@id":"https:\/\/fashiongold.lt\/lv\/papuosalas\/zelta-auskari-ar-200-ct-round-laboratorija-audzetiem-dimantiem-audzetiem-dimantiem\/#breadcrumb"},"inLanguage":"lv-LV","potentialAction":[{"@type":"ReadAction","target":["https:\/\/fashiongold.lt\/lv\/papuosalas\/zelta-auskari-ar-200-ct-round-laboratorija-audzetiem-dimantiem-audzetiem-dimantiem\/"]}]},{"@type":"ImageObject","inLanguage":"lv-LV","@id":"https:\/\/fashiongold.lt\/lv\/papuosalas\/zelta-auskari-ar-200-ct-round-laboratorija-audzetiem-dimantiem-audzetiem-dimantiem\/#primaryimage","url":"https:\/\/fashiongold.lt\/wp-content\/uploads\/2025\/10\/10833-d46-Geltono-aukso-auskarai-su-200-ct-Round-Shape-Lab-Grown-Diamonds.png","contentUrl":"https:\/\/fashiongold.lt\/wp-content\/uploads\/2025\/10\/10833-d46-Geltono-aukso-auskarai-su-200-ct-Round-Shape-Lab-Grown-Diamonds.png","width":1000,"height":1000},{"@type":"BreadcrumbList","@id":"https:\/\/fashiongold.lt\/lv\/papuosalas\/zelta-auskari-ar-200-ct-round-laboratorija-audzetiem-dimantiem-audzetiem-dimantiem\/#breadcrumb","itemListElement":[{"@type":"ListItem","position":1,"name":"Home","item":"https:\/\/fashiongold.lt\/lv\/"},{"@type":"ListItem","position":2,"name":"Dimantu veikals Fashiongold.lt","item":"https:\/\/fashiongold.lt\/shop-2\/"},{"@type":"ListItem","position":3,"name":"Zelta auskari ar 2,00 ct Round laboratorij\u0101 audz\u0113tiem dimantiem (audz\u0113tiem dimantiem)"}]},{"@type":"WebSite","@id":"https:\/\/fashiongold.lt\/lv\/#website","url":"https:\/\/fashiongold.lt\/lv\/","name":"Fashion Gold","description":"Juvelyrikos namai","publisher":{"@id":"https:\/\/fashiongold.lt\/lv\/#organization"},"potentialAction":[{"@type":"SearchAction","target":{"@type":"EntryPoint","urlTemplate":"https:\/\/fashiongold.lt\/lv\/?s={search_term_string}"},"query-input":{"@type":"PropertyValueSpecification","valueRequired":true,"valueName":"search_term_string"}}],"inLanguage":"lv-LV"},{"@type":"Organization","@id":"https:\/\/fashiongold.lt\/lv\/#organization","name":"Topdiamonds Online","url":"https:\/\/fashiongold.lt\/lv\/","logo":{"@type":"ImageObject","inLanguage":"lv-LV","@id":"https:\/\/fashiongold.lt\/lv\/#\/schema\/logo\/image\/","url":"https:\/\/fashiongold.lt\/wp-content\/uploads\/2025\/04\/cropped-fashion_gold_logotipas2-scaled-1.png","contentUrl":"https:\/\/fashiongold.lt\/wp-content\/uploads\/2025\/04\/cropped-fashion_gold_logotipas2-scaled-1.png","width":2559,"height":421,"caption":"Topdiamonds Online"},"image":{"@id":"https:\/\/fashiongold.lt\/lv\/#\/schema\/logo\/image\/"}}]}},"_links":{"self":[{"href":"https:\/\/fashiongold.lt\/lv\/wp-json\/wp\/v2\/product\/273714","targetHints":{"allow":["GET"]}}],"collection":[{"href":"https:\/\/fashiongold.lt\/lv\/wp-json\/wp\/v2\/product"}],"about":[{"href":"https:\/\/fashiongold.lt\/lv\/wp-json\/wp\/v2\/types\/product"}],"version-history":[{"count":0,"href":"https:\/\/fashiongold.lt\/lv\/wp-json\/wp\/v2\/product\/273714\/revisions"}],"wp:featuredmedia":[{"embeddable":true,"href":"https:\/\/fashiongold.lt\/lv\/wp-json\/wp\/v2\/media\/249194"}],"wp:attachment":[{"href":"https:\/\/fashiongold.lt\/lv\/wp-json\/wp\/v2\/media?parent=273714"}],"wp:term":[{"taxonomy":"product_brand","embeddable":true,"href":"https:\/\/fashiongold.lt\/lv\/wp-json\/wp\/v2\/product_brand?post=273714"},{"taxonomy":"product_cat","embeddable":true,"href":"https:\/\/fashiongold.lt\/lv\/wp-json\/wp\/v2\/product_cat?post=273714"},{"taxonomy":"product_tag","embeddable":true,"href":"https:\/\/fashiongold.lt\/lv\/wp-json\/wp\/v2\/product_tag?post=273714"}],"curies":[{"name":"wp","href":"https:\/\/api.w.org\/{rel}","templated":true}]}}