{"id":273740,"date":"2025-10-24T07:46:14","date_gmt":"2025-10-24T07:46:14","guid":{"rendered":"https:\/\/fashiongold.lt\/papuosalas\/zelta-krustins-ar-dimantiem-mirdzums-0055-ct\/"},"modified":"2025-10-24T07:46:14","modified_gmt":"2025-10-24T07:46:14","slug":"zelta-krustins-ar-dimantiem-mirdzums-0055-ct","status":"publish","type":"product","link":"https:\/\/fashiongold.lt\/lv\/papuosalas\/zelta-krustins-ar-dimantiem-mirdzums-0055-ct\/","title":{"rendered":"Zelta krusti\u0146\u0161 ar dimantiem &#8211; Mirdzums (0,055 ct)"},"content":{"rendered":"<h2>Zelta krusti\u0146\u0161 ar dimantiem &#8211; Sp\u012bdums (0,055 ct)<\/h2>\n<h3>Balt\u0101 zelta krusti\u0146\u0161, dzelten\u0101 zelta krusti\u0146\u0161, sarkan\u0101 zelta krusti\u0146\u0161 ar dimantiem.\u00a0<\/h3>\n<p>Smalks, elegants un noz\u012bm\u012bgs \u2013 zelta krusti\u0146\u0161 &#8220;Sp\u012bdums&#8221; ar dab\u012bgiem dimantiem (0,055 ct) mirdz ne tikai ar savu izskatu, bet ar\u012b ar noz\u012bmi. T\u0101 ir lieliska izv\u0113le \u012bpa\u0161iem gad\u012bjumiem: krist\u012bb\u0101m, pirmajai Kom\u016bnijai vai pat k\u0101 d\u0101vana sev, simboliz\u0113jot tic\u012bbu, aizsardz\u012bbu un gaismu dz\u012bves ce\u013c\u0101. \u0160is krusti\u0146\u0161 ir piem\u0113rots gan b\u0113rniem, gan pieaugu\u0161ajiem, kas mekl\u0113 elegantu, bet taj\u0101 pa\u0161\u0101 laik\u0101 gar\u012bgu rotaslietu.\u00a0<\/p>\n<p>\u2022 Krusti\u0146a met\u0101ls: 14K (585 prove)\u00a0\u00a0<\/p>\n<p>\u2022 Krusti\u0146a kr\u0101sa: var izv\u0113l\u0113ties balto, dzelteno vai sarkano zeltu<\/p>\n<p>\u2022 Krusti\u0146a svars (roku darbs var at\u0161\u0137irties): aptuveni 1,30 &#8211; 1,50 g\u00a0 \u00a0 \u00a0 \u00a0 \u00a0<\/p>\n<p>\u2022 Krusti\u0146a izm\u0113ri: platums &#8211; 8 mm, augstums &#8211; 10 mm\u00a0 \u00a0 \u00a0\u00a0<\/p>\n<p>\u2022 \u0136\u0113d\u012btes garums: 42-45 cm (regul\u0113jama aizdare)<\/p>\n<p>\u2022 Dimanta veids: Dab\u012bgi dimanti\u00a0 \u00a0 \u00a0 \u00a0<\/p>\n<p>\u2022 Dimanta forma: apa\u013ca forma (round shape)\u00a0 \u00a0 \u00a0 \u00a0<\/p>\n<p>\u2022 Dimanta raksturojums: 0,005 ct (1mm), kr\u0101sa G-H (RW-W); dzidrums SI\u00a0<\/p>\n<p>\u2022 Sertifik\u0101ts: Lietuvas Proves birojs (LPR)\u00a0 \u00a0 \u00a0<\/p>\n<p>\u2022 Izgatavo\u0161anas un pieg\u0101des termi\u0146\u0161 no 14-21 darba dienas, steidzam\u012bbas k\u0101rt\u0101 3 d.d. laik\u0101 (papildu maksa)\u00a0 \u00a0<\/p>\n<p><strong>Jums ir savs zelts? Sazinieties ar mums, m\u0113s p\u0101rr\u0113\u0137in\u0101sim cenu \u2013 maks\u0101siet tikai par gredzena izgatavo\u0161anu.<\/strong><\/p>\n","protected":false},"excerpt":{"rendered":"<p>Smalks un elegants krusti\u0146\u0161 ar dabisku dimantu \u2013 lieliska d\u0101vana <strong data-start=\"214\" data-end=\"229\">krist\u012bb\u0101m<\/strong>, <strong data-start=\"231\" data-end=\"253\">pirmajai Kom\u016bnijai<\/strong> vai <strong data-start=\"257\" data-end=\"264\" data-is-only-node=\"\">sev<\/strong>. Simboliz\u0113 <strong data-start=\"279\" data-end=\"291\">tic\u012bbu<\/strong>, <strong data-start=\"293\" data-end=\"304\">aizsardz\u012bbu<\/strong> un <strong data-start=\"308\" data-end=\"318\">gaismu<\/strong>. Piem\u0113rots gan b\u0113rniem, gan pieaugu\u0161ajiem.<\/p>\n","protected":false},"featured_media":231152,"template":"","meta":{"site-sidebar-layout":"","site-content-layout":"","ast-site-content-layout":"","site-content-style":"","site-sidebar-style":"","ast-global-header-display":"","ast-banner-title-visibility":"","ast-main-header-display":"","ast-hfb-above-header-display":"","ast-hfb-below-header-display":"","ast-hfb-mobile-header-display":"","site-post-title":"","ast-breadcrumbs-content":"","ast-featured-img":"","footer-sml-layout":"","ast-disable-related-posts":"","theme-transparent-header-meta":"","adv-header-id-meta":"","stick-header-meta":"","header-above-stick-meta":"","header-main-stick-meta":"","header-below-stick-meta":"","astra-migrate-meta-layouts":"default","ast-page-background-enabled":"default","ast-page-background-meta":{"desktop":{"background-color":"var(--ast-global-color-4)","background-image":"","background-repeat":"repeat","background-position":"center center","background-size":"auto","background-attachment":"scroll","background-type":"","background-media":"","overlay-type":"","overlay-color":"","overlay-opacity":"","overlay-gradient":""},"tablet":{"background-color":"","background-image":"","background-repeat":"repeat","background-position":"center center","background-size":"auto","background-attachment":"scroll","background-type":"","background-media":"","overlay-type":"","overlay-color":"","overlay-opacity":"","overlay-gradient":""},"mobile":{"background-color":"","background-image":"","background-repeat":"repeat","background-position":"center center","background-size":"auto","background-attachment":"scroll","background-type":"","background-media":"","overlay-type":"","overlay-color":"","overlay-opacity":"","overlay-gradient":""}},"ast-content-background-meta":{"desktop":{"background-color":"var(--ast-global-color-5)","background-image":"","background-repeat":"repeat","background-position":"center center","background-size":"auto","background-attachment":"scroll","background-type":"","background-media":"","overlay-type":"","overlay-color":"","overlay-opacity":"","overlay-gradient":""},"tablet":{"background-color":"var(--ast-global-color-5)","background-image":"","background-repeat":"repeat","background-position":"center center","background-size":"auto","background-attachment":"scroll","background-type":"","background-media":"","overlay-type":"","overlay-color":"","overlay-opacity":"","overlay-gradient":""},"mobile":{"background-color":"var(--ast-global-color-5)","background-image":"","background-repeat":"repeat","background-position":"center center","background-size":"auto","background-attachment":"scroll","background-type":"","background-media":"","overlay-type":"","overlay-color":"","overlay-opacity":"","overlay-gradient":""}}},"product_brand":[],"product_cat":[3406,2915,3042,3401,3028,3484,3573],"product_tag":[],"class_list":{"0":"post-273740","1":"product","2":"type-product","3":"status-publish","4":"has-post-thumbnail","6":"product_cat-davana-pirmaja-komunija","7":"product_cat-davanas-berna-piedzimsanai","8":"product_cat-juvelierizstradajumi","9":"product_cat-kristibu-davanas","10":"product_cat-kuloni-ar-dimantiem","11":"product_cat-kulons-krustins-ar-dimantiem","12":"product_cat-sakums","13":"desktop-align-center","14":"tablet-align-left","15":"mobile-align-left","16":"ast-product-gallery-layout-horizontal-slider","17":"ast-product-gallery-with-no-image","18":"ast-product-single-variable","19":"ast-product-tabs-layout-accordion","20":"ast-qv-on-image","22":"first","23":"instock","24":"taxable","25":"shipping-taxable","26":"purchasable","27":"product-type-variable"},"yoast_head":"<!-- This site is optimized with the Yoast SEO plugin v26.6 - https:\/\/yoast.com\/wordpress\/plugins\/seo\/ -->\n<title>Zelta krusti\u0146\u0161 ar dimantiem \u2013 krist\u012bb\u0101m, Kom\u016bnijai vai sev<\/title>\n<meta name=\"description\" content=\"Vai mekl\u0113jat d\u0101vanu krist\u012bb\u0101m vai Kom\u016bnijai? Zelta krusti\u0146\u0161 \u201eSpindesys\u201c ar dimantiem \u2013 eleganta un noz\u012bm\u012bga izv\u0113le. Bezmaksas pieg\u0101de!\" \/>\n<meta name=\"robots\" content=\"index, follow, max-snippet:-1, max-image-preview:large, max-video-preview:-1\" \/>\n<link rel=\"canonical\" href=\"https:\/\/fashiongold.lt\/lv\/papuosalas\/zelta-krustins-ar-dimantiem-mirdzums-0055-ct\/\" \/>\n<meta property=\"og:locale\" content=\"lv_LV\" \/>\n<meta property=\"og:type\" content=\"article\" \/>\n<meta property=\"og:title\" content=\"Zelta krusti\u0146\u0161 ar dimantiem \u2013 krist\u012bb\u0101m, Kom\u016bnijai vai sev\" \/>\n<meta property=\"og:description\" content=\"Vai mekl\u0113jat d\u0101vanu krist\u012bb\u0101m vai Kom\u016bnijai? Zelta krusti\u0146\u0161 \u201eSpindesys\u201c ar dimantiem \u2013 eleganta un noz\u012bm\u012bga izv\u0113le. Bezmaksas pieg\u0101de!\" \/>\n<meta property=\"og:url\" content=\"https:\/\/fashiongold.lt\/lv\/papuosalas\/zelta-krustins-ar-dimantiem-mirdzums-0055-ct\/\" \/>\n<meta property=\"og:site_name\" content=\"FashionGold.lt\" \/>\n<meta property=\"og:image\" content=\"https:\/\/fashiongold.lt\/wp-content\/uploads\/2025\/10\/26015-99e-Auksinis-kryziukas-su-deimantais-Fashion-Gold.webp\" \/>\n\t<meta property=\"og:image:width\" content=\"1000\" \/>\n\t<meta property=\"og:image:height\" content=\"1000\" \/>\n\t<meta property=\"og:image:type\" content=\"image\/jpeg\" \/>\n<meta name=\"twitter:card\" content=\"summary_large_image\" \/>\n<meta name=\"twitter:label1\" content=\"Est. reading time\" \/>\n\t<meta name=\"twitter:data1\" content=\"1 minute\" \/>\n<script type=\"application\/ld+json\" class=\"yoast-schema-graph\">{\"@context\":\"https:\/\/schema.org\",\"@graph\":[{\"@type\":\"WebPage\",\"@id\":\"https:\/\/fashiongold.lt\/lv\/papuosalas\/zelta-krustins-ar-dimantiem-mirdzums-0055-ct\/\",\"url\":\"https:\/\/fashiongold.lt\/lv\/papuosalas\/zelta-krustins-ar-dimantiem-mirdzums-0055-ct\/\",\"name\":\"Zelta krusti\u0146\u0161 ar dimantiem \u2013 krist\u012bb\u0101m, Kom\u016bnijai vai sev\",\"isPartOf\":{\"@id\":\"https:\/\/fashiongold.lt\/lv\/#website\"},\"primaryImageOfPage\":{\"@id\":\"https:\/\/fashiongold.lt\/lv\/papuosalas\/zelta-krustins-ar-dimantiem-mirdzums-0055-ct\/#primaryimage\"},\"image\":{\"@id\":\"https:\/\/fashiongold.lt\/lv\/papuosalas\/zelta-krustins-ar-dimantiem-mirdzums-0055-ct\/#primaryimage\"},\"thumbnailUrl\":\"https:\/\/fashiongold.lt\/wp-content\/uploads\/2025\/10\/26015-99e-Auksinis-kryziukas-su-deimantais-Fashion-Gold.jpg\",\"datePublished\":\"2025-10-24T07:46:14+00:00\",\"description\":\"Vai mekl\u0113jat d\u0101vanu krist\u012bb\u0101m vai Kom\u016bnijai? Zelta krusti\u0146\u0161 \u201eSpindesys\u201c ar dimantiem \u2013 eleganta un noz\u012bm\u012bga izv\u0113le. Bezmaksas pieg\u0101de!\",\"breadcrumb\":{\"@id\":\"https:\/\/fashiongold.lt\/lv\/papuosalas\/zelta-krustins-ar-dimantiem-mirdzums-0055-ct\/#breadcrumb\"},\"inLanguage\":\"lv-LV\",\"potentialAction\":[{\"@type\":\"ReadAction\",\"target\":[\"https:\/\/fashiongold.lt\/lv\/papuosalas\/zelta-krustins-ar-dimantiem-mirdzums-0055-ct\/\"]}]},{\"@type\":\"ImageObject\",\"inLanguage\":\"lv-LV\",\"@id\":\"https:\/\/fashiongold.lt\/lv\/papuosalas\/zelta-krustins-ar-dimantiem-mirdzums-0055-ct\/#primaryimage\",\"url\":\"https:\/\/fashiongold.lt\/wp-content\/uploads\/2025\/10\/26015-99e-Auksinis-kryziukas-su-deimantais-Fashion-Gold.jpg\",\"contentUrl\":\"https:\/\/fashiongold.lt\/wp-content\/uploads\/2025\/10\/26015-99e-Auksinis-kryziukas-su-deimantais-Fashion-Gold.jpg\",\"width\":1000,\"height\":1000},{\"@type\":\"BreadcrumbList\",\"@id\":\"https:\/\/fashiongold.lt\/lv\/papuosalas\/zelta-krustins-ar-dimantiem-mirdzums-0055-ct\/#breadcrumb\",\"itemListElement\":[{\"@type\":\"ListItem\",\"position\":1,\"name\":\"Home\",\"item\":\"https:\/\/fashiongold.lt\/lv\/\"},{\"@type\":\"ListItem\",\"position\":2,\"name\":\"Dimantu veikals Fashiongold.lt\",\"item\":\"https:\/\/fashiongold.lt\/shop-2\/\"},{\"@type\":\"ListItem\",\"position\":3,\"name\":\"Zelta krusti\u0146\u0161 ar dimantiem &#8211; Mirdzums (0,055 ct)\"}]},{\"@type\":\"WebSite\",\"@id\":\"https:\/\/fashiongold.lt\/lv\/#website\",\"url\":\"https:\/\/fashiongold.lt\/lv\/\",\"name\":\"Fashion Gold\",\"description\":\"Juvelyrikos namai\",\"publisher\":{\"@id\":\"https:\/\/fashiongold.lt\/lv\/#organization\"},\"potentialAction\":[{\"@type\":\"SearchAction\",\"target\":{\"@type\":\"EntryPoint\",\"urlTemplate\":\"https:\/\/fashiongold.lt\/lv\/?s={search_term_string}\"},\"query-input\":{\"@type\":\"PropertyValueSpecification\",\"valueRequired\":true,\"valueName\":\"search_term_string\"}}],\"inLanguage\":\"lv-LV\"},{\"@type\":\"Organization\",\"@id\":\"https:\/\/fashiongold.lt\/lv\/#organization\",\"name\":\"Topdiamonds Online\",\"url\":\"https:\/\/fashiongold.lt\/lv\/\",\"logo\":{\"@type\":\"ImageObject\",\"inLanguage\":\"lv-LV\",\"@id\":\"https:\/\/fashiongold.lt\/lv\/#\/schema\/logo\/image\/\",\"url\":\"https:\/\/fashiongold.lt\/wp-content\/uploads\/2025\/04\/cropped-fashion_gold_logotipas2-scaled-1.png\",\"contentUrl\":\"https:\/\/fashiongold.lt\/wp-content\/uploads\/2025\/04\/cropped-fashion_gold_logotipas2-scaled-1.png\",\"width\":2559,\"height\":421,\"caption\":\"Topdiamonds Online\"},\"image\":{\"@id\":\"https:\/\/fashiongold.lt\/lv\/#\/schema\/logo\/image\/\"}}]}<\/script>\n<!-- \/ Yoast SEO plugin. -->","yoast_head_json":{"title":"Zelta krusti\u0146\u0161 ar dimantiem \u2013 krist\u012bb\u0101m, Kom\u016bnijai vai sev","description":"Vai mekl\u0113jat d\u0101vanu krist\u012bb\u0101m vai Kom\u016bnijai? Zelta krusti\u0146\u0161 \u201eSpindesys\u201c ar dimantiem \u2013 eleganta un noz\u012bm\u012bga izv\u0113le. Bezmaksas pieg\u0101de!","robots":{"index":"index","follow":"follow","max-snippet":"max-snippet:-1","max-image-preview":"max-image-preview:large","max-video-preview":"max-video-preview:-1"},"canonical":"https:\/\/fashiongold.lt\/lv\/papuosalas\/zelta-krustins-ar-dimantiem-mirdzums-0055-ct\/","og_locale":"lv_LV","og_type":"article","og_title":"Zelta krusti\u0146\u0161 ar dimantiem \u2013 krist\u012bb\u0101m, Kom\u016bnijai vai sev","og_description":"Vai mekl\u0113jat d\u0101vanu krist\u012bb\u0101m vai Kom\u016bnijai? Zelta krusti\u0146\u0161 \u201eSpindesys\u201c ar dimantiem \u2013 eleganta un noz\u012bm\u012bga izv\u0113le. Bezmaksas pieg\u0101de!","og_url":"https:\/\/fashiongold.lt\/lv\/papuosalas\/zelta-krustins-ar-dimantiem-mirdzums-0055-ct\/","og_site_name":"FashionGold.lt","og_image":[{"width":1000,"height":1000,"url":"https:\/\/fashiongold.lt\/wp-content\/uploads\/2025\/10\/26015-99e-Auksinis-kryziukas-su-deimantais-Fashion-Gold.webp","type":"image\/jpeg"}],"twitter_card":"summary_large_image","twitter_misc":{"Est. reading time":"1 minute"},"schema":{"@context":"https:\/\/schema.org","@graph":[{"@type":"WebPage","@id":"https:\/\/fashiongold.lt\/lv\/papuosalas\/zelta-krustins-ar-dimantiem-mirdzums-0055-ct\/","url":"https:\/\/fashiongold.lt\/lv\/papuosalas\/zelta-krustins-ar-dimantiem-mirdzums-0055-ct\/","name":"Zelta krusti\u0146\u0161 ar dimantiem \u2013 krist\u012bb\u0101m, Kom\u016bnijai vai sev","isPartOf":{"@id":"https:\/\/fashiongold.lt\/lv\/#website"},"primaryImageOfPage":{"@id":"https:\/\/fashiongold.lt\/lv\/papuosalas\/zelta-krustins-ar-dimantiem-mirdzums-0055-ct\/#primaryimage"},"image":{"@id":"https:\/\/fashiongold.lt\/lv\/papuosalas\/zelta-krustins-ar-dimantiem-mirdzums-0055-ct\/#primaryimage"},"thumbnailUrl":"https:\/\/fashiongold.lt\/wp-content\/uploads\/2025\/10\/26015-99e-Auksinis-kryziukas-su-deimantais-Fashion-Gold.jpg","datePublished":"2025-10-24T07:46:14+00:00","description":"Vai mekl\u0113jat d\u0101vanu krist\u012bb\u0101m vai Kom\u016bnijai? Zelta krusti\u0146\u0161 \u201eSpindesys\u201c ar dimantiem \u2013 eleganta un noz\u012bm\u012bga izv\u0113le. Bezmaksas pieg\u0101de!","breadcrumb":{"@id":"https:\/\/fashiongold.lt\/lv\/papuosalas\/zelta-krustins-ar-dimantiem-mirdzums-0055-ct\/#breadcrumb"},"inLanguage":"lv-LV","potentialAction":[{"@type":"ReadAction","target":["https:\/\/fashiongold.lt\/lv\/papuosalas\/zelta-krustins-ar-dimantiem-mirdzums-0055-ct\/"]}]},{"@type":"ImageObject","inLanguage":"lv-LV","@id":"https:\/\/fashiongold.lt\/lv\/papuosalas\/zelta-krustins-ar-dimantiem-mirdzums-0055-ct\/#primaryimage","url":"https:\/\/fashiongold.lt\/wp-content\/uploads\/2025\/10\/26015-99e-Auksinis-kryziukas-su-deimantais-Fashion-Gold.jpg","contentUrl":"https:\/\/fashiongold.lt\/wp-content\/uploads\/2025\/10\/26015-99e-Auksinis-kryziukas-su-deimantais-Fashion-Gold.jpg","width":1000,"height":1000},{"@type":"BreadcrumbList","@id":"https:\/\/fashiongold.lt\/lv\/papuosalas\/zelta-krustins-ar-dimantiem-mirdzums-0055-ct\/#breadcrumb","itemListElement":[{"@type":"ListItem","position":1,"name":"Home","item":"https:\/\/fashiongold.lt\/lv\/"},{"@type":"ListItem","position":2,"name":"Dimantu veikals Fashiongold.lt","item":"https:\/\/fashiongold.lt\/shop-2\/"},{"@type":"ListItem","position":3,"name":"Zelta krusti\u0146\u0161 ar dimantiem &#8211; Mirdzums (0,055 ct)"}]},{"@type":"WebSite","@id":"https:\/\/fashiongold.lt\/lv\/#website","url":"https:\/\/fashiongold.lt\/lv\/","name":"Fashion Gold","description":"Juvelyrikos namai","publisher":{"@id":"https:\/\/fashiongold.lt\/lv\/#organization"},"potentialAction":[{"@type":"SearchAction","target":{"@type":"EntryPoint","urlTemplate":"https:\/\/fashiongold.lt\/lv\/?s={search_term_string}"},"query-input":{"@type":"PropertyValueSpecification","valueRequired":true,"valueName":"search_term_string"}}],"inLanguage":"lv-LV"},{"@type":"Organization","@id":"https:\/\/fashiongold.lt\/lv\/#organization","name":"Topdiamonds Online","url":"https:\/\/fashiongold.lt\/lv\/","logo":{"@type":"ImageObject","inLanguage":"lv-LV","@id":"https:\/\/fashiongold.lt\/lv\/#\/schema\/logo\/image\/","url":"https:\/\/fashiongold.lt\/wp-content\/uploads\/2025\/04\/cropped-fashion_gold_logotipas2-scaled-1.png","contentUrl":"https:\/\/fashiongold.lt\/wp-content\/uploads\/2025\/04\/cropped-fashion_gold_logotipas2-scaled-1.png","width":2559,"height":421,"caption":"Topdiamonds Online"},"image":{"@id":"https:\/\/fashiongold.lt\/lv\/#\/schema\/logo\/image\/"}}]}},"_links":{"self":[{"href":"https:\/\/fashiongold.lt\/lv\/wp-json\/wp\/v2\/product\/273740","targetHints":{"allow":["GET"]}}],"collection":[{"href":"https:\/\/fashiongold.lt\/lv\/wp-json\/wp\/v2\/product"}],"about":[{"href":"https:\/\/fashiongold.lt\/lv\/wp-json\/wp\/v2\/types\/product"}],"version-history":[{"count":0,"href":"https:\/\/fashiongold.lt\/lv\/wp-json\/wp\/v2\/product\/273740\/revisions"}],"wp:featuredmedia":[{"embeddable":true,"href":"https:\/\/fashiongold.lt\/lv\/wp-json\/wp\/v2\/media\/231152"}],"wp:attachment":[{"href":"https:\/\/fashiongold.lt\/lv\/wp-json\/wp\/v2\/media?parent=273740"}],"wp:term":[{"taxonomy":"product_brand","embeddable":true,"href":"https:\/\/fashiongold.lt\/lv\/wp-json\/wp\/v2\/product_brand?post=273740"},{"taxonomy":"product_cat","embeddable":true,"href":"https:\/\/fashiongold.lt\/lv\/wp-json\/wp\/v2\/product_cat?post=273740"},{"taxonomy":"product_tag","embeddable":true,"href":"https:\/\/fashiongold.lt\/lv\/wp-json\/wp\/v2\/product_tag?post=273740"}],"curies":[{"name":"wp","href":"https:\/\/api.w.org\/{rel}","templated":true}]}}