{"id":273741,"date":"2025-10-24T07:45:31","date_gmt":"2025-10-24T07:45:31","guid":{"rendered":"https:\/\/fashiongold.lt\/papuosalas\/naglinu-auskari-ar-dimantiem-krustins-0-10-ct\/"},"modified":"2026-02-11T20:39:32","modified_gmt":"2026-02-11T20:39:32","slug":"naglinu-auskari-ar-dimantiem-krustins-0-10-ct","status":"publish","type":"product","link":"https:\/\/fashiongold.lt\/lv\/papuosalas\/naglinu-auskari-ar-dimantiem-krustins-0-10-ct\/","title":{"rendered":"Nagli\u0146u auskari ar dimantiem &#8211; Krusti\u0146\u0161 (0.10 ct)"},"content":{"rendered":"<h2>Nagli\u0146u auskari ar dimantiem &#8211; Krusti\u0146\u0161 (0.10 ct)<\/h2>\n<h3><span style=\"font-size: 12.87px;\" data-mce-style=\"font-size: 12.87px;\">Moderna dizaina zelta nagli\u0146u auskari ar dimantiem krusta form\u0101, kuru kop\u0113jais svars ir 0,10 kar\u0101ti. Dab\u012bgie dimanti.<\/span><\/h3>\n<p><span style=\"font-size: 11px;\" data-mce-style=\"font-size: 11px;\">Neatvair\u0101ma skaistuma auskari ekskluz\u012bva stila, augstas kvalit\u0101tes. Auskari var tikt izgatavoti p\u0113c pas\u016bt\u012bjuma: no sarkan\u0101, dzelten\u0101 un balt\u0101 zelta.&#038;nbsp<\/span><\/p>\n<p>\u2022 Auskaru zelta prove: 14 kar\u0101ti (585 prove), 18 kar\u0101ti (750 prove)<\/p>\n<p>\u2022 Auskaru kr\u0101sa: baltais, dzeltenais, sarkanais zelts&nbsp; &nbsp; &#038;nbsp<\/p>\n<p>\u2022 Auskaru svars: aptuveni 1.30 &#8211; 1.50 g&nbsp; &#038;nbsp<\/p>\n<p>\u2022 Dimanta veids: Dab\u012bgais dimants&#038;nbsp<\/p>\n<p>\u2022 Dimanta forma: Apa\u013ca forma&nbsp; (Round cut)&#038;nbsp<\/p>\n<p>\u2022 Dimanta raksturojums: 0.10 ct, kr\u0101sa G-H (RW-W); dzidrums SI&#038;nbsp<\/p>\n<p>\u2022 Sertifik\u0101ts: Lietuvas Proves pal\u0101ta (LPR)&nbsp; &#038;nbsp<\/p>\n<p>\u2022 Auskaru izm\u0113ri:&#038;nbsp<\/p>\n<p>\u2022 Izgatavo\u0161anas un pieg\u0101des termi\u0146\u0161 no 14 darba dien\u0101m, steidzam\u012bbas k\u0101rt\u0101 3 darba dienu laik\u0101&#038;nbsp<\/p>\n<p><strong>Vai jums ir savs zelts? Sazinieties ar mums, m\u0113s p\u0101rr\u0113\u0137in\u0101sim cenu &#8211; maks\u0101siet tikai par auskaru izgatavo\u0161anu.<\/strong><\/p>\n","protected":false},"excerpt":{"rendered":"<p>Moderna dizaina zelta nagli\u0146u auskari ar dimantiem krusta form\u0101, kuru kop\u0113jais svars ir 0,10 kar\u0101ti. Piem\u0113roti ikdienai un \u012bpa\u0161iem gad\u012bjumiem, unik\u0101lam stilam.<\/p>\n","protected":false},"featured_media":260019,"template":"","meta":{"site-sidebar-layout":"","site-content-layout":"","ast-site-content-layout":"","site-content-style":"","site-sidebar-style":"","ast-global-header-display":"","ast-banner-title-visibility":"","ast-main-header-display":"","ast-hfb-above-header-display":"","ast-hfb-below-header-display":"","ast-hfb-mobile-header-display":"","site-post-title":"","ast-breadcrumbs-content":"","ast-featured-img":"","footer-sml-layout":"","ast-disable-related-posts":"","theme-transparent-header-meta":"","adv-header-id-meta":"","stick-header-meta":"","header-above-stick-meta":"","header-main-stick-meta":"","header-below-stick-meta":"","astra-migrate-meta-layouts":"default","ast-page-background-enabled":"default","ast-page-background-meta":{"desktop":{"background-color":"var(--ast-global-color-4)","background-image":"","background-repeat":"repeat","background-position":"center center","background-size":"auto","background-attachment":"scroll","background-type":"","background-media":"","overlay-type":"","overlay-color":"","overlay-opacity":"","overlay-gradient":""},"tablet":{"background-color":"","background-image":"","background-repeat":"repeat","background-position":"center center","background-size":"auto","background-attachment":"scroll","background-type":"","background-media":"","overlay-type":"","overlay-color":"","overlay-opacity":"","overlay-gradient":""},"mobile":{"background-color":"","background-image":"","background-repeat":"repeat","background-position":"center center","background-size":"auto","background-attachment":"scroll","background-type":"","background-media":"","overlay-type":"","overlay-color":"","overlay-opacity":"","overlay-gradient":""}},"ast-content-background-meta":{"desktop":{"background-color":"var(--ast-global-color-5)","background-image":"","background-repeat":"repeat","background-position":"center center","background-size":"auto","background-attachment":"scroll","background-type":"","background-media":"","overlay-type":"","overlay-color":"","overlay-opacity":"","overlay-gradient":""},"tablet":{"background-color":"var(--ast-global-color-5)","background-image":"","background-repeat":"repeat","background-position":"center center","background-size":"auto","background-attachment":"scroll","background-type":"","background-media":"","overlay-type":"","overlay-color":"","overlay-opacity":"","overlay-gradient":""},"mobile":{"background-color":"var(--ast-global-color-5)","background-image":"","background-repeat":"repeat","background-position":"center center","background-size":"auto","background-attachment":"scroll","background-type":"","background-media":"","overlay-type":"","overlay-color":"","overlay-opacity":"","overlay-gradient":""}}},"product_brand":[],"product_cat":[2978,3405,2981,2919,3406,2915,2913,2921,2920,3403,2916,2914,3042,3401,2922,2936,2918],"product_tag":[],"class_list":{"0":"post-273741","1":"product","2":"type-product","3":"status-publish","4":"has-post-thumbnail","6":"product_cat-auskari-ar-dimantiem","7":"product_cat-auskari-meitenem-bernu-auskari","8":"product_cat-auskari-naglinas","9":"product_cat-baltzelta-rotaslietas","10":"product_cat-davana-pirmaja-komunija","11":"product_cat-davanas-berna-piedzimsanai","12":"product_cat-davanas-dzimsanas-diena","13":"product_cat-davanas-ipasiem-gadijumiem","14":"product_cat-davanas-izlaidumam","15":"product_cat-davanas-kazam","16":"product_cat-davanas-kazu-gadadiena","17":"product_cat-davanas-sievietem","18":"product_cat-juvelierizstradajumi","19":"product_cat-kristibu-davanas","20":"product_cat-mates-dienas-davanas","21":"product_cat-valentindienas-davanas","22":"product_cat-ziemassvetku-davanas","23":"desktop-align-center","24":"tablet-align-left","25":"mobile-align-left","26":"ast-product-gallery-layout-horizontal-slider","27":"ast-product-gallery-with-no-image","28":"ast-product-tabs-layout-accordion","29":"ast-qv-on-image","31":"first","32":"instock","33":"taxable","34":"shipping-taxable","35":"purchasable","36":"product-type-simple"},"yoast_head":"<!-- This site is optimized with the Yoast SEO plugin v26.6 - https:\/\/yoast.com\/wordpress\/plugins\/seo\/ -->\n<title>Nagli\u0146auskari ar dimantiem - Krusti\u0146\u0161 (0.10 ct)<\/title>\n<meta name=\"description\" content=\"M\u016bsdien\u012bga dizaina nagli\u0146auskari ar dimantiem krusta form\u0101, kuru kop\u0113jais svars ir 0,10 kar\u0101ti. Piem\u0113roti ikdienai un \u012bpa\u0161iem gad\u012bjumiem, unik\u0101lam stilam.\" \/>\n<meta name=\"robots\" content=\"index, follow, max-snippet:-1, max-image-preview:large, max-video-preview:-1\" \/>\n<link rel=\"canonical\" href=\"https:\/\/fashiongold.lt\/lv\/papuosalas\/naglinu-auskari-ar-dimantiem-krustins-0-10-ct\/\" \/>\n<meta property=\"og:locale\" content=\"lv_LV\" \/>\n<meta property=\"og:type\" content=\"article\" \/>\n<meta property=\"og:title\" content=\"Nagli\u0146auskari ar dimantiem - Krusti\u0146\u0161 (0.10 ct)\" \/>\n<meta property=\"og:description\" content=\"M\u016bsdien\u012bga dizaina nagli\u0146auskari ar dimantiem krusta form\u0101, kuru kop\u0113jais svars ir 0,10 kar\u0101ti. Piem\u0113roti ikdienai un \u012bpa\u0161iem gad\u012bjumiem, unik\u0101lam stilam.\" \/>\n<meta property=\"og:url\" content=\"https:\/\/fashiongold.lt\/lv\/papuosalas\/naglinu-auskari-ar-dimantiem-krustins-0-10-ct\/\" \/>\n<meta property=\"og:site_name\" content=\"FashionGold.lt\" \/>\n<meta property=\"article:modified_time\" content=\"2026-02-11T20:39:32+00:00\" \/>\n<meta property=\"og:image\" content=\"https:\/\/fashiongold.lt\/wp-content\/uploads\/2025\/10\/25736-e98-Auskarai-vinukai-su-deimantais-Kryziukas-0.10-ct-1.webp\" \/>\n\t<meta property=\"og:image:width\" content=\"1000\" \/>\n\t<meta property=\"og:image:height\" content=\"1000\" \/>\n\t<meta property=\"og:image:type\" content=\"image\/png\" \/>\n<meta name=\"twitter:card\" content=\"summary_large_image\" \/>\n<meta name=\"twitter:label1\" content=\"Est. reading time\" \/>\n\t<meta name=\"twitter:data1\" content=\"1 minute\" \/>\n<script type=\"application\/ld+json\" class=\"yoast-schema-graph\">{\"@context\":\"https:\/\/schema.org\",\"@graph\":[{\"@type\":\"WebPage\",\"@id\":\"https:\/\/fashiongold.lt\/lv\/papuosalas\/naglinu-auskari-ar-dimantiem-krustins-0-10-ct\/\",\"url\":\"https:\/\/fashiongold.lt\/lv\/papuosalas\/naglinu-auskari-ar-dimantiem-krustins-0-10-ct\/\",\"name\":\"Nagli\u0146auskari ar dimantiem - Krusti\u0146\u0161 (0.10 ct)\",\"isPartOf\":{\"@id\":\"https:\/\/fashiongold.lt\/lv\/#website\"},\"primaryImageOfPage\":{\"@id\":\"https:\/\/fashiongold.lt\/lv\/papuosalas\/naglinu-auskari-ar-dimantiem-krustins-0-10-ct\/#primaryimage\"},\"image\":{\"@id\":\"https:\/\/fashiongold.lt\/lv\/papuosalas\/naglinu-auskari-ar-dimantiem-krustins-0-10-ct\/#primaryimage\"},\"thumbnailUrl\":\"https:\/\/fashiongold.lt\/wp-content\/uploads\/2025\/10\/25736-e98-Auskarai-vinukai-su-deimantais-Kryziukas-0.10-ct-1.png\",\"datePublished\":\"2025-10-24T07:45:31+00:00\",\"dateModified\":\"2026-02-11T20:39:32+00:00\",\"description\":\"M\u016bsdien\u012bga dizaina nagli\u0146auskari ar dimantiem krusta form\u0101, kuru kop\u0113jais svars ir 0,10 kar\u0101ti. Piem\u0113roti ikdienai un \u012bpa\u0161iem gad\u012bjumiem, unik\u0101lam stilam.\",\"breadcrumb\":{\"@id\":\"https:\/\/fashiongold.lt\/lv\/papuosalas\/naglinu-auskari-ar-dimantiem-krustins-0-10-ct\/#breadcrumb\"},\"inLanguage\":\"lv-LV\",\"potentialAction\":[{\"@type\":\"ReadAction\",\"target\":[\"https:\/\/fashiongold.lt\/lv\/papuosalas\/naglinu-auskari-ar-dimantiem-krustins-0-10-ct\/\"]}]},{\"@type\":\"ImageObject\",\"inLanguage\":\"lv-LV\",\"@id\":\"https:\/\/fashiongold.lt\/lv\/papuosalas\/naglinu-auskari-ar-dimantiem-krustins-0-10-ct\/#primaryimage\",\"url\":\"https:\/\/fashiongold.lt\/wp-content\/uploads\/2025\/10\/25736-e98-Auskarai-vinukai-su-deimantais-Kryziukas-0.10-ct-1.png\",\"contentUrl\":\"https:\/\/fashiongold.lt\/wp-content\/uploads\/2025\/10\/25736-e98-Auskarai-vinukai-su-deimantais-Kryziukas-0.10-ct-1.png\",\"width\":1000,\"height\":1000},{\"@type\":\"BreadcrumbList\",\"@id\":\"https:\/\/fashiongold.lt\/lv\/papuosalas\/naglinu-auskari-ar-dimantiem-krustins-0-10-ct\/#breadcrumb\",\"itemListElement\":[{\"@type\":\"ListItem\",\"position\":1,\"name\":\"Home\",\"item\":\"https:\/\/fashiongold.lt\/lv\/\"},{\"@type\":\"ListItem\",\"position\":2,\"name\":\"Dimantu veikals Fashiongold.lt\",\"item\":\"https:\/\/fashiongold.lt\/shop-2\/\"},{\"@type\":\"ListItem\",\"position\":3,\"name\":\"Nagli\u0146u auskari ar dimantiem &#8211; Krusti\u0146\u0161 (0.10 ct)\"}]},{\"@type\":\"WebSite\",\"@id\":\"https:\/\/fashiongold.lt\/lv\/#website\",\"url\":\"https:\/\/fashiongold.lt\/lv\/\",\"name\":\"Fashion Gold\",\"description\":\"Juvelyrikos namai\",\"publisher\":{\"@id\":\"https:\/\/fashiongold.lt\/lv\/#organization\"},\"potentialAction\":[{\"@type\":\"SearchAction\",\"target\":{\"@type\":\"EntryPoint\",\"urlTemplate\":\"https:\/\/fashiongold.lt\/lv\/?s={search_term_string}\"},\"query-input\":{\"@type\":\"PropertyValueSpecification\",\"valueRequired\":true,\"valueName\":\"search_term_string\"}}],\"inLanguage\":\"lv-LV\"},{\"@type\":\"Organization\",\"@id\":\"https:\/\/fashiongold.lt\/lv\/#organization\",\"name\":\"Topdiamonds Online\",\"url\":\"https:\/\/fashiongold.lt\/lv\/\",\"logo\":{\"@type\":\"ImageObject\",\"inLanguage\":\"lv-LV\",\"@id\":\"https:\/\/fashiongold.lt\/lv\/#\/schema\/logo\/image\/\",\"url\":\"https:\/\/fashiongold.lt\/wp-content\/uploads\/2025\/04\/cropped-fashion_gold_logotipas2-scaled-1.png\",\"contentUrl\":\"https:\/\/fashiongold.lt\/wp-content\/uploads\/2025\/04\/cropped-fashion_gold_logotipas2-scaled-1.png\",\"width\":2559,\"height\":421,\"caption\":\"Topdiamonds Online\"},\"image\":{\"@id\":\"https:\/\/fashiongold.lt\/lv\/#\/schema\/logo\/image\/\"}}]}<\/script>\n<!-- \/ Yoast SEO plugin. -->","yoast_head_json":{"title":"Nagli\u0146auskari ar dimantiem - Krusti\u0146\u0161 (0.10 ct)","description":"M\u016bsdien\u012bga dizaina nagli\u0146auskari ar dimantiem krusta form\u0101, kuru kop\u0113jais svars ir 0,10 kar\u0101ti. Piem\u0113roti ikdienai un \u012bpa\u0161iem gad\u012bjumiem, unik\u0101lam stilam.","robots":{"index":"index","follow":"follow","max-snippet":"max-snippet:-1","max-image-preview":"max-image-preview:large","max-video-preview":"max-video-preview:-1"},"canonical":"https:\/\/fashiongold.lt\/lv\/papuosalas\/naglinu-auskari-ar-dimantiem-krustins-0-10-ct\/","og_locale":"lv_LV","og_type":"article","og_title":"Nagli\u0146auskari ar dimantiem - Krusti\u0146\u0161 (0.10 ct)","og_description":"M\u016bsdien\u012bga dizaina nagli\u0146auskari ar dimantiem krusta form\u0101, kuru kop\u0113jais svars ir 0,10 kar\u0101ti. Piem\u0113roti ikdienai un \u012bpa\u0161iem gad\u012bjumiem, unik\u0101lam stilam.","og_url":"https:\/\/fashiongold.lt\/lv\/papuosalas\/naglinu-auskari-ar-dimantiem-krustins-0-10-ct\/","og_site_name":"FashionGold.lt","article_modified_time":"2026-02-11T20:39:32+00:00","og_image":[{"width":1000,"height":1000,"url":"https:\/\/fashiongold.lt\/wp-content\/uploads\/2025\/10\/25736-e98-Auskarai-vinukai-su-deimantais-Kryziukas-0.10-ct-1.webp","type":"image\/png"}],"twitter_card":"summary_large_image","twitter_misc":{"Est. reading time":"1 minute"},"schema":{"@context":"https:\/\/schema.org","@graph":[{"@type":"WebPage","@id":"https:\/\/fashiongold.lt\/lv\/papuosalas\/naglinu-auskari-ar-dimantiem-krustins-0-10-ct\/","url":"https:\/\/fashiongold.lt\/lv\/papuosalas\/naglinu-auskari-ar-dimantiem-krustins-0-10-ct\/","name":"Nagli\u0146auskari ar dimantiem - Krusti\u0146\u0161 (0.10 ct)","isPartOf":{"@id":"https:\/\/fashiongold.lt\/lv\/#website"},"primaryImageOfPage":{"@id":"https:\/\/fashiongold.lt\/lv\/papuosalas\/naglinu-auskari-ar-dimantiem-krustins-0-10-ct\/#primaryimage"},"image":{"@id":"https:\/\/fashiongold.lt\/lv\/papuosalas\/naglinu-auskari-ar-dimantiem-krustins-0-10-ct\/#primaryimage"},"thumbnailUrl":"https:\/\/fashiongold.lt\/wp-content\/uploads\/2025\/10\/25736-e98-Auskarai-vinukai-su-deimantais-Kryziukas-0.10-ct-1.png","datePublished":"2025-10-24T07:45:31+00:00","dateModified":"2026-02-11T20:39:32+00:00","description":"M\u016bsdien\u012bga dizaina nagli\u0146auskari ar dimantiem krusta form\u0101, kuru kop\u0113jais svars ir 0,10 kar\u0101ti. Piem\u0113roti ikdienai un \u012bpa\u0161iem gad\u012bjumiem, unik\u0101lam stilam.","breadcrumb":{"@id":"https:\/\/fashiongold.lt\/lv\/papuosalas\/naglinu-auskari-ar-dimantiem-krustins-0-10-ct\/#breadcrumb"},"inLanguage":"lv-LV","potentialAction":[{"@type":"ReadAction","target":["https:\/\/fashiongold.lt\/lv\/papuosalas\/naglinu-auskari-ar-dimantiem-krustins-0-10-ct\/"]}]},{"@type":"ImageObject","inLanguage":"lv-LV","@id":"https:\/\/fashiongold.lt\/lv\/papuosalas\/naglinu-auskari-ar-dimantiem-krustins-0-10-ct\/#primaryimage","url":"https:\/\/fashiongold.lt\/wp-content\/uploads\/2025\/10\/25736-e98-Auskarai-vinukai-su-deimantais-Kryziukas-0.10-ct-1.png","contentUrl":"https:\/\/fashiongold.lt\/wp-content\/uploads\/2025\/10\/25736-e98-Auskarai-vinukai-su-deimantais-Kryziukas-0.10-ct-1.png","width":1000,"height":1000},{"@type":"BreadcrumbList","@id":"https:\/\/fashiongold.lt\/lv\/papuosalas\/naglinu-auskari-ar-dimantiem-krustins-0-10-ct\/#breadcrumb","itemListElement":[{"@type":"ListItem","position":1,"name":"Home","item":"https:\/\/fashiongold.lt\/lv\/"},{"@type":"ListItem","position":2,"name":"Dimantu veikals Fashiongold.lt","item":"https:\/\/fashiongold.lt\/shop-2\/"},{"@type":"ListItem","position":3,"name":"Nagli\u0146u auskari ar dimantiem &#8211; Krusti\u0146\u0161 (0.10 ct)"}]},{"@type":"WebSite","@id":"https:\/\/fashiongold.lt\/lv\/#website","url":"https:\/\/fashiongold.lt\/lv\/","name":"Fashion Gold","description":"Juvelyrikos namai","publisher":{"@id":"https:\/\/fashiongold.lt\/lv\/#organization"},"potentialAction":[{"@type":"SearchAction","target":{"@type":"EntryPoint","urlTemplate":"https:\/\/fashiongold.lt\/lv\/?s={search_term_string}"},"query-input":{"@type":"PropertyValueSpecification","valueRequired":true,"valueName":"search_term_string"}}],"inLanguage":"lv-LV"},{"@type":"Organization","@id":"https:\/\/fashiongold.lt\/lv\/#organization","name":"Topdiamonds Online","url":"https:\/\/fashiongold.lt\/lv\/","logo":{"@type":"ImageObject","inLanguage":"lv-LV","@id":"https:\/\/fashiongold.lt\/lv\/#\/schema\/logo\/image\/","url":"https:\/\/fashiongold.lt\/wp-content\/uploads\/2025\/04\/cropped-fashion_gold_logotipas2-scaled-1.png","contentUrl":"https:\/\/fashiongold.lt\/wp-content\/uploads\/2025\/04\/cropped-fashion_gold_logotipas2-scaled-1.png","width":2559,"height":421,"caption":"Topdiamonds Online"},"image":{"@id":"https:\/\/fashiongold.lt\/lv\/#\/schema\/logo\/image\/"}}]}},"_links":{"self":[{"href":"https:\/\/fashiongold.lt\/lv\/wp-json\/wp\/v2\/product\/273741","targetHints":{"allow":["GET"]}}],"collection":[{"href":"https:\/\/fashiongold.lt\/lv\/wp-json\/wp\/v2\/product"}],"about":[{"href":"https:\/\/fashiongold.lt\/lv\/wp-json\/wp\/v2\/types\/product"}],"version-history":[{"count":0,"href":"https:\/\/fashiongold.lt\/lv\/wp-json\/wp\/v2\/product\/273741\/revisions"}],"wp:featuredmedia":[{"embeddable":true,"href":"https:\/\/fashiongold.lt\/lv\/wp-json\/wp\/v2\/media\/260019"}],"wp:attachment":[{"href":"https:\/\/fashiongold.lt\/lv\/wp-json\/wp\/v2\/media?parent=273741"}],"wp:term":[{"taxonomy":"product_brand","embeddable":true,"href":"https:\/\/fashiongold.lt\/lv\/wp-json\/wp\/v2\/product_brand?post=273741"},{"taxonomy":"product_cat","embeddable":true,"href":"https:\/\/fashiongold.lt\/lv\/wp-json\/wp\/v2\/product_cat?post=273741"},{"taxonomy":"product_tag","embeddable":true,"href":"https:\/\/fashiongold.lt\/lv\/wp-json\/wp\/v2\/product_tag?post=273741"}],"curies":[{"name":"wp","href":"https:\/\/api.w.org\/{rel}","templated":true}]}}