{"id":273754,"date":"2025-10-24T05:14:30","date_gmt":"2025-10-24T05:14:30","guid":{"rendered":"https:\/\/fashiongold.lt\/papuosalas\/klasisks-saderinasanas-gredzens-ar-rubinu-un-dimantiem-dabisks-rubins-0-17-ct\/"},"modified":"2025-10-24T05:14:30","modified_gmt":"2025-10-24T05:14:30","slug":"klasisks-saderinasanas-gredzens-ar-rubinu-un-dimantiem-dabisks-rubins-0-17-ct","status":"publish","type":"product","link":"https:\/\/fashiongold.lt\/lv\/papuosalas\/klasisks-saderinasanas-gredzens-ar-rubinu-un-dimantiem-dabisks-rubins-0-17-ct\/","title":{"rendered":"Klasisks saderin\u0101\u0161an\u0101s gredzens ar rub\u012bnu un dimantiem &#8211; Dabisks rub\u012bns (0.17 ct)"},"content":{"rendered":"<h2>Saderin\u0101\u0161an\u0101s gredzens ar rub\u012bnu un dimantiem &#8211; Dabas Rub\u012bns (0.17 ct)<\/h2>\n<h3>Klasiska dizaina saderin\u0101\u0161an\u0101s gredzens ar apa\u013cas formas rub\u012bnu 0,15 kar\u0101ti un dab\u012bgiem dimantiem 0,02 kar\u0101ti. Bezmaksas grav\u0113\u0161ana.<\/h3>\n<p>Izgatavots Lietuv\u0101 no augstas kvalit\u0101tes d\u0101rgakme\u0146iem. Lieliska izv\u0113le stil\u012bgai sievietei. Rub\u012bna br\u012bnumainais sp\u0113ks \u2013 tas darbojas k\u0101 amulets vai talismans, sniedz \u012bpa\u0161niekam vesel\u012bbu, prieku, labkl\u0101j\u012bbu, laimi un veiksmi. Lielisks \u0123imenes aizsardz\u012bbas un m\u012blest\u012bbas talismans. Rub\u012bns ir piem\u0113rots Auniem, Dv\u012b\u0146iem, Lauv\u0101m, V\u0113r\u0161iem, V\u0113\u017eiem, Skorpioniem, Str\u0113lniekiem, Me\u017e\u0101\u017eiem, \u016adensv\u012briem un Ziv\u012bm.<\/p>\n<p>\u2022 Gredzena met\u0101ls: 14K (585. prove), varam izgatavot no 10K (375. prove), 18K (750. prove), 950 plat\u012bna<\/p>\n<p>\u2022 Gredzena kr\u0101sa: var izv\u0113l\u0113ties balto, dzelteno, sarkano zeltu<\/p>\n<p>\u2022 Gredzena svars (atkar\u012bgs no izm\u0113ra un proves): aptuveni 2,00 &#8211; 2,40 g<\/p>\n<p>\u2022 Gredzena izm\u0113ri: kro\u0146a platums &#8211; aptuveni 3,35 mm, st\u012bpi\u0146as platums &#8211; aptuveni 1,75 mm (izm\u0113ri ir aptuveni un var at\u0161\u0137irties atkar\u012bb\u0101 no gredzena izm\u0113ra)<\/p>\n<p>\u2022 Gredzena komforta zona: ir<\/p>\n<p>\u2022 D\u0101rgakmens veids: rub\u012bns<\/p>\n<p>\u2022 D\u0101rgakmens forma: apa\u013cas formas rub\u012bns (Round shape)<\/p>\n<p>\u2022 D\u0101rgakmens raksturojums: 0.15 ct (iesp\u0113jams main\u012bt)<\/p>\n<p>\u2022 Dimanta veids: Dab\u012bgi dimanti<\/p>\n<p>\u2022 Dimanta forma: apa\u013ca forma (Round shape)<\/p>\n<p>\u2022 Dimanta raksturojums: 0,02 ct, kr\u0101sa G-H (RW-W); dzidrums SI<\/p>\n<p>\u2022 Sertifik\u0101ts: Lietuvas Proves birojs (LPR)<\/p>\n<p>\u2022 Bezmaksas grav\u0113\u0161ana<\/p>\n<p>\u2022 Vienreiz\u0113ja bezmaksas gredzena izm\u0113ra mai\u0146as garantija (p\u0113c iesp\u0113jas)<\/p>\n<p>\u2022 Izgatavo\u0161anas un pieg\u0101des termi\u0146\u0161 no 14 darba dien\u0101m, steidzam\u012bbas k\u0101rt\u0101 3 d.d. laik\u0101<\/p>\n<p><strong>Vai jums ir savs zelts vai d\u0101rgakme\u0146i? Sazinieties ar mums, m\u0113s p\u0101rr\u0113\u0137in\u0101sim cenu \u2013 maks\u0101siet tikai par gredzena izgatavo\u0161anu.<\/strong><\/p>\n","protected":false},"excerpt":{"rendered":"<p>Dabas mot\u012bvu ieskauts, \u0161is saderin\u0101\u0161an\u0101s gredzens ar apa\u013cas formas rub\u012bnu un unik\u0101la dizaina tauri\u0146a formas zelta deta\u013c\u0101m ar dimantiem ab\u0101s pus\u0113s ir \u012bsts stila un elegances simbols. Lieliski piem\u0113rots ikdienas valk\u0101\u0161anai, saderin\u0101\u0161an\u0101s br\u012bdim un \u012bpa\u0161iem gad\u012bjumiem.<\/p>\n","protected":false},"featured_media":226098,"template":"","meta":{"site-sidebar-layout":"","site-content-layout":"","ast-site-content-layout":"","site-content-style":"","site-sidebar-style":"","ast-global-header-display":"","ast-banner-title-visibility":"","ast-main-header-display":"","ast-hfb-above-header-display":"","ast-hfb-below-header-display":"","ast-hfb-mobile-header-display":"","site-post-title":"","ast-breadcrumbs-content":"","ast-featured-img":"","footer-sml-layout":"","ast-disable-related-posts":"","theme-transparent-header-meta":"","adv-header-id-meta":"","stick-header-meta":"","header-above-stick-meta":"","header-main-stick-meta":"","header-below-stick-meta":"","astra-migrate-meta-layouts":"default","ast-page-background-enabled":"default","ast-page-background-meta":{"desktop":{"background-color":"var(--ast-global-color-4)","background-image":"","background-repeat":"repeat","background-position":"center center","background-size":"auto","background-attachment":"scroll","background-type":"","background-media":"","overlay-type":"","overlay-color":"","overlay-opacity":"","overlay-gradient":""},"tablet":{"background-color":"","background-image":"","background-repeat":"repeat","background-position":"center center","background-size":"auto","background-attachment":"scroll","background-type":"","background-media":"","overlay-type":"","overlay-color":"","overlay-opacity":"","overlay-gradient":""},"mobile":{"background-color":"","background-image":"","background-repeat":"repeat","background-position":"center center","background-size":"auto","background-attachment":"scroll","background-type":"","background-media":"","overlay-type":"","overlay-color":"","overlay-opacity":"","overlay-gradient":""}},"ast-content-background-meta":{"desktop":{"background-color":"var(--ast-global-color-5)","background-image":"","background-repeat":"repeat","background-position":"center center","background-size":"auto","background-attachment":"scroll","background-type":"","background-media":"","overlay-type":"","overlay-color":"","overlay-opacity":"","overlay-gradient":""},"tablet":{"background-color":"var(--ast-global-color-5)","background-image":"","background-repeat":"repeat","background-position":"center center","background-size":"auto","background-attachment":"scroll","background-type":"","background-media":"","overlay-type":"","overlay-color":"","overlay-opacity":"","overlay-gradient":""},"mobile":{"background-color":"var(--ast-global-color-5)","background-image":"","background-repeat":"repeat","background-position":"center center","background-size":"auto","background-attachment":"scroll","background-type":"","background-media":"","overlay-type":"","overlay-color":"","overlay-opacity":"","overlay-gradient":""}}},"product_brand":[],"product_cat":[3441,2915,2921,3403,2916,3442,3060,3562,3439,3440,3563,3443,3564,2936],"product_tag":[],"class_list":{"0":"post-273754","1":"product","2":"type-product","3":"status-publish","4":"has-post-thumbnail","6":"product_cat-balta-zelta-saderinasanas-gredzeni","7":"product_cat-davanas-berna-piedzimsanai","8":"product_cat-davanas-ipasiem-gadijumiem","9":"product_cat-davanas-kazam","10":"product_cat-davanas-kazu-gadadiena","11":"product_cat-dzeltena-zelta-saderinasanas-gredzeni","12":"product_cat-juvelierizstradajumi-ar-sarkaniem-dargakmeniem","13":"product_cat-rubins-rotaslietas-ar-rubiniem","14":"product_cat-saderinasanas-gredzeni","15":"product_cat-saderinasanas-gredzeni-ar-dargakmeniem","16":"product_cat-saderinasanas-gredzens-ar-rubinu","17":"product_cat-sarkana-zelta-saderinasanas-gredzeni","18":"product_cat-sarkans-dargakmens","19":"product_cat-valentindienas-davanas","20":"desktop-align-center","21":"tablet-align-left","22":"mobile-align-left","23":"ast-product-gallery-layout-horizontal-slider","24":"ast-product-gallery-with-no-image","25":"ast-product-single-variable","26":"ast-product-tabs-layout-accordion","27":"ast-qv-on-image","29":"first","30":"instock","31":"taxable","32":"shipping-taxable","33":"purchasable","34":"product-type-variable"},"yoast_head":"<!-- This site is optimized with the Yoast SEO plugin v26.6 - https:\/\/yoast.com\/wordpress\/plugins\/seo\/ -->\n<title>Saderin\u0101\u0161an\u0101s gredzens ar rub\u012bnu un dimantiem - Dabas rub\u012bns (0.17 ct)<\/title>\n<meta name=\"description\" content=\"Saderin\u0101\u0161an\u0101s gredzens ar apa\u013cas formas rub\u012bnu un unik\u0101la dizaina tauri\u0146a formas zelta deta\u013c\u0101m ar dimantiem. Lieliski piem\u0113rots saderin\u0101\u0161an\u0101s gad\u012bjumam un ikdienai.\" \/>\n<meta name=\"robots\" content=\"index, follow, max-snippet:-1, max-image-preview:large, max-video-preview:-1\" \/>\n<link rel=\"canonical\" href=\"https:\/\/fashiongold.lt\/lv\/papuosalas\/klasisks-saderinasanas-gredzens-ar-rubinu-un-dimantiem-dabisks-rubins-0-17-ct\/\" \/>\n<meta property=\"og:locale\" content=\"lv_LV\" \/>\n<meta property=\"og:type\" content=\"article\" \/>\n<meta property=\"og:title\" content=\"Saderin\u0101\u0161an\u0101s gredzens ar rub\u012bnu un dimantiem - Dabas rub\u012bns (0.17 ct)\" \/>\n<meta property=\"og:description\" content=\"Saderin\u0101\u0161an\u0101s gredzens ar apa\u013cas formas rub\u012bnu un unik\u0101la dizaina tauri\u0146a formas zelta deta\u013c\u0101m ar dimantiem. Lieliski piem\u0113rots saderin\u0101\u0161an\u0101s gad\u012bjumam un ikdienai.\" \/>\n<meta property=\"og:url\" content=\"https:\/\/fashiongold.lt\/lv\/papuosalas\/klasisks-saderinasanas-gredzens-ar-rubinu-un-dimantiem-dabisks-rubins-0-17-ct\/\" \/>\n<meta property=\"og:site_name\" content=\"FashionGold.lt\" \/>\n<meta property=\"og:image\" content=\"https:\/\/fashiongold.lt\/wp-content\/uploads\/2025\/10\/24490-7e2-Raudono-aukso-klasikinis-suzadetuviu-ziedas-su-rubinu-ir-deimantais-Gamtos-Rubinas-0.17-ct.webp\" \/>\n\t<meta property=\"og:image:width\" content=\"1000\" \/>\n\t<meta property=\"og:image:height\" content=\"1000\" \/>\n\t<meta property=\"og:image:type\" content=\"image\/png\" \/>\n<meta name=\"twitter:card\" content=\"summary_large_image\" \/>\n<meta name=\"twitter:label1\" content=\"Est. reading time\" \/>\n\t<meta name=\"twitter:data1\" content=\"1 minute\" \/>\n<script type=\"application\/ld+json\" class=\"yoast-schema-graph\">{\"@context\":\"https:\/\/schema.org\",\"@graph\":[{\"@type\":\"WebPage\",\"@id\":\"https:\/\/fashiongold.lt\/lv\/papuosalas\/klasisks-saderinasanas-gredzens-ar-rubinu-un-dimantiem-dabisks-rubins-0-17-ct\/\",\"url\":\"https:\/\/fashiongold.lt\/lv\/papuosalas\/klasisks-saderinasanas-gredzens-ar-rubinu-un-dimantiem-dabisks-rubins-0-17-ct\/\",\"name\":\"Saderin\u0101\u0161an\u0101s gredzens ar rub\u012bnu un dimantiem - Dabas rub\u012bns (0.17 ct)\",\"isPartOf\":{\"@id\":\"https:\/\/fashiongold.lt\/lv\/#website\"},\"primaryImageOfPage\":{\"@id\":\"https:\/\/fashiongold.lt\/lv\/papuosalas\/klasisks-saderinasanas-gredzens-ar-rubinu-un-dimantiem-dabisks-rubins-0-17-ct\/#primaryimage\"},\"image\":{\"@id\":\"https:\/\/fashiongold.lt\/lv\/papuosalas\/klasisks-saderinasanas-gredzens-ar-rubinu-un-dimantiem-dabisks-rubins-0-17-ct\/#primaryimage\"},\"thumbnailUrl\":\"https:\/\/fashiongold.lt\/wp-content\/uploads\/2025\/10\/24490-7e2-Raudono-aukso-klasikinis-suzadetuviu-ziedas-su-rubinu-ir-deimantais-Gamtos-Rubinas-0.17-ct.png\",\"datePublished\":\"2025-10-24T05:14:30+00:00\",\"description\":\"Saderin\u0101\u0161an\u0101s gredzens ar apa\u013cas formas rub\u012bnu un unik\u0101la dizaina tauri\u0146a formas zelta deta\u013c\u0101m ar dimantiem. Lieliski piem\u0113rots saderin\u0101\u0161an\u0101s gad\u012bjumam un ikdienai.\",\"breadcrumb\":{\"@id\":\"https:\/\/fashiongold.lt\/lv\/papuosalas\/klasisks-saderinasanas-gredzens-ar-rubinu-un-dimantiem-dabisks-rubins-0-17-ct\/#breadcrumb\"},\"inLanguage\":\"lv-LV\",\"potentialAction\":[{\"@type\":\"ReadAction\",\"target\":[\"https:\/\/fashiongold.lt\/lv\/papuosalas\/klasisks-saderinasanas-gredzens-ar-rubinu-un-dimantiem-dabisks-rubins-0-17-ct\/\"]}]},{\"@type\":\"ImageObject\",\"inLanguage\":\"lv-LV\",\"@id\":\"https:\/\/fashiongold.lt\/lv\/papuosalas\/klasisks-saderinasanas-gredzens-ar-rubinu-un-dimantiem-dabisks-rubins-0-17-ct\/#primaryimage\",\"url\":\"https:\/\/fashiongold.lt\/wp-content\/uploads\/2025\/10\/24490-7e2-Raudono-aukso-klasikinis-suzadetuviu-ziedas-su-rubinu-ir-deimantais-Gamtos-Rubinas-0.17-ct.png\",\"contentUrl\":\"https:\/\/fashiongold.lt\/wp-content\/uploads\/2025\/10\/24490-7e2-Raudono-aukso-klasikinis-suzadetuviu-ziedas-su-rubinu-ir-deimantais-Gamtos-Rubinas-0.17-ct.png\",\"width\":1000,\"height\":1000},{\"@type\":\"BreadcrumbList\",\"@id\":\"https:\/\/fashiongold.lt\/lv\/papuosalas\/klasisks-saderinasanas-gredzens-ar-rubinu-un-dimantiem-dabisks-rubins-0-17-ct\/#breadcrumb\",\"itemListElement\":[{\"@type\":\"ListItem\",\"position\":1,\"name\":\"Home\",\"item\":\"https:\/\/fashiongold.lt\/lv\/\"},{\"@type\":\"ListItem\",\"position\":2,\"name\":\"Dimantu veikals Fashiongold.lt\",\"item\":\"https:\/\/fashiongold.lt\/shop-2\/\"},{\"@type\":\"ListItem\",\"position\":3,\"name\":\"Klasisks saderin\u0101\u0161an\u0101s gredzens ar rub\u012bnu un dimantiem &#8211; Dabisks rub\u012bns (0.17 ct)\"}]},{\"@type\":\"WebSite\",\"@id\":\"https:\/\/fashiongold.lt\/lv\/#website\",\"url\":\"https:\/\/fashiongold.lt\/lv\/\",\"name\":\"Fashion Gold\",\"description\":\"Juvelyrikos namai\",\"publisher\":{\"@id\":\"https:\/\/fashiongold.lt\/lv\/#organization\"},\"potentialAction\":[{\"@type\":\"SearchAction\",\"target\":{\"@type\":\"EntryPoint\",\"urlTemplate\":\"https:\/\/fashiongold.lt\/lv\/?s={search_term_string}\"},\"query-input\":{\"@type\":\"PropertyValueSpecification\",\"valueRequired\":true,\"valueName\":\"search_term_string\"}}],\"inLanguage\":\"lv-LV\"},{\"@type\":\"Organization\",\"@id\":\"https:\/\/fashiongold.lt\/lv\/#organization\",\"name\":\"Topdiamonds Online\",\"url\":\"https:\/\/fashiongold.lt\/lv\/\",\"logo\":{\"@type\":\"ImageObject\",\"inLanguage\":\"lv-LV\",\"@id\":\"https:\/\/fashiongold.lt\/lv\/#\/schema\/logo\/image\/\",\"url\":\"https:\/\/fashiongold.lt\/wp-content\/uploads\/2025\/04\/cropped-fashion_gold_logotipas2-scaled-1.png\",\"contentUrl\":\"https:\/\/fashiongold.lt\/wp-content\/uploads\/2025\/04\/cropped-fashion_gold_logotipas2-scaled-1.png\",\"width\":2559,\"height\":421,\"caption\":\"Topdiamonds Online\"},\"image\":{\"@id\":\"https:\/\/fashiongold.lt\/lv\/#\/schema\/logo\/image\/\"}}]}<\/script>\n<!-- \/ Yoast SEO plugin. -->","yoast_head_json":{"title":"Saderin\u0101\u0161an\u0101s gredzens ar rub\u012bnu un dimantiem - Dabas rub\u012bns (0.17 ct)","description":"Saderin\u0101\u0161an\u0101s gredzens ar apa\u013cas formas rub\u012bnu un unik\u0101la dizaina tauri\u0146a formas zelta deta\u013c\u0101m ar dimantiem. Lieliski piem\u0113rots saderin\u0101\u0161an\u0101s gad\u012bjumam un ikdienai.","robots":{"index":"index","follow":"follow","max-snippet":"max-snippet:-1","max-image-preview":"max-image-preview:large","max-video-preview":"max-video-preview:-1"},"canonical":"https:\/\/fashiongold.lt\/lv\/papuosalas\/klasisks-saderinasanas-gredzens-ar-rubinu-un-dimantiem-dabisks-rubins-0-17-ct\/","og_locale":"lv_LV","og_type":"article","og_title":"Saderin\u0101\u0161an\u0101s gredzens ar rub\u012bnu un dimantiem - Dabas rub\u012bns (0.17 ct)","og_description":"Saderin\u0101\u0161an\u0101s gredzens ar apa\u013cas formas rub\u012bnu un unik\u0101la dizaina tauri\u0146a formas zelta deta\u013c\u0101m ar dimantiem. Lieliski piem\u0113rots saderin\u0101\u0161an\u0101s gad\u012bjumam un ikdienai.","og_url":"https:\/\/fashiongold.lt\/lv\/papuosalas\/klasisks-saderinasanas-gredzens-ar-rubinu-un-dimantiem-dabisks-rubins-0-17-ct\/","og_site_name":"FashionGold.lt","og_image":[{"width":1000,"height":1000,"url":"https:\/\/fashiongold.lt\/wp-content\/uploads\/2025\/10\/24490-7e2-Raudono-aukso-klasikinis-suzadetuviu-ziedas-su-rubinu-ir-deimantais-Gamtos-Rubinas-0.17-ct.webp","type":"image\/png"}],"twitter_card":"summary_large_image","twitter_misc":{"Est. reading time":"1 minute"},"schema":{"@context":"https:\/\/schema.org","@graph":[{"@type":"WebPage","@id":"https:\/\/fashiongold.lt\/lv\/papuosalas\/klasisks-saderinasanas-gredzens-ar-rubinu-un-dimantiem-dabisks-rubins-0-17-ct\/","url":"https:\/\/fashiongold.lt\/lv\/papuosalas\/klasisks-saderinasanas-gredzens-ar-rubinu-un-dimantiem-dabisks-rubins-0-17-ct\/","name":"Saderin\u0101\u0161an\u0101s gredzens ar rub\u012bnu un dimantiem - Dabas rub\u012bns (0.17 ct)","isPartOf":{"@id":"https:\/\/fashiongold.lt\/lv\/#website"},"primaryImageOfPage":{"@id":"https:\/\/fashiongold.lt\/lv\/papuosalas\/klasisks-saderinasanas-gredzens-ar-rubinu-un-dimantiem-dabisks-rubins-0-17-ct\/#primaryimage"},"image":{"@id":"https:\/\/fashiongold.lt\/lv\/papuosalas\/klasisks-saderinasanas-gredzens-ar-rubinu-un-dimantiem-dabisks-rubins-0-17-ct\/#primaryimage"},"thumbnailUrl":"https:\/\/fashiongold.lt\/wp-content\/uploads\/2025\/10\/24490-7e2-Raudono-aukso-klasikinis-suzadetuviu-ziedas-su-rubinu-ir-deimantais-Gamtos-Rubinas-0.17-ct.png","datePublished":"2025-10-24T05:14:30+00:00","description":"Saderin\u0101\u0161an\u0101s gredzens ar apa\u013cas formas rub\u012bnu un unik\u0101la dizaina tauri\u0146a formas zelta deta\u013c\u0101m ar dimantiem. Lieliski piem\u0113rots saderin\u0101\u0161an\u0101s gad\u012bjumam un ikdienai.","breadcrumb":{"@id":"https:\/\/fashiongold.lt\/lv\/papuosalas\/klasisks-saderinasanas-gredzens-ar-rubinu-un-dimantiem-dabisks-rubins-0-17-ct\/#breadcrumb"},"inLanguage":"lv-LV","potentialAction":[{"@type":"ReadAction","target":["https:\/\/fashiongold.lt\/lv\/papuosalas\/klasisks-saderinasanas-gredzens-ar-rubinu-un-dimantiem-dabisks-rubins-0-17-ct\/"]}]},{"@type":"ImageObject","inLanguage":"lv-LV","@id":"https:\/\/fashiongold.lt\/lv\/papuosalas\/klasisks-saderinasanas-gredzens-ar-rubinu-un-dimantiem-dabisks-rubins-0-17-ct\/#primaryimage","url":"https:\/\/fashiongold.lt\/wp-content\/uploads\/2025\/10\/24490-7e2-Raudono-aukso-klasikinis-suzadetuviu-ziedas-su-rubinu-ir-deimantais-Gamtos-Rubinas-0.17-ct.png","contentUrl":"https:\/\/fashiongold.lt\/wp-content\/uploads\/2025\/10\/24490-7e2-Raudono-aukso-klasikinis-suzadetuviu-ziedas-su-rubinu-ir-deimantais-Gamtos-Rubinas-0.17-ct.png","width":1000,"height":1000},{"@type":"BreadcrumbList","@id":"https:\/\/fashiongold.lt\/lv\/papuosalas\/klasisks-saderinasanas-gredzens-ar-rubinu-un-dimantiem-dabisks-rubins-0-17-ct\/#breadcrumb","itemListElement":[{"@type":"ListItem","position":1,"name":"Home","item":"https:\/\/fashiongold.lt\/lv\/"},{"@type":"ListItem","position":2,"name":"Dimantu veikals Fashiongold.lt","item":"https:\/\/fashiongold.lt\/shop-2\/"},{"@type":"ListItem","position":3,"name":"Klasisks saderin\u0101\u0161an\u0101s gredzens ar rub\u012bnu un dimantiem &#8211; Dabisks rub\u012bns (0.17 ct)"}]},{"@type":"WebSite","@id":"https:\/\/fashiongold.lt\/lv\/#website","url":"https:\/\/fashiongold.lt\/lv\/","name":"Fashion Gold","description":"Juvelyrikos namai","publisher":{"@id":"https:\/\/fashiongold.lt\/lv\/#organization"},"potentialAction":[{"@type":"SearchAction","target":{"@type":"EntryPoint","urlTemplate":"https:\/\/fashiongold.lt\/lv\/?s={search_term_string}"},"query-input":{"@type":"PropertyValueSpecification","valueRequired":true,"valueName":"search_term_string"}}],"inLanguage":"lv-LV"},{"@type":"Organization","@id":"https:\/\/fashiongold.lt\/lv\/#organization","name":"Topdiamonds Online","url":"https:\/\/fashiongold.lt\/lv\/","logo":{"@type":"ImageObject","inLanguage":"lv-LV","@id":"https:\/\/fashiongold.lt\/lv\/#\/schema\/logo\/image\/","url":"https:\/\/fashiongold.lt\/wp-content\/uploads\/2025\/04\/cropped-fashion_gold_logotipas2-scaled-1.png","contentUrl":"https:\/\/fashiongold.lt\/wp-content\/uploads\/2025\/04\/cropped-fashion_gold_logotipas2-scaled-1.png","width":2559,"height":421,"caption":"Topdiamonds Online"},"image":{"@id":"https:\/\/fashiongold.lt\/lv\/#\/schema\/logo\/image\/"}}]}},"_links":{"self":[{"href":"https:\/\/fashiongold.lt\/lv\/wp-json\/wp\/v2\/product\/273754","targetHints":{"allow":["GET"]}}],"collection":[{"href":"https:\/\/fashiongold.lt\/lv\/wp-json\/wp\/v2\/product"}],"about":[{"href":"https:\/\/fashiongold.lt\/lv\/wp-json\/wp\/v2\/types\/product"}],"version-history":[{"count":0,"href":"https:\/\/fashiongold.lt\/lv\/wp-json\/wp\/v2\/product\/273754\/revisions"}],"wp:featuredmedia":[{"embeddable":true,"href":"https:\/\/fashiongold.lt\/lv\/wp-json\/wp\/v2\/media\/226098"}],"wp:attachment":[{"href":"https:\/\/fashiongold.lt\/lv\/wp-json\/wp\/v2\/media?parent=273754"}],"wp:term":[{"taxonomy":"product_brand","embeddable":true,"href":"https:\/\/fashiongold.lt\/lv\/wp-json\/wp\/v2\/product_brand?post=273754"},{"taxonomy":"product_cat","embeddable":true,"href":"https:\/\/fashiongold.lt\/lv\/wp-json\/wp\/v2\/product_cat?post=273754"},{"taxonomy":"product_tag","embeddable":true,"href":"https:\/\/fashiongold.lt\/lv\/wp-json\/wp\/v2\/product_tag?post=273754"}],"curies":[{"name":"wp","href":"https:\/\/api.w.org\/{rel}","templated":true}]}}