{"id":273790,"date":"2025-10-24T00:55:50","date_gmt":"2025-10-24T00:55:50","guid":{"rendered":"https:\/\/fashiongold.lt\/papuosalas\/zelta-kedite-ar-baroka-roza-perli-un-dimantiem-0-04-ct\/"},"modified":"2025-10-24T00:55:50","modified_gmt":"2025-10-24T00:55:50","slug":"zelta-kedite-ar-baroka-roza-perli-un-dimantiem-0-04-ct","status":"publish","type":"product","link":"https:\/\/fashiongold.lt\/lv\/papuosalas\/zelta-kedite-ar-baroka-roza-perli-un-dimantiem-0-04-ct\/","title":{"rendered":"Zelta \u0137\u0113d\u012bte ar baroka roz\u0101 p\u0113rli un dimantiem (0.04 ct)"},"content":{"rendered":"<p>Izgatavots V\u0101cij\u0101 no augstas kvalit\u0101tes d\u0101rgakme\u0146iem. Lieliska izv\u0113le stil\u012bgai sievietei. P\u0113rle izstaro harmoniju un mieru sird\u012b. Jau kop\u0161 seniem laikiem p\u0113rles reprezent\u0113ja skaistumu, nevain\u012bbu un jutekliskumu, un daudzi tic\u0113ja, ka t\u0101s var piesaist\u012bt veiksmi un finansi\u0101lu labkl\u0101j\u012bbu to \u012bpa\u0161niekam. P\u0113rle ir piem\u0113rota \u2013 V\u0113\u017eiem, \u016adensv\u012briem un Ziv\u012bm. Kulons var tikt izgatavots p\u0113c pas\u016bt\u012bjuma: no sarkan\u0101, dzelten\u0101 un balt\u0101 zelta.<span lang=\"LT\"><o:p><\/o:p><\/span><\/p>\n<p>\u2022 \u0136\u0113d\u012btes zelts: 18 kar\u0101ti (750. prove)\u00a0 \u00a0<\/p>\n<p>\u2022 \u0136\u0113d\u012btes kr\u0101sa: sarkanais zelts\u00a0 \u00a0 \u00a0 \u00a0<\/p>\n<p>\u2022 \u0136\u0113d\u012btes svars: aptuveni 2,00 &#8211; 2,80 g\u00a0 \u00a0 \u00a0<\/p>\n<p>\u2022 Dimanta veids: Dab\u012bgs dimants\u00a0 \u00a0<\/p>\n<p>\u2022 Dimanta forma: Apa\u013ca forma (Round shape)\u00a0 \u00a0<\/p>\n<p>\u2022 Dimanta raksturojums: 0,04 ct, kr\u0101sa G-H (RW-W); dzidrums SI\u00a0 \u00a0<\/p>\n<p>\u2022 P\u0113rles veids: sald\u016bdens p\u0113rle (ang\u013c. \u201cFreshWater Pearls\u201d)<\/p>\n<p>\u2022 P\u0113rles forma: Baroka forma (Baroque shape)\u00a0 \u00a0 \u00a0 \u00a0<\/p>\n<p>\u2022 P\u0113rles raksturojums: AA (augsta kvalit\u0101te)\u00a0 \u00a0<\/p>\n<p>\u2022 Sertifik\u0101ts: Lietuvas Proves birojs (LPR)\u00a0 \u00a0 \u00a0<\/p>\n<p>\u2022 \u0136\u0113d\u012btes izm\u0113ri: 42 cm<\/p>\n<p>\u2022 Grav\u0113\u0161ana bez maksas\u00a0 \u00a0\u00a0\u00a0<\/p>\n<p>\u2022 Izgatavo\u0161anas un pieg\u0101des termi\u0146\u0161 no 21 darba dienas, steidzam\u012bbas k\u0101rt\u0101 3 d.d. laik\u0101.\u00a0 \u00a0<\/p>\n<p><strong>Jums ir savs zelts vai d\u0101rgakme\u0146i? Sazinieties ar mums, m\u0113s p\u0101rr\u0113\u0137in\u0101sim cenu \u2013 j\u016bs maks\u0101siet tikai par auskaru izgatavo\u0161anu.<\/strong><\/p>\n","protected":false},"excerpt":{"rendered":"<p>Zelta \u0137\u0113d\u012bte ar barok\u0101lo roz\u0101 p\u0113rli un dimantiem. Iem\u016b\u017einiet mirkli ar \u0161o izsmalcin\u0101to \u0137\u0113d\u012bti. Lieliska d\u0101vana ikdienai un \u012bpa\u0161iem gad\u012bjumiem, unik\u0101lam stilam.\u00a0<\/p>\n","protected":false},"featured_media":251764,"template":"","meta":{"site-sidebar-layout":"","site-content-layout":"","ast-site-content-layout":"","site-content-style":"","site-sidebar-style":"","ast-global-header-display":"","ast-banner-title-visibility":"","ast-main-header-display":"","ast-hfb-above-header-display":"","ast-hfb-below-header-display":"","ast-hfb-mobile-header-display":"","site-post-title":"","ast-breadcrumbs-content":"","ast-featured-img":"","footer-sml-layout":"","ast-disable-related-posts":"","theme-transparent-header-meta":"","adv-header-id-meta":"","stick-header-meta":"","header-above-stick-meta":"","header-main-stick-meta":"","header-below-stick-meta":"","astra-migrate-meta-layouts":"default","ast-page-background-enabled":"default","ast-page-background-meta":{"desktop":{"background-color":"var(--ast-global-color-4)","background-image":"","background-repeat":"repeat","background-position":"center center","background-size":"auto","background-attachment":"scroll","background-type":"","background-media":"","overlay-type":"","overlay-color":"","overlay-opacity":"","overlay-gradient":""},"tablet":{"background-color":"","background-image":"","background-repeat":"repeat","background-position":"center center","background-size":"auto","background-attachment":"scroll","background-type":"","background-media":"","overlay-type":"","overlay-color":"","overlay-opacity":"","overlay-gradient":""},"mobile":{"background-color":"","background-image":"","background-repeat":"repeat","background-position":"center center","background-size":"auto","background-attachment":"scroll","background-type":"","background-media":"","overlay-type":"","overlay-color":"","overlay-opacity":"","overlay-gradient":""}},"ast-content-background-meta":{"desktop":{"background-color":"var(--ast-global-color-5)","background-image":"","background-repeat":"repeat","background-position":"center center","background-size":"auto","background-attachment":"scroll","background-type":"","background-media":"","overlay-type":"","overlay-color":"","overlay-opacity":"","overlay-gradient":""},"tablet":{"background-color":"var(--ast-global-color-5)","background-image":"","background-repeat":"repeat","background-position":"center center","background-size":"auto","background-attachment":"scroll","background-type":"","background-media":"","overlay-type":"","overlay-color":"","overlay-opacity":"","overlay-gradient":""},"mobile":{"background-color":"var(--ast-global-color-5)","background-image":"","background-repeat":"repeat","background-position":"center center","background-size":"auto","background-attachment":"scroll","background-type":"","background-media":"","overlay-type":"","overlay-color":"","overlay-opacity":"","overlay-gradient":""}}},"product_brand":[],"product_cat":[2919,3576,3406,2915,2913,2921,2920,3403,2916,2914,2923,3042,3487,3490,3401,3028,2922,2982,3386,3499,3498,2936,3575,3029,3488,2918],"product_tag":[],"class_list":{"0":"post-273790","1":"product","2":"type-product","3":"status-publish","4":"has-post-thumbnail","6":"product_cat-baltzelta-rotaslietas","7":"product_cat-baroka-perles","8":"product_cat-davana-pirmaja-komunija","9":"product_cat-davanas-berna-piedzimsanai","10":"product_cat-davanas-dzimsanas-diena","11":"product_cat-davanas-ipasiem-gadijumiem","12":"product_cat-davanas-izlaidumam","13":"product_cat-davanas-kazam","14":"product_cat-davanas-kazu-gadadiena","15":"product_cat-davanas-sievietem","16":"product_cat-dzeltena-zelta-juvelierizstradajumi","17":"product_cat-juvelierizstradajumi","18":"product_cat-kedite-kristibam","19":"product_cat-kedites-ar-dimantiem","20":"product_cat-kristibu-davanas","21":"product_cat-kuloni-ar-dimantiem","22":"product_cat-mates-dienas-davanas","23":"product_cat-perles-juvelierizstradajumi-ar-perlem","24":"product_cat-rotaslietas-ar-roza-dargakmeniem","25":"product_cat-roza-kazas-10-gadi","26":"product_cat-roza-krasas-dargakmeni","27":"product_cat-valentindienas-davanas","28":"product_cat-zelta-kedite-ar-kulonu-ar-perlem","29":"product_cat-zelta-kedite-ar-piekarinu-pec-horoskopa","30":"product_cat-zelta-kedite-meitenem","31":"product_cat-ziemassvetku-davanas","32":"desktop-align-center","33":"tablet-align-left","34":"mobile-align-left","35":"ast-product-gallery-layout-horizontal-slider","36":"ast-product-gallery-with-no-image","37":"ast-product-tabs-layout-accordion","38":"ast-qv-on-image","40":"first","41":"instock","42":"taxable","43":"shipping-taxable","44":"purchasable","45":"product-type-simple"},"yoast_head":"<!-- This site is optimized with the Yoast SEO plugin v26.6 - https:\/\/yoast.com\/wordpress\/plugins\/seo\/ -->\n<title>Zelta \u0137\u0113d\u012bte ar roz\u0101 baroka p\u0113rli un dimantiem<\/title>\n<meta name=\"description\" content=\"Zelta \u0137\u0113d\u012bte ar barok\u0101lu roz\u0101 p\u0113rli un dimantiem. Iem\u016b\u017einiet mirkli ar \u0161o izsmalcin\u0101to \u0137\u0113d\u012bti. Lieliska d\u0101vana ikdienai un \u012bpa\u0161iem mirk\u013ciem.\" \/>\n<meta name=\"robots\" content=\"index, follow, max-snippet:-1, max-image-preview:large, max-video-preview:-1\" \/>\n<link rel=\"canonical\" href=\"https:\/\/fashiongold.lt\/lv\/papuosalas\/zelta-kedite-ar-baroka-roza-perli-un-dimantiem-0-04-ct\/\" \/>\n<meta property=\"og:locale\" content=\"lv_LV\" \/>\n<meta property=\"og:type\" content=\"article\" \/>\n<meta property=\"og:title\" content=\"Zelta \u0137\u0113d\u012bte ar roz\u0101 baroka p\u0113rli un dimantiem\" \/>\n<meta property=\"og:description\" content=\"Zelta \u0137\u0113d\u012bte ar barok\u0101lu roz\u0101 p\u0113rli un dimantiem. Iem\u016b\u017einiet mirkli ar \u0161o izsmalcin\u0101to \u0137\u0113d\u012bti. Lieliska d\u0101vana ikdienai un \u012bpa\u0161iem mirk\u013ciem.\" \/>\n<meta property=\"og:url\" content=\"https:\/\/fashiongold.lt\/lv\/papuosalas\/zelta-kedite-ar-baroka-roza-perli-un-dimantiem-0-04-ct\/\" \/>\n<meta property=\"og:site_name\" content=\"FashionGold.lt\" \/>\n<meta property=\"og:image\" content=\"https:\/\/fashiongold.lt\/wp-content\/uploads\/2025\/10\/12089-9b0-Auksine-grandinele-su-barokiniu-roziniu-perlu-ir-deimantais-0.04-ct.webp\" \/>\n\t<meta property=\"og:image:width\" content=\"1000\" \/>\n\t<meta property=\"og:image:height\" content=\"1000\" \/>\n\t<meta property=\"og:image:type\" content=\"image\/png\" \/>\n<meta name=\"twitter:card\" content=\"summary_large_image\" \/>\n<meta name=\"twitter:label1\" content=\"Est. reading time\" \/>\n\t<meta name=\"twitter:data1\" content=\"1 minute\" \/>\n<script type=\"application\/ld+json\" class=\"yoast-schema-graph\">{\"@context\":\"https:\/\/schema.org\",\"@graph\":[{\"@type\":\"WebPage\",\"@id\":\"https:\/\/fashiongold.lt\/lv\/papuosalas\/zelta-kedite-ar-baroka-roza-perli-un-dimantiem-0-04-ct\/\",\"url\":\"https:\/\/fashiongold.lt\/lv\/papuosalas\/zelta-kedite-ar-baroka-roza-perli-un-dimantiem-0-04-ct\/\",\"name\":\"Zelta \u0137\u0113d\u012bte ar roz\u0101 baroka p\u0113rli un dimantiem\",\"isPartOf\":{\"@id\":\"https:\/\/fashiongold.lt\/lv\/#website\"},\"primaryImageOfPage\":{\"@id\":\"https:\/\/fashiongold.lt\/lv\/papuosalas\/zelta-kedite-ar-baroka-roza-perli-un-dimantiem-0-04-ct\/#primaryimage\"},\"image\":{\"@id\":\"https:\/\/fashiongold.lt\/lv\/papuosalas\/zelta-kedite-ar-baroka-roza-perli-un-dimantiem-0-04-ct\/#primaryimage\"},\"thumbnailUrl\":\"https:\/\/fashiongold.lt\/wp-content\/uploads\/2025\/10\/12089-9b0-Auksine-grandinele-su-barokiniu-roziniu-perlu-ir-deimantais-0.04-ct.png\",\"datePublished\":\"2025-10-24T00:55:50+00:00\",\"description\":\"Zelta \u0137\u0113d\u012bte ar barok\u0101lu roz\u0101 p\u0113rli un dimantiem. Iem\u016b\u017einiet mirkli ar \u0161o izsmalcin\u0101to \u0137\u0113d\u012bti. Lieliska d\u0101vana ikdienai un \u012bpa\u0161iem mirk\u013ciem.\",\"breadcrumb\":{\"@id\":\"https:\/\/fashiongold.lt\/lv\/papuosalas\/zelta-kedite-ar-baroka-roza-perli-un-dimantiem-0-04-ct\/#breadcrumb\"},\"inLanguage\":\"lv-LV\",\"potentialAction\":[{\"@type\":\"ReadAction\",\"target\":[\"https:\/\/fashiongold.lt\/lv\/papuosalas\/zelta-kedite-ar-baroka-roza-perli-un-dimantiem-0-04-ct\/\"]}]},{\"@type\":\"ImageObject\",\"inLanguage\":\"lv-LV\",\"@id\":\"https:\/\/fashiongold.lt\/lv\/papuosalas\/zelta-kedite-ar-baroka-roza-perli-un-dimantiem-0-04-ct\/#primaryimage\",\"url\":\"https:\/\/fashiongold.lt\/wp-content\/uploads\/2025\/10\/12089-9b0-Auksine-grandinele-su-barokiniu-roziniu-perlu-ir-deimantais-0.04-ct.png\",\"contentUrl\":\"https:\/\/fashiongold.lt\/wp-content\/uploads\/2025\/10\/12089-9b0-Auksine-grandinele-su-barokiniu-roziniu-perlu-ir-deimantais-0.04-ct.png\",\"width\":1000,\"height\":1000},{\"@type\":\"BreadcrumbList\",\"@id\":\"https:\/\/fashiongold.lt\/lv\/papuosalas\/zelta-kedite-ar-baroka-roza-perli-un-dimantiem-0-04-ct\/#breadcrumb\",\"itemListElement\":[{\"@type\":\"ListItem\",\"position\":1,\"name\":\"Home\",\"item\":\"https:\/\/fashiongold.lt\/lv\/\"},{\"@type\":\"ListItem\",\"position\":2,\"name\":\"Dimantu veikals Fashiongold.lt\",\"item\":\"https:\/\/fashiongold.lt\/shop-2\/\"},{\"@type\":\"ListItem\",\"position\":3,\"name\":\"Zelta \u0137\u0113d\u012bte ar baroka roz\u0101 p\u0113rli un dimantiem (0.04 ct)\"}]},{\"@type\":\"WebSite\",\"@id\":\"https:\/\/fashiongold.lt\/lv\/#website\",\"url\":\"https:\/\/fashiongold.lt\/lv\/\",\"name\":\"Fashion Gold\",\"description\":\"Juvelyrikos namai\",\"publisher\":{\"@id\":\"https:\/\/fashiongold.lt\/lv\/#organization\"},\"potentialAction\":[{\"@type\":\"SearchAction\",\"target\":{\"@type\":\"EntryPoint\",\"urlTemplate\":\"https:\/\/fashiongold.lt\/lv\/?s={search_term_string}\"},\"query-input\":{\"@type\":\"PropertyValueSpecification\",\"valueRequired\":true,\"valueName\":\"search_term_string\"}}],\"inLanguage\":\"lv-LV\"},{\"@type\":\"Organization\",\"@id\":\"https:\/\/fashiongold.lt\/lv\/#organization\",\"name\":\"Topdiamonds Online\",\"url\":\"https:\/\/fashiongold.lt\/lv\/\",\"logo\":{\"@type\":\"ImageObject\",\"inLanguage\":\"lv-LV\",\"@id\":\"https:\/\/fashiongold.lt\/lv\/#\/schema\/logo\/image\/\",\"url\":\"https:\/\/fashiongold.lt\/wp-content\/uploads\/2025\/04\/cropped-fashion_gold_logotipas2-scaled-1.png\",\"contentUrl\":\"https:\/\/fashiongold.lt\/wp-content\/uploads\/2025\/04\/cropped-fashion_gold_logotipas2-scaled-1.png\",\"width\":2559,\"height\":421,\"caption\":\"Topdiamonds Online\"},\"image\":{\"@id\":\"https:\/\/fashiongold.lt\/lv\/#\/schema\/logo\/image\/\"}}]}<\/script>\n<!-- \/ Yoast SEO plugin. -->","yoast_head_json":{"title":"Zelta \u0137\u0113d\u012bte ar roz\u0101 baroka p\u0113rli un dimantiem","description":"Zelta \u0137\u0113d\u012bte ar barok\u0101lu roz\u0101 p\u0113rli un dimantiem. Iem\u016b\u017einiet mirkli ar \u0161o izsmalcin\u0101to \u0137\u0113d\u012bti. Lieliska d\u0101vana ikdienai un \u012bpa\u0161iem mirk\u013ciem.","robots":{"index":"index","follow":"follow","max-snippet":"max-snippet:-1","max-image-preview":"max-image-preview:large","max-video-preview":"max-video-preview:-1"},"canonical":"https:\/\/fashiongold.lt\/lv\/papuosalas\/zelta-kedite-ar-baroka-roza-perli-un-dimantiem-0-04-ct\/","og_locale":"lv_LV","og_type":"article","og_title":"Zelta \u0137\u0113d\u012bte ar roz\u0101 baroka p\u0113rli un dimantiem","og_description":"Zelta \u0137\u0113d\u012bte ar barok\u0101lu roz\u0101 p\u0113rli un dimantiem. Iem\u016b\u017einiet mirkli ar \u0161o izsmalcin\u0101to \u0137\u0113d\u012bti. Lieliska d\u0101vana ikdienai un \u012bpa\u0161iem mirk\u013ciem.","og_url":"https:\/\/fashiongold.lt\/lv\/papuosalas\/zelta-kedite-ar-baroka-roza-perli-un-dimantiem-0-04-ct\/","og_site_name":"FashionGold.lt","og_image":[{"width":1000,"height":1000,"url":"https:\/\/fashiongold.lt\/wp-content\/uploads\/2025\/10\/12089-9b0-Auksine-grandinele-su-barokiniu-roziniu-perlu-ir-deimantais-0.04-ct.webp","type":"image\/png"}],"twitter_card":"summary_large_image","twitter_misc":{"Est. reading time":"1 minute"},"schema":{"@context":"https:\/\/schema.org","@graph":[{"@type":"WebPage","@id":"https:\/\/fashiongold.lt\/lv\/papuosalas\/zelta-kedite-ar-baroka-roza-perli-un-dimantiem-0-04-ct\/","url":"https:\/\/fashiongold.lt\/lv\/papuosalas\/zelta-kedite-ar-baroka-roza-perli-un-dimantiem-0-04-ct\/","name":"Zelta \u0137\u0113d\u012bte ar roz\u0101 baroka p\u0113rli un dimantiem","isPartOf":{"@id":"https:\/\/fashiongold.lt\/lv\/#website"},"primaryImageOfPage":{"@id":"https:\/\/fashiongold.lt\/lv\/papuosalas\/zelta-kedite-ar-baroka-roza-perli-un-dimantiem-0-04-ct\/#primaryimage"},"image":{"@id":"https:\/\/fashiongold.lt\/lv\/papuosalas\/zelta-kedite-ar-baroka-roza-perli-un-dimantiem-0-04-ct\/#primaryimage"},"thumbnailUrl":"https:\/\/fashiongold.lt\/wp-content\/uploads\/2025\/10\/12089-9b0-Auksine-grandinele-su-barokiniu-roziniu-perlu-ir-deimantais-0.04-ct.png","datePublished":"2025-10-24T00:55:50+00:00","description":"Zelta \u0137\u0113d\u012bte ar barok\u0101lu roz\u0101 p\u0113rli un dimantiem. Iem\u016b\u017einiet mirkli ar \u0161o izsmalcin\u0101to \u0137\u0113d\u012bti. Lieliska d\u0101vana ikdienai un \u012bpa\u0161iem mirk\u013ciem.","breadcrumb":{"@id":"https:\/\/fashiongold.lt\/lv\/papuosalas\/zelta-kedite-ar-baroka-roza-perli-un-dimantiem-0-04-ct\/#breadcrumb"},"inLanguage":"lv-LV","potentialAction":[{"@type":"ReadAction","target":["https:\/\/fashiongold.lt\/lv\/papuosalas\/zelta-kedite-ar-baroka-roza-perli-un-dimantiem-0-04-ct\/"]}]},{"@type":"ImageObject","inLanguage":"lv-LV","@id":"https:\/\/fashiongold.lt\/lv\/papuosalas\/zelta-kedite-ar-baroka-roza-perli-un-dimantiem-0-04-ct\/#primaryimage","url":"https:\/\/fashiongold.lt\/wp-content\/uploads\/2025\/10\/12089-9b0-Auksine-grandinele-su-barokiniu-roziniu-perlu-ir-deimantais-0.04-ct.png","contentUrl":"https:\/\/fashiongold.lt\/wp-content\/uploads\/2025\/10\/12089-9b0-Auksine-grandinele-su-barokiniu-roziniu-perlu-ir-deimantais-0.04-ct.png","width":1000,"height":1000},{"@type":"BreadcrumbList","@id":"https:\/\/fashiongold.lt\/lv\/papuosalas\/zelta-kedite-ar-baroka-roza-perli-un-dimantiem-0-04-ct\/#breadcrumb","itemListElement":[{"@type":"ListItem","position":1,"name":"Home","item":"https:\/\/fashiongold.lt\/lv\/"},{"@type":"ListItem","position":2,"name":"Dimantu veikals Fashiongold.lt","item":"https:\/\/fashiongold.lt\/shop-2\/"},{"@type":"ListItem","position":3,"name":"Zelta \u0137\u0113d\u012bte ar baroka roz\u0101 p\u0113rli un dimantiem (0.04 ct)"}]},{"@type":"WebSite","@id":"https:\/\/fashiongold.lt\/lv\/#website","url":"https:\/\/fashiongold.lt\/lv\/","name":"Fashion Gold","description":"Juvelyrikos namai","publisher":{"@id":"https:\/\/fashiongold.lt\/lv\/#organization"},"potentialAction":[{"@type":"SearchAction","target":{"@type":"EntryPoint","urlTemplate":"https:\/\/fashiongold.lt\/lv\/?s={search_term_string}"},"query-input":{"@type":"PropertyValueSpecification","valueRequired":true,"valueName":"search_term_string"}}],"inLanguage":"lv-LV"},{"@type":"Organization","@id":"https:\/\/fashiongold.lt\/lv\/#organization","name":"Topdiamonds Online","url":"https:\/\/fashiongold.lt\/lv\/","logo":{"@type":"ImageObject","inLanguage":"lv-LV","@id":"https:\/\/fashiongold.lt\/lv\/#\/schema\/logo\/image\/","url":"https:\/\/fashiongold.lt\/wp-content\/uploads\/2025\/04\/cropped-fashion_gold_logotipas2-scaled-1.png","contentUrl":"https:\/\/fashiongold.lt\/wp-content\/uploads\/2025\/04\/cropped-fashion_gold_logotipas2-scaled-1.png","width":2559,"height":421,"caption":"Topdiamonds Online"},"image":{"@id":"https:\/\/fashiongold.lt\/lv\/#\/schema\/logo\/image\/"}}]}},"_links":{"self":[{"href":"https:\/\/fashiongold.lt\/lv\/wp-json\/wp\/v2\/product\/273790","targetHints":{"allow":["GET"]}}],"collection":[{"href":"https:\/\/fashiongold.lt\/lv\/wp-json\/wp\/v2\/product"}],"about":[{"href":"https:\/\/fashiongold.lt\/lv\/wp-json\/wp\/v2\/types\/product"}],"version-history":[{"count":0,"href":"https:\/\/fashiongold.lt\/lv\/wp-json\/wp\/v2\/product\/273790\/revisions"}],"wp:featuredmedia":[{"embeddable":true,"href":"https:\/\/fashiongold.lt\/lv\/wp-json\/wp\/v2\/media\/251764"}],"wp:attachment":[{"href":"https:\/\/fashiongold.lt\/lv\/wp-json\/wp\/v2\/media?parent=273790"}],"wp:term":[{"taxonomy":"product_brand","embeddable":true,"href":"https:\/\/fashiongold.lt\/lv\/wp-json\/wp\/v2\/product_brand?post=273790"},{"taxonomy":"product_cat","embeddable":true,"href":"https:\/\/fashiongold.lt\/lv\/wp-json\/wp\/v2\/product_cat?post=273790"},{"taxonomy":"product_tag","embeddable":true,"href":"https:\/\/fashiongold.lt\/lv\/wp-json\/wp\/v2\/product_tag?post=273790"}],"curies":[{"name":"wp","href":"https:\/\/api.w.org\/{rel}","templated":true}]}}