{"id":273791,"date":"2025-10-24T00:55:48","date_gmt":"2025-10-24T00:55:48","guid":{"rendered":"https:\/\/fashiongold.lt\/papuosalas\/balta-zelta-kulons-ar-melnu-perli-un-dimantiem-taiti-11-5-mm-0-02-ct\/"},"modified":"2025-10-24T00:55:48","modified_gmt":"2025-10-24T00:55:48","slug":"balta-zelta-kulons-ar-melnu-perli-un-dimantiem-taiti-11-5-mm-0-02-ct","status":"publish","type":"product","link":"https:\/\/fashiongold.lt\/lv\/rotaslieta\/balta-zelta-kulons-ar-melnu-perli-un-dimantiem-taiti-11-5-mm-0-02-ct\/","title":{"rendered":"Balt\u0101 zelta kulons ar melnu p\u0113rli un dimantiem (Taiti, 11.5 mm, 0.02 ct)"},"content":{"rendered":"<p>Ra\u017eots V\u0101cij\u0101 no augstas kvalit\u0101tes d\u0101rgakme\u0146iem. Lieliska izv\u0113le stil\u012bgai sievietei. P\u0113rle izstaro harmoniju un mieru sird\u012b. Jau senos laikos p\u0113rles reprezent\u0113ja skaistumu, nevain\u012bbu un jutekliskumu, un daudzi tic\u0113ja, ka t\u0101s var piesaist\u012bt veiksmi un finansi\u0101lu labkl\u0101j\u012bbu \u012bpa\u0161niekam. P\u0113rle ir piem\u0113rota &#8211; V\u0113\u017eiem, \u016adensv\u012briem un Ziv\u012bm. Kulons var tikt izgatavots p\u0113c pas\u016bt\u012bjuma: no sarkan\u0101, dzelten\u0101 un balt\u0101 zelta.<span lang=\"LT\"><o:p><\/o:p><\/span><\/p>\n<p>\u2022 Kulona zelts: 18 kar\u0101ti (750. prove)\u00a0 \u00a0<\/p>\n<p>\u2022 Kulona kr\u0101sa: baltais zelts\u00a0 \u00a0 \u00a0 \u00a0<\/p>\n<p>\u2022 Kulona svars: aptuveni 0,80 &#8211; 1,30 g\u00a0 \u00a0 \u00a0<\/p>\n<p>\u2022 Dimanta tips: Dab\u012bgais dimants\u00a0 \u00a0<\/p>\n<p>\u2022 Dimanta forma: Apa\u013ca forma (Round shape)\u00a0 \u00a0<\/p>\n<p>\u2022 Dimanta raksturojums: 0,15 ct, kr\u0101sa G-H (RW-W); dzidrums SI\u00a0 \u00a0<\/p>\n<p>\u2022 P\u0113rles tips: TAITIJAS VAI MELN\u0100S J\u016aRAS P\u0112RLES (angl. Saltwater Tahitian Sea Pearls)<\/p>\n<p>\u2022 P\u0113rles forma: Apa\u013ca forma (Round cut)\u00a0 \u00a0 \u00a0 \u00a0<\/p>\n<p>\u2022 P\u0113rles raksturojums: 11.5 mm, AA (augsta kvalit\u0101te)\u00a0 \u00a0<\/p>\n<p>\u2022 Sertifik\u0101ts: Lietuvas Provju birojs (LPR)\u00a0 \u00a0 \u00a0<\/p>\n<p>\u2022 Kulona izm\u0113ri:\u00a0\u00a0<\/p>\n<p>\u2022 Grav\u0113\u0161ana bez maksas\u00a0 \u00a0\u00a0\u00a0<\/p>\n<p>\u2022 Izgatavo\u0161anas un pieg\u0101des termi\u0146\u0161 no 21 darba dienas, steidzam\u012bbas k\u0101rt\u0101 3 darba dienu laik\u0101.\u00a0 \u00a0<\/p>\n<p><strong>Vai jums ir savs zelts, d\u0101rgakme\u0146i? Sazinieties ar mums, m\u0113s p\u0101rr\u0113\u0137in\u0101sim cenu \u2013 maks\u0101siet tikai par auskaru izgatavo\u0161anu.<\/strong><\/p>\n","protected":false},"excerpt":{"rendered":"<p>Klasisks balt\u0101 zelta kulons ar j\u016bras p\u0113rli 11.5 mm un dimantiem. Iem\u016b\u017einiet mirkli ar \u0161o izsmalcin\u0101to kulonu. Lieliska d\u0101vana ikdienai un \u012bpa\u0161iem gad\u012bjumiem, izcilam stilam.\u00a0<\/p>\n","protected":false},"featured_media":251723,"template":"","meta":{"site-sidebar-layout":"","site-content-layout":"","ast-site-content-layout":"","site-content-style":"","site-sidebar-style":"","ast-global-header-display":"","ast-banner-title-visibility":"","ast-main-header-display":"","ast-hfb-above-header-display":"","ast-hfb-below-header-display":"","ast-hfb-mobile-header-display":"","site-post-title":"","ast-breadcrumbs-content":"","ast-featured-img":"","footer-sml-layout":"","ast-disable-related-posts":"","theme-transparent-header-meta":"","adv-header-id-meta":"","stick-header-meta":"","header-above-stick-meta":"","header-main-stick-meta":"","header-below-stick-meta":"","astra-migrate-meta-layouts":"default","ast-page-background-enabled":"default","ast-page-background-meta":{"desktop":{"background-color":"var(--ast-global-color-4)","background-image":"","background-repeat":"repeat","background-position":"center center","background-size":"auto","background-attachment":"scroll","background-type":"","background-media":"","overlay-type":"","overlay-color":"","overlay-opacity":"","overlay-gradient":""},"tablet":{"background-color":"","background-image":"","background-repeat":"repeat","background-position":"center center","background-size":"auto","background-attachment":"scroll","background-type":"","background-media":"","overlay-type":"","overlay-color":"","overlay-opacity":"","overlay-gradient":""},"mobile":{"background-color":"","background-image":"","background-repeat":"repeat","background-position":"center center","background-size":"auto","background-attachment":"scroll","background-type":"","background-media":"","overlay-type":"","overlay-color":"","overlay-opacity":"","overlay-gradient":""}},"ast-content-background-meta":{"desktop":{"background-color":"var(--ast-global-color-5)","background-image":"","background-repeat":"repeat","background-position":"center center","background-size":"auto","background-attachment":"scroll","background-type":"","background-media":"","overlay-type":"","overlay-color":"","overlay-opacity":"","overlay-gradient":""},"tablet":{"background-color":"var(--ast-global-color-5)","background-image":"","background-repeat":"repeat","background-position":"center center","background-size":"auto","background-attachment":"scroll","background-type":"","background-media":"","overlay-type":"","overlay-color":"","overlay-opacity":"","overlay-gradient":""},"mobile":{"background-color":"var(--ast-global-color-5)","background-image":"","background-repeat":"repeat","background-position":"center center","background-size":"auto","background-attachment":"scroll","background-type":"","background-media":"","overlay-type":"","overlay-color":"","overlay-opacity":"","overlay-gradient":""}}},"product_brand":[],"product_cat":[2919,3406,2915,2913,2921,2920,3403,2916,2914,2923,3042,3401,3028,2922,2982,2936,2918],"product_tag":[],"class_list":{"0":"post-273791","1":"product","2":"type-product","3":"status-publish","4":"has-post-thumbnail","6":"product_cat-baltzelta-rotaslietas","7":"product_cat-davana-pirmaja-komunija","8":"product_cat-davanas-berna-piedzimsanai","9":"product_cat-davanas-dzimsanas-diena","10":"product_cat-davanas-ipasiem-gadijumiem","11":"product_cat-davanas-izlaidumam","12":"product_cat-davanas-kazam","13":"product_cat-davanas-kazu-gadadiena","14":"product_cat-davanas-sievietem","15":"product_cat-dzeltena-zelta-juvelierizstradajumi","16":"product_cat-juvelierizstradajumi","17":"product_cat-kristibu-davanas","18":"product_cat-kuloni-ar-dimantiem","19":"product_cat-mates-dienas-davanas","20":"product_cat-perles-juvelierizstradajumi-ar-perlem","21":"product_cat-valentindienas-davanas","22":"product_cat-ziemassvetku-davanas","23":"desktop-align-center","24":"tablet-align-left","25":"mobile-align-left","26":"ast-product-gallery-layout-horizontal-slider","27":"ast-product-gallery-with-no-image","28":"ast-product-tabs-layout-accordion","29":"ast-qv-on-image","31":"first","32":"instock","33":"taxable","34":"shipping-taxable","35":"purchasable","36":"product-type-simple"},"yoast_head":"<!-- This site is optimized with the Yoast SEO plugin v26.6 - https:\/\/yoast.com\/wordpress\/plugins\/seo\/ -->\n<title>Klasisks balt\u0101 zelta kulons ar j\u016bras p\u0113rli (11,5 mm)<\/title>\n<meta name=\"description\" content=\"Klasiska dizaina balt\u0101 zelta kulons ar j\u016bras p\u0113rli 11,5 mm un dimantiem. Lieliska d\u0101vana ikdienai un \u012bpa\u0161iem gad\u012bjumiem, izsmalcin\u0101tam stilam.\" \/>\n<meta name=\"robots\" content=\"index, follow, max-snippet:-1, max-image-preview:large, max-video-preview:-1\" \/>\n<link rel=\"canonical\" href=\"https:\/\/fashiongold.lt\/lv\/rotaslieta\/balta-zelta-kulons-ar-melnu-perli-un-dimantiem-taiti-11-5-mm-0-02-ct\/\" \/>\n<meta property=\"og:locale\" content=\"lv_LV\" \/>\n<meta property=\"og:type\" content=\"article\" \/>\n<meta property=\"og:title\" content=\"Klasisks balt\u0101 zelta kulons ar j\u016bras p\u0113rli (11,5 mm)\" \/>\n<meta property=\"og:description\" content=\"Klasiska dizaina balt\u0101 zelta kulons ar j\u016bras p\u0113rli 11,5 mm un dimantiem. Lieliska d\u0101vana ikdienai un \u012bpa\u0161iem gad\u012bjumiem, izsmalcin\u0101tam stilam.\" \/>\n<meta property=\"og:url\" content=\"https:\/\/fashiongold.lt\/lv\/rotaslieta\/balta-zelta-kulons-ar-melnu-perli-un-dimantiem-taiti-11-5-mm-0-02-ct\/\" \/>\n<meta property=\"og:site_name\" content=\"FashionGold.lt\" \/>\n<meta property=\"og:image\" content=\"https:\/\/fashiongold.lt\/wp-content\/uploads\/2025\/10\/12077-a06-Balto-aukso-pakabukas-su-juodu-perlu-ir-deimantais-Taicio-11.5-mm-0.02-ct.webp\" \/>\n\t<meta property=\"og:image:width\" content=\"1000\" \/>\n\t<meta property=\"og:image:height\" content=\"1000\" \/>\n\t<meta property=\"og:image:type\" content=\"image\/png\" \/>\n<meta name=\"twitter:card\" content=\"summary_large_image\" \/>\n<meta name=\"twitter:label1\" content=\"Est. reading time\" \/>\n\t<meta name=\"twitter:data1\" content=\"1 minute\" \/>\n<script type=\"application\/ld+json\" class=\"yoast-schema-graph\">{\"@context\":\"https:\/\/schema.org\",\"@graph\":[{\"@type\":\"WebPage\",\"@id\":\"https:\/\/fashiongold.lt\/lv\/rotaslieta\/balta-zelta-kulons-ar-melnu-perli-un-dimantiem-taiti-11-5-mm-0-02-ct\/\",\"url\":\"https:\/\/fashiongold.lt\/lv\/rotaslieta\/balta-zelta-kulons-ar-melnu-perli-un-dimantiem-taiti-11-5-mm-0-02-ct\/\",\"name\":\"Klasisks balt\u0101 zelta kulons ar j\u016bras p\u0113rli (11,5 mm)\",\"isPartOf\":{\"@id\":\"https:\/\/fashiongold.lt\/lv\/#website\"},\"primaryImageOfPage\":{\"@id\":\"https:\/\/fashiongold.lt\/lv\/rotaslieta\/balta-zelta-kulons-ar-melnu-perli-un-dimantiem-taiti-11-5-mm-0-02-ct\/#primaryimage\"},\"image\":{\"@id\":\"https:\/\/fashiongold.lt\/lv\/rotaslieta\/balta-zelta-kulons-ar-melnu-perli-un-dimantiem-taiti-11-5-mm-0-02-ct\/#primaryimage\"},\"thumbnailUrl\":\"https:\/\/fashiongold.lt\/wp-content\/uploads\/2025\/10\/12077-a06-Balto-aukso-pakabukas-su-juodu-perlu-ir-deimantais-Taicio-11.5-mm-0.02-ct.png\",\"datePublished\":\"2025-10-24T00:55:48+00:00\",\"description\":\"Klasiska dizaina balt\u0101 zelta kulons ar j\u016bras p\u0113rli 11,5 mm un dimantiem. Lieliska d\u0101vana ikdienai un \u012bpa\u0161iem gad\u012bjumiem, izsmalcin\u0101tam stilam.\",\"breadcrumb\":{\"@id\":\"https:\/\/fashiongold.lt\/lv\/rotaslieta\/balta-zelta-kulons-ar-melnu-perli-un-dimantiem-taiti-11-5-mm-0-02-ct\/#breadcrumb\"},\"inLanguage\":\"lv-LV\",\"potentialAction\":[{\"@type\":\"ReadAction\",\"target\":[\"https:\/\/fashiongold.lt\/lv\/rotaslieta\/balta-zelta-kulons-ar-melnu-perli-un-dimantiem-taiti-11-5-mm-0-02-ct\/\"]}]},{\"@type\":\"ImageObject\",\"inLanguage\":\"lv-LV\",\"@id\":\"https:\/\/fashiongold.lt\/lv\/rotaslieta\/balta-zelta-kulons-ar-melnu-perli-un-dimantiem-taiti-11-5-mm-0-02-ct\/#primaryimage\",\"url\":\"https:\/\/fashiongold.lt\/wp-content\/uploads\/2025\/10\/12077-a06-Balto-aukso-pakabukas-su-juodu-perlu-ir-deimantais-Taicio-11.5-mm-0.02-ct.png\",\"contentUrl\":\"https:\/\/fashiongold.lt\/wp-content\/uploads\/2025\/10\/12077-a06-Balto-aukso-pakabukas-su-juodu-perlu-ir-deimantais-Taicio-11.5-mm-0.02-ct.png\",\"width\":1000,\"height\":1000},{\"@type\":\"BreadcrumbList\",\"@id\":\"https:\/\/fashiongold.lt\/lv\/rotaslieta\/balta-zelta-kulons-ar-melnu-perli-un-dimantiem-taiti-11-5-mm-0-02-ct\/#breadcrumb\",\"itemListElement\":[{\"@type\":\"ListItem\",\"position\":1,\"name\":\"Home\",\"item\":\"https:\/\/fashiongold.lt\/lv\/\"},{\"@type\":\"ListItem\",\"position\":2,\"name\":\"Dimantu veikals Fashiongold.lt\",\"item\":\"https:\/\/fashiongold.lt\/shop-2\/\"},{\"@type\":\"ListItem\",\"position\":3,\"name\":\"Balt\u0101 zelta kulons ar melnu p\u0113rli un dimantiem (Taiti, 11.5 mm, 0.02 ct)\"}]},{\"@type\":\"WebSite\",\"@id\":\"https:\/\/fashiongold.lt\/lv\/#website\",\"url\":\"https:\/\/fashiongold.lt\/lv\/\",\"name\":\"Fashion Gold\",\"description\":\"Juvelierizstr\u0101d\u0101jumu nams\",\"publisher\":{\"@id\":\"https:\/\/fashiongold.lt\/lv\/#organization\"},\"potentialAction\":[{\"@type\":\"SearchAction\",\"target\":{\"@type\":\"EntryPoint\",\"urlTemplate\":\"https:\/\/fashiongold.lt\/lv\/?s={search_term_string}\"},\"query-input\":{\"@type\":\"PropertyValueSpecification\",\"valueRequired\":true,\"valueName\":\"search_term_string\"}}],\"inLanguage\":\"lv-LV\"},{\"@type\":\"Organization\",\"@id\":\"https:\/\/fashiongold.lt\/lv\/#organization\",\"name\":\"Topdiamonds Online\",\"url\":\"https:\/\/fashiongold.lt\/lv\/\",\"logo\":{\"@type\":\"ImageObject\",\"inLanguage\":\"lv-LV\",\"@id\":\"https:\/\/fashiongold.lt\/lv\/#\/schema\/logo\/image\/\",\"url\":\"https:\/\/fashiongold.lt\/wp-content\/uploads\/2025\/04\/cropped-fashion_gold_logotipas2-scaled-1.png\",\"contentUrl\":\"https:\/\/fashiongold.lt\/wp-content\/uploads\/2025\/04\/cropped-fashion_gold_logotipas2-scaled-1.png\",\"width\":2559,\"height\":421,\"caption\":\"Topdiamonds Online\"},\"image\":{\"@id\":\"https:\/\/fashiongold.lt\/lv\/#\/schema\/logo\/image\/\"}}]}<\/script>\n<!-- \/ Yoast SEO plugin. -->","yoast_head_json":{"title":"Klasisks balt\u0101 zelta kulons ar j\u016bras p\u0113rli (11,5 mm)","description":"Klasiska dizaina balt\u0101 zelta kulons ar j\u016bras p\u0113rli 11,5 mm un dimantiem. Lieliska d\u0101vana ikdienai un \u012bpa\u0161iem gad\u012bjumiem, izsmalcin\u0101tam stilam.","robots":{"index":"index","follow":"follow","max-snippet":"max-snippet:-1","max-image-preview":"max-image-preview:large","max-video-preview":"max-video-preview:-1"},"canonical":"https:\/\/fashiongold.lt\/lv\/rotaslieta\/balta-zelta-kulons-ar-melnu-perli-un-dimantiem-taiti-11-5-mm-0-02-ct\/","og_locale":"lv_LV","og_type":"article","og_title":"Klasisks balt\u0101 zelta kulons ar j\u016bras p\u0113rli (11,5 mm)","og_description":"Klasiska dizaina balt\u0101 zelta kulons ar j\u016bras p\u0113rli 11,5 mm un dimantiem. Lieliska d\u0101vana ikdienai un \u012bpa\u0161iem gad\u012bjumiem, izsmalcin\u0101tam stilam.","og_url":"https:\/\/fashiongold.lt\/lv\/rotaslieta\/balta-zelta-kulons-ar-melnu-perli-un-dimantiem-taiti-11-5-mm-0-02-ct\/","og_site_name":"FashionGold.lt","og_image":[{"width":1000,"height":1000,"url":"https:\/\/fashiongold.lt\/wp-content\/uploads\/2025\/10\/12077-a06-Balto-aukso-pakabukas-su-juodu-perlu-ir-deimantais-Taicio-11.5-mm-0.02-ct.webp","type":"image\/png"}],"twitter_card":"summary_large_image","twitter_misc":{"Est. reading time":"1 minute"},"schema":{"@context":"https:\/\/schema.org","@graph":[{"@type":"WebPage","@id":"https:\/\/fashiongold.lt\/lv\/rotaslieta\/balta-zelta-kulons-ar-melnu-perli-un-dimantiem-taiti-11-5-mm-0-02-ct\/","url":"https:\/\/fashiongold.lt\/lv\/rotaslieta\/balta-zelta-kulons-ar-melnu-perli-un-dimantiem-taiti-11-5-mm-0-02-ct\/","name":"Klasisks balt\u0101 zelta kulons ar j\u016bras p\u0113rli (11,5 mm)","isPartOf":{"@id":"https:\/\/fashiongold.lt\/lv\/#website"},"primaryImageOfPage":{"@id":"https:\/\/fashiongold.lt\/lv\/rotaslieta\/balta-zelta-kulons-ar-melnu-perli-un-dimantiem-taiti-11-5-mm-0-02-ct\/#primaryimage"},"image":{"@id":"https:\/\/fashiongold.lt\/lv\/rotaslieta\/balta-zelta-kulons-ar-melnu-perli-un-dimantiem-taiti-11-5-mm-0-02-ct\/#primaryimage"},"thumbnailUrl":"https:\/\/fashiongold.lt\/wp-content\/uploads\/2025\/10\/12077-a06-Balto-aukso-pakabukas-su-juodu-perlu-ir-deimantais-Taicio-11.5-mm-0.02-ct.png","datePublished":"2025-10-24T00:55:48+00:00","description":"Klasiska dizaina balt\u0101 zelta kulons ar j\u016bras p\u0113rli 11,5 mm un dimantiem. Lieliska d\u0101vana ikdienai un \u012bpa\u0161iem gad\u012bjumiem, izsmalcin\u0101tam stilam.","breadcrumb":{"@id":"https:\/\/fashiongold.lt\/lv\/rotaslieta\/balta-zelta-kulons-ar-melnu-perli-un-dimantiem-taiti-11-5-mm-0-02-ct\/#breadcrumb"},"inLanguage":"lv-LV","potentialAction":[{"@type":"ReadAction","target":["https:\/\/fashiongold.lt\/lv\/rotaslieta\/balta-zelta-kulons-ar-melnu-perli-un-dimantiem-taiti-11-5-mm-0-02-ct\/"]}]},{"@type":"ImageObject","inLanguage":"lv-LV","@id":"https:\/\/fashiongold.lt\/lv\/rotaslieta\/balta-zelta-kulons-ar-melnu-perli-un-dimantiem-taiti-11-5-mm-0-02-ct\/#primaryimage","url":"https:\/\/fashiongold.lt\/wp-content\/uploads\/2025\/10\/12077-a06-Balto-aukso-pakabukas-su-juodu-perlu-ir-deimantais-Taicio-11.5-mm-0.02-ct.png","contentUrl":"https:\/\/fashiongold.lt\/wp-content\/uploads\/2025\/10\/12077-a06-Balto-aukso-pakabukas-su-juodu-perlu-ir-deimantais-Taicio-11.5-mm-0.02-ct.png","width":1000,"height":1000},{"@type":"BreadcrumbList","@id":"https:\/\/fashiongold.lt\/lv\/rotaslieta\/balta-zelta-kulons-ar-melnu-perli-un-dimantiem-taiti-11-5-mm-0-02-ct\/#breadcrumb","itemListElement":[{"@type":"ListItem","position":1,"name":"Home","item":"https:\/\/fashiongold.lt\/lv\/"},{"@type":"ListItem","position":2,"name":"Dimantu veikals Fashiongold.lt","item":"https:\/\/fashiongold.lt\/shop-2\/"},{"@type":"ListItem","position":3,"name":"Balt\u0101 zelta kulons ar melnu p\u0113rli un dimantiem (Taiti, 11.5 mm, 0.02 ct)"}]},{"@type":"WebSite","@id":"https:\/\/fashiongold.lt\/lv\/#website","url":"https:\/\/fashiongold.lt\/lv\/","name":"Fashion Gold","description":"Juvelierizstr\u0101d\u0101jumu nams","publisher":{"@id":"https:\/\/fashiongold.lt\/lv\/#organization"},"potentialAction":[{"@type":"SearchAction","target":{"@type":"EntryPoint","urlTemplate":"https:\/\/fashiongold.lt\/lv\/?s={search_term_string}"},"query-input":{"@type":"PropertyValueSpecification","valueRequired":true,"valueName":"search_term_string"}}],"inLanguage":"lv-LV"},{"@type":"Organization","@id":"https:\/\/fashiongold.lt\/lv\/#organization","name":"Topdiamonds Online","url":"https:\/\/fashiongold.lt\/lv\/","logo":{"@type":"ImageObject","inLanguage":"lv-LV","@id":"https:\/\/fashiongold.lt\/lv\/#\/schema\/logo\/image\/","url":"https:\/\/fashiongold.lt\/wp-content\/uploads\/2025\/04\/cropped-fashion_gold_logotipas2-scaled-1.png","contentUrl":"https:\/\/fashiongold.lt\/wp-content\/uploads\/2025\/04\/cropped-fashion_gold_logotipas2-scaled-1.png","width":2559,"height":421,"caption":"Topdiamonds Online"},"image":{"@id":"https:\/\/fashiongold.lt\/lv\/#\/schema\/logo\/image\/"}}]}},"_links":{"self":[{"href":"https:\/\/fashiongold.lt\/lv\/wp-json\/wp\/v2\/product\/273791","targetHints":{"allow":["GET"]}}],"collection":[{"href":"https:\/\/fashiongold.lt\/lv\/wp-json\/wp\/v2\/product"}],"about":[{"href":"https:\/\/fashiongold.lt\/lv\/wp-json\/wp\/v2\/types\/product"}],"version-history":[{"count":0,"href":"https:\/\/fashiongold.lt\/lv\/wp-json\/wp\/v2\/product\/273791\/revisions"}],"wp:featuredmedia":[{"embeddable":true,"href":"https:\/\/fashiongold.lt\/lv\/wp-json\/wp\/v2\/media\/251723"}],"wp:attachment":[{"href":"https:\/\/fashiongold.lt\/lv\/wp-json\/wp\/v2\/media?parent=273791"}],"wp:term":[{"taxonomy":"product_brand","embeddable":true,"href":"https:\/\/fashiongold.lt\/lv\/wp-json\/wp\/v2\/product_brand?post=273791"},{"taxonomy":"product_cat","embeddable":true,"href":"https:\/\/fashiongold.lt\/lv\/wp-json\/wp\/v2\/product_cat?post=273791"},{"taxonomy":"product_tag","embeddable":true,"href":"https:\/\/fashiongold.lt\/lv\/wp-json\/wp\/v2\/product_tag?post=273791"}],"curies":[{"name":"wp","href":"https:\/\/api.w.org\/{rel}","templated":true}]}}