{"id":273814,"date":"2025-10-24T00:08:03","date_gmt":"2025-10-24T00:08:03","guid":{"rendered":"https:\/\/fashiongold.lt\/papuosalas\/grezna-zelta-kolje-ar-15-00-ct-emerald-pear-un-round-laboratorija-audzetiem-dimantiem\/"},"modified":"2025-10-24T00:08:03","modified_gmt":"2025-10-24T00:08:03","slug":"grezna-zelta-kolje-ar-15-00-ct-emerald-pear-un-round-laboratorija-audzetiem-dimantiem","status":"publish","type":"product","link":"https:\/\/fashiongold.lt\/lv\/papuosalas\/grezna-zelta-kolje-ar-15-00-ct-emerald-pear-un-round-laboratorija-audzetiem-dimantiem\/","title":{"rendered":"Grezna zelta kolj\u0113 ar 15.00 ct Emerald, Pear un Round laboratorij\u0101 audz\u0113tiem dimantiem"},"content":{"rendered":"<p>Ra\u017eots Lietuv\u0101. Kulons var tikt izgatavots p\u0113c pas\u016bt\u012bjuma: no sarkan\u0101, dzelten\u0101 un balt\u0101 zelta.<\/p>\n<p>\u2022 Kulona un \u0137\u0113d\u012btes zelts: 14 K (585. prove), varam izgatavot no 10K (375. proves), 18K (750. proves)<\/p>\n<p>\u2022 Kulona un \u0137\u0113d\u012btes kr\u0101sa: var izv\u0113l\u0113ties balto, dzelteno, sarkano zeltu<\/p>\n<p>\u2022 Kulona un \u0137\u0113d\u012btes svars (atkar\u012bgs no izm\u0113ra un proves): aptuveni 25,00 &#8211; 30,00 g<\/p>\n<p>\u2022 Kulona un \u0137\u0113d\u012btes izm\u0113ri: (iesp\u0113jams main\u012bt)<\/p>\n<p>\u2022 Dimanta tips: laboratorij\u0101 audz\u0113ti dimanti (Lab Grown Diamonds)<\/p>\n<p>\u2022 Dimanta forma: Emerald, l\u0101ses un apa\u013cas formas (Emerald, Pear, Round cut)<\/p>\n<p>\u2022 Dimanta raksturojums: kop\u0113jais svars 15.00 ct, kr\u0101sa D-E(EW); dzidrums VVS<\/p>\n<p>\u2022 Sertifik\u0101ts: Lietuvas Prove\u0161anas pal\u0101ta (LPR) un papildu starptautiskais sertifik\u0101ts IGI<\/p>\n<p>\u2022 \u0136\u0113d\u012btes garums: regul\u0113jams 45 cm<\/p>\n<p>\u2022 Izgatavo\u0161anas un pieg\u0101des termi\u0146\u0161 no 14 darba dien\u0101m, steidzam\u012bbas k\u0101rt\u0101 3 d.d. laik\u0101.<\/p>\n<p><strong>Jums ir savs zelts? Sazinieties ar mums, m\u0113s p\u0101rr\u0113\u0137in\u0101sim cenu &#8211; maks\u0101siet tikai par gredzenu izgatavo\u0161anu.<\/strong><\/p>\n","protected":false},"excerpt":{"rendered":"<p>\u013baujiet sav\u0101m zvaigzn\u0113m mirdz\u0113t ar zelta \u0137\u0113d\u012bti ar apa\u013cu laboratorij\u0101 audz\u0113tu dimantu un ekskluz\u012bva dizaina greznu, mirdzo\u0161u kulonu no l\u0101ses un taisnst\u016bra formas laboratorij\u0101 audz\u0113ta dimanta.<\/p>\n","protected":false},"featured_media":249941,"template":"","meta":{"site-sidebar-layout":"","site-content-layout":"","ast-site-content-layout":"","site-content-style":"","site-sidebar-style":"","ast-global-header-display":"","ast-banner-title-visibility":"","ast-main-header-display":"","ast-hfb-above-header-display":"","ast-hfb-below-header-display":"","ast-hfb-mobile-header-display":"","site-post-title":"","ast-breadcrumbs-content":"","ast-featured-img":"","footer-sml-layout":"","ast-disable-related-posts":"","theme-transparent-header-meta":"","adv-header-id-meta":"","stick-header-meta":"","header-above-stick-meta":"","header-main-stick-meta":"","header-below-stick-meta":"","astra-migrate-meta-layouts":"default","ast-page-background-enabled":"default","ast-page-background-meta":{"desktop":{"background-color":"var(--ast-global-color-4)","background-image":"","background-repeat":"repeat","background-position":"center center","background-size":"auto","background-attachment":"scroll","background-type":"","background-media":"","overlay-type":"","overlay-color":"","overlay-opacity":"","overlay-gradient":""},"tablet":{"background-color":"","background-image":"","background-repeat":"repeat","background-position":"center center","background-size":"auto","background-attachment":"scroll","background-type":"","background-media":"","overlay-type":"","overlay-color":"","overlay-opacity":"","overlay-gradient":""},"mobile":{"background-color":"","background-image":"","background-repeat":"repeat","background-position":"center center","background-size":"auto","background-attachment":"scroll","background-type":"","background-media":"","overlay-type":"","overlay-color":"","overlay-opacity":"","overlay-gradient":""}},"ast-content-background-meta":{"desktop":{"background-color":"var(--ast-global-color-5)","background-image":"","background-repeat":"repeat","background-position":"center center","background-size":"auto","background-attachment":"scroll","background-type":"","background-media":"","overlay-type":"","overlay-color":"","overlay-opacity":"","overlay-gradient":""},"tablet":{"background-color":"var(--ast-global-color-5)","background-image":"","background-repeat":"repeat","background-position":"center center","background-size":"auto","background-attachment":"scroll","background-type":"","background-media":"","overlay-type":"","overlay-color":"","overlay-opacity":"","overlay-gradient":""},"mobile":{"background-color":"var(--ast-global-color-5)","background-image":"","background-repeat":"repeat","background-position":"center center","background-size":"auto","background-attachment":"scroll","background-type":"","background-media":"","overlay-type":"","overlay-color":"","overlay-opacity":"","overlay-gradient":""}}},"product_brand":[],"product_cat":[2921,2916,2914,3504,3577],"product_tag":[],"class_list":{"0":"post-273814","1":"product","2":"type-product","3":"status-publish","4":"has-post-thumbnail","6":"product_cat-davanas-ipasiem-gadijumiem","7":"product_cat-davanas-kazu-gadadiena","8":"product_cat-davanas-sievietem","9":"product_cat-juvelierizstradajumi-ar-laboratorija-audzetiem-dimantiem","10":"product_cat-kuloni-ar-laboratorijas-dimantiem","11":"desktop-align-center","12":"tablet-align-left","13":"mobile-align-left","14":"ast-product-gallery-layout-horizontal-slider","15":"ast-product-gallery-with-no-image","16":"ast-product-single-variable","17":"ast-product-tabs-layout-accordion","18":"ast-qv-on-image","20":"first","21":"instock","22":"taxable","23":"shipping-taxable","24":"purchasable","25":"product-type-variable"},"yoast_head":"<!-- This site is optimized with the Yoast SEO plugin v26.6 - https:\/\/yoast.com\/wordpress\/plugins\/seo\/ -->\n<title>Kaklarota ar 15.00 ct smaragda, bumbierveida un apa\u013cas formas laboratorij\u0101 audz\u0113tiem dimantiem<\/title>\n<meta name=\"description\" content=\"Grezna zelta kolj\u0113 ar 15,00 ct piekari\u0146u, kas rot\u0101ts ar Emerald, Pear un apa\u013c\u0101 sl\u012bp\u0113juma laboratorij\u0101 audz\u0113tiem dimantiem. Izcila d\u0101vana \u012bpa\u0161iem gad\u012bjumiem.\" \/>\n<meta name=\"robots\" content=\"index, follow, max-snippet:-1, max-image-preview:large, max-video-preview:-1\" \/>\n<link rel=\"canonical\" href=\"https:\/\/fashiongold.lt\/lv\/papuosalas\/grezna-zelta-kolje-ar-15-00-ct-emerald-pear-un-round-laboratorija-audzetiem-dimantiem\/\" \/>\n<meta property=\"og:locale\" content=\"lv_LV\" \/>\n<meta property=\"og:type\" content=\"article\" \/>\n<meta property=\"og:title\" content=\"Kaklarota ar 15.00 ct smaragda, bumbierveida un apa\u013cas formas laboratorij\u0101 audz\u0113tiem dimantiem\" \/>\n<meta property=\"og:description\" content=\"Grezna zelta kolj\u0113 ar 15,00 ct piekari\u0146u, kas rot\u0101ts ar Emerald, Pear un apa\u013c\u0101 sl\u012bp\u0113juma laboratorij\u0101 audz\u0113tiem dimantiem. Izcila d\u0101vana \u012bpa\u0161iem gad\u012bjumiem.\" \/>\n<meta property=\"og:url\" content=\"https:\/\/fashiongold.lt\/lv\/papuosalas\/grezna-zelta-kolje-ar-15-00-ct-emerald-pear-un-round-laboratorija-audzetiem-dimantiem\/\" \/>\n<meta property=\"og:site_name\" content=\"FashionGold.lt\" \/>\n<meta property=\"og:image\" content=\"https:\/\/fashiongold.lt\/wp-content\/uploads\/2025\/10\/11022-892-Prabangus-auksinis-kolje-su-15.00-ct-Emerald-Pear-and-Round-Lab-Grown-Deimantais.webp\" \/>\n\t<meta property=\"og:image:width\" content=\"1000\" \/>\n\t<meta property=\"og:image:height\" content=\"1000\" \/>\n\t<meta property=\"og:image:type\" content=\"image\/png\" \/>\n<meta name=\"twitter:card\" content=\"summary_large_image\" \/>\n<meta name=\"twitter:label1\" content=\"Est. reading time\" \/>\n\t<meta name=\"twitter:data1\" content=\"1 minute\" \/>\n<script type=\"application\/ld+json\" class=\"yoast-schema-graph\">{\"@context\":\"https:\/\/schema.org\",\"@graph\":[{\"@type\":\"WebPage\",\"@id\":\"https:\/\/fashiongold.lt\/lv\/papuosalas\/grezna-zelta-kolje-ar-15-00-ct-emerald-pear-un-round-laboratorija-audzetiem-dimantiem\/\",\"url\":\"https:\/\/fashiongold.lt\/lv\/papuosalas\/grezna-zelta-kolje-ar-15-00-ct-emerald-pear-un-round-laboratorija-audzetiem-dimantiem\/\",\"name\":\"Kaklarota ar 15.00 ct smaragda, bumbierveida un apa\u013cas formas laboratorij\u0101 audz\u0113tiem dimantiem\",\"isPartOf\":{\"@id\":\"https:\/\/fashiongold.lt\/lv\/#website\"},\"primaryImageOfPage\":{\"@id\":\"https:\/\/fashiongold.lt\/lv\/papuosalas\/grezna-zelta-kolje-ar-15-00-ct-emerald-pear-un-round-laboratorija-audzetiem-dimantiem\/#primaryimage\"},\"image\":{\"@id\":\"https:\/\/fashiongold.lt\/lv\/papuosalas\/grezna-zelta-kolje-ar-15-00-ct-emerald-pear-un-round-laboratorija-audzetiem-dimantiem\/#primaryimage\"},\"thumbnailUrl\":\"https:\/\/fashiongold.lt\/wp-content\/uploads\/2025\/10\/11022-892-Prabangus-auksinis-kolje-su-15.00-ct-Emerald-Pear-and-Round-Lab-Grown-Deimantais.png\",\"datePublished\":\"2025-10-24T00:08:03+00:00\",\"description\":\"Grezna zelta kolj\u0113 ar 15,00 ct piekari\u0146u, kas rot\u0101ts ar Emerald, Pear un apa\u013c\u0101 sl\u012bp\u0113juma laboratorij\u0101 audz\u0113tiem dimantiem. Izcila d\u0101vana \u012bpa\u0161iem gad\u012bjumiem.\",\"breadcrumb\":{\"@id\":\"https:\/\/fashiongold.lt\/lv\/papuosalas\/grezna-zelta-kolje-ar-15-00-ct-emerald-pear-un-round-laboratorija-audzetiem-dimantiem\/#breadcrumb\"},\"inLanguage\":\"lv-LV\",\"potentialAction\":[{\"@type\":\"ReadAction\",\"target\":[\"https:\/\/fashiongold.lt\/lv\/papuosalas\/grezna-zelta-kolje-ar-15-00-ct-emerald-pear-un-round-laboratorija-audzetiem-dimantiem\/\"]}]},{\"@type\":\"ImageObject\",\"inLanguage\":\"lv-LV\",\"@id\":\"https:\/\/fashiongold.lt\/lv\/papuosalas\/grezna-zelta-kolje-ar-15-00-ct-emerald-pear-un-round-laboratorija-audzetiem-dimantiem\/#primaryimage\",\"url\":\"https:\/\/fashiongold.lt\/wp-content\/uploads\/2025\/10\/11022-892-Prabangus-auksinis-kolje-su-15.00-ct-Emerald-Pear-and-Round-Lab-Grown-Deimantais.png\",\"contentUrl\":\"https:\/\/fashiongold.lt\/wp-content\/uploads\/2025\/10\/11022-892-Prabangus-auksinis-kolje-su-15.00-ct-Emerald-Pear-and-Round-Lab-Grown-Deimantais.png\",\"width\":1000,\"height\":1000},{\"@type\":\"BreadcrumbList\",\"@id\":\"https:\/\/fashiongold.lt\/lv\/papuosalas\/grezna-zelta-kolje-ar-15-00-ct-emerald-pear-un-round-laboratorija-audzetiem-dimantiem\/#breadcrumb\",\"itemListElement\":[{\"@type\":\"ListItem\",\"position\":1,\"name\":\"Home\",\"item\":\"https:\/\/fashiongold.lt\/lv\/\"},{\"@type\":\"ListItem\",\"position\":2,\"name\":\"Dimantu veikals Fashiongold.lt\",\"item\":\"https:\/\/fashiongold.lt\/shop-2\/\"},{\"@type\":\"ListItem\",\"position\":3,\"name\":\"Grezna zelta kolj\u0113 ar 15.00 ct Emerald, Pear un Round laboratorij\u0101 audz\u0113tiem dimantiem\"}]},{\"@type\":\"WebSite\",\"@id\":\"https:\/\/fashiongold.lt\/lv\/#website\",\"url\":\"https:\/\/fashiongold.lt\/lv\/\",\"name\":\"Fashion Gold\",\"description\":\"Juvelyrikos namai\",\"publisher\":{\"@id\":\"https:\/\/fashiongold.lt\/lv\/#organization\"},\"potentialAction\":[{\"@type\":\"SearchAction\",\"target\":{\"@type\":\"EntryPoint\",\"urlTemplate\":\"https:\/\/fashiongold.lt\/lv\/?s={search_term_string}\"},\"query-input\":{\"@type\":\"PropertyValueSpecification\",\"valueRequired\":true,\"valueName\":\"search_term_string\"}}],\"inLanguage\":\"lv-LV\"},{\"@type\":\"Organization\",\"@id\":\"https:\/\/fashiongold.lt\/lv\/#organization\",\"name\":\"Topdiamonds Online\",\"url\":\"https:\/\/fashiongold.lt\/lv\/\",\"logo\":{\"@type\":\"ImageObject\",\"inLanguage\":\"lv-LV\",\"@id\":\"https:\/\/fashiongold.lt\/lv\/#\/schema\/logo\/image\/\",\"url\":\"https:\/\/fashiongold.lt\/wp-content\/uploads\/2025\/04\/cropped-fashion_gold_logotipas2-scaled-1.png\",\"contentUrl\":\"https:\/\/fashiongold.lt\/wp-content\/uploads\/2025\/04\/cropped-fashion_gold_logotipas2-scaled-1.png\",\"width\":2559,\"height\":421,\"caption\":\"Topdiamonds Online\"},\"image\":{\"@id\":\"https:\/\/fashiongold.lt\/lv\/#\/schema\/logo\/image\/\"}}]}<\/script>\n<!-- \/ Yoast SEO plugin. -->","yoast_head_json":{"title":"Kaklarota ar 15.00 ct smaragda, bumbierveida un apa\u013cas formas laboratorij\u0101 audz\u0113tiem dimantiem","description":"Grezna zelta kolj\u0113 ar 15,00 ct piekari\u0146u, kas rot\u0101ts ar Emerald, Pear un apa\u013c\u0101 sl\u012bp\u0113juma laboratorij\u0101 audz\u0113tiem dimantiem. Izcila d\u0101vana \u012bpa\u0161iem gad\u012bjumiem.","robots":{"index":"index","follow":"follow","max-snippet":"max-snippet:-1","max-image-preview":"max-image-preview:large","max-video-preview":"max-video-preview:-1"},"canonical":"https:\/\/fashiongold.lt\/lv\/papuosalas\/grezna-zelta-kolje-ar-15-00-ct-emerald-pear-un-round-laboratorija-audzetiem-dimantiem\/","og_locale":"lv_LV","og_type":"article","og_title":"Kaklarota ar 15.00 ct smaragda, bumbierveida un apa\u013cas formas laboratorij\u0101 audz\u0113tiem dimantiem","og_description":"Grezna zelta kolj\u0113 ar 15,00 ct piekari\u0146u, kas rot\u0101ts ar Emerald, Pear un apa\u013c\u0101 sl\u012bp\u0113juma laboratorij\u0101 audz\u0113tiem dimantiem. Izcila d\u0101vana \u012bpa\u0161iem gad\u012bjumiem.","og_url":"https:\/\/fashiongold.lt\/lv\/papuosalas\/grezna-zelta-kolje-ar-15-00-ct-emerald-pear-un-round-laboratorija-audzetiem-dimantiem\/","og_site_name":"FashionGold.lt","og_image":[{"width":1000,"height":1000,"url":"https:\/\/fashiongold.lt\/wp-content\/uploads\/2025\/10\/11022-892-Prabangus-auksinis-kolje-su-15.00-ct-Emerald-Pear-and-Round-Lab-Grown-Deimantais.webp","type":"image\/png"}],"twitter_card":"summary_large_image","twitter_misc":{"Est. reading time":"1 minute"},"schema":{"@context":"https:\/\/schema.org","@graph":[{"@type":"WebPage","@id":"https:\/\/fashiongold.lt\/lv\/papuosalas\/grezna-zelta-kolje-ar-15-00-ct-emerald-pear-un-round-laboratorija-audzetiem-dimantiem\/","url":"https:\/\/fashiongold.lt\/lv\/papuosalas\/grezna-zelta-kolje-ar-15-00-ct-emerald-pear-un-round-laboratorija-audzetiem-dimantiem\/","name":"Kaklarota ar 15.00 ct smaragda, bumbierveida un apa\u013cas formas laboratorij\u0101 audz\u0113tiem dimantiem","isPartOf":{"@id":"https:\/\/fashiongold.lt\/lv\/#website"},"primaryImageOfPage":{"@id":"https:\/\/fashiongold.lt\/lv\/papuosalas\/grezna-zelta-kolje-ar-15-00-ct-emerald-pear-un-round-laboratorija-audzetiem-dimantiem\/#primaryimage"},"image":{"@id":"https:\/\/fashiongold.lt\/lv\/papuosalas\/grezna-zelta-kolje-ar-15-00-ct-emerald-pear-un-round-laboratorija-audzetiem-dimantiem\/#primaryimage"},"thumbnailUrl":"https:\/\/fashiongold.lt\/wp-content\/uploads\/2025\/10\/11022-892-Prabangus-auksinis-kolje-su-15.00-ct-Emerald-Pear-and-Round-Lab-Grown-Deimantais.png","datePublished":"2025-10-24T00:08:03+00:00","description":"Grezna zelta kolj\u0113 ar 15,00 ct piekari\u0146u, kas rot\u0101ts ar Emerald, Pear un apa\u013c\u0101 sl\u012bp\u0113juma laboratorij\u0101 audz\u0113tiem dimantiem. Izcila d\u0101vana \u012bpa\u0161iem gad\u012bjumiem.","breadcrumb":{"@id":"https:\/\/fashiongold.lt\/lv\/papuosalas\/grezna-zelta-kolje-ar-15-00-ct-emerald-pear-un-round-laboratorija-audzetiem-dimantiem\/#breadcrumb"},"inLanguage":"lv-LV","potentialAction":[{"@type":"ReadAction","target":["https:\/\/fashiongold.lt\/lv\/papuosalas\/grezna-zelta-kolje-ar-15-00-ct-emerald-pear-un-round-laboratorija-audzetiem-dimantiem\/"]}]},{"@type":"ImageObject","inLanguage":"lv-LV","@id":"https:\/\/fashiongold.lt\/lv\/papuosalas\/grezna-zelta-kolje-ar-15-00-ct-emerald-pear-un-round-laboratorija-audzetiem-dimantiem\/#primaryimage","url":"https:\/\/fashiongold.lt\/wp-content\/uploads\/2025\/10\/11022-892-Prabangus-auksinis-kolje-su-15.00-ct-Emerald-Pear-and-Round-Lab-Grown-Deimantais.png","contentUrl":"https:\/\/fashiongold.lt\/wp-content\/uploads\/2025\/10\/11022-892-Prabangus-auksinis-kolje-su-15.00-ct-Emerald-Pear-and-Round-Lab-Grown-Deimantais.png","width":1000,"height":1000},{"@type":"BreadcrumbList","@id":"https:\/\/fashiongold.lt\/lv\/papuosalas\/grezna-zelta-kolje-ar-15-00-ct-emerald-pear-un-round-laboratorija-audzetiem-dimantiem\/#breadcrumb","itemListElement":[{"@type":"ListItem","position":1,"name":"Home","item":"https:\/\/fashiongold.lt\/lv\/"},{"@type":"ListItem","position":2,"name":"Dimantu veikals Fashiongold.lt","item":"https:\/\/fashiongold.lt\/shop-2\/"},{"@type":"ListItem","position":3,"name":"Grezna zelta kolj\u0113 ar 15.00 ct Emerald, Pear un Round laboratorij\u0101 audz\u0113tiem dimantiem"}]},{"@type":"WebSite","@id":"https:\/\/fashiongold.lt\/lv\/#website","url":"https:\/\/fashiongold.lt\/lv\/","name":"Fashion Gold","description":"Juvelyrikos namai","publisher":{"@id":"https:\/\/fashiongold.lt\/lv\/#organization"},"potentialAction":[{"@type":"SearchAction","target":{"@type":"EntryPoint","urlTemplate":"https:\/\/fashiongold.lt\/lv\/?s={search_term_string}"},"query-input":{"@type":"PropertyValueSpecification","valueRequired":true,"valueName":"search_term_string"}}],"inLanguage":"lv-LV"},{"@type":"Organization","@id":"https:\/\/fashiongold.lt\/lv\/#organization","name":"Topdiamonds Online","url":"https:\/\/fashiongold.lt\/lv\/","logo":{"@type":"ImageObject","inLanguage":"lv-LV","@id":"https:\/\/fashiongold.lt\/lv\/#\/schema\/logo\/image\/","url":"https:\/\/fashiongold.lt\/wp-content\/uploads\/2025\/04\/cropped-fashion_gold_logotipas2-scaled-1.png","contentUrl":"https:\/\/fashiongold.lt\/wp-content\/uploads\/2025\/04\/cropped-fashion_gold_logotipas2-scaled-1.png","width":2559,"height":421,"caption":"Topdiamonds Online"},"image":{"@id":"https:\/\/fashiongold.lt\/lv\/#\/schema\/logo\/image\/"}}]}},"_links":{"self":[{"href":"https:\/\/fashiongold.lt\/lv\/wp-json\/wp\/v2\/product\/273814","targetHints":{"allow":["GET"]}}],"collection":[{"href":"https:\/\/fashiongold.lt\/lv\/wp-json\/wp\/v2\/product"}],"about":[{"href":"https:\/\/fashiongold.lt\/lv\/wp-json\/wp\/v2\/types\/product"}],"version-history":[{"count":0,"href":"https:\/\/fashiongold.lt\/lv\/wp-json\/wp\/v2\/product\/273814\/revisions"}],"wp:featuredmedia":[{"embeddable":true,"href":"https:\/\/fashiongold.lt\/lv\/wp-json\/wp\/v2\/media\/249941"}],"wp:attachment":[{"href":"https:\/\/fashiongold.lt\/lv\/wp-json\/wp\/v2\/media?parent=273814"}],"wp:term":[{"taxonomy":"product_brand","embeddable":true,"href":"https:\/\/fashiongold.lt\/lv\/wp-json\/wp\/v2\/product_brand?post=273814"},{"taxonomy":"product_cat","embeddable":true,"href":"https:\/\/fashiongold.lt\/lv\/wp-json\/wp\/v2\/product_cat?post=273814"},{"taxonomy":"product_tag","embeddable":true,"href":"https:\/\/fashiongold.lt\/lv\/wp-json\/wp\/v2\/product_tag?post=273814"}],"curies":[{"name":"wp","href":"https:\/\/api.w.org\/{rel}","templated":true}]}}