{"id":273821,"date":"2025-10-23T14:42:16","date_gmt":"2025-10-23T14:42:16","guid":{"rendered":"https:\/\/fashiongold.lt\/papuosalas\/saderinasanas-gredzens-ar-1-00-ct-lases-formas-dimantu\/"},"modified":"2025-10-23T14:42:16","modified_gmt":"2025-10-23T14:42:16","slug":"saderinasanas-gredzens-ar-1-00-ct-lases-formas-dimantu","status":"publish","type":"product","link":"https:\/\/fashiongold.lt\/lv\/papuosalas\/saderinasanas-gredzens-ar-1-00-ct-lases-formas-dimantu\/","title":{"rendered":"Saderin\u0101\u0161an\u0101s gredzens ar 1.00 ct l\u0101ses formas dimantu"},"content":{"rendered":"<p><span data-sheets-root=\"1\">Izteiksm\u012bgs saderin\u0101\u0161an\u0101s gredzens ar l\u0101ses formas dimantu, ko ieskauj maz\u0101ku briljantu mirdzums. Vienk\u0101r\u0161\u0101, elegant\u0101 st\u012bpi\u0146a smalki izce\u013c galveno akcentu \u2013 1.00 kar\u0101tu laboratorij\u0101 audz\u0113tu vai dabisku dimantu, radot luksusa un romantikas harmoniju.<\/span><\/p>\n<p>Ra\u017eots Lietuv\u0101, iev\u0113rojot augst\u0101kos juvelierizstr\u0101d\u0101jumu ra\u017eo\u0161anas standartus. Gredzens var tikt izgatavots p\u0113c pas\u016bt\u012bjuma: par papildu samaksu ar augst\u0101kas kvalit\u0101tes dimantu vai dimantiem.<\/p>\n<p>&nbsp;<\/p>\n<p>\u2022 <strong>Gredzena met\u0101li:<\/strong> 14K (585 prove), 18K (750 prove), 900 plat\u012bns<br \/>\n\u2022 <strong>Gredzena kr\u0101sa:<\/strong> balta, sarkana, dzeltena<br \/>\n\u2022 <strong>Gredzena svars:<\/strong> (atkar\u012bgs no izm\u0113ra): aptuveni 3,00 &#8211; 3,50 g<br \/>\n\u2022 <strong>Gredzena izm\u0113ri:<\/strong> kro\u0146a platums aptuveni<br \/>\n\u2022 <strong>Gredzena komforta zona:<\/strong> ir<br \/>\n\u2022 <strong>Dimantu tipi:<\/strong> Laboratorij\u0101 audz\u0113ti dimanti vai dabiski dimanti<br \/>\n\u2022 <strong>Dimantu formas:<\/strong> L\u0101ses formas (Pear cut), Apa\u013cas formas (Round cut)<br \/>\n\u2022 <strong>Dimanta raksturojums:<\/strong> 1.00 ct dimants (kr\u0101sa E, dzidrums VVS2) (iesp\u0113jams main\u012bt)<br \/>\n\u2022 <strong>Sertifik\u0101ts:<\/strong> Lietuvas Prove\u0161anas pal\u0101ta (LPR), IGI sertifik\u0101ts<br \/>\n\u2022 <strong>Grav\u0113\u0161ana bez maksas<\/strong><br \/>\n\u2022 <strong>Vienreiz\u0113ja bezmaksas gredzena izm\u0113ra mai\u0146as garantija<\/strong><br \/>\n\u2022 <strong>Izgatavo\u0161anas un pieg\u0101des termi\u0146\u0161:<\/strong> no 14 darba dien\u0101m, steidzam\u012bbas k\u0101rt\u0101 7 d.d. laik\u0101<\/p>\n<p>&nbsp;<\/p>\n<p><span data-sheets-root=\"1\">Vai jums ir savs d\u0101rgakmens vai zelts? Sazinieties ar mums \u2013 m\u0113s p\u0101rr\u0113\u0137in\u0101sim cenu, un j\u016bs maks\u0101siet tikai par gredzenu izgatavo\u0161anu. Pie mums atrad\u012bsiet pla\u0161u saderin\u0101\u0161an\u0101s gredzenu izv\u0113li, kas atbilst da\u017e\u0101d\u0101m gaum\u0113m, bud\u017eetiem un personaliz\u0101cij\u0101m.<\/span><\/p>\n","protected":false},"excerpt":{"rendered":"<p style=\"text-align: left;\"><span data-sheets-root=\"1\">\u013baujiet m\u012blest\u012bbai mirdz\u0113t ar m\u016bsu l\u0101ses formas saderin\u0101\u0161an\u0101s gredzenu.<br \/>\nIzteiksm\u012bgs 1.00 kar\u0101ta dimants, eleganti iestr\u0101d\u0101ts smalk\u0101 kron\u012bt\u012b un ieskauts ar maz\u0101kiem briljantiem, nodro\u0161ina maksim\u0101lu mirdzumu un unikalit\u0101ti, simboliz\u0113jot nep\u0101rsp\u0113jamu skaistumu un m\u016b\u017e\u012bgu ap\u0146em\u0161anos.<\/span><\/p>\n<p style=\"text-align: left;\">\u0160is gredzens ir atbild\u012bga un ilgtsp\u0113j\u012bga izv\u0113le m\u016bsdien\u012bgam p\u0101rim, kas nov\u0113rt\u0113 est\u0113tiku. T\u0101 nav tikai rotaslieta. Tas ir m\u016b\u017e\u012bgs m\u012blest\u012bbas, elegances un atbild\u012bbas simbols.<\/p>\n","protected":false},"featured_media":33937,"template":"","meta":{"site-sidebar-layout":"default","site-content-layout":"","ast-site-content-layout":"default","site-content-style":"default","site-sidebar-style":"default","ast-global-header-display":"","ast-banner-title-visibility":"","ast-main-header-display":"","ast-hfb-above-header-display":"","ast-hfb-below-header-display":"","ast-hfb-mobile-header-display":"","site-post-title":"","ast-breadcrumbs-content":"","ast-featured-img":"","footer-sml-layout":"","ast-disable-related-posts":"","theme-transparent-header-meta":"default","adv-header-id-meta":"","stick-header-meta":"","header-above-stick-meta":"","header-main-stick-meta":"","header-below-stick-meta":"","astra-migrate-meta-layouts":"default","ast-page-background-enabled":"default","ast-page-background-meta":{"desktop":{"background-color":"var(--ast-global-color-4)","background-image":"","background-repeat":"repeat","background-position":"center center","background-size":"auto","background-attachment":"scroll","background-type":"","background-media":"","overlay-type":"","overlay-color":"","overlay-opacity":"","overlay-gradient":""},"tablet":{"background-color":"","background-image":"","background-repeat":"repeat","background-position":"center center","background-size":"auto","background-attachment":"scroll","background-type":"","background-media":"","overlay-type":"","overlay-color":"","overlay-opacity":"","overlay-gradient":""},"mobile":{"background-color":"","background-image":"","background-repeat":"repeat","background-position":"center center","background-size":"auto","background-attachment":"scroll","background-type":"","background-media":"","overlay-type":"","overlay-color":"","overlay-opacity":"","overlay-gradient":""}},"ast-content-background-meta":{"desktop":{"background-color":"var(--ast-global-color-5)","background-image":"","background-repeat":"repeat","background-position":"center center","background-size":"auto","background-attachment":"scroll","background-type":"","background-media":"","overlay-type":"","overlay-color":"","overlay-opacity":"","overlay-gradient":""},"tablet":{"background-color":"var(--ast-global-color-5)","background-image":"","background-repeat":"repeat","background-position":"center center","background-size":"auto","background-attachment":"scroll","background-type":"","background-media":"","overlay-type":"","overlay-color":"","overlay-opacity":"","overlay-gradient":""},"mobile":{"background-color":"var(--ast-global-color-5)","background-image":"","background-repeat":"repeat","background-position":"center center","background-size":"auto","background-attachment":"scroll","background-type":"","background-media":"","overlay-type":"","overlay-color":"","overlay-opacity":"","overlay-gradient":""}}},"product_brand":[],"product_cat":[3446],"product_tag":[],"class_list":{"0":"post-273821","1":"product","2":"type-product","3":"status-publish","4":"has-post-thumbnail","6":"product_cat-klasiskie-saderinasanas-gredzeni","7":"desktop-align-center","8":"tablet-align-left","9":"mobile-align-left","10":"ast-product-gallery-layout-horizontal-slider","11":"ast-product-single-variable","12":"ast-product-tabs-layout-accordion","13":"ast-qv-on-image","15":"first","16":"instock","17":"taxable","18":"shipping-taxable","19":"purchasable","20":"product-type-variable"},"yoast_head":"<!-- This site is optimized with the Yoast SEO plugin v26.6 - https:\/\/yoast.com\/wordpress\/plugins\/seo\/ -->\n<title>Izteiksm\u012bgs saderin\u0101\u0161an\u0101s gredzens ar 1.00 ct l\u0101ses formas dimantu<\/title>\n<meta name=\"description\" content=\"Izteiksm\u012bgs saderin\u0101\u0161an\u0101s gredzens ar 1.00 ct l\u0101s\u012btes formas dimantu un mirdzo\u0161iem briljantiem. Ilgtsp\u0113j\u012bga izv\u0113le, kas rad\u012bta patiesai m\u012blest\u012bbai.\" \/>\n<meta name=\"robots\" content=\"index, follow, max-snippet:-1, max-image-preview:large, max-video-preview:-1\" \/>\n<link rel=\"canonical\" href=\"https:\/\/fashiongold.lt\/lv\/papuosalas\/saderinasanas-gredzens-ar-1-00-ct-lases-formas-dimantu\/\" \/>\n<meta property=\"og:locale\" content=\"lv_LV\" \/>\n<meta property=\"og:type\" content=\"article\" \/>\n<meta property=\"og:title\" content=\"Izteiksm\u012bgs saderin\u0101\u0161an\u0101s gredzens ar 1.00 ct l\u0101ses formas dimantu\" \/>\n<meta property=\"og:description\" content=\"Izteiksm\u012bgs saderin\u0101\u0161an\u0101s gredzens ar 1.00 ct l\u0101s\u012btes formas dimantu un mirdzo\u0161iem briljantiem. Ilgtsp\u0113j\u012bga izv\u0113le, kas rad\u012bta patiesai m\u012blest\u012bbai.\" \/>\n<meta property=\"og:url\" content=\"https:\/\/fashiongold.lt\/lv\/papuosalas\/saderinasanas-gredzens-ar-1-00-ct-lases-formas-dimantu\/\" \/>\n<meta property=\"og:site_name\" content=\"FashionGold.lt\" \/>\n<meta property=\"og:image\" content=\"https:\/\/fashiongold.lt\/wp-content\/uploads\/2025\/10\/suzadetuviu-ziedas-su-laso-formos-deimantu-2.webp\" \/>\n\t<meta property=\"og:image:width\" content=\"800\" \/>\n\t<meta property=\"og:image:height\" content=\"800\" \/>\n\t<meta property=\"og:image:type\" content=\"image\/jpeg\" \/>\n<meta name=\"twitter:card\" content=\"summary_large_image\" \/>\n<meta name=\"twitter:label1\" content=\"Est. reading time\" \/>\n\t<meta name=\"twitter:data1\" content=\"1 minute\" \/>\n<script type=\"application\/ld+json\" class=\"yoast-schema-graph\">{\"@context\":\"https:\/\/schema.org\",\"@graph\":[{\"@type\":\"WebPage\",\"@id\":\"https:\/\/fashiongold.lt\/lv\/papuosalas\/saderinasanas-gredzens-ar-1-00-ct-lases-formas-dimantu\/\",\"url\":\"https:\/\/fashiongold.lt\/lv\/papuosalas\/saderinasanas-gredzens-ar-1-00-ct-lases-formas-dimantu\/\",\"name\":\"Izteiksm\u012bgs saderin\u0101\u0161an\u0101s gredzens ar 1.00 ct l\u0101ses formas dimantu\",\"isPartOf\":{\"@id\":\"https:\/\/fashiongold.lt\/lv\/#website\"},\"primaryImageOfPage\":{\"@id\":\"https:\/\/fashiongold.lt\/lv\/papuosalas\/saderinasanas-gredzens-ar-1-00-ct-lases-formas-dimantu\/#primaryimage\"},\"image\":{\"@id\":\"https:\/\/fashiongold.lt\/lv\/papuosalas\/saderinasanas-gredzens-ar-1-00-ct-lases-formas-dimantu\/#primaryimage\"},\"thumbnailUrl\":\"https:\/\/fashiongold.lt\/wp-content\/uploads\/2025\/10\/suzadetuviu-ziedas-su-laso-formos-deimantu-2.jpg\",\"datePublished\":\"2025-10-23T14:42:16+00:00\",\"description\":\"Izteiksm\u012bgs saderin\u0101\u0161an\u0101s gredzens ar 1.00 ct l\u0101s\u012btes formas dimantu un mirdzo\u0161iem briljantiem. Ilgtsp\u0113j\u012bga izv\u0113le, kas rad\u012bta patiesai m\u012blest\u012bbai.\",\"breadcrumb\":{\"@id\":\"https:\/\/fashiongold.lt\/lv\/papuosalas\/saderinasanas-gredzens-ar-1-00-ct-lases-formas-dimantu\/#breadcrumb\"},\"inLanguage\":\"lv-LV\",\"potentialAction\":[{\"@type\":\"ReadAction\",\"target\":[\"https:\/\/fashiongold.lt\/lv\/papuosalas\/saderinasanas-gredzens-ar-1-00-ct-lases-formas-dimantu\/\"]}]},{\"@type\":\"ImageObject\",\"inLanguage\":\"lv-LV\",\"@id\":\"https:\/\/fashiongold.lt\/lv\/papuosalas\/saderinasanas-gredzens-ar-1-00-ct-lases-formas-dimantu\/#primaryimage\",\"url\":\"https:\/\/fashiongold.lt\/wp-content\/uploads\/2025\/10\/suzadetuviu-ziedas-su-laso-formos-deimantu-2.jpg\",\"contentUrl\":\"https:\/\/fashiongold.lt\/wp-content\/uploads\/2025\/10\/suzadetuviu-ziedas-su-laso-formos-deimantu-2.jpg\",\"width\":800,\"height\":800},{\"@type\":\"BreadcrumbList\",\"@id\":\"https:\/\/fashiongold.lt\/lv\/papuosalas\/saderinasanas-gredzens-ar-1-00-ct-lases-formas-dimantu\/#breadcrumb\",\"itemListElement\":[{\"@type\":\"ListItem\",\"position\":1,\"name\":\"Home\",\"item\":\"https:\/\/fashiongold.lt\/lv\/\"},{\"@type\":\"ListItem\",\"position\":2,\"name\":\"Dimantu veikals Fashiongold.lt\",\"item\":\"https:\/\/fashiongold.lt\/shop-2\/\"},{\"@type\":\"ListItem\",\"position\":3,\"name\":\"Saderin\u0101\u0161an\u0101s gredzens ar 1.00 ct l\u0101ses formas dimantu\"}]},{\"@type\":\"WebSite\",\"@id\":\"https:\/\/fashiongold.lt\/lv\/#website\",\"url\":\"https:\/\/fashiongold.lt\/lv\/\",\"name\":\"Fashion Gold\",\"description\":\"Juvelyrikos namai\",\"publisher\":{\"@id\":\"https:\/\/fashiongold.lt\/lv\/#organization\"},\"potentialAction\":[{\"@type\":\"SearchAction\",\"target\":{\"@type\":\"EntryPoint\",\"urlTemplate\":\"https:\/\/fashiongold.lt\/lv\/?s={search_term_string}\"},\"query-input\":{\"@type\":\"PropertyValueSpecification\",\"valueRequired\":true,\"valueName\":\"search_term_string\"}}],\"inLanguage\":\"lv-LV\"},{\"@type\":\"Organization\",\"@id\":\"https:\/\/fashiongold.lt\/lv\/#organization\",\"name\":\"Topdiamonds Online\",\"url\":\"https:\/\/fashiongold.lt\/lv\/\",\"logo\":{\"@type\":\"ImageObject\",\"inLanguage\":\"lv-LV\",\"@id\":\"https:\/\/fashiongold.lt\/lv\/#\/schema\/logo\/image\/\",\"url\":\"https:\/\/fashiongold.lt\/wp-content\/uploads\/2025\/04\/cropped-fashion_gold_logotipas2-scaled-1.png\",\"contentUrl\":\"https:\/\/fashiongold.lt\/wp-content\/uploads\/2025\/04\/cropped-fashion_gold_logotipas2-scaled-1.png\",\"width\":2559,\"height\":421,\"caption\":\"Topdiamonds Online\"},\"image\":{\"@id\":\"https:\/\/fashiongold.lt\/lv\/#\/schema\/logo\/image\/\"}}]}<\/script>\n<!-- \/ Yoast SEO plugin. -->","yoast_head_json":{"title":"Izteiksm\u012bgs saderin\u0101\u0161an\u0101s gredzens ar 1.00 ct l\u0101ses formas dimantu","description":"Izteiksm\u012bgs saderin\u0101\u0161an\u0101s gredzens ar 1.00 ct l\u0101s\u012btes formas dimantu un mirdzo\u0161iem briljantiem. Ilgtsp\u0113j\u012bga izv\u0113le, kas rad\u012bta patiesai m\u012blest\u012bbai.","robots":{"index":"index","follow":"follow","max-snippet":"max-snippet:-1","max-image-preview":"max-image-preview:large","max-video-preview":"max-video-preview:-1"},"canonical":"https:\/\/fashiongold.lt\/lv\/papuosalas\/saderinasanas-gredzens-ar-1-00-ct-lases-formas-dimantu\/","og_locale":"lv_LV","og_type":"article","og_title":"Izteiksm\u012bgs saderin\u0101\u0161an\u0101s gredzens ar 1.00 ct l\u0101ses formas dimantu","og_description":"Izteiksm\u012bgs saderin\u0101\u0161an\u0101s gredzens ar 1.00 ct l\u0101s\u012btes formas dimantu un mirdzo\u0161iem briljantiem. Ilgtsp\u0113j\u012bga izv\u0113le, kas rad\u012bta patiesai m\u012blest\u012bbai.","og_url":"https:\/\/fashiongold.lt\/lv\/papuosalas\/saderinasanas-gredzens-ar-1-00-ct-lases-formas-dimantu\/","og_site_name":"FashionGold.lt","og_image":[{"width":800,"height":800,"url":"https:\/\/fashiongold.lt\/wp-content\/uploads\/2025\/10\/suzadetuviu-ziedas-su-laso-formos-deimantu-2.webp","type":"image\/jpeg"}],"twitter_card":"summary_large_image","twitter_misc":{"Est. reading time":"1 minute"},"schema":{"@context":"https:\/\/schema.org","@graph":[{"@type":"WebPage","@id":"https:\/\/fashiongold.lt\/lv\/papuosalas\/saderinasanas-gredzens-ar-1-00-ct-lases-formas-dimantu\/","url":"https:\/\/fashiongold.lt\/lv\/papuosalas\/saderinasanas-gredzens-ar-1-00-ct-lases-formas-dimantu\/","name":"Izteiksm\u012bgs saderin\u0101\u0161an\u0101s gredzens ar 1.00 ct l\u0101ses formas dimantu","isPartOf":{"@id":"https:\/\/fashiongold.lt\/lv\/#website"},"primaryImageOfPage":{"@id":"https:\/\/fashiongold.lt\/lv\/papuosalas\/saderinasanas-gredzens-ar-1-00-ct-lases-formas-dimantu\/#primaryimage"},"image":{"@id":"https:\/\/fashiongold.lt\/lv\/papuosalas\/saderinasanas-gredzens-ar-1-00-ct-lases-formas-dimantu\/#primaryimage"},"thumbnailUrl":"https:\/\/fashiongold.lt\/wp-content\/uploads\/2025\/10\/suzadetuviu-ziedas-su-laso-formos-deimantu-2.jpg","datePublished":"2025-10-23T14:42:16+00:00","description":"Izteiksm\u012bgs saderin\u0101\u0161an\u0101s gredzens ar 1.00 ct l\u0101s\u012btes formas dimantu un mirdzo\u0161iem briljantiem. Ilgtsp\u0113j\u012bga izv\u0113le, kas rad\u012bta patiesai m\u012blest\u012bbai.","breadcrumb":{"@id":"https:\/\/fashiongold.lt\/lv\/papuosalas\/saderinasanas-gredzens-ar-1-00-ct-lases-formas-dimantu\/#breadcrumb"},"inLanguage":"lv-LV","potentialAction":[{"@type":"ReadAction","target":["https:\/\/fashiongold.lt\/lv\/papuosalas\/saderinasanas-gredzens-ar-1-00-ct-lases-formas-dimantu\/"]}]},{"@type":"ImageObject","inLanguage":"lv-LV","@id":"https:\/\/fashiongold.lt\/lv\/papuosalas\/saderinasanas-gredzens-ar-1-00-ct-lases-formas-dimantu\/#primaryimage","url":"https:\/\/fashiongold.lt\/wp-content\/uploads\/2025\/10\/suzadetuviu-ziedas-su-laso-formos-deimantu-2.jpg","contentUrl":"https:\/\/fashiongold.lt\/wp-content\/uploads\/2025\/10\/suzadetuviu-ziedas-su-laso-formos-deimantu-2.jpg","width":800,"height":800},{"@type":"BreadcrumbList","@id":"https:\/\/fashiongold.lt\/lv\/papuosalas\/saderinasanas-gredzens-ar-1-00-ct-lases-formas-dimantu\/#breadcrumb","itemListElement":[{"@type":"ListItem","position":1,"name":"Home","item":"https:\/\/fashiongold.lt\/lv\/"},{"@type":"ListItem","position":2,"name":"Dimantu veikals Fashiongold.lt","item":"https:\/\/fashiongold.lt\/shop-2\/"},{"@type":"ListItem","position":3,"name":"Saderin\u0101\u0161an\u0101s gredzens ar 1.00 ct l\u0101ses formas dimantu"}]},{"@type":"WebSite","@id":"https:\/\/fashiongold.lt\/lv\/#website","url":"https:\/\/fashiongold.lt\/lv\/","name":"Fashion Gold","description":"Juvelyrikos namai","publisher":{"@id":"https:\/\/fashiongold.lt\/lv\/#organization"},"potentialAction":[{"@type":"SearchAction","target":{"@type":"EntryPoint","urlTemplate":"https:\/\/fashiongold.lt\/lv\/?s={search_term_string}"},"query-input":{"@type":"PropertyValueSpecification","valueRequired":true,"valueName":"search_term_string"}}],"inLanguage":"lv-LV"},{"@type":"Organization","@id":"https:\/\/fashiongold.lt\/lv\/#organization","name":"Topdiamonds Online","url":"https:\/\/fashiongold.lt\/lv\/","logo":{"@type":"ImageObject","inLanguage":"lv-LV","@id":"https:\/\/fashiongold.lt\/lv\/#\/schema\/logo\/image\/","url":"https:\/\/fashiongold.lt\/wp-content\/uploads\/2025\/04\/cropped-fashion_gold_logotipas2-scaled-1.png","contentUrl":"https:\/\/fashiongold.lt\/wp-content\/uploads\/2025\/04\/cropped-fashion_gold_logotipas2-scaled-1.png","width":2559,"height":421,"caption":"Topdiamonds Online"},"image":{"@id":"https:\/\/fashiongold.lt\/lv\/#\/schema\/logo\/image\/"}}]}},"_links":{"self":[{"href":"https:\/\/fashiongold.lt\/lv\/wp-json\/wp\/v2\/product\/273821","targetHints":{"allow":["GET"]}}],"collection":[{"href":"https:\/\/fashiongold.lt\/lv\/wp-json\/wp\/v2\/product"}],"about":[{"href":"https:\/\/fashiongold.lt\/lv\/wp-json\/wp\/v2\/types\/product"}],"version-history":[{"count":0,"href":"https:\/\/fashiongold.lt\/lv\/wp-json\/wp\/v2\/product\/273821\/revisions"}],"wp:featuredmedia":[{"embeddable":true,"href":"https:\/\/fashiongold.lt\/lv\/wp-json\/wp\/v2\/media\/33937"}],"wp:attachment":[{"href":"https:\/\/fashiongold.lt\/lv\/wp-json\/wp\/v2\/media?parent=273821"}],"wp:term":[{"taxonomy":"product_brand","embeddable":true,"href":"https:\/\/fashiongold.lt\/lv\/wp-json\/wp\/v2\/product_brand?post=273821"},{"taxonomy":"product_cat","embeddable":true,"href":"https:\/\/fashiongold.lt\/lv\/wp-json\/wp\/v2\/product_cat?post=273821"},{"taxonomy":"product_tag","embeddable":true,"href":"https:\/\/fashiongold.lt\/lv\/wp-json\/wp\/v2\/product_tag?post=273821"}],"curies":[{"name":"wp","href":"https:\/\/api.w.org\/{rel}","templated":true}]}}