{"id":273933,"date":"2025-12-28T11:09:00","date_gmt":"2025-12-28T11:09:00","guid":{"rendered":"https:\/\/fashiongold.lt\/papuosalas\/granats-gredzens-ar-granatu-un-dimantiem-ai-juvelieris\/"},"modified":"2025-12-28T11:09:00","modified_gmt":"2025-12-28T11:09:00","slug":"granats-gredzens-ar-granatu-un-dimantiem-ai-juvelieris","status":"publish","type":"product","link":"https:\/\/fashiongold.lt\/lv\/papuosalas\/granats-gredzens-ar-granatu-un-dimantiem-ai-juvelieris\/","title":{"rendered":"Gran\u0101ts &#8211; Gredzens ar gran\u0101tu un dimantiem. AI juvelieris"},"content":{"rendered":"<h2 data-start=\"295\" data-end=\"371\">AI Juvelieris: gredzens ar sarkanu gran\u0101tu (apa\u013cas formas) \u2013 izgatavo\u0161ana p\u0113c individu\u0101la projekta<\/h2>\n<p data-start=\"290\" data-end=\"851\">\u0160is elegantais gredzens ar sarkanu gran\u0101tu ir juveliera rad\u012bts un izgatavots individu\u0101ls projekts, kur\u0101 galvenais akcents ir apa\u013cas formas gran\u0101ts ar pies\u0101tin\u0101tu sarkanu kr\u0101su, dzi\u013cu toni un intens\u012bvu mirdzumu. Tas nav s\u0113rijveida izstr\u0101d\u0101jums \u2013 t\u0101 ir \u012bsta juvelierizstr\u0101d\u0101jumu izgatavo\u0161ana, kas s\u0101kas ar ideju un beidzas ar ar rok\u0101m rad\u012btu, unik\u0101lu gredzenu. Juvelieris izgatavo ne tikai gredzenus, bet ar\u012b auskarus un citas rotaslietas p\u0113c individu\u0101liem pas\u016bt\u012bjumiem, \u012bpa\u0161u uzman\u012bbu piev\u0113r\u0161ot kvalit\u0101tei, est\u0113tikai un ilgm\u016b\u017e\u012bbai.<\/p>\n<p data-start=\"853\" data-end=\"1599\">Projekt\u0113jot gredzenu ar apa\u013cu sarkanu gran\u0101tu, juvelieris vispirms nov\u0113rt\u0113 pa\u0161u akmeni \u2013 t\u0101 dzidrumu, kr\u0101sas pies\u0101tin\u0101jumu un gaismas sp\u0113li. Gran\u0101ta tonis var vari\u0113t no tum\u0161i \u0137ir\u0161u sarkana l\u012bdz ko\u0161\u0101kam, ugun\u012bgam sarkanam, t\u0101p\u0113c tie\u0161i konkr\u0113tais akmens nosaka visu dizaina virzienu. \u0160aj\u0101 model\u012b gran\u0101ts ir iestiprin\u0101ts klasisk\u0101 halo dizain\u0101, kur\u0101 mazi dimanti subtili ier\u0101m\u0113 centr\u0101lo akmeni, pastiprinot t\u0101 mirdzumu un apa\u013c\u0101s formas izteiksm\u012bbu. Atkar\u012bb\u0101 no izv\u0113l\u0113t\u0101 gran\u0101ta tiek veidotas gredzena proporcijas, halo dimantu bl\u012bvums, kro\u0146a augstums un zelta l\u012bniju graciozit\u0101te. Katrs gredzens prasa \u012bpa\u0161i r\u016bp\u012bgu un profesion\u0101lu darbu, lai sasniegtu perfektu est\u0113tikas, \u0113rtuma un ilgm\u016b\u017e\u012bbas l\u012bdzsvaru.<\/p>\n<p data-start=\"1601\" data-end=\"1708\">Gredzens ar sarkanu gran\u0101tu un halo dimantiem tiek izgatavots p\u0113c individu\u0101la pas\u016bt\u012bjuma, t\u0101p\u0113c varam piel\u0101got:<\/p>\n<ul>\n<li>jebkuru <a href=\"https:\/\/fashiongold.lt\/lv\/patarimai-lv\/zelta-krasa-ko-verts-zinat-par-dazadiem-toniem-un-to-ipasibam\/\" target=\"_self\" rel=\"noopener noreferrer\">zelta kr\u0101su<\/a> (balto, dzelteno vai sarkano),<\/li>\n<li><a href=\"https:\/\/fashiongold.lt\/lv\/patarimai-lv\/zelta-prove-juvelierizstradajumiem-ka-izveleties-piemerotako\/\" target=\"_self\" rel=\"noopener noreferrer\">v\u0113lamo zelta provi 585 vai 750<\/a>,<\/li>\n<li>at\u0161\u0137ir\u012bgu dimantu izm\u0113ru un izvietojumu,<\/li>\n<li data-start=\"1302\" data-end=\"1414\">\n<p data-start=\"1304\" data-end=\"1414\">individu\u0101lu sarkan\u0101 gran\u0101ta nokr\u0101su \u2013 no pies\u0101tin\u0101ta tum\u0161a l\u012bdz ko\u0161\u0101kam sarkanam tonim.<\/p>\n<\/li>\n<\/ul>\n<p data-start=\"1975\" data-end=\"2208\">Izv\u0113loties gredzenu p\u0113c individu\u0101la projekta, svar\u012bg\u0101kais ir tas, kas atbilst j\u016bsu j\u016bt\u0101m, person\u012bgajam st\u0101stam un est\u0113tiskajai izj\u016btai. \u0160\u0101di gredzeni k\u013c\u016bst ne tikai par juvelierizstr\u0101d\u0101jumu, bet ar\u012b par noz\u012bm\u012bgu simbolu ar emocion\u0101lu v\u0113rt\u012bbu.<\/p>\n<p data-start=\"2210\" data-end=\"2686\">\u0160aj\u0101 model\u012b ir izv\u0113l\u0113ts klasisks, laikam nepak\u013cauts halo dizains, kas uzsver apa\u013cas formas sarkan\u0101 gran\u0101ta simboliku \u2013 m\u012blest\u012bbu, aizraut\u012bbu, uztic\u012bbu un iek\u0161\u0113jo sp\u0113ku. Mazi dimanti ap centr\u0101lo akmeni rada papildu gaismas sp\u0113li, savuk\u0101rt izv\u0113l\u0113tais zelts pie\u0161\u0137ir gredzenam eleganci, siltumu un luksusu. Gran\u0101ts \u0161aj\u0101 dizain\u0101 k\u013c\u016bst par galveno vizu\u0101lo un emocion\u0101lo akcentu, ko bie\u017ei izv\u0113las saderin\u0101\u0161an\u0101s gredzeniem vai \u012bpa\u0161iem dz\u012bves mirk\u013ciem.<\/p>\n<p data-start=\"2688\" data-end=\"2872\">Visi gredzeni ar sarkaniem gran\u0101tiem <span style=\"font-size: 16px;\">un <\/span><a style=\"font-size: 16px; background-color: #ffffff;\" href=\"https:\/\/fashiongold.lt\/lv\/kategorija\/svinigi-auskari\/\" target=\"_self\" rel=\"noopener noreferrer\">citas rotaslietas<\/a><span style=\"font-size: 16px;\"> tiek izgatavotas Lietuv\u0101 un t\u0101m ir Lietuvas proves biroja sertifik\u0101ti.<\/span><\/p>\n<p>T\u0101 ir <a href=\"https:\/\/fashiongold.lt\/lv\/patarimai-lv\/juvelieris-kad-jusu-sapnis-iegust-zelta-formu\/\" target=\"_self\" rel=\"noopener noreferrer\">juvelierizstr\u0101d\u0101jumu izgatavo\u0161ana p\u0113c individu\u0101la projekta<\/a>, kas paredz\u0113ta tiem, kuri mekl\u0113 ne tikai gredzenu, bet ar\u012b personisku st\u0101stu, kas rad\u012bts no zelta, dimantiem un apa\u013cas formas sarkan\u0101 gran\u0101ta. Katrs \u0161\u0101ds gredzens ir unik\u0101ls, piel\u0101gots tie\u0161i jums un j\u016bsu izv\u0113l\u0113tajam d\u0101rgakmenim. Halo dizains un apa\u013c\u0101 forma pie\u0161\u0137ir \u0161im gredzenam \u012bpa\u0161u emocion\u0101lu v\u0113rt\u012bbu \u2013 tas ir m\u012blest\u012bbas, ap\u0146em\u0161an\u0101s un j\u016btu simbols, kas saglab\u0101jas uz ilgu laiku.<\/p>\n<h4>M\u016bsu pakalpojumi<\/h4>\n<p>Pied\u0101v\u0101jam <a href=\"https:\/\/fashiongold.lt\/lv\/kategorija\/juvelierizstradajumu-razosana\/\" target=\"_self\" rel=\"noopener noreferrer\">individu\u0101lu dizainu, kur katra rotaslieta tiek rad\u012bta p\u0113c j\u016bsu idej\u0101m un v\u012bzijas<\/a>. T\u0101pat veicam restaur\u0101ciju, lai j\u016bsu d\u0101rg\u0101s rotaslietas atkal mirdz\u0113tu k\u0101 jaunas. Katrs m\u016bsu darbs ir ne tikai rota, bet ar\u012b j\u016bsu person\u012bbas atspogu\u013cojums. Katrs m\u016bsu darbs ir pier\u0101d\u012bjums tam, ka kvalit\u0101te un rado\u0161ums var iet roku rok\u0101.<\/p>\n<h4>Atkl\u0101t\u012bba un Garantija<\/h4>\n<p>M\u016bsu pieeja ir atkl\u0101t\u012bba un sirsn\u012bga komunik\u0101cija ar katru klientu. No pirm\u0101s konsult\u0101cijas l\u012bdz gal\u012bgajai rotaslietas sa\u0146em\u0161anai m\u0113s esam blakus, lai pal\u012bdz\u0113tu jums visos jaut\u0101jumos. Pied\u0101v\u0101jam 5 gadu kvalit\u0101tes garantiju visiem m\u016bsu izstr\u0101d\u0101jumiem, t\u0101p\u0113c varat b\u016bt p\u0101rliecin\u0101ti par to uzticam\u012bbu un ilgm\u016b\u017e\u012bbu. M\u016bsu garantija ietver visus izgatavo\u0161anas kvalit\u0101tes aspektus, lai j\u016bs var\u0113tu baud\u012bt rotaslietas bez ba\u017e\u0101m daudzus gadus. M\u0113s r\u016bp\u0113jamies, lai ikviens m\u016bsu klients justos p\u0101rliecin\u0101ts un zin\u0101tu, ka m\u016bsu rotaslietas ir uztic\u012bbas v\u0113rtas.<\/p>\n<h4>Pas\u016bt\u012bjumi un konsult\u0101cijas<\/h4>\n<p>Ja v\u0113laties pas\u016bt\u012bt individu\u0101lu rotaslietu vai konsult\u0113ties par sav\u0101m idej\u0101m, m\u016bsu komanda vienm\u0113r ir gatava jums pal\u012bdz\u0113t. Konsult\u0101cijas laik\u0101 m\u0113s p\u0101rrun\u0101jam j\u016bsu v\u012bziju, v\u0113lmes un pied\u0101v\u0101jam lab\u0101kos risin\u0101jumus, lai var\u0113tu izgatavot rotaslietas, kas atbilst j\u016bsu cer\u012bb\u0101m. Katram pas\u016bt\u012bjumam piev\u0113r\u0161am \u012bpa\u0161u uzman\u012bbu, t\u0101p\u0113c varam pied\u0101v\u0101t individu\u0101lus risin\u0101jumus gan saderin\u0101\u0161an\u0101s gredzeniem, gan cit\u0101m rotasliet\u0101m. Rotaslietu izgatavo\u0161ana parasti ilgst aptuveni 5 ned\u0113\u013cas, bet m\u0113s vienm\u0113r cen\u0161amies, lai j\u016bsu rotaslietas tiktu izgatavotas p\u0113c iesp\u0113jas \u0101tr\u0101k. Sazinieties ar mums \u2013 kop\u0101 rad\u012bsim rotaslietas, kas k\u013c\u016bs par da\u013cu no j\u016bsu st\u0101sta.<\/p>\n","protected":false},"excerpt":{"rendered":"<p>AI Juvelieris: gredzens ar sarkanu gran\u0101tu (apa\u013cas formas) \u2013 izgatavo\u0161ana p\u0113c individu\u0101la projekta \u0160is elegantais gredzens ar sarkanu gran\u0101tu ir [&hellip;]<\/p>\n","protected":false},"featured_media":265729,"template":"","meta":{"site-sidebar-layout":"default","site-content-layout":"","ast-site-content-layout":"default","site-content-style":"default","site-sidebar-style":"default","ast-global-header-display":"","ast-banner-title-visibility":"","ast-main-header-display":"","ast-hfb-above-header-display":"","ast-hfb-below-header-display":"","ast-hfb-mobile-header-display":"","site-post-title":"","ast-breadcrumbs-content":"","ast-featured-img":"","footer-sml-layout":"","ast-disable-related-posts":"","theme-transparent-header-meta":"default","adv-header-id-meta":"","stick-header-meta":"","header-above-stick-meta":"","header-main-stick-meta":"","header-below-stick-meta":"","astra-migrate-meta-layouts":"default","ast-page-background-enabled":"default","ast-page-background-meta":{"desktop":{"background-color":"var(--ast-global-color-4)","background-image":"","background-repeat":"repeat","background-position":"center center","background-size":"auto","background-attachment":"scroll","background-type":"","background-media":"","overlay-type":"","overlay-color":"","overlay-opacity":"","overlay-gradient":""},"tablet":{"background-color":"","background-image":"","background-repeat":"repeat","background-position":"center center","background-size":"auto","background-attachment":"scroll","background-type":"","background-media":"","overlay-type":"","overlay-color":"","overlay-opacity":"","overlay-gradient":""},"mobile":{"background-color":"","background-image":"","background-repeat":"repeat","background-position":"center center","background-size":"auto","background-attachment":"scroll","background-type":"","background-media":"","overlay-type":"","overlay-color":"","overlay-opacity":"","overlay-gradient":""}},"ast-content-background-meta":{"desktop":{"background-color":"var(--ast-global-color-5)","background-image":"","background-repeat":"repeat","background-position":"center center","background-size":"auto","background-attachment":"scroll","background-type":"","background-media":"","overlay-type":"","overlay-color":"","overlay-opacity":"","overlay-gradient":""},"tablet":{"background-color":"var(--ast-global-color-5)","background-image":"","background-repeat":"repeat","background-position":"center center","background-size":"auto","background-attachment":"scroll","background-type":"","background-media":"","overlay-type":"","overlay-color":"","overlay-opacity":"","overlay-gradient":""},"mobile":{"background-color":"var(--ast-global-color-5)","background-image":"","background-repeat":"repeat","background-position":"center center","background-size":"auto","background-attachment":"scroll","background-type":"","background-media":"","overlay-type":"","overlay-color":"","overlay-opacity":"","overlay-gradient":""}}},"product_brand":[],"product_cat":[2939,2930,2929,2937],"product_tag":[],"class_list":{"0":"post-273933","1":"product","2":"type-product","3":"status-publish","4":"has-post-thumbnail","6":"product_cat-gredzeni-ar-dargakmeniem","7":"product_cat-juvelieris","8":"product_cat-juvelierizstradajumu-razosana","9":"product_cat-rotaslietas-ar-pusdargakmeniem","10":"desktop-align-center","11":"tablet-align-left","12":"mobile-align-left","13":"ast-product-gallery-layout-horizontal-slider","14":"ast-product-tabs-layout-accordion","15":"ast-qv-on-image","17":"first","18":"onbackorder","19":"taxable","20":"shipping-taxable","21":"purchasable","22":"product-type-simple"},"yoast_head":"<!-- This site is optimized with the Yoast SEO plugin v26.6 - https:\/\/yoast.com\/wordpress\/plugins\/seo\/ -->\n<title>Sirds formas gredzens ar rubel\u012btu | Juvelieris<\/title>\n<meta name=\"description\" content=\"Romantisks sirds formas gredzens ar roz\u0101 turmal\u012bnu Rubel\u012bts, halo dizains ar dimantiem no roz\u0101 zelta. Individu\u0101ls juveliera roku darbs.\" \/>\n<meta name=\"robots\" content=\"index, follow, max-snippet:-1, max-image-preview:large, max-video-preview:-1\" \/>\n<link rel=\"canonical\" href=\"https:\/\/fashiongold.lt\/lv\/papuosalas\/granats-gredzens-ar-granatu-un-dimantiem-ai-juvelieris\/\" \/>\n<meta property=\"og:locale\" content=\"lv_LV\" \/>\n<meta property=\"og:type\" content=\"article\" \/>\n<meta property=\"og:title\" content=\"Sirds formas gredzens ar rubel\u012btu | Juvelieris\" \/>\n<meta property=\"og:description\" content=\"Romantisks sirds formas gredzens ar roz\u0101 turmal\u012bnu Rubel\u012bts, halo dizains ar dimantiem no roz\u0101 zelta. Individu\u0101ls juveliera roku darbs.\" \/>\n<meta property=\"og:url\" content=\"https:\/\/fashiongold.lt\/lv\/papuosalas\/granats-gredzens-ar-granatu-un-dimantiem-ai-juvelieris\/\" \/>\n<meta property=\"og:site_name\" content=\"FashionGold.lt\" \/>\n<meta property=\"og:image\" content=\"https:\/\/fashiongold.lt\/wp-content\/uploads\/2025\/12\/ziedas-su-apvaliu-granatu-centre-aplink-smulkus-deimantai-ant-moters-rankos-1024x683.png\" \/>\n\t<meta property=\"og:image:width\" content=\"1024\" \/>\n\t<meta property=\"og:image:height\" content=\"683\" \/>\n\t<meta property=\"og:image:type\" content=\"image\/png\" \/>\n<meta name=\"twitter:card\" content=\"summary_large_image\" \/>\n<meta name=\"twitter:label1\" content=\"Est. reading time\" \/>\n\t<meta name=\"twitter:data1\" content=\"5 minutes\" \/>\n<script type=\"application\/ld+json\" class=\"yoast-schema-graph\">{\"@context\":\"https:\/\/schema.org\",\"@graph\":[{\"@type\":\"WebPage\",\"@id\":\"https:\/\/fashiongold.lt\/lv\/papuosalas\/granats-gredzens-ar-granatu-un-dimantiem-ai-juvelieris\/\",\"url\":\"https:\/\/fashiongold.lt\/lv\/papuosalas\/granats-gredzens-ar-granatu-un-dimantiem-ai-juvelieris\/\",\"name\":\"Sirds formas gredzens ar rubel\u012btu | Juvelieris\",\"isPartOf\":{\"@id\":\"https:\/\/fashiongold.lt\/lv\/#website\"},\"primaryImageOfPage\":{\"@id\":\"https:\/\/fashiongold.lt\/lv\/papuosalas\/granats-gredzens-ar-granatu-un-dimantiem-ai-juvelieris\/#primaryimage\"},\"image\":{\"@id\":\"https:\/\/fashiongold.lt\/lv\/papuosalas\/granats-gredzens-ar-granatu-un-dimantiem-ai-juvelieris\/#primaryimage\"},\"thumbnailUrl\":\"https:\/\/fashiongold.lt\/wp-content\/uploads\/2025\/12\/ziedas-su-apvaliu-granatu-centre-aplink-smulkus-deimantai-ant-moters-rankos.png\",\"datePublished\":\"2025-12-28T11:09:00+00:00\",\"description\":\"Romantisks sirds formas gredzens ar roz\u0101 turmal\u012bnu Rubel\u012bts, halo dizains ar dimantiem no roz\u0101 zelta. Individu\u0101ls juveliera roku darbs.\",\"breadcrumb\":{\"@id\":\"https:\/\/fashiongold.lt\/lv\/papuosalas\/granats-gredzens-ar-granatu-un-dimantiem-ai-juvelieris\/#breadcrumb\"},\"inLanguage\":\"lv-LV\",\"potentialAction\":[{\"@type\":\"ReadAction\",\"target\":[\"https:\/\/fashiongold.lt\/lv\/papuosalas\/granats-gredzens-ar-granatu-un-dimantiem-ai-juvelieris\/\"]}]},{\"@type\":\"ImageObject\",\"inLanguage\":\"lv-LV\",\"@id\":\"https:\/\/fashiongold.lt\/lv\/papuosalas\/granats-gredzens-ar-granatu-un-dimantiem-ai-juvelieris\/#primaryimage\",\"url\":\"https:\/\/fashiongold.lt\/wp-content\/uploads\/2025\/12\/ziedas-su-apvaliu-granatu-centre-aplink-smulkus-deimantai-ant-moters-rankos.png\",\"contentUrl\":\"https:\/\/fashiongold.lt\/wp-content\/uploads\/2025\/12\/ziedas-su-apvaliu-granatu-centre-aplink-smulkus-deimantai-ant-moters-rankos.png\",\"width\":1536,\"height\":1024},{\"@type\":\"BreadcrumbList\",\"@id\":\"https:\/\/fashiongold.lt\/lv\/papuosalas\/granats-gredzens-ar-granatu-un-dimantiem-ai-juvelieris\/#breadcrumb\",\"itemListElement\":[{\"@type\":\"ListItem\",\"position\":1,\"name\":\"Home\",\"item\":\"https:\/\/fashiongold.lt\/lv\/\"},{\"@type\":\"ListItem\",\"position\":2,\"name\":\"Dimantu veikals Fashiongold.lt\",\"item\":\"https:\/\/fashiongold.lt\/shop-2\/\"},{\"@type\":\"ListItem\",\"position\":3,\"name\":\"Gran\u0101ts &#8211; Gredzens ar gran\u0101tu un dimantiem. AI juvelieris\"}]},{\"@type\":\"WebSite\",\"@id\":\"https:\/\/fashiongold.lt\/lv\/#website\",\"url\":\"https:\/\/fashiongold.lt\/lv\/\",\"name\":\"Fashion Gold\",\"description\":\"Juvelyrikos namai\",\"publisher\":{\"@id\":\"https:\/\/fashiongold.lt\/lv\/#organization\"},\"potentialAction\":[{\"@type\":\"SearchAction\",\"target\":{\"@type\":\"EntryPoint\",\"urlTemplate\":\"https:\/\/fashiongold.lt\/lv\/?s={search_term_string}\"},\"query-input\":{\"@type\":\"PropertyValueSpecification\",\"valueRequired\":true,\"valueName\":\"search_term_string\"}}],\"inLanguage\":\"lv-LV\"},{\"@type\":\"Organization\",\"@id\":\"https:\/\/fashiongold.lt\/lv\/#organization\",\"name\":\"Topdiamonds Online\",\"url\":\"https:\/\/fashiongold.lt\/lv\/\",\"logo\":{\"@type\":\"ImageObject\",\"inLanguage\":\"lv-LV\",\"@id\":\"https:\/\/fashiongold.lt\/lv\/#\/schema\/logo\/image\/\",\"url\":\"https:\/\/fashiongold.lt\/wp-content\/uploads\/2025\/04\/cropped-fashion_gold_logotipas2-scaled-1.png\",\"contentUrl\":\"https:\/\/fashiongold.lt\/wp-content\/uploads\/2025\/04\/cropped-fashion_gold_logotipas2-scaled-1.png\",\"width\":2559,\"height\":421,\"caption\":\"Topdiamonds Online\"},\"image\":{\"@id\":\"https:\/\/fashiongold.lt\/lv\/#\/schema\/logo\/image\/\"}}]}<\/script>\n<!-- \/ Yoast SEO plugin. -->","yoast_head_json":{"title":"Sirds formas gredzens ar rubel\u012btu | Juvelieris","description":"Romantisks sirds formas gredzens ar roz\u0101 turmal\u012bnu Rubel\u012bts, halo dizains ar dimantiem no roz\u0101 zelta. Individu\u0101ls juveliera roku darbs.","robots":{"index":"index","follow":"follow","max-snippet":"max-snippet:-1","max-image-preview":"max-image-preview:large","max-video-preview":"max-video-preview:-1"},"canonical":"https:\/\/fashiongold.lt\/lv\/papuosalas\/granats-gredzens-ar-granatu-un-dimantiem-ai-juvelieris\/","og_locale":"lv_LV","og_type":"article","og_title":"Sirds formas gredzens ar rubel\u012btu | Juvelieris","og_description":"Romantisks sirds formas gredzens ar roz\u0101 turmal\u012bnu Rubel\u012bts, halo dizains ar dimantiem no roz\u0101 zelta. Individu\u0101ls juveliera roku darbs.","og_url":"https:\/\/fashiongold.lt\/lv\/papuosalas\/granats-gredzens-ar-granatu-un-dimantiem-ai-juvelieris\/","og_site_name":"FashionGold.lt","og_image":[{"width":1024,"height":683,"url":"https:\/\/fashiongold.lt\/wp-content\/uploads\/2025\/12\/ziedas-su-apvaliu-granatu-centre-aplink-smulkus-deimantai-ant-moters-rankos-1024x683.png","type":"image\/png"}],"twitter_card":"summary_large_image","twitter_misc":{"Est. reading time":"5 minutes"},"schema":{"@context":"https:\/\/schema.org","@graph":[{"@type":"WebPage","@id":"https:\/\/fashiongold.lt\/lv\/papuosalas\/granats-gredzens-ar-granatu-un-dimantiem-ai-juvelieris\/","url":"https:\/\/fashiongold.lt\/lv\/papuosalas\/granats-gredzens-ar-granatu-un-dimantiem-ai-juvelieris\/","name":"Sirds formas gredzens ar rubel\u012btu | Juvelieris","isPartOf":{"@id":"https:\/\/fashiongold.lt\/lv\/#website"},"primaryImageOfPage":{"@id":"https:\/\/fashiongold.lt\/lv\/papuosalas\/granats-gredzens-ar-granatu-un-dimantiem-ai-juvelieris\/#primaryimage"},"image":{"@id":"https:\/\/fashiongold.lt\/lv\/papuosalas\/granats-gredzens-ar-granatu-un-dimantiem-ai-juvelieris\/#primaryimage"},"thumbnailUrl":"https:\/\/fashiongold.lt\/wp-content\/uploads\/2025\/12\/ziedas-su-apvaliu-granatu-centre-aplink-smulkus-deimantai-ant-moters-rankos.png","datePublished":"2025-12-28T11:09:00+00:00","description":"Romantisks sirds formas gredzens ar roz\u0101 turmal\u012bnu Rubel\u012bts, halo dizains ar dimantiem no roz\u0101 zelta. Individu\u0101ls juveliera roku darbs.","breadcrumb":{"@id":"https:\/\/fashiongold.lt\/lv\/papuosalas\/granats-gredzens-ar-granatu-un-dimantiem-ai-juvelieris\/#breadcrumb"},"inLanguage":"lv-LV","potentialAction":[{"@type":"ReadAction","target":["https:\/\/fashiongold.lt\/lv\/papuosalas\/granats-gredzens-ar-granatu-un-dimantiem-ai-juvelieris\/"]}]},{"@type":"ImageObject","inLanguage":"lv-LV","@id":"https:\/\/fashiongold.lt\/lv\/papuosalas\/granats-gredzens-ar-granatu-un-dimantiem-ai-juvelieris\/#primaryimage","url":"https:\/\/fashiongold.lt\/wp-content\/uploads\/2025\/12\/ziedas-su-apvaliu-granatu-centre-aplink-smulkus-deimantai-ant-moters-rankos.png","contentUrl":"https:\/\/fashiongold.lt\/wp-content\/uploads\/2025\/12\/ziedas-su-apvaliu-granatu-centre-aplink-smulkus-deimantai-ant-moters-rankos.png","width":1536,"height":1024},{"@type":"BreadcrumbList","@id":"https:\/\/fashiongold.lt\/lv\/papuosalas\/granats-gredzens-ar-granatu-un-dimantiem-ai-juvelieris\/#breadcrumb","itemListElement":[{"@type":"ListItem","position":1,"name":"Home","item":"https:\/\/fashiongold.lt\/lv\/"},{"@type":"ListItem","position":2,"name":"Dimantu veikals Fashiongold.lt","item":"https:\/\/fashiongold.lt\/shop-2\/"},{"@type":"ListItem","position":3,"name":"Gran\u0101ts &#8211; Gredzens ar gran\u0101tu un dimantiem. AI juvelieris"}]},{"@type":"WebSite","@id":"https:\/\/fashiongold.lt\/lv\/#website","url":"https:\/\/fashiongold.lt\/lv\/","name":"Fashion Gold","description":"Juvelyrikos namai","publisher":{"@id":"https:\/\/fashiongold.lt\/lv\/#organization"},"potentialAction":[{"@type":"SearchAction","target":{"@type":"EntryPoint","urlTemplate":"https:\/\/fashiongold.lt\/lv\/?s={search_term_string}"},"query-input":{"@type":"PropertyValueSpecification","valueRequired":true,"valueName":"search_term_string"}}],"inLanguage":"lv-LV"},{"@type":"Organization","@id":"https:\/\/fashiongold.lt\/lv\/#organization","name":"Topdiamonds Online","url":"https:\/\/fashiongold.lt\/lv\/","logo":{"@type":"ImageObject","inLanguage":"lv-LV","@id":"https:\/\/fashiongold.lt\/lv\/#\/schema\/logo\/image\/","url":"https:\/\/fashiongold.lt\/wp-content\/uploads\/2025\/04\/cropped-fashion_gold_logotipas2-scaled-1.png","contentUrl":"https:\/\/fashiongold.lt\/wp-content\/uploads\/2025\/04\/cropped-fashion_gold_logotipas2-scaled-1.png","width":2559,"height":421,"caption":"Topdiamonds Online"},"image":{"@id":"https:\/\/fashiongold.lt\/lv\/#\/schema\/logo\/image\/"}}]}},"_links":{"self":[{"href":"https:\/\/fashiongold.lt\/lv\/wp-json\/wp\/v2\/product\/273933","targetHints":{"allow":["GET"]}}],"collection":[{"href":"https:\/\/fashiongold.lt\/lv\/wp-json\/wp\/v2\/product"}],"about":[{"href":"https:\/\/fashiongold.lt\/lv\/wp-json\/wp\/v2\/types\/product"}],"version-history":[{"count":0,"href":"https:\/\/fashiongold.lt\/lv\/wp-json\/wp\/v2\/product\/273933\/revisions"}],"wp:featuredmedia":[{"embeddable":true,"href":"https:\/\/fashiongold.lt\/lv\/wp-json\/wp\/v2\/media\/265729"}],"wp:attachment":[{"href":"https:\/\/fashiongold.lt\/lv\/wp-json\/wp\/v2\/media?parent=273933"}],"wp:term":[{"taxonomy":"product_brand","embeddable":true,"href":"https:\/\/fashiongold.lt\/lv\/wp-json\/wp\/v2\/product_brand?post=273933"},{"taxonomy":"product_cat","embeddable":true,"href":"https:\/\/fashiongold.lt\/lv\/wp-json\/wp\/v2\/product_cat?post=273933"},{"taxonomy":"product_tag","embeddable":true,"href":"https:\/\/fashiongold.lt\/lv\/wp-json\/wp\/v2\/product_tag?post=273933"}],"curies":[{"name":"wp","href":"https:\/\/api.w.org\/{rel}","templated":true}]}}