{"id":273950,"date":"2025-12-21T20:23:25","date_gmt":"2025-12-21T20:23:25","guid":{"rendered":"https:\/\/fashiongold.lt\/papuosalas\/citrins-kulons-ar-citrinu-un-dimantiem-ai-juvelieris\/"},"modified":"2025-12-21T20:23:25","modified_gmt":"2025-12-21T20:23:25","slug":"citrins-kulons-ar-citrinu-un-dimantiem-ai-juvelieris","status":"publish","type":"product","link":"https:\/\/fashiongold.lt\/lv\/papuosalas\/citrins-kulons-ar-citrinu-un-dimantiem-ai-juvelieris\/","title":{"rendered":"Citr\u012bns &#8211; Kulons ar citr\u012bnu un dimantiem. AI Juvelieris"},"content":{"rendered":"<h3>AI juvelieris: kulons ar citr\u012bnu \u2013 izgatavo\u0161ana p\u0113c individu\u0101la projekta<\/h3>\n<p>\u0160is kulons ar citr\u012bnu ir juveliera izstr\u0101d\u0101ts un izgatavots individu\u0101ls projekts, kur\u0101 katra deta\u013ca ir p\u0101rdom\u0101ta, \u0146emot v\u0113r\u0101 izv\u0113l\u0113to d\u0101rgakmeni \u2013 citr\u012bnu. Tas nav s\u0113rijveida izstr\u0101d\u0101jums, bet gan \u012bsta juvelierizstr\u0101d\u0101jumu ra\u017eo\u0161ana, kas s\u0101kas ar ideju un beidzas ar rok\u0101m darin\u0101tu, unik\u0101lu kulonu. Juvelieris izgatavo ne tikai kulonu, bet ar\u012b auskarus p\u0113c individu\u0101la pas\u016bt\u012bjuma, uzsverot to kvalit\u0101ti un unikalit\u0101ti.<\/p>\n<p>Projekt\u0113jot kulonu, juvelieris vispirms nov\u0113rt\u0113 citr\u012bna \u012bpa\u0161\u012bbas \u2013 t\u0101 kr\u0101su, dzidrumu, formu un proporcijas. Tie\u0161i p\u0113c konkr\u0113t\u0101 citr\u012bna akmens tiek veidots viss dizains: kro\u0146a augstums, halo dimantu izvietojums, platums un forma. Katrs kulons un citas rotaslietas prasa \u013coti r\u016bp\u012bgu un profesion\u0101lu darbu. Tas \u013cauj sasniegt perfektu l\u012bdzsvaru starp est\u0113tiku, \u0113rtumu un ilgm\u016b\u017e\u012bbu.<\/p>\n<p>Kulons tiek izgatavots p\u0113c individu\u0101la pas\u016bt\u012bjuma, t\u0101p\u0113c varam piel\u0101got:<\/p>\n<ul>\n<li>jebkuru <a href=\"https:\/\/fashiongold.lt\/lv\/patarimai-lv\/zelta-krasa-ko-verts-zinat-par-dazadiem-toniem-un-to-ipasibam\/\" target=\"_self\" rel=\"noopener noreferrer\">zelta kr\u0101su<\/a> (balto, dzelteno vai sarkano),<\/li>\n<li><a href=\"https:\/\/fashiongold.lt\/lv\/patarimai-lv\/zelta-prove-juvelierizstradajumiem-ka-izveleties-piemerotako\/\" target=\"_self\" rel=\"noopener noreferrer\">v\u0113lamo zelta provi 585 vai 750<\/a>,<\/li>\n<li>at\u0161\u0137ir\u012bgu dimantu izm\u0113ru un izvietojumu,<\/li>\n<li>individu\u0101lu citr\u012bna nokr\u0101su \u2013 no maigi dzeltena l\u012bdz pies\u0101tin\u0101tam mad\u0113ras vai \u0161ampanie\u0161a tonim.<\/li>\n<\/ul>\n<p>Izv\u0113loties kulonu vai citu rotaslietu p\u0113c individu\u0101la projekta, vissvar\u012bg\u0101kais ir tas, kas atbilst j\u016bsu person\u012bbai, stilam un vajadz\u012bb\u0101m.<\/p>\n<p>\u0160aj\u0101 model\u012b ir izv\u0113l\u0113ts halo dizains, kas ne tikai izce\u013c citr\u012bna mirdzumu, bet ar\u012b pie\u0161\u0137ir kulonam vair\u0101k luksusa un ekskluzivit\u0101tes. Mazie dimanti smalki ier\u0101m\u0113 centr\u0101lo akmeni un pastiprina gaismas sp\u0113li, bet pats d\u0101rgakmens \u2013 citr\u012bns \u2013 k\u013c\u016bst par galveno akcentu. Starp ekskluz\u012bviem d\u0101rgakme\u0146iem v\u0113rts piemin\u0113t ar\u012b <a href=\"https:\/\/fashiongold.lt\/lv\/patarimai-lv\/magiskais-aleksandrits-akmens-kas-maina-krasu\/\" target=\"_self\" rel=\"noopener noreferrer\">aleksandr\u012btu \u2013 akmeni, kas maina kr\u0101su<\/a>.<\/p>\n<p>Visi gredzeni un <a href=\"https:\/\/fashiongold.lt\/lv\/kategorija\/svinigi-auskari\/\" target=\"_self\" rel=\"noopener noreferrer\">citas rotaslietas<\/a> tiek izgatavotas Lietuv\u0101 un t\u0101m ir Lietuvas Prob\u0101cijas pal\u0101tas sertifik\u0101ti.<\/p>\n<p>T\u0101 ir <a href=\"https:\/\/fashiongold.lt\/lv\/patarimai-lv\/juvelieris-kad-jusu-sapnis-iegust-zelta-formu\/\" target=\"_self\" rel=\"noopener noreferrer\">juveliera izgatavo\u0161ana p\u0113c individu\u0101la projekta<\/a>, kas paredz\u0113ta tiem, kuri mekl\u0113 ne tikai kulonu, bet ar\u012b personisku st\u0101stu, kas rad\u012bts no zelta, dimantiem un citr\u012bna. Katrs \u0161\u0101ds kulons ir unik\u0101ls, piel\u0101gots tie\u0161i jums un j\u016bsu izv\u0113l\u0113tajam d\u0101rgakmenim. Gredzeniem ir \u012bpa\u0161a simboliska noz\u012bme \u2013 tie ir m\u012blest\u012bbas un uztic\u012bbas simboli, savuk\u0101rt individu\u0101ls dizains \u013cauj atkl\u0101t j\u016bsu person\u012bgo st\u0101stu.<\/p>\n<h4>M\u016bsu pakalpojumi<\/h4>\n<p>Pied\u0101v\u0101jam <a href=\"https:\/\/fashiongold.lt\/lv\/kategorija\/juvelierizstradajumu-razosana\/\" target=\"_self\" rel=\"noopener noreferrer\">individu\u0101lu dizainu, kur katra rotaslieta tiek rad\u012bta p\u0113c j\u016bsu idej\u0101m un v\u012bzijas<\/a>. T\u0101pat veicam restaur\u0101ciju, lai j\u016bsu d\u0101rg\u0101s rotaslietas atkal mirdz\u0113tu k\u0101 jaunas. Katrs m\u016bsu darbs ir ne tikai rotaslieta, bet ar\u012b j\u016bsu person\u012bbas atspogu\u013cojums. Katrs m\u016bsu darbs ir pier\u0101d\u012bjums tam, ka kvalit\u0101te un rado\u0161ums var iet roku rok\u0101.<\/p>\n<h4>Atkl\u0101t\u012bba un garantija<\/h4>\n<p>M\u016bsu pieeja ir atkl\u0101t\u012bba un sirsn\u012bga komunik\u0101cija ar katru klientu. No pirm\u0101s konsult\u0101cijas l\u012bdz gal\u012bgajai rotaslietas sa\u0146em\u0161anai m\u0113s esam l\u012bdz\u0101s, lai pal\u012bdz\u0113tu jums visos jaut\u0101jumos. M\u0113s sniedzam 5 gadu kvalit\u0101tes garantiju visiem m\u016bsu izstr\u0101d\u0101jumiem, t\u0101p\u0113c varat b\u016bt dro\u0161i par to uzticam\u012bbu un ilgm\u016b\u017e\u012bbu. M\u016bsu garantija aptver visus ra\u017eo\u0161anas kvalit\u0101tes aspektus, lai j\u016bs var\u0113tu baud\u012bt rotaslietas bez r\u016bp\u0113m daudzus gadus. M\u0113s r\u016bp\u0113jamies, lai ikviens m\u016bsu klients justos p\u0101rliecin\u0101ts un zin\u0101tu, ka m\u016bsu rotaslietas ir uztic\u012bbas v\u0113rtas.<\/p>\n<h4>Pas\u016bt\u012bjumi un konsult\u0101cijas<\/h4>\n<p>Ja v\u0113laties pas\u016bt\u012bt individu\u0101lu rotaslietu vai konsult\u0113ties par sav\u0101m idej\u0101m, m\u016bsu komanda vienm\u0113r ir gatava jums pal\u012bdz\u0113t. Konsult\u0101cijas laik\u0101 m\u0113s apsprie\u017eam j\u016bsu v\u012bziju, v\u0113lmes un pied\u0101v\u0101jam lab\u0101kos risin\u0101jumus, lai var\u0113tu izgatavot rotaslietas, kas atbilst j\u016bsu v\u0113lm\u0113m. Katram pas\u016bt\u012bjumam piev\u0113r\u0161am \u012bpa\u0161u uzman\u012bbu, t\u0101p\u0113c varam pied\u0101v\u0101t individu\u0101lus risin\u0101jumus gan saderin\u0101\u0161an\u0101s gredzeniem, gan cit\u0101m rotasliet\u0101m. Rotaslietu izgatavo\u0161ana parasti aiz\u0146em aptuveni 5 ned\u0113\u013cas, ta\u010du m\u0113s vienm\u0113r cen\u0161amies, lai j\u016bsu rotaslietas tiktu izgatavotas p\u0113c iesp\u0113jas \u0101tr\u0101k. Sazinieties ar mums \u2013 kop\u0101 rad\u012bsim rotaslietas, kas k\u013c\u016bs par da\u013cu no j\u016bsu st\u0101sta.<\/p>\n","protected":false},"excerpt":{"rendered":"<p>AI juvelieris: kulons ar citr\u012bnu \u2013 izgatavo\u0161ana p\u0113c individu\u0101la projekta \u0160is kulons ar citr\u012bnu ir juveliera izstr\u0101d\u0101ts un izgatavots individu\u0101ls [&hellip;]<\/p>\n","protected":false},"featured_media":264754,"template":"","meta":{"site-sidebar-layout":"default","site-content-layout":"","ast-site-content-layout":"default","site-content-style":"default","site-sidebar-style":"default","ast-global-header-display":"","ast-banner-title-visibility":"","ast-main-header-display":"","ast-hfb-above-header-display":"","ast-hfb-below-header-display":"","ast-hfb-mobile-header-display":"","site-post-title":"","ast-breadcrumbs-content":"","ast-featured-img":"","footer-sml-layout":"","ast-disable-related-posts":"","theme-transparent-header-meta":"default","adv-header-id-meta":"","stick-header-meta":"","header-above-stick-meta":"","header-main-stick-meta":"","header-below-stick-meta":"","astra-migrate-meta-layouts":"default","ast-page-background-enabled":"default","ast-page-background-meta":{"desktop":{"background-color":"var(--ast-global-color-4)","background-image":"","background-repeat":"repeat","background-position":"center center","background-size":"auto","background-attachment":"scroll","background-type":"","background-media":"","overlay-type":"","overlay-color":"","overlay-opacity":"","overlay-gradient":""},"tablet":{"background-color":"","background-image":"","background-repeat":"repeat","background-position":"center center","background-size":"auto","background-attachment":"scroll","background-type":"","background-media":"","overlay-type":"","overlay-color":"","overlay-opacity":"","overlay-gradient":""},"mobile":{"background-color":"","background-image":"","background-repeat":"repeat","background-position":"center center","background-size":"auto","background-attachment":"scroll","background-type":"","background-media":"","overlay-type":"","overlay-color":"","overlay-opacity":"","overlay-gradient":""}},"ast-content-background-meta":{"desktop":{"background-color":"var(--ast-global-color-5)","background-image":"","background-repeat":"repeat","background-position":"center center","background-size":"auto","background-attachment":"scroll","background-type":"","background-media":"","overlay-type":"","overlay-color":"","overlay-opacity":"","overlay-gradient":""},"tablet":{"background-color":"var(--ast-global-color-5)","background-image":"","background-repeat":"repeat","background-position":"center center","background-size":"auto","background-attachment":"scroll","background-type":"","background-media":"","overlay-type":"","overlay-color":"","overlay-opacity":"","overlay-gradient":""},"mobile":{"background-color":"var(--ast-global-color-5)","background-image":"","background-repeat":"repeat","background-position":"center center","background-size":"auto","background-attachment":"scroll","background-type":"","background-media":"","overlay-type":"","overlay-color":"","overlay-opacity":"","overlay-gradient":""}}},"product_brand":[],"product_cat":[2930,2929],"product_tag":[],"class_list":{"0":"post-273950","1":"product","2":"type-product","3":"status-publish","4":"has-post-thumbnail","6":"product_cat-juvelieris","7":"product_cat-juvelierizstradajumu-razosana","8":"desktop-align-center","9":"tablet-align-left","10":"mobile-align-left","11":"ast-product-gallery-layout-horizontal-slider","12":"ast-product-tabs-layout-accordion","13":"ast-qv-on-image","15":"first","16":"onbackorder","17":"taxable","18":"shipping-taxable","19":"purchasable","20":"product-type-simple"},"yoast_head":"<!-- This site is optimized with the Yoast SEO plugin v26.6 - https:\/\/yoast.com\/wordpress\/plugins\/seo\/ -->\n<title>Juvelieris: Ekskluz\u012bvas rotaslietas J\u016bsu stilam<\/title>\n<meta name=\"description\" content=\"Atkl\u0101jiet unik\u0101las rotaslietas, kas lieliski atspogu\u013co J\u016bsu stilu. Iegrimstiet juvelierizstr\u0101d\u0101jumu pasaul\u0113 un atrodiet savu \u012bpa\u0161o d\u0101rgakmeni!\" \/>\n<meta name=\"robots\" content=\"index, follow, max-snippet:-1, max-image-preview:large, max-video-preview:-1\" \/>\n<link rel=\"canonical\" href=\"https:\/\/fashiongold.lt\/lv\/papuosalas\/citrins-kulons-ar-citrinu-un-dimantiem-ai-juvelieris\/\" \/>\n<meta property=\"og:locale\" content=\"lv_LV\" \/>\n<meta property=\"og:type\" content=\"article\" \/>\n<meta property=\"og:title\" content=\"Juvelieris: Ekskluz\u012bvas rotaslietas J\u016bsu stilam\" \/>\n<meta property=\"og:description\" content=\"Atkl\u0101jiet unik\u0101las rotaslietas, kas lieliski atspogu\u013co J\u016bsu stilu. Iegrimstiet juvelierizstr\u0101d\u0101jumu pasaul\u0113 un atrodiet savu \u012bpa\u0161o d\u0101rgakmeni!\" \/>\n<meta property=\"og:url\" content=\"https:\/\/fashiongold.lt\/lv\/papuosalas\/citrins-kulons-ar-citrinu-un-dimantiem-ai-juvelieris\/\" \/>\n<meta property=\"og:site_name\" content=\"FashionGold.lt\" \/>\n<meta property=\"og:image\" content=\"https:\/\/fashiongold.lt\/wp-content\/uploads\/2025\/12\/Ant-merginos-kaklo-spindi-baltas-auksinis-pakabukas-su-apvaliu-citrinu-ir-smulkiais-deimantais-aplinkui-1024x683.png\" \/>\n\t<meta property=\"og:image:width\" content=\"1024\" \/>\n\t<meta property=\"og:image:height\" content=\"683\" \/>\n\t<meta property=\"og:image:type\" content=\"image\/png\" \/>\n<meta name=\"twitter:card\" content=\"summary_large_image\" \/>\n<meta name=\"twitter:label1\" content=\"Est. reading time\" \/>\n\t<meta name=\"twitter:data1\" content=\"4 minutes\" \/>\n<script type=\"application\/ld+json\" class=\"yoast-schema-graph\">{\"@context\":\"https:\/\/schema.org\",\"@graph\":[{\"@type\":\"WebPage\",\"@id\":\"https:\/\/fashiongold.lt\/lv\/papuosalas\/citrins-kulons-ar-citrinu-un-dimantiem-ai-juvelieris\/\",\"url\":\"https:\/\/fashiongold.lt\/lv\/papuosalas\/citrins-kulons-ar-citrinu-un-dimantiem-ai-juvelieris\/\",\"name\":\"Juvelieris: Ekskluz\u012bvas rotaslietas J\u016bsu stilam\",\"isPartOf\":{\"@id\":\"https:\/\/fashiongold.lt\/lv\/#website\"},\"primaryImageOfPage\":{\"@id\":\"https:\/\/fashiongold.lt\/lv\/papuosalas\/citrins-kulons-ar-citrinu-un-dimantiem-ai-juvelieris\/#primaryimage\"},\"image\":{\"@id\":\"https:\/\/fashiongold.lt\/lv\/papuosalas\/citrins-kulons-ar-citrinu-un-dimantiem-ai-juvelieris\/#primaryimage\"},\"thumbnailUrl\":\"https:\/\/fashiongold.lt\/wp-content\/uploads\/2025\/12\/Ant-merginos-kaklo-spindi-baltas-auksinis-pakabukas-su-apvaliu-citrinu-ir-smulkiais-deimantais-aplinkui.png\",\"datePublished\":\"2025-12-21T20:23:25+00:00\",\"description\":\"Atkl\u0101jiet unik\u0101las rotaslietas, kas lieliski atspogu\u013co J\u016bsu stilu. Iegrimstiet juvelierizstr\u0101d\u0101jumu pasaul\u0113 un atrodiet savu \u012bpa\u0161o d\u0101rgakmeni!\",\"breadcrumb\":{\"@id\":\"https:\/\/fashiongold.lt\/lv\/papuosalas\/citrins-kulons-ar-citrinu-un-dimantiem-ai-juvelieris\/#breadcrumb\"},\"inLanguage\":\"lv-LV\",\"potentialAction\":[{\"@type\":\"ReadAction\",\"target\":[\"https:\/\/fashiongold.lt\/lv\/papuosalas\/citrins-kulons-ar-citrinu-un-dimantiem-ai-juvelieris\/\"]}]},{\"@type\":\"ImageObject\",\"inLanguage\":\"lv-LV\",\"@id\":\"https:\/\/fashiongold.lt\/lv\/papuosalas\/citrins-kulons-ar-citrinu-un-dimantiem-ai-juvelieris\/#primaryimage\",\"url\":\"https:\/\/fashiongold.lt\/wp-content\/uploads\/2025\/12\/Ant-merginos-kaklo-spindi-baltas-auksinis-pakabukas-su-apvaliu-citrinu-ir-smulkiais-deimantais-aplinkui.png\",\"contentUrl\":\"https:\/\/fashiongold.lt\/wp-content\/uploads\/2025\/12\/Ant-merginos-kaklo-spindi-baltas-auksinis-pakabukas-su-apvaliu-citrinu-ir-smulkiais-deimantais-aplinkui.png\",\"width\":1536,\"height\":1024,\"caption\":\"Ant stilingos merginos kaklo spindi baltas auksinis pakabukas su apvaliu citrinu ir smulkiais deimantais aplinkui\"},{\"@type\":\"BreadcrumbList\",\"@id\":\"https:\/\/fashiongold.lt\/lv\/papuosalas\/citrins-kulons-ar-citrinu-un-dimantiem-ai-juvelieris\/#breadcrumb\",\"itemListElement\":[{\"@type\":\"ListItem\",\"position\":1,\"name\":\"Home\",\"item\":\"https:\/\/fashiongold.lt\/lv\/\"},{\"@type\":\"ListItem\",\"position\":2,\"name\":\"Dimantu veikals Fashiongold.lt\",\"item\":\"https:\/\/fashiongold.lt\/shop-2\/\"},{\"@type\":\"ListItem\",\"position\":3,\"name\":\"Citr\u012bns &#8211; Kulons ar citr\u012bnu un dimantiem. AI Juvelieris\"}]},{\"@type\":\"WebSite\",\"@id\":\"https:\/\/fashiongold.lt\/lv\/#website\",\"url\":\"https:\/\/fashiongold.lt\/lv\/\",\"name\":\"Fashion Gold\",\"description\":\"Juvelyrikos namai\",\"publisher\":{\"@id\":\"https:\/\/fashiongold.lt\/lv\/#organization\"},\"potentialAction\":[{\"@type\":\"SearchAction\",\"target\":{\"@type\":\"EntryPoint\",\"urlTemplate\":\"https:\/\/fashiongold.lt\/lv\/?s={search_term_string}\"},\"query-input\":{\"@type\":\"PropertyValueSpecification\",\"valueRequired\":true,\"valueName\":\"search_term_string\"}}],\"inLanguage\":\"lv-LV\"},{\"@type\":\"Organization\",\"@id\":\"https:\/\/fashiongold.lt\/lv\/#organization\",\"name\":\"Topdiamonds Online\",\"url\":\"https:\/\/fashiongold.lt\/lv\/\",\"logo\":{\"@type\":\"ImageObject\",\"inLanguage\":\"lv-LV\",\"@id\":\"https:\/\/fashiongold.lt\/lv\/#\/schema\/logo\/image\/\",\"url\":\"https:\/\/fashiongold.lt\/wp-content\/uploads\/2025\/04\/cropped-fashion_gold_logotipas2-scaled-1.png\",\"contentUrl\":\"https:\/\/fashiongold.lt\/wp-content\/uploads\/2025\/04\/cropped-fashion_gold_logotipas2-scaled-1.png\",\"width\":2559,\"height\":421,\"caption\":\"Topdiamonds Online\"},\"image\":{\"@id\":\"https:\/\/fashiongold.lt\/lv\/#\/schema\/logo\/image\/\"}}]}<\/script>\n<!-- \/ Yoast SEO plugin. -->","yoast_head_json":{"title":"Juvelieris: Ekskluz\u012bvas rotaslietas J\u016bsu stilam","description":"Atkl\u0101jiet unik\u0101las rotaslietas, kas lieliski atspogu\u013co J\u016bsu stilu. Iegrimstiet juvelierizstr\u0101d\u0101jumu pasaul\u0113 un atrodiet savu \u012bpa\u0161o d\u0101rgakmeni!","robots":{"index":"index","follow":"follow","max-snippet":"max-snippet:-1","max-image-preview":"max-image-preview:large","max-video-preview":"max-video-preview:-1"},"canonical":"https:\/\/fashiongold.lt\/lv\/papuosalas\/citrins-kulons-ar-citrinu-un-dimantiem-ai-juvelieris\/","og_locale":"lv_LV","og_type":"article","og_title":"Juvelieris: Ekskluz\u012bvas rotaslietas J\u016bsu stilam","og_description":"Atkl\u0101jiet unik\u0101las rotaslietas, kas lieliski atspogu\u013co J\u016bsu stilu. Iegrimstiet juvelierizstr\u0101d\u0101jumu pasaul\u0113 un atrodiet savu \u012bpa\u0161o d\u0101rgakmeni!","og_url":"https:\/\/fashiongold.lt\/lv\/papuosalas\/citrins-kulons-ar-citrinu-un-dimantiem-ai-juvelieris\/","og_site_name":"FashionGold.lt","og_image":[{"width":1024,"height":683,"url":"https:\/\/fashiongold.lt\/wp-content\/uploads\/2025\/12\/Ant-merginos-kaklo-spindi-baltas-auksinis-pakabukas-su-apvaliu-citrinu-ir-smulkiais-deimantais-aplinkui-1024x683.png","type":"image\/png"}],"twitter_card":"summary_large_image","twitter_misc":{"Est. reading time":"4 minutes"},"schema":{"@context":"https:\/\/schema.org","@graph":[{"@type":"WebPage","@id":"https:\/\/fashiongold.lt\/lv\/papuosalas\/citrins-kulons-ar-citrinu-un-dimantiem-ai-juvelieris\/","url":"https:\/\/fashiongold.lt\/lv\/papuosalas\/citrins-kulons-ar-citrinu-un-dimantiem-ai-juvelieris\/","name":"Juvelieris: Ekskluz\u012bvas rotaslietas J\u016bsu stilam","isPartOf":{"@id":"https:\/\/fashiongold.lt\/lv\/#website"},"primaryImageOfPage":{"@id":"https:\/\/fashiongold.lt\/lv\/papuosalas\/citrins-kulons-ar-citrinu-un-dimantiem-ai-juvelieris\/#primaryimage"},"image":{"@id":"https:\/\/fashiongold.lt\/lv\/papuosalas\/citrins-kulons-ar-citrinu-un-dimantiem-ai-juvelieris\/#primaryimage"},"thumbnailUrl":"https:\/\/fashiongold.lt\/wp-content\/uploads\/2025\/12\/Ant-merginos-kaklo-spindi-baltas-auksinis-pakabukas-su-apvaliu-citrinu-ir-smulkiais-deimantais-aplinkui.png","datePublished":"2025-12-21T20:23:25+00:00","description":"Atkl\u0101jiet unik\u0101las rotaslietas, kas lieliski atspogu\u013co J\u016bsu stilu. Iegrimstiet juvelierizstr\u0101d\u0101jumu pasaul\u0113 un atrodiet savu \u012bpa\u0161o d\u0101rgakmeni!","breadcrumb":{"@id":"https:\/\/fashiongold.lt\/lv\/papuosalas\/citrins-kulons-ar-citrinu-un-dimantiem-ai-juvelieris\/#breadcrumb"},"inLanguage":"lv-LV","potentialAction":[{"@type":"ReadAction","target":["https:\/\/fashiongold.lt\/lv\/papuosalas\/citrins-kulons-ar-citrinu-un-dimantiem-ai-juvelieris\/"]}]},{"@type":"ImageObject","inLanguage":"lv-LV","@id":"https:\/\/fashiongold.lt\/lv\/papuosalas\/citrins-kulons-ar-citrinu-un-dimantiem-ai-juvelieris\/#primaryimage","url":"https:\/\/fashiongold.lt\/wp-content\/uploads\/2025\/12\/Ant-merginos-kaklo-spindi-baltas-auksinis-pakabukas-su-apvaliu-citrinu-ir-smulkiais-deimantais-aplinkui.png","contentUrl":"https:\/\/fashiongold.lt\/wp-content\/uploads\/2025\/12\/Ant-merginos-kaklo-spindi-baltas-auksinis-pakabukas-su-apvaliu-citrinu-ir-smulkiais-deimantais-aplinkui.png","width":1536,"height":1024,"caption":"Ant stilingos merginos kaklo spindi baltas auksinis pakabukas su apvaliu citrinu ir smulkiais deimantais aplinkui"},{"@type":"BreadcrumbList","@id":"https:\/\/fashiongold.lt\/lv\/papuosalas\/citrins-kulons-ar-citrinu-un-dimantiem-ai-juvelieris\/#breadcrumb","itemListElement":[{"@type":"ListItem","position":1,"name":"Home","item":"https:\/\/fashiongold.lt\/lv\/"},{"@type":"ListItem","position":2,"name":"Dimantu veikals Fashiongold.lt","item":"https:\/\/fashiongold.lt\/shop-2\/"},{"@type":"ListItem","position":3,"name":"Citr\u012bns &#8211; Kulons ar citr\u012bnu un dimantiem. AI Juvelieris"}]},{"@type":"WebSite","@id":"https:\/\/fashiongold.lt\/lv\/#website","url":"https:\/\/fashiongold.lt\/lv\/","name":"Fashion Gold","description":"Juvelyrikos namai","publisher":{"@id":"https:\/\/fashiongold.lt\/lv\/#organization"},"potentialAction":[{"@type":"SearchAction","target":{"@type":"EntryPoint","urlTemplate":"https:\/\/fashiongold.lt\/lv\/?s={search_term_string}"},"query-input":{"@type":"PropertyValueSpecification","valueRequired":true,"valueName":"search_term_string"}}],"inLanguage":"lv-LV"},{"@type":"Organization","@id":"https:\/\/fashiongold.lt\/lv\/#organization","name":"Topdiamonds Online","url":"https:\/\/fashiongold.lt\/lv\/","logo":{"@type":"ImageObject","inLanguage":"lv-LV","@id":"https:\/\/fashiongold.lt\/lv\/#\/schema\/logo\/image\/","url":"https:\/\/fashiongold.lt\/wp-content\/uploads\/2025\/04\/cropped-fashion_gold_logotipas2-scaled-1.png","contentUrl":"https:\/\/fashiongold.lt\/wp-content\/uploads\/2025\/04\/cropped-fashion_gold_logotipas2-scaled-1.png","width":2559,"height":421,"caption":"Topdiamonds Online"},"image":{"@id":"https:\/\/fashiongold.lt\/lv\/#\/schema\/logo\/image\/"}}]}},"_links":{"self":[{"href":"https:\/\/fashiongold.lt\/lv\/wp-json\/wp\/v2\/product\/273950","targetHints":{"allow":["GET"]}}],"collection":[{"href":"https:\/\/fashiongold.lt\/lv\/wp-json\/wp\/v2\/product"}],"about":[{"href":"https:\/\/fashiongold.lt\/lv\/wp-json\/wp\/v2\/types\/product"}],"version-history":[{"count":0,"href":"https:\/\/fashiongold.lt\/lv\/wp-json\/wp\/v2\/product\/273950\/revisions"}],"wp:featuredmedia":[{"embeddable":true,"href":"https:\/\/fashiongold.lt\/lv\/wp-json\/wp\/v2\/media\/264754"}],"wp:attachment":[{"href":"https:\/\/fashiongold.lt\/lv\/wp-json\/wp\/v2\/media?parent=273950"}],"wp:term":[{"taxonomy":"product_brand","embeddable":true,"href":"https:\/\/fashiongold.lt\/lv\/wp-json\/wp\/v2\/product_brand?post=273950"},{"taxonomy":"product_cat","embeddable":true,"href":"https:\/\/fashiongold.lt\/lv\/wp-json\/wp\/v2\/product_cat?post=273950"},{"taxonomy":"product_tag","embeddable":true,"href":"https:\/\/fashiongold.lt\/lv\/wp-json\/wp\/v2\/product_tag?post=273950"}],"curies":[{"name":"wp","href":"https:\/\/api.w.org\/{rel}","templated":true}]}}