{"id":273951,"date":"2025-11-26T18:41:52","date_gmt":"2025-11-26T18:41:52","guid":{"rendered":"https:\/\/fashiongold.lt\/papuosalas\/0-50-ct-dimants-krasa-g-rw-dzidrums-vvs1\/"},"modified":"2025-11-26T18:41:52","modified_gmt":"2025-11-26T18:41:52","slug":"0-50-ct-dimants-krasa-g-rw-dzidrums-vvs1","status":"publish","type":"product","link":"https:\/\/fashiongold.lt\/lv\/papuosalas\/0-50-ct-dimants-krasa-g-rw-dzidrums-vvs1\/","title":{"rendered":"0.50 ct Dimants \u2013 Kr\u0101sa G (RW), Dzidrums VVS1"},"content":{"rendered":"<div class=\"elementor-element elementor-element-10e2271 elementor-widget elementor-widget-woocommerce-product-short-description\" data-id=\"10e2271\" data-element_type=\"widget\" data-widget_type=\"woocommerce-product-short-description.default\">\n<div class=\"elementor-widget-container\">\n<div class=\"woocommerce-product-details__short-description\">\n<div class=\"elementor-element elementor-element-10e2271 elementor-widget elementor-widget-woocommerce-product-short-description\" data-id=\"10e2271\" data-element_type=\"widget\" data-widget_type=\"woocommerce-product-short-description.default\">\n<div class=\"elementor-widget-container\">\n<div class=\"woocommerce-product-details__short-description\">\n<p>Br\u012bni\u0161\u0137\u012bgs apa\u013cas formas dimants: Iegrimstiet pasaul\u0113, kur\u0101 satiekas grezn\u012bba un mirdzums.<\/p>\n<\/div>\n<\/div>\n<\/div>\n<div class=\"elementor-element elementor-element-5fc13b1 elementor-widget elementor-widget-woocommerce-product-content\" data-id=\"5fc13b1\" data-element_type=\"widget\" data-widget_type=\"woocommerce-product-content.default\">\n<div class=\"elementor-widget-container\">\n<h4>INFORM\u0100CIJA PAR dimantu:<\/h4>\n<ul>\n<li>Akmens: Dab\u012bgs dimants (Briljants)<\/li>\n<li>Akmens forma: Apa\u013c\u0161 (57 \u0161\u0137autnes)<\/li>\n<li>Akmens svars: 0.50 ct<\/li>\n<li>Akmens izm\u0113rs: 5.10X5.12X3.15 mm<\/li>\n<li>Akmens kr\u0101sa: G (RW)<\/li>\n<li>Akmens dzidrums: VVS1<\/li>\n<li>Sertifik\u0101ts (laboratorija): HRD, kas apliecina dimanta kvalit\u0101ti<\/li>\n<li>Bezmaksas iepakojums<\/li>\n<\/ul>\n<h2 data-pm-slice=\"1 1 []\">Par dimantiem<\/h2>\n<p>Dimanti ir vieni no v\u0113rt\u012bg\u0101kajiem un ret\u0101kajiem d\u0101rgakme\u0146iem pasaul\u0113, kuru skaistums un unikalit\u0101te fascin\u0113 cilv\u0113kus jau t\u016bksto\u0161iem gadu. D\u0101rgakmens ir dabisks miner\u0101ls, kam piem\u012bt izcils skaistums, retums un v\u0113rt\u012bba, un dimants tiek uzskat\u012bts par vienu no v\u0113rt\u012bg\u0101kajiem d\u0101rgakme\u0146iem t\u0101 \u012bpa\u0161o \u012bpa\u0161\u012bbu un simbolisk\u0101s noz\u012bmes d\u0113\u013c. Dab\u012bgie dimanti veidojas no oglek\u013ca, un da\u017ereiz tajos ir graf\u012bta iesl\u0113gumi, kas var ietekm\u0113t to dzidrumu un kr\u0101su. Caursp\u012bd\u012bgs dimants ir augst\u0101k\u0101s kvalit\u0101tes paz\u012bme. Kas nosaka dimanta v\u0113rt\u012bbu? Tas ir t\u0101 dzidrums, kr\u0101sa, griezums un svars. Dimants ir viens no ret\u0101kajiem miner\u0101liem, t\u0101p\u0113c dab\u012bgie dimanti izce\u013cas ar unikalit\u0101ti un lielu retumu tirg\u016b. Dab\u012bgie dimanti at\u0161\u0137iras no laboratorijas dimantiem ar savu izcelsmi un v\u0113rt\u012bbu.<\/p>\n<p>Dimants kop\u0161 seniem laikiem ir bijis paz\u012bstams k\u0101 grezn\u012bbas simbols. Cilv\u0113ki izv\u0113las dimantu k\u0101 invest\u012bciju vai d\u0101vanu t\u0101 izcil\u0101s v\u0113rt\u012bbas, ilgm\u016b\u017e\u012bbas un simbolisk\u0101s noz\u012bmes d\u0113\u013c. Tos v\u0113rt\u0113 to ciet\u012bbas, spo\u017euma un gaismas atstaro\u0161anas sp\u0113jas d\u0113\u013c. \u0160\u012b iemesla d\u0113\u013c dimantus izmanto ne tikai juvelierizstr\u0101d\u0101jumos, bet ar\u012b r\u016bpniec\u012bb\u0101, kur nepiecie\u0161ama \u012bpa\u0161a iztur\u012bba. Lai dimants atstarotu gaismu un mirdz\u0113tu, ir nepiecie\u0161ama kvalitat\u012bva sl\u012bp\u0113\u0161ana. Dimants ir etalons, p\u0113c kura v\u0113rt\u0113 visus p\u0101r\u0113jos d\u0101rgakme\u0146us un krist\u0101lus. Pateicoties savam retumam, izcilaj\u0101m \u012bpa\u0161\u012bb\u0101m un nep\u0101rsp\u0113jamajam spo\u017eumam, dimanti vis\u0101 pasaul\u0113 tiek uzskat\u012bti par patiesu grezn\u012bbas un m\u016b\u017e\u012bbas simbolu. To spo\u017eums ir atkar\u012bgs no sp\u0113jas atstarot gaismas starus, t\u0101p\u0113c gaismas atstaro\u0161ana ir viens no svar\u012bg\u0101kajiem dimanta pievilc\u012bbas r\u0101d\u012bt\u0101jiem.<\/p>\n<h2>Dimanta \u012bpa\u0161\u012bbas<\/h2>\n<p>Dimanta \u012bpa\u0161\u012bbas ir atkar\u012bgas no t\u0101 \u0137\u012bmisk\u0101 sast\u0101va, unik\u0101l\u0101s krist\u0101lisk\u0101s strukt\u016bras un formas. Dimanta forma un sl\u012bp\u0113jums nosaka t\u0101 skaistumu, gaismas izkliedi un mirdzumu \u2013 tie\u0161i no \u0161\u012bm \u012bpa\u0161\u012bb\u0101m ir atkar\u012bgs, cik efekt\u012bvi dimants atstaro gaismu un sp\u012bd. T\u0101pat dimantu kvalit\u0101te ir atkar\u012bga no iesl\u0113gumu daudzuma. Dimantam ir \u010detras iesp\u0113jam\u0101s \u0161\u0137el\u0161an\u0101s virzieni, t\u0101p\u0113c, lai gan tas ir ciet\u0101kais miner\u0101ls, to var saskald\u012bt. Turkl\u0101t dimants ir viens no ret\u0101kajiem miner\u0101liem pasaul\u0113, kam piem\u012bt \u012bpa\u0161as fizik\u0101l\u0101s un \u0137\u012bmisk\u0101s \u012bpa\u0161\u012bbas. Dimantiem piem\u012bt \u012bpa\u0161s dzidrums un spo\u017eums, kas izpau\u017eas p\u0113c profesion\u0101las apstr\u0101des, jo tie\u0161i gaismas atstaro\u0161ana un izkliede nosaka to izcilo mirdzumu. To ciet\u012bba, kas sasniedz 10 p\u0113c Mosa skalas, nodro\u0161ina, ka dimants ir iztur\u012bgs pret skr\u0101p\u0113jumiem un saglab\u0101jas nevainojams daudzus gadus.<\/p>\n<p>Dimantus var izmantot ne tikai k\u0101 rotaslietas, bet ar\u012b k\u0101 ener\u0123ijas stiprin\u0101\u0161anas l\u012bdzekli \u2013 tiek uzskat\u012bts, ka n\u0113s\u0101ts dimants stiprina cilv\u0113ka ener\u0123ijas lauku, pal\u012bdz apzin\u0101ties savu m\u0113r\u0137i un likteni, k\u0101 ar\u012b sniedz iek\u0161\u0113jo sp\u0113ku. \u0160o \u012bpa\u0161\u012bbu d\u0113\u013c dimanti tiek v\u0113rt\u0113ti ne tikai skaistuma, bet ar\u012b to simbolisk\u0101s un gar\u012bg\u0101s noz\u012bmes d\u0113\u013c.<\/p>\n<\/div>\n<\/div>\n<\/div>\n<\/div>\n<\/div>\n","protected":false},"excerpt":{"rendered":"<p>Br\u012bni\u0161\u0137\u012bgs apa\u013cas formas dimants: Iegrimstiet pasaul\u0113, kur\u0101 satiekas grezn\u012bba un mirdzums. INFORM\u0100CIJA PAR dimantu: Akmens: Dab\u012bgs dimants (Briljants) Akmens forma: [&hellip;]<\/p>\n","protected":false},"featured_media":264269,"template":"","meta":{"site-sidebar-layout":"default","site-content-layout":"","ast-site-content-layout":"default","site-content-style":"default","site-sidebar-style":"default","ast-global-header-display":"","ast-banner-title-visibility":"","ast-main-header-display":"","ast-hfb-above-header-display":"","ast-hfb-below-header-display":"","ast-hfb-mobile-header-display":"","site-post-title":"","ast-breadcrumbs-content":"","ast-featured-img":"","footer-sml-layout":"","ast-disable-related-posts":"","theme-transparent-header-meta":"default","adv-header-id-meta":"","stick-header-meta":"","header-above-stick-meta":"","header-main-stick-meta":"","header-below-stick-meta":"","astra-migrate-meta-layouts":"default","ast-page-background-enabled":"default","ast-page-background-meta":{"desktop":{"background-color":"var(--ast-global-color-4)","background-image":"","background-repeat":"repeat","background-position":"center center","background-size":"auto","background-attachment":"scroll","background-type":"","background-media":"","overlay-type":"","overlay-color":"","overlay-opacity":"","overlay-gradient":""},"tablet":{"background-color":"","background-image":"","background-repeat":"repeat","background-position":"center center","background-size":"auto","background-attachment":"scroll","background-type":"","background-media":"","overlay-type":"","overlay-color":"","overlay-opacity":"","overlay-gradient":""},"mobile":{"background-color":"","background-image":"","background-repeat":"repeat","background-position":"center center","background-size":"auto","background-attachment":"scroll","background-type":"","background-media":"","overlay-type":"","overlay-color":"","overlay-opacity":"","overlay-gradient":""}},"ast-content-background-meta":{"desktop":{"background-color":"var(--ast-global-color-5)","background-image":"","background-repeat":"repeat","background-position":"center center","background-size":"auto","background-attachment":"scroll","background-type":"","background-media":"","overlay-type":"","overlay-color":"","overlay-opacity":"","overlay-gradient":""},"tablet":{"background-color":"var(--ast-global-color-5)","background-image":"","background-repeat":"repeat","background-position":"center center","background-size":"auto","background-attachment":"scroll","background-type":"","background-media":"","overlay-type":"","overlay-color":"","overlay-opacity":"","overlay-gradient":""},"mobile":{"background-color":"var(--ast-global-color-5)","background-image":"","background-repeat":"repeat","background-position":"center center","background-size":"auto","background-attachment":"scroll","background-type":"","background-media":"","overlay-type":"","overlay-color":"","overlay-opacity":"","overlay-gradient":""}}},"product_brand":[],"product_cat":[3571,3388],"product_tag":[],"class_list":{"0":"post-273951","1":"product","2":"type-product","3":"status-publish","4":"has-post-thumbnail","6":"product_cat-dabigie-dimanti-briljanti-no-030-karatiem","7":"product_cat-ipasais-piedavajums-dimanti-un-razosana","8":"desktop-align-center","9":"tablet-align-left","10":"mobile-align-left","11":"ast-product-gallery-layout-horizontal-slider","12":"ast-product-tabs-layout-accordion","13":"ast-qv-on-image","15":"first","16":"instock","17":"sale","18":"taxable","19":"shipping-taxable","20":"purchasable","21":"product-type-simple"},"yoast_head":"<!-- This site is optimized with the Yoast SEO plugin v26.6 - https:\/\/yoast.com\/wordpress\/plugins\/seo\/ -->\n<title>0.50 ct Dimants \u2013 Kr\u0101sa G (RW), Dzidrums VVS1<\/title>\n<meta name=\"description\" content=\"0.50 ct Dimants \u2013 Kr\u0101sa G (RW), Dzidrums VVS1. Ide\u0101la kvalit\u0101te \u2013 3EX, bez fluorescences. Ide\u0101la izv\u0113le j\u016bsu gredzenam.\" \/>\n<meta name=\"robots\" content=\"index, follow, max-snippet:-1, max-image-preview:large, max-video-preview:-1\" \/>\n<link rel=\"canonical\" href=\"https:\/\/fashiongold.lt\/lv\/papuosalas\/0-50-ct-dimants-krasa-g-rw-dzidrums-vvs1\/\" \/>\n<meta property=\"og:locale\" content=\"lv_LV\" \/>\n<meta property=\"og:type\" content=\"article\" \/>\n<meta property=\"og:title\" content=\"0.50 ct Dimants \u2013 Kr\u0101sa G (RW), Dzidrums VVS1\" \/>\n<meta property=\"og:description\" content=\"0.50 ct Dimants \u2013 Kr\u0101sa G (RW), Dzidrums VVS1. Ide\u0101la kvalit\u0101te \u2013 3EX, bez fluorescences. Ide\u0101la izv\u0113le j\u016bsu gredzenam.\" \/>\n<meta property=\"og:url\" content=\"https:\/\/fashiongold.lt\/lv\/papuosalas\/0-50-ct-dimants-krasa-g-rw-dzidrums-vvs1\/\" \/>\n<meta property=\"og:site_name\" content=\"FashionGold.lt\" \/>\n<meta property=\"og:image\" content=\"https:\/\/fashiongold.lt\/wp-content\/uploads\/2025\/11\/0.50-ct-Deimantas-GIF-Nuostabus-apvalios-formos-deimantas.webp\" \/>\n\t<meta property=\"og:image:width\" content=\"1000\" \/>\n\t<meta property=\"og:image:height\" content=\"1000\" \/>\n\t<meta property=\"og:image:type\" content=\"image\/png\" \/>\n<meta name=\"twitter:card\" content=\"summary_large_image\" \/>\n<meta name=\"twitter:label1\" content=\"Est. reading time\" \/>\n\t<meta name=\"twitter:data1\" content=\"3 minutes\" \/>\n<script type=\"application\/ld+json\" class=\"yoast-schema-graph\">{\"@context\":\"https:\/\/schema.org\",\"@graph\":[{\"@type\":\"WebPage\",\"@id\":\"https:\/\/fashiongold.lt\/lv\/papuosalas\/0-50-ct-dimants-krasa-g-rw-dzidrums-vvs1\/\",\"url\":\"https:\/\/fashiongold.lt\/lv\/papuosalas\/0-50-ct-dimants-krasa-g-rw-dzidrums-vvs1\/\",\"name\":\"0.50 ct Dimants \u2013 Kr\u0101sa G (RW), Dzidrums VVS1\",\"isPartOf\":{\"@id\":\"https:\/\/fashiongold.lt\/lv\/#website\"},\"primaryImageOfPage\":{\"@id\":\"https:\/\/fashiongold.lt\/lv\/papuosalas\/0-50-ct-dimants-krasa-g-rw-dzidrums-vvs1\/#primaryimage\"},\"image\":{\"@id\":\"https:\/\/fashiongold.lt\/lv\/papuosalas\/0-50-ct-dimants-krasa-g-rw-dzidrums-vvs1\/#primaryimage\"},\"thumbnailUrl\":\"https:\/\/fashiongold.lt\/wp-content\/uploads\/2025\/11\/0.50-ct-Deimantas-GIF-Nuostabus-apvalios-formos-deimantas.png\",\"datePublished\":\"2025-11-26T18:41:52+00:00\",\"description\":\"0.50 ct Dimants \u2013 Kr\u0101sa G (RW), Dzidrums VVS1. Ide\u0101la kvalit\u0101te \u2013 3EX, bez fluorescences. Ide\u0101la izv\u0113le j\u016bsu gredzenam.\",\"breadcrumb\":{\"@id\":\"https:\/\/fashiongold.lt\/lv\/papuosalas\/0-50-ct-dimants-krasa-g-rw-dzidrums-vvs1\/#breadcrumb\"},\"inLanguage\":\"lv-LV\",\"potentialAction\":[{\"@type\":\"ReadAction\",\"target\":[\"https:\/\/fashiongold.lt\/lv\/papuosalas\/0-50-ct-dimants-krasa-g-rw-dzidrums-vvs1\/\"]}]},{\"@type\":\"ImageObject\",\"inLanguage\":\"lv-LV\",\"@id\":\"https:\/\/fashiongold.lt\/lv\/papuosalas\/0-50-ct-dimants-krasa-g-rw-dzidrums-vvs1\/#primaryimage\",\"url\":\"https:\/\/fashiongold.lt\/wp-content\/uploads\/2025\/11\/0.50-ct-Deimantas-GIF-Nuostabus-apvalios-formos-deimantas.png\",\"contentUrl\":\"https:\/\/fashiongold.lt\/wp-content\/uploads\/2025\/11\/0.50-ct-Deimantas-GIF-Nuostabus-apvalios-formos-deimantas.png\",\"width\":1000,\"height\":1000,\"caption\":\"0.32-ct-Deimantas-F\/VSS2-Nuostabus-apvalios-formos-deimantas\"},{\"@type\":\"BreadcrumbList\",\"@id\":\"https:\/\/fashiongold.lt\/lv\/papuosalas\/0-50-ct-dimants-krasa-g-rw-dzidrums-vvs1\/#breadcrumb\",\"itemListElement\":[{\"@type\":\"ListItem\",\"position\":1,\"name\":\"Home\",\"item\":\"https:\/\/fashiongold.lt\/lv\/\"},{\"@type\":\"ListItem\",\"position\":2,\"name\":\"Dimantu veikals Fashiongold.lt\",\"item\":\"https:\/\/fashiongold.lt\/shop-2\/\"},{\"@type\":\"ListItem\",\"position\":3,\"name\":\"0.50 ct Dimants \u2013 Kr\u0101sa G (RW), Dzidrums VVS1\"}]},{\"@type\":\"WebSite\",\"@id\":\"https:\/\/fashiongold.lt\/lv\/#website\",\"url\":\"https:\/\/fashiongold.lt\/lv\/\",\"name\":\"Fashion Gold\",\"description\":\"Juvelyrikos namai\",\"publisher\":{\"@id\":\"https:\/\/fashiongold.lt\/lv\/#organization\"},\"potentialAction\":[{\"@type\":\"SearchAction\",\"target\":{\"@type\":\"EntryPoint\",\"urlTemplate\":\"https:\/\/fashiongold.lt\/lv\/?s={search_term_string}\"},\"query-input\":{\"@type\":\"PropertyValueSpecification\",\"valueRequired\":true,\"valueName\":\"search_term_string\"}}],\"inLanguage\":\"lv-LV\"},{\"@type\":\"Organization\",\"@id\":\"https:\/\/fashiongold.lt\/lv\/#organization\",\"name\":\"Topdiamonds Online\",\"url\":\"https:\/\/fashiongold.lt\/lv\/\",\"logo\":{\"@type\":\"ImageObject\",\"inLanguage\":\"lv-LV\",\"@id\":\"https:\/\/fashiongold.lt\/lv\/#\/schema\/logo\/image\/\",\"url\":\"https:\/\/fashiongold.lt\/wp-content\/uploads\/2025\/04\/cropped-fashion_gold_logotipas2-scaled-1.png\",\"contentUrl\":\"https:\/\/fashiongold.lt\/wp-content\/uploads\/2025\/04\/cropped-fashion_gold_logotipas2-scaled-1.png\",\"width\":2559,\"height\":421,\"caption\":\"Topdiamonds Online\"},\"image\":{\"@id\":\"https:\/\/fashiongold.lt\/lv\/#\/schema\/logo\/image\/\"}}]}<\/script>\n<!-- \/ Yoast SEO plugin. -->","yoast_head_json":{"title":"0.50 ct Dimants \u2013 Kr\u0101sa G (RW), Dzidrums VVS1","description":"0.50 ct Dimants \u2013 Kr\u0101sa G (RW), Dzidrums VVS1. Ide\u0101la kvalit\u0101te \u2013 3EX, bez fluorescences. Ide\u0101la izv\u0113le j\u016bsu gredzenam.","robots":{"index":"index","follow":"follow","max-snippet":"max-snippet:-1","max-image-preview":"max-image-preview:large","max-video-preview":"max-video-preview:-1"},"canonical":"https:\/\/fashiongold.lt\/lv\/papuosalas\/0-50-ct-dimants-krasa-g-rw-dzidrums-vvs1\/","og_locale":"lv_LV","og_type":"article","og_title":"0.50 ct Dimants \u2013 Kr\u0101sa G (RW), Dzidrums VVS1","og_description":"0.50 ct Dimants \u2013 Kr\u0101sa G (RW), Dzidrums VVS1. Ide\u0101la kvalit\u0101te \u2013 3EX, bez fluorescences. Ide\u0101la izv\u0113le j\u016bsu gredzenam.","og_url":"https:\/\/fashiongold.lt\/lv\/papuosalas\/0-50-ct-dimants-krasa-g-rw-dzidrums-vvs1\/","og_site_name":"FashionGold.lt","og_image":[{"width":1000,"height":1000,"url":"https:\/\/fashiongold.lt\/wp-content\/uploads\/2025\/11\/0.50-ct-Deimantas-GIF-Nuostabus-apvalios-formos-deimantas.webp","type":"image\/png"}],"twitter_card":"summary_large_image","twitter_misc":{"Est. reading time":"3 minutes"},"schema":{"@context":"https:\/\/schema.org","@graph":[{"@type":"WebPage","@id":"https:\/\/fashiongold.lt\/lv\/papuosalas\/0-50-ct-dimants-krasa-g-rw-dzidrums-vvs1\/","url":"https:\/\/fashiongold.lt\/lv\/papuosalas\/0-50-ct-dimants-krasa-g-rw-dzidrums-vvs1\/","name":"0.50 ct Dimants \u2013 Kr\u0101sa G (RW), Dzidrums VVS1","isPartOf":{"@id":"https:\/\/fashiongold.lt\/lv\/#website"},"primaryImageOfPage":{"@id":"https:\/\/fashiongold.lt\/lv\/papuosalas\/0-50-ct-dimants-krasa-g-rw-dzidrums-vvs1\/#primaryimage"},"image":{"@id":"https:\/\/fashiongold.lt\/lv\/papuosalas\/0-50-ct-dimants-krasa-g-rw-dzidrums-vvs1\/#primaryimage"},"thumbnailUrl":"https:\/\/fashiongold.lt\/wp-content\/uploads\/2025\/11\/0.50-ct-Deimantas-GIF-Nuostabus-apvalios-formos-deimantas.png","datePublished":"2025-11-26T18:41:52+00:00","description":"0.50 ct Dimants \u2013 Kr\u0101sa G (RW), Dzidrums VVS1. Ide\u0101la kvalit\u0101te \u2013 3EX, bez fluorescences. Ide\u0101la izv\u0113le j\u016bsu gredzenam.","breadcrumb":{"@id":"https:\/\/fashiongold.lt\/lv\/papuosalas\/0-50-ct-dimants-krasa-g-rw-dzidrums-vvs1\/#breadcrumb"},"inLanguage":"lv-LV","potentialAction":[{"@type":"ReadAction","target":["https:\/\/fashiongold.lt\/lv\/papuosalas\/0-50-ct-dimants-krasa-g-rw-dzidrums-vvs1\/"]}]},{"@type":"ImageObject","inLanguage":"lv-LV","@id":"https:\/\/fashiongold.lt\/lv\/papuosalas\/0-50-ct-dimants-krasa-g-rw-dzidrums-vvs1\/#primaryimage","url":"https:\/\/fashiongold.lt\/wp-content\/uploads\/2025\/11\/0.50-ct-Deimantas-GIF-Nuostabus-apvalios-formos-deimantas.png","contentUrl":"https:\/\/fashiongold.lt\/wp-content\/uploads\/2025\/11\/0.50-ct-Deimantas-GIF-Nuostabus-apvalios-formos-deimantas.png","width":1000,"height":1000,"caption":"0.32-ct-Deimantas-F\/VSS2-Nuostabus-apvalios-formos-deimantas"},{"@type":"BreadcrumbList","@id":"https:\/\/fashiongold.lt\/lv\/papuosalas\/0-50-ct-dimants-krasa-g-rw-dzidrums-vvs1\/#breadcrumb","itemListElement":[{"@type":"ListItem","position":1,"name":"Home","item":"https:\/\/fashiongold.lt\/lv\/"},{"@type":"ListItem","position":2,"name":"Dimantu veikals Fashiongold.lt","item":"https:\/\/fashiongold.lt\/shop-2\/"},{"@type":"ListItem","position":3,"name":"0.50 ct Dimants \u2013 Kr\u0101sa G (RW), Dzidrums VVS1"}]},{"@type":"WebSite","@id":"https:\/\/fashiongold.lt\/lv\/#website","url":"https:\/\/fashiongold.lt\/lv\/","name":"Fashion Gold","description":"Juvelyrikos namai","publisher":{"@id":"https:\/\/fashiongold.lt\/lv\/#organization"},"potentialAction":[{"@type":"SearchAction","target":{"@type":"EntryPoint","urlTemplate":"https:\/\/fashiongold.lt\/lv\/?s={search_term_string}"},"query-input":{"@type":"PropertyValueSpecification","valueRequired":true,"valueName":"search_term_string"}}],"inLanguage":"lv-LV"},{"@type":"Organization","@id":"https:\/\/fashiongold.lt\/lv\/#organization","name":"Topdiamonds Online","url":"https:\/\/fashiongold.lt\/lv\/","logo":{"@type":"ImageObject","inLanguage":"lv-LV","@id":"https:\/\/fashiongold.lt\/lv\/#\/schema\/logo\/image\/","url":"https:\/\/fashiongold.lt\/wp-content\/uploads\/2025\/04\/cropped-fashion_gold_logotipas2-scaled-1.png","contentUrl":"https:\/\/fashiongold.lt\/wp-content\/uploads\/2025\/04\/cropped-fashion_gold_logotipas2-scaled-1.png","width":2559,"height":421,"caption":"Topdiamonds Online"},"image":{"@id":"https:\/\/fashiongold.lt\/lv\/#\/schema\/logo\/image\/"}}]}},"_links":{"self":[{"href":"https:\/\/fashiongold.lt\/lv\/wp-json\/wp\/v2\/product\/273951","targetHints":{"allow":["GET"]}}],"collection":[{"href":"https:\/\/fashiongold.lt\/lv\/wp-json\/wp\/v2\/product"}],"about":[{"href":"https:\/\/fashiongold.lt\/lv\/wp-json\/wp\/v2\/types\/product"}],"version-history":[{"count":0,"href":"https:\/\/fashiongold.lt\/lv\/wp-json\/wp\/v2\/product\/273951\/revisions"}],"wp:featuredmedia":[{"embeddable":true,"href":"https:\/\/fashiongold.lt\/lv\/wp-json\/wp\/v2\/media\/264269"}],"wp:attachment":[{"href":"https:\/\/fashiongold.lt\/lv\/wp-json\/wp\/v2\/media?parent=273951"}],"wp:term":[{"taxonomy":"product_brand","embeddable":true,"href":"https:\/\/fashiongold.lt\/lv\/wp-json\/wp\/v2\/product_brand?post=273951"},{"taxonomy":"product_cat","embeddable":true,"href":"https:\/\/fashiongold.lt\/lv\/wp-json\/wp\/v2\/product_cat?post=273951"},{"taxonomy":"product_tag","embeddable":true,"href":"https:\/\/fashiongold.lt\/lv\/wp-json\/wp\/v2\/product_tag?post=273951"}],"curies":[{"name":"wp","href":"https:\/\/api.w.org\/{rel}","templated":true}]}}