{"id":273967,"date":"2025-10-24T07:37:16","date_gmt":"2025-10-24T07:37:16","guid":{"rendered":"https:\/\/fashiongold.lt\/papuosalas\/saderinasanas-gredzens-ar-dimantu-sparkler-020-ct\/"},"modified":"2025-10-24T07:37:16","modified_gmt":"2025-10-24T07:37:16","slug":"saderinasanas-gredzens-ar-dimantu-sparkler-020-ct","status":"publish","type":"product","link":"https:\/\/fashiongold.lt\/lv\/papuosalas\/saderinasanas-gredzens-ar-dimantu-sparkler-020-ct\/","title":{"rendered":"Saderin\u0101\u0161an\u0101s gredzens ar dimantu &#8211; Sparkler (0,20 ct)"},"content":{"rendered":"<h2><span style=\"font-size: 12.87px;\">Saderin\u0101\u0161an\u0101s gredzens ar dimantu &#8211; Sparkler (0,20 ct)<\/span><\/h2>\n<h3><span style=\"font-size: 11px;\">Klasisks saderin\u0101\u0161an\u0101s gredzens ar 0,20 kar\u0101tu dimantu &#8211; Sparkler. Dab\u012bgs dimants. Bezmaksas grav\u0113\u0161ana.<\/span><\/h3>\n<p>Izgatavots Lietuv\u0101, iev\u0113rojot augst\u0101kos standartus. Gredzens var tikt izgatavots p\u0113c pas\u016bt\u012bjuma: par papildu samaksu ar augst\u0101kas kvalit\u0101tes dimantu vai dimantiem.<\/p>\n<p>\u2022 Gredzena met\u0101ls: 14K (585. prove), varam izgatavot no 10K (375. prove), 18K (750. prove), 950 plat\u012bna\u00a0 \u00a0 \u00a0 \u00a0<\/p>\n<p>\u2022 Gredzena kr\u0101sa: balta, sarkana, dzeltena\u00a0<\/p>\n<p>\u2022 Gredzena svars (atkar\u012bgs no izm\u0113ra): aptuveni 2,30 &#8211; 2,70 g\u00a0 \u00a0 \u00a0 \u00a0 \u00a0 \u00a0<\/p>\n<p>\u2022 Gredzena izm\u0113ri: kro\u0146a platums &#8211; aptuveni 5,60 mm (izm\u0113ri ir aptuveni un var at\u0161\u0137irties atkar\u012bb\u0101 no gredzena izm\u0113ra)<\/p>\n<p>\u2022 Gredzena komforta zona: ir\u00a0 \u00a0 \u00a0<\/p>\n<p>\u2022 Dimanta tips: Dab\u012bgs dimants<\/p>\n<p>\u2022 Dimanta forma: Apa\u013ca forma (Round cut)\u00a0 \u00a0 \u00a0 \u00a0<\/p>\n<p>\u2022 Dimanta raksturojums: 0,20 ct centr\u0101lais akmens (kr\u0101sa H, dzidrums SI2) (var main\u012bt)\u00a0 \u00a0 \u00a0 \u00a0<\/p>\n<p>\u2022 Sertifik\u0101ts: Lietuvas Prob\u0101cijas pal\u0101ta (LPR)<\/p>\n<p>\u2022 Grav\u0113\u0161ana bez maksas\u00a0 \u00a0<\/p>\n<p>\u2022 Vienreiz\u0113ja bezmaksas gredzena izm\u0113ra mai\u0146as garantija (p\u0113c iesp\u0113jas)\u00a0 \u00a0<\/p>\n<p>\u2022 Izgatavo\u0161anas un pieg\u0101des termi\u0146\u0161 no 14 darba dien\u0101m, steidzam\u012bbas k\u0101rt\u0101 7 d.d. laik\u0101.\u00a0 \u00a0<\/p>\n<p><strong>Jums ir savs d\u0101rgakmens? Sazinieties ar mums, m\u0113s p\u0101rr\u0113\u0137in\u0101sim cenu \u2013 j\u016bs maks\u0101siet tikai par gredzena izgatavo\u0161anu.<\/strong><\/p>\n","protected":false},"excerpt":{"rendered":"<p>Saderin\u0101\u0161an\u0101s gredzens ar 0,20 ct dimantu un klasisku se\u0161u k\u0101ji\u0146u kron\u012bti. Izteiksm\u012bg\u0101 st\u012bpi\u0146a izce\u013c dimantu, bet \u0113rtais dizains nodro\u0161ina komfortu. Lieliska izv\u0113le j\u016bsu m\u012b\u013cotajai, \u0161\u012b rota m\u016b\u017e\u012bgi atg\u0101din\u0101s par \u0161o \u012bpa\u0161o br\u012bdi.<\/p>\n","protected":false},"featured_media":259627,"template":"","meta":{"site-sidebar-layout":"","site-content-layout":"","ast-site-content-layout":"","site-content-style":"","site-sidebar-style":"","ast-global-header-display":"","ast-banner-title-visibility":"","ast-main-header-display":"","ast-hfb-above-header-display":"","ast-hfb-below-header-display":"","ast-hfb-mobile-header-display":"","site-post-title":"","ast-breadcrumbs-content":"","ast-featured-img":"","footer-sml-layout":"","ast-disable-related-posts":"","theme-transparent-header-meta":"","adv-header-id-meta":"","stick-header-meta":"","header-above-stick-meta":"","header-main-stick-meta":"","header-below-stick-meta":"","astra-migrate-meta-layouts":"default","ast-page-background-enabled":"default","ast-page-background-meta":{"desktop":{"background-color":"var(--ast-global-color-4)","background-image":"","background-repeat":"repeat","background-position":"center center","background-size":"auto","background-attachment":"scroll","background-type":"","background-media":"","overlay-type":"","overlay-color":"","overlay-opacity":"","overlay-gradient":""},"tablet":{"background-color":"","background-image":"","background-repeat":"repeat","background-position":"center center","background-size":"auto","background-attachment":"scroll","background-type":"","background-media":"","overlay-type":"","overlay-color":"","overlay-opacity":"","overlay-gradient":""},"mobile":{"background-color":"","background-image":"","background-repeat":"repeat","background-position":"center center","background-size":"auto","background-attachment":"scroll","background-type":"","background-media":"","overlay-type":"","overlay-color":"","overlay-opacity":"","overlay-gradient":""}},"ast-content-background-meta":{"desktop":{"background-color":"var(--ast-global-color-5)","background-image":"","background-repeat":"repeat","background-position":"center center","background-size":"auto","background-attachment":"scroll","background-type":"","background-media":"","overlay-type":"","overlay-color":"","overlay-opacity":"","overlay-gradient":""},"tablet":{"background-color":"var(--ast-global-color-5)","background-image":"","background-repeat":"repeat","background-position":"center center","background-size":"auto","background-attachment":"scroll","background-type":"","background-media":"","overlay-type":"","overlay-color":"","overlay-opacity":"","overlay-gradient":""},"mobile":{"background-color":"var(--ast-global-color-5)","background-image":"","background-repeat":"repeat","background-position":"center center","background-size":"auto","background-attachment":"scroll","background-type":"","background-media":"","overlay-type":"","overlay-color":"","overlay-opacity":"","overlay-gradient":""}}},"product_brand":[],"product_cat":[3441,2915,3403,2916,2914,3442,3446,3439,3443,3447,2936],"product_tag":[],"class_list":{"0":"post-273967","1":"product","2":"type-product","3":"status-publish","4":"has-post-thumbnail","6":"product_cat-balta-zelta-saderinasanas-gredzeni","7":"product_cat-davanas-berna-piedzimsanai","8":"product_cat-davanas-kazam","9":"product_cat-davanas-kazu-gadadiena","10":"product_cat-davanas-sievietem","11":"product_cat-dzeltena-zelta-saderinasanas-gredzeni","12":"product_cat-klasiskie-saderinasanas-gredzeni","13":"product_cat-saderinasanas-gredzeni","14":"product_cat-sarkana-zelta-saderinasanas-gredzeni","15":"product_cat-top-saderinasanas-gredzeni","16":"product_cat-valentindienas-davanas","17":"desktop-align-center","18":"tablet-align-left","19":"mobile-align-left","20":"ast-product-gallery-layout-horizontal-slider","21":"ast-product-gallery-with-no-image","22":"ast-product-single-variable","23":"ast-product-tabs-layout-accordion","24":"ast-qv-on-image","26":"first","27":"instock","28":"taxable","29":"shipping-taxable","30":"purchasable","31":"product-type-variable"},"yoast_head":"<!-- This site is optimized with the Yoast SEO plugin v26.6 - https:\/\/yoast.com\/wordpress\/plugins\/seo\/ -->\n<title>Saderin\u0101\u0161an\u0101s gredzens ar 0.20 kar\u0101tu dimantu - Sparkler<\/title>\n<meta name=\"description\" content=\"Saderin\u0101\u0161an\u0101s gredzens ar 0,20 ct dimantu, klasisku se\u0161u \u0137epi\u0146u kron\u012bti. Izteiksm\u012bg\u0101 st\u012bpi\u0146a izce\u013c dimantu, savuk\u0101rt \u0113rtais dizains nodro\u0161ina komfortu.\" \/>\n<meta name=\"robots\" content=\"index, follow, max-snippet:-1, max-image-preview:large, max-video-preview:-1\" \/>\n<link rel=\"canonical\" href=\"https:\/\/fashiongold.lt\/lv\/papuosalas\/saderinasanas-gredzens-ar-dimantu-sparkler-020-ct\/\" \/>\n<meta property=\"og:locale\" content=\"lv_LV\" \/>\n<meta property=\"og:type\" content=\"article\" \/>\n<meta property=\"og:title\" content=\"Saderin\u0101\u0161an\u0101s gredzens ar 0.20 kar\u0101tu dimantu - Sparkler\" \/>\n<meta property=\"og:description\" content=\"Saderin\u0101\u0161an\u0101s gredzens ar 0,20 ct dimantu, klasisku se\u0161u \u0137epi\u0146u kron\u012bti. Izteiksm\u012bg\u0101 st\u012bpi\u0146a izce\u013c dimantu, savuk\u0101rt \u0113rtais dizains nodro\u0161ina komfortu.\" \/>\n<meta property=\"og:url\" content=\"https:\/\/fashiongold.lt\/lv\/papuosalas\/saderinasanas-gredzens-ar-dimantu-sparkler-020-ct\/\" \/>\n<meta property=\"og:site_name\" content=\"FashionGold.lt\" \/>\n<meta property=\"og:image\" content=\"https:\/\/fashiongold.lt\/wp-content\/uploads\/2025\/10\/25606-cd5-Geltono-aukso-suzadetuviu-ziedas-su-0.20-karato-deimantu-Sparkler.webp\" \/>\n\t<meta property=\"og:image:width\" content=\"1000\" \/>\n\t<meta property=\"og:image:height\" content=\"1000\" \/>\n\t<meta property=\"og:image:type\" content=\"image\/png\" \/>\n<meta name=\"twitter:card\" content=\"summary_large_image\" \/>\n<meta name=\"twitter:label1\" content=\"Est. reading time\" \/>\n\t<meta name=\"twitter:data1\" content=\"1 minute\" \/>\n<script type=\"application\/ld+json\" class=\"yoast-schema-graph\">{\"@context\":\"https:\/\/schema.org\",\"@graph\":[{\"@type\":\"WebPage\",\"@id\":\"https:\/\/fashiongold.lt\/lv\/papuosalas\/saderinasanas-gredzens-ar-dimantu-sparkler-020-ct\/\",\"url\":\"https:\/\/fashiongold.lt\/lv\/papuosalas\/saderinasanas-gredzens-ar-dimantu-sparkler-020-ct\/\",\"name\":\"Saderin\u0101\u0161an\u0101s gredzens ar 0.20 kar\u0101tu dimantu - Sparkler\",\"isPartOf\":{\"@id\":\"https:\/\/fashiongold.lt\/lv\/#website\"},\"primaryImageOfPage\":{\"@id\":\"https:\/\/fashiongold.lt\/lv\/papuosalas\/saderinasanas-gredzens-ar-dimantu-sparkler-020-ct\/#primaryimage\"},\"image\":{\"@id\":\"https:\/\/fashiongold.lt\/lv\/papuosalas\/saderinasanas-gredzens-ar-dimantu-sparkler-020-ct\/#primaryimage\"},\"thumbnailUrl\":\"https:\/\/fashiongold.lt\/wp-content\/uploads\/2025\/10\/25606-cd5-Geltono-aukso-suzadetuviu-ziedas-su-0.20-karato-deimantu-Sparkler.png\",\"datePublished\":\"2025-10-24T07:37:16+00:00\",\"description\":\"Saderin\u0101\u0161an\u0101s gredzens ar 0,20 ct dimantu, klasisku se\u0161u \u0137epi\u0146u kron\u012bti. Izteiksm\u012bg\u0101 st\u012bpi\u0146a izce\u013c dimantu, savuk\u0101rt \u0113rtais dizains nodro\u0161ina komfortu.\",\"breadcrumb\":{\"@id\":\"https:\/\/fashiongold.lt\/lv\/papuosalas\/saderinasanas-gredzens-ar-dimantu-sparkler-020-ct\/#breadcrumb\"},\"inLanguage\":\"lv-LV\",\"potentialAction\":[{\"@type\":\"ReadAction\",\"target\":[\"https:\/\/fashiongold.lt\/lv\/papuosalas\/saderinasanas-gredzens-ar-dimantu-sparkler-020-ct\/\"]}]},{\"@type\":\"ImageObject\",\"inLanguage\":\"lv-LV\",\"@id\":\"https:\/\/fashiongold.lt\/lv\/papuosalas\/saderinasanas-gredzens-ar-dimantu-sparkler-020-ct\/#primaryimage\",\"url\":\"https:\/\/fashiongold.lt\/wp-content\/uploads\/2025\/10\/25606-cd5-Geltono-aukso-suzadetuviu-ziedas-su-0.20-karato-deimantu-Sparkler.png\",\"contentUrl\":\"https:\/\/fashiongold.lt\/wp-content\/uploads\/2025\/10\/25606-cd5-Geltono-aukso-suzadetuviu-ziedas-su-0.20-karato-deimantu-Sparkler.png\",\"width\":1000,\"height\":1000},{\"@type\":\"BreadcrumbList\",\"@id\":\"https:\/\/fashiongold.lt\/lv\/papuosalas\/saderinasanas-gredzens-ar-dimantu-sparkler-020-ct\/#breadcrumb\",\"itemListElement\":[{\"@type\":\"ListItem\",\"position\":1,\"name\":\"Home\",\"item\":\"https:\/\/fashiongold.lt\/lv\/\"},{\"@type\":\"ListItem\",\"position\":2,\"name\":\"Dimantu veikals Fashiongold.lt\",\"item\":\"https:\/\/fashiongold.lt\/shop-2\/\"},{\"@type\":\"ListItem\",\"position\":3,\"name\":\"Saderin\u0101\u0161an\u0101s gredzens ar dimantu &#8211; Sparkler (0,20 ct)\"}]},{\"@type\":\"WebSite\",\"@id\":\"https:\/\/fashiongold.lt\/lv\/#website\",\"url\":\"https:\/\/fashiongold.lt\/lv\/\",\"name\":\"Fashion Gold\",\"description\":\"Juvelyrikos namai\",\"publisher\":{\"@id\":\"https:\/\/fashiongold.lt\/lv\/#organization\"},\"potentialAction\":[{\"@type\":\"SearchAction\",\"target\":{\"@type\":\"EntryPoint\",\"urlTemplate\":\"https:\/\/fashiongold.lt\/lv\/?s={search_term_string}\"},\"query-input\":{\"@type\":\"PropertyValueSpecification\",\"valueRequired\":true,\"valueName\":\"search_term_string\"}}],\"inLanguage\":\"lv-LV\"},{\"@type\":\"Organization\",\"@id\":\"https:\/\/fashiongold.lt\/lv\/#organization\",\"name\":\"Topdiamonds Online\",\"url\":\"https:\/\/fashiongold.lt\/lv\/\",\"logo\":{\"@type\":\"ImageObject\",\"inLanguage\":\"lv-LV\",\"@id\":\"https:\/\/fashiongold.lt\/lv\/#\/schema\/logo\/image\/\",\"url\":\"https:\/\/fashiongold.lt\/wp-content\/uploads\/2025\/04\/cropped-fashion_gold_logotipas2-scaled-1.png\",\"contentUrl\":\"https:\/\/fashiongold.lt\/wp-content\/uploads\/2025\/04\/cropped-fashion_gold_logotipas2-scaled-1.png\",\"width\":2559,\"height\":421,\"caption\":\"Topdiamonds Online\"},\"image\":{\"@id\":\"https:\/\/fashiongold.lt\/lv\/#\/schema\/logo\/image\/\"}}]}<\/script>\n<!-- \/ Yoast SEO plugin. -->","yoast_head_json":{"title":"Saderin\u0101\u0161an\u0101s gredzens ar 0.20 kar\u0101tu dimantu - Sparkler","description":"Saderin\u0101\u0161an\u0101s gredzens ar 0,20 ct dimantu, klasisku se\u0161u \u0137epi\u0146u kron\u012bti. Izteiksm\u012bg\u0101 st\u012bpi\u0146a izce\u013c dimantu, savuk\u0101rt \u0113rtais dizains nodro\u0161ina komfortu.","robots":{"index":"index","follow":"follow","max-snippet":"max-snippet:-1","max-image-preview":"max-image-preview:large","max-video-preview":"max-video-preview:-1"},"canonical":"https:\/\/fashiongold.lt\/lv\/papuosalas\/saderinasanas-gredzens-ar-dimantu-sparkler-020-ct\/","og_locale":"lv_LV","og_type":"article","og_title":"Saderin\u0101\u0161an\u0101s gredzens ar 0.20 kar\u0101tu dimantu - Sparkler","og_description":"Saderin\u0101\u0161an\u0101s gredzens ar 0,20 ct dimantu, klasisku se\u0161u \u0137epi\u0146u kron\u012bti. Izteiksm\u012bg\u0101 st\u012bpi\u0146a izce\u013c dimantu, savuk\u0101rt \u0113rtais dizains nodro\u0161ina komfortu.","og_url":"https:\/\/fashiongold.lt\/lv\/papuosalas\/saderinasanas-gredzens-ar-dimantu-sparkler-020-ct\/","og_site_name":"FashionGold.lt","og_image":[{"width":1000,"height":1000,"url":"https:\/\/fashiongold.lt\/wp-content\/uploads\/2025\/10\/25606-cd5-Geltono-aukso-suzadetuviu-ziedas-su-0.20-karato-deimantu-Sparkler.webp","type":"image\/png"}],"twitter_card":"summary_large_image","twitter_misc":{"Est. reading time":"1 minute"},"schema":{"@context":"https:\/\/schema.org","@graph":[{"@type":"WebPage","@id":"https:\/\/fashiongold.lt\/lv\/papuosalas\/saderinasanas-gredzens-ar-dimantu-sparkler-020-ct\/","url":"https:\/\/fashiongold.lt\/lv\/papuosalas\/saderinasanas-gredzens-ar-dimantu-sparkler-020-ct\/","name":"Saderin\u0101\u0161an\u0101s gredzens ar 0.20 kar\u0101tu dimantu - Sparkler","isPartOf":{"@id":"https:\/\/fashiongold.lt\/lv\/#website"},"primaryImageOfPage":{"@id":"https:\/\/fashiongold.lt\/lv\/papuosalas\/saderinasanas-gredzens-ar-dimantu-sparkler-020-ct\/#primaryimage"},"image":{"@id":"https:\/\/fashiongold.lt\/lv\/papuosalas\/saderinasanas-gredzens-ar-dimantu-sparkler-020-ct\/#primaryimage"},"thumbnailUrl":"https:\/\/fashiongold.lt\/wp-content\/uploads\/2025\/10\/25606-cd5-Geltono-aukso-suzadetuviu-ziedas-su-0.20-karato-deimantu-Sparkler.png","datePublished":"2025-10-24T07:37:16+00:00","description":"Saderin\u0101\u0161an\u0101s gredzens ar 0,20 ct dimantu, klasisku se\u0161u \u0137epi\u0146u kron\u012bti. Izteiksm\u012bg\u0101 st\u012bpi\u0146a izce\u013c dimantu, savuk\u0101rt \u0113rtais dizains nodro\u0161ina komfortu.","breadcrumb":{"@id":"https:\/\/fashiongold.lt\/lv\/papuosalas\/saderinasanas-gredzens-ar-dimantu-sparkler-020-ct\/#breadcrumb"},"inLanguage":"lv-LV","potentialAction":[{"@type":"ReadAction","target":["https:\/\/fashiongold.lt\/lv\/papuosalas\/saderinasanas-gredzens-ar-dimantu-sparkler-020-ct\/"]}]},{"@type":"ImageObject","inLanguage":"lv-LV","@id":"https:\/\/fashiongold.lt\/lv\/papuosalas\/saderinasanas-gredzens-ar-dimantu-sparkler-020-ct\/#primaryimage","url":"https:\/\/fashiongold.lt\/wp-content\/uploads\/2025\/10\/25606-cd5-Geltono-aukso-suzadetuviu-ziedas-su-0.20-karato-deimantu-Sparkler.png","contentUrl":"https:\/\/fashiongold.lt\/wp-content\/uploads\/2025\/10\/25606-cd5-Geltono-aukso-suzadetuviu-ziedas-su-0.20-karato-deimantu-Sparkler.png","width":1000,"height":1000},{"@type":"BreadcrumbList","@id":"https:\/\/fashiongold.lt\/lv\/papuosalas\/saderinasanas-gredzens-ar-dimantu-sparkler-020-ct\/#breadcrumb","itemListElement":[{"@type":"ListItem","position":1,"name":"Home","item":"https:\/\/fashiongold.lt\/lv\/"},{"@type":"ListItem","position":2,"name":"Dimantu veikals Fashiongold.lt","item":"https:\/\/fashiongold.lt\/shop-2\/"},{"@type":"ListItem","position":3,"name":"Saderin\u0101\u0161an\u0101s gredzens ar dimantu &#8211; Sparkler (0,20 ct)"}]},{"@type":"WebSite","@id":"https:\/\/fashiongold.lt\/lv\/#website","url":"https:\/\/fashiongold.lt\/lv\/","name":"Fashion Gold","description":"Juvelyrikos namai","publisher":{"@id":"https:\/\/fashiongold.lt\/lv\/#organization"},"potentialAction":[{"@type":"SearchAction","target":{"@type":"EntryPoint","urlTemplate":"https:\/\/fashiongold.lt\/lv\/?s={search_term_string}"},"query-input":{"@type":"PropertyValueSpecification","valueRequired":true,"valueName":"search_term_string"}}],"inLanguage":"lv-LV"},{"@type":"Organization","@id":"https:\/\/fashiongold.lt\/lv\/#organization","name":"Topdiamonds Online","url":"https:\/\/fashiongold.lt\/lv\/","logo":{"@type":"ImageObject","inLanguage":"lv-LV","@id":"https:\/\/fashiongold.lt\/lv\/#\/schema\/logo\/image\/","url":"https:\/\/fashiongold.lt\/wp-content\/uploads\/2025\/04\/cropped-fashion_gold_logotipas2-scaled-1.png","contentUrl":"https:\/\/fashiongold.lt\/wp-content\/uploads\/2025\/04\/cropped-fashion_gold_logotipas2-scaled-1.png","width":2559,"height":421,"caption":"Topdiamonds Online"},"image":{"@id":"https:\/\/fashiongold.lt\/lv\/#\/schema\/logo\/image\/"}}]}},"_links":{"self":[{"href":"https:\/\/fashiongold.lt\/lv\/wp-json\/wp\/v2\/product\/273967","targetHints":{"allow":["GET"]}}],"collection":[{"href":"https:\/\/fashiongold.lt\/lv\/wp-json\/wp\/v2\/product"}],"about":[{"href":"https:\/\/fashiongold.lt\/lv\/wp-json\/wp\/v2\/types\/product"}],"version-history":[{"count":0,"href":"https:\/\/fashiongold.lt\/lv\/wp-json\/wp\/v2\/product\/273967\/revisions"}],"wp:featuredmedia":[{"embeddable":true,"href":"https:\/\/fashiongold.lt\/lv\/wp-json\/wp\/v2\/media\/259627"}],"wp:attachment":[{"href":"https:\/\/fashiongold.lt\/lv\/wp-json\/wp\/v2\/media?parent=273967"}],"wp:term":[{"taxonomy":"product_brand","embeddable":true,"href":"https:\/\/fashiongold.lt\/lv\/wp-json\/wp\/v2\/product_brand?post=273967"},{"taxonomy":"product_cat","embeddable":true,"href":"https:\/\/fashiongold.lt\/lv\/wp-json\/wp\/v2\/product_cat?post=273967"},{"taxonomy":"product_tag","embeddable":true,"href":"https:\/\/fashiongold.lt\/lv\/wp-json\/wp\/v2\/product_tag?post=273967"}],"curies":[{"name":"wp","href":"https:\/\/api.w.org\/{rel}","templated":true}]}}