{"id":274009,"date":"2025-10-24T00:34:46","date_gmt":"2025-10-24T00:34:46","guid":{"rendered":"https:\/\/fashiongold.lt\/papuosalas\/morganits-pink-gredzens-ar-morganitu-un-dimantiem-6-57-ct\/"},"modified":"2025-10-24T00:34:46","modified_gmt":"2025-10-24T00:34:46","slug":"morganits-pink-gredzens-ar-morganitu-un-dimantiem-6-57-ct","status":"publish","type":"product","link":"https:\/\/fashiongold.lt\/lv\/papuosalas\/morganits-pink-gredzens-ar-morganitu-un-dimantiem-6-57-ct\/","title":{"rendered":"Morgan\u012bts Pink &#8211; gredzens ar morgan\u012btu un dimantiem (6.57 ct)"},"content":{"rendered":"<p>Izgatavots V\u0101cij\u0101 no augstas kvalit\u0101tes d\u0101rgakme\u0146iem. Br\u012bnumainais morgan\u012bta sp\u0113ks \u2013 darbojas k\u0101 dv\u0113seles l\u012bdzsvara talismans. Tiek uzskat\u012bts, ka akmens piesaista veiksmi, pal\u012bdz atrast savu m\u012blest\u012bbu un atkl\u0101j apsl\u0113ptos talantus, sniedz pan\u0101kumus darb\u0101, rad\u012bt\u0101jiem \u2014 iedvesmu, tas ir m\u0101jas e\u0146\u0123elis sargs. Morgan\u012bts pasarg\u0101 no negat\u012bvas ener\u0123\u0113tisk\u0101s ietekmes \u2013 l\u0101sta vai skaud\u012bbas un pat no nelaimes gad\u012bjuma. Morgan\u012bts ir piem\u0113rots ikvienam, ta\u010du visvair\u0101k Skorpionam, Ziv\u012bm un V\u0113\u017eiem, Str\u0113lniekiem, Lauv\u0101m, Dv\u012b\u0146iem, \u016adensv\u012bram, Svariem.<\/p>\n<p>\u2022 Gredzena zelts: 18 kar\u0101ti (750. prove) <\/p>\n<p>\u2022 Gredzena kr\u0101sa: sarkanais zelts <\/p>\n<p>\u2022 Gredzena svars: aptuveni 3,60\u20134,00 g <\/p>\n<p>\u2022 Dimanta tips: Dab\u012bgs dimants <\/p>\n<p>\u2022 Dimanta forma: Apa\u013ca forma (Round cut) <\/p>\n<p>\u2022 Dimanta raksturojums: 0,17 ct, kr\u0101sa G-H (RW-W); dzidrums SI <\/p>\n<p>\u2022 Centr\u0101lais akmens: ov\u0101las formas roz\u0101 morgan\u012bts &#8211; 6.40 ct <\/p>\n<p>\u2022 Sertifik\u0101ts: Lietuvas Prob\u0101cijas pal\u0101ta (LPR) <\/p>\n<p>\u2022 Gredzena izm\u0113ri: 14.7 mm x 14.5 mm<\/p>\n<p>\u2022 Grav\u0113\u0161ana bez maksas <\/p>\n<p>\u2022 Vienreiz\u0113ja bezmaksas gredzena izm\u0113ra mai\u0146as garantija <\/p>\n<p>\u2022 Izgatavo\u0161anas un pieg\u0101des termi\u0146\u0161 no 14 darba dien\u0101m, steidzam\u012bbas k\u0101rt\u0101 3 d.d. laik\u0101. <\/p>\n<p>Jums ir savs zelts? Sazinieties ar mums, m\u0113s p\u0101rr\u0113\u0137in\u0101sim cenu \u2013 j\u016bs maks\u0101siet tikai par gredzenu izgatavo\u0161anu.<\/p>\n","protected":false},"excerpt":{"rendered":"<p>Ekskluz\u012bvs, grezna halo dizaina zelta gredzens ar iespaid\u012bgu 6,40 ct roz\u0101 kr\u0101sas morgan\u012btu un dimantiem. Izsmalcin\u0101ts gredzens \u2013 stil\u012bgai sievietei.<\/p>\n","protected":false},"featured_media":250848,"template":"","meta":{"site-sidebar-layout":"","site-content-layout":"","ast-site-content-layout":"","site-content-style":"","site-sidebar-style":"","ast-global-header-display":"","ast-banner-title-visibility":"","ast-main-header-display":"","ast-hfb-above-header-display":"","ast-hfb-below-header-display":"","ast-hfb-mobile-header-display":"","site-post-title":"","ast-breadcrumbs-content":"","ast-featured-img":"","footer-sml-layout":"","ast-disable-related-posts":"","theme-transparent-header-meta":"","adv-header-id-meta":"","stick-header-meta":"","header-above-stick-meta":"","header-main-stick-meta":"","header-below-stick-meta":"","astra-migrate-meta-layouts":"default","ast-page-background-enabled":"default","ast-page-background-meta":{"desktop":{"background-color":"var(--ast-global-color-4)","background-image":"","background-repeat":"repeat","background-position":"center center","background-size":"auto","background-attachment":"scroll","background-type":"","background-media":"","overlay-type":"","overlay-color":"","overlay-opacity":"","overlay-gradient":""},"tablet":{"background-color":"","background-image":"","background-repeat":"repeat","background-position":"center center","background-size":"auto","background-attachment":"scroll","background-type":"","background-media":"","overlay-type":"","overlay-color":"","overlay-opacity":"","overlay-gradient":""},"mobile":{"background-color":"","background-image":"","background-repeat":"repeat","background-position":"center center","background-size":"auto","background-attachment":"scroll","background-type":"","background-media":"","overlay-type":"","overlay-color":"","overlay-opacity":"","overlay-gradient":""}},"ast-content-background-meta":{"desktop":{"background-color":"var(--ast-global-color-5)","background-image":"","background-repeat":"repeat","background-position":"center center","background-size":"auto","background-attachment":"scroll","background-type":"","background-media":"","overlay-type":"","overlay-color":"","overlay-opacity":"","overlay-gradient":""},"tablet":{"background-color":"var(--ast-global-color-5)","background-image":"","background-repeat":"repeat","background-position":"center center","background-size":"auto","background-attachment":"scroll","background-type":"","background-media":"","overlay-type":"","overlay-color":"","overlay-opacity":"","overlay-gradient":""},"mobile":{"background-color":"var(--ast-global-color-5)","background-image":"","background-repeat":"repeat","background-position":"center center","background-size":"auto","background-attachment":"scroll","background-type":"","background-media":"","overlay-type":"","overlay-color":"","overlay-opacity":"","overlay-gradient":""}}},"product_brand":[],"product_cat":[2915,2913,2921,2920,3403,2916,2914,2923,2939,3042,2922,2937,3386,3499,3498,2936,2918],"product_tag":[],"class_list":{"0":"post-274009","1":"product","2":"type-product","3":"status-publish","4":"has-post-thumbnail","6":"product_cat-davanas-berna-piedzimsanai","7":"product_cat-davanas-dzimsanas-diena","8":"product_cat-davanas-ipasiem-gadijumiem","9":"product_cat-davanas-izlaidumam","10":"product_cat-davanas-kazam","11":"product_cat-davanas-kazu-gadadiena","12":"product_cat-davanas-sievietem","13":"product_cat-dzeltena-zelta-juvelierizstradajumi","14":"product_cat-gredzeni-ar-dargakmeniem","15":"product_cat-juvelierizstradajumi","16":"product_cat-mates-dienas-davanas","17":"product_cat-rotaslietas-ar-pusdargakmeniem","18":"product_cat-rotaslietas-ar-roza-dargakmeniem","19":"product_cat-roza-kazas-10-gadi","20":"product_cat-roza-krasas-dargakmeni","21":"product_cat-valentindienas-davanas","22":"product_cat-ziemassvetku-davanas","23":"desktop-align-center","24":"tablet-align-left","25":"mobile-align-left","26":"ast-product-gallery-layout-horizontal-slider","27":"ast-product-gallery-with-no-image","28":"ast-product-single-variable","29":"ast-product-tabs-layout-accordion","30":"ast-qv-on-image","32":"first","33":"instock","34":"taxable","35":"shipping-taxable","36":"purchasable","37":"product-type-variable"},"yoast_head":"<!-- This site is optimized with the Yoast SEO plugin v26.6 - https:\/\/yoast.com\/wordpress\/plugins\/seo\/ -->\n<title>Morgan\u012bts Pink - gredzens ar morgan\u012btu un dimantiem<\/title>\n<meta name=\"description\" content=\"Halo dizaina zelta gredzens ar iespaid\u012bgu 6,40 ct roz\u0101 kr\u0101sas morgan\u012btu un dimantiem. Ekskluz\u012bva izv\u0113le stil\u012bgai sievietei un \u012bpa\u0161iem gad\u012bjumiem.\" \/>\n<meta name=\"robots\" content=\"index, follow, max-snippet:-1, max-image-preview:large, max-video-preview:-1\" \/>\n<link rel=\"canonical\" href=\"https:\/\/fashiongold.lt\/lv\/papuosalas\/morganits-pink-gredzens-ar-morganitu-un-dimantiem-6-57-ct\/\" \/>\n<meta property=\"og:locale\" content=\"lv_LV\" \/>\n<meta property=\"og:type\" content=\"article\" \/>\n<meta property=\"og:title\" content=\"Morgan\u012bts Pink - gredzens ar morgan\u012btu un dimantiem\" \/>\n<meta property=\"og:description\" content=\"Halo dizaina zelta gredzens ar iespaid\u012bgu 6,40 ct roz\u0101 kr\u0101sas morgan\u012btu un dimantiem. Ekskluz\u012bva izv\u0113le stil\u012bgai sievietei un \u012bpa\u0161iem gad\u012bjumiem.\" \/>\n<meta property=\"og:url\" content=\"https:\/\/fashiongold.lt\/lv\/papuosalas\/morganits-pink-gredzens-ar-morganitu-un-dimantiem-6-57-ct\/\" \/>\n<meta property=\"og:site_name\" content=\"FashionGold.lt\" \/>\n<meta property=\"og:image\" content=\"https:\/\/fashiongold.lt\/wp-content\/uploads\/2025\/10\/11625-531-Morganitas-Pink-ziedas-su-morganitu-ir-deimantais.webp\" \/>\n\t<meta property=\"og:image:width\" content=\"1000\" \/>\n\t<meta property=\"og:image:height\" content=\"1000\" \/>\n\t<meta property=\"og:image:type\" content=\"image\/png\" \/>\n<meta name=\"twitter:card\" content=\"summary_large_image\" \/>\n<meta name=\"twitter:label1\" content=\"Est. reading time\" \/>\n\t<meta name=\"twitter:data1\" content=\"1 minute\" \/>\n<script type=\"application\/ld+json\" class=\"yoast-schema-graph\">{\"@context\":\"https:\/\/schema.org\",\"@graph\":[{\"@type\":\"WebPage\",\"@id\":\"https:\/\/fashiongold.lt\/lv\/papuosalas\/morganits-pink-gredzens-ar-morganitu-un-dimantiem-6-57-ct\/\",\"url\":\"https:\/\/fashiongold.lt\/lv\/papuosalas\/morganits-pink-gredzens-ar-morganitu-un-dimantiem-6-57-ct\/\",\"name\":\"Morgan\u012bts Pink - gredzens ar morgan\u012btu un dimantiem\",\"isPartOf\":{\"@id\":\"https:\/\/fashiongold.lt\/lv\/#website\"},\"primaryImageOfPage\":{\"@id\":\"https:\/\/fashiongold.lt\/lv\/papuosalas\/morganits-pink-gredzens-ar-morganitu-un-dimantiem-6-57-ct\/#primaryimage\"},\"image\":{\"@id\":\"https:\/\/fashiongold.lt\/lv\/papuosalas\/morganits-pink-gredzens-ar-morganitu-un-dimantiem-6-57-ct\/#primaryimage\"},\"thumbnailUrl\":\"https:\/\/fashiongold.lt\/wp-content\/uploads\/2025\/10\/11625-531-Morganitas-Pink-ziedas-su-morganitu-ir-deimantais.png\",\"datePublished\":\"2025-10-24T00:34:46+00:00\",\"description\":\"Halo dizaina zelta gredzens ar iespaid\u012bgu 6,40 ct roz\u0101 kr\u0101sas morgan\u012btu un dimantiem. Ekskluz\u012bva izv\u0113le stil\u012bgai sievietei un \u012bpa\u0161iem gad\u012bjumiem.\",\"breadcrumb\":{\"@id\":\"https:\/\/fashiongold.lt\/lv\/papuosalas\/morganits-pink-gredzens-ar-morganitu-un-dimantiem-6-57-ct\/#breadcrumb\"},\"inLanguage\":\"lv-LV\",\"potentialAction\":[{\"@type\":\"ReadAction\",\"target\":[\"https:\/\/fashiongold.lt\/lv\/papuosalas\/morganits-pink-gredzens-ar-morganitu-un-dimantiem-6-57-ct\/\"]}]},{\"@type\":\"ImageObject\",\"inLanguage\":\"lv-LV\",\"@id\":\"https:\/\/fashiongold.lt\/lv\/papuosalas\/morganits-pink-gredzens-ar-morganitu-un-dimantiem-6-57-ct\/#primaryimage\",\"url\":\"https:\/\/fashiongold.lt\/wp-content\/uploads\/2025\/10\/11625-531-Morganitas-Pink-ziedas-su-morganitu-ir-deimantais.png\",\"contentUrl\":\"https:\/\/fashiongold.lt\/wp-content\/uploads\/2025\/10\/11625-531-Morganitas-Pink-ziedas-su-morganitu-ir-deimantais.png\",\"width\":1000,\"height\":1000},{\"@type\":\"BreadcrumbList\",\"@id\":\"https:\/\/fashiongold.lt\/lv\/papuosalas\/morganits-pink-gredzens-ar-morganitu-un-dimantiem-6-57-ct\/#breadcrumb\",\"itemListElement\":[{\"@type\":\"ListItem\",\"position\":1,\"name\":\"Home\",\"item\":\"https:\/\/fashiongold.lt\/lv\/\"},{\"@type\":\"ListItem\",\"position\":2,\"name\":\"Dimantu veikals Fashiongold.lt\",\"item\":\"https:\/\/fashiongold.lt\/shop-2\/\"},{\"@type\":\"ListItem\",\"position\":3,\"name\":\"Morgan\u012bts Pink &#8211; gredzens ar morgan\u012btu un dimantiem (6.57 ct)\"}]},{\"@type\":\"WebSite\",\"@id\":\"https:\/\/fashiongold.lt\/lv\/#website\",\"url\":\"https:\/\/fashiongold.lt\/lv\/\",\"name\":\"Fashion Gold\",\"description\":\"Juvelyrikos namai\",\"publisher\":{\"@id\":\"https:\/\/fashiongold.lt\/lv\/#organization\"},\"potentialAction\":[{\"@type\":\"SearchAction\",\"target\":{\"@type\":\"EntryPoint\",\"urlTemplate\":\"https:\/\/fashiongold.lt\/lv\/?s={search_term_string}\"},\"query-input\":{\"@type\":\"PropertyValueSpecification\",\"valueRequired\":true,\"valueName\":\"search_term_string\"}}],\"inLanguage\":\"lv-LV\"},{\"@type\":\"Organization\",\"@id\":\"https:\/\/fashiongold.lt\/lv\/#organization\",\"name\":\"Topdiamonds Online\",\"url\":\"https:\/\/fashiongold.lt\/lv\/\",\"logo\":{\"@type\":\"ImageObject\",\"inLanguage\":\"lv-LV\",\"@id\":\"https:\/\/fashiongold.lt\/lv\/#\/schema\/logo\/image\/\",\"url\":\"https:\/\/fashiongold.lt\/wp-content\/uploads\/2025\/04\/cropped-fashion_gold_logotipas2-scaled-1.png\",\"contentUrl\":\"https:\/\/fashiongold.lt\/wp-content\/uploads\/2025\/04\/cropped-fashion_gold_logotipas2-scaled-1.png\",\"width\":2559,\"height\":421,\"caption\":\"Topdiamonds Online\"},\"image\":{\"@id\":\"https:\/\/fashiongold.lt\/lv\/#\/schema\/logo\/image\/\"}}]}<\/script>\n<!-- \/ Yoast SEO plugin. -->","yoast_head_json":{"title":"Morgan\u012bts Pink - gredzens ar morgan\u012btu un dimantiem","description":"Halo dizaina zelta gredzens ar iespaid\u012bgu 6,40 ct roz\u0101 kr\u0101sas morgan\u012btu un dimantiem. Ekskluz\u012bva izv\u0113le stil\u012bgai sievietei un \u012bpa\u0161iem gad\u012bjumiem.","robots":{"index":"index","follow":"follow","max-snippet":"max-snippet:-1","max-image-preview":"max-image-preview:large","max-video-preview":"max-video-preview:-1"},"canonical":"https:\/\/fashiongold.lt\/lv\/papuosalas\/morganits-pink-gredzens-ar-morganitu-un-dimantiem-6-57-ct\/","og_locale":"lv_LV","og_type":"article","og_title":"Morgan\u012bts Pink - gredzens ar morgan\u012btu un dimantiem","og_description":"Halo dizaina zelta gredzens ar iespaid\u012bgu 6,40 ct roz\u0101 kr\u0101sas morgan\u012btu un dimantiem. Ekskluz\u012bva izv\u0113le stil\u012bgai sievietei un \u012bpa\u0161iem gad\u012bjumiem.","og_url":"https:\/\/fashiongold.lt\/lv\/papuosalas\/morganits-pink-gredzens-ar-morganitu-un-dimantiem-6-57-ct\/","og_site_name":"FashionGold.lt","og_image":[{"width":1000,"height":1000,"url":"https:\/\/fashiongold.lt\/wp-content\/uploads\/2025\/10\/11625-531-Morganitas-Pink-ziedas-su-morganitu-ir-deimantais.webp","type":"image\/png"}],"twitter_card":"summary_large_image","twitter_misc":{"Est. reading time":"1 minute"},"schema":{"@context":"https:\/\/schema.org","@graph":[{"@type":"WebPage","@id":"https:\/\/fashiongold.lt\/lv\/papuosalas\/morganits-pink-gredzens-ar-morganitu-un-dimantiem-6-57-ct\/","url":"https:\/\/fashiongold.lt\/lv\/papuosalas\/morganits-pink-gredzens-ar-morganitu-un-dimantiem-6-57-ct\/","name":"Morgan\u012bts Pink - gredzens ar morgan\u012btu un dimantiem","isPartOf":{"@id":"https:\/\/fashiongold.lt\/lv\/#website"},"primaryImageOfPage":{"@id":"https:\/\/fashiongold.lt\/lv\/papuosalas\/morganits-pink-gredzens-ar-morganitu-un-dimantiem-6-57-ct\/#primaryimage"},"image":{"@id":"https:\/\/fashiongold.lt\/lv\/papuosalas\/morganits-pink-gredzens-ar-morganitu-un-dimantiem-6-57-ct\/#primaryimage"},"thumbnailUrl":"https:\/\/fashiongold.lt\/wp-content\/uploads\/2025\/10\/11625-531-Morganitas-Pink-ziedas-su-morganitu-ir-deimantais.png","datePublished":"2025-10-24T00:34:46+00:00","description":"Halo dizaina zelta gredzens ar iespaid\u012bgu 6,40 ct roz\u0101 kr\u0101sas morgan\u012btu un dimantiem. Ekskluz\u012bva izv\u0113le stil\u012bgai sievietei un \u012bpa\u0161iem gad\u012bjumiem.","breadcrumb":{"@id":"https:\/\/fashiongold.lt\/lv\/papuosalas\/morganits-pink-gredzens-ar-morganitu-un-dimantiem-6-57-ct\/#breadcrumb"},"inLanguage":"lv-LV","potentialAction":[{"@type":"ReadAction","target":["https:\/\/fashiongold.lt\/lv\/papuosalas\/morganits-pink-gredzens-ar-morganitu-un-dimantiem-6-57-ct\/"]}]},{"@type":"ImageObject","inLanguage":"lv-LV","@id":"https:\/\/fashiongold.lt\/lv\/papuosalas\/morganits-pink-gredzens-ar-morganitu-un-dimantiem-6-57-ct\/#primaryimage","url":"https:\/\/fashiongold.lt\/wp-content\/uploads\/2025\/10\/11625-531-Morganitas-Pink-ziedas-su-morganitu-ir-deimantais.png","contentUrl":"https:\/\/fashiongold.lt\/wp-content\/uploads\/2025\/10\/11625-531-Morganitas-Pink-ziedas-su-morganitu-ir-deimantais.png","width":1000,"height":1000},{"@type":"BreadcrumbList","@id":"https:\/\/fashiongold.lt\/lv\/papuosalas\/morganits-pink-gredzens-ar-morganitu-un-dimantiem-6-57-ct\/#breadcrumb","itemListElement":[{"@type":"ListItem","position":1,"name":"Home","item":"https:\/\/fashiongold.lt\/lv\/"},{"@type":"ListItem","position":2,"name":"Dimantu veikals Fashiongold.lt","item":"https:\/\/fashiongold.lt\/shop-2\/"},{"@type":"ListItem","position":3,"name":"Morgan\u012bts Pink &#8211; gredzens ar morgan\u012btu un dimantiem (6.57 ct)"}]},{"@type":"WebSite","@id":"https:\/\/fashiongold.lt\/lv\/#website","url":"https:\/\/fashiongold.lt\/lv\/","name":"Fashion Gold","description":"Juvelyrikos namai","publisher":{"@id":"https:\/\/fashiongold.lt\/lv\/#organization"},"potentialAction":[{"@type":"SearchAction","target":{"@type":"EntryPoint","urlTemplate":"https:\/\/fashiongold.lt\/lv\/?s={search_term_string}"},"query-input":{"@type":"PropertyValueSpecification","valueRequired":true,"valueName":"search_term_string"}}],"inLanguage":"lv-LV"},{"@type":"Organization","@id":"https:\/\/fashiongold.lt\/lv\/#organization","name":"Topdiamonds Online","url":"https:\/\/fashiongold.lt\/lv\/","logo":{"@type":"ImageObject","inLanguage":"lv-LV","@id":"https:\/\/fashiongold.lt\/lv\/#\/schema\/logo\/image\/","url":"https:\/\/fashiongold.lt\/wp-content\/uploads\/2025\/04\/cropped-fashion_gold_logotipas2-scaled-1.png","contentUrl":"https:\/\/fashiongold.lt\/wp-content\/uploads\/2025\/04\/cropped-fashion_gold_logotipas2-scaled-1.png","width":2559,"height":421,"caption":"Topdiamonds Online"},"image":{"@id":"https:\/\/fashiongold.lt\/lv\/#\/schema\/logo\/image\/"}}]}},"_links":{"self":[{"href":"https:\/\/fashiongold.lt\/lv\/wp-json\/wp\/v2\/product\/274009","targetHints":{"allow":["GET"]}}],"collection":[{"href":"https:\/\/fashiongold.lt\/lv\/wp-json\/wp\/v2\/product"}],"about":[{"href":"https:\/\/fashiongold.lt\/lv\/wp-json\/wp\/v2\/types\/product"}],"version-history":[{"count":0,"href":"https:\/\/fashiongold.lt\/lv\/wp-json\/wp\/v2\/product\/274009\/revisions"}],"wp:featuredmedia":[{"embeddable":true,"href":"https:\/\/fashiongold.lt\/lv\/wp-json\/wp\/v2\/media\/250848"}],"wp:attachment":[{"href":"https:\/\/fashiongold.lt\/lv\/wp-json\/wp\/v2\/media?parent=274009"}],"wp:term":[{"taxonomy":"product_brand","embeddable":true,"href":"https:\/\/fashiongold.lt\/lv\/wp-json\/wp\/v2\/product_brand?post=274009"},{"taxonomy":"product_cat","embeddable":true,"href":"https:\/\/fashiongold.lt\/lv\/wp-json\/wp\/v2\/product_cat?post=274009"},{"taxonomy":"product_tag","embeddable":true,"href":"https:\/\/fashiongold.lt\/lv\/wp-json\/wp\/v2\/product_tag?post=274009"}],"curies":[{"name":"wp","href":"https:\/\/api.w.org\/{rel}","templated":true}]}}