{"id":274032,"date":"2025-12-28T07:50:58","date_gmt":"2025-12-28T07:50:58","guid":{"rendered":"https:\/\/fashiongold.lt\/papuosalas\/rubelits-kulons-ar-turmalinu-ai-juvelieris\/"},"modified":"2025-12-28T07:50:58","modified_gmt":"2025-12-28T07:50:58","slug":"rubelits-kulons-ar-turmalinu-ai-juvelieris","status":"publish","type":"product","link":"https:\/\/fashiongold.lt\/lv\/rotaslieta\/rubelits-kulons-ar-turmalinu-ai-juvelieris\/","title":{"rendered":"Rubel\u012bts &#8211; Kulons ar turmal\u012bnu. AI Juvelieris"},"content":{"rendered":"<h2 data-start=\"209\" data-end=\"300\">AI juvelieris: k<strong data-start=\"233\" data-end=\"331\">ulons ar roz\u0101 turmal\u012bnu Rubel\u012bts \u2013 izgatavo\u0161ana p\u0113c individu\u0101la projekta<\/strong><\/h2>\n<p data-start=\"333\" data-end=\"1115\">\u0160is kulons ar roz\u0101 turmal\u012bnu Rubel\u012bts un dimantiem ir juveliera rad\u012bts un izgatavots individu\u0101ls projekts, kur\u0101 katra deta\u013ca ir p\u0101rdom\u0101ta, \u0146emot v\u0113r\u0101 izv\u0113l\u0113to d\u0101rgakmeni \u2013 ov\u0101las formas roz\u0101 turmal\u012bnu Rubel\u012bts. Tas izce\u013cas ar pies\u0101tin\u0101ti roz\u0101, ave\u0146u vai s\u0101rtin\u0101ti sarkaniem to\u0146iem, kas atg\u0101dina rub\u012bna kr\u0101su, un intens\u012bvu mirdzumu. Tas nav s\u0113rijveida izstr\u0101d\u0101jums, bet gan \u012bsta juvelierizstr\u0101d\u0101jumu ra\u017eo\u0161ana, kas s\u0101kas ar ideju un nosl\u0113dzas ar rok\u0101m darin\u0101tu, unik\u0101lu kulonu. Juvelieris izgatavo ne tikai kulonus, bet ar\u012b auskarus un citas rotaslietas p\u0113c individu\u0101la pas\u016bt\u012bjuma, uzsverot to kvalit\u0101ti un unikalit\u0101ti. Vair\u0101k par turmal\u012bnu Rubel\u012bts, t\u0101 izcelsmi, kr\u0101su nians\u0113m un simboliku varat uzzin\u0101t <a href=\"https:\/\/fashiongold.lt\/lv\/turmalins-noslepumains-daudzkrasains-dargakmens\/\">\u0161eit<\/a>.<\/p>\n<p data-start=\"1117\" data-end=\"1694\">Projekt\u0113jot ov\u0101las formas kulonu ar roz\u0101 turmal\u012bnu Rubel\u012bts, juvelieris vispirms nov\u0113rt\u0113 pa\u0161u akmeni \u2013 t\u0101 caursp\u012bd\u012bgumu, kr\u0101sas pies\u0101tin\u0101jumu un emocion\u0101lo ietekmi, kas var vari\u0113t no maigi roz\u0101 l\u012bdz intens\u012bvai ave\u0146u vai pies\u0101tin\u0101ti sarkanai kr\u0101sai. Tie\u0161i ov\u0101la forma un Rubel\u012bta kr\u0101su raksturs nosaka visu dizaina risin\u0101jumu: kulona proporcijas, kro\u0146a augstumu un dimantu izvietojumu. Katrs kulons prasa \u012bpa\u0161i r\u016bp\u012bgu un profesion\u0101lu darbu, kas \u013cauj sasniegt perfektu l\u012bdzsvaru starp est\u0113tiku, \u0113rtumu un ilgm\u016b\u017e\u012bbu.<\/p>\n<p data-start=\"1696\" data-end=\"1833\">Ov\u0101las formas kulons ar roz\u0101 turmal\u012bnu Rubel\u012bts un dimantiem tiek izgatavots p\u0113c individu\u0101la pas\u016bt\u012bjuma, t\u0101p\u0113c varam piel\u0101got:<\/p>\n<ul>\n<li>jebkuru <a href=\"https:\/\/fashiongold.lt\/lv\/patarimai-lv\/zelta-krasa-ko-verts-zinat-par-dazadiem-toniem-un-to-ipasibam\/\" target=\"_self\" rel=\"noopener noreferrer\">zelta kr\u0101su<\/a> (baltu, dzeltenu vai sarkanu),<\/li>\n<li><a href=\"https:\/\/fashiongold.lt\/lv\/patarimai-lv\/zelta-prove-juvelierizstradajumiem-ka-izveleties-piemerotako\/\" target=\"_self\" rel=\"noopener noreferrer\">v\u0113lamo zelta provi 585 vai 750<\/a>,<\/li>\n<li>at\u0161\u0137ir\u012bgu d\u0101rgakme\u0146u izm\u0113ru un izvietojumu,<\/li>\n<li>individu\u0101lu Rubel\u012bta toni \u2013 no maigi roz\u0101 l\u012bdz pies\u0101tin\u0101tai, rub\u012bnu atg\u0101dino\u0161ai sarkanai kr\u0101sai.<\/li>\n<\/ul>\n<p data-start=\"2200\" data-end=\"2379\">Izv\u0113loties ov\u0101las formas kulonu ar roz\u0101 turmal\u012bnu Rubel\u012bts p\u0113c individu\u0101la projekta, vissvar\u012bg\u0101kais ir tas, kas atbilst j\u016bsu saj\u016bt\u0101m, person\u012bbai un izv\u0113l\u0113tajai simbolikai.<\/p>\n<p data-start=\"2381\" data-end=\"2897\">\u0160aj\u0101 model\u012b ir izv\u0113l\u0113ts romantisks dizains ar smalkiem dimantiem, kas subtili ier\u0101m\u0113 ov\u0101las formas Rubel\u012btu un pastiprina gaismas sp\u0113li. Dimanti pie\u0161\u0137ir kulonam papildu grezn\u012bbu un unikalit\u0101ti, savuk\u0101rt pats d\u0101rgakmens \u2013 roz\u0101 turmal\u012bns Rubel\u012bts \u2013 k\u013c\u016bst par galveno vizu\u0101lo un emocion\u0101lo akcentu. Starp roz\u0101 un sarkanajiem d\u0101rgakme\u0146iem Rubel\u012bts tiek v\u0113rt\u0113ts t\u0101 kr\u0101sas dzi\u013cuma un sp\u0113c\u012bg\u0101s simbolikas d\u0113\u013c \u2013 tas tiek saist\u012bts ar m\u012blest\u012bbu, kaisli, sirds ener\u0123iju un iek\u0161\u0113jo sp\u0113ku.<\/p>\n<p data-start=\"2899\" data-end=\"3024\">Visi kuloni ar turmal\u012bnu Rubel\u012bts <span style=\"font-size: 16px;\">un <\/span><a style=\"font-size: 16px; background-color: #ffffff;\" href=\"https:\/\/fashiongold.lt\/lv\/kategorija\/svinigi-auskari\/\" target=\"_self\" rel=\"noopener noreferrer\">citas rotaslietas<\/a><span style=\"font-size: 16px;\"> tiek izgatavotas Lietuv\u0101 un t\u0101m ir Lietuvas Proves biroja sertifik\u0101ti.<\/span><\/p>\n<p>T\u0101 ir <a href=\"https:\/\/fashiongold.lt\/lv\/patarimai-lv\/juvelieris-kad-jusu-sapnis-iegust-zelta-formu\/\" target=\"_self\" rel=\"noopener noreferrer\">juveliera izstr\u0101de p\u0113c individu\u0101la projekta<\/a>, kas paredz\u0113ta tiem, kuri mekl\u0113 ne tikai kulonu, bet ar\u012b person\u012bgu m\u012blas st\u0101stu, kas rad\u012bts no zelta, dimantiem un ov\u0101las formas roz\u0101 turmal\u012bna Rubel\u012bts. Katrs \u0161\u0101ds kulons ir unik\u0101ls, piel\u0101gots tie\u0161i jums un j\u016bsu izv\u0113l\u0113tajam d\u0101rgakmenim, savuk\u0101rt ov\u0101la forma \u013cauj subtili nodot saj\u016btas, atmi\u0146as un v\u0113rt\u012bbas, kas saglab\u0101jas uz ilgu laiku.<\/p>\n<h4>M\u016bsu pakalpojumi<\/h4>\n<p>Pied\u0101v\u0101jam <a href=\"https:\/\/fashiongold.lt\/lv\/kategorija\/juvelierizstradajumu-razosana\/\" target=\"_self\" rel=\"noopener noreferrer\">individu\u0101lu dizainu, kur\u0101 katra rotaslieta tiek rad\u012bta p\u0113c j\u016bsu idej\u0101m un v\u012bzijas<\/a>. T\u0101pat veicam restaur\u0101ciju, lai j\u016bsu d\u0101rg\u0101s rotaslietas atkal mirdz\u0113tu k\u0101 jaunas. Katrs m\u016bsu darbs \u2013 tas nav tikai rot\u0101jums, bet ar\u012b j\u016bsu person\u012bbas atspulgs. Katrs m\u016bsu darbs ir pier\u0101d\u012bjums tam, ka kvalit\u0101te un rado\u0161ums var iet roku rok\u0101.<\/p>\n<h4>Atkl\u0101t\u012bba un garantija<\/h4>\n<p>M\u016bsu pieeja ir atkl\u0101t\u012bba un sirsn\u012bga komunik\u0101cija ar katru klientu. No pirm\u0101s konsult\u0101cijas l\u012bdz gal\u012bgajai rotaslietas sa\u0146em\u0161anai m\u0113s esam l\u012bdz\u0101s, lai pal\u012bdz\u0113tu jums visos jaut\u0101jumos. Sniedzam 5 gadu kvalit\u0101tes garantiju visiem m\u016bsu izstr\u0101d\u0101jumiem, t\u0101p\u0113c varat b\u016bt p\u0101rliecin\u0101ti par to uzticam\u012bbu un ilgm\u016b\u017e\u012bbu. M\u016bsu garantija aptver visus ra\u017eo\u0161anas kvalit\u0101tes aspektus, lai j\u016bs var\u0113tu baud\u012bt rotaslietas bez r\u016bp\u0113m daudzus gadus. M\u0113s r\u016bp\u0113jamies, lai katrs m\u016bsu klients justos dro\u0161i un zin\u0101tu, ka m\u016bsu rotaslietas ir uztic\u012bbas v\u0113rtas.<\/p>\n<h4>Pas\u016bt\u012bjumi un konsult\u0101cijas<\/h4>\n<p>Ja v\u0113laties pas\u016bt\u012bt individu\u0101lu rotaslietu vai konsult\u0113ties par sav\u0101m idej\u0101m, m\u016bsu komanda vienm\u0113r ir gatava jums pal\u012bdz\u0113t. Konsult\u0101cijas laik\u0101 p\u0101rrun\u0101jam j\u016bsu v\u012bziju, v\u0113lmes un pied\u0101v\u0101jam lab\u0101kos risin\u0101jumus, lai var\u0113tu izgatavot rotaslietas, kas atbilst j\u016bsu cer\u012bb\u0101m. Katram pas\u016bt\u012bjumam velt\u0101m \u012bpa\u0161u uzman\u012bbu, t\u0101p\u0113c varam pied\u0101v\u0101t individu\u0101lus risin\u0101jumus gan saderin\u0101\u0161an\u0101s gredzeniem, gan cit\u0101m rotasliet\u0101m. Rotaslietu izgatavo\u0161ana parasti aiz\u0146em aptuveni 5 ned\u0113\u013cas, ta\u010du m\u0113s vienm\u0113r cen\u0161amies, lai j\u016bsu rotaslietas tiktu izgatavotas p\u0113c iesp\u0113jas \u0101tr\u0101k. Sazinieties ar mums \u2013 kop\u0101 m\u0113s rad\u012bsim rotaslietas, kas k\u013c\u016bs par da\u013cu no j\u016bsu st\u0101sta.<\/p>\n","protected":false},"excerpt":{"rendered":"<p>AI juvelieris: kulons ar roz\u0101 turmal\u012bnu Rubel\u012bts \u2013 izgatavo\u0161ana p\u0113c individu\u0101la projekta \u0160is kulons ar roz\u0101 turmal\u012bnu Rubel\u012bts un dimantiem [&hellip;]<\/p>\n","protected":false},"featured_media":265543,"template":"","meta":{"site-sidebar-layout":"default","site-content-layout":"","ast-site-content-layout":"default","site-content-style":"default","site-sidebar-style":"default","ast-global-header-display":"","ast-banner-title-visibility":"","ast-main-header-display":"","ast-hfb-above-header-display":"","ast-hfb-below-header-display":"","ast-hfb-mobile-header-display":"","site-post-title":"","ast-breadcrumbs-content":"","ast-featured-img":"","footer-sml-layout":"","ast-disable-related-posts":"","theme-transparent-header-meta":"default","adv-header-id-meta":"","stick-header-meta":"","header-above-stick-meta":"","header-main-stick-meta":"","header-below-stick-meta":"","astra-migrate-meta-layouts":"default","ast-page-background-enabled":"default","ast-page-background-meta":{"desktop":{"background-color":"var(--ast-global-color-4)","background-image":"","background-repeat":"repeat","background-position":"center center","background-size":"auto","background-attachment":"scroll","background-type":"","background-media":"","overlay-type":"","overlay-color":"","overlay-opacity":"","overlay-gradient":""},"tablet":{"background-color":"","background-image":"","background-repeat":"repeat","background-position":"center center","background-size":"auto","background-attachment":"scroll","background-type":"","background-media":"","overlay-type":"","overlay-color":"","overlay-opacity":"","overlay-gradient":""},"mobile":{"background-color":"","background-image":"","background-repeat":"repeat","background-position":"center center","background-size":"auto","background-attachment":"scroll","background-type":"","background-media":"","overlay-type":"","overlay-color":"","overlay-opacity":"","overlay-gradient":""}},"ast-content-background-meta":{"desktop":{"background-color":"var(--ast-global-color-5)","background-image":"","background-repeat":"repeat","background-position":"center center","background-size":"auto","background-attachment":"scroll","background-type":"","background-media":"","overlay-type":"","overlay-color":"","overlay-opacity":"","overlay-gradient":""},"tablet":{"background-color":"var(--ast-global-color-5)","background-image":"","background-repeat":"repeat","background-position":"center center","background-size":"auto","background-attachment":"scroll","background-type":"","background-media":"","overlay-type":"","overlay-color":"","overlay-opacity":"","overlay-gradient":""},"mobile":{"background-color":"var(--ast-global-color-5)","background-image":"","background-repeat":"repeat","background-position":"center center","background-size":"auto","background-attachment":"scroll","background-type":"","background-media":"","overlay-type":"","overlay-color":"","overlay-opacity":"","overlay-gradient":""}}},"product_brand":[],"product_cat":[2930,2938,2929,2937],"product_tag":[],"class_list":{"0":"post-274032","1":"product","2":"type-product","3":"status-publish","4":"has-post-thumbnail","6":"product_cat-juvelieris","7":"product_cat-juvelierizstradajumi-ar-ziliem-dargakmeniem","8":"product_cat-juvelierizstradajumu-razosana","9":"product_cat-rotaslietas-ar-pusdargakmeniem","10":"desktop-align-center","11":"tablet-align-left","12":"mobile-align-left","13":"ast-product-gallery-layout-horizontal-slider","14":"ast-product-tabs-layout-accordion","15":"ast-qv-on-image","17":"first","18":"onbackorder","19":"taxable","20":"shipping-taxable","21":"purchasable","22":"product-type-simple"},"yoast_head":"<!-- This site is optimized with the Yoast SEO plugin v26.6 - https:\/\/yoast.com\/wordpress\/plugins\/seo\/ -->\n<title>Ov\u0101las formas kulons ar rubel\u012btu un dimantiem<\/title>\n<meta name=\"description\" content=\"Romantisks ov\u0101las formas kulons ar roz\u0101 turmal\u012bnu Rubel\u012bts un dimantiem. Individu\u0101ls juveliera izstr\u0101d\u0101jums no zelta, sertific\u0113ta kvalit\u0101te.\" \/>\n<meta name=\"robots\" content=\"index, follow, max-snippet:-1, max-image-preview:large, max-video-preview:-1\" \/>\n<link rel=\"canonical\" href=\"https:\/\/fashiongold.lt\/lv\/rotaslieta\/rubelits-kulons-ar-turmalinu-ai-juvelieris\/\" \/>\n<meta property=\"og:locale\" content=\"lv_LV\" \/>\n<meta property=\"og:type\" content=\"article\" \/>\n<meta property=\"og:title\" content=\"Ov\u0101las formas kulons ar rubel\u012btu un dimantiem\" \/>\n<meta property=\"og:description\" content=\"Romantisks ov\u0101las formas kulons ar roz\u0101 turmal\u012bnu Rubel\u012bts un dimantiem. Individu\u0101ls juveliera izstr\u0101d\u0101jums no zelta, sertific\u0113ta kvalit\u0101te.\" \/>\n<meta property=\"og:url\" content=\"https:\/\/fashiongold.lt\/lv\/rotaslieta\/rubelits-kulons-ar-turmalinu-ai-juvelieris\/\" \/>\n<meta property=\"og:site_name\" content=\"FashionGold.lt\" \/>\n<meta property=\"og:image\" content=\"https:\/\/fashiongold.lt\/wp-content\/uploads\/2025\/12\/Stilingos-moters-kaklas-su-rozinio-aukso-pakabuku-su-roziniu-turmalinu-ir-deimantais-1024x683.png\" \/>\n\t<meta property=\"og:image:width\" content=\"1024\" \/>\n\t<meta property=\"og:image:height\" content=\"683\" \/>\n\t<meta property=\"og:image:type\" content=\"image\/png\" \/>\n<meta name=\"twitter:card\" content=\"summary_large_image\" \/>\n<meta name=\"twitter:label1\" content=\"Est. reading time\" \/>\n\t<meta name=\"twitter:data1\" content=\"5 minutes\" \/>\n<script type=\"application\/ld+json\" class=\"yoast-schema-graph\">{\"@context\":\"https:\/\/schema.org\",\"@graph\":[{\"@type\":\"WebPage\",\"@id\":\"https:\/\/fashiongold.lt\/lv\/rotaslieta\/rubelits-kulons-ar-turmalinu-ai-juvelieris\/\",\"url\":\"https:\/\/fashiongold.lt\/lv\/rotaslieta\/rubelits-kulons-ar-turmalinu-ai-juvelieris\/\",\"name\":\"Ov\u0101las formas kulons ar rubel\u012btu un dimantiem\",\"isPartOf\":{\"@id\":\"https:\/\/fashiongold.lt\/lv\/#website\"},\"primaryImageOfPage\":{\"@id\":\"https:\/\/fashiongold.lt\/lv\/rotaslieta\/rubelits-kulons-ar-turmalinu-ai-juvelieris\/#primaryimage\"},\"image\":{\"@id\":\"https:\/\/fashiongold.lt\/lv\/rotaslieta\/rubelits-kulons-ar-turmalinu-ai-juvelieris\/#primaryimage\"},\"thumbnailUrl\":\"https:\/\/fashiongold.lt\/wp-content\/uploads\/2025\/12\/Stilingos-moters-kaklas-su-rozinio-aukso-pakabuku-su-roziniu-turmalinu-ir-deimantais.png\",\"datePublished\":\"2025-12-28T07:50:58+00:00\",\"description\":\"Romantisks ov\u0101las formas kulons ar roz\u0101 turmal\u012bnu Rubel\u012bts un dimantiem. Individu\u0101ls juveliera izstr\u0101d\u0101jums no zelta, sertific\u0113ta kvalit\u0101te.\",\"breadcrumb\":{\"@id\":\"https:\/\/fashiongold.lt\/lv\/rotaslieta\/rubelits-kulons-ar-turmalinu-ai-juvelieris\/#breadcrumb\"},\"inLanguage\":\"lv-LV\",\"potentialAction\":[{\"@type\":\"ReadAction\",\"target\":[\"https:\/\/fashiongold.lt\/lv\/rotaslieta\/rubelits-kulons-ar-turmalinu-ai-juvelieris\/\"]}]},{\"@type\":\"ImageObject\",\"inLanguage\":\"lv-LV\",\"@id\":\"https:\/\/fashiongold.lt\/lv\/rotaslieta\/rubelits-kulons-ar-turmalinu-ai-juvelieris\/#primaryimage\",\"url\":\"https:\/\/fashiongold.lt\/wp-content\/uploads\/2025\/12\/Stilingos-moters-kaklas-su-rozinio-aukso-pakabuku-su-roziniu-turmalinu-ir-deimantais.png\",\"contentUrl\":\"https:\/\/fashiongold.lt\/wp-content\/uploads\/2025\/12\/Stilingos-moters-kaklas-su-rozinio-aukso-pakabuku-su-roziniu-turmalinu-ir-deimantais.png\",\"width\":1536,\"height\":1024,\"caption\":\"Stilingos moters kaklas su roz\u030cinio aukso pakabuku su roz\u030ciniu turmalinu ir deimantais\"},{\"@type\":\"BreadcrumbList\",\"@id\":\"https:\/\/fashiongold.lt\/lv\/rotaslieta\/rubelits-kulons-ar-turmalinu-ai-juvelieris\/#breadcrumb\",\"itemListElement\":[{\"@type\":\"ListItem\",\"position\":1,\"name\":\"Home\",\"item\":\"https:\/\/fashiongold.lt\/lv\/\"},{\"@type\":\"ListItem\",\"position\":2,\"name\":\"Dimantu veikals Fashiongold.lt\",\"item\":\"https:\/\/fashiongold.lt\/shop-2\/\"},{\"@type\":\"ListItem\",\"position\":3,\"name\":\"Rubel\u012bts &#8211; Kulons ar turmal\u012bnu. AI Juvelieris\"}]},{\"@type\":\"WebSite\",\"@id\":\"https:\/\/fashiongold.lt\/lv\/#website\",\"url\":\"https:\/\/fashiongold.lt\/lv\/\",\"name\":\"Fashion Gold\",\"description\":\"Juvelierizstr\u0101d\u0101jumu nams\",\"publisher\":{\"@id\":\"https:\/\/fashiongold.lt\/lv\/#organization\"},\"potentialAction\":[{\"@type\":\"SearchAction\",\"target\":{\"@type\":\"EntryPoint\",\"urlTemplate\":\"https:\/\/fashiongold.lt\/lv\/?s={search_term_string}\"},\"query-input\":{\"@type\":\"PropertyValueSpecification\",\"valueRequired\":true,\"valueName\":\"search_term_string\"}}],\"inLanguage\":\"lv-LV\"},{\"@type\":\"Organization\",\"@id\":\"https:\/\/fashiongold.lt\/lv\/#organization\",\"name\":\"Topdiamonds Online\",\"url\":\"https:\/\/fashiongold.lt\/lv\/\",\"logo\":{\"@type\":\"ImageObject\",\"inLanguage\":\"lv-LV\",\"@id\":\"https:\/\/fashiongold.lt\/lv\/#\/schema\/logo\/image\/\",\"url\":\"https:\/\/fashiongold.lt\/wp-content\/uploads\/2025\/04\/cropped-fashion_gold_logotipas2-scaled-1.png\",\"contentUrl\":\"https:\/\/fashiongold.lt\/wp-content\/uploads\/2025\/04\/cropped-fashion_gold_logotipas2-scaled-1.png\",\"width\":2559,\"height\":421,\"caption\":\"Topdiamonds Online\"},\"image\":{\"@id\":\"https:\/\/fashiongold.lt\/lv\/#\/schema\/logo\/image\/\"}}]}<\/script>\n<!-- \/ Yoast SEO plugin. -->","yoast_head_json":{"title":"Ov\u0101las formas kulons ar rubel\u012btu un dimantiem","description":"Romantisks ov\u0101las formas kulons ar roz\u0101 turmal\u012bnu Rubel\u012bts un dimantiem. Individu\u0101ls juveliera izstr\u0101d\u0101jums no zelta, sertific\u0113ta kvalit\u0101te.","robots":{"index":"index","follow":"follow","max-snippet":"max-snippet:-1","max-image-preview":"max-image-preview:large","max-video-preview":"max-video-preview:-1"},"canonical":"https:\/\/fashiongold.lt\/lv\/rotaslieta\/rubelits-kulons-ar-turmalinu-ai-juvelieris\/","og_locale":"lv_LV","og_type":"article","og_title":"Ov\u0101las formas kulons ar rubel\u012btu un dimantiem","og_description":"Romantisks ov\u0101las formas kulons ar roz\u0101 turmal\u012bnu Rubel\u012bts un dimantiem. Individu\u0101ls juveliera izstr\u0101d\u0101jums no zelta, sertific\u0113ta kvalit\u0101te.","og_url":"https:\/\/fashiongold.lt\/lv\/rotaslieta\/rubelits-kulons-ar-turmalinu-ai-juvelieris\/","og_site_name":"FashionGold.lt","og_image":[{"width":1024,"height":683,"url":"https:\/\/fashiongold.lt\/wp-content\/uploads\/2025\/12\/Stilingos-moters-kaklas-su-rozinio-aukso-pakabuku-su-roziniu-turmalinu-ir-deimantais-1024x683.png","type":"image\/png"}],"twitter_card":"summary_large_image","twitter_misc":{"Est. reading time":"5 minutes"},"schema":{"@context":"https:\/\/schema.org","@graph":[{"@type":"WebPage","@id":"https:\/\/fashiongold.lt\/lv\/rotaslieta\/rubelits-kulons-ar-turmalinu-ai-juvelieris\/","url":"https:\/\/fashiongold.lt\/lv\/rotaslieta\/rubelits-kulons-ar-turmalinu-ai-juvelieris\/","name":"Ov\u0101las formas kulons ar rubel\u012btu un dimantiem","isPartOf":{"@id":"https:\/\/fashiongold.lt\/lv\/#website"},"primaryImageOfPage":{"@id":"https:\/\/fashiongold.lt\/lv\/rotaslieta\/rubelits-kulons-ar-turmalinu-ai-juvelieris\/#primaryimage"},"image":{"@id":"https:\/\/fashiongold.lt\/lv\/rotaslieta\/rubelits-kulons-ar-turmalinu-ai-juvelieris\/#primaryimage"},"thumbnailUrl":"https:\/\/fashiongold.lt\/wp-content\/uploads\/2025\/12\/Stilingos-moters-kaklas-su-rozinio-aukso-pakabuku-su-roziniu-turmalinu-ir-deimantais.png","datePublished":"2025-12-28T07:50:58+00:00","description":"Romantisks ov\u0101las formas kulons ar roz\u0101 turmal\u012bnu Rubel\u012bts un dimantiem. Individu\u0101ls juveliera izstr\u0101d\u0101jums no zelta, sertific\u0113ta kvalit\u0101te.","breadcrumb":{"@id":"https:\/\/fashiongold.lt\/lv\/rotaslieta\/rubelits-kulons-ar-turmalinu-ai-juvelieris\/#breadcrumb"},"inLanguage":"lv-LV","potentialAction":[{"@type":"ReadAction","target":["https:\/\/fashiongold.lt\/lv\/rotaslieta\/rubelits-kulons-ar-turmalinu-ai-juvelieris\/"]}]},{"@type":"ImageObject","inLanguage":"lv-LV","@id":"https:\/\/fashiongold.lt\/lv\/rotaslieta\/rubelits-kulons-ar-turmalinu-ai-juvelieris\/#primaryimage","url":"https:\/\/fashiongold.lt\/wp-content\/uploads\/2025\/12\/Stilingos-moters-kaklas-su-rozinio-aukso-pakabuku-su-roziniu-turmalinu-ir-deimantais.png","contentUrl":"https:\/\/fashiongold.lt\/wp-content\/uploads\/2025\/12\/Stilingos-moters-kaklas-su-rozinio-aukso-pakabuku-su-roziniu-turmalinu-ir-deimantais.png","width":1536,"height":1024,"caption":"Stilingos moters kaklas su roz\u030cinio aukso pakabuku su roz\u030ciniu turmalinu ir deimantais"},{"@type":"BreadcrumbList","@id":"https:\/\/fashiongold.lt\/lv\/rotaslieta\/rubelits-kulons-ar-turmalinu-ai-juvelieris\/#breadcrumb","itemListElement":[{"@type":"ListItem","position":1,"name":"Home","item":"https:\/\/fashiongold.lt\/lv\/"},{"@type":"ListItem","position":2,"name":"Dimantu veikals Fashiongold.lt","item":"https:\/\/fashiongold.lt\/shop-2\/"},{"@type":"ListItem","position":3,"name":"Rubel\u012bts &#8211; Kulons ar turmal\u012bnu. AI Juvelieris"}]},{"@type":"WebSite","@id":"https:\/\/fashiongold.lt\/lv\/#website","url":"https:\/\/fashiongold.lt\/lv\/","name":"Fashion Gold","description":"Juvelierizstr\u0101d\u0101jumu nams","publisher":{"@id":"https:\/\/fashiongold.lt\/lv\/#organization"},"potentialAction":[{"@type":"SearchAction","target":{"@type":"EntryPoint","urlTemplate":"https:\/\/fashiongold.lt\/lv\/?s={search_term_string}"},"query-input":{"@type":"PropertyValueSpecification","valueRequired":true,"valueName":"search_term_string"}}],"inLanguage":"lv-LV"},{"@type":"Organization","@id":"https:\/\/fashiongold.lt\/lv\/#organization","name":"Topdiamonds Online","url":"https:\/\/fashiongold.lt\/lv\/","logo":{"@type":"ImageObject","inLanguage":"lv-LV","@id":"https:\/\/fashiongold.lt\/lv\/#\/schema\/logo\/image\/","url":"https:\/\/fashiongold.lt\/wp-content\/uploads\/2025\/04\/cropped-fashion_gold_logotipas2-scaled-1.png","contentUrl":"https:\/\/fashiongold.lt\/wp-content\/uploads\/2025\/04\/cropped-fashion_gold_logotipas2-scaled-1.png","width":2559,"height":421,"caption":"Topdiamonds Online"},"image":{"@id":"https:\/\/fashiongold.lt\/lv\/#\/schema\/logo\/image\/"}}]}},"_links":{"self":[{"href":"https:\/\/fashiongold.lt\/lv\/wp-json\/wp\/v2\/product\/274032","targetHints":{"allow":["GET"]}}],"collection":[{"href":"https:\/\/fashiongold.lt\/lv\/wp-json\/wp\/v2\/product"}],"about":[{"href":"https:\/\/fashiongold.lt\/lv\/wp-json\/wp\/v2\/types\/product"}],"version-history":[{"count":0,"href":"https:\/\/fashiongold.lt\/lv\/wp-json\/wp\/v2\/product\/274032\/revisions"}],"wp:featuredmedia":[{"embeddable":true,"href":"https:\/\/fashiongold.lt\/lv\/wp-json\/wp\/v2\/media\/265543"}],"wp:attachment":[{"href":"https:\/\/fashiongold.lt\/lv\/wp-json\/wp\/v2\/media?parent=274032"}],"wp:term":[{"taxonomy":"product_brand","embeddable":true,"href":"https:\/\/fashiongold.lt\/lv\/wp-json\/wp\/v2\/product_brand?post=274032"},{"taxonomy":"product_cat","embeddable":true,"href":"https:\/\/fashiongold.lt\/lv\/wp-json\/wp\/v2\/product_cat?post=274032"},{"taxonomy":"product_tag","embeddable":true,"href":"https:\/\/fashiongold.lt\/lv\/wp-json\/wp\/v2\/product_tag?post=274032"}],"curies":[{"name":"wp","href":"https:\/\/api.w.org\/{rel}","templated":true}]}}