{"id":274052,"date":"2025-11-15T11:11:49","date_gmt":"2025-11-15T11:11:49","guid":{"rendered":"https:\/\/fashiongold.lt\/papuosalas\/moderns-saderinasanas-gredzens-ar-laboratorija-audzetiem-dimantiem-izcils-mirdzums-lab-038-ct\/"},"modified":"2025-11-15T11:11:49","modified_gmt":"2025-11-15T11:11:49","slug":"moderns-saderinasanas-gredzens-ar-laboratorija-audzetiem-dimantiem-izcils-mirdzums-lab-038-ct","status":"publish","type":"product","link":"https:\/\/fashiongold.lt\/lv\/papuosalas\/moderns-saderinasanas-gredzens-ar-laboratorija-audzetiem-dimantiem-izcils-mirdzums-lab-038-ct\/","title":{"rendered":"Moderns saderin\u0101\u0161an\u0101s gredzens ar laboratorij\u0101 audz\u0113tiem dimantiem &#8211; Izcils mirdzums (Lab 0,38 ct)"},"content":{"rendered":"<h2>Moderns saderin\u0101\u0161an\u0101s gredzens ar laboratorij\u0101 audz\u0113tiem dimantiem &#8211; Izcils mirdzums (Lab 0,38 ct)<\/h2>\n<h3>Moderns saderin\u0101\u0161an\u0101s gredzens ar dimantiem. Laboratorijas dimanti. Kop\u0113jais dimantu svars 0,38 kar\u0101ti.<\/h3>\n<p data-start=\"263\" data-end=\"663\">Elegants, m\u016bsdien\u012bgs un perfekti sabalans\u0113ts \u2013 \u0161is saderin\u0101\u0161an\u0101s gredzens ir rad\u012bts tiem, kuri nov\u0113rt\u0113 izsmalcin\u0101tu luksusu un nevainojamu kvalit\u0101ti. Ov\u0101las formas 0,30 ct laboratorijas dimants izce\u013c gredzena mirdzumu, savuk\u0101rt papildu 16 mazie dimanti ap centr\u0101lo akmeni izveido smalku mirdzuma joslu. \u0160is ir modelis, kas nezaud\u0113 savu aktualit\u0101ti un piest\u0101v katras sievietes stilam.<\/p>\n<p data-start=\"665\" data-end=\"835\">Izgatavots no 14K (585 proves) balt\u0101 zelta, iev\u0113rojot augst\u0101kos juvelierizstr\u0101d\u0101jumu standartus Lietuv\u0101. Gredzens ir viegls, \u0113rts un lieliski piem\u0113rots ikdienas n\u0113s\u0101\u0161anai.<\/p>\n<p>\u2022 <strong><a href=\"https:\/\/fashiongold.lt\/lv\/patarimai-lv\/zelta-prove-juvelierizstradajumiem-ka-izveleties-piemerotako\/\" target=\"_blank\" rel=\"noopener\">Gredzena met\u0101ls<\/a><\/strong>: 14K (585 proves), varam izgatavot no 10K (375 proves), 18K (750 proves), 950 plat\u012bna<\/p>\n<p>\u2022 <strong><a href=\"https:\/\/fashiongold.lt\/lv\/patarimai-lv\/saderinasanas-un-laulibu-gredzenu-zelta-krasa-baltais-sarkanais-vai-dzeltenais-zelts\/\" target=\"_blank\" rel=\"noopener\">Gredzena kr\u0101sa<\/a><\/strong>: balta, sarkana, dzeltena<\/p>\n<p>\u2022 <strong><a href=\"https:\/\/fashiongold.lt\/lv\/patarimai-lv\/gredzeni-ar-dimantiem-gredzena-zelta-svars-un-dimantu-svars-karatos-ka-izveleties-piemerotako-ieteikumi-ka-saprast-un-novertet\/\" target=\"_blank\" rel=\"noopener\">Gredzena svars<\/a><\/strong>\u00a0(atkar\u012bgs no izm\u0113ra): aptuveni 1,2 &#8211; 1,80 g<\/p>\n<p>\u2022 <strong><a href=\"https:\/\/fashiongold.lt\/lv\/patarimai-lv\/saderinasanas-gredzeni-perfektu-proporciju-noslepums-kapec-dazi-gredzeni-ar-dimantiem-izskatas-greznak\/\" target=\"_blank\" rel=\"noopener\">Gredzena izm\u0113ri<\/a><\/strong>: galven\u0101 akmens izm\u0113ri aptuveni 5,5\u00a0 x 3,7 mm, st\u012bpi\u0146as platums 1,3 mm<\/p>\n<p>\u2022 <strong><a href=\"https:\/\/fashiongold.lt\/lv\/patarimai-lv\/gredzena-komforta-zona-vai-gredzena-ertums\/\" target=\"_blank\" rel=\"noopener\">Gredzena komforta zona<\/a><\/strong>: ir<\/p>\n<p>\u2022 <strong><a href=\"https:\/\/fashiongold.lt\/lv\/patarimai-lv\/dimants-dabigs-laboratorija-audzets-vai-maksligs-ka-izveleties-pareizi\/\" target=\"_blank\" rel=\"noopener\">Dimanta veids<\/a><\/strong>: Laboratorij\u0101 audz\u0113ts dimants (p\u0113c pas\u016bt\u012bjuma varam izgatavot ar\u012b ar dab\u012bgajiem dimantiem)<\/p>\n<p>\u2022 <strong><a href=\"https:\/\/fashiongold.lt\/lv\/patarimai-lv\/dimants-citas-dimanta-formas\/\" target=\"_blank\" rel=\"noopener\">Centr\u0101l\u0101 dimanta forma<\/a><\/strong>: Ov\u0101la forma (<em>Oval cut<\/em>)<\/p>\n<p>\u2022 <strong><a href=\"https:\/\/fashiongold.lt\/lv\/patarimai-lv\/dimants-ka-tiek-verteta-vertigaka-dargakmens-grezniba\/\" target=\"_blank\" rel=\"noopener\">Dimantu raksturojums<\/a><\/strong>: 0,30 ct centr\u0101lais akmens, mazie dimanti 0,08 ct (kr\u0101sa F, dzidrums VS2) (var main\u012bt)<\/p>\n<p>\u2022 <strong><a href=\"https:\/\/fashiongold.lt\/lv\/patarimai-lv\/dimants-rubins-safirs-smaragds-dargakmenu-sertifikati\/\" target=\"_blank\" rel=\"noopener\">Sertifik\u0101ts<\/a><\/strong>: Lietuvas Prob\u0113\u0161anas pal\u0101ta (LPR)<\/p>\n<p>\u2022 <strong><a href=\"https:\/\/fashiongold.lt\/lv\/patarimai-lv\/saderinasanas-gredzeni-vai-gredzenu-var-iegravet-detalas-kas-pieskir-jusu-saderinasanas-gredzenam-individualitati\/\" target=\"_blank\" rel=\"noopener\">Grav\u0113\u0161ana<\/a><\/strong> bez maksas (jaut\u0101t, vai b\u016bs iesp\u0113jams iegrav\u0113t)<\/p>\n<p>\u2022 Vienreiz\u0113ja bezmaksas <strong><a href=\"https:\/\/fashiongold.lt\/lv\/patarimai-lv\/saderinasanas-gredzeni-bezmaksas-izmera-pielagosana-lai-gredzens-deretu-ideali\/\" target=\"_blank\" rel=\"noopener\">gredzena izm\u0113ra mai\u0146as garantija<\/a><\/strong> (p\u0113c iesp\u0113jas)<\/p>\n<p>\u2022 <strong><a href=\"https:\/\/fashiongold.lt\/lv\/piegade-un-atgriesana\/\" target=\"_blank\" rel=\"noopener\">Izgatavo\u0161anas un pieg\u0101des termi\u0146\u0161<\/a><\/strong>: no 14 darba dien\u0101m, steidzam\u012bbas k\u0101rt\u0101 7 darba dienu laik\u0101.<\/p>\n<p><strong>Jums ir savs d\u0101rgakmens? <a href=\"https:\/\/fashiongold.lt\/lv\/kontakti\/\" target=\"_blank\" rel=\"noopener\">Sazinieties<\/a>, m\u0113s p\u0101rr\u0113\u0137in\u0101sim cenu \u2013 j\u016bs maks\u0101siet tikai par gredzena izgatavo\u0161anu.<\/strong><\/p>\n","protected":false},"excerpt":{"rendered":"<p>Izcila mirdzuma saderin\u0101\u0161an\u0101s gredzens ar 0,38 ct laboratorijas dimantiem. Ov\u0101ls 0,30 ct centr\u0101lais akmens un smalka dimantu josli\u0146a pie\u0161\u0137ir gredzenam eleganci un m\u016bsdien\u012bgu izsmalcin\u0101t\u012bbu. Izgatavots no 14K zelta, r\u016bp\u012bgi iev\u0113rojot augst\u0101kos juvelierizstr\u0101d\u0101jumu standartus. Ide\u0101la izv\u0113le modernai m\u012b\u013cotajai.<\/p>\n","protected":false},"featured_media":263937,"template":"","meta":{"site-sidebar-layout":"default","site-content-layout":"","ast-site-content-layout":"default","site-content-style":"default","site-sidebar-style":"default","ast-global-header-display":"","ast-banner-title-visibility":"","ast-main-header-display":"","ast-hfb-above-header-display":"","ast-hfb-below-header-display":"","ast-hfb-mobile-header-display":"","site-post-title":"","ast-breadcrumbs-content":"","ast-featured-img":"","footer-sml-layout":"","ast-disable-related-posts":"","theme-transparent-header-meta":"default","adv-header-id-meta":"","stick-header-meta":"","header-above-stick-meta":"","header-main-stick-meta":"","header-below-stick-meta":"","astra-migrate-meta-layouts":"default","ast-page-background-enabled":"default","ast-page-background-meta":{"desktop":{"background-color":"var(--ast-global-color-4)","background-image":"","background-repeat":"repeat","background-position":"center center","background-size":"auto","background-attachment":"scroll","background-type":"","background-media":"","overlay-type":"","overlay-color":"","overlay-opacity":"","overlay-gradient":""},"tablet":{"background-color":"","background-image":"","background-repeat":"repeat","background-position":"center center","background-size":"auto","background-attachment":"scroll","background-type":"","background-media":"","overlay-type":"","overlay-color":"","overlay-opacity":"","overlay-gradient":""},"mobile":{"background-color":"","background-image":"","background-repeat":"repeat","background-position":"center center","background-size":"auto","background-attachment":"scroll","background-type":"","background-media":"","overlay-type":"","overlay-color":"","overlay-opacity":"","overlay-gradient":""}},"ast-content-background-meta":{"desktop":{"background-color":"var(--ast-global-color-5)","background-image":"","background-repeat":"repeat","background-position":"center center","background-size":"auto","background-attachment":"scroll","background-type":"","background-media":"","overlay-type":"","overlay-color":"","overlay-opacity":"","overlay-gradient":""},"tablet":{"background-color":"var(--ast-global-color-5)","background-image":"","background-repeat":"repeat","background-position":"center center","background-size":"auto","background-attachment":"scroll","background-type":"","background-media":"","overlay-type":"","overlay-color":"","overlay-opacity":"","overlay-gradient":""},"mobile":{"background-color":"var(--ast-global-color-5)","background-image":"","background-repeat":"repeat","background-position":"center center","background-size":"auto","background-attachment":"scroll","background-type":"","background-media":"","overlay-type":"","overlay-color":"","overlay-opacity":"","overlay-gradient":""}}},"product_brand":[],"product_cat":[3441,2915,2921,3403,2916,3442,3561,3042,3504,3465,3439,3560,3443,3447],"product_tag":[],"class_list":{"0":"post-274052","1":"product","2":"type-product","3":"status-publish","4":"has-post-thumbnail","6":"product_cat-balta-zelta-saderinasanas-gredzeni","7":"product_cat-davanas-berna-piedzimsanai","8":"product_cat-davanas-ipasiem-gadijumiem","9":"product_cat-davanas-kazam","10":"product_cat-davanas-kazu-gadadiena","11":"product_cat-dzeltena-zelta-saderinasanas-gredzeni","12":"product_cat-gredzeni-ar-laboratorijas-dimantiem-audzeti-dimanti","13":"product_cat-juvelierizstradajumi","14":"product_cat-juvelierizstradajumi-ar-laboratorija-audzetiem-dimantiem","15":"product_cat-moderni-saderinasanas-gredzeni","16":"product_cat-saderinasanas-gredzeni","17":"product_cat-saderinasanas-gredzeni-ar-laboratorijas-dimantiem","18":"product_cat-sarkana-zelta-saderinasanas-gredzeni","19":"product_cat-top-saderinasanas-gredzeni","20":"desktop-align-center","21":"tablet-align-left","22":"mobile-align-left","23":"ast-product-gallery-layout-horizontal-slider","24":"ast-product-single-variable","25":"ast-product-tabs-layout-accordion","26":"ast-qv-on-image","28":"first","29":"instock","30":"taxable","31":"shipping-taxable","32":"purchasable","33":"product-type-variable"},"yoast_head":"<!-- This site is optimized with the Yoast SEO plugin v26.6 - https:\/\/yoast.com\/wordpress\/plugins\/seo\/ -->\n<title>Moderns saderin\u0101\u0161an\u0101s gredzens ar laboratorij\u0101 audz\u0113tiem dimantiem - Izcils mirdzums (Lab 0,38 ct<\/title>\n<meta name=\"description\" content=\"Moderns saderin\u0101\u0161an\u0101s gredzens ar 0,38 ct laboratorijas dimantiem. Ov\u0101ls 0,30 ct akmens, 14K zelts, elegants dizains, izgatavo\u0161ana no 14 dien\u0101m Lietuv\u0101.\" \/>\n<meta name=\"robots\" content=\"index, follow, max-snippet:-1, max-image-preview:large, max-video-preview:-1\" \/>\n<link rel=\"canonical\" href=\"https:\/\/fashiongold.lt\/lv\/papuosalas\/moderns-saderinasanas-gredzens-ar-laboratorija-audzetiem-dimantiem-izcils-mirdzums-lab-038-ct\/\" \/>\n<meta property=\"og:locale\" content=\"lv_LV\" \/>\n<meta property=\"og:type\" content=\"article\" \/>\n<meta property=\"og:title\" content=\"Moderns saderin\u0101\u0161an\u0101s gredzens ar laboratorij\u0101 audz\u0113tiem dimantiem - Izcils mirdzums (Lab 0,38 ct\" \/>\n<meta property=\"og:description\" content=\"Moderns saderin\u0101\u0161an\u0101s gredzens ar 0,38 ct laboratorijas dimantiem. Ov\u0101ls 0,30 ct akmens, 14K zelts, elegants dizains, izgatavo\u0161ana no 14 dien\u0101m Lietuv\u0101.\" \/>\n<meta property=\"og:url\" content=\"https:\/\/fashiongold.lt\/lv\/papuosalas\/moderns-saderinasanas-gredzens-ar-laboratorija-audzetiem-dimantiem-izcils-mirdzums-lab-038-ct\/\" \/>\n<meta property=\"og:site_name\" content=\"FashionGold.lt\" \/>\n<meta property=\"og:image\" content=\"https:\/\/fashiongold.lt\/wp-content\/uploads\/2025\/11\/030-ovalas-modernus-1.webp\" \/>\n\t<meta property=\"og:image:width\" content=\"2000\" \/>\n\t<meta property=\"og:image:height\" content=\"2000\" \/>\n\t<meta property=\"og:image:type\" content=\"image\/jpeg\" \/>\n<meta name=\"twitter:card\" content=\"summary_large_image\" \/>\n<meta name=\"twitter:label1\" content=\"Est. reading time\" \/>\n\t<meta name=\"twitter:data1\" content=\"1 minute\" \/>\n<script type=\"application\/ld+json\" class=\"yoast-schema-graph\">{\"@context\":\"https:\/\/schema.org\",\"@graph\":[{\"@type\":\"WebPage\",\"@id\":\"https:\/\/fashiongold.lt\/lv\/papuosalas\/moderns-saderinasanas-gredzens-ar-laboratorija-audzetiem-dimantiem-izcils-mirdzums-lab-038-ct\/\",\"url\":\"https:\/\/fashiongold.lt\/lv\/papuosalas\/moderns-saderinasanas-gredzens-ar-laboratorija-audzetiem-dimantiem-izcils-mirdzums-lab-038-ct\/\",\"name\":\"Moderns saderin\u0101\u0161an\u0101s gredzens ar laboratorij\u0101 audz\u0113tiem dimantiem - Izcils mirdzums (Lab 0,38 ct\",\"isPartOf\":{\"@id\":\"https:\/\/fashiongold.lt\/lv\/#website\"},\"primaryImageOfPage\":{\"@id\":\"https:\/\/fashiongold.lt\/lv\/papuosalas\/moderns-saderinasanas-gredzens-ar-laboratorija-audzetiem-dimantiem-izcils-mirdzums-lab-038-ct\/#primaryimage\"},\"image\":{\"@id\":\"https:\/\/fashiongold.lt\/lv\/papuosalas\/moderns-saderinasanas-gredzens-ar-laboratorija-audzetiem-dimantiem-izcils-mirdzums-lab-038-ct\/#primaryimage\"},\"thumbnailUrl\":\"https:\/\/fashiongold.lt\/wp-content\/uploads\/2025\/11\/030-ovalas-modernus-1.jpg\",\"datePublished\":\"2025-11-15T11:11:49+00:00\",\"description\":\"Moderns saderin\u0101\u0161an\u0101s gredzens ar 0,38 ct laboratorijas dimantiem. Ov\u0101ls 0,30 ct akmens, 14K zelts, elegants dizains, izgatavo\u0161ana no 14 dien\u0101m Lietuv\u0101.\",\"breadcrumb\":{\"@id\":\"https:\/\/fashiongold.lt\/lv\/papuosalas\/moderns-saderinasanas-gredzens-ar-laboratorija-audzetiem-dimantiem-izcils-mirdzums-lab-038-ct\/#breadcrumb\"},\"inLanguage\":\"lv-LV\",\"potentialAction\":[{\"@type\":\"ReadAction\",\"target\":[\"https:\/\/fashiongold.lt\/lv\/papuosalas\/moderns-saderinasanas-gredzens-ar-laboratorija-audzetiem-dimantiem-izcils-mirdzums-lab-038-ct\/\"]}]},{\"@type\":\"ImageObject\",\"inLanguage\":\"lv-LV\",\"@id\":\"https:\/\/fashiongold.lt\/lv\/papuosalas\/moderns-saderinasanas-gredzens-ar-laboratorija-audzetiem-dimantiem-izcils-mirdzums-lab-038-ct\/#primaryimage\",\"url\":\"https:\/\/fashiongold.lt\/wp-content\/uploads\/2025\/11\/030-ovalas-modernus-1.jpg\",\"contentUrl\":\"https:\/\/fashiongold.lt\/wp-content\/uploads\/2025\/11\/030-ovalas-modernus-1.jpg\",\"width\":2000,\"height\":2000,\"caption\":\"Balto aukso su\u017ead\u0117tuvi\u0173 \u017eiedas\"},{\"@type\":\"BreadcrumbList\",\"@id\":\"https:\/\/fashiongold.lt\/lv\/papuosalas\/moderns-saderinasanas-gredzens-ar-laboratorija-audzetiem-dimantiem-izcils-mirdzums-lab-038-ct\/#breadcrumb\",\"itemListElement\":[{\"@type\":\"ListItem\",\"position\":1,\"name\":\"Home\",\"item\":\"https:\/\/fashiongold.lt\/lv\/\"},{\"@type\":\"ListItem\",\"position\":2,\"name\":\"Dimantu veikals Fashiongold.lt\",\"item\":\"https:\/\/fashiongold.lt\/shop-2\/\"},{\"@type\":\"ListItem\",\"position\":3,\"name\":\"Moderns saderin\u0101\u0161an\u0101s gredzens ar laboratorij\u0101 audz\u0113tiem dimantiem &#8211; Izcils mirdzums (Lab 0,38 ct)\"}]},{\"@type\":\"WebSite\",\"@id\":\"https:\/\/fashiongold.lt\/lv\/#website\",\"url\":\"https:\/\/fashiongold.lt\/lv\/\",\"name\":\"Fashion Gold\",\"description\":\"Juvelyrikos namai\",\"publisher\":{\"@id\":\"https:\/\/fashiongold.lt\/lv\/#organization\"},\"potentialAction\":[{\"@type\":\"SearchAction\",\"target\":{\"@type\":\"EntryPoint\",\"urlTemplate\":\"https:\/\/fashiongold.lt\/lv\/?s={search_term_string}\"},\"query-input\":{\"@type\":\"PropertyValueSpecification\",\"valueRequired\":true,\"valueName\":\"search_term_string\"}}],\"inLanguage\":\"lv-LV\"},{\"@type\":\"Organization\",\"@id\":\"https:\/\/fashiongold.lt\/lv\/#organization\",\"name\":\"Topdiamonds Online\",\"url\":\"https:\/\/fashiongold.lt\/lv\/\",\"logo\":{\"@type\":\"ImageObject\",\"inLanguage\":\"lv-LV\",\"@id\":\"https:\/\/fashiongold.lt\/lv\/#\/schema\/logo\/image\/\",\"url\":\"https:\/\/fashiongold.lt\/wp-content\/uploads\/2025\/04\/cropped-fashion_gold_logotipas2-scaled-1.png\",\"contentUrl\":\"https:\/\/fashiongold.lt\/wp-content\/uploads\/2025\/04\/cropped-fashion_gold_logotipas2-scaled-1.png\",\"width\":2559,\"height\":421,\"caption\":\"Topdiamonds Online\"},\"image\":{\"@id\":\"https:\/\/fashiongold.lt\/lv\/#\/schema\/logo\/image\/\"}}]}<\/script>\n<!-- \/ Yoast SEO plugin. -->","yoast_head_json":{"title":"Moderns saderin\u0101\u0161an\u0101s gredzens ar laboratorij\u0101 audz\u0113tiem dimantiem - Izcils mirdzums (Lab 0,38 ct","description":"Moderns saderin\u0101\u0161an\u0101s gredzens ar 0,38 ct laboratorijas dimantiem. Ov\u0101ls 0,30 ct akmens, 14K zelts, elegants dizains, izgatavo\u0161ana no 14 dien\u0101m Lietuv\u0101.","robots":{"index":"index","follow":"follow","max-snippet":"max-snippet:-1","max-image-preview":"max-image-preview:large","max-video-preview":"max-video-preview:-1"},"canonical":"https:\/\/fashiongold.lt\/lv\/papuosalas\/moderns-saderinasanas-gredzens-ar-laboratorija-audzetiem-dimantiem-izcils-mirdzums-lab-038-ct\/","og_locale":"lv_LV","og_type":"article","og_title":"Moderns saderin\u0101\u0161an\u0101s gredzens ar laboratorij\u0101 audz\u0113tiem dimantiem - Izcils mirdzums (Lab 0,38 ct","og_description":"Moderns saderin\u0101\u0161an\u0101s gredzens ar 0,38 ct laboratorijas dimantiem. Ov\u0101ls 0,30 ct akmens, 14K zelts, elegants dizains, izgatavo\u0161ana no 14 dien\u0101m Lietuv\u0101.","og_url":"https:\/\/fashiongold.lt\/lv\/papuosalas\/moderns-saderinasanas-gredzens-ar-laboratorija-audzetiem-dimantiem-izcils-mirdzums-lab-038-ct\/","og_site_name":"FashionGold.lt","og_image":[{"width":2000,"height":2000,"url":"https:\/\/fashiongold.lt\/wp-content\/uploads\/2025\/11\/030-ovalas-modernus-1.webp","type":"image\/jpeg"}],"twitter_card":"summary_large_image","twitter_misc":{"Est. reading time":"1 minute"},"schema":{"@context":"https:\/\/schema.org","@graph":[{"@type":"WebPage","@id":"https:\/\/fashiongold.lt\/lv\/papuosalas\/moderns-saderinasanas-gredzens-ar-laboratorija-audzetiem-dimantiem-izcils-mirdzums-lab-038-ct\/","url":"https:\/\/fashiongold.lt\/lv\/papuosalas\/moderns-saderinasanas-gredzens-ar-laboratorija-audzetiem-dimantiem-izcils-mirdzums-lab-038-ct\/","name":"Moderns saderin\u0101\u0161an\u0101s gredzens ar laboratorij\u0101 audz\u0113tiem dimantiem - Izcils mirdzums (Lab 0,38 ct","isPartOf":{"@id":"https:\/\/fashiongold.lt\/lv\/#website"},"primaryImageOfPage":{"@id":"https:\/\/fashiongold.lt\/lv\/papuosalas\/moderns-saderinasanas-gredzens-ar-laboratorija-audzetiem-dimantiem-izcils-mirdzums-lab-038-ct\/#primaryimage"},"image":{"@id":"https:\/\/fashiongold.lt\/lv\/papuosalas\/moderns-saderinasanas-gredzens-ar-laboratorija-audzetiem-dimantiem-izcils-mirdzums-lab-038-ct\/#primaryimage"},"thumbnailUrl":"https:\/\/fashiongold.lt\/wp-content\/uploads\/2025\/11\/030-ovalas-modernus-1.jpg","datePublished":"2025-11-15T11:11:49+00:00","description":"Moderns saderin\u0101\u0161an\u0101s gredzens ar 0,38 ct laboratorijas dimantiem. Ov\u0101ls 0,30 ct akmens, 14K zelts, elegants dizains, izgatavo\u0161ana no 14 dien\u0101m Lietuv\u0101.","breadcrumb":{"@id":"https:\/\/fashiongold.lt\/lv\/papuosalas\/moderns-saderinasanas-gredzens-ar-laboratorija-audzetiem-dimantiem-izcils-mirdzums-lab-038-ct\/#breadcrumb"},"inLanguage":"lv-LV","potentialAction":[{"@type":"ReadAction","target":["https:\/\/fashiongold.lt\/lv\/papuosalas\/moderns-saderinasanas-gredzens-ar-laboratorija-audzetiem-dimantiem-izcils-mirdzums-lab-038-ct\/"]}]},{"@type":"ImageObject","inLanguage":"lv-LV","@id":"https:\/\/fashiongold.lt\/lv\/papuosalas\/moderns-saderinasanas-gredzens-ar-laboratorija-audzetiem-dimantiem-izcils-mirdzums-lab-038-ct\/#primaryimage","url":"https:\/\/fashiongold.lt\/wp-content\/uploads\/2025\/11\/030-ovalas-modernus-1.jpg","contentUrl":"https:\/\/fashiongold.lt\/wp-content\/uploads\/2025\/11\/030-ovalas-modernus-1.jpg","width":2000,"height":2000,"caption":"Balto aukso su\u017ead\u0117tuvi\u0173 \u017eiedas"},{"@type":"BreadcrumbList","@id":"https:\/\/fashiongold.lt\/lv\/papuosalas\/moderns-saderinasanas-gredzens-ar-laboratorija-audzetiem-dimantiem-izcils-mirdzums-lab-038-ct\/#breadcrumb","itemListElement":[{"@type":"ListItem","position":1,"name":"Home","item":"https:\/\/fashiongold.lt\/lv\/"},{"@type":"ListItem","position":2,"name":"Dimantu veikals Fashiongold.lt","item":"https:\/\/fashiongold.lt\/shop-2\/"},{"@type":"ListItem","position":3,"name":"Moderns saderin\u0101\u0161an\u0101s gredzens ar laboratorij\u0101 audz\u0113tiem dimantiem &#8211; Izcils mirdzums (Lab 0,38 ct)"}]},{"@type":"WebSite","@id":"https:\/\/fashiongold.lt\/lv\/#website","url":"https:\/\/fashiongold.lt\/lv\/","name":"Fashion Gold","description":"Juvelyrikos namai","publisher":{"@id":"https:\/\/fashiongold.lt\/lv\/#organization"},"potentialAction":[{"@type":"SearchAction","target":{"@type":"EntryPoint","urlTemplate":"https:\/\/fashiongold.lt\/lv\/?s={search_term_string}"},"query-input":{"@type":"PropertyValueSpecification","valueRequired":true,"valueName":"search_term_string"}}],"inLanguage":"lv-LV"},{"@type":"Organization","@id":"https:\/\/fashiongold.lt\/lv\/#organization","name":"Topdiamonds Online","url":"https:\/\/fashiongold.lt\/lv\/","logo":{"@type":"ImageObject","inLanguage":"lv-LV","@id":"https:\/\/fashiongold.lt\/lv\/#\/schema\/logo\/image\/","url":"https:\/\/fashiongold.lt\/wp-content\/uploads\/2025\/04\/cropped-fashion_gold_logotipas2-scaled-1.png","contentUrl":"https:\/\/fashiongold.lt\/wp-content\/uploads\/2025\/04\/cropped-fashion_gold_logotipas2-scaled-1.png","width":2559,"height":421,"caption":"Topdiamonds Online"},"image":{"@id":"https:\/\/fashiongold.lt\/lv\/#\/schema\/logo\/image\/"}}]}},"_links":{"self":[{"href":"https:\/\/fashiongold.lt\/lv\/wp-json\/wp\/v2\/product\/274052","targetHints":{"allow":["GET"]}}],"collection":[{"href":"https:\/\/fashiongold.lt\/lv\/wp-json\/wp\/v2\/product"}],"about":[{"href":"https:\/\/fashiongold.lt\/lv\/wp-json\/wp\/v2\/types\/product"}],"version-history":[{"count":0,"href":"https:\/\/fashiongold.lt\/lv\/wp-json\/wp\/v2\/product\/274052\/revisions"}],"wp:featuredmedia":[{"embeddable":true,"href":"https:\/\/fashiongold.lt\/lv\/wp-json\/wp\/v2\/media\/263937"}],"wp:attachment":[{"href":"https:\/\/fashiongold.lt\/lv\/wp-json\/wp\/v2\/media?parent=274052"}],"wp:term":[{"taxonomy":"product_brand","embeddable":true,"href":"https:\/\/fashiongold.lt\/lv\/wp-json\/wp\/v2\/product_brand?post=274052"},{"taxonomy":"product_cat","embeddable":true,"href":"https:\/\/fashiongold.lt\/lv\/wp-json\/wp\/v2\/product_cat?post=274052"},{"taxonomy":"product_tag","embeddable":true,"href":"https:\/\/fashiongold.lt\/lv\/wp-json\/wp\/v2\/product_tag?post=274052"}],"curies":[{"name":"wp","href":"https:\/\/api.w.org\/{rel}","templated":true}]}}