{"id":274075,"date":"2025-10-24T01:54:03","date_gmt":"2025-10-24T01:54:03","guid":{"rendered":"https:\/\/fashiongold.lt\/papuosalas\/zelta-krustins-ar-dimantiem-un-kedite-0-90-ct\/"},"modified":"2025-10-24T01:54:03","modified_gmt":"2025-10-24T01:54:03","slug":"zelta-krustins-ar-dimantiem-un-kedite-0-90-ct","status":"publish","type":"product","link":"https:\/\/fashiongold.lt\/lv\/papuosalas\/zelta-krustins-ar-dimantiem-un-kedite-0-90-ct\/","title":{"rendered":"Zelta krusti\u0146\u0161 ar dimantiem un \u0137\u0113d\u012bte (0.90 ct)"},"content":{"rendered":"<p>Ra\u017eots Lietuv\u0101. Kulons var tikt izgatavots p\u0113c pas\u016bt\u012bjuma: no sarkan\u0101, dzelten\u0101 un balt\u0101 zelta.<\/p>\n<p>\u2022 Kulona un \u0137\u0113d\u012btes zelts: 18K (750. prove), varam izgatavot no 10K (375. proves), 14K (585. proves)<\/p>\n<p>\u2022 Kulona un \u0137\u0113d\u012btes kr\u0101sa: iesp\u0113jams izv\u0113l\u0113ties balto, dzelteno, sarkano zeltu<\/p>\n<p>\u2022 Kulona un \u0137\u0113d\u012btes svars (atkar\u012bgs no izm\u0113ra un proves): aptuveni 4,70 &#8211; 5,50 g<\/p>\n<p>\u2022 Kulona un \u0137\u0113d\u012btes izm\u0113ri: (iesp\u0113jams main\u012bt)<\/p>\n<p>\u2022 Dimanta veids: dab\u012bgie dimanti (Natural Diamonds)<\/p>\n<p>\u2022 Dimanta forma: Apa\u013ca forma (Round shape)<\/p>\n<p>\u2022 Dimanta raksturojums: 11 gab. &#8211; 0,90 kar\u0101ti, kr\u0101sa G-H (RW-W); dzidrums VS-SI<\/p>\n<p>\u2022 Sertifik\u0101ts: Lietuvas Proves pal\u0101ta (LPR)<\/p>\n<p>\u2022 \u0136\u0113d\u012btes garums: 42 cm<\/p>\n<p>\u2022 Izgatavo\u0161anas un pieg\u0101des termi\u0146\u0161 no 14 darba dien\u0101m, steidzam\u012bbas k\u0101rt\u0101 3 d.d. laik\u0101.<\/p>\n<p><strong>Jums ir savs zelts? Sazinieties ar mums, p\u0101rr\u0113\u0137in\u0101sim cenu \u2013 maks\u0101siet tikai par gredzenu izgatavo\u0161anu.<\/strong><\/p>\n","protected":false},"excerpt":{"rendered":"<p>Klasiska zelta \u0137\u0113d\u012bte un zelta krusti\u0146\u0161 ar mirdzo\u0161iem dimantiem, kuru svars ir 0,90 kar\u0101ti. Iem\u016b\u017einiet mirkli ar \u0161o izsmalcin\u0101to rotaslietu. Lieliska d\u0101vana ikdienai un \u012bpa\u0161iem gad\u012bjumiem, unik\u0101lam stilam.\u00a0<\/p>\n","protected":false},"featured_media":252942,"template":"","meta":{"site-sidebar-layout":"","site-content-layout":"","ast-site-content-layout":"","site-content-style":"","site-sidebar-style":"","ast-global-header-display":"","ast-banner-title-visibility":"","ast-main-header-display":"","ast-hfb-above-header-display":"","ast-hfb-below-header-display":"","ast-hfb-mobile-header-display":"","site-post-title":"","ast-breadcrumbs-content":"","ast-featured-img":"","footer-sml-layout":"","ast-disable-related-posts":"","theme-transparent-header-meta":"","adv-header-id-meta":"","stick-header-meta":"","header-above-stick-meta":"","header-main-stick-meta":"","header-below-stick-meta":"","astra-migrate-meta-layouts":"default","ast-page-background-enabled":"default","ast-page-background-meta":{"desktop":{"background-color":"var(--ast-global-color-4)","background-image":"","background-repeat":"repeat","background-position":"center center","background-size":"auto","background-attachment":"scroll","background-type":"","background-media":"","overlay-type":"","overlay-color":"","overlay-opacity":"","overlay-gradient":""},"tablet":{"background-color":"","background-image":"","background-repeat":"repeat","background-position":"center center","background-size":"auto","background-attachment":"scroll","background-type":"","background-media":"","overlay-type":"","overlay-color":"","overlay-opacity":"","overlay-gradient":""},"mobile":{"background-color":"","background-image":"","background-repeat":"repeat","background-position":"center center","background-size":"auto","background-attachment":"scroll","background-type":"","background-media":"","overlay-type":"","overlay-color":"","overlay-opacity":"","overlay-gradient":""}},"ast-content-background-meta":{"desktop":{"background-color":"var(--ast-global-color-5)","background-image":"","background-repeat":"repeat","background-position":"center center","background-size":"auto","background-attachment":"scroll","background-type":"","background-media":"","overlay-type":"","overlay-color":"","overlay-opacity":"","overlay-gradient":""},"tablet":{"background-color":"var(--ast-global-color-5)","background-image":"","background-repeat":"repeat","background-position":"center center","background-size":"auto","background-attachment":"scroll","background-type":"","background-media":"","overlay-type":"","overlay-color":"","overlay-opacity":"","overlay-gradient":""},"mobile":{"background-color":"var(--ast-global-color-5)","background-image":"","background-repeat":"repeat","background-position":"center center","background-size":"auto","background-attachment":"scroll","background-type":"","background-media":"","overlay-type":"","overlay-color":"","overlay-opacity":"","overlay-gradient":""}}},"product_brand":[],"product_cat":[2919,3406,2915,2913,2921,2920,2914,2917,2923,3042,3487,3490,3401,3491,3028,3484,2979,2936,3488,2918],"product_tag":[],"class_list":{"0":"post-274075","1":"product","2":"type-product","3":"status-publish","4":"has-post-thumbnail","6":"product_cat-baltzelta-rotaslietas","7":"product_cat-davana-pirmaja-komunija","8":"product_cat-davanas-berna-piedzimsanai","9":"product_cat-davanas-dzimsanas-diena","10":"product_cat-davanas-ipasiem-gadijumiem","11":"product_cat-davanas-izlaidumam","12":"product_cat-davanas-sievietem","13":"product_cat-davanas-viriesiem","14":"product_cat-dzeltena-zelta-juvelierizstradajumi","15":"product_cat-juvelierizstradajumi","16":"product_cat-kedite-kristibam","17":"product_cat-kedites-ar-dimantiem","18":"product_cat-kristibu-davanas","19":"product_cat-krustini-ar-kediti","20":"product_cat-kuloni-ar-dimantiem","21":"product_cat-kulons-krustins-ar-dimantiem","22":"product_cat-sarkana-zelta-juvelierizstradajumi","23":"product_cat-valentindienas-davanas","24":"product_cat-zelta-kedite-meitenem","25":"product_cat-ziemassvetku-davanas","26":"desktop-align-center","27":"tablet-align-left","28":"mobile-align-left","29":"ast-product-gallery-layout-horizontal-slider","30":"ast-product-gallery-with-no-image","31":"ast-product-single-variable","32":"ast-product-tabs-layout-accordion","33":"ast-qv-on-image","35":"first","36":"instock","37":"taxable","38":"shipping-taxable","39":"purchasable","40":"product-type-variable"},"yoast_head":"<!-- This site is optimized with the Yoast SEO plugin v26.6 - https:\/\/yoast.com\/wordpress\/plugins\/seo\/ -->\n<title>Zelta krusti\u0146\u0161 ar dimantiem un \u0137\u0113d\u012bte (0.90 ct)<\/title>\n<meta name=\"description\" content=\"Klasiska zelta \u0137\u0113d\u012bte un zelta krusti\u0146\u0161 ar mirdzo\u0161iem dimantiem, kuru kop\u0113jais svars ir 0,90 kar\u0101ti. Lieliska d\u0101vana ikdienai un \u012bpa\u0161iem gad\u012bjumiem.\" \/>\n<meta name=\"robots\" content=\"index, follow, max-snippet:-1, max-image-preview:large, max-video-preview:-1\" \/>\n<link rel=\"canonical\" href=\"https:\/\/fashiongold.lt\/lv\/papuosalas\/zelta-krustins-ar-dimantiem-un-kedite-0-90-ct\/\" \/>\n<meta property=\"og:locale\" content=\"lv_LV\" \/>\n<meta property=\"og:type\" content=\"article\" \/>\n<meta property=\"og:title\" content=\"Zelta krusti\u0146\u0161 ar dimantiem un \u0137\u0113d\u012bte (0.90 ct)\" \/>\n<meta property=\"og:description\" content=\"Klasiska zelta \u0137\u0113d\u012bte un zelta krusti\u0146\u0161 ar mirdzo\u0161iem dimantiem, kuru kop\u0113jais svars ir 0,90 kar\u0101ti. Lieliska d\u0101vana ikdienai un \u012bpa\u0161iem gad\u012bjumiem.\" \/>\n<meta property=\"og:url\" content=\"https:\/\/fashiongold.lt\/lv\/papuosalas\/zelta-krustins-ar-dimantiem-un-kedite-0-90-ct\/\" \/>\n<meta property=\"og:site_name\" content=\"FashionGold.lt\" \/>\n<meta property=\"og:image\" content=\"https:\/\/fashiongold.lt\/wp-content\/uploads\/2025\/10\/21620-707-Balto-aukso-auksinis-kryzelis-su-deimantais-ir-grandinele-0.90-ct.webp\" \/>\n\t<meta property=\"og:image:width\" content=\"1000\" \/>\n\t<meta property=\"og:image:height\" content=\"1000\" \/>\n\t<meta property=\"og:image:type\" content=\"image\/png\" \/>\n<meta name=\"twitter:card\" content=\"summary_large_image\" \/>\n<meta name=\"twitter:label1\" content=\"Est. reading time\" \/>\n\t<meta name=\"twitter:data1\" content=\"1 minute\" \/>\n<script type=\"application\/ld+json\" class=\"yoast-schema-graph\">{\"@context\":\"https:\/\/schema.org\",\"@graph\":[{\"@type\":\"WebPage\",\"@id\":\"https:\/\/fashiongold.lt\/lv\/papuosalas\/zelta-krustins-ar-dimantiem-un-kedite-0-90-ct\/\",\"url\":\"https:\/\/fashiongold.lt\/lv\/papuosalas\/zelta-krustins-ar-dimantiem-un-kedite-0-90-ct\/\",\"name\":\"Zelta krusti\u0146\u0161 ar dimantiem un \u0137\u0113d\u012bte (0.90 ct)\",\"isPartOf\":{\"@id\":\"https:\/\/fashiongold.lt\/lv\/#website\"},\"primaryImageOfPage\":{\"@id\":\"https:\/\/fashiongold.lt\/lv\/papuosalas\/zelta-krustins-ar-dimantiem-un-kedite-0-90-ct\/#primaryimage\"},\"image\":{\"@id\":\"https:\/\/fashiongold.lt\/lv\/papuosalas\/zelta-krustins-ar-dimantiem-un-kedite-0-90-ct\/#primaryimage\"},\"thumbnailUrl\":\"https:\/\/fashiongold.lt\/wp-content\/uploads\/2025\/10\/21620-707-Balto-aukso-auksinis-kryzelis-su-deimantais-ir-grandinele-0.90-ct.png\",\"datePublished\":\"2025-10-24T01:54:03+00:00\",\"description\":\"Klasiska zelta \u0137\u0113d\u012bte un zelta krusti\u0146\u0161 ar mirdzo\u0161iem dimantiem, kuru kop\u0113jais svars ir 0,90 kar\u0101ti. Lieliska d\u0101vana ikdienai un \u012bpa\u0161iem gad\u012bjumiem.\",\"breadcrumb\":{\"@id\":\"https:\/\/fashiongold.lt\/lv\/papuosalas\/zelta-krustins-ar-dimantiem-un-kedite-0-90-ct\/#breadcrumb\"},\"inLanguage\":\"lv-LV\",\"potentialAction\":[{\"@type\":\"ReadAction\",\"target\":[\"https:\/\/fashiongold.lt\/lv\/papuosalas\/zelta-krustins-ar-dimantiem-un-kedite-0-90-ct\/\"]}]},{\"@type\":\"ImageObject\",\"inLanguage\":\"lv-LV\",\"@id\":\"https:\/\/fashiongold.lt\/lv\/papuosalas\/zelta-krustins-ar-dimantiem-un-kedite-0-90-ct\/#primaryimage\",\"url\":\"https:\/\/fashiongold.lt\/wp-content\/uploads\/2025\/10\/21620-707-Balto-aukso-auksinis-kryzelis-su-deimantais-ir-grandinele-0.90-ct.png\",\"contentUrl\":\"https:\/\/fashiongold.lt\/wp-content\/uploads\/2025\/10\/21620-707-Balto-aukso-auksinis-kryzelis-su-deimantais-ir-grandinele-0.90-ct.png\",\"width\":1000,\"height\":1000},{\"@type\":\"BreadcrumbList\",\"@id\":\"https:\/\/fashiongold.lt\/lv\/papuosalas\/zelta-krustins-ar-dimantiem-un-kedite-0-90-ct\/#breadcrumb\",\"itemListElement\":[{\"@type\":\"ListItem\",\"position\":1,\"name\":\"Home\",\"item\":\"https:\/\/fashiongold.lt\/lv\/\"},{\"@type\":\"ListItem\",\"position\":2,\"name\":\"Dimantu veikals Fashiongold.lt\",\"item\":\"https:\/\/fashiongold.lt\/shop-2\/\"},{\"@type\":\"ListItem\",\"position\":3,\"name\":\"Zelta krusti\u0146\u0161 ar dimantiem un \u0137\u0113d\u012bte (0.90 ct)\"}]},{\"@type\":\"WebSite\",\"@id\":\"https:\/\/fashiongold.lt\/lv\/#website\",\"url\":\"https:\/\/fashiongold.lt\/lv\/\",\"name\":\"Fashion Gold\",\"description\":\"Juvelyrikos namai\",\"publisher\":{\"@id\":\"https:\/\/fashiongold.lt\/lv\/#organization\"},\"potentialAction\":[{\"@type\":\"SearchAction\",\"target\":{\"@type\":\"EntryPoint\",\"urlTemplate\":\"https:\/\/fashiongold.lt\/lv\/?s={search_term_string}\"},\"query-input\":{\"@type\":\"PropertyValueSpecification\",\"valueRequired\":true,\"valueName\":\"search_term_string\"}}],\"inLanguage\":\"lv-LV\"},{\"@type\":\"Organization\",\"@id\":\"https:\/\/fashiongold.lt\/lv\/#organization\",\"name\":\"Topdiamonds Online\",\"url\":\"https:\/\/fashiongold.lt\/lv\/\",\"logo\":{\"@type\":\"ImageObject\",\"inLanguage\":\"lv-LV\",\"@id\":\"https:\/\/fashiongold.lt\/lv\/#\/schema\/logo\/image\/\",\"url\":\"https:\/\/fashiongold.lt\/wp-content\/uploads\/2025\/04\/cropped-fashion_gold_logotipas2-scaled-1.png\",\"contentUrl\":\"https:\/\/fashiongold.lt\/wp-content\/uploads\/2025\/04\/cropped-fashion_gold_logotipas2-scaled-1.png\",\"width\":2559,\"height\":421,\"caption\":\"Topdiamonds Online\"},\"image\":{\"@id\":\"https:\/\/fashiongold.lt\/lv\/#\/schema\/logo\/image\/\"}}]}<\/script>\n<!-- \/ Yoast SEO plugin. -->","yoast_head_json":{"title":"Zelta krusti\u0146\u0161 ar dimantiem un \u0137\u0113d\u012bte (0.90 ct)","description":"Klasiska zelta \u0137\u0113d\u012bte un zelta krusti\u0146\u0161 ar mirdzo\u0161iem dimantiem, kuru kop\u0113jais svars ir 0,90 kar\u0101ti. Lieliska d\u0101vana ikdienai un \u012bpa\u0161iem gad\u012bjumiem.","robots":{"index":"index","follow":"follow","max-snippet":"max-snippet:-1","max-image-preview":"max-image-preview:large","max-video-preview":"max-video-preview:-1"},"canonical":"https:\/\/fashiongold.lt\/lv\/papuosalas\/zelta-krustins-ar-dimantiem-un-kedite-0-90-ct\/","og_locale":"lv_LV","og_type":"article","og_title":"Zelta krusti\u0146\u0161 ar dimantiem un \u0137\u0113d\u012bte (0.90 ct)","og_description":"Klasiska zelta \u0137\u0113d\u012bte un zelta krusti\u0146\u0161 ar mirdzo\u0161iem dimantiem, kuru kop\u0113jais svars ir 0,90 kar\u0101ti. Lieliska d\u0101vana ikdienai un \u012bpa\u0161iem gad\u012bjumiem.","og_url":"https:\/\/fashiongold.lt\/lv\/papuosalas\/zelta-krustins-ar-dimantiem-un-kedite-0-90-ct\/","og_site_name":"FashionGold.lt","og_image":[{"width":1000,"height":1000,"url":"https:\/\/fashiongold.lt\/wp-content\/uploads\/2025\/10\/21620-707-Balto-aukso-auksinis-kryzelis-su-deimantais-ir-grandinele-0.90-ct.webp","type":"image\/png"}],"twitter_card":"summary_large_image","twitter_misc":{"Est. reading time":"1 minute"},"schema":{"@context":"https:\/\/schema.org","@graph":[{"@type":"WebPage","@id":"https:\/\/fashiongold.lt\/lv\/papuosalas\/zelta-krustins-ar-dimantiem-un-kedite-0-90-ct\/","url":"https:\/\/fashiongold.lt\/lv\/papuosalas\/zelta-krustins-ar-dimantiem-un-kedite-0-90-ct\/","name":"Zelta krusti\u0146\u0161 ar dimantiem un \u0137\u0113d\u012bte (0.90 ct)","isPartOf":{"@id":"https:\/\/fashiongold.lt\/lv\/#website"},"primaryImageOfPage":{"@id":"https:\/\/fashiongold.lt\/lv\/papuosalas\/zelta-krustins-ar-dimantiem-un-kedite-0-90-ct\/#primaryimage"},"image":{"@id":"https:\/\/fashiongold.lt\/lv\/papuosalas\/zelta-krustins-ar-dimantiem-un-kedite-0-90-ct\/#primaryimage"},"thumbnailUrl":"https:\/\/fashiongold.lt\/wp-content\/uploads\/2025\/10\/21620-707-Balto-aukso-auksinis-kryzelis-su-deimantais-ir-grandinele-0.90-ct.png","datePublished":"2025-10-24T01:54:03+00:00","description":"Klasiska zelta \u0137\u0113d\u012bte un zelta krusti\u0146\u0161 ar mirdzo\u0161iem dimantiem, kuru kop\u0113jais svars ir 0,90 kar\u0101ti. Lieliska d\u0101vana ikdienai un \u012bpa\u0161iem gad\u012bjumiem.","breadcrumb":{"@id":"https:\/\/fashiongold.lt\/lv\/papuosalas\/zelta-krustins-ar-dimantiem-un-kedite-0-90-ct\/#breadcrumb"},"inLanguage":"lv-LV","potentialAction":[{"@type":"ReadAction","target":["https:\/\/fashiongold.lt\/lv\/papuosalas\/zelta-krustins-ar-dimantiem-un-kedite-0-90-ct\/"]}]},{"@type":"ImageObject","inLanguage":"lv-LV","@id":"https:\/\/fashiongold.lt\/lv\/papuosalas\/zelta-krustins-ar-dimantiem-un-kedite-0-90-ct\/#primaryimage","url":"https:\/\/fashiongold.lt\/wp-content\/uploads\/2025\/10\/21620-707-Balto-aukso-auksinis-kryzelis-su-deimantais-ir-grandinele-0.90-ct.png","contentUrl":"https:\/\/fashiongold.lt\/wp-content\/uploads\/2025\/10\/21620-707-Balto-aukso-auksinis-kryzelis-su-deimantais-ir-grandinele-0.90-ct.png","width":1000,"height":1000},{"@type":"BreadcrumbList","@id":"https:\/\/fashiongold.lt\/lv\/papuosalas\/zelta-krustins-ar-dimantiem-un-kedite-0-90-ct\/#breadcrumb","itemListElement":[{"@type":"ListItem","position":1,"name":"Home","item":"https:\/\/fashiongold.lt\/lv\/"},{"@type":"ListItem","position":2,"name":"Dimantu veikals Fashiongold.lt","item":"https:\/\/fashiongold.lt\/shop-2\/"},{"@type":"ListItem","position":3,"name":"Zelta krusti\u0146\u0161 ar dimantiem un \u0137\u0113d\u012bte (0.90 ct)"}]},{"@type":"WebSite","@id":"https:\/\/fashiongold.lt\/lv\/#website","url":"https:\/\/fashiongold.lt\/lv\/","name":"Fashion Gold","description":"Juvelyrikos namai","publisher":{"@id":"https:\/\/fashiongold.lt\/lv\/#organization"},"potentialAction":[{"@type":"SearchAction","target":{"@type":"EntryPoint","urlTemplate":"https:\/\/fashiongold.lt\/lv\/?s={search_term_string}"},"query-input":{"@type":"PropertyValueSpecification","valueRequired":true,"valueName":"search_term_string"}}],"inLanguage":"lv-LV"},{"@type":"Organization","@id":"https:\/\/fashiongold.lt\/lv\/#organization","name":"Topdiamonds Online","url":"https:\/\/fashiongold.lt\/lv\/","logo":{"@type":"ImageObject","inLanguage":"lv-LV","@id":"https:\/\/fashiongold.lt\/lv\/#\/schema\/logo\/image\/","url":"https:\/\/fashiongold.lt\/wp-content\/uploads\/2025\/04\/cropped-fashion_gold_logotipas2-scaled-1.png","contentUrl":"https:\/\/fashiongold.lt\/wp-content\/uploads\/2025\/04\/cropped-fashion_gold_logotipas2-scaled-1.png","width":2559,"height":421,"caption":"Topdiamonds Online"},"image":{"@id":"https:\/\/fashiongold.lt\/lv\/#\/schema\/logo\/image\/"}}]}},"_links":{"self":[{"href":"https:\/\/fashiongold.lt\/lv\/wp-json\/wp\/v2\/product\/274075","targetHints":{"allow":["GET"]}}],"collection":[{"href":"https:\/\/fashiongold.lt\/lv\/wp-json\/wp\/v2\/product"}],"about":[{"href":"https:\/\/fashiongold.lt\/lv\/wp-json\/wp\/v2\/types\/product"}],"version-history":[{"count":0,"href":"https:\/\/fashiongold.lt\/lv\/wp-json\/wp\/v2\/product\/274075\/revisions"}],"wp:featuredmedia":[{"embeddable":true,"href":"https:\/\/fashiongold.lt\/lv\/wp-json\/wp\/v2\/media\/252942"}],"wp:attachment":[{"href":"https:\/\/fashiongold.lt\/lv\/wp-json\/wp\/v2\/media?parent=274075"}],"wp:term":[{"taxonomy":"product_brand","embeddable":true,"href":"https:\/\/fashiongold.lt\/lv\/wp-json\/wp\/v2\/product_brand?post=274075"},{"taxonomy":"product_cat","embeddable":true,"href":"https:\/\/fashiongold.lt\/lv\/wp-json\/wp\/v2\/product_cat?post=274075"},{"taxonomy":"product_tag","embeddable":true,"href":"https:\/\/fashiongold.lt\/lv\/wp-json\/wp\/v2\/product_tag?post=274075"}],"curies":[{"name":"wp","href":"https:\/\/api.w.org\/{rel}","templated":true}]}}