{"id":274083,"date":"2025-10-24T01:29:02","date_gmt":"2025-10-24T01:29:02","guid":{"rendered":"https:\/\/fashiongold.lt\/papuosalas\/rubini-gredzens-ar-rubiniem-un-dimantiem-0-42-ct\/"},"modified":"2025-10-24T01:29:02","modified_gmt":"2025-10-24T01:29:02","slug":"rubini-gredzens-ar-rubiniem-un-dimantiem-0-42-ct","status":"publish","type":"product","link":"https:\/\/fashiongold.lt\/lv\/papuosalas\/rubini-gredzens-ar-rubiniem-un-dimantiem-0-42-ct\/","title":{"rendered":"Rub\u012bni &#8211; gredzens ar rub\u012bniem un dimantiem (0.42 ct)"},"content":{"rendered":"<p>Ra\u017eots V\u0101cij\u0101 no augstas kvalit\u0101tes d\u0101rgakme\u0146iem. Lieliska izv\u0113le stil\u012bgai sievietei. Rub\u012bna ma\u0123iskais sp\u0113ks \u2013 darbojas k\u0101 amulets vai talismans, sniedz \u012bpa\u0161niekam vesel\u012bbu, prieku, labkl\u0101j\u012bbu, laimi un pan\u0101kumus. Lielisks \u0123imenes aizsardz\u012bbas un m\u012blest\u012bbas talismans. Rub\u012bns ir piem\u0113rots Auniem, Dv\u012b\u0146iem, Lauv\u0101m, V\u0113r\u0161iem, V\u0113\u017eiem, Skorpioniem, Str\u0113lniekiem, Me\u017e\u0101\u017eiem, \u016adensv\u012briem un Ziv\u012bm.<\/p>\n<p>\u2022 Gredzena zelts: 18 kar\u0101ti (750 prove)\u00a0 \u00a0 \u00a0<\/p>\n<p>\u2022 Gredzena kr\u0101sa: baltais zelts\u00a0 \u00a0 \u00a0 \u00a0 \u00a0<\/p>\n<p>\u2022 Gredzena svars: aptuveni 1,80 &#8211; 3,00 g\u00a0 \u00a0 \u00a0 \u00a0 \u00a0<\/p>\n<p>\u2022 Dimanta veids: Dab\u012bgs dimants\u00a0 \u00a0 \u00a0 \u00a0<\/p>\n<p>\u2022 Dimanta forma: apa\u013ca forma (round shape)\u00a0 \u00a0 \u00a0 \u00a0<\/p>\n<p>\u2022 Dimanta raksturojums: 0,10 ct, kr\u0101sa G-H (RW-W); t\u012br\u012bba SI\u00a0 \u00a0 \u00a0 \u00a0<\/p>\n<p>\u2022 Centr\u0101lais akmens: apa\u013cas formas rub\u012bns &#8211; 0.32 ct\u00a0 \u00a0 \u00a0 \u00a0 \u00a0<\/p>\n<p>\u2022 Sertifik\u0101ts: Lietuvas Provju pal\u0101ta (LPR)\u00a0 \u00a0 \u00a0 \u00a0 \u00a0<\/p>\n<p>\u2022 Gredzena izm\u0113ri:\u00a0<\/p>\n<p>\u2022 Grav\u0113\u0161ana bez maksas\u00a0 \u00a0\u00a0<\/p>\n<p>\u2022 Vienreiz\u0113ja bezmaksas gredzena izm\u0113ra mai\u0146as garantija (p\u0113c iesp\u0113jas)\u00a0 \u00a0 \u00a0<\/p>\n<p>\u2022 Izgatavo\u0161anas un pieg\u0101des termi\u0146\u0161 no 14 darba dien\u0101m, steidzam\u012bbas k\u0101rt\u0101 3 d.d. laik\u0101.\u00a0 \u00a0<\/p>\n<p><strong>Jums ir savs zelts vai d\u0101rgakme\u0146i? Sazinieties ar mums, m\u0113s p\u0101rr\u0113\u0137in\u0101sim cenu &#8211; j\u016bs maks\u0101siet tikai par gredzena izgatavo\u0161anu.<\/strong><\/p>\n","protected":false},"excerpt":{"rendered":"<p>Dimantu josli\u0146a ar augst\u0101k\u0101s kvalit\u0101tes rub\u012bniem. Unik\u0101ls gredzens, kur\u0101 kop\u0113jais rub\u012bnu svars sasniedz 0,42 kar\u0101tus. Neatk\u0101rtojama izv\u0113le, kas izce\u013c stil\u012bgas deta\u013cas. Lieliska d\u0101vana stil\u012bgu rotaslietu cien\u012bt\u0101jiem.<\/p>\n","protected":false},"featured_media":252230,"template":"","meta":{"site-sidebar-layout":"","site-content-layout":"","ast-site-content-layout":"","site-content-style":"","site-sidebar-style":"","ast-global-header-display":"","ast-banner-title-visibility":"","ast-main-header-display":"","ast-hfb-above-header-display":"","ast-hfb-below-header-display":"","ast-hfb-mobile-header-display":"","site-post-title":"","ast-breadcrumbs-content":"","ast-featured-img":"","footer-sml-layout":"","ast-disable-related-posts":"","theme-transparent-header-meta":"","adv-header-id-meta":"","stick-header-meta":"","header-above-stick-meta":"","header-main-stick-meta":"","header-below-stick-meta":"","astra-migrate-meta-layouts":"default","ast-page-background-enabled":"default","ast-page-background-meta":{"desktop":{"background-color":"var(--ast-global-color-4)","background-image":"","background-repeat":"repeat","background-position":"center center","background-size":"auto","background-attachment":"scroll","background-type":"","background-media":"","overlay-type":"","overlay-color":"","overlay-opacity":"","overlay-gradient":""},"tablet":{"background-color":"","background-image":"","background-repeat":"repeat","background-position":"center center","background-size":"auto","background-attachment":"scroll","background-type":"","background-media":"","overlay-type":"","overlay-color":"","overlay-opacity":"","overlay-gradient":""},"mobile":{"background-color":"","background-image":"","background-repeat":"repeat","background-position":"center center","background-size":"auto","background-attachment":"scroll","background-type":"","background-media":"","overlay-type":"","overlay-color":"","overlay-opacity":"","overlay-gradient":""}},"ast-content-background-meta":{"desktop":{"background-color":"var(--ast-global-color-5)","background-image":"","background-repeat":"repeat","background-position":"center center","background-size":"auto","background-attachment":"scroll","background-type":"","background-media":"","overlay-type":"","overlay-color":"","overlay-opacity":"","overlay-gradient":""},"tablet":{"background-color":"var(--ast-global-color-5)","background-image":"","background-repeat":"repeat","background-position":"center center","background-size":"auto","background-attachment":"scroll","background-type":"","background-media":"","overlay-type":"","overlay-color":"","overlay-opacity":"","overlay-gradient":""},"mobile":{"background-color":"var(--ast-global-color-5)","background-image":"","background-repeat":"repeat","background-position":"center center","background-size":"auto","background-attachment":"scroll","background-type":"","background-media":"","overlay-type":"","overlay-color":"","overlay-opacity":"","overlay-gradient":""}}},"product_brand":[],"product_cat":[2919,2915,2913,2920,3403,2916,2914,2925,2926,2939,3565,2942,3042,3060,2922,3562,3439,3440,3563,3564,3616,2936,2918],"product_tag":[],"class_list":{"0":"post-274083","1":"product","2":"type-product","3":"status-publish","4":"has-post-thumbnail","6":"product_cat-baltzelta-rotaslietas","7":"product_cat-davanas-berna-piedzimsanai","8":"product_cat-davanas-dzimsanas-diena","9":"product_cat-davanas-izlaidumam","10":"product_cat-davanas-kazam","11":"product_cat-davanas-kazu-gadadiena","12":"product_cat-davanas-sievietem","13":"product_cat-dimanta-lentinas","14":"product_cat-dimanta-stipinas-lidz-pusei","15":"product_cat-gredzeni-ar-dargakmeniem","16":"product_cat-gredzeni-ar-rubiniem","17":"product_cat-gredzens-joslina-ar-dargakmeniem","18":"product_cat-juvelierizstradajumi","19":"product_cat-juvelierizstradajumi-ar-sarkaniem-dargakmeniem","20":"product_cat-mates-dienas-davanas","21":"product_cat-rubins-rotaslietas-ar-rubiniem","22":"product_cat-saderinasanas-gredzeni","23":"product_cat-saderinasanas-gredzeni-ar-dargakmeniem","24":"product_cat-saderinasanas-gredzens-ar-rubinu","25":"product_cat-sarkans-dargakmens","26":"product_cat-sieviesu-laulibu-gredzeni","27":"product_cat-valentindienas-davanas","28":"product_cat-ziemassvetku-davanas","29":"desktop-align-center","30":"tablet-align-left","31":"mobile-align-left","32":"ast-product-gallery-layout-horizontal-slider","33":"ast-product-gallery-with-no-image","34":"ast-product-single-variable","35":"ast-product-tabs-layout-accordion","36":"ast-qv-on-image","38":"first","39":"instock","40":"taxable","41":"shipping-taxable","42":"purchasable","43":"product-type-variable"},"yoast_head":"<!-- This site is optimized with the Yoast SEO plugin v26.6 - https:\/\/yoast.com\/wordpress\/plugins\/seo\/ -->\n<title>Rub\u012bni - gredzens ar rub\u012bniem un dimantiem (0.42 ct)<\/title>\n<meta name=\"description\" content=\"Dimanta st\u012bpi\u0146a ar augst\u0101k\u0101s kvalit\u0101tes rub\u012bniem, kop\u0113jais svars 0,42 kar\u0101ti. Ekskluz\u012bvs gredzens \u2013 stil\u012bgai sievietei, saderin\u0101\u0161anai un ikdienai.\" \/>\n<meta name=\"robots\" content=\"index, follow, max-snippet:-1, max-image-preview:large, max-video-preview:-1\" \/>\n<link rel=\"canonical\" href=\"https:\/\/fashiongold.lt\/lv\/papuosalas\/rubini-gredzens-ar-rubiniem-un-dimantiem-0-42-ct\/\" \/>\n<meta property=\"og:locale\" content=\"lv_LV\" \/>\n<meta property=\"og:type\" content=\"article\" \/>\n<meta property=\"og:title\" content=\"Rub\u012bni - gredzens ar rub\u012bniem un dimantiem (0.42 ct)\" \/>\n<meta property=\"og:description\" content=\"Dimanta st\u012bpi\u0146a ar augst\u0101k\u0101s kvalit\u0101tes rub\u012bniem, kop\u0113jais svars 0,42 kar\u0101ti. Ekskluz\u012bvs gredzens \u2013 stil\u012bgai sievietei, saderin\u0101\u0161anai un ikdienai.\" \/>\n<meta property=\"og:url\" content=\"https:\/\/fashiongold.lt\/lv\/papuosalas\/rubini-gredzens-ar-rubiniem-un-dimantiem-0-42-ct\/\" \/>\n<meta property=\"og:site_name\" content=\"FashionGold.lt\" \/>\n<meta property=\"og:image\" content=\"https:\/\/fashiongold.lt\/wp-content\/uploads\/2025\/10\/13308-ba2-Rubinai-ziedas-su-rubinais-ir-deimantais-0.42-ct-Baltas-auksas.webp\" \/>\n\t<meta property=\"og:image:width\" content=\"1000\" \/>\n\t<meta property=\"og:image:height\" content=\"1000\" \/>\n\t<meta property=\"og:image:type\" content=\"image\/png\" \/>\n<meta name=\"twitter:card\" content=\"summary_large_image\" \/>\n<meta name=\"twitter:label1\" content=\"Est. reading time\" \/>\n\t<meta name=\"twitter:data1\" content=\"1 minute\" \/>\n<script type=\"application\/ld+json\" class=\"yoast-schema-graph\">{\"@context\":\"https:\/\/schema.org\",\"@graph\":[{\"@type\":\"WebPage\",\"@id\":\"https:\/\/fashiongold.lt\/lv\/papuosalas\/rubini-gredzens-ar-rubiniem-un-dimantiem-0-42-ct\/\",\"url\":\"https:\/\/fashiongold.lt\/lv\/papuosalas\/rubini-gredzens-ar-rubiniem-un-dimantiem-0-42-ct\/\",\"name\":\"Rub\u012bni - gredzens ar rub\u012bniem un dimantiem (0.42 ct)\",\"isPartOf\":{\"@id\":\"https:\/\/fashiongold.lt\/lv\/#website\"},\"primaryImageOfPage\":{\"@id\":\"https:\/\/fashiongold.lt\/lv\/papuosalas\/rubini-gredzens-ar-rubiniem-un-dimantiem-0-42-ct\/#primaryimage\"},\"image\":{\"@id\":\"https:\/\/fashiongold.lt\/lv\/papuosalas\/rubini-gredzens-ar-rubiniem-un-dimantiem-0-42-ct\/#primaryimage\"},\"thumbnailUrl\":\"https:\/\/fashiongold.lt\/wp-content\/uploads\/2025\/10\/13308-ba2-Rubinai-ziedas-su-rubinais-ir-deimantais-0.42-ct-Baltas-auksas.png\",\"datePublished\":\"2025-10-24T01:29:02+00:00\",\"description\":\"Dimanta st\u012bpi\u0146a ar augst\u0101k\u0101s kvalit\u0101tes rub\u012bniem, kop\u0113jais svars 0,42 kar\u0101ti. Ekskluz\u012bvs gredzens \u2013 stil\u012bgai sievietei, saderin\u0101\u0161anai un ikdienai.\",\"breadcrumb\":{\"@id\":\"https:\/\/fashiongold.lt\/lv\/papuosalas\/rubini-gredzens-ar-rubiniem-un-dimantiem-0-42-ct\/#breadcrumb\"},\"inLanguage\":\"lv-LV\",\"potentialAction\":[{\"@type\":\"ReadAction\",\"target\":[\"https:\/\/fashiongold.lt\/lv\/papuosalas\/rubini-gredzens-ar-rubiniem-un-dimantiem-0-42-ct\/\"]}]},{\"@type\":\"ImageObject\",\"inLanguage\":\"lv-LV\",\"@id\":\"https:\/\/fashiongold.lt\/lv\/papuosalas\/rubini-gredzens-ar-rubiniem-un-dimantiem-0-42-ct\/#primaryimage\",\"url\":\"https:\/\/fashiongold.lt\/wp-content\/uploads\/2025\/10\/13308-ba2-Rubinai-ziedas-su-rubinais-ir-deimantais-0.42-ct-Baltas-auksas.png\",\"contentUrl\":\"https:\/\/fashiongold.lt\/wp-content\/uploads\/2025\/10\/13308-ba2-Rubinai-ziedas-su-rubinais-ir-deimantais-0.42-ct-Baltas-auksas.png\",\"width\":1000,\"height\":1000},{\"@type\":\"BreadcrumbList\",\"@id\":\"https:\/\/fashiongold.lt\/lv\/papuosalas\/rubini-gredzens-ar-rubiniem-un-dimantiem-0-42-ct\/#breadcrumb\",\"itemListElement\":[{\"@type\":\"ListItem\",\"position\":1,\"name\":\"Home\",\"item\":\"https:\/\/fashiongold.lt\/lv\/\"},{\"@type\":\"ListItem\",\"position\":2,\"name\":\"Dimantu veikals Fashiongold.lt\",\"item\":\"https:\/\/fashiongold.lt\/shop-2\/\"},{\"@type\":\"ListItem\",\"position\":3,\"name\":\"Rub\u012bni &#8211; gredzens ar rub\u012bniem un dimantiem (0.42 ct)\"}]},{\"@type\":\"WebSite\",\"@id\":\"https:\/\/fashiongold.lt\/lv\/#website\",\"url\":\"https:\/\/fashiongold.lt\/lv\/\",\"name\":\"Fashion Gold\",\"description\":\"Juvelyrikos namai\",\"publisher\":{\"@id\":\"https:\/\/fashiongold.lt\/lv\/#organization\"},\"potentialAction\":[{\"@type\":\"SearchAction\",\"target\":{\"@type\":\"EntryPoint\",\"urlTemplate\":\"https:\/\/fashiongold.lt\/lv\/?s={search_term_string}\"},\"query-input\":{\"@type\":\"PropertyValueSpecification\",\"valueRequired\":true,\"valueName\":\"search_term_string\"}}],\"inLanguage\":\"lv-LV\"},{\"@type\":\"Organization\",\"@id\":\"https:\/\/fashiongold.lt\/lv\/#organization\",\"name\":\"Topdiamonds Online\",\"url\":\"https:\/\/fashiongold.lt\/lv\/\",\"logo\":{\"@type\":\"ImageObject\",\"inLanguage\":\"lv-LV\",\"@id\":\"https:\/\/fashiongold.lt\/lv\/#\/schema\/logo\/image\/\",\"url\":\"https:\/\/fashiongold.lt\/wp-content\/uploads\/2025\/04\/cropped-fashion_gold_logotipas2-scaled-1.png\",\"contentUrl\":\"https:\/\/fashiongold.lt\/wp-content\/uploads\/2025\/04\/cropped-fashion_gold_logotipas2-scaled-1.png\",\"width\":2559,\"height\":421,\"caption\":\"Topdiamonds Online\"},\"image\":{\"@id\":\"https:\/\/fashiongold.lt\/lv\/#\/schema\/logo\/image\/\"}}]}<\/script>\n<!-- \/ Yoast SEO plugin. -->","yoast_head_json":{"title":"Rub\u012bni - gredzens ar rub\u012bniem un dimantiem (0.42 ct)","description":"Dimanta st\u012bpi\u0146a ar augst\u0101k\u0101s kvalit\u0101tes rub\u012bniem, kop\u0113jais svars 0,42 kar\u0101ti. Ekskluz\u012bvs gredzens \u2013 stil\u012bgai sievietei, saderin\u0101\u0161anai un ikdienai.","robots":{"index":"index","follow":"follow","max-snippet":"max-snippet:-1","max-image-preview":"max-image-preview:large","max-video-preview":"max-video-preview:-1"},"canonical":"https:\/\/fashiongold.lt\/lv\/papuosalas\/rubini-gredzens-ar-rubiniem-un-dimantiem-0-42-ct\/","og_locale":"lv_LV","og_type":"article","og_title":"Rub\u012bni - gredzens ar rub\u012bniem un dimantiem (0.42 ct)","og_description":"Dimanta st\u012bpi\u0146a ar augst\u0101k\u0101s kvalit\u0101tes rub\u012bniem, kop\u0113jais svars 0,42 kar\u0101ti. Ekskluz\u012bvs gredzens \u2013 stil\u012bgai sievietei, saderin\u0101\u0161anai un ikdienai.","og_url":"https:\/\/fashiongold.lt\/lv\/papuosalas\/rubini-gredzens-ar-rubiniem-un-dimantiem-0-42-ct\/","og_site_name":"FashionGold.lt","og_image":[{"width":1000,"height":1000,"url":"https:\/\/fashiongold.lt\/wp-content\/uploads\/2025\/10\/13308-ba2-Rubinai-ziedas-su-rubinais-ir-deimantais-0.42-ct-Baltas-auksas.webp","type":"image\/png"}],"twitter_card":"summary_large_image","twitter_misc":{"Est. reading time":"1 minute"},"schema":{"@context":"https:\/\/schema.org","@graph":[{"@type":"WebPage","@id":"https:\/\/fashiongold.lt\/lv\/papuosalas\/rubini-gredzens-ar-rubiniem-un-dimantiem-0-42-ct\/","url":"https:\/\/fashiongold.lt\/lv\/papuosalas\/rubini-gredzens-ar-rubiniem-un-dimantiem-0-42-ct\/","name":"Rub\u012bni - gredzens ar rub\u012bniem un dimantiem (0.42 ct)","isPartOf":{"@id":"https:\/\/fashiongold.lt\/lv\/#website"},"primaryImageOfPage":{"@id":"https:\/\/fashiongold.lt\/lv\/papuosalas\/rubini-gredzens-ar-rubiniem-un-dimantiem-0-42-ct\/#primaryimage"},"image":{"@id":"https:\/\/fashiongold.lt\/lv\/papuosalas\/rubini-gredzens-ar-rubiniem-un-dimantiem-0-42-ct\/#primaryimage"},"thumbnailUrl":"https:\/\/fashiongold.lt\/wp-content\/uploads\/2025\/10\/13308-ba2-Rubinai-ziedas-su-rubinais-ir-deimantais-0.42-ct-Baltas-auksas.png","datePublished":"2025-10-24T01:29:02+00:00","description":"Dimanta st\u012bpi\u0146a ar augst\u0101k\u0101s kvalit\u0101tes rub\u012bniem, kop\u0113jais svars 0,42 kar\u0101ti. Ekskluz\u012bvs gredzens \u2013 stil\u012bgai sievietei, saderin\u0101\u0161anai un ikdienai.","breadcrumb":{"@id":"https:\/\/fashiongold.lt\/lv\/papuosalas\/rubini-gredzens-ar-rubiniem-un-dimantiem-0-42-ct\/#breadcrumb"},"inLanguage":"lv-LV","potentialAction":[{"@type":"ReadAction","target":["https:\/\/fashiongold.lt\/lv\/papuosalas\/rubini-gredzens-ar-rubiniem-un-dimantiem-0-42-ct\/"]}]},{"@type":"ImageObject","inLanguage":"lv-LV","@id":"https:\/\/fashiongold.lt\/lv\/papuosalas\/rubini-gredzens-ar-rubiniem-un-dimantiem-0-42-ct\/#primaryimage","url":"https:\/\/fashiongold.lt\/wp-content\/uploads\/2025\/10\/13308-ba2-Rubinai-ziedas-su-rubinais-ir-deimantais-0.42-ct-Baltas-auksas.png","contentUrl":"https:\/\/fashiongold.lt\/wp-content\/uploads\/2025\/10\/13308-ba2-Rubinai-ziedas-su-rubinais-ir-deimantais-0.42-ct-Baltas-auksas.png","width":1000,"height":1000},{"@type":"BreadcrumbList","@id":"https:\/\/fashiongold.lt\/lv\/papuosalas\/rubini-gredzens-ar-rubiniem-un-dimantiem-0-42-ct\/#breadcrumb","itemListElement":[{"@type":"ListItem","position":1,"name":"Home","item":"https:\/\/fashiongold.lt\/lv\/"},{"@type":"ListItem","position":2,"name":"Dimantu veikals Fashiongold.lt","item":"https:\/\/fashiongold.lt\/shop-2\/"},{"@type":"ListItem","position":3,"name":"Rub\u012bni &#8211; gredzens ar rub\u012bniem un dimantiem (0.42 ct)"}]},{"@type":"WebSite","@id":"https:\/\/fashiongold.lt\/lv\/#website","url":"https:\/\/fashiongold.lt\/lv\/","name":"Fashion Gold","description":"Juvelyrikos namai","publisher":{"@id":"https:\/\/fashiongold.lt\/lv\/#organization"},"potentialAction":[{"@type":"SearchAction","target":{"@type":"EntryPoint","urlTemplate":"https:\/\/fashiongold.lt\/lv\/?s={search_term_string}"},"query-input":{"@type":"PropertyValueSpecification","valueRequired":true,"valueName":"search_term_string"}}],"inLanguage":"lv-LV"},{"@type":"Organization","@id":"https:\/\/fashiongold.lt\/lv\/#organization","name":"Topdiamonds Online","url":"https:\/\/fashiongold.lt\/lv\/","logo":{"@type":"ImageObject","inLanguage":"lv-LV","@id":"https:\/\/fashiongold.lt\/lv\/#\/schema\/logo\/image\/","url":"https:\/\/fashiongold.lt\/wp-content\/uploads\/2025\/04\/cropped-fashion_gold_logotipas2-scaled-1.png","contentUrl":"https:\/\/fashiongold.lt\/wp-content\/uploads\/2025\/04\/cropped-fashion_gold_logotipas2-scaled-1.png","width":2559,"height":421,"caption":"Topdiamonds Online"},"image":{"@id":"https:\/\/fashiongold.lt\/lv\/#\/schema\/logo\/image\/"}}]}},"_links":{"self":[{"href":"https:\/\/fashiongold.lt\/lv\/wp-json\/wp\/v2\/product\/274083","targetHints":{"allow":["GET"]}}],"collection":[{"href":"https:\/\/fashiongold.lt\/lv\/wp-json\/wp\/v2\/product"}],"about":[{"href":"https:\/\/fashiongold.lt\/lv\/wp-json\/wp\/v2\/types\/product"}],"version-history":[{"count":0,"href":"https:\/\/fashiongold.lt\/lv\/wp-json\/wp\/v2\/product\/274083\/revisions"}],"wp:featuredmedia":[{"embeddable":true,"href":"https:\/\/fashiongold.lt\/lv\/wp-json\/wp\/v2\/media\/252230"}],"wp:attachment":[{"href":"https:\/\/fashiongold.lt\/lv\/wp-json\/wp\/v2\/media?parent=274083"}],"wp:term":[{"taxonomy":"product_brand","embeddable":true,"href":"https:\/\/fashiongold.lt\/lv\/wp-json\/wp\/v2\/product_brand?post=274083"},{"taxonomy":"product_cat","embeddable":true,"href":"https:\/\/fashiongold.lt\/lv\/wp-json\/wp\/v2\/product_cat?post=274083"},{"taxonomy":"product_tag","embeddable":true,"href":"https:\/\/fashiongold.lt\/lv\/wp-json\/wp\/v2\/product_tag?post=274083"}],"curies":[{"name":"wp","href":"https:\/\/api.w.org\/{rel}","templated":true}]}}