{"id":274096,"date":"2025-10-24T00:23:42","date_gmt":"2025-10-24T00:23:42","guid":{"rendered":"https:\/\/fashiongold.lt\/papuosalas\/london-blue-topazs-balta-zelta-gredzens-ar-cushion-london-blue-topazu-un-dimantiem-3-66-ct\/"},"modified":"2025-10-24T00:23:42","modified_gmt":"2025-10-24T00:23:42","slug":"london-blue-topazs-balta-zelta-gredzens-ar-cushion-london-blue-topazu-un-dimantiem-3-66-ct","status":"publish","type":"product","link":"https:\/\/fashiongold.lt\/lv\/papuosalas\/london-blue-topazs-balta-zelta-gredzens-ar-cushion-london-blue-topazu-un-dimantiem-3-66-ct\/","title":{"rendered":"London Blue top\u0101zs &#8211; balt\u0101 zelta gredzens ar cushion London Blue top\u0101zu un dimantiem (3.66 ct)"},"content":{"rendered":"<p>Izgatavots V\u0101cij\u0101 no augstas kvalit\u0101tes d\u0101rgakme\u0146iem. Lieliska izv\u0113le stil\u012bgai sievietei. Top\u0101za ma\u0123iskais sp\u0113ks \u2013 iedarbojas k\u0101 amulets vai talismans, nes mieru, gudr\u012bbu un labest\u012bbu, tas ir m\u012blest\u012bbas akmens. Tas padara savu \u012bpa\u0161nieku par optimistu, pal\u012bdz baud\u012bt dz\u012bvi un just iek\u0161\u0113ju mieru. Top\u0101zs ir piem\u0113rots Lauv\u0101m, Str\u0113lniekiem un Skorpioniem.\u00a0<\/p>\n<p>\u2022 Gredzena zelts: 18 kar\u0101ti (750 prove)\u00a0 \u00a0<\/p>\n<p>\u2022 Gredzena kr\u0101sa: dzeltenais zelts\u00a0 \u00a0 \u00a0 \u00a0<\/p>\n<p>\u2022 Gredzena svars: aptuveni 3,20 &#8211; 4,00 g\u00a0 \u00a0 \u00a0<\/p>\n<p>\u2022 Dimanta veids: Dab\u012bgs dimants\u00a0 \u00a0<\/p>\n<p>\u2022 Dimanta forma: Apa\u013ca forma (Round cut)\u00a0 \u00a0<\/p>\n<p>\u2022 Dimanta raksturojums: 0,21 ct, kr\u0101sa G-H (RW-W); t\u012br\u012bba SI\u00a0 \u00a0<\/p>\n<p>\u2022 Centr\u0101lais akmens: kvadr\u0101tveida London Blue top\u0101zs &#8211; 3,45 ct\u00a0 \u00a0 \u00a0<\/p>\n<p>\u2022 Sertifik\u0101ts: Lietuvas Proves birojs (LPR)\u00a0 \u00a0 \u00a0<\/p>\n<p>\u2022 Gredzena izm\u0113ri: augstums 11,50 mm, platums 11,30 mm\u00a0<\/p>\n<p>\u2022 Grav\u0113\u0161ana bez maksas\u00a0 \u00a0<\/p>\n<p>\u2022 Vienreiz\u0113ja bezmaksas gredzena izm\u0113ra mai\u0146as garantija\u00a0 \u00a0<\/p>\n<p>\u2022 Izgatavo\u0161anas un pieg\u0101des termi\u0146\u0161 no 14 darba dien\u0101m, steidzam\u012bbas k\u0101rt\u0101 3 darba dienu laik\u0101.\u00a0 \u00a0<\/p>\n<p>Jums ir savs zelts? Sazinieties ar mums, m\u0113s p\u0101rr\u0113\u0137in\u0101sim cenu \u2013 j\u016bs maks\u0101siet tikai par gredzena izgatavo\u0161anu.<\/p><\/p>\n","protected":false},"excerpt":{"rendered":"<p>Ekskluz\u012bva dizaina balt\u0101 zelta gredzens ar iespaid\u012bgu 3.45 kar\u0101tu kvadr\u0101tveida London Blue top\u0101zu un dimantiem ap top\u0101zu. Ekskluz\u012bvs gredzens &#8211; stil\u012bgai sievietei.<\/p>\n","protected":false},"featured_media":250432,"template":"","meta":{"site-sidebar-layout":"","site-content-layout":"","ast-site-content-layout":"","site-content-style":"","site-sidebar-style":"","ast-global-header-display":"","ast-banner-title-visibility":"","ast-main-header-display":"","ast-hfb-above-header-display":"","ast-hfb-below-header-display":"","ast-hfb-mobile-header-display":"","site-post-title":"","ast-breadcrumbs-content":"","ast-featured-img":"","footer-sml-layout":"","ast-disable-related-posts":"","theme-transparent-header-meta":"","adv-header-id-meta":"","stick-header-meta":"","header-above-stick-meta":"","header-main-stick-meta":"","header-below-stick-meta":"","astra-migrate-meta-layouts":"default","ast-page-background-enabled":"default","ast-page-background-meta":{"desktop":{"background-color":"var(--ast-global-color-4)","background-image":"","background-repeat":"repeat","background-position":"center center","background-size":"auto","background-attachment":"scroll","background-type":"","background-media":"","overlay-type":"","overlay-color":"","overlay-opacity":"","overlay-gradient":""},"tablet":{"background-color":"","background-image":"","background-repeat":"repeat","background-position":"center center","background-size":"auto","background-attachment":"scroll","background-type":"","background-media":"","overlay-type":"","overlay-color":"","overlay-opacity":"","overlay-gradient":""},"mobile":{"background-color":"","background-image":"","background-repeat":"repeat","background-position":"center center","background-size":"auto","background-attachment":"scroll","background-type":"","background-media":"","overlay-type":"","overlay-color":"","overlay-opacity":"","overlay-gradient":""}},"ast-content-background-meta":{"desktop":{"background-color":"var(--ast-global-color-5)","background-image":"","background-repeat":"repeat","background-position":"center center","background-size":"auto","background-attachment":"scroll","background-type":"","background-media":"","overlay-type":"","overlay-color":"","overlay-opacity":"","overlay-gradient":""},"tablet":{"background-color":"var(--ast-global-color-5)","background-image":"","background-repeat":"repeat","background-position":"center center","background-size":"auto","background-attachment":"scroll","background-type":"","background-media":"","overlay-type":"","overlay-color":"","overlay-opacity":"","overlay-gradient":""},"mobile":{"background-color":"var(--ast-global-color-5)","background-image":"","background-repeat":"repeat","background-position":"center center","background-size":"auto","background-attachment":"scroll","background-type":"","background-media":"","overlay-type":"","overlay-color":"","overlay-opacity":"","overlay-gradient":""}}},"product_brand":[],"product_cat":[2919,2915,2913,2921,2920,3403,2916,2914,2939,3042,2938,2922,2937,2936,2918,3402],"product_tag":[],"class_list":{"0":"post-274096","1":"product","2":"type-product","3":"status-publish","4":"has-post-thumbnail","6":"product_cat-baltzelta-rotaslietas","7":"product_cat-davanas-berna-piedzimsanai","8":"product_cat-davanas-dzimsanas-diena","9":"product_cat-davanas-ipasiem-gadijumiem","10":"product_cat-davanas-izlaidumam","11":"product_cat-davanas-kazam","12":"product_cat-davanas-kazu-gadadiena","13":"product_cat-davanas-sievietem","14":"product_cat-gredzeni-ar-dargakmeniem","15":"product_cat-juvelierizstradajumi","16":"product_cat-juvelierizstradajumi-ar-ziliem-dargakmeniem","17":"product_cat-mates-dienas-davanas","18":"product_cat-rotaslietas-ar-pusdargakmeniem","19":"product_cat-valentindienas-davanas","20":"product_cat-ziemassvetku-davanas","21":"product_cat-zils-dargakmens","22":"desktop-align-center","23":"tablet-align-left","24":"mobile-align-left","25":"ast-product-gallery-layout-horizontal-slider","26":"ast-product-gallery-with-no-image","27":"ast-product-single-variable","28":"ast-product-tabs-layout-accordion","29":"ast-qv-on-image","31":"first","32":"instock","33":"taxable","34":"shipping-taxable","35":"purchasable","36":"product-type-variable"},"yoast_head":"<!-- This site is optimized with the Yoast SEO plugin v26.6 - https:\/\/yoast.com\/wordpress\/plugins\/seo\/ -->\n<title>London Blue top\u0101zs - zelta gredzens ar top\u0101zu un dimantiem<\/title>\n<meta name=\"description\" content=\"Ekskluz\u012bva dizaina balt\u0101 zelta gredzens ar iespaid\u012bgu taisnst\u016bra formas London Blue top\u0101zu un dimantiem. Ekskluz\u012bvs gredzens - stil\u012bgai sievietei.\" \/>\n<meta name=\"robots\" content=\"index, follow, max-snippet:-1, max-image-preview:large, max-video-preview:-1\" \/>\n<link rel=\"canonical\" href=\"https:\/\/fashiongold.lt\/lv\/papuosalas\/london-blue-topazs-balta-zelta-gredzens-ar-cushion-london-blue-topazu-un-dimantiem-3-66-ct\/\" \/>\n<meta property=\"og:locale\" content=\"lv_LV\" \/>\n<meta property=\"og:type\" content=\"article\" \/>\n<meta property=\"og:title\" content=\"London Blue top\u0101zs - zelta gredzens ar top\u0101zu un dimantiem\" \/>\n<meta property=\"og:description\" content=\"Ekskluz\u012bva dizaina balt\u0101 zelta gredzens ar iespaid\u012bgu taisnst\u016bra formas London Blue top\u0101zu un dimantiem. Ekskluz\u012bvs gredzens - stil\u012bgai sievietei.\" \/>\n<meta property=\"og:url\" content=\"https:\/\/fashiongold.lt\/lv\/papuosalas\/london-blue-topazs-balta-zelta-gredzens-ar-cushion-london-blue-topazu-un-dimantiem-3-66-ct\/\" \/>\n<meta property=\"og:site_name\" content=\"FashionGold.lt\" \/>\n<meta property=\"og:image\" content=\"https:\/\/fashiongold.lt\/wp-content\/uploads\/2025\/10\/11553-740-London-Blue-Topazas-balto-aukso-ziedas-su-cushion-London-Blue-topazu-ir-deimantais.webp\" \/>\n\t<meta property=\"og:image:width\" content=\"1000\" \/>\n\t<meta property=\"og:image:height\" content=\"1000\" \/>\n\t<meta property=\"og:image:type\" content=\"image\/png\" \/>\n<meta name=\"twitter:card\" content=\"summary_large_image\" \/>\n<meta name=\"twitter:label1\" content=\"Est. reading time\" \/>\n\t<meta name=\"twitter:data1\" content=\"1 minute\" \/>\n<script type=\"application\/ld+json\" class=\"yoast-schema-graph\">{\"@context\":\"https:\/\/schema.org\",\"@graph\":[{\"@type\":\"WebPage\",\"@id\":\"https:\/\/fashiongold.lt\/lv\/papuosalas\/london-blue-topazs-balta-zelta-gredzens-ar-cushion-london-blue-topazu-un-dimantiem-3-66-ct\/\",\"url\":\"https:\/\/fashiongold.lt\/lv\/papuosalas\/london-blue-topazs-balta-zelta-gredzens-ar-cushion-london-blue-topazu-un-dimantiem-3-66-ct\/\",\"name\":\"London Blue top\u0101zs - zelta gredzens ar top\u0101zu un dimantiem\",\"isPartOf\":{\"@id\":\"https:\/\/fashiongold.lt\/lv\/#website\"},\"primaryImageOfPage\":{\"@id\":\"https:\/\/fashiongold.lt\/lv\/papuosalas\/london-blue-topazs-balta-zelta-gredzens-ar-cushion-london-blue-topazu-un-dimantiem-3-66-ct\/#primaryimage\"},\"image\":{\"@id\":\"https:\/\/fashiongold.lt\/lv\/papuosalas\/london-blue-topazs-balta-zelta-gredzens-ar-cushion-london-blue-topazu-un-dimantiem-3-66-ct\/#primaryimage\"},\"thumbnailUrl\":\"https:\/\/fashiongold.lt\/wp-content\/uploads\/2025\/10\/11553-740-London-Blue-Topazas-balto-aukso-ziedas-su-cushion-London-Blue-topazu-ir-deimantais.png\",\"datePublished\":\"2025-10-24T00:23:42+00:00\",\"description\":\"Ekskluz\u012bva dizaina balt\u0101 zelta gredzens ar iespaid\u012bgu taisnst\u016bra formas London Blue top\u0101zu un dimantiem. Ekskluz\u012bvs gredzens - stil\u012bgai sievietei.\",\"breadcrumb\":{\"@id\":\"https:\/\/fashiongold.lt\/lv\/papuosalas\/london-blue-topazs-balta-zelta-gredzens-ar-cushion-london-blue-topazu-un-dimantiem-3-66-ct\/#breadcrumb\"},\"inLanguage\":\"lv-LV\",\"potentialAction\":[{\"@type\":\"ReadAction\",\"target\":[\"https:\/\/fashiongold.lt\/lv\/papuosalas\/london-blue-topazs-balta-zelta-gredzens-ar-cushion-london-blue-topazu-un-dimantiem-3-66-ct\/\"]}]},{\"@type\":\"ImageObject\",\"inLanguage\":\"lv-LV\",\"@id\":\"https:\/\/fashiongold.lt\/lv\/papuosalas\/london-blue-topazs-balta-zelta-gredzens-ar-cushion-london-blue-topazu-un-dimantiem-3-66-ct\/#primaryimage\",\"url\":\"https:\/\/fashiongold.lt\/wp-content\/uploads\/2025\/10\/11553-740-London-Blue-Topazas-balto-aukso-ziedas-su-cushion-London-Blue-topazu-ir-deimantais.png\",\"contentUrl\":\"https:\/\/fashiongold.lt\/wp-content\/uploads\/2025\/10\/11553-740-London-Blue-Topazas-balto-aukso-ziedas-su-cushion-London-Blue-topazu-ir-deimantais.png\",\"width\":1000,\"height\":1000},{\"@type\":\"BreadcrumbList\",\"@id\":\"https:\/\/fashiongold.lt\/lv\/papuosalas\/london-blue-topazs-balta-zelta-gredzens-ar-cushion-london-blue-topazu-un-dimantiem-3-66-ct\/#breadcrumb\",\"itemListElement\":[{\"@type\":\"ListItem\",\"position\":1,\"name\":\"Home\",\"item\":\"https:\/\/fashiongold.lt\/lv\/\"},{\"@type\":\"ListItem\",\"position\":2,\"name\":\"Dimantu veikals Fashiongold.lt\",\"item\":\"https:\/\/fashiongold.lt\/shop-2\/\"},{\"@type\":\"ListItem\",\"position\":3,\"name\":\"London Blue top\u0101zs &#8211; balt\u0101 zelta gredzens ar cushion London Blue top\u0101zu un dimantiem (3.66 ct)\"}]},{\"@type\":\"WebSite\",\"@id\":\"https:\/\/fashiongold.lt\/lv\/#website\",\"url\":\"https:\/\/fashiongold.lt\/lv\/\",\"name\":\"Fashion Gold\",\"description\":\"Juvelyrikos namai\",\"publisher\":{\"@id\":\"https:\/\/fashiongold.lt\/lv\/#organization\"},\"potentialAction\":[{\"@type\":\"SearchAction\",\"target\":{\"@type\":\"EntryPoint\",\"urlTemplate\":\"https:\/\/fashiongold.lt\/lv\/?s={search_term_string}\"},\"query-input\":{\"@type\":\"PropertyValueSpecification\",\"valueRequired\":true,\"valueName\":\"search_term_string\"}}],\"inLanguage\":\"lv-LV\"},{\"@type\":\"Organization\",\"@id\":\"https:\/\/fashiongold.lt\/lv\/#organization\",\"name\":\"Topdiamonds Online\",\"url\":\"https:\/\/fashiongold.lt\/lv\/\",\"logo\":{\"@type\":\"ImageObject\",\"inLanguage\":\"lv-LV\",\"@id\":\"https:\/\/fashiongold.lt\/lv\/#\/schema\/logo\/image\/\",\"url\":\"https:\/\/fashiongold.lt\/wp-content\/uploads\/2025\/04\/cropped-fashion_gold_logotipas2-scaled-1.png\",\"contentUrl\":\"https:\/\/fashiongold.lt\/wp-content\/uploads\/2025\/04\/cropped-fashion_gold_logotipas2-scaled-1.png\",\"width\":2559,\"height\":421,\"caption\":\"Topdiamonds Online\"},\"image\":{\"@id\":\"https:\/\/fashiongold.lt\/lv\/#\/schema\/logo\/image\/\"}}]}<\/script>\n<!-- \/ Yoast SEO plugin. -->","yoast_head_json":{"title":"London Blue top\u0101zs - zelta gredzens ar top\u0101zu un dimantiem","description":"Ekskluz\u012bva dizaina balt\u0101 zelta gredzens ar iespaid\u012bgu taisnst\u016bra formas London Blue top\u0101zu un dimantiem. Ekskluz\u012bvs gredzens - stil\u012bgai sievietei.","robots":{"index":"index","follow":"follow","max-snippet":"max-snippet:-1","max-image-preview":"max-image-preview:large","max-video-preview":"max-video-preview:-1"},"canonical":"https:\/\/fashiongold.lt\/lv\/papuosalas\/london-blue-topazs-balta-zelta-gredzens-ar-cushion-london-blue-topazu-un-dimantiem-3-66-ct\/","og_locale":"lv_LV","og_type":"article","og_title":"London Blue top\u0101zs - zelta gredzens ar top\u0101zu un dimantiem","og_description":"Ekskluz\u012bva dizaina balt\u0101 zelta gredzens ar iespaid\u012bgu taisnst\u016bra formas London Blue top\u0101zu un dimantiem. Ekskluz\u012bvs gredzens - stil\u012bgai sievietei.","og_url":"https:\/\/fashiongold.lt\/lv\/papuosalas\/london-blue-topazs-balta-zelta-gredzens-ar-cushion-london-blue-topazu-un-dimantiem-3-66-ct\/","og_site_name":"FashionGold.lt","og_image":[{"width":1000,"height":1000,"url":"https:\/\/fashiongold.lt\/wp-content\/uploads\/2025\/10\/11553-740-London-Blue-Topazas-balto-aukso-ziedas-su-cushion-London-Blue-topazu-ir-deimantais.webp","type":"image\/png"}],"twitter_card":"summary_large_image","twitter_misc":{"Est. reading time":"1 minute"},"schema":{"@context":"https:\/\/schema.org","@graph":[{"@type":"WebPage","@id":"https:\/\/fashiongold.lt\/lv\/papuosalas\/london-blue-topazs-balta-zelta-gredzens-ar-cushion-london-blue-topazu-un-dimantiem-3-66-ct\/","url":"https:\/\/fashiongold.lt\/lv\/papuosalas\/london-blue-topazs-balta-zelta-gredzens-ar-cushion-london-blue-topazu-un-dimantiem-3-66-ct\/","name":"London Blue top\u0101zs - zelta gredzens ar top\u0101zu un dimantiem","isPartOf":{"@id":"https:\/\/fashiongold.lt\/lv\/#website"},"primaryImageOfPage":{"@id":"https:\/\/fashiongold.lt\/lv\/papuosalas\/london-blue-topazs-balta-zelta-gredzens-ar-cushion-london-blue-topazu-un-dimantiem-3-66-ct\/#primaryimage"},"image":{"@id":"https:\/\/fashiongold.lt\/lv\/papuosalas\/london-blue-topazs-balta-zelta-gredzens-ar-cushion-london-blue-topazu-un-dimantiem-3-66-ct\/#primaryimage"},"thumbnailUrl":"https:\/\/fashiongold.lt\/wp-content\/uploads\/2025\/10\/11553-740-London-Blue-Topazas-balto-aukso-ziedas-su-cushion-London-Blue-topazu-ir-deimantais.png","datePublished":"2025-10-24T00:23:42+00:00","description":"Ekskluz\u012bva dizaina balt\u0101 zelta gredzens ar iespaid\u012bgu taisnst\u016bra formas London Blue top\u0101zu un dimantiem. Ekskluz\u012bvs gredzens - stil\u012bgai sievietei.","breadcrumb":{"@id":"https:\/\/fashiongold.lt\/lv\/papuosalas\/london-blue-topazs-balta-zelta-gredzens-ar-cushion-london-blue-topazu-un-dimantiem-3-66-ct\/#breadcrumb"},"inLanguage":"lv-LV","potentialAction":[{"@type":"ReadAction","target":["https:\/\/fashiongold.lt\/lv\/papuosalas\/london-blue-topazs-balta-zelta-gredzens-ar-cushion-london-blue-topazu-un-dimantiem-3-66-ct\/"]}]},{"@type":"ImageObject","inLanguage":"lv-LV","@id":"https:\/\/fashiongold.lt\/lv\/papuosalas\/london-blue-topazs-balta-zelta-gredzens-ar-cushion-london-blue-topazu-un-dimantiem-3-66-ct\/#primaryimage","url":"https:\/\/fashiongold.lt\/wp-content\/uploads\/2025\/10\/11553-740-London-Blue-Topazas-balto-aukso-ziedas-su-cushion-London-Blue-topazu-ir-deimantais.png","contentUrl":"https:\/\/fashiongold.lt\/wp-content\/uploads\/2025\/10\/11553-740-London-Blue-Topazas-balto-aukso-ziedas-su-cushion-London-Blue-topazu-ir-deimantais.png","width":1000,"height":1000},{"@type":"BreadcrumbList","@id":"https:\/\/fashiongold.lt\/lv\/papuosalas\/london-blue-topazs-balta-zelta-gredzens-ar-cushion-london-blue-topazu-un-dimantiem-3-66-ct\/#breadcrumb","itemListElement":[{"@type":"ListItem","position":1,"name":"Home","item":"https:\/\/fashiongold.lt\/lv\/"},{"@type":"ListItem","position":2,"name":"Dimantu veikals Fashiongold.lt","item":"https:\/\/fashiongold.lt\/shop-2\/"},{"@type":"ListItem","position":3,"name":"London Blue top\u0101zs &#8211; balt\u0101 zelta gredzens ar cushion London Blue top\u0101zu un dimantiem (3.66 ct)"}]},{"@type":"WebSite","@id":"https:\/\/fashiongold.lt\/lv\/#website","url":"https:\/\/fashiongold.lt\/lv\/","name":"Fashion Gold","description":"Juvelyrikos namai","publisher":{"@id":"https:\/\/fashiongold.lt\/lv\/#organization"},"potentialAction":[{"@type":"SearchAction","target":{"@type":"EntryPoint","urlTemplate":"https:\/\/fashiongold.lt\/lv\/?s={search_term_string}"},"query-input":{"@type":"PropertyValueSpecification","valueRequired":true,"valueName":"search_term_string"}}],"inLanguage":"lv-LV"},{"@type":"Organization","@id":"https:\/\/fashiongold.lt\/lv\/#organization","name":"Topdiamonds Online","url":"https:\/\/fashiongold.lt\/lv\/","logo":{"@type":"ImageObject","inLanguage":"lv-LV","@id":"https:\/\/fashiongold.lt\/lv\/#\/schema\/logo\/image\/","url":"https:\/\/fashiongold.lt\/wp-content\/uploads\/2025\/04\/cropped-fashion_gold_logotipas2-scaled-1.png","contentUrl":"https:\/\/fashiongold.lt\/wp-content\/uploads\/2025\/04\/cropped-fashion_gold_logotipas2-scaled-1.png","width":2559,"height":421,"caption":"Topdiamonds Online"},"image":{"@id":"https:\/\/fashiongold.lt\/lv\/#\/schema\/logo\/image\/"}}]}},"_links":{"self":[{"href":"https:\/\/fashiongold.lt\/lv\/wp-json\/wp\/v2\/product\/274096","targetHints":{"allow":["GET"]}}],"collection":[{"href":"https:\/\/fashiongold.lt\/lv\/wp-json\/wp\/v2\/product"}],"about":[{"href":"https:\/\/fashiongold.lt\/lv\/wp-json\/wp\/v2\/types\/product"}],"version-history":[{"count":0,"href":"https:\/\/fashiongold.lt\/lv\/wp-json\/wp\/v2\/product\/274096\/revisions"}],"wp:featuredmedia":[{"embeddable":true,"href":"https:\/\/fashiongold.lt\/lv\/wp-json\/wp\/v2\/media\/250432"}],"wp:attachment":[{"href":"https:\/\/fashiongold.lt\/lv\/wp-json\/wp\/v2\/media?parent=274096"}],"wp:term":[{"taxonomy":"product_brand","embeddable":true,"href":"https:\/\/fashiongold.lt\/lv\/wp-json\/wp\/v2\/product_brand?post=274096"},{"taxonomy":"product_cat","embeddable":true,"href":"https:\/\/fashiongold.lt\/lv\/wp-json\/wp\/v2\/product_cat?post=274096"},{"taxonomy":"product_tag","embeddable":true,"href":"https:\/\/fashiongold.lt\/lv\/wp-json\/wp\/v2\/product_tag?post=274096"}],"curies":[{"name":"wp","href":"https:\/\/api.w.org\/{rel}","templated":true}]}}