{"id":274124,"date":"2025-12-27T10:27:36","date_gmt":"2025-12-27T10:27:36","guid":{"rendered":"https:\/\/fashiongold.lt\/papuosalas\/tanzaniti-auskari-ar-tanzanitiem-un-dimantiem-ai-juvelieris\/"},"modified":"2025-12-27T10:27:36","modified_gmt":"2025-12-27T10:27:36","slug":"tanzaniti-auskari-ar-tanzanitiem-un-dimantiem-ai-juvelieris","status":"publish","type":"product","link":"https:\/\/fashiongold.lt\/lv\/papuosalas\/tanzaniti-auskari-ar-tanzanitiem-un-dimantiem-ai-juvelieris\/","title":{"rendered":"Tanzan\u012bti &#8211; Auskari ar tanzan\u012btiem un dimantiem. AI Juvelieris"},"content":{"rendered":"<h3 data-start=\"192\" data-end=\"289\">AI juvelieris: auskari ar zilu tanzan\u012btu \u2013 izgatavo\u0161ana p\u0113c individu\u0101la projekta<\/h3>\n<p data-start=\"291\" data-end=\"642\">Auskari ar zilu tanzan\u012btu ir juveliera izstr\u0101d\u0101ts un izgatavots individu\u0101ls projekts, kur\u0101 katra deta\u013ca ir p\u0101rdom\u0101ta, \u0146emot v\u0113r\u0101 izv\u0113l\u0113to d\u0101rgakmeni \u2013 zilas kr\u0101sas tanzan\u012btu. Tas nav s\u0113rijveida izstr\u0101d\u0101jums \u2013 t\u0101 ir \u012bsta juvelierizstr\u0101d\u0101jumu ra\u017eo\u0161ana, kas s\u0101kas ar ideju un beidzas ar rok\u0101m darin\u0101tiem, unik\u0101liem auskariem.<\/p>\n<p data-start=\"644\" data-end=\"1121\">Projekt\u0113jot auskarus, juvelieris vispirms nov\u0113rt\u0113 zil\u0101 tanzan\u012bta \u012bpa\u0161\u012bbas \u2013 t\u0101 zilo toni, caursp\u012bd\u012bgumu, formu un proporcijas. Tie\u0161i p\u0113c konkr\u0113t\u0101 zil\u0101 tanzan\u012bta akmens tiek veidots viss dizains: auskaru forma, kro\u0146a augstums, halo dimantu izk\u0101rtojums, kop\u0113j\u0101s proporcijas un l\u012bdzsvars. Katrs auskaru p\u0101ris prasa \u012bpa\u0161i r\u016bp\u012bgu un profesion\u0101lu darbu, lai sasniegtu perfektu est\u0113tikas, \u0113rtuma un ilgm\u016b\u017e\u012bbas kombin\u0101ciju.<\/p>\n<p data-start=\"1123\" data-end=\"1193\">Auskari tiek izgatavoti p\u0113c individu\u0101la pas\u016bt\u012bjuma, t\u0101p\u0113c varam piel\u0101got:<\/p>\n<ul data-start=\"997\" data-end=\"1252\">\n<li data-start=\"997\" data-end=\"1056\">\n<p data-start=\"999\" data-end=\"1056\">jebkuru zelta kr\u0101su (balto, dzelteno vai sarkano),<\/p>\n<\/li>\n<li data-start=\"1057\" data-end=\"1103\">\n<p data-start=\"1059\" data-end=\"1103\">izv\u0113l\u0113to zelta <a href=\"https:\/\/fashiongold.lt\/lv\/patarimai-lv\/zelta-prove-juvelierizstradajumiem-ka-izveleties-piemerotako\/\">provi<\/a> \u2013 585 vai 750,<\/p>\n<\/li>\n<li data-start=\"1104\" data-end=\"1152\">\n<p data-start=\"1106\" data-end=\"1152\">da\u017e\u0101du dimantu izm\u0113ru un to izk\u0101rtojumu,<\/p>\n<\/li>\n<li data-start=\"1153\" data-end=\"1252\">\n<p data-start=\"1155\" data-end=\"1252\">individu\u0101lu zil\u0101 tanzan\u012bta<span style=\"font-size: 16px;\"> toni \u2013 no maigi zilgani violeta l\u012bdz pies\u0101tin\u0101tam karaliski zilam vai zili violetam tonim.<\/span><\/p>\n<\/li>\n<\/ul>\n<p data-start=\"1254\" data-end=\"1449\">Izv\u0113loties auskarus p\u0113c individu\u0101la projekta, svar\u012bg\u0101kais ir tas, kas atbilst j\u016bsu person\u012bbai, stilam un dz\u012bvesveidam. \u0160\u0101da rota k\u013c\u016bst ne tikai par elegantu deta\u013cu, bet ar\u012b par ilgtermi\u0146a v\u0113rt\u012bbu.<\/p>\n<p data-start=\"1451\" data-end=\"1862\">\u0160aj\u0101 model\u012b ir izv\u0113l\u0113ts halo dizains, kas smalki uzsver zil\u0101 tanzan\u012bta mirdzumu un pie\u0161\u0137ir auskariem papildu grezn\u012bbu un ekskluzivit\u0101ti. S\u012bki dimanti eleganti ier\u0101m\u0113 centr\u0101lo akmeni, pastiprinot gaismas sp\u0113li, bet pats d\u0101rgakmens \u2013 zilais tanzan\u012bts \u2013 k\u013c\u016bst par galveno akcentu. Starp ekskluz\u012bvajiem d\u0101rgakme\u0146iem ir v\u0113rts piemin\u0113t ar\u012b aleksandr\u012btu, kas slavens ar savu sp\u0113ju main\u012bt kr\u0101su.<\/p>\n<p data-start=\"1864\" data-end=\"2015\">Visi auskari un citas rotaslietas tiek izgatavotas Lietuv\u0101, un t\u0101m ir Lietuvas Proves biroja sertifik\u0101ti, kas garant\u0113 kvalit\u0101ti un met\u0101lu autentiskumu.<\/p>\n<p data-start=\"2017\" data-end=\"2283\">T\u0101 ir juveliera <a href=\"https:\/\/fashiongold.lt\/lv\/patarimai-lv\/juvelieris-kad-jusu-sapnis-iegust-zelta-formu\/\">izgatavo\u0161ana<\/a> p\u0113c individu\u0101la projekta, kas paredz\u0113ta tiem, kuri mekl\u0113 ne tikai auskarus, bet ar\u012b personisku st\u0101stu, kas rad\u012bts no zelta, dimantiem un zil\u0101 tanzan\u012bta. Katrs \u0161\u0101ds auskaru p\u0101ris ir unik\u0101ls, rad\u012bts tie\u0161i jums un j\u016bsu izv\u0113l\u0113tajam d\u0101rgakmenim.<\/p>\n<h4>M\u016bsu pakalpojumi<\/h4>\n<p>Pied\u0101v\u0101jam <a href=\"https:\/\/fashiongold.lt\/lv\/kategorija\/juvelierizstradajumu-razosana\/\" target=\"_self\" rel=\"noopener noreferrer\">individu\u0101lu dizainu, kur katra rota tiek rad\u012bta p\u0113c j\u016bsu idej\u0101m un v\u012bzijas<\/a>. Veicam ar\u012b restaur\u0101ciju, lai j\u016bsu d\u0101rg\u0101s rotaslietas atkal mirdz\u0113tu k\u0101 jaunas. Katrs m\u016bsu darbs ir pier\u0101d\u012bjums tam, ka kvalit\u0101te un rado\u0161ums var iet roku rok\u0101.<\/p>\n<h4>Atkl\u0101t\u012bba un Garantija<\/h4>\n<p>M\u016bsu pieeja ir atkl\u0101t\u012bba un sirsn\u012bga komunik\u0101cija ar katru klientu. No pirm\u0101s konsult\u0101cijas l\u012bdz gal\u012bgajai rotaslietas sa\u0146em\u0161anai m\u0113s esam blakus, lai pal\u012bdz\u0113tu jums visos jaut\u0101jumos. Pied\u0101v\u0101jam 5 gadu kvalit\u0101tes garantiju visiem m\u016bsu izstr\u0101d\u0101jumiem, t\u0101p\u0113c varat b\u016bt p\u0101rliecin\u0101ti par to uzticam\u012bbu un ilgm\u016b\u017e\u012bbu. M\u016bsu garantija ietver visus ra\u017eo\u0161anas kvalit\u0101tes aspektus, lai j\u016bs var\u0113tu baud\u012bt rotaslietas bez r\u016bp\u0113m daudzus gadus. M\u0113s r\u016bp\u0113jamies, lai katrs m\u016bsu klients justos dro\u0161i un zin\u0101tu, ka m\u016bsu rotaslietas ir uztic\u012bbas v\u0113rtas.<\/p>\n<h4>Pas\u016bt\u012bjumi un konsult\u0101cijas<\/h4>\n<p>Ja v\u0113laties pas\u016bt\u012bt individu\u0101lu rotaslietu vai konsult\u0113ties par sav\u0101m idej\u0101m, m\u016bsu komanda vienm\u0113r ir gatava jums pal\u012bdz\u0113t. Konsult\u0101cijas laik\u0101 p\u0101rrun\u0101jam j\u016bsu v\u012bziju, v\u0113lmes un pied\u0101v\u0101jam lab\u0101kos risin\u0101jumus, lai var\u0113tu izgatavot rotaslietas, kas atbilst j\u016bsu v\u0113lm\u0113m. Katram pas\u016bt\u012bjumam velt\u0101m \u012bpa\u0161u uzman\u012bbu, t\u0101p\u0113c varam pied\u0101v\u0101t individu\u0101lus risin\u0101jumus gan saderin\u0101\u0161an\u0101s gredzeniem, gan cit\u0101m rotasliet\u0101m. Rotaslietu izgatavo\u0161ana parasti aiz\u0146em aptuveni 5 ned\u0113\u013cas, ta\u010du m\u0113s vienm\u0113r cen\u0161amies, lai j\u016bsu rotaslietas tiktu izgatavotas p\u0113c iesp\u0113jas \u0101tr\u0101k. Sazinieties ar mums \u2013 kop\u0101 rad\u012bsim rotaslietas, kas k\u013c\u016bs par da\u013cu no j\u016bsu st\u0101sta.<\/p>\n","protected":false},"excerpt":{"rendered":"<p>AI juvelieris: auskari ar zilu tanzan\u012btu \u2013 izgatavo\u0161ana p\u0113c individu\u0101la projekta Auskari ar zilu tanzan\u012btu ir juveliera izstr\u0101d\u0101ts un izgatavots [&hellip;]<\/p>\n","protected":false},"featured_media":264993,"template":"","meta":{"site-sidebar-layout":"default","site-content-layout":"","ast-site-content-layout":"default","site-content-style":"default","site-sidebar-style":"default","ast-global-header-display":"","ast-banner-title-visibility":"","ast-main-header-display":"","ast-hfb-above-header-display":"","ast-hfb-below-header-display":"","ast-hfb-mobile-header-display":"","site-post-title":"","ast-breadcrumbs-content":"","ast-featured-img":"","footer-sml-layout":"","ast-disable-related-posts":"","theme-transparent-header-meta":"default","adv-header-id-meta":"","stick-header-meta":"","header-above-stick-meta":"","header-main-stick-meta":"","header-below-stick-meta":"","astra-migrate-meta-layouts":"default","ast-page-background-enabled":"default","ast-page-background-meta":{"desktop":{"background-color":"var(--ast-global-color-4)","background-image":"","background-repeat":"repeat","background-position":"center center","background-size":"auto","background-attachment":"scroll","background-type":"","background-media":"","overlay-type":"","overlay-color":"","overlay-opacity":"","overlay-gradient":""},"tablet":{"background-color":"","background-image":"","background-repeat":"repeat","background-position":"center center","background-size":"auto","background-attachment":"scroll","background-type":"","background-media":"","overlay-type":"","overlay-color":"","overlay-opacity":"","overlay-gradient":""},"mobile":{"background-color":"","background-image":"","background-repeat":"repeat","background-position":"center center","background-size":"auto","background-attachment":"scroll","background-type":"","background-media":"","overlay-type":"","overlay-color":"","overlay-opacity":"","overlay-gradient":""}},"ast-content-background-meta":{"desktop":{"background-color":"var(--ast-global-color-5)","background-image":"","background-repeat":"repeat","background-position":"center center","background-size":"auto","background-attachment":"scroll","background-type":"","background-media":"","overlay-type":"","overlay-color":"","overlay-opacity":"","overlay-gradient":""},"tablet":{"background-color":"var(--ast-global-color-5)","background-image":"","background-repeat":"repeat","background-position":"center center","background-size":"auto","background-attachment":"scroll","background-type":"","background-media":"","overlay-type":"","overlay-color":"","overlay-opacity":"","overlay-gradient":""},"mobile":{"background-color":"var(--ast-global-color-5)","background-image":"","background-repeat":"repeat","background-position":"center center","background-size":"auto","background-attachment":"scroll","background-type":"","background-media":"","overlay-type":"","overlay-color":"","overlay-opacity":"","overlay-gradient":""}}},"product_brand":[],"product_cat":[2930,2929],"product_tag":[],"class_list":{"0":"post-274124","1":"product","2":"type-product","3":"status-publish","4":"has-post-thumbnail","6":"product_cat-juvelieris","7":"product_cat-juvelierizstradajumu-razosana","8":"desktop-align-center","9":"tablet-align-left","10":"mobile-align-left","11":"ast-product-gallery-layout-horizontal-slider","12":"ast-product-tabs-layout-accordion","13":"ast-qv-on-image","15":"first","16":"onbackorder","17":"taxable","18":"shipping-taxable","19":"purchasable","20":"product-type-simple"},"yoast_head":"<!-- This site is optimized with the Yoast SEO plugin v26.6 - https:\/\/yoast.com\/wordpress\/plugins\/seo\/ -->\n<title>Auskari ar zilas kr\u0101sas tanzan\u012btu \u2013 individu\u0101la izgatavo\u0161ana<\/title>\n<meta name=\"description\" content=\"Roku darba auskari ar zilas kr\u0101sas tanzan\u012btu p\u0113c individu\u0101la projekta. Izv\u0113lieties zelta kr\u0101su, provi, dimantus un halo dizainu.\" \/>\n<meta name=\"robots\" content=\"index, follow, max-snippet:-1, max-image-preview:large, max-video-preview:-1\" \/>\n<link rel=\"canonical\" href=\"https:\/\/fashiongold.lt\/lv\/papuosalas\/tanzaniti-auskari-ar-tanzanitiem-un-dimantiem-ai-juvelieris\/\" \/>\n<meta property=\"og:locale\" content=\"lv_LV\" \/>\n<meta property=\"og:type\" content=\"article\" \/>\n<meta property=\"og:title\" content=\"Auskari ar zilas kr\u0101sas tanzan\u012btu \u2013 individu\u0101la izgatavo\u0161ana\" \/>\n<meta property=\"og:description\" content=\"Roku darba auskari ar zilas kr\u0101sas tanzan\u012btu p\u0113c individu\u0101la projekta. Izv\u0113lieties zelta kr\u0101su, provi, dimantus un halo dizainu.\" \/>\n<meta property=\"og:url\" content=\"https:\/\/fashiongold.lt\/lv\/papuosalas\/tanzaniti-auskari-ar-tanzanitiem-un-dimantiem-ai-juvelieris\/\" \/>\n<meta property=\"og:site_name\" content=\"FashionGold.lt\" \/>\n<meta property=\"og:image\" content=\"https:\/\/fashiongold.lt\/wp-content\/uploads\/2025\/12\/Ant-stilingos-merginos-ausies-auskarai-halo-dizaino-su-tanzanitu-ir-smulkiais-deimantais-1024x683.png\" \/>\n\t<meta property=\"og:image:width\" content=\"1024\" \/>\n\t<meta property=\"og:image:height\" content=\"683\" \/>\n\t<meta property=\"og:image:type\" content=\"image\/png\" \/>\n<meta name=\"twitter:card\" content=\"summary_large_image\" \/>\n<meta name=\"twitter:label1\" content=\"Est. reading time\" \/>\n\t<meta name=\"twitter:data1\" content=\"4 minutes\" \/>\n<script type=\"application\/ld+json\" class=\"yoast-schema-graph\">{\"@context\":\"https:\/\/schema.org\",\"@graph\":[{\"@type\":\"WebPage\",\"@id\":\"https:\/\/fashiongold.lt\/lv\/papuosalas\/tanzaniti-auskari-ar-tanzanitiem-un-dimantiem-ai-juvelieris\/\",\"url\":\"https:\/\/fashiongold.lt\/lv\/papuosalas\/tanzaniti-auskari-ar-tanzanitiem-un-dimantiem-ai-juvelieris\/\",\"name\":\"Auskari ar zilas kr\u0101sas tanzan\u012btu \u2013 individu\u0101la izgatavo\u0161ana\",\"isPartOf\":{\"@id\":\"https:\/\/fashiongold.lt\/lv\/#website\"},\"primaryImageOfPage\":{\"@id\":\"https:\/\/fashiongold.lt\/lv\/papuosalas\/tanzaniti-auskari-ar-tanzanitiem-un-dimantiem-ai-juvelieris\/#primaryimage\"},\"image\":{\"@id\":\"https:\/\/fashiongold.lt\/lv\/papuosalas\/tanzaniti-auskari-ar-tanzanitiem-un-dimantiem-ai-juvelieris\/#primaryimage\"},\"thumbnailUrl\":\"https:\/\/fashiongold.lt\/wp-content\/uploads\/2025\/12\/Ant-stilingos-merginos-ausies-auskarai-halo-dizaino-su-tanzanitu-ir-smulkiais-deimantais.png\",\"datePublished\":\"2025-12-27T10:27:36+00:00\",\"description\":\"Roku darba auskari ar zilas kr\u0101sas tanzan\u012btu p\u0113c individu\u0101la projekta. Izv\u0113lieties zelta kr\u0101su, provi, dimantus un halo dizainu.\",\"breadcrumb\":{\"@id\":\"https:\/\/fashiongold.lt\/lv\/papuosalas\/tanzaniti-auskari-ar-tanzanitiem-un-dimantiem-ai-juvelieris\/#breadcrumb\"},\"inLanguage\":\"lv-LV\",\"potentialAction\":[{\"@type\":\"ReadAction\",\"target\":[\"https:\/\/fashiongold.lt\/lv\/papuosalas\/tanzaniti-auskari-ar-tanzanitiem-un-dimantiem-ai-juvelieris\/\"]}]},{\"@type\":\"ImageObject\",\"inLanguage\":\"lv-LV\",\"@id\":\"https:\/\/fashiongold.lt\/lv\/papuosalas\/tanzaniti-auskari-ar-tanzanitiem-un-dimantiem-ai-juvelieris\/#primaryimage\",\"url\":\"https:\/\/fashiongold.lt\/wp-content\/uploads\/2025\/12\/Ant-stilingos-merginos-ausies-auskarai-halo-dizaino-su-tanzanitu-ir-smulkiais-deimantais.png\",\"contentUrl\":\"https:\/\/fashiongold.lt\/wp-content\/uploads\/2025\/12\/Ant-stilingos-merginos-ausies-auskarai-halo-dizaino-su-tanzanitu-ir-smulkiais-deimantais.png\",\"width\":1536,\"height\":1024,\"caption\":\"Ant stilingos merginos ausies auskarai halo dizaino su tanzanitu ir smulkiais deimantais\"},{\"@type\":\"BreadcrumbList\",\"@id\":\"https:\/\/fashiongold.lt\/lv\/papuosalas\/tanzaniti-auskari-ar-tanzanitiem-un-dimantiem-ai-juvelieris\/#breadcrumb\",\"itemListElement\":[{\"@type\":\"ListItem\",\"position\":1,\"name\":\"Home\",\"item\":\"https:\/\/fashiongold.lt\/lv\/\"},{\"@type\":\"ListItem\",\"position\":2,\"name\":\"Dimantu veikals Fashiongold.lt\",\"item\":\"https:\/\/fashiongold.lt\/shop-2\/\"},{\"@type\":\"ListItem\",\"position\":3,\"name\":\"Tanzan\u012bti &#8211; Auskari ar tanzan\u012btiem un dimantiem. AI Juvelieris\"}]},{\"@type\":\"WebSite\",\"@id\":\"https:\/\/fashiongold.lt\/lv\/#website\",\"url\":\"https:\/\/fashiongold.lt\/lv\/\",\"name\":\"Fashion Gold\",\"description\":\"Juvelyrikos namai\",\"publisher\":{\"@id\":\"https:\/\/fashiongold.lt\/lv\/#organization\"},\"potentialAction\":[{\"@type\":\"SearchAction\",\"target\":{\"@type\":\"EntryPoint\",\"urlTemplate\":\"https:\/\/fashiongold.lt\/lv\/?s={search_term_string}\"},\"query-input\":{\"@type\":\"PropertyValueSpecification\",\"valueRequired\":true,\"valueName\":\"search_term_string\"}}],\"inLanguage\":\"lv-LV\"},{\"@type\":\"Organization\",\"@id\":\"https:\/\/fashiongold.lt\/lv\/#organization\",\"name\":\"Topdiamonds Online\",\"url\":\"https:\/\/fashiongold.lt\/lv\/\",\"logo\":{\"@type\":\"ImageObject\",\"inLanguage\":\"lv-LV\",\"@id\":\"https:\/\/fashiongold.lt\/lv\/#\/schema\/logo\/image\/\",\"url\":\"https:\/\/fashiongold.lt\/wp-content\/uploads\/2025\/04\/cropped-fashion_gold_logotipas2-scaled-1.png\",\"contentUrl\":\"https:\/\/fashiongold.lt\/wp-content\/uploads\/2025\/04\/cropped-fashion_gold_logotipas2-scaled-1.png\",\"width\":2559,\"height\":421,\"caption\":\"Topdiamonds Online\"},\"image\":{\"@id\":\"https:\/\/fashiongold.lt\/lv\/#\/schema\/logo\/image\/\"}}]}<\/script>\n<!-- \/ Yoast SEO plugin. -->","yoast_head_json":{"title":"Auskari ar zilas kr\u0101sas tanzan\u012btu \u2013 individu\u0101la izgatavo\u0161ana","description":"Roku darba auskari ar zilas kr\u0101sas tanzan\u012btu p\u0113c individu\u0101la projekta. Izv\u0113lieties zelta kr\u0101su, provi, dimantus un halo dizainu.","robots":{"index":"index","follow":"follow","max-snippet":"max-snippet:-1","max-image-preview":"max-image-preview:large","max-video-preview":"max-video-preview:-1"},"canonical":"https:\/\/fashiongold.lt\/lv\/papuosalas\/tanzaniti-auskari-ar-tanzanitiem-un-dimantiem-ai-juvelieris\/","og_locale":"lv_LV","og_type":"article","og_title":"Auskari ar zilas kr\u0101sas tanzan\u012btu \u2013 individu\u0101la izgatavo\u0161ana","og_description":"Roku darba auskari ar zilas kr\u0101sas tanzan\u012btu p\u0113c individu\u0101la projekta. Izv\u0113lieties zelta kr\u0101su, provi, dimantus un halo dizainu.","og_url":"https:\/\/fashiongold.lt\/lv\/papuosalas\/tanzaniti-auskari-ar-tanzanitiem-un-dimantiem-ai-juvelieris\/","og_site_name":"FashionGold.lt","og_image":[{"width":1024,"height":683,"url":"https:\/\/fashiongold.lt\/wp-content\/uploads\/2025\/12\/Ant-stilingos-merginos-ausies-auskarai-halo-dizaino-su-tanzanitu-ir-smulkiais-deimantais-1024x683.png","type":"image\/png"}],"twitter_card":"summary_large_image","twitter_misc":{"Est. reading time":"4 minutes"},"schema":{"@context":"https:\/\/schema.org","@graph":[{"@type":"WebPage","@id":"https:\/\/fashiongold.lt\/lv\/papuosalas\/tanzaniti-auskari-ar-tanzanitiem-un-dimantiem-ai-juvelieris\/","url":"https:\/\/fashiongold.lt\/lv\/papuosalas\/tanzaniti-auskari-ar-tanzanitiem-un-dimantiem-ai-juvelieris\/","name":"Auskari ar zilas kr\u0101sas tanzan\u012btu \u2013 individu\u0101la izgatavo\u0161ana","isPartOf":{"@id":"https:\/\/fashiongold.lt\/lv\/#website"},"primaryImageOfPage":{"@id":"https:\/\/fashiongold.lt\/lv\/papuosalas\/tanzaniti-auskari-ar-tanzanitiem-un-dimantiem-ai-juvelieris\/#primaryimage"},"image":{"@id":"https:\/\/fashiongold.lt\/lv\/papuosalas\/tanzaniti-auskari-ar-tanzanitiem-un-dimantiem-ai-juvelieris\/#primaryimage"},"thumbnailUrl":"https:\/\/fashiongold.lt\/wp-content\/uploads\/2025\/12\/Ant-stilingos-merginos-ausies-auskarai-halo-dizaino-su-tanzanitu-ir-smulkiais-deimantais.png","datePublished":"2025-12-27T10:27:36+00:00","description":"Roku darba auskari ar zilas kr\u0101sas tanzan\u012btu p\u0113c individu\u0101la projekta. Izv\u0113lieties zelta kr\u0101su, provi, dimantus un halo dizainu.","breadcrumb":{"@id":"https:\/\/fashiongold.lt\/lv\/papuosalas\/tanzaniti-auskari-ar-tanzanitiem-un-dimantiem-ai-juvelieris\/#breadcrumb"},"inLanguage":"lv-LV","potentialAction":[{"@type":"ReadAction","target":["https:\/\/fashiongold.lt\/lv\/papuosalas\/tanzaniti-auskari-ar-tanzanitiem-un-dimantiem-ai-juvelieris\/"]}]},{"@type":"ImageObject","inLanguage":"lv-LV","@id":"https:\/\/fashiongold.lt\/lv\/papuosalas\/tanzaniti-auskari-ar-tanzanitiem-un-dimantiem-ai-juvelieris\/#primaryimage","url":"https:\/\/fashiongold.lt\/wp-content\/uploads\/2025\/12\/Ant-stilingos-merginos-ausies-auskarai-halo-dizaino-su-tanzanitu-ir-smulkiais-deimantais.png","contentUrl":"https:\/\/fashiongold.lt\/wp-content\/uploads\/2025\/12\/Ant-stilingos-merginos-ausies-auskarai-halo-dizaino-su-tanzanitu-ir-smulkiais-deimantais.png","width":1536,"height":1024,"caption":"Ant stilingos merginos ausies auskarai halo dizaino su tanzanitu ir smulkiais deimantais"},{"@type":"BreadcrumbList","@id":"https:\/\/fashiongold.lt\/lv\/papuosalas\/tanzaniti-auskari-ar-tanzanitiem-un-dimantiem-ai-juvelieris\/#breadcrumb","itemListElement":[{"@type":"ListItem","position":1,"name":"Home","item":"https:\/\/fashiongold.lt\/lv\/"},{"@type":"ListItem","position":2,"name":"Dimantu veikals Fashiongold.lt","item":"https:\/\/fashiongold.lt\/shop-2\/"},{"@type":"ListItem","position":3,"name":"Tanzan\u012bti &#8211; Auskari ar tanzan\u012btiem un dimantiem. AI Juvelieris"}]},{"@type":"WebSite","@id":"https:\/\/fashiongold.lt\/lv\/#website","url":"https:\/\/fashiongold.lt\/lv\/","name":"Fashion Gold","description":"Juvelyrikos namai","publisher":{"@id":"https:\/\/fashiongold.lt\/lv\/#organization"},"potentialAction":[{"@type":"SearchAction","target":{"@type":"EntryPoint","urlTemplate":"https:\/\/fashiongold.lt\/lv\/?s={search_term_string}"},"query-input":{"@type":"PropertyValueSpecification","valueRequired":true,"valueName":"search_term_string"}}],"inLanguage":"lv-LV"},{"@type":"Organization","@id":"https:\/\/fashiongold.lt\/lv\/#organization","name":"Topdiamonds Online","url":"https:\/\/fashiongold.lt\/lv\/","logo":{"@type":"ImageObject","inLanguage":"lv-LV","@id":"https:\/\/fashiongold.lt\/lv\/#\/schema\/logo\/image\/","url":"https:\/\/fashiongold.lt\/wp-content\/uploads\/2025\/04\/cropped-fashion_gold_logotipas2-scaled-1.png","contentUrl":"https:\/\/fashiongold.lt\/wp-content\/uploads\/2025\/04\/cropped-fashion_gold_logotipas2-scaled-1.png","width":2559,"height":421,"caption":"Topdiamonds Online"},"image":{"@id":"https:\/\/fashiongold.lt\/lv\/#\/schema\/logo\/image\/"}}]}},"_links":{"self":[{"href":"https:\/\/fashiongold.lt\/lv\/wp-json\/wp\/v2\/product\/274124","targetHints":{"allow":["GET"]}}],"collection":[{"href":"https:\/\/fashiongold.lt\/lv\/wp-json\/wp\/v2\/product"}],"about":[{"href":"https:\/\/fashiongold.lt\/lv\/wp-json\/wp\/v2\/types\/product"}],"version-history":[{"count":0,"href":"https:\/\/fashiongold.lt\/lv\/wp-json\/wp\/v2\/product\/274124\/revisions"}],"wp:featuredmedia":[{"embeddable":true,"href":"https:\/\/fashiongold.lt\/lv\/wp-json\/wp\/v2\/media\/264993"}],"wp:attachment":[{"href":"https:\/\/fashiongold.lt\/lv\/wp-json\/wp\/v2\/media?parent=274124"}],"wp:term":[{"taxonomy":"product_brand","embeddable":true,"href":"https:\/\/fashiongold.lt\/lv\/wp-json\/wp\/v2\/product_brand?post=274124"},{"taxonomy":"product_cat","embeddable":true,"href":"https:\/\/fashiongold.lt\/lv\/wp-json\/wp\/v2\/product_cat?post=274124"},{"taxonomy":"product_tag","embeddable":true,"href":"https:\/\/fashiongold.lt\/lv\/wp-json\/wp\/v2\/product_tag?post=274124"}],"curies":[{"name":"wp","href":"https:\/\/api.w.org\/{rel}","templated":true}]}}