{"id":278833,"date":"2025-10-23T07:39:54","date_gmt":"2025-10-23T07:39:54","guid":{"rendered":"https:\/\/fashiongold.lt\/papuosalas\/morganiti-auskari-ar-dimantiem-un-taisnstura-formas-morganitiem-6-10-ct\/"},"modified":"2026-02-11T20:02:45","modified_gmt":"2026-02-11T20:02:45","slug":"morganiti-auskari-ar-dimantiem-un-taisnstura-formas-morganitiem-6-10-ct","status":"publish","type":"product","link":"https:\/\/fashiongold.lt\/lv\/papuosalas\/morganiti-auskari-ar-dimantiem-un-taisnstura-formas-morganitiem-6-10-ct\/","title":{"rendered":"Morgan\u012bti &#8211; auskari ar dimantiem un taisnst\u016bra formas morgan\u012btiem (6.10 ct)"},"content":{"rendered":"<h2>Auskari ar dimantiem un taisnst\u016bra formas morgan\u012btiem &#8211; Morgan\u012bti (6.10 ct)<\/h2>\n<h3>Moderna dizaina zelta auskari ar ang\u013cu aizdari, 6,00 kar\u0101tu roz\u0101 taisnst\u016bra formas morgan\u012btiem un dimantiem ap morgan\u012btu. Dab\u012bgie dimanti.<\/h3>\n<p>Izgatavoti V\u0101cij\u0101 no augstas kvalit\u0101tes d\u0101rgakme\u0146iem. Lieliska izv\u0113le stil\u012bgai sievietei. Ma\u0123iskais morgan\u012bta sp\u0113ks &#8211; darbojas k\u0101 dv\u0113seles l\u012bdzsvara talismans. Tiek uzskat\u012bts, ka akmens piesaista veiksmi, pal\u012bdz atrast m\u012blest\u012bbu un atkl\u0101j apsl\u0113ptos talantus, nes veiksmi darb\u0101, rado\u0161iem cilv\u0113kiem \u2014 iedvesmu, tas ir m\u0101jas sarge\u0146\u0123elis. Morgan\u012bts aizsarg\u0101 no negat\u012bvas ener\u0123\u0113tisk\u0101s ietekmes &#8211; l\u0101stiem vai skaud\u012bbas un pat no nelaimes gad\u012bjumiem. Morgan\u012bts ir piem\u0113rots vis\u0101m z\u012bm\u0113m, bet visvair\u0101k V\u0113rsim, Skorpionam, Ziv\u012bm un V\u0113\u017eiem, Str\u0113lniekiem, Lauv\u0101m, Dv\u012b\u0146iem, \u016adensv\u012bram, Svariem.<\/p>\n<p>\u2022 Auskaru zelts: 18 kar\u0101ti (750 prove)\u00a0<\/p>\n<p>\u2022 Auskaru kr\u0101sa: sarkanais zelts\u00a0 \u00a0 \u00a0<\/p>\n<p>\u2022 Auskaru svars: aptuveni 3,00 &#8211; 4,00 g\u00a0 \u00a0<\/p>\n<p>\u2022 Dimanta veids: Dab\u012bgais dimants\u00a0<\/p>\n<p>\u2022 Dimanta forma: Apa\u013ca forma (Round cut)\u00a0<\/p>\n<p>\u2022 Dimanta raksturojums: 0,10 ct, kr\u0101sa G-H (RW-W); dzidrums SI\u00a0<\/p>\n<p>\u2022 Centr\u0101lais akmens: taisnst\u016bra formas morgan\u012bti &#8211; 6,00 ct\u00a0 \u00a0<\/p>\n<p>\u2022 Sertifik\u0101ts: Lietuvas Prove\u0161anas pal\u0101ta (LPR)\u00a0 \u00a0<\/p>\n<p>\u2022 Gredzena izm\u0113ri: h: 24,8 mm, w: 9,1 mm, th: 4,5 mm<\/p>\n<p>\u2022 Bezmaksas grav\u0113\u0161ana\u00a0<\/p>\n<p>\u2022 Vienreiz\u0113ja bezmaksas gredzena izm\u0113ra mai\u0146as garantija\u00a0<\/p>\n<p>\u2022 Izgatavo\u0161anas un pieg\u0101des termi\u0146\u0161 no 21 darba dienas, steidzam\u012bbas k\u0101rt\u0101 3 d. d. laik\u0101.\u00a0<\/p>\n<p><strong>Jums ir savs zelts? Sazinieties ar mums, m\u0113s p\u0101rr\u0113\u0137in\u0101sim cenu &#8211; j\u016bs maks\u0101siet tikai par auskaru izgatavo\u0161anu.<\/strong><\/p>\n","protected":false},"excerpt":{"rendered":"<p>M\u016bsdien\u012bga dizaina zelta auskari ar ang\u013cu aizdari, 6,00 kar\u0101tu taisnst\u016bra formas roz\u0101 morgan\u012btiem un dimantiem ap morgan\u012btu. Piem\u0113roti ikdienai un \u012bpa\u0161iem gad\u012bjumiem, izcilam stilam.<\/p>\n","protected":false},"featured_media":240245,"template":"","meta":{"site-sidebar-layout":"","site-content-layout":"","ast-site-content-layout":"","site-content-style":"","site-sidebar-style":"","ast-global-header-display":"","ast-banner-title-visibility":"","ast-main-header-display":"","ast-hfb-above-header-display":"","ast-hfb-below-header-display":"","ast-hfb-mobile-header-display":"","site-post-title":"","ast-breadcrumbs-content":"","ast-featured-img":"","footer-sml-layout":"","ast-disable-related-posts":"","theme-transparent-header-meta":"","adv-header-id-meta":"","stick-header-meta":"","header-above-stick-meta":"","header-main-stick-meta":"","header-below-stick-meta":"","astra-migrate-meta-layouts":"default","ast-page-background-enabled":"default","ast-page-background-meta":{"desktop":{"background-color":"var(--ast-global-color-4)","background-image":"","background-repeat":"repeat","background-position":"center center","background-size":"auto","background-attachment":"scroll","background-type":"","background-media":"","overlay-type":"","overlay-color":"","overlay-opacity":"","overlay-gradient":""},"tablet":{"background-color":"","background-image":"","background-repeat":"repeat","background-position":"center center","background-size":"auto","background-attachment":"scroll","background-type":"","background-media":"","overlay-type":"","overlay-color":"","overlay-opacity":"","overlay-gradient":""},"mobile":{"background-color":"","background-image":"","background-repeat":"repeat","background-position":"center center","background-size":"auto","background-attachment":"scroll","background-type":"","background-media":"","overlay-type":"","overlay-color":"","overlay-opacity":"","overlay-gradient":""}},"ast-content-background-meta":{"desktop":{"background-color":"var(--ast-global-color-5)","background-image":"","background-repeat":"repeat","background-position":"center center","background-size":"auto","background-attachment":"scroll","background-type":"","background-media":"","overlay-type":"","overlay-color":"","overlay-opacity":"","overlay-gradient":""},"tablet":{"background-color":"var(--ast-global-color-5)","background-image":"","background-repeat":"repeat","background-position":"center center","background-size":"auto","background-attachment":"scroll","background-type":"","background-media":"","overlay-type":"","overlay-color":"","overlay-opacity":"","overlay-gradient":""},"mobile":{"background-color":"var(--ast-global-color-5)","background-image":"","background-repeat":"repeat","background-position":"center center","background-size":"auto","background-attachment":"scroll","background-type":"","background-media":"","overlay-type":"","overlay-color":"","overlay-opacity":"","overlay-gradient":""}}},"product_brand":[],"product_cat":[3572,2980,2978,2915,2913,2921,2920,3403,2916,2914,3042,2922,2937,3386,3499,3498,2979,3404,2936,2918],"product_tag":[],"class_list":{"0":"post-278833","1":"product","2":"type-product","3":"status-publish","4":"has-post-thumbnail","6":"product_cat-auskari-ar-anglu-aizdari","7":"product_cat-auskari-ar-dargakmeniem","8":"product_cat-auskari-ar-dimantiem","9":"product_cat-davanas-berna-piedzimsanai","10":"product_cat-davanas-dzimsanas-diena","11":"product_cat-davanas-ipasiem-gadijumiem","12":"product_cat-davanas-izlaidumam","13":"product_cat-davanas-kazam","14":"product_cat-davanas-kazu-gadadiena","15":"product_cat-davanas-sievietem","16":"product_cat-juvelierizstradajumi","17":"product_cat-mates-dienas-davanas","18":"product_cat-rotaslietas-ar-pusdargakmeniem","19":"product_cat-rotaslietas-ar-roza-dargakmeniem","20":"product_cat-roza-kazas-10-gadi","21":"product_cat-roza-krasas-dargakmeni","22":"product_cat-sarkana-zelta-juvelierizstradajumi","23":"product_cat-svinigi-auskari","24":"product_cat-valentindienas-davanas","25":"product_cat-ziemassvetku-davanas","26":"desktop-align-center","27":"tablet-align-left","28":"mobile-align-left","29":"ast-product-gallery-layout-horizontal-slider","30":"ast-product-gallery-with-no-image","31":"ast-product-tabs-layout-accordion","32":"ast-qv-on-image","34":"first","35":"instock","36":"taxable","37":"shipping-taxable","38":"purchasable","39":"product-type-simple"},"yoast_head":"<!-- This site is optimized with the Yoast SEO plugin v26.6 - https:\/\/yoast.com\/wordpress\/plugins\/seo\/ -->\n<title>Auskari ar dimantiem un morgan\u012btiem (6.10 ct)<\/title>\n<meta name=\"description\" content=\"Modern\u0101 dizaina auskari ar ang\u013cu aizdari, 6,00 kar\u0101tu taisnst\u016bra formas morgan\u012btiem un dimantiem. Piem\u0113roti ikdienai un \u012bpa\u0161iem gad\u012bjumiem.\" \/>\n<meta name=\"robots\" content=\"index, follow, max-snippet:-1, max-image-preview:large, max-video-preview:-1\" \/>\n<link rel=\"canonical\" href=\"https:\/\/fashiongold.lt\/lv\/papuosalas\/morganiti-auskari-ar-dimantiem-un-taisnstura-formas-morganitiem-6-10-ct\/\" \/>\n<meta property=\"og:locale\" content=\"lv_LV\" \/>\n<meta property=\"og:type\" content=\"article\" \/>\n<meta property=\"og:title\" content=\"Auskari ar dimantiem un morgan\u012btiem (6.10 ct)\" \/>\n<meta property=\"og:description\" content=\"Modern\u0101 dizaina auskari ar ang\u013cu aizdari, 6,00 kar\u0101tu taisnst\u016bra formas morgan\u012btiem un dimantiem. Piem\u0113roti ikdienai un \u012bpa\u0161iem gad\u012bjumiem.\" \/>\n<meta property=\"og:url\" content=\"https:\/\/fashiongold.lt\/lv\/papuosalas\/morganiti-auskari-ar-dimantiem-un-taisnstura-formas-morganitiem-6-10-ct\/\" \/>\n<meta property=\"og:site_name\" content=\"FashionGold.lt\" \/>\n<meta property=\"article:modified_time\" content=\"2026-02-11T20:02:45+00:00\" \/>\n<meta property=\"og:image\" content=\"https:\/\/fashiongold.lt\/wp-content\/uploads\/2025\/10\/13378-da5-Morganitai-auskarai-su-deimantais-ir-staciakampio-formos-morganitais-6.10-ct.webp\" \/>\n\t<meta property=\"og:image:width\" content=\"1000\" \/>\n\t<meta property=\"og:image:height\" content=\"1000\" \/>\n\t<meta property=\"og:image:type\" content=\"image\/png\" \/>\n<meta name=\"twitter:card\" content=\"summary_large_image\" \/>\n<meta name=\"twitter:label1\" content=\"Est. reading time\" \/>\n\t<meta name=\"twitter:data1\" content=\"1 minute\" \/>\n<script type=\"application\/ld+json\" class=\"yoast-schema-graph\">{\"@context\":\"https:\/\/schema.org\",\"@graph\":[{\"@type\":\"WebPage\",\"@id\":\"https:\/\/fashiongold.lt\/lv\/papuosalas\/morganiti-auskari-ar-dimantiem-un-taisnstura-formas-morganitiem-6-10-ct\/\",\"url\":\"https:\/\/fashiongold.lt\/lv\/papuosalas\/morganiti-auskari-ar-dimantiem-un-taisnstura-formas-morganitiem-6-10-ct\/\",\"name\":\"Auskari ar dimantiem un morgan\u012btiem (6.10 ct)\",\"isPartOf\":{\"@id\":\"https:\/\/fashiongold.lt\/lv\/#website\"},\"primaryImageOfPage\":{\"@id\":\"https:\/\/fashiongold.lt\/lv\/papuosalas\/morganiti-auskari-ar-dimantiem-un-taisnstura-formas-morganitiem-6-10-ct\/#primaryimage\"},\"image\":{\"@id\":\"https:\/\/fashiongold.lt\/lv\/papuosalas\/morganiti-auskari-ar-dimantiem-un-taisnstura-formas-morganitiem-6-10-ct\/#primaryimage\"},\"thumbnailUrl\":\"https:\/\/fashiongold.lt\/wp-content\/uploads\/2025\/10\/13378-da5-Morganitai-auskarai-su-deimantais-ir-staciakampio-formos-morganitais-6.10-ct.png\",\"datePublished\":\"2025-10-23T07:39:54+00:00\",\"dateModified\":\"2026-02-11T20:02:45+00:00\",\"description\":\"Modern\u0101 dizaina auskari ar ang\u013cu aizdari, 6,00 kar\u0101tu taisnst\u016bra formas morgan\u012btiem un dimantiem. Piem\u0113roti ikdienai un \u012bpa\u0161iem gad\u012bjumiem.\",\"breadcrumb\":{\"@id\":\"https:\/\/fashiongold.lt\/lv\/papuosalas\/morganiti-auskari-ar-dimantiem-un-taisnstura-formas-morganitiem-6-10-ct\/#breadcrumb\"},\"inLanguage\":\"lv-LV\",\"potentialAction\":[{\"@type\":\"ReadAction\",\"target\":[\"https:\/\/fashiongold.lt\/lv\/papuosalas\/morganiti-auskari-ar-dimantiem-un-taisnstura-formas-morganitiem-6-10-ct\/\"]}]},{\"@type\":\"ImageObject\",\"inLanguage\":\"lv-LV\",\"@id\":\"https:\/\/fashiongold.lt\/lv\/papuosalas\/morganiti-auskari-ar-dimantiem-un-taisnstura-formas-morganitiem-6-10-ct\/#primaryimage\",\"url\":\"https:\/\/fashiongold.lt\/wp-content\/uploads\/2025\/10\/13378-da5-Morganitai-auskarai-su-deimantais-ir-staciakampio-formos-morganitais-6.10-ct.png\",\"contentUrl\":\"https:\/\/fashiongold.lt\/wp-content\/uploads\/2025\/10\/13378-da5-Morganitai-auskarai-su-deimantais-ir-staciakampio-formos-morganitais-6.10-ct.png\",\"width\":1000,\"height\":1000},{\"@type\":\"BreadcrumbList\",\"@id\":\"https:\/\/fashiongold.lt\/lv\/papuosalas\/morganiti-auskari-ar-dimantiem-un-taisnstura-formas-morganitiem-6-10-ct\/#breadcrumb\",\"itemListElement\":[{\"@type\":\"ListItem\",\"position\":1,\"name\":\"Home\",\"item\":\"https:\/\/fashiongold.lt\/lv\/\"},{\"@type\":\"ListItem\",\"position\":2,\"name\":\"Dimantu veikals Fashiongold.lt\",\"item\":\"https:\/\/fashiongold.lt\/shop-2\/\"},{\"@type\":\"ListItem\",\"position\":3,\"name\":\"Morgan\u012bti &#8211; auskari ar dimantiem un taisnst\u016bra formas morgan\u012btiem (6.10 ct)\"}]},{\"@type\":\"WebSite\",\"@id\":\"https:\/\/fashiongold.lt\/lv\/#website\",\"url\":\"https:\/\/fashiongold.lt\/lv\/\",\"name\":\"Fashion Gold\",\"description\":\"Juvelyrikos namai\",\"publisher\":{\"@id\":\"https:\/\/fashiongold.lt\/lv\/#organization\"},\"potentialAction\":[{\"@type\":\"SearchAction\",\"target\":{\"@type\":\"EntryPoint\",\"urlTemplate\":\"https:\/\/fashiongold.lt\/lv\/?s={search_term_string}\"},\"query-input\":{\"@type\":\"PropertyValueSpecification\",\"valueRequired\":true,\"valueName\":\"search_term_string\"}}],\"inLanguage\":\"lv-LV\"},{\"@type\":\"Organization\",\"@id\":\"https:\/\/fashiongold.lt\/lv\/#organization\",\"name\":\"Topdiamonds Online\",\"url\":\"https:\/\/fashiongold.lt\/lv\/\",\"logo\":{\"@type\":\"ImageObject\",\"inLanguage\":\"lv-LV\",\"@id\":\"https:\/\/fashiongold.lt\/lv\/#\/schema\/logo\/image\/\",\"url\":\"https:\/\/fashiongold.lt\/wp-content\/uploads\/2025\/04\/cropped-fashion_gold_logotipas2-scaled-1.png\",\"contentUrl\":\"https:\/\/fashiongold.lt\/wp-content\/uploads\/2025\/04\/cropped-fashion_gold_logotipas2-scaled-1.png\",\"width\":2559,\"height\":421,\"caption\":\"Topdiamonds Online\"},\"image\":{\"@id\":\"https:\/\/fashiongold.lt\/lv\/#\/schema\/logo\/image\/\"}}]}<\/script>\n<!-- \/ Yoast SEO plugin. -->","yoast_head_json":{"title":"Auskari ar dimantiem un morgan\u012btiem (6.10 ct)","description":"Modern\u0101 dizaina auskari ar ang\u013cu aizdari, 6,00 kar\u0101tu taisnst\u016bra formas morgan\u012btiem un dimantiem. Piem\u0113roti ikdienai un \u012bpa\u0161iem gad\u012bjumiem.","robots":{"index":"index","follow":"follow","max-snippet":"max-snippet:-1","max-image-preview":"max-image-preview:large","max-video-preview":"max-video-preview:-1"},"canonical":"https:\/\/fashiongold.lt\/lv\/papuosalas\/morganiti-auskari-ar-dimantiem-un-taisnstura-formas-morganitiem-6-10-ct\/","og_locale":"lv_LV","og_type":"article","og_title":"Auskari ar dimantiem un morgan\u012btiem (6.10 ct)","og_description":"Modern\u0101 dizaina auskari ar ang\u013cu aizdari, 6,00 kar\u0101tu taisnst\u016bra formas morgan\u012btiem un dimantiem. Piem\u0113roti ikdienai un \u012bpa\u0161iem gad\u012bjumiem.","og_url":"https:\/\/fashiongold.lt\/lv\/papuosalas\/morganiti-auskari-ar-dimantiem-un-taisnstura-formas-morganitiem-6-10-ct\/","og_site_name":"FashionGold.lt","article_modified_time":"2026-02-11T20:02:45+00:00","og_image":[{"width":1000,"height":1000,"url":"https:\/\/fashiongold.lt\/wp-content\/uploads\/2025\/10\/13378-da5-Morganitai-auskarai-su-deimantais-ir-staciakampio-formos-morganitais-6.10-ct.webp","type":"image\/png"}],"twitter_card":"summary_large_image","twitter_misc":{"Est. reading time":"1 minute"},"schema":{"@context":"https:\/\/schema.org","@graph":[{"@type":"WebPage","@id":"https:\/\/fashiongold.lt\/lv\/papuosalas\/morganiti-auskari-ar-dimantiem-un-taisnstura-formas-morganitiem-6-10-ct\/","url":"https:\/\/fashiongold.lt\/lv\/papuosalas\/morganiti-auskari-ar-dimantiem-un-taisnstura-formas-morganitiem-6-10-ct\/","name":"Auskari ar dimantiem un morgan\u012btiem (6.10 ct)","isPartOf":{"@id":"https:\/\/fashiongold.lt\/lv\/#website"},"primaryImageOfPage":{"@id":"https:\/\/fashiongold.lt\/lv\/papuosalas\/morganiti-auskari-ar-dimantiem-un-taisnstura-formas-morganitiem-6-10-ct\/#primaryimage"},"image":{"@id":"https:\/\/fashiongold.lt\/lv\/papuosalas\/morganiti-auskari-ar-dimantiem-un-taisnstura-formas-morganitiem-6-10-ct\/#primaryimage"},"thumbnailUrl":"https:\/\/fashiongold.lt\/wp-content\/uploads\/2025\/10\/13378-da5-Morganitai-auskarai-su-deimantais-ir-staciakampio-formos-morganitais-6.10-ct.png","datePublished":"2025-10-23T07:39:54+00:00","dateModified":"2026-02-11T20:02:45+00:00","description":"Modern\u0101 dizaina auskari ar ang\u013cu aizdari, 6,00 kar\u0101tu taisnst\u016bra formas morgan\u012btiem un dimantiem. Piem\u0113roti ikdienai un \u012bpa\u0161iem gad\u012bjumiem.","breadcrumb":{"@id":"https:\/\/fashiongold.lt\/lv\/papuosalas\/morganiti-auskari-ar-dimantiem-un-taisnstura-formas-morganitiem-6-10-ct\/#breadcrumb"},"inLanguage":"lv-LV","potentialAction":[{"@type":"ReadAction","target":["https:\/\/fashiongold.lt\/lv\/papuosalas\/morganiti-auskari-ar-dimantiem-un-taisnstura-formas-morganitiem-6-10-ct\/"]}]},{"@type":"ImageObject","inLanguage":"lv-LV","@id":"https:\/\/fashiongold.lt\/lv\/papuosalas\/morganiti-auskari-ar-dimantiem-un-taisnstura-formas-morganitiem-6-10-ct\/#primaryimage","url":"https:\/\/fashiongold.lt\/wp-content\/uploads\/2025\/10\/13378-da5-Morganitai-auskarai-su-deimantais-ir-staciakampio-formos-morganitais-6.10-ct.png","contentUrl":"https:\/\/fashiongold.lt\/wp-content\/uploads\/2025\/10\/13378-da5-Morganitai-auskarai-su-deimantais-ir-staciakampio-formos-morganitais-6.10-ct.png","width":1000,"height":1000},{"@type":"BreadcrumbList","@id":"https:\/\/fashiongold.lt\/lv\/papuosalas\/morganiti-auskari-ar-dimantiem-un-taisnstura-formas-morganitiem-6-10-ct\/#breadcrumb","itemListElement":[{"@type":"ListItem","position":1,"name":"Home","item":"https:\/\/fashiongold.lt\/lv\/"},{"@type":"ListItem","position":2,"name":"Dimantu veikals Fashiongold.lt","item":"https:\/\/fashiongold.lt\/shop-2\/"},{"@type":"ListItem","position":3,"name":"Morgan\u012bti &#8211; auskari ar dimantiem un taisnst\u016bra formas morgan\u012btiem (6.10 ct)"}]},{"@type":"WebSite","@id":"https:\/\/fashiongold.lt\/lv\/#website","url":"https:\/\/fashiongold.lt\/lv\/","name":"Fashion Gold","description":"Juvelyrikos namai","publisher":{"@id":"https:\/\/fashiongold.lt\/lv\/#organization"},"potentialAction":[{"@type":"SearchAction","target":{"@type":"EntryPoint","urlTemplate":"https:\/\/fashiongold.lt\/lv\/?s={search_term_string}"},"query-input":{"@type":"PropertyValueSpecification","valueRequired":true,"valueName":"search_term_string"}}],"inLanguage":"lv-LV"},{"@type":"Organization","@id":"https:\/\/fashiongold.lt\/lv\/#organization","name":"Topdiamonds Online","url":"https:\/\/fashiongold.lt\/lv\/","logo":{"@type":"ImageObject","inLanguage":"lv-LV","@id":"https:\/\/fashiongold.lt\/lv\/#\/schema\/logo\/image\/","url":"https:\/\/fashiongold.lt\/wp-content\/uploads\/2025\/04\/cropped-fashion_gold_logotipas2-scaled-1.png","contentUrl":"https:\/\/fashiongold.lt\/wp-content\/uploads\/2025\/04\/cropped-fashion_gold_logotipas2-scaled-1.png","width":2559,"height":421,"caption":"Topdiamonds Online"},"image":{"@id":"https:\/\/fashiongold.lt\/lv\/#\/schema\/logo\/image\/"}}]}},"_links":{"self":[{"href":"https:\/\/fashiongold.lt\/lv\/wp-json\/wp\/v2\/product\/278833","targetHints":{"allow":["GET"]}}],"collection":[{"href":"https:\/\/fashiongold.lt\/lv\/wp-json\/wp\/v2\/product"}],"about":[{"href":"https:\/\/fashiongold.lt\/lv\/wp-json\/wp\/v2\/types\/product"}],"version-history":[{"count":0,"href":"https:\/\/fashiongold.lt\/lv\/wp-json\/wp\/v2\/product\/278833\/revisions"}],"wp:featuredmedia":[{"embeddable":true,"href":"https:\/\/fashiongold.lt\/lv\/wp-json\/wp\/v2\/media\/240245"}],"wp:attachment":[{"href":"https:\/\/fashiongold.lt\/lv\/wp-json\/wp\/v2\/media?parent=278833"}],"wp:term":[{"taxonomy":"product_brand","embeddable":true,"href":"https:\/\/fashiongold.lt\/lv\/wp-json\/wp\/v2\/product_brand?post=278833"},{"taxonomy":"product_cat","embeddable":true,"href":"https:\/\/fashiongold.lt\/lv\/wp-json\/wp\/v2\/product_cat?post=278833"},{"taxonomy":"product_tag","embeddable":true,"href":"https:\/\/fashiongold.lt\/lv\/wp-json\/wp\/v2\/product_tag?post=278833"}],"curies":[{"name":"wp","href":"https:\/\/api.w.org\/{rel}","templated":true}]}}